{"id":7781,"date":"2023-04-27T14:57:02","date_gmt":"2023-04-27T14:57:02","guid":{"rendered":"https:\/\/moverdb.com\/?page_id=7781"},"modified":"2026-01-08T15:23:46","modified_gmt":"2026-01-08T15:23:46","slug":"moving-companies-jamaica","status":"publish","type":"page","link":"https:\/\/moverdb.com\/sl\/moving-companies\/moving-companies-jamaica\/","title":{"rendered":"2 Najbolj\u0161a mednarodna selitvena podjetja na Jamajki"},"content":{"rendered":"<p>Selitev doma ali podjetja je lahko te\u017eavna in predstavlja velik pritisk, zlasti \u010de na\u010drtujete selitev v tujino, zato je treba najeti <a href=\"https:\/\/moverdb.com\/sl\/moving-companies\/\" data-internallinksmanager029f6b8e52c=\"79\" title=\"Top 25 Mednarodne selitve podjetja Online\">selitev podjetja<\/a> vam lahko resni\u010dno pomaga. V nadaljevanju smo pripravili seznam jamaj\u0161kih <a href=\"https:\/\/moverdb.com\/sl\/international-removals\/\" data-internallinksmanager029f6b8e52c=\"27\" title=\"36 najbolj\u0161ih podjetij za mednarodne selitve v Zdru\u017eenem kraljestvu\">podjetja za selitve<\/a> ki so \u010dlani <a href=\"https:\/\/moverdb.com\/sl\/iam\/\" data-internallinksmanager029f6b8e52c=\"23\" title=\"Pojasnila o Mednarodnem zdru\u017eenju gibalcev (IAM)\">Mednarodno zdru\u017eenje movers<\/a> (IAM) in\/ali <a href=\"https:\/\/moverdb.com\/sl\/fidi-faim\/\" data-internallinksmanager029f6b8e52c=\"16\" title=\"Pojasnila o FIDI in FAIM (FIDI Accredited International Mover)\">FIDI<\/a> akreditirani mednarodni selitveni urad (FAIM), ki vam lahko pomaga pri selitvi.<\/p>\n<h2><strong>1. Aero International Shipping<\/strong><\/h2>\n<p><img loading=\"lazy\" decoding=\"async\" class=\"alignnone size-full wp-image-7656\" src=\"https:\/\/moverdb.com\/wp-content\/uploads\/Aero-International-Shipping-moving-company.png\" alt=\"Aero International Shipping selitev podjetje\" width=\"1440\" height=\"686\" data-wp-pid=\"7656\" srcset=\"https:\/\/moverdb.com\/wp-content\/uploads\/Aero-International-Shipping-moving-company.png 1440w, https:\/\/moverdb.com\/wp-content\/uploads\/Aero-International-Shipping-moving-company-300x143.png 300w, https:\/\/moverdb.com\/wp-content\/uploads\/Aero-International-Shipping-moving-company-1024x488.png 1024w, https:\/\/moverdb.com\/wp-content\/uploads\/Aero-International-Shipping-moving-company-18x9.png 18w, https:\/\/moverdb.com\/wp-content\/uploads\/Aero-International-Shipping-moving-company-600x286.png 600w\" sizes=\"auto, (max-width: 1440px) 100vw, 1440px\" \/><\/p>\n<ul>\n<li><a href=\"https:\/\/moverdb.com\/sl\/container-shipping\/\" data-internallinksmanager029f6b8e52c=\"3\" title=\"Mednarodni cenik prevozov zabojnikov: april 2026\">Mednarodno po\u0161iljanje<\/a><\/li>\n<li>Po\u0161iljanje gospodinjstev<\/li>\n<li>Komercialni ladijski promet<\/li>\n<li>Posebni projekti<\/li>\n<li>Izvozna embala\u017ea<\/li>\n<li>Kopenski, zra\u010dni in pomorski tovorni promet<\/li>\n<li>Mo\u017enosti konsolidacije<\/li>\n<li>Obra\u010dun po meri<\/li>\n<li>Zavarovalno kritje<\/li>\n<li>Prostori za shranjevanje<\/li>\n<\/ul>\n<p>Aero International Shipping je podjetje za mednarodni prevoz in logistiko, ki se ukvarja tudi s prevozom gospodinjskega blaga. Ustanovljeno je bilo leta 1974 in ima sede\u017e v Kingstonu. Sodeluje z mednarodno mre\u017eo agencij, ki zagotavljajo storitve po vsem svetu. Je \u010dlan zdru\u017eenja IAM z 49 leti delovanja.<\/p>\n<p>Dru\u017eba Aero International Shipping ponuja prevozne storitve od majhnih do velikih po\u0161iljk. Nudijo podporo pri izvoznem pakiranju, da bi zagotovili, da so va\u0161e stvari varno zapakirane za prevoz. Organizirajo prevoz po kopnem, zraku in morju s skrbno izbranimi potmi, carinjenjem in zavarovanjem. Zagotavljajo mo\u017enosti zdru\u017eevanja za letalski in pomorski prevoz, da bi zmanj\u0161ali stro\u0161ke.<\/p>\n<p>Spletna stran: <a href=\"http:\/\/www.aerointel.com\/\" target=\"_blank\" rel=\"noopener\">http:\/\/www.aerointel.com\/<\/a><\/p>\n<h2><strong>2. B.L. Williams<\/strong><\/h2>\n<p><img loading=\"lazy\" decoding=\"async\" class=\"alignnone size-full wp-image-7675\" src=\"https:\/\/moverdb.com\/wp-content\/uploads\/Bliss-Moving-international-moving-company.png\" alt=\"BL Williams mednarodno gibljejo podjetje\" width=\"1440\" height=\"684\" data-wp-pid=\"7675\" srcset=\"https:\/\/moverdb.com\/wp-content\/uploads\/Bliss-Moving-international-moving-company.png 1440w, https:\/\/moverdb.com\/wp-content\/uploads\/Bliss-Moving-international-moving-company-300x143.png 300w, https:\/\/moverdb.com\/wp-content\/uploads\/Bliss-Moving-international-moving-company-1024x486.png 1024w, https:\/\/moverdb.com\/wp-content\/uploads\/Bliss-Moving-international-moving-company-18x9.png 18w, https:\/\/moverdb.com\/wp-content\/uploads\/Bliss-Moving-international-moving-company-600x285.png 600w\" sizes=\"auto, (max-width: 1440px) 100vw, 1440px\" \/><\/p>\n<ul>\n<li>Nacionalne poteze<\/li>\n<li>Mednarodne selitve<\/li>\n<li>Selitev gospodinjstva<\/li>\n<li>Storitev od vrat do vrat<\/li>\n<li>Storitev pakiranja<\/li>\n<li>Pomorski in zra\u010dni tovorni promet<\/li>\n<li>Izvozne in uvozne storitve<\/li>\n<li>Izvorne in namembne storitve<\/li>\n<li>Tranzitno zavarovanje<\/li>\n<li>Prostori za shranjevanje<\/li>\n<\/ul>\n<p>B.L. Williams je <a href=\"https:\/\/moverdb.com\/sl\/freight-forwarder\/\" data-internallinksmanager029f6b8e52c=\"17\" title=\"\u0160pediter in NVOCC Mednarodni vodnik po stro\u0161kih in podjetjih\">\u0161pediter<\/a> in mednarodni prevoznik, ki je bil ustanovljen leta 1924 in ima sede\u017e v Kingstonu. Podpira jih mre\u017ea lokalnih zastopnikov, ki so razporejeni po vsem svetu. Je \u010dlan zdru\u017eenja IAM s 34 leti delovanja.<\/p>\n<p>Dru\u017eba B.L. Williams opravi za\u010detni pregled, da ugotovi va\u0161e potrebe in pripravi ponudbo. Zagotavlja vam predano osebje, ki vam bo pomagalo med selitvijo s storitvijo od vrat do vrat. Zagotavljajo storitev pakiranja, pri kateri uporabljajo razli\u010dne materiale za za\u0161\u010dito va\u0161ih stvari in jih zapakirajo v zaboj\u010dke. Poskrbijo za prevoz po morju in zraku, ki vklju\u010duje vse izvozne in uvozne storitve.<\/p>\n<p>Spletna stran: <a href=\"http:\/\/www.blwilliams.com\/\" target=\"_blank\" rel=\"noopener\">http:\/\/www.blwilliams.com\/<\/a><\/p>","protected":false},"excerpt":{"rendered":"<p>Moving your home or business can be difficult and add a lot of pressure especially if you are planning a move abroad, so employing a moving company can really assist you. Below we have compiled a list of Jamaican removal companies that are members of the International Association of Movers (IAM) and\/or FIDI Accredited International [&hellip;]<\/p>\n","protected":false},"author":4,"featured_media":0,"parent":190,"menu_order":0,"comment_status":"closed","ping_status":"closed","template":"","meta":{"_genesis_hide_title":false,"_genesis_hide_breadcrumbs":false,"_genesis_hide_singular_image":false,"_genesis_hide_footer_widgets":false,"_genesis_custom_body_class":"","_genesis_custom_post_class":"","_genesis_layout":"","footnotes":""},"class_list":{"0":"post-7781","1":"page","2":"type-page","3":"status-publish","5":"entry","6":"has-post-thumbnail"},"_links":{"self":[{"href":"https:\/\/moverdb.com\/sl\/wp-json\/wp\/v2\/pages\/7781","targetHints":{"allow":["GET"]}}],"collection":[{"href":"https:\/\/moverdb.com\/sl\/wp-json\/wp\/v2\/pages"}],"about":[{"href":"https:\/\/moverdb.com\/sl\/wp-json\/wp\/v2\/types\/page"}],"author":[{"embeddable":true,"href":"https:\/\/moverdb.com\/sl\/wp-json\/wp\/v2\/users\/4"}],"replies":[{"embeddable":true,"href":"https:\/\/moverdb.com\/sl\/wp-json\/wp\/v2\/comments?post=7781"}],"version-history":[{"count":1,"href":"https:\/\/moverdb.com\/sl\/wp-json\/wp\/v2\/pages\/7781\/revisions"}],"predecessor-version":[{"id":7782,"href":"https:\/\/moverdb.com\/sl\/wp-json\/wp\/v2\/pages\/7781\/revisions\/7782"}],"up":[{"embeddable":true,"href":"https:\/\/moverdb.com\/sl\/wp-json\/wp\/v2\/pages\/190"}],"wp:attachment":[{"href":"https:\/\/moverdb.com\/sl\/wp-json\/wp\/v2\/media?parent=7781"}],"curies":[{"name":"wp","href":"https:\/\/api.w.org\/{rel}","templated":true}]}}