{"id":7779,"date":"2023-04-27T14:57:32","date_gmt":"2023-04-27T14:57:32","guid":{"rendered":"https:\/\/moverdb.com\/?page_id=7779"},"modified":"2026-01-08T15:29:20","modified_gmt":"2026-01-08T15:29:20","slug":"moving-companies-israel","status":"publish","type":"page","link":"https:\/\/moverdb.com\/sl\/moving-companies\/moving-companies-israel\/","title":{"rendered":"6 najbolj\u0161ih mednarodnih selitvenih podjetij v Izraelu"},"content":{"rendered":"<p>Selitev va\u0161ega doma ali podjetja je lahko stresna, zato lahko uporabite storitve <a href=\"https:\/\/moverdb.com\/sl\/moving-companies\/\" data-internallinksmanager029f6b8e52c=\"79\" title=\"Top 25 Mednarodne selitve podjetja Online\">selitev podjetja<\/a> bi lahko zmanj\u0161ali delovno obremenitev in olaj\u0161ali selitev. V nadaljevanju smo pripravili seznam <a href=\"https:\/\/moverdb.com\/sl\/moving-to-israel\/\" data-internallinksmanager029f6b8e52c=\"333\" title=\"Selitev v Izrael? 2023 \u017divljenjski stro\u0161ki in nasveti za selitev\">Izrael<\/a> . <a href=\"https:\/\/moverdb.com\/sl\/international-removals\/\" data-internallinksmanager029f6b8e52c=\"27\" title=\"36 najbolj\u0161ih podjetij za mednarodne selitve v Zdru\u017eenem kraljestvu\">podjetja za selitve<\/a> ki so \u010dlani <a href=\"https:\/\/moverdb.com\/sl\/iam\/\" data-internallinksmanager029f6b8e52c=\"23\" title=\"Pojasnila o Mednarodnem zdru\u017eenju gibalcev (IAM)\">Mednarodno zdru\u017eenje movers<\/a> (IAM) in\/ali <a href=\"https:\/\/moverdb.com\/sl\/fidi-faim\/\" data-internallinksmanager029f6b8e52c=\"16\" title=\"Pojasnila o FIDI in FAIM (FIDI Accredited International Mover)\">FIDI<\/a> akreditirani mednarodni selitveni delavci (FAIM), ki vam lahko pomagajo pri selitvi v Izrael, iz Izraela ali znotraj Izraela.<\/p>\n<div id=\"ez-toc-container\" class=\"ez-toc-v2_0_82_2 ez-toc-wrap-left counter-hierarchy ez-toc-counter ez-toc-transparent ez-toc-container-direction\">\n<div class=\"ez-toc-title-container\">\n<p class=\"ez-toc-title\" style=\"cursor:inherit\">Oddelki<\/p>\n<span class=\"ez-toc-title-toggle\"><a href=\"#\" class=\"ez-toc-pull-right ez-toc-btn ez-toc-btn-xs ez-toc-btn-default ez-toc-toggle\" aria-label=\"Toggle Tabela vsebine\"><span class=\"ez-toc-js-icon-con\"><span class=\"\"><span class=\"eztoc-hide\" style=\"display:none;\">Toggle<\/span><span class=\"ez-toc-icon-toggle-span\"><svg style=\"fill: #999;color:#999\" xmlns=\"http:\/\/www.w3.org\/2000\/svg\" class=\"list-377408\" width=\"20px\" height=\"20px\" viewbox=\"0 0 24 24\" fill=\"none\"><path d=\"M6 6H4v2h2V6zm14 0H8v2h12V6zM4 11h2v2H4v-2zm16 0H8v2h12v-2zM4 16h2v2H4v-2zm16 0H8v2h12v-2z\" fill=\"currentColor\"><\/path><\/svg><svg style=\"fill: #999;color:#999\" class=\"arrow-unsorted-368013\" xmlns=\"http:\/\/www.w3.org\/2000\/svg\" width=\"10px\" height=\"10px\" viewbox=\"0 0 24 24\" version=\"1.2\" baseprofile=\"tiny\"><path d=\"M18.2 9.3l-6.2-6.3-6.2 6.3c-.2.2-.3.4-.3.7s.1.5.3.7c.2.2.4.3.7.3h11c.3 0 .5-.1.7-.3.2-.2.3-.5.3-.7s-.1-.5-.3-.7zM5.8 14.7l6.2 6.3 6.2-6.3c.2-.2.3-.5.3-.7s-.1-.5-.3-.7c-.2-.2-.4-.3-.7-.3h-11c-.3 0-.5.1-.7.3-.2.2-.3.5-.3.7s.1.5.3.7z\"\/><\/svg><\/span><\/span><\/span><\/a><\/span><\/div>\n<nav><ul class='ez-toc-list ez-toc-list-level-1 eztoc-toggle-hide-by-default' ><li class='ez-toc-page-1 ez-toc-heading-level-2'><a class=\"ez-toc-link ez-toc-heading-1\" href=\"https:\/\/moverdb.com\/sl\/moving-companies\/moving-companies-israel\/#1_Globus_Relocation\" >1. Premestitev sistema Globus<\/a><\/li><li class='ez-toc-page-1 ez-toc-heading-level-2'><a class=\"ez-toc-link ez-toc-heading-2\" href=\"https:\/\/moverdb.com\/sl\/moving-companies\/moving-companies-israel\/#2_Infinity_Pack_Ship\" >2. Neskon\u010dno pakiranje in po\u0161iljanje<\/a><\/li><li class='ez-toc-page-1 ez-toc-heading-level-2'><a class=\"ez-toc-link ez-toc-heading-3\" href=\"https:\/\/moverdb.com\/sl\/moving-companies\/moving-companies-israel\/#3_Ocean\" >3. Ocean<\/a><\/li><li class='ez-toc-page-1 ez-toc-heading-level-2'><a class=\"ez-toc-link ez-toc-heading-4\" href=\"https:\/\/moverdb.com\/sl\/moving-companies\/moving-companies-israel\/#4_Sonigo\" >4. Sonigo<\/a><\/li><li class='ez-toc-page-1 ez-toc-heading-level-2'><a class=\"ez-toc-link ez-toc-heading-5\" href=\"https:\/\/moverdb.com\/sl\/moving-companies\/moving-companies-israel\/#5_A_Univers_Transit\" >5. A. Univerzalni tranzit<\/a><\/li><li class='ez-toc-page-1 ez-toc-heading-level-2'><a class=\"ez-toc-link ez-toc-heading-6\" href=\"https:\/\/moverdb.com\/sl\/moving-companies\/moving-companies-israel\/#6_Teamnet\" >6. Teamnet<\/a><\/li><li class='ez-toc-page-1 ez-toc-heading-level-2'><a class=\"ez-toc-link ez-toc-heading-7\" href=\"https:\/\/moverdb.com\/sl\/moving-companies\/moving-companies-israel\/#Other_Useful_Guides_to_Israel\" >Drugi uporabni vodniki za Izrael<\/a><\/li><\/ul><\/nav><\/div>\n<h2><span class=\"ez-toc-section\" id=\"1_Globus_Relocation\"><\/span><strong>1. Premestitev sistema Globus<\/strong><span class=\"ez-toc-section-end\"><\/span><\/h2>\n<p><img loading=\"lazy\" decoding=\"async\" class=\"alignnone size-full wp-image-7699\" src=\"https:\/\/moverdb.com\/wp-content\/uploads\/Globus-Relocation-international-moving-company.png\" alt=\"Globus Relocation mednarodna selitev podjetje\" width=\"1440\" height=\"681\" data-wp-pid=\"7699\" srcset=\"https:\/\/moverdb.com\/wp-content\/uploads\/Globus-Relocation-international-moving-company.png 1440w, https:\/\/moverdb.com\/wp-content\/uploads\/Globus-Relocation-international-moving-company-300x142.png 300w, https:\/\/moverdb.com\/wp-content\/uploads\/Globus-Relocation-international-moving-company-1024x484.png 1024w, https:\/\/moverdb.com\/wp-content\/uploads\/Globus-Relocation-international-moving-company-18x9.png 18w, https:\/\/moverdb.com\/wp-content\/uploads\/Globus-Relocation-international-moving-company-600x284.png 600w\" sizes=\"auto, (max-width: 1440px) 100vw, 1440px\" \/><\/p>\n<ul>\n<li>Mednarodne selitve<\/li>\n<li>Osebne poteze<\/li>\n<li>Komercialni premiki<\/li>\n<li>Storitve premestitve<\/li>\n<li>Storitev od vrat do vrat<\/li>\n<li>Pomo\u010d pri pakiranju<\/li>\n<li>Napredni materiali za pakiranje in materiali za pakiranje po meri<\/li>\n<li>Kopenski, pomorski in zra\u010dni prevoz<\/li>\n<li>Zavarovanje<\/li>\n<li>Varno shranjevanje<\/li>\n<\/ul>\n<p>Globus Relocation je mednarodno podjetje za pakiranje in <a href=\"https:\/\/moverdb.com\/sl\/shipping-companies\/\" data-internallinksmanager029f6b8e52c=\"4\" title=\"10 najbolj\u0161ih mednarodnih podjetij za prevoz zabojnikov\">ladjarsko podjetje<\/a> ki je bila ustanovljena leta 2014 in ima sede\u017e v A\u0161dodu. Je \u010dlan zdru\u017eenja IAM in akreditiran pri FIDI. Ti \u010dlanstvi oziroma akreditaciji jim omogo\u010data dostop do mednarodne mre\u017ee agentov.<\/p>\n<p>Globus Relocation dodeli enega od svojih strokovnjakov, ki vam bo pomagal med selitvijo. Nudijo storitve od vrat do vrat, napredne pakirne materiale in re\u0161itve za pakiranje po meri za vse predmete. Poskrbijo za prevoz va\u0161ih stvari po kopnem, morju ali zraku. Zagotavljajo dodatne storitve selitve, ki vklju\u010dujejo delovne vizume, iskanje stanovanj in \u0161ol, najem pohi\u0161tva, storitve prihoda in hi\u0161ne storitve.<\/p>\n<p>Spletna stran: <a href=\"http:\/\/www.globus-relocation.com\" target=\"_blank\" rel=\"noopener\">http:\/\/www.globus-relocation.com<\/a><\/p>\n<h2><span class=\"ez-toc-section\" id=\"2_Infinity_Pack_Ship\"><\/span><strong>2. Neskon\u010dno pakiranje in po\u0161iljanje<\/strong><span class=\"ez-toc-section-end\"><\/span><\/h2>\n<p><img loading=\"lazy\" decoding=\"async\" class=\"alignnone size-full wp-image-7707\" src=\"https:\/\/moverdb.com\/wp-content\/uploads\/Infinity-Pack-Ship-international-moving-company.png\" alt=\"Infinity Pack &amp; Ship mednarodno gibljejo podjetje\" width=\"1440\" height=\"680\" data-wp-pid=\"7707\" srcset=\"https:\/\/moverdb.com\/wp-content\/uploads\/Infinity-Pack-Ship-international-moving-company.png 1440w, https:\/\/moverdb.com\/wp-content\/uploads\/Infinity-Pack-Ship-international-moving-company-300x142.png 300w, https:\/\/moverdb.com\/wp-content\/uploads\/Infinity-Pack-Ship-international-moving-company-1024x484.png 1024w, https:\/\/moverdb.com\/wp-content\/uploads\/Infinity-Pack-Ship-international-moving-company-18x9.png 18w, https:\/\/moverdb.com\/wp-content\/uploads\/Infinity-Pack-Ship-international-moving-company-600x283.png 600w\" sizes=\"auto, (max-width: 1440px) 100vw, 1440px\" \/><\/p>\n<ul>\n<li>Nacionalne poteze<\/li>\n<li>Mednarodne selitve<\/li>\n<li>Stanovanjske selitve<\/li>\n<li>Komercialne po\u0161iljke<\/li>\n<li>Od vrat do vrat ali od vrat do vrat<a href=\"https:\/\/moverdb.com\/sl\/top-49-container-ports\/\" data-internallinksmanager029f6b8e52c=\"80\" title=\"Top 49 najve\u010djih in najbolj obremenjenih pristani\u0161\u010d za kontejnerje v letu 2025\">pristani\u0161\u010de<\/a> storitev<\/li>\n<li>Pomo\u010d pri pakiranju<\/li>\n<li>Cestne, pomorske in letalske storitve<\/li>\n<li>Carinjenje<\/li>\n<li>Zavarovanje<\/li>\n<li>Kratkoro\u010dno do dolgoro\u010dno skladi\u0161\u010denje<\/li>\n<\/ul>\n<p>Infinity Pack &amp; Ship je podjetje za selitve in logistiko, ki je bilo ustanovljeno leta 2005 v Jeruzalemu. Pri izvajanju svojih storitev sodeluje z mednarodno mre\u017eo selitvenih in logisti\u010dnih podjetij. Je \u010dlan zdru\u017eenja IAM s 16 leti delovanja.<\/p>\n<p>Podjetje Infinity Pack &amp; Ship ponuja brezpla\u010dno raziskavo na domu in poskrbi za vso dokumentacijo za va\u0161o selitev, vklju\u010dno s carinjenjem. Za varno pakiranje va\u0161ih stvari poskrbi strokovno pakirno osebje. Ponujajo razli\u010dne mo\u017enosti prevoza, vklju\u010dno s cestnim prevozom, kot so zaprte zra\u010dne vre\u010de, prikolice in hladilniki, letalskim prevozom in pomorskim prevozom, kot so polni ali manj\u0161i tovori od kontejnerja.<\/p>\n<p>Spletna stran: <a href=\"http:\/\/infinitypack.co.il\" target=\"_blank\" rel=\"noopener\">http:\/\/infinitypack.co.il<\/a><\/p>\n<h2><span class=\"ez-toc-section\" id=\"3_Ocean\"><\/span><strong>3. <\/strong><strong>Ocean<\/strong><span class=\"ez-toc-section-end\"><\/span><\/h2>\n<p><img loading=\"lazy\" decoding=\"async\" class=\"alignnone size-full wp-image-7731\" src=\"https:\/\/moverdb.com\/wp-content\/uploads\/Ocean-international-moving-company.png\" alt=\"Ocean mednarodno gibljejo podjetje\" width=\"1440\" height=\"682\" data-wp-pid=\"7731\" srcset=\"https:\/\/moverdb.com\/wp-content\/uploads\/Ocean-international-moving-company.png 1440w, https:\/\/moverdb.com\/wp-content\/uploads\/Ocean-international-moving-company-300x142.png 300w, https:\/\/moverdb.com\/wp-content\/uploads\/Ocean-international-moving-company-1024x485.png 1024w, https:\/\/moverdb.com\/wp-content\/uploads\/Ocean-international-moving-company-18x9.png 18w, https:\/\/moverdb.com\/wp-content\/uploads\/Ocean-international-moving-company-600x284.png 600w\" sizes=\"auto, (max-width: 1440px) 100vw, 1440px\" \/><\/p>\n<ul>\n<li>Mednarodne selitve<\/li>\n<li>Selitve gospodinjstev<\/li>\n<li>Storitve premestitve<\/li>\n<li>vodja stranke, ki vam bo pomagal.<\/li>\n<li>Storitev pakiranja<\/li>\n<li>Cestni, pomorski in zra\u010dni prevoz<\/li>\n<li>Carinjenje<\/li>\n<li>Sledenje po\u0161iljki<\/li>\n<li>Akreditacija FIDI<\/li>\n<li>Storitve globalnega skladi\u0161\u010denja<\/li>\n<\/ul>\n<p>Ocean je podjetje za selitev in premestitev s sede\u017eem v kibucu Yakum. Sodeluje z mednarodnimi partnerji in zagotavlja storitve selitve in preselitve na mednarodni ravni. Je \u010dlan zdru\u017eenja IAM z 79-letno tradicijo in je akreditirano pri FIDI.<\/p>\n<p>Dru\u017eba Ocean zagotavlja vodjo selitve, ki vam bo pomagal med selitvijo in pripravil na\u010drt po\u0161iljanja. Zagotavljajo cenilca, ki oceni va\u0161e potrebe in sestavi na\u010drt, kaj je treba prepeljati po zraku, morju ali v prtljagi. Njihove storitve selitve vklju\u010dujejo iskanje doma in \u0161ol, storitve aklimatizacije, za\u010dasno nastanitev, najem pohi\u0161tva, delovne vizume, u\u010denje jezikov in re\u0161itve za shranjevanje.<\/p>\n<p>Spletna stran: <a href=\"http:\/\/www.ocean-il.co.il\" target=\"_blank\" rel=\"noopener\">http:\/\/www.ocean-il.co.il<\/a><\/p>\n<h2><span class=\"ez-toc-section\" id=\"4_Sonigo\"><\/span><strong>4. Sonigo<\/strong><span class=\"ez-toc-section-end\"><\/span><\/h2>\n<p><img loading=\"lazy\" decoding=\"async\" class=\"alignnone size-full wp-image-7750\" src=\"https:\/\/moverdb.com\/wp-content\/uploads\/Sonigo-international-moving-company.png\" alt=\"Sonigo mednarodna selitev podjetja\" width=\"1440\" height=\"679\" data-wp-pid=\"7750\" srcset=\"https:\/\/moverdb.com\/wp-content\/uploads\/Sonigo-international-moving-company.png 1440w, https:\/\/moverdb.com\/wp-content\/uploads\/Sonigo-international-moving-company-300x141.png 300w, https:\/\/moverdb.com\/wp-content\/uploads\/Sonigo-international-moving-company-1024x483.png 1024w, https:\/\/moverdb.com\/wp-content\/uploads\/Sonigo-international-moving-company-18x8.png 18w, https:\/\/moverdb.com\/wp-content\/uploads\/Sonigo-international-moving-company-600x283.png 600w\" sizes=\"auto, (max-width: 1440px) 100vw, 1440px\" \/><\/p>\n<ul>\n<li>Lokalne in nacionalne selitve<\/li>\n<li>Mednarodne selitve in preselitve<\/li>\n<li>Selitve gospodinjstev<\/li>\n<li>Komercialni premiki<\/li>\n<li>Storitev od vrat do vrat<\/li>\n<li>Storitev pakiranja<\/li>\n<li>Carinjenje<\/li>\n<li>Rokovanje z umetninami<\/li>\n<li>Zavarovanje<\/li>\n<li>Kratkoro\u010dno in dolgoro\u010dno skladi\u0161\u010denje<\/li>\n<\/ul>\n<p>Sonigo je <a href=\"https:\/\/moverdb.com\/sl\/container-shipping\/\" data-internallinksmanager029f6b8e52c=\"3\" title=\"Mednarodni cenik prevozov zabojnikov: marec 2026\">mednarodno po\u0161iljanje<\/a> podjetje s sede\u017eem v mestu Gan Yavne, ki deluje od leta 1986 in ponuja storitve pakiranja in po\u0161iljanja za gospodinjstva in podjetja. V pomo\u010d jim je globalna mre\u017ea izbranih mednarodnih \u0161pediterjev. S 36 leti delovanja so \u010dlani zdru\u017eenja IAM in so akreditirani pri FIDI.<\/p>\n<p>Sonigo ponuja storitve selitve od vrat do vrat, ki se za\u010dnejo s pregledom na domu, kjer se ocenijo zahteve in pripravi ponudba. Nudijo strokovno pakiranje, izdelavo dokumentacije in organizacijo prevoza. Njihove storitve selitve vklju\u010dujejo vizume, dav\u010dno svetovanje, iskanje stanovanj in \u0161ol, najem pohi\u0161tva, storitve ob prihodu, orientacijske storitve in pomo\u010d pri komunalnih storitvah.<\/p>\n<p>Spletna stran: <a href=\"http:\/\/www.sonigo.com\" target=\"_blank\" rel=\"noopener\">http:\/\/www.sonigo.com<\/a><\/p>\n<h2><span class=\"ez-toc-section\" id=\"5_A_Univers_Transit\"><\/span><strong>5. A. Univerzalni tranzit<\/strong><span class=\"ez-toc-section-end\"><\/span><\/h2>\n<p><img loading=\"lazy\" decoding=\"async\" class=\"alignnone size-full wp-image-7654\" src=\"https:\/\/moverdb.com\/wp-content\/uploads\/A-Univers-Transit-international-moving-company.png\" alt=\"A Univers Tranzit mednarodna selitev podjetja\" width=\"1440\" height=\"691\" data-wp-pid=\"7654\" srcset=\"https:\/\/moverdb.com\/wp-content\/uploads\/A-Univers-Transit-international-moving-company.png 1440w, https:\/\/moverdb.com\/wp-content\/uploads\/A-Univers-Transit-international-moving-company-300x144.png 300w, https:\/\/moverdb.com\/wp-content\/uploads\/A-Univers-Transit-international-moving-company-1024x491.png 1024w, https:\/\/moverdb.com\/wp-content\/uploads\/A-Univers-Transit-international-moving-company-18x9.png 18w, https:\/\/moverdb.com\/wp-content\/uploads\/A-Univers-Transit-international-moving-company-600x288.png 600w\" sizes=\"auto, (max-width: 1440px) 100vw, 1440px\" \/><\/p>\n<ul>\n<li>Mednarodne selitve<\/li>\n<li>Selitve gospodinjstev<\/li>\n<li>Komercialni premiki<\/li>\n<li>Storitve premestitve<\/li>\n<li>Storitev od vrat do vrat<\/li>\n<li>Profesionalno pakiranje<\/li>\n<li>Letalski in pomorski prevoz<\/li>\n<li>Izpolnjevanje dokumentacije<\/li>\n<li>Iskanje po domovih in \u0161olah<\/li>\n<li>Varno shranjevanje<\/li>\n<\/ul>\n<p>Univers Transit je podjetje za po\u0161iljanje, prevoz in selitev, ki ponuja tudi re\u0161itve za pakiranje in skladi\u0161\u010denje, ustanovljeno konec osemdesetih let prej\u0161njega stoletja. Svoje lokacije ima v Tel Avivu, A\u0161dodu in Haifi. Je \u010dlan zdru\u017eenja IAM z 28-letno tradicijo in je akreditirano pri FIDI.<\/p>\n<p>Univers Transit ponuja storitve selitve od vrat do vrat, ki se za\u010dnejo s posvetovalnim sestankom, na katerem ocenimo va\u0161e potrebe in pripravimo na\u010drt selitve. Nudijo profesionalne storitve pakiranja in ustrezne \u0161katle za va\u0161e stvari. Za prevoz bodo nalo\u017eili zabojnike in \u0161katle ter jih odpeljali na letali\u0161\u010de ali pristani\u0161\u010de za dostavo.<\/p>\n<p>Spletna stran: <a href=\"http:\/\/www.univers-transit.co.il\" target=\"_blank\" rel=\"noopener\">http:\/\/www.univers-transit.co.il<\/a><\/p>\n<h2><span class=\"ez-toc-section\" id=\"6_Teamnet\"><\/span><strong>6. Teamnet<\/strong><span class=\"ez-toc-section-end\"><\/span><\/h2>\n<p><img loading=\"lazy\" decoding=\"async\" class=\"alignnone size-full wp-image-7752\" src=\"https:\/\/moverdb.com\/wp-content\/uploads\/Teamnet-international-moving-company.png\" alt=\"Teamnet mednarodna selitev podjetja\" width=\"1440\" height=\"685\" data-wp-pid=\"7752\" srcset=\"https:\/\/moverdb.com\/wp-content\/uploads\/Teamnet-international-moving-company.png 1440w, https:\/\/moverdb.com\/wp-content\/uploads\/Teamnet-international-moving-company-300x143.png 300w, https:\/\/moverdb.com\/wp-content\/uploads\/Teamnet-international-moving-company-1024x487.png 1024w, https:\/\/moverdb.com\/wp-content\/uploads\/Teamnet-international-moving-company-18x9.png 18w, https:\/\/moverdb.com\/wp-content\/uploads\/Teamnet-international-moving-company-600x285.png 600w\" sizes=\"auto, (max-width: 1440px) 100vw, 1440px\" \/><\/p>\n<ul>\n<li>Mednarodne selitve<\/li>\n<li>Osebne poteze<\/li>\n<li>Komercialne po\u0161iljke<\/li>\n<li>Storitve premestitve<\/li>\n<li>Storitev od vrat do vrat<\/li>\n<li>Storitve pakiranja<\/li>\n<li>Ureditev prevoza ali letalskega tovora<\/li>\n<li>Carinske formalnosti<\/li>\n<li>Zavarovanje<\/li>\n<li>Prostori za shranjevanje<\/li>\n<\/ul>\n<p>Teamnet je podjetje za selitev in premestitev s sede\u017eem v Haifi. Nudijo vrsto storitev zasebnikom in podjetjem, ki preva\u017eajo blago v Izrael ali iz Izraela. Sodelujejo z mre\u017eo mednarodnih zastopnikov, ki zagotavljajo storitve zunaj Izraela, in so \u010dlani zdru\u017eenja IAM.<\/p>\n<p>Teamnet ponuja storitve selitve od vrat do vrat za odhajajo\u010de in prihajajo\u010de stranke v Izrael. Na domu vam omogo\u010dijo svetovanje, da ocenijo va\u0161e potrebe po selitvi. Izdelali bodo podroben na\u010drt in poskrbeli za storitev pakiranja z uporabo naprednih pakirnih materialov, primernih za pomorski ali zra\u010dni prevoz. Poskrbijo za organe in carinske formalnosti.<\/p>\n<p>Spletna stran: <a href=\"http:\/\/www.en.team-net.co.il\" target=\"_blank\" rel=\"noopener\">http:\/\/www.en.team-net.co.il<\/a><\/p>\n<h2><span class=\"ez-toc-section\" id=\"Other_Useful_Guides_to_Israel\"><\/span>Drugi uporabni vodniki za Izrael<span class=\"ez-toc-section-end\"><\/span><\/h2>\n<ul>\n<li> <a href=\"https:\/\/moverdb.com\/sl\/kontejnersko-posiljanje\/izrael\/\">2024 Cene pomorskega prevoza zabojnikov v Izrael in iz Izraela<\/a><\/li>\n<li> <a href=\"https:\/\/moverdb.com\/sl\/moving-to-israel\/\">Selitev v Izrael? 2023 \u017divljenjski stro\u0161ki in nasveti za selitev<\/a><\/li>\n<li> <a href=\"https:\/\/moverdb.com\/sl\/moving-to-israel\/best-places-to-live-israel\/\">13 najbolj\u0161ih mest za \u017eivljenje v Izraelu<\/a><\/li>\n<li> <a href=\"https:\/\/moverdb.com\/sl\/moving-to-israel\/living-in-israel\/\">21 skrivnosti o \u017eivljenju v Izraelu, ki jih morate poznati, preden se preselite<\/a><\/li>\n<\/ul>","protected":false},"excerpt":{"rendered":"<p>Moving your home or business can be stressful so employing the services of a moving company could reduce the workload and ease the move. So below we have compiled a list of Israel based removal companies that are members of the International Association of Movers (IAM) and\/or FIDI Accredited International Mover (FAIM) who could assist [&hellip;]<\/p>\n","protected":false},"author":4,"featured_media":0,"parent":190,"menu_order":0,"comment_status":"closed","ping_status":"closed","template":"","meta":{"_genesis_hide_title":false,"_genesis_hide_breadcrumbs":false,"_genesis_hide_singular_image":false,"_genesis_hide_footer_widgets":false,"_genesis_custom_body_class":"","_genesis_custom_post_class":"","_genesis_layout":"","footnotes":""},"class_list":{"0":"post-7779","1":"page","2":"type-page","3":"status-publish","5":"entry","6":"has-post-thumbnail"},"_links":{"self":[{"href":"https:\/\/moverdb.com\/sl\/wp-json\/wp\/v2\/pages\/7779","targetHints":{"allow":["GET"]}}],"collection":[{"href":"https:\/\/moverdb.com\/sl\/wp-json\/wp\/v2\/pages"}],"about":[{"href":"https:\/\/moverdb.com\/sl\/wp-json\/wp\/v2\/types\/page"}],"author":[{"embeddable":true,"href":"https:\/\/moverdb.com\/sl\/wp-json\/wp\/v2\/users\/4"}],"replies":[{"embeddable":true,"href":"https:\/\/moverdb.com\/sl\/wp-json\/wp\/v2\/comments?post=7779"}],"version-history":[{"count":4,"href":"https:\/\/moverdb.com\/sl\/wp-json\/wp\/v2\/pages\/7779\/revisions"}],"predecessor-version":[{"id":17076,"href":"https:\/\/moverdb.com\/sl\/wp-json\/wp\/v2\/pages\/7779\/revisions\/17076"}],"up":[{"embeddable":true,"href":"https:\/\/moverdb.com\/sl\/wp-json\/wp\/v2\/pages\/190"}],"wp:attachment":[{"href":"https:\/\/moverdb.com\/sl\/wp-json\/wp\/v2\/media?parent=7779"}],"curies":[{"name":"wp","href":"https:\/\/api.w.org\/{rel}","templated":true}]}}