{"id":7525,"date":"2023-02-01T14:03:46","date_gmt":"2023-02-01T14:03:46","guid":{"rendered":"https:\/\/moverdb.com\/?page_id=7525"},"modified":"2026-01-08T15:25:10","modified_gmt":"2026-01-08T15:25:10","slug":"selitev-podjetja-iran","status":"publish","type":"page","link":"https:\/\/moverdb.com\/sl\/moving-companies\/moving-companies-iran\/","title":{"rendered":"5 najbolj\u0161ih mednarodnih selitvenih podjetij v Iranu"},"content":{"rendered":"<p>Se nameravate preseliti? Ne glede na to, ali se selite domov in\/ali v slu\u017ebo, boste morda \u017eeleli nekaj pomo\u010di, da bi zmanj\u0161ali pritisk. <a href=\"https:\/\/moverdb.com\/sl\/moving-companies\/\" data-internallinksmanager029f6b8e52c=\"79\" title=\"Top 25 Mednarodne selitve podjetja Online\">selitev podjetja<\/a> lahko pomaga. V nadaljevanju smo pripravili seznam podjetij, ki temeljijo na Iranu. <a href=\"https:\/\/moverdb.com\/sl\/international-removals\/\" data-internallinksmanager029f6b8e52c=\"27\" title=\"36 najbolj\u0161ih podjetij za mednarodne selitve v Zdru\u017eenem kraljestvu\">podjetja za selitve<\/a> ki so \u010dlani <a href=\"https:\/\/moverdb.com\/sl\/iam\/\" data-internallinksmanager029f6b8e52c=\"23\" title=\"Pojasnila o Mednarodnem zdru\u017eenju gibalcev (IAM)\">Mednarodno zdru\u017eenje movers<\/a> (IAM) in\/ali <a href=\"https:\/\/moverdb.com\/sl\/fidi-faim\/\" data-internallinksmanager029f6b8e52c=\"16\" title=\"Pojasnila o FIDI in FAIM (FIDI Accredited International Mover)\">FIDI<\/a> akreditirani mednarodni selitveni delavci (FAIM), ki vam lahko pomagajo pri selitvi.<\/p>\n<div id=\"ez-toc-container\" class=\"ez-toc-v2_0_82_2 ez-toc-wrap-left counter-hierarchy ez-toc-counter ez-toc-transparent ez-toc-container-direction\">\n<div class=\"ez-toc-title-container\">\n<p class=\"ez-toc-title\" style=\"cursor:inherit\">Oddelki<\/p>\n<span class=\"ez-toc-title-toggle\"><a href=\"#\" class=\"ez-toc-pull-right ez-toc-btn ez-toc-btn-xs ez-toc-btn-default ez-toc-toggle\" aria-label=\"Toggle Tabela vsebine\"><span class=\"ez-toc-js-icon-con\"><span class=\"\"><span class=\"eztoc-hide\" style=\"display:none;\">Toggle<\/span><span class=\"ez-toc-icon-toggle-span\"><svg style=\"fill: #999;color:#999\" xmlns=\"http:\/\/www.w3.org\/2000\/svg\" class=\"list-377408\" width=\"20px\" height=\"20px\" viewbox=\"0 0 24 24\" fill=\"none\"><path d=\"M6 6H4v2h2V6zm14 0H8v2h12V6zM4 11h2v2H4v-2zm16 0H8v2h12v-2zM4 16h2v2H4v-2zm16 0H8v2h12v-2z\" fill=\"currentColor\"><\/path><\/svg><svg style=\"fill: #999;color:#999\" class=\"arrow-unsorted-368013\" xmlns=\"http:\/\/www.w3.org\/2000\/svg\" width=\"10px\" height=\"10px\" viewbox=\"0 0 24 24\" version=\"1.2\" baseprofile=\"tiny\"><path d=\"M18.2 9.3l-6.2-6.3-6.2 6.3c-.2.2-.3.4-.3.7s.1.5.3.7c.2.2.4.3.7.3h11c.3 0 .5-.1.7-.3.2-.2.3-.5.3-.7s-.1-.5-.3-.7zM5.8 14.7l6.2 6.3 6.2-6.3c.2-.2.3-.5.3-.7s-.1-.5-.3-.7c-.2-.2-.4-.3-.7-.3h-11c-.3 0-.5.1-.7.3-.2.2-.3.5-.3.7s.1.5.3.7z\"\/><\/svg><\/span><\/span><\/span><\/a><\/span><\/div>\n<nav><ul class='ez-toc-list ez-toc-list-level-1 eztoc-toggle-hide-by-default' ><li class='ez-toc-page-1 ez-toc-heading-level-2'><a class=\"ez-toc-link ez-toc-heading-1\" href=\"https:\/\/moverdb.com\/sl\/moving-companies\/moving-companies-iran\/#1_Barad_Air_Sea_Co\" >1. Barad Air &amp; Sea Co<\/a><\/li><li class='ez-toc-page-1 ez-toc-heading-level-2'><a class=\"ez-toc-link ez-toc-heading-2\" href=\"https:\/\/moverdb.com\/sl\/moving-companies\/moving-companies-iran\/#2_Kar_Kia_Co_Ltd\" >2. Kar Kia Co Ltd<\/a><\/li><li class='ez-toc-page-1 ez-toc-heading-level-2'><a class=\"ez-toc-link ez-toc-heading-3\" href=\"https:\/\/moverdb.com\/sl\/moving-companies\/moving-companies-iran\/#3_Simorgh_Pack_Express\" >3. Simorgh Pack Express<\/a><\/li><li class='ez-toc-page-1 ez-toc-heading-level-2'><a class=\"ez-toc-link ez-toc-heading-4\" href=\"https:\/\/moverdb.com\/sl\/moving-companies\/moving-companies-iran\/#4_Simorgh_Pack\" >4. Simorgh Pack<\/a><\/li><li class='ez-toc-page-1 ez-toc-heading-level-2'><a class=\"ez-toc-link ez-toc-heading-5\" href=\"https:\/\/moverdb.com\/sl\/moving-companies\/moving-companies-iran\/#5_Unipack\" >5. Unipack<\/a><\/li><\/ul><\/nav><\/div>\n<h2><span class=\"ez-toc-section\" id=\"1_Barad_Air_Sea_Co\"><\/span><strong>1. Barad Air &amp; Sea Co<\/strong><span class=\"ez-toc-section-end\"><\/span><\/h2>\n<p><img loading=\"lazy\" decoding=\"async\" class=\"alignnone size-full wp-image-7418\" src=\"https:\/\/moverdb.com\/wp-content\/uploads\/Barad-international-moving-company.png\" alt=\"Barad mednarodno gibljejo podjetje\" width=\"1440\" height=\"687\" data-wp-pid=\"7418\" srcset=\"https:\/\/moverdb.com\/wp-content\/uploads\/Barad-international-moving-company.png 1440w, https:\/\/moverdb.com\/wp-content\/uploads\/Barad-international-moving-company-300x143.png 300w, https:\/\/moverdb.com\/wp-content\/uploads\/Barad-international-moving-company-1024x489.png 1024w, https:\/\/moverdb.com\/wp-content\/uploads\/Barad-international-moving-company-18x9.png 18w, https:\/\/moverdb.com\/wp-content\/uploads\/Barad-international-moving-company-600x286.png 600w\" sizes=\"auto, (max-width: 1440px) 100vw, 1440px\" \/><\/p>\n<ul>\n<li>Nacionalne poteze<\/li>\n<li>Mednarodne selitve<\/li>\n<li>Selitve gospodinjstev<\/li>\n<li>Selitve pisarn<\/li>\n<li>Posebni skrbniki ra\u010duna<\/li>\n<li>Strokovna storitev pakiranja<\/li>\n<li>Cestni, pomorski in zra\u010dni prevoz<\/li>\n<li>Carinjenje<\/li>\n<li>Prevoz umetni\u0161kih del<\/li>\n<li>Kratkoro\u010dno do dolgoro\u010dno skladi\u0161\u010denje<\/li>\n<\/ul>\n<p>Barad je podjetje za tovorni promet in logistiko, ki prek mre\u017ee partnerjev ponuja re\u0161itve za selitve v Iranu in ve\u010d kot 150 dr\u017eavah po svetu. Ponuja tudi \u0161pedicijo, skladi\u0161\u010dne storitve in carinjenje. Je tudi \u010dlan zdru\u017eenja IAM.<\/p>\n<p>Barad za svoje storitve zagotavlja namenske skrbnike ra\u010dunov, ki vam pomagajo pri potrebah po prevozu. Nudijo storitve selitve od vrat do vrat, ki se lahko opravijo po cesti, morju ali zraku in vklju\u010dujejo carinjenje. Nudijo strokovno storitev pakiranja, ki vklju\u010duje pakiranje, razpakiranje in odstranjevanje odpadkov. Poskrbijo za osebne predmete, odve\u010dno prtljago, umetni\u0161ka dela, pisarni\u0161ko opremo in veleposlani\u0161tva.<\/p>\n<p>Spletna stran: <a href=\"http:\/\/baradairsea.com\" target=\"_blank\" rel=\"noopener\">http:\/\/baradairsea.com<\/a><\/p>\n<h2><span class=\"ez-toc-section\" id=\"2_Kar_Kia_Co_Ltd\"><\/span><strong>2. Kar Kia Co Ltd<\/strong><span class=\"ez-toc-section-end\"><\/span><\/h2>\n<p><img loading=\"lazy\" decoding=\"async\" class=\"alignnone size-full wp-image-7526\" src=\"https:\/\/moverdb.com\/wp-content\/uploads\/Kat-Kia-international-moving-company.png\" alt=\"Kat Kia mednarodno gibljejo podjetje\" width=\"1440\" height=\"680\" data-wp-pid=\"7526\" srcset=\"https:\/\/moverdb.com\/wp-content\/uploads\/Kat-Kia-international-moving-company.png 1440w, https:\/\/moverdb.com\/wp-content\/uploads\/Kat-Kia-international-moving-company-300x142.png 300w, https:\/\/moverdb.com\/wp-content\/uploads\/Kat-Kia-international-moving-company-1024x484.png 1024w, https:\/\/moverdb.com\/wp-content\/uploads\/Kat-Kia-international-moving-company-18x9.png 18w, https:\/\/moverdb.com\/wp-content\/uploads\/Kat-Kia-international-moving-company-600x283.png 600w\" sizes=\"auto, (max-width: 1440px) 100vw, 1440px\" \/><\/p>\n<ul>\n<li>Nacionalne poteze<\/li>\n<li>Mednarodne selitve<\/li>\n<li>Selitve gospodinjstev<\/li>\n<li>Storitev od vrat do vrat<\/li>\n<li>Storitev pakiranja<\/li>\n<li>Prevoz po kopnem, morju ali zraku<\/li>\n<li>Carinjenje<\/li>\n<li>Prevoz likovne umetnosti<\/li>\n<li>Zavarovanje<\/li>\n<li>Shranjevanje<\/li>\n<\/ul>\n<p>Kar Kia je podjetje za selitev in skladi\u0161\u010denje s sede\u017eem v Teheranu, ki ponuja re\u0161itve za selitev na lokalni ravni v Teheranu, po celotnem Iranu ter mednarodne selitve v Iran in iz njega. Podpira jih mre\u017ea selitvenih agentov po vsem svetu in so \u010dlani zdru\u017eenja IAM z 39-letno tradicijo.<\/p>\n<p>Kar Kia ponuja storitev selitve gospodinjstev od vrat do vrat, ki vklju\u010duje varno pakiranje vseh va\u0161ih stvari za prevoz. Poskrbeli bodo za prevoz va\u0161ih stvari do namembnega kraja po cesti, morju ali zraku ter vam pomagali pri carinjenju pri uvozu in izvozu. Nudijo tudi dodatne storitve, ki vklju\u010dujejo selitev umetnin, zavarovanje in skladi\u0161\u010denje.<\/p>\n<p>Spletna stran: <a href=\"http:\/\/www.karkiamovers.com\" target=\"_blank\" rel=\"noopener\">http:\/\/www.karkiamovers.com<\/a><\/p>\n<h2><span class=\"ez-toc-section\" id=\"3_Simorgh_Pack_Express\"><\/span><strong>3. <\/strong><strong>Simorgh Pack Express<\/strong><span class=\"ez-toc-section-end\"><\/span><\/h2>\n<p><img loading=\"lazy\" decoding=\"async\" class=\"alignnone size-full wp-image-7486\" src=\"https:\/\/moverdb.com\/wp-content\/uploads\/Simorgh-Pack-Express-international-moving-company.png\" alt=\"Simorgh Pack Express mednarodna selitev podjetje\" width=\"1440\" height=\"678\" data-wp-pid=\"7486\" srcset=\"https:\/\/moverdb.com\/wp-content\/uploads\/Simorgh-Pack-Express-international-moving-company.png 1440w, https:\/\/moverdb.com\/wp-content\/uploads\/Simorgh-Pack-Express-international-moving-company-300x141.png 300w, https:\/\/moverdb.com\/wp-content\/uploads\/Simorgh-Pack-Express-international-moving-company-1024x482.png 1024w, https:\/\/moverdb.com\/wp-content\/uploads\/Simorgh-Pack-Express-international-moving-company-18x8.png 18w, https:\/\/moverdb.com\/wp-content\/uploads\/Simorgh-Pack-Express-international-moving-company-600x283.png 600w\" sizes=\"auto, (max-width: 1440px) 100vw, 1440px\" \/><\/p>\n<ul>\n<li>Nacionalne poteze<\/li>\n<li>Mednarodne selitve<\/li>\n<li>Selitve gospodinjstev<\/li>\n<li>Anketa na domu<\/li>\n<li>Storitev pakiranja<\/li>\n<li>Prevoz po morju, zraku in kopnem<\/li>\n<li>Carinska pomo\u010d<\/li>\n<li>Prevoz vozil<\/li>\n<li>Zavarovanje<\/li>\n<li>Prostori za shranjevanje<\/li>\n<\/ul>\n<p>Simorgh Pack Express je podjetje za selitev s sede\u017eem v Teheranu. Ima svetovno mre\u017eo sodelavcev, ki pomagajo pri mednarodnih selitvah kjer koli na svetu. Je \u010dlan zdru\u017eenja IAM z 31-letno tradicijo.<\/p>\n<p>Simorgh Pack Express bo koordiniral va\u0161o celotno selitev in poskrbel, da bo potekala brez te\u017eav, ne glede na to, ali se selite lokalno ali po vsem svetu. Zagotavljajo usposobljeno osebje, ki z uporabo visokokakovostnih materialov varno zapakira va\u0161e stvari in jih za\u0161\u010diti pri prevozu. Poskrbeli bodo za va\u0161o po\u0161iljko po kopnem, zraku ali morju in zagotovili, da bodo na\u0161li najbolj\u0161o re\u0161itev za va\u0161e potrebe in najni\u017eje stro\u0161ke.<\/p>\n<p>Spletna stran: <a href=\"http:\/\/www.simorghpackexpress.com\" target=\"_blank\" rel=\"noopener\">http:\/\/www.simorghpackexpress.com<\/a><\/p>\n<h2><span class=\"ez-toc-section\" id=\"4_Simorgh_Pack\"><\/span><strong>4. Simorgh Pack<\/strong><span class=\"ez-toc-section-end\"><\/span><\/h2>\n<p><img loading=\"lazy\" decoding=\"async\" class=\"alignnone size-full wp-image-7487\" src=\"https:\/\/moverdb.com\/wp-content\/uploads\/Simorgh-Pack-international-moving-company.png\" alt=\"Simorgh Pack mednarodno gibljejo podjetje\" width=\"1440\" height=\"680\" data-wp-pid=\"7487\" srcset=\"https:\/\/moverdb.com\/wp-content\/uploads\/Simorgh-Pack-international-moving-company.png 1440w, https:\/\/moverdb.com\/wp-content\/uploads\/Simorgh-Pack-international-moving-company-300x142.png 300w, https:\/\/moverdb.com\/wp-content\/uploads\/Simorgh-Pack-international-moving-company-1024x484.png 1024w, https:\/\/moverdb.com\/wp-content\/uploads\/Simorgh-Pack-international-moving-company-18x9.png 18w, https:\/\/moverdb.com\/wp-content\/uploads\/Simorgh-Pack-international-moving-company-600x283.png 600w\" sizes=\"auto, (max-width: 1440px) 100vw, 1440px\" \/><\/p>\n<ul>\n<li>Lokalne in nacionalne selitve<\/li>\n<li>Mednarodne selitve<\/li>\n<li>Selitve gospodinjstev<\/li>\n<li>Komercialni premiki<\/li>\n<li>Storitev od vrat do vrat<\/li>\n<li>Profesionalno pakiranje<\/li>\n<li>Prevoz po kopnem, zraku ali morju<\/li>\n<li>Prevoz vozil<\/li>\n<li>Zavarovanje<\/li>\n<li>Varna skladi\u0161\u010da<\/li>\n<\/ul>\n<p>Simorgh Pack je globalno podjetje za selitve s sede\u017eem v Teheranu, ki ljudem pomaga pri selitvah \u017ee od leta 1992. Ima svetovno mre\u017eo prevoznih in selitvenih agentov ter strokovnjakov, ki jih podpirajo. Je \u010dlan zdru\u017eenja IAM z 31-letno tradicijo.<\/p>\n<p>Simorgh Pack vam zagotavlja posebnega koordinatorja selitve, ki vam bo pomagal na vsakem koraku. Za\u010dne se z za\u010detnim pregledom, da oceni va\u0161e potrebe, nato pa poi\u0161\u010de najbolj\u0161e poti po pravih cenah. Njihovi profesionalni pakirci bodo va\u0161e stvari zapakirali za prevoz po kopnem, zraku ali morju s podrobnim popisom.<\/p>\n<p>Spletna stran: <a href=\"http:\/\/www.simorghpack.com\" target=\"_blank\" rel=\"noopener\">http:\/\/www.simorghpack.com<\/a><\/p>\n<h2><span class=\"ez-toc-section\" id=\"5_Unipack\"><\/span><strong>5. Unipack<\/strong><span class=\"ez-toc-section-end\"><\/span><\/h2>\n<p><img loading=\"lazy\" decoding=\"async\" class=\"alignnone size-full wp-image-7494\" src=\"https:\/\/moverdb.com\/wp-content\/uploads\/Unipack-international-moving-company-1.png\" alt=\"Unipack mednarodno gibanje podjetje\" width=\"1440\" height=\"681\" data-wp-pid=\"7494\" srcset=\"https:\/\/moverdb.com\/wp-content\/uploads\/Unipack-international-moving-company-1.png 1440w, https:\/\/moverdb.com\/wp-content\/uploads\/Unipack-international-moving-company-1-300x142.png 300w, https:\/\/moverdb.com\/wp-content\/uploads\/Unipack-international-moving-company-1-1024x484.png 1024w, https:\/\/moverdb.com\/wp-content\/uploads\/Unipack-international-moving-company-1-18x9.png 18w, https:\/\/moverdb.com\/wp-content\/uploads\/Unipack-international-moving-company-1-600x284.png 600w\" sizes=\"auto, (max-width: 1440px) 100vw, 1440px\" \/><\/p>\n<ul>\n<li>Mednarodne selitve<\/li>\n<li>Selitve gospodinjstev<\/li>\n<li>Komercialne in pisarni\u0161ke selitve<\/li>\n<li>Storitev od vrat do vrat<\/li>\n<li>Storitve pakiranja<\/li>\n<li>Carinske formalnosti<\/li>\n<li>Kopenski, pomorski in zra\u010dni prevoz<\/li>\n<li>Prevoz hi\u0161nih ljubljen\u010dkov<\/li>\n<li>Prevoz vozil<\/li>\n<li>Prostori za shranjevanje<\/li>\n<\/ul>\n<p>Unipack je mednarodno pakirno in \u0161peditersko podjetje s sede\u017eem v Iranu, ki je bilo ustanovljeno leta 1975. Sodeluje z mre\u017eo izbranih mednarodnih partnerjev za selitve in preselitve po vsem svetu, da lahko izvede selitve kjer koli. Je \u010dlan zdru\u017eenja IAM z 49-letno tradicijo.<\/p>\n<p>Unipack ponuja \u0161iroko paleto prevoznih storitev, vklju\u010dno s prevozom gospodinjskega blaga, razstavnega blaga, likovnih del, vozil, hi\u0161nih \u017eivali, trupel in pisarni\u0161kih po\u0161iljk. Nudijo storitve selitev od vrat do vrat, ki vklju\u010dujejo varno pakiranje stvari in uporabo lesenih zabojev za krhke predmete. Organizirajo po\u0161iljanje po kopnem, zraku in morju ter poskrbijo za carinske formalnosti.<\/p>\n<p>Spletna stran: <a href=\"http:\/\/www.unipack.ir\" target=\"_blank\" rel=\"noopener\">http:\/\/www.unipack.ir<\/a><\/p>","protected":false},"excerpt":{"rendered":"<p>Are you planning on moving? Whether you are moving home and\/or business, you might want some help to reduce the pressure which is where a moving company can help. Below we have compiled a list of Iran based removal companies that are members of the International Association of Movers (IAM) and\/or FIDI Accredited International Mover [&hellip;]<\/p>\n","protected":false},"author":4,"featured_media":0,"parent":190,"menu_order":0,"comment_status":"closed","ping_status":"closed","template":"","meta":{"_genesis_hide_title":false,"_genesis_hide_breadcrumbs":false,"_genesis_hide_singular_image":false,"_genesis_hide_footer_widgets":false,"_genesis_custom_body_class":"","_genesis_custom_post_class":"","_genesis_layout":"","footnotes":""},"class_list":{"0":"post-7525","1":"page","2":"type-page","3":"status-publish","5":"entry","6":"has-post-thumbnail"},"_links":{"self":[{"href":"https:\/\/moverdb.com\/sl\/wp-json\/wp\/v2\/pages\/7525","targetHints":{"allow":["GET"]}}],"collection":[{"href":"https:\/\/moverdb.com\/sl\/wp-json\/wp\/v2\/pages"}],"about":[{"href":"https:\/\/moverdb.com\/sl\/wp-json\/wp\/v2\/types\/page"}],"author":[{"embeddable":true,"href":"https:\/\/moverdb.com\/sl\/wp-json\/wp\/v2\/users\/4"}],"replies":[{"embeddable":true,"href":"https:\/\/moverdb.com\/sl\/wp-json\/wp\/v2\/comments?post=7525"}],"version-history":[{"count":1,"href":"https:\/\/moverdb.com\/sl\/wp-json\/wp\/v2\/pages\/7525\/revisions"}],"predecessor-version":[{"id":7527,"href":"https:\/\/moverdb.com\/sl\/wp-json\/wp\/v2\/pages\/7525\/revisions\/7527"}],"up":[{"embeddable":true,"href":"https:\/\/moverdb.com\/sl\/wp-json\/wp\/v2\/pages\/190"}],"wp:attachment":[{"href":"https:\/\/moverdb.com\/sl\/wp-json\/wp\/v2\/media?parent=7525"}],"curies":[{"name":"wp","href":"https:\/\/api.w.org\/{rel}","templated":true}]}}