{"id":7508,"date":"2023-02-01T13:58:25","date_gmt":"2023-02-01T13:58:25","guid":{"rendered":"https:\/\/moverdb.com\/?page_id=7508"},"modified":"2026-01-08T15:23:42","modified_gmt":"2026-01-08T15:23:42","slug":"selitev-podjetja-ghana","status":"publish","type":"page","link":"https:\/\/moverdb.com\/sl\/moving-companies\/moving-companies-ghana\/","title":{"rendered":"2 Najbolj\u0161e mednarodne selitve podjetja v Gani"},"content":{"rendered":"<p>Na\u010drtujete selitev v Gano, iz nje ali vanjo? Potem vas morda zanima, ali bi lahko uporabili storitve profesionalnega <a href=\"https:\/\/moverdb.com\/sl\/moving-companies\/\" data-internallinksmanager029f6b8e52c=\"79\" title=\"Top 25 Mednarodne selitve podjetja Online\">selitev podjetja<\/a> ki vam lahko pomagajo pri selitvi stvari in urejanju dokumentacije. V nadaljevanju smo pripravili seznam podjetij iz Gane <a href=\"https:\/\/moverdb.com\/sl\/international-removals\/\" data-internallinksmanager029f6b8e52c=\"27\" title=\"36 najbolj\u0161ih podjetij za mednarodne selitve v Zdru\u017eenem kraljestvu\">podjetja za selitve<\/a> ki so \u010dlani <a href=\"https:\/\/moverdb.com\/sl\/iam\/\" data-internallinksmanager029f6b8e52c=\"23\" title=\"Pojasnila o Mednarodnem zdru\u017eenju gibalcev (IAM)\">Mednarodno zdru\u017eenje movers<\/a> (IAM) in\/ali <a href=\"https:\/\/moverdb.com\/sl\/fidi-faim\/\" data-internallinksmanager029f6b8e52c=\"16\" title=\"Pojasnila o FIDI in FAIM (FIDI Accredited International Mover)\">FIDI<\/a> akreditirani mednarodni selitveni delavci (FAIM), ki vam lahko pomagajo pri selitvi.<\/p>\n<h2><strong>1. Premiki po vsem svetu<\/strong><\/h2>\n<p><img loading=\"lazy\" decoding=\"async\" class=\"alignnone size-full wp-image-7498\" src=\"https:\/\/moverdb.com\/wp-content\/uploads\/Worldwide-Movers-Ghana-international-moving-company.png\" alt=\"Worldwide Movers Gana mednarodno gibljejo podjetje\" width=\"1440\" height=\"675\" data-wp-pid=\"7498\" srcset=\"https:\/\/moverdb.com\/wp-content\/uploads\/Worldwide-Movers-Ghana-international-moving-company.png 1440w, https:\/\/moverdb.com\/wp-content\/uploads\/Worldwide-Movers-Ghana-international-moving-company-300x141.png 300w, https:\/\/moverdb.com\/wp-content\/uploads\/Worldwide-Movers-Ghana-international-moving-company-1024x480.png 1024w, https:\/\/moverdb.com\/wp-content\/uploads\/Worldwide-Movers-Ghana-international-moving-company-18x8.png 18w, https:\/\/moverdb.com\/wp-content\/uploads\/Worldwide-Movers-Ghana-international-moving-company-600x281.png 600w\" sizes=\"auto, (max-width: 1440px) 100vw, 1440px\" \/><\/p>\n<ul>\n<li>Nacionalne poteze<\/li>\n<li>Mednarodne selitve<\/li>\n<li>Selitve gospodinjstev<\/li>\n<li>Selitve pisarn<\/li>\n<li>Storitev od vrat do vrat<\/li>\n<li>Cestni, pomorski in zra\u010dni prevoz<\/li>\n<li>Podpora pri carinskih formalnostih<\/li>\n<li>Prevoz hi\u0161nih ljubljen\u010dkov<\/li>\n<li>Orientacijske storitve<\/li>\n<li>Prostori za shranjevanje<\/li>\n<\/ul>\n<p>Worldwide Movers je mednarodno podjetje za selitve s pisarnami po vsem svetu, vklju\u010dno s pisarno v Gani, ki je bila ustanovljena leta 2013 v Akri. Ima zlati standard za selitev v Afriki in je \u010dlan zdru\u017eenja IAM z 10-letnim delom.<\/p>\n<p>Worldwide Movers ponuja storitev od vrat do vrat za selitve, ki se za\u010dne z raziskavo za pripravo ponudbe. Organizirajo prevoz po cesti, morju ali zraku ter vas pou\u010dijo o carinskih predpisih in zavarovanju. Nudijo tudi dodatne storitve za pomo\u010d pri naselitvi, ki vklju\u010dujejo orientacijsko storitev za spoznavanje obmo\u010dja ter pomo\u010d pri iskanju nastanitve in \u0161ole.<\/p>\n<p>Spletna stran: <a href=\"https:\/\/www.worldwidemoversafrica.com\/countries\/ghana\/\" target=\"_blank\" rel=\"noopener\">https:\/\/www.worldwidemoversafrica.com\/countries\/ghana\/<\/a><\/p>\n<h2><strong>2. Doxa Worldwide Movers<\/strong><\/h2>\n<p><img loading=\"lazy\" decoding=\"async\" class=\"alignnone size-full wp-image-7436\" src=\"https:\/\/moverdb.com\/wp-content\/uploads\/Doxa-Worldwide-Movers-international-moving-company.png\" alt=\"Doxa Worldwide Movers mednarodno gibanje podjetje\" width=\"1440\" height=\"686\" data-wp-pid=\"7436\" srcset=\"https:\/\/moverdb.com\/wp-content\/uploads\/Doxa-Worldwide-Movers-international-moving-company.png 1440w, https:\/\/moverdb.com\/wp-content\/uploads\/Doxa-Worldwide-Movers-international-moving-company-300x143.png 300w, https:\/\/moverdb.com\/wp-content\/uploads\/Doxa-Worldwide-Movers-international-moving-company-1024x488.png 1024w, https:\/\/moverdb.com\/wp-content\/uploads\/Doxa-Worldwide-Movers-international-moving-company-18x9.png 18w, https:\/\/moverdb.com\/wp-content\/uploads\/Doxa-Worldwide-Movers-international-moving-company-600x286.png 600w\" sizes=\"auto, (max-width: 1440px) 100vw, 1440px\" \/><\/p>\n<ul>\n<li>Nacionalne poteze<\/li>\n<li>Mednarodne selitve<\/li>\n<li>Stanovanjske selitve<\/li>\n<li>Selitve podjetij<\/li>\n<li>Od vrat do vrat ali <a href=\"https:\/\/moverdb.com\/sl\/top-49-container-ports\/\" data-internallinksmanager029f6b8e52c=\"80\" title=\"Top 49 najve\u010djih in najbolj obremenjenih pristani\u0161\u010d za kontejnerje v letu 2025\">pristani\u0161\u010de<\/a>-storitve na pristani\u0161\u010du<\/li>\n<li>Storitev pakiranja<\/li>\n<li>Posebni furnir ali leseni zaboji<\/li>\n<li>Prevoz po kopnem, zraku ali morju<\/li>\n<li>Carinjenje<\/li>\n<li>Varna skladi\u0161\u010da<\/li>\n<\/ul>\n<p>Doxa Worldwide Movers je \u0161peditersko podjetje iz Gane, ki deluje \u017ee 20 let. Je \u010dlan zdru\u017eenja IAM z 28-letno tradicijo, ki jim omogo\u010da dostop do \u0161iroke mre\u017ee selitvenih agentov po vsem svetu, ki jim pomagajo.<\/p>\n<p>Doxa Worldwide Movers ponuja storitev od vrat do vrat ali od pristani\u0161\u010da do pristani\u0161\u010da. Zagotavljajo storitve pakiranja po mednarodnih standardih, pri \u010demer uporabljajo razli\u010dne pakirne materiale in po potrebi posebne furnirje ali lesene \u0161katle za za\u0161\u010dito va\u0161ih stvari med prevozom. Zagotavljajo prevoz po kopnem, morju ali zraku in pomagajo pri carinjenju.<\/p>\n<p>Spletna stran: <a href=\"https:\/\/doxaworldwidemovers.com\" target=\"_blank\" rel=\"noopener\">https:\/\/doxaworldwidemovers.com<\/a><\/p>","protected":false},"excerpt":{"rendered":"<p>Are you planning a move in, from or to Ghana? Then you might be interested in employing the services of a professional moving company that can assist with moving your belongings and handle the paperwork. Below we have compiled a list of Ghana based removal companies that are members of the International Association of Movers [&hellip;]<\/p>\n","protected":false},"author":4,"featured_media":0,"parent":190,"menu_order":0,"comment_status":"closed","ping_status":"closed","template":"","meta":{"_genesis_hide_title":false,"_genesis_hide_breadcrumbs":false,"_genesis_hide_singular_image":false,"_genesis_hide_footer_widgets":false,"_genesis_custom_body_class":"","_genesis_custom_post_class":"","_genesis_layout":"","footnotes":""},"class_list":{"0":"post-7508","1":"page","2":"type-page","3":"status-publish","5":"entry","6":"has-post-thumbnail"},"_links":{"self":[{"href":"https:\/\/moverdb.com\/sl\/wp-json\/wp\/v2\/pages\/7508","targetHints":{"allow":["GET"]}}],"collection":[{"href":"https:\/\/moverdb.com\/sl\/wp-json\/wp\/v2\/pages"}],"about":[{"href":"https:\/\/moverdb.com\/sl\/wp-json\/wp\/v2\/types\/page"}],"author":[{"embeddable":true,"href":"https:\/\/moverdb.com\/sl\/wp-json\/wp\/v2\/users\/4"}],"replies":[{"embeddable":true,"href":"https:\/\/moverdb.com\/sl\/wp-json\/wp\/v2\/comments?post=7508"}],"version-history":[{"count":1,"href":"https:\/\/moverdb.com\/sl\/wp-json\/wp\/v2\/pages\/7508\/revisions"}],"predecessor-version":[{"id":7509,"href":"https:\/\/moverdb.com\/sl\/wp-json\/wp\/v2\/pages\/7508\/revisions\/7509"}],"up":[{"embeddable":true,"href":"https:\/\/moverdb.com\/sl\/wp-json\/wp\/v2\/pages\/190"}],"wp:attachment":[{"href":"https:\/\/moverdb.com\/sl\/wp-json\/wp\/v2\/media?parent=7508"}],"curies":[{"name":"wp","href":"https:\/\/api.w.org\/{rel}","templated":true}]}}