{"id":6051,"date":"2023-02-01T12:39:56","date_gmt":"2023-02-01T12:39:56","guid":{"rendered":"https:\/\/moverdb.com\/?page_id=6051"},"modified":"2026-01-08T15:24:43","modified_gmt":"2026-01-08T15:24:43","slug":"selitev-podjetja-finland","status":"publish","type":"page","link":"https:\/\/moverdb.com\/sl\/moving-companies\/moving-companies-finland\/","title":{"rendered":"4 Najbolj\u0161a mednarodna selitvena podjetja na Finskem"},"content":{"rendered":"<p>Selitev doma ali poslovnih prostorov je lahko stresno obdobje, saj je treba urediti veliko stvari, zlasti \u010de se selite v drugo dr\u017eavo. Zato lahko za selitev uporabite storitve <a href=\"https:\/\/moverdb.com\/sl\/moving-companies\/\" data-internallinksmanager029f6b8e52c=\"79\" title=\"Top 25 Mednarodne selitve podjetja Online\">selitev podjetja<\/a> vam lahko olaj\u0161ajo delo, saj lahko za vas uredijo vse potrebno in vam pomagajo pri urejanju dokumentacije. V nadaljevanju smo pripravili seznam <a href=\"https:\/\/moverdb.com\/sl\/international-removals\/\" data-internallinksmanager029f6b8e52c=\"27\" title=\"36 najbolj\u0161ih podjetij za mednarodne selitve v Zdru\u017eenem kraljestvu\">podjetja za selitve<\/a> s sede\u017eem v <a href=\"https:\/\/moverdb.com\/sl\/moving-to-finland\/\" data-internallinksmanager029f6b8e52c=\"345\" title=\"Selitev na Finsko? 2023 \u017divljenjski stro\u0161ki in nasveti za selitev\">Finska<\/a> ki so \u010dlani <a href=\"https:\/\/moverdb.com\/sl\/iam\/\" data-internallinksmanager029f6b8e52c=\"23\" title=\"Pojasnila o Mednarodnem zdru\u017eenju gibalcev (IAM)\">Mednarodno zdru\u017eenje movers<\/a> (IAM) in\/ali <a href=\"https:\/\/moverdb.com\/sl\/fidi-faim\/\" data-internallinksmanager029f6b8e52c=\"16\" title=\"Pojasnila o FIDI in FAIM (FIDI Accredited International Mover)\">FIDI<\/a> akreditirani mednarodni selitveni urad (FAIM), ki vam lahko pomaga pri selitvi.<\/p>\n<div id=\"ez-toc-container\" class=\"ez-toc-v2_0_82_2 ez-toc-wrap-left counter-hierarchy ez-toc-counter ez-toc-transparent ez-toc-container-direction\">\n<div class=\"ez-toc-title-container\">\n<p class=\"ez-toc-title\" style=\"cursor:inherit\">Oddelki<\/p>\n<span class=\"ez-toc-title-toggle\"><a href=\"#\" class=\"ez-toc-pull-right ez-toc-btn ez-toc-btn-xs ez-toc-btn-default ez-toc-toggle\" aria-label=\"Toggle Tabela vsebine\"><span class=\"ez-toc-js-icon-con\"><span class=\"\"><span class=\"eztoc-hide\" style=\"display:none;\">Toggle<\/span><span class=\"ez-toc-icon-toggle-span\"><svg style=\"fill: #999;color:#999\" xmlns=\"http:\/\/www.w3.org\/2000\/svg\" class=\"list-377408\" width=\"20px\" height=\"20px\" viewbox=\"0 0 24 24\" fill=\"none\"><path d=\"M6 6H4v2h2V6zm14 0H8v2h12V6zM4 11h2v2H4v-2zm16 0H8v2h12v-2zM4 16h2v2H4v-2zm16 0H8v2h12v-2z\" fill=\"currentColor\"><\/path><\/svg><svg style=\"fill: #999;color:#999\" class=\"arrow-unsorted-368013\" xmlns=\"http:\/\/www.w3.org\/2000\/svg\" width=\"10px\" height=\"10px\" viewbox=\"0 0 24 24\" version=\"1.2\" baseprofile=\"tiny\"><path d=\"M18.2 9.3l-6.2-6.3-6.2 6.3c-.2.2-.3.4-.3.7s.1.5.3.7c.2.2.4.3.7.3h11c.3 0 .5-.1.7-.3.2-.2.3-.5.3-.7s-.1-.5-.3-.7zM5.8 14.7l6.2 6.3 6.2-6.3c.2-.2.3-.5.3-.7s-.1-.5-.3-.7c-.2-.2-.4-.3-.7-.3h-11c-.3 0-.5.1-.7.3-.2.2-.3.5-.3.7s.1.5.3.7z\"\/><\/svg><\/span><\/span><\/span><\/a><\/span><\/div>\n<nav><ul class='ez-toc-list ez-toc-list-level-1 eztoc-toggle-hide-by-default' ><li class='ez-toc-page-1 ez-toc-heading-level-2'><a class=\"ez-toc-link ez-toc-heading-1\" href=\"https:\/\/moverdb.com\/sl\/moving-companies\/moving-companies-finland\/#1_Travelcargo_International_Removals\" >1. Mednarodna selitev Travelcargo<\/a><\/li><li class='ez-toc-page-1 ez-toc-heading-level-2'><a class=\"ez-toc-link ez-toc-heading-2\" href=\"https:\/\/moverdb.com\/sl\/moving-companies\/moving-companies-finland\/#2_Niemi_Services\" >2. Storitve Niemi<\/a><\/li><li class='ez-toc-page-1 ez-toc-heading-level-2'><a class=\"ez-toc-link ez-toc-heading-3\" href=\"https:\/\/moverdb.com\/sl\/moving-companies\/moving-companies-finland\/#3_Pegasus_Moving\" >3. Pegasus Moving<\/a><\/li><li class='ez-toc-page-1 ez-toc-heading-level-2'><a class=\"ez-toc-link ez-toc-heading-4\" href=\"https:\/\/moverdb.com\/sl\/moving-companies\/moving-companies-finland\/#4_Victor_EK\" >4. Victor EK<\/a><\/li><li class='ez-toc-page-1 ez-toc-heading-level-2'><a class=\"ez-toc-link ez-toc-heading-5\" href=\"https:\/\/moverdb.com\/sl\/moving-companies\/moving-companies-finland\/#Other_Useful_Guides_to_Finland\" >Drugi uporabni vodniki za Finsko<\/a><\/li><\/ul><\/nav><\/div>\n<h2><span class=\"ez-toc-section\" id=\"1_Travelcargo_International_Removals\"><\/span><strong>1. Mednarodna selitev Travelcargo<\/strong><span class=\"ez-toc-section-end\"><\/span><\/h2>\n<p><img loading=\"lazy\" decoding=\"async\" class=\"alignnone size-full wp-image-6052\" src=\"https:\/\/moverdb.com\/wp-content\/uploads\/Travel-Cargo-international-moving-company.png\" alt=\"Travel Cargo mednarodno gibljejo podjetje\" width=\"1440\" height=\"672\" data-wp-pid=\"6052\" srcset=\"https:\/\/moverdb.com\/wp-content\/uploads\/Travel-Cargo-international-moving-company.png 1440w, https:\/\/moverdb.com\/wp-content\/uploads\/Travel-Cargo-international-moving-company-300x140.png 300w, https:\/\/moverdb.com\/wp-content\/uploads\/Travel-Cargo-international-moving-company-1024x478.png 1024w, https:\/\/moverdb.com\/wp-content\/uploads\/Travel-Cargo-international-moving-company-18x8.png 18w, https:\/\/moverdb.com\/wp-content\/uploads\/Travel-Cargo-international-moving-company-600x280.png 600w\" sizes=\"auto, (max-width: 1440px) 100vw, 1440px\" \/><\/p>\n<ul>\n<li>Mednarodne selitve<\/li>\n<li>Selitve gospodinjstev<\/li>\n<li>Premiki podjetij<\/li>\n<li>Storitev od vrat do vrat<\/li>\n<li>Strokovna storitev pakiranja<\/li>\n<li>Cestni, zra\u010dni in pomorski prevoz<\/li>\n<li>Carinjenje<\/li>\n<li>Prevoz \u017eivali<\/li>\n<li>Storitev za odve\u010dno prtljago<\/li>\n<li>Sejmi in dogodki<\/li>\n<\/ul>\n<p>Travelcargo International Removals je selitveno in logisti\u010dno podjetje s sede\u017eem v Helsinkih, ustanovljeno leta 2005. Je oddelek podjetja ATC Global Solutions. Prek partnerstev z drugimi mednarodnimi selitvenimi agenti ponujajo selitvene storitve v ve\u010d kot 180 dr\u017eavah po vsem svetu. So \u010dlan zdru\u017eenja IAM s 17-letno tradicijo in so akreditirani pri FIDI.<\/p>\n<p>Travelcargo ponuja pregled pred selitvijo, da oceni va\u0161e potrebe in se dogovori za selitev s storitvijo od vrat do vrat. Zagotavljajo vam profesionalne pakirce, ki va\u0161e stvari varno zapakirajo z visokokakovostnimi pakirnimi materiali. Organizirajo prevoz po cesti, zraku in morju s carinjenjem.<\/p>\n<p>Spletna stran: <a href=\"http:\/\/www.travelcargo.fi\" target=\"_blank\" rel=\"noopener\">http:\/\/www.travelcargo.fi<\/a><\/p>\n<h2><span class=\"ez-toc-section\" id=\"2_Niemi_Services\"><\/span><strong>2. Storitve Niemi<\/strong><span class=\"ez-toc-section-end\"><\/span><\/h2>\n<p><img loading=\"lazy\" decoding=\"async\" class=\"alignnone size-full wp-image-5986\" src=\"https:\/\/moverdb.com\/wp-content\/uploads\/Niemi-Services-international-moving-company.png\" alt=\"Niemi Storitve mednarodno gibljejo podjetje\" width=\"1440\" height=\"683\" data-wp-pid=\"5986\" srcset=\"https:\/\/moverdb.com\/wp-content\/uploads\/Niemi-Services-international-moving-company.png 1440w, https:\/\/moverdb.com\/wp-content\/uploads\/Niemi-Services-international-moving-company-300x142.png 300w, https:\/\/moverdb.com\/wp-content\/uploads\/Niemi-Services-international-moving-company-1024x486.png 1024w, https:\/\/moverdb.com\/wp-content\/uploads\/Niemi-Services-international-moving-company-18x9.png 18w, https:\/\/moverdb.com\/wp-content\/uploads\/Niemi-Services-international-moving-company-600x285.png 600w\" sizes=\"auto, (max-width: 1440px) 100vw, 1440px\" \/><\/p>\n<ul>\n<li>Nacionalne poteze<\/li>\n<li>Mednarodne selitve<\/li>\n<li>Stanovanjske selitve<\/li>\n<li>Premiki podjetij<\/li>\n<li>Izbira stopnje gibanja paketa<\/li>\n<li>Storitve pakiranja<\/li>\n<li>Cestni, pomorski in zra\u010dni tovorni promet<\/li>\n<li>Carinjenje<\/li>\n<li>Zavarovanje<\/li>\n<li>Skladi\u0161\u010da za kratkoro\u010dno in dolgoro\u010dno skladi\u0161\u010denje<\/li>\n<\/ul>\n<p>Niemi Services je selitveno in logisti\u010dno podjetje, ki ima operativne centre v Helsinkih, Jyvaskyli in Kuopiu, <a href=\"https:\/\/www.niemi.fi\/en\/about_us\/offices\/niemi_lahti\" target=\"_blank\" rel=\"noopener\">Lahti<\/a>,&nbsp;<a href=\"https:\/\/www.niemi.fi\/en\/about_us\/offices\/niemi_oulu\" target=\"_blank\" rel=\"noopener\">Oulu<\/a>,&nbsp;<a href=\"https:\/\/www.niemi.fi\/en\/about_us\/offices\/niemi_tampere\" target=\"_blank\" rel=\"noopener\">Tampere<\/a>,&nbsp;<a href=\"https:\/\/www.niemi.fi\/en\/about_us\/offices\/niemi_turku\" target=\"_blank\" rel=\"noopener\">Turku<\/a>in&nbsp;<a href=\"https:\/\/www.niemi.fi\/en\/about_us\/offices\/niemi_vaasa\" target=\"_blank\" rel=\"noopener\">Vaasa<\/a>. V sodelovanju z mednarodnimi agencijami za selitve ponujajo selitve po vsem svetu. So \u010dlani zdru\u017eenja IAM z 41-letno tradicijo in so akreditirani pri FIDI.<\/p>\n<p>Niemi Services ponuja razli\u010dne selitvene storitve, od najema \u0161katle za selitev do celovite selitve. Nudijo brezpla\u010dno oceno in na\u010drtovanje, da se dogovorite za selitev. Uporabljajo lasten vozni park ter ponujajo tudi letalski in pomorski prevoz za posamezne predmete do polnih zabojnikov.<\/p>\n<p>Spletna stran: <a href=\"http:\/\/www.niemi.fi\/en\" target=\"_blank\" rel=\"noopener\">http:\/\/www.niemi.fi\/en<\/a><\/p>\n<h2><span class=\"ez-toc-section\" id=\"3_Pegasus_Moving\"><\/span><strong>3. Pegasus Moving<\/strong><span class=\"ez-toc-section-end\"><\/span><\/h2>\n<p><img loading=\"lazy\" decoding=\"async\" class=\"alignnone size-full wp-image-5991\" src=\"https:\/\/moverdb.com\/wp-content\/uploads\/Pegasus-Moving-international-moving-company.png\" alt=\"Pegasus Moving mednarodno gibanje podjetje\" width=\"1440\" height=\"682\" data-wp-pid=\"5991\" srcset=\"https:\/\/moverdb.com\/wp-content\/uploads\/Pegasus-Moving-international-moving-company.png 1440w, https:\/\/moverdb.com\/wp-content\/uploads\/Pegasus-Moving-international-moving-company-300x142.png 300w, https:\/\/moverdb.com\/wp-content\/uploads\/Pegasus-Moving-international-moving-company-1024x485.png 1024w, https:\/\/moverdb.com\/wp-content\/uploads\/Pegasus-Moving-international-moving-company-18x9.png 18w, https:\/\/moverdb.com\/wp-content\/uploads\/Pegasus-Moving-international-moving-company-600x284.png 600w\" sizes=\"auto, (max-width: 1440px) 100vw, 1440px\" \/><\/p>\n<ul>\n<li>Nacionalne poteze<\/li>\n<li>Mednarodne selitve<\/li>\n<li>Selitve gospodinjstev<\/li>\n<li>Storitve premestitve<\/li>\n<li>Prilagojene storitve<\/li>\n<li>Storitve pakiranja<\/li>\n<li>Po meri izdelane \u0161katle za po\u0161iljanje<\/li>\n<li>Carinska podpora<\/li>\n<li>Prevoz avtomobilov<\/li>\n<li>Kratkoro\u010dno do dolgoro\u010dno skladi\u0161\u010denje<\/li>\n<\/ul>\n<p>Pegasus Moving je podjetje za selitve in logistiko, ki ima ve\u010d kot 20 let izku\u0161enj in ima sede\u017e v Helsinkih. Pri mednarodnih selitvah sodeluje z drugimi selitvenimi agenti. Je \u010dlan zdru\u017eenja IAM z 11-letno tradicijo.<\/p>\n<p>Podjetje Pegasus Moving ponuja preglede selitev, da ugotovi, kak\u0161ne so va\u0161e zahteve, in vam nudi storitve pakiranja za za\u0161\u010dito va\u0161ih stvari. Uredijo vse vidike selitve, prilagojene va\u0161im potrebam, in vam pomagajo pri izpolnjevanju carinskih zahtev. Ponujajo tudi dodatne storitve, kot so kon\u010dno \u010di\u0161\u010denje, odstranjevanje odpadkov, recikliranje starega pohi\u0161tva, namestitev elektri\u010dnih naprav in skladi\u0161\u010denje.<\/p>\n<p>Spletna stran: <a href=\"http:\/\/www.pegasusmoving.fi\" target=\"_blank\" rel=\"noopener\">http:\/\/www.pegasusmoving.fi<\/a><\/p>\n<h2><span class=\"ez-toc-section\" id=\"4_Victor_EK\"><\/span><strong>4. Victor EK<\/strong><span class=\"ez-toc-section-end\"><\/span><\/h2>\n<p><img loading=\"lazy\" decoding=\"async\" class=\"alignnone size-full wp-image-6010\" src=\"https:\/\/moverdb.com\/wp-content\/uploads\/Victor-EK-international-moving-company.png\" alt=\"Victor EK mednarodno gibljejo podjetje\" width=\"1440\" height=\"682\" data-wp-pid=\"6010\" srcset=\"https:\/\/moverdb.com\/wp-content\/uploads\/Victor-EK-international-moving-company.png 1440w, https:\/\/moverdb.com\/wp-content\/uploads\/Victor-EK-international-moving-company-300x142.png 300w, https:\/\/moverdb.com\/wp-content\/uploads\/Victor-EK-international-moving-company-1024x485.png 1024w, https:\/\/moverdb.com\/wp-content\/uploads\/Victor-EK-international-moving-company-18x9.png 18w, https:\/\/moverdb.com\/wp-content\/uploads\/Victor-EK-international-moving-company-600x284.png 600w\" sizes=\"auto, (max-width: 1440px) 100vw, 1440px\" \/><\/p>\n<ul>\n<li>Nacionalne poteze<\/li>\n<li>Mednarodne selitve<\/li>\n<li>Selitve gospodinjstev<\/li>\n<li>Selitve podjetja<\/li>\n<li>Storitev pakiranja<\/li>\n<li>Kopenski, pomorski in zra\u010dni prevoz<\/li>\n<li>Carinjenje<\/li>\n<li>Zavarovanje<\/li>\n<li>Prevoz avtomobilov<\/li>\n<li>Prostori za shranjevanje<\/li>\n<\/ul>\n<p>Victor EK je dru\u017einsko podjetje za ladijski promet in logistiko, ustanovljeno leta 1885, ki ima pisarne v Helsinkih, Tampereju in Hanku. Dolgoro\u010dno sodeluje s prevoznimi podjetji in mednarodnimi organizacijami ter tako zagotavlja svoje storitve po vsem svetu. Podjetje je \u010dlan zdru\u017eenja <a href=\"https:\/\/moverdb.com\/sl\/harmony-relocation-network\/\" data-internallinksmanager029f6b8e52c=\"20\" title=\"Pojasnila o mre\u017ei za premestitev Harmony (HRN)\">Harmony Relocation Network<\/a> ad IAM s 129 leti delovanja in akreditacijo FIDI.<\/p>\n<p>Dru\u017eba Victor EK ponuja brezpla\u010den pregled, da ugotovi va\u0161e zahteve. \u010ce potrebujete storitve pakiranja, vam jih nudijo. Poskrbijo za prevoz va\u0161ih stvari po kopnem, zraku ali morju ter pomagajo pri carinjenju in zavarovanju. Nudijo tudi storitve \u010di\u0161\u010denja, ko zapustite svoj dom.<\/p>\n<p>Spletna stran: <a href=\"http:\/\/www.victorek.fi\" target=\"_blank\" rel=\"noopener\">http:\/\/www.victorek.fi<\/a><\/p>\n<h2><span class=\"ez-toc-section\" id=\"Other_Useful_Guides_to_Finland\"><\/span>Drugi uporabni vodniki za Finsko<span class=\"ez-toc-section-end\"><\/span><\/h2>\n<ul>\n<li> <a href=\"https:\/\/moverdb.com\/sl\/moving-to-finland\/\">Selitev na Finsko? 2023 \u017divljenjski stro\u0161ki in nasveti za selitev<\/a><\/li>\n<li> <a href=\"https:\/\/moverdb.com\/sl\/moving-to-finland\/best-places-to-live-finland\/\">12 najbolj\u0161ih mest za \u017eivljenje na Finskem<\/a><\/li>\n<li> <a href=\"https:\/\/moverdb.com\/sl\/moving-to-finland\/living-in-finland\/\">21 skrivnosti o \u017eivljenju na Finskem, ki jih morate poznati, preden se preselite<\/a><\/li>\n<li> <a href=\"https:\/\/moverdb.com\/sl\/kontejnersko-posiljanje\/finska\/\">2024 Cene pomorskega prevoza zabojnikov na Finsko in iz nje<\/a><\/li>\n<\/ul>","protected":false},"excerpt":{"rendered":"<p>Moving home or business premises can be a stressful time as there is so much to arrange, especially if you are moving to another country. So, engaging the services of a moving company can help lighten the load as they can make all the arrangements for you and assist you in navigating through the paperwork. [&hellip;]<\/p>\n","protected":false},"author":4,"featured_media":0,"parent":190,"menu_order":0,"comment_status":"closed","ping_status":"closed","template":"","meta":{"_genesis_hide_title":false,"_genesis_hide_breadcrumbs":false,"_genesis_hide_singular_image":false,"_genesis_hide_footer_widgets":false,"_genesis_custom_body_class":"","_genesis_custom_post_class":"","_genesis_layout":"","footnotes":""},"class_list":{"0":"post-6051","1":"page","2":"type-page","3":"status-publish","5":"entry","6":"has-post-thumbnail"},"_links":{"self":[{"href":"https:\/\/moverdb.com\/sl\/wp-json\/wp\/v2\/pages\/6051","targetHints":{"allow":["GET"]}}],"collection":[{"href":"https:\/\/moverdb.com\/sl\/wp-json\/wp\/v2\/pages"}],"about":[{"href":"https:\/\/moverdb.com\/sl\/wp-json\/wp\/v2\/types\/page"}],"author":[{"embeddable":true,"href":"https:\/\/moverdb.com\/sl\/wp-json\/wp\/v2\/users\/4"}],"replies":[{"embeddable":true,"href":"https:\/\/moverdb.com\/sl\/wp-json\/wp\/v2\/comments?post=6051"}],"version-history":[{"count":3,"href":"https:\/\/moverdb.com\/sl\/wp-json\/wp\/v2\/pages\/6051\/revisions"}],"predecessor-version":[{"id":16285,"href":"https:\/\/moverdb.com\/sl\/wp-json\/wp\/v2\/pages\/6051\/revisions\/16285"}],"up":[{"embeddable":true,"href":"https:\/\/moverdb.com\/sl\/wp-json\/wp\/v2\/pages\/190"}],"wp:attachment":[{"href":"https:\/\/moverdb.com\/sl\/wp-json\/wp\/v2\/media?parent=6051"}],"curies":[{"name":"wp","href":"https:\/\/api.w.org\/{rel}","templated":true}]}}