{"id":6040,"date":"2023-02-01T12:37:34","date_gmt":"2023-02-01T12:37:34","guid":{"rendered":"https:\/\/moverdb.com\/?page_id=6040"},"modified":"2026-01-08T15:24:14","modified_gmt":"2026-01-08T15:24:14","slug":"selitev-podjetja-el-salvador","status":"publish","type":"page","link":"https:\/\/moverdb.com\/sl\/moving-companies\/moving-companies-el-salvador\/","title":{"rendered":"3 Najbolj\u0161a mednarodna selitvena podjetja v Salvadorju"},"content":{"rendered":"<p>Ali se nameravate preseliti v Salvador ali v Salvador ali iz njega? Potem boste morda \u017eeleli izkoristiti storitve <a href=\"https:\/\/moverdb.com\/sl\/moving-companies\/\" data-internallinksmanager029f6b8e52c=\"79\" title=\"Top 25 Mednarodne selitve podjetja Online\">selitev podjetja<\/a> da vam pomagajo in vas razbremenijo. V nadaljevanju smo pripravili seznam Salvadorja <a href=\"https:\/\/moverdb.com\/sl\/international-removals\/\" data-internallinksmanager029f6b8e52c=\"27\" title=\"36 najbolj\u0161ih podjetij za mednarodne selitve v Zdru\u017eenem kraljestvu\">podjetja za selitve<\/a> ki so \u010dlani <a href=\"https:\/\/moverdb.com\/sl\/iam\/\" data-internallinksmanager029f6b8e52c=\"23\" title=\"Pojasnila o Mednarodnem zdru\u017eenju gibalcev (IAM)\">Mednarodno zdru\u017eenje movers<\/a> (IAM) in\/ali <a href=\"https:\/\/moverdb.com\/sl\/fidi-faim\/\" data-internallinksmanager029f6b8e52c=\"16\" title=\"Pojasnila o FIDI in FAIM (FIDI Accredited International Mover)\">FIDI<\/a> Akreditirani mednarodni selitveni delavci (FAIM), ki vam bodo morda lahko pomagali pri selitvi.<\/p>\n<h2><strong>1. Comca International<\/strong><\/h2>\n<ul>\n<li>Nacionalne poteze<\/li>\n<li>Mednarodne selitve<\/li>\n<li>Selitve gospodinjstev<\/li>\n<li>Pregled na domu<\/li>\n<li>Strokovna storitev pakiranja<\/li>\n<li>Cestni, pomorski in zra\u010dni prevoz<\/li>\n<li>Carinska podpora<\/li>\n<li>Pakiranje umetni\u0161kih del<\/li>\n<li>Zavarovanje<\/li>\n<li>Varno shranjevanje<\/li>\n<\/ul>\n<p>Comca International je podjetje za logisti\u010dne re\u0161itve na podro\u010dju transporta in distribucije, ki je bilo ustanovljeno leta 1967 in ponuja nacionalne in mednarodne selitvene storitve. Ima strate\u0161ka zavezni\u0161tva z mednarodnimi agencijami, ki mu omogo\u010dajo izvedbo mednarodnih selitev. Je \u010dlan zdru\u017eenja IAM s 55 leti delovanja.<\/p>\n<p>Dru\u017eba Comca International opravi pregled in oceno selitve ter vam svetuje glede najbolj\u0161ega na\u010dina prevoza. Nudijo profesionalne storitve pakiranja z uporabo najbolj\u0161ih materialov in \u0161katel ali lesenih zabojev z lepilno plastiko in trakovi za ve\u010djo za\u0161\u010dito pri prevozu. Organizirajo prevoz po cesti, morju ali zraku in pomagajo pri carini.<\/p>\n<p>Spletna stran: <a href=\"http:\/\/www.comca.com.sv\" target=\"_blank\" rel=\"noopener\">http:\/\/www.comca.com.sv<\/a><\/p>\n<h2><strong>2. Mudanzas Suarez<\/strong><\/h2>\n<p><img loading=\"lazy\" decoding=\"async\" class=\"alignnone size-full wp-image-5982\" src=\"https:\/\/moverdb.com\/wp-content\/uploads\/Mudanzas-Suarez-international-moving-company.png\" alt=\"Mudanzas Suarez mednarodno gibanje podjetje\" width=\"1440\" height=\"712\" data-wp-pid=\"5982\" srcset=\"https:\/\/moverdb.com\/wp-content\/uploads\/Mudanzas-Suarez-international-moving-company.png 1440w, https:\/\/moverdb.com\/wp-content\/uploads\/Mudanzas-Suarez-international-moving-company-300x148.png 300w, https:\/\/moverdb.com\/wp-content\/uploads\/Mudanzas-Suarez-international-moving-company-1024x506.png 1024w, https:\/\/moverdb.com\/wp-content\/uploads\/Mudanzas-Suarez-international-moving-company-18x9.png 18w, https:\/\/moverdb.com\/wp-content\/uploads\/Mudanzas-Suarez-international-moving-company-600x297.png 600w\" sizes=\"auto, (max-width: 1440px) 100vw, 1440px\" \/><\/p>\n<ul>\n<li>Nacionalne selitve<\/li>\n<li>Mednarodne selitve<\/li>\n<li>Stanovanjske selitve<\/li>\n<li>Poslovne poteze<\/li>\n<li>Osebna storitev<\/li>\n<li>Storitev od vrat do vrat<\/li>\n<li>Storitev pakiranja<\/li>\n<li>Prilagojene lesene \u0161katle<\/li>\n<li>Izbira mo\u017enosti prevoza<\/li>\n<li>Urejeni prostori za shranjevanje<\/li>\n<\/ul>\n<p>Mudanzas Suarez je logisti\u010dno in selitveno podjetje, ustanovljeno leta 1958 v Antiguo Cuscatlan. Ima \u0161iroko mre\u017eo mednarodnih zastopnikov, ki jim pomagajo pri izvajanju selitev po vsem svetu. Je \u010dlan zdru\u017eenja IAM s 54 leti delovanja.<\/p>\n<p>Podjetje Mudanzas Suarez ponuja prilagojene storitve in zagotavlja prilagojene re\u0161itve pakiranja s pomo\u010djo lastne ekipe mizarjev, ki izdeluje lesene \u0161katle po meri. Nudijo storitve pakiranja, ki bodo va\u0161e stvari za\u0161\u010ditile med prevozom. Ponujajo razli\u010dne mo\u017enosti prevoza tovora, vklju\u010dno z letalskim in pomorskim tovorom, na primer konsolidiranim tovorom.<\/p>\n<p>Spletna stran: <a href=\"http:\/\/suarez.com.sv\" target=\"_blank\" rel=\"noopener\">http:\/\/suarez.com.sv<\/a><\/p>\n<h2><strong>3. Mudisa Salvador<\/strong><\/h2>\n<p><img loading=\"lazy\" decoding=\"async\" class=\"alignnone size-full wp-image-5983\" src=\"https:\/\/moverdb.com\/wp-content\/uploads\/Mudisa-international-moving-company.png\" alt=\"Mudisa mednarodno gibljejo podjetje\" width=\"1440\" height=\"712\" data-wp-pid=\"5983\" srcset=\"https:\/\/moverdb.com\/wp-content\/uploads\/Mudisa-international-moving-company.png 1440w, https:\/\/moverdb.com\/wp-content\/uploads\/Mudisa-international-moving-company-300x148.png 300w, https:\/\/moverdb.com\/wp-content\/uploads\/Mudisa-international-moving-company-1024x506.png 1024w, https:\/\/moverdb.com\/wp-content\/uploads\/Mudisa-international-moving-company-18x9.png 18w, https:\/\/moverdb.com\/wp-content\/uploads\/Mudisa-international-moving-company-600x297.png 600w\" sizes=\"auto, (max-width: 1440px) 100vw, 1440px\" \/><\/p>\n<ul>\n<li>Nacionalne selitve<\/li>\n<li>Mednarodne selitve<\/li>\n<li>Selitve gospodinjstev<\/li>\n<li>Premiki podjetij<\/li>\n<li>Storitve premestitve<\/li>\n<li>Storitve od vrat do vrat<\/li>\n<li>Pakiranje, vklju\u010dno s \u0161katlami in zaboji po meri<\/li>\n<li>Prevoz umetni\u0161kih del<\/li>\n<li>Prevoz vozil<\/li>\n<li>Varna skladi\u0161\u010da<\/li>\n<\/ul>\n<p>Mudisa je podjetje za selitve, logistiko in splo\u0161ni tovor, ustanovljeno leta 1963 v San Salvadorju. V sodelovanju z drugimi mednarodnimi selitvenimi agenti zagotavlja mednarodne storitve od vrat do vrat, za nacionalne selitve pa ima lasten vozni park. Je \u010dlan zdru\u017eenja IAM s 45-letno tradicijo.<\/p>\n<p>Mudisa ponuja storitve selitve in preselitve za gospodinjstva in podjetja. Nudijo vam storitve v obstoje\u010dih in novih prostorih, kot sta pakiranje in razpakiranje, ki vklju\u010duje \u0161katle in zaboje po meri. Njihove selitvene storitve vklju\u010dujejo podporo pri priseljevanju, storitve ob prihodu, usmerjanje v \u0161ole, iskanje stanovanj in storitve za vselitev.<\/p>\n<p>Spletna stran: <a href=\"http:\/\/www.mudisa.com.sv\" target=\"_blank\" rel=\"noopener\">http:\/\/www.mudisa.com.sv<\/a><\/p>","protected":false},"excerpt":{"rendered":"<p>Are you planning on moving in El Salvador or to or from El Salvador? Then you may want to employ the services of a moving company to assist you and take some of the pressure off. Below we have compiled a list of El Salvador removal companies that are members of the International Association of [&hellip;]<\/p>\n","protected":false},"author":4,"featured_media":0,"parent":190,"menu_order":0,"comment_status":"closed","ping_status":"closed","template":"","meta":{"_genesis_hide_title":false,"_genesis_hide_breadcrumbs":false,"_genesis_hide_singular_image":false,"_genesis_hide_footer_widgets":false,"_genesis_custom_body_class":"","_genesis_custom_post_class":"","_genesis_layout":"","footnotes":""},"class_list":{"0":"post-6040","1":"page","2":"type-page","3":"status-publish","5":"entry","6":"has-post-thumbnail"},"_links":{"self":[{"href":"https:\/\/moverdb.com\/sl\/wp-json\/wp\/v2\/pages\/6040","targetHints":{"allow":["GET"]}}],"collection":[{"href":"https:\/\/moverdb.com\/sl\/wp-json\/wp\/v2\/pages"}],"about":[{"href":"https:\/\/moverdb.com\/sl\/wp-json\/wp\/v2\/types\/page"}],"author":[{"embeddable":true,"href":"https:\/\/moverdb.com\/sl\/wp-json\/wp\/v2\/users\/4"}],"replies":[{"embeddable":true,"href":"https:\/\/moverdb.com\/sl\/wp-json\/wp\/v2\/comments?post=6040"}],"version-history":[{"count":3,"href":"https:\/\/moverdb.com\/sl\/wp-json\/wp\/v2\/pages\/6040\/revisions"}],"predecessor-version":[{"id":6056,"href":"https:\/\/moverdb.com\/sl\/wp-json\/wp\/v2\/pages\/6040\/revisions\/6056"}],"up":[{"embeddable":true,"href":"https:\/\/moverdb.com\/sl\/wp-json\/wp\/v2\/pages\/190"}],"wp:attachment":[{"href":"https:\/\/moverdb.com\/sl\/wp-json\/wp\/v2\/media?parent=6040"}],"curies":[{"name":"wp","href":"https:\/\/api.w.org\/{rel}","templated":true}]}}