{"id":6036,"date":"2023-02-01T13:45:53","date_gmt":"2023-02-01T13:45:53","guid":{"rendered":"https:\/\/moverdb.com\/?page_id=6036"},"modified":"2026-01-08T15:29:19","modified_gmt":"2026-01-08T15:29:19","slug":"selitev-podjetja-dominika-republika","status":"publish","type":"page","link":"https:\/\/moverdb.com\/sl\/moving-companies\/moving-companies-dominican-republic\/","title":{"rendered":"6 najbolj\u0161ih mednarodnih selitvenih podjetij v Dominikanski republiki"},"content":{"rendered":"<p>\u010ce se selite v Dominikansko republiko ali iz nje ali v Dominikansko republiko, boste morda potrebovali pomo\u010d. Podjetje za selitev ali preselitev vam lahko olaj\u0161a selitev in vas razbremeni stresa. V nadaljevanju smo pripravili seznam podjetij iz Dominikanske republike <a href=\"https:\/\/moverdb.com\/sl\/international-removals\/\" data-internallinksmanager029f6b8e52c=\"27\" title=\"36 najbolj\u0161ih podjetij za mednarodne selitve v Zdru\u017eenem kraljestvu\">podjetja za selitve<\/a> ki so \u010dlani <a href=\"https:\/\/moverdb.com\/sl\/iam\/\" data-internallinksmanager029f6b8e52c=\"23\" title=\"Pojasnila o Mednarodnem zdru\u017eenju gibalcev (IAM)\">Mednarodno zdru\u017eenje movers<\/a> (IAM) in\/ali <a href=\"https:\/\/moverdb.com\/sl\/fidi-faim\/\" data-internallinksmanager029f6b8e52c=\"16\" title=\"Pojasnila o FIDI in FAIM (FIDI Accredited International Mover)\">FIDI<\/a> Akreditirani mednarodni selitveni delavci (FAIM), ki vam bodo morda lahko pomagali.<\/p>\n<div id=\"ez-toc-container\" class=\"ez-toc-v2_0_82_2 ez-toc-wrap-left counter-hierarchy ez-toc-counter ez-toc-transparent ez-toc-container-direction\">\n<div class=\"ez-toc-title-container\">\n<p class=\"ez-toc-title\" style=\"cursor:inherit\">Oddelki<\/p>\n<span class=\"ez-toc-title-toggle\"><a href=\"#\" class=\"ez-toc-pull-right ez-toc-btn ez-toc-btn-xs ez-toc-btn-default ez-toc-toggle\" aria-label=\"Toggle Tabela vsebine\"><span class=\"ez-toc-js-icon-con\"><span class=\"\"><span class=\"eztoc-hide\" style=\"display:none;\">Toggle<\/span><span class=\"ez-toc-icon-toggle-span\"><svg style=\"fill: #999;color:#999\" xmlns=\"http:\/\/www.w3.org\/2000\/svg\" class=\"list-377408\" width=\"20px\" height=\"20px\" viewbox=\"0 0 24 24\" fill=\"none\"><path d=\"M6 6H4v2h2V6zm14 0H8v2h12V6zM4 11h2v2H4v-2zm16 0H8v2h12v-2zM4 16h2v2H4v-2zm16 0H8v2h12v-2z\" fill=\"currentColor\"><\/path><\/svg><svg style=\"fill: #999;color:#999\" class=\"arrow-unsorted-368013\" xmlns=\"http:\/\/www.w3.org\/2000\/svg\" width=\"10px\" height=\"10px\" viewbox=\"0 0 24 24\" version=\"1.2\" baseprofile=\"tiny\"><path d=\"M18.2 9.3l-6.2-6.3-6.2 6.3c-.2.2-.3.4-.3.7s.1.5.3.7c.2.2.4.3.7.3h11c.3 0 .5-.1.7-.3.2-.2.3-.5.3-.7s-.1-.5-.3-.7zM5.8 14.7l6.2 6.3 6.2-6.3c.2-.2.3-.5.3-.7s-.1-.5-.3-.7c-.2-.2-.4-.3-.7-.3h-11c-.3 0-.5.1-.7.3-.2.2-.3.5-.3.7s.1.5.3.7z\"\/><\/svg><\/span><\/span><\/span><\/a><\/span><\/div>\n<nav><ul class='ez-toc-list ez-toc-list-level-1 eztoc-toggle-hide-by-default' ><li class='ez-toc-page-1 ez-toc-heading-level-2'><a class=\"ez-toc-link ez-toc-heading-1\" href=\"https:\/\/moverdb.com\/sl\/moving-companies\/moving-companies-dominican-republic\/#1_International_Packers\" >1. International Packers<\/a><\/li><li class='ez-toc-page-1 ez-toc-heading-level-2'><a class=\"ez-toc-link ez-toc-heading-2\" href=\"https:\/\/moverdb.com\/sl\/moving-companies\/moving-companies-dominican-republic\/#2_Mega_Movers\" >2. Mega Movers<\/a><\/li><li class='ez-toc-page-1 ez-toc-heading-level-2'><a class=\"ez-toc-link ez-toc-heading-3\" href=\"https:\/\/moverdb.com\/sl\/moving-companies\/moving-companies-dominican-republic\/#3_Dominican_International_Moving\" >3. Dominikanska mednarodna selitev<\/a><\/li><li class='ez-toc-page-1 ez-toc-heading-level-2'><a class=\"ez-toc-link ez-toc-heading-4\" href=\"https:\/\/moverdb.com\/sl\/moving-companies\/moving-companies-dominican-republic\/#4_Frank_Leo\" >4. Frank Leo<\/a><\/li><li class='ez-toc-page-1 ez-toc-heading-level-2'><a class=\"ez-toc-link ez-toc-heading-5\" href=\"https:\/\/moverdb.com\/sl\/moving-companies\/moving-companies-dominican-republic\/#5_L_G_International_Movers\" >5. L&amp;G International Movers<\/a><\/li><li class='ez-toc-page-1 ez-toc-heading-level-2'><a class=\"ez-toc-link ez-toc-heading-6\" href=\"https:\/\/moverdb.com\/sl\/moving-companies\/moving-companies-dominican-republic\/#6_Latino_Express\" >6. Latino Express<\/a><\/li><\/ul><\/nav><\/div>\n<h2><span class=\"ez-toc-section\" id=\"1_International_Packers\"><\/span><strong>1. International Packers<\/strong><span class=\"ez-toc-section-end\"><\/span><\/h2>\n<p><img loading=\"lazy\" decoding=\"async\" class=\"alignnone size-full wp-image-5961\" src=\"https:\/\/moverdb.com\/wp-content\/uploads\/International-Packers-international-moving-company.png\" alt=\"International Packers mednarodno gibljejo podjetje\" width=\"1440\" height=\"683\" data-wp-pid=\"5961\" srcset=\"https:\/\/moverdb.com\/wp-content\/uploads\/International-Packers-international-moving-company.png 1440w, https:\/\/moverdb.com\/wp-content\/uploads\/International-Packers-international-moving-company-300x142.png 300w, https:\/\/moverdb.com\/wp-content\/uploads\/International-Packers-international-moving-company-1024x486.png 1024w, https:\/\/moverdb.com\/wp-content\/uploads\/International-Packers-international-moving-company-18x9.png 18w, https:\/\/moverdb.com\/wp-content\/uploads\/International-Packers-international-moving-company-600x285.png 600w\" sizes=\"auto, (max-width: 1440px) 100vw, 1440px\" \/><\/p>\n<ul>\n<li>Nacionalne poteze<\/li>\n<li>Mednarodne selitve<\/li>\n<li>Selitve gospodinjstev<\/li>\n<li>Premiki podjetij<\/li>\n<li>Strokovne storitve pakiranja<\/li>\n<li>Carinska podpora<\/li>\n<li>Prevoz umetni\u0161kih del<\/li>\n<li>Po\u0161iljanje hi\u0161nih ljubljen\u010dkov<\/li>\n<li>Zavarovanje<\/li>\n<li>Prostori za shranjevanje<\/li>\n<\/ul>\n<p>International Packers je podjetje za selitve in skladi\u0161\u010denje s sede\u017eem v Santo Domingu, ki je bilo ustanovljeno leta 1989. Nudi storitve selitve in preselitve, vklju\u010dno s specializiranimi storitvami za selitev umetni\u0161kih del, prevoz hi\u0161nih \u017eivali in najem pohi\u0161tva. S 33 leti dela so \u010dlani zdru\u017eenja IAM in imajo akreditacijo FIDI.<\/p>\n<p>International Packers ponuja osebne storitve za nacionalne in mednarodne selitve, ki jih zagotavljajo mednarodni agenti za selitve po vsem svetu. Nudijo storitev od vrat do vrat, ki vklju\u010duje profesionalno pakiranje za za\u0161\u010dito va\u0161ih stvari in zavarovanje. \u010ce jih potrebujete, vam nudijo tudi prostore za skladi\u0161\u010denje.<\/p>\n<p>Spletna stran: <a href=\"http:\/\/www.internt-packers.com.do\" target=\"_blank\" rel=\"noopener\">http:\/\/www.internt-packers.com.do<\/a><\/p>\n<h2><span class=\"ez-toc-section\" id=\"2_Mega_Movers\"><\/span><strong>2. Mega Movers<\/strong><span class=\"ez-toc-section-end\"><\/span><\/h2>\n<p><img loading=\"lazy\" decoding=\"async\" class=\"alignnone size-full wp-image-5970\" src=\"https:\/\/moverdb.com\/wp-content\/uploads\/Mega-Movers-international-moving-company.png\" alt=\"Mega Movers mednarodno gibanje podjetje\" width=\"1440\" height=\"677\" data-wp-pid=\"5970\" srcset=\"https:\/\/moverdb.com\/wp-content\/uploads\/Mega-Movers-international-moving-company.png 1440w, https:\/\/moverdb.com\/wp-content\/uploads\/Mega-Movers-international-moving-company-300x141.png 300w, https:\/\/moverdb.com\/wp-content\/uploads\/Mega-Movers-international-moving-company-1024x481.png 1024w, https:\/\/moverdb.com\/wp-content\/uploads\/Mega-Movers-international-moving-company-18x8.png 18w, https:\/\/moverdb.com\/wp-content\/uploads\/Mega-Movers-international-moving-company-600x282.png 600w\" sizes=\"auto, (max-width: 1440px) 100vw, 1440px\" \/><\/p>\n<ul>\n<li>Nacionalne poteze<\/li>\n<li>Mednarodne selitve<\/li>\n<li>Selitve gospodinjstev<\/li>\n<li>Selitve pisarn<\/li>\n<li>Specializirano za premikanje medicinske opreme<\/li>\n<li>Storitve pakiranja<\/li>\n<li>Zaboji po meri<\/li>\n<li>Posebna oprema<\/li>\n<li>Za prevelike in\/ali prete\u017eke tovore<\/li>\n<li>Zavarovanje<\/li>\n<\/ul>\n<p>Mega Movers je dru\u017einsko logisti\u010dno podjetje, ki deluje v Dominikanski republiki, Portoriku in na Karibih. Ponujajo monta\u017eo strojev, projekte na klju\u010d, prevelike\/obse\u017ene tovore in mednarodne selitve gospodinjstev. Nudijo tudi specializirane storitve za selitev medicinske opreme v Dominikanski republiki. Je \u010dlan zdru\u017eenja IAM s tremi leti delovanja.<\/p>\n<p>Podjetje Mega Movers zagotavlja prilagojene storitve, ki vklju\u010dujejo notranje svetovanje in nasvete. Zagotavljajo izku\u0161ene pakirce in nove pakirne materiale, vklju\u010dno z zaboji po meri, ki jih izdelajo sami. Sodelujejo tudi z ve\u010d kot 1 000 mednarodnimi selitvenimi agenti po vsem svetu, s katerimi skupaj zagotavljajo storitve.<\/p>\n<p>Spletna stran: <a href=\"http:\/\/www.megamovers.co\" target=\"_blank\" rel=\"noopener\">http:\/\/www.megamovers.co<\/a><\/p>\n<h2><span class=\"ez-toc-section\" id=\"3_Dominican_International_Moving\"><\/span><strong>3. Dominikanska mednarodna selitev<\/strong><span class=\"ez-toc-section-end\"><\/span><\/h2>\n<p><img loading=\"lazy\" decoding=\"async\" class=\"alignnone size-full wp-image-5939\" src=\"https:\/\/moverdb.com\/wp-content\/uploads\/Domincan-International-Moving-company.png\" alt=\"Domincan International Moving company\" width=\"1440\" height=\"672\" data-wp-pid=\"5939\" srcset=\"https:\/\/moverdb.com\/wp-content\/uploads\/Domincan-International-Moving-company.png 1440w, https:\/\/moverdb.com\/wp-content\/uploads\/Domincan-International-Moving-company-300x140.png 300w, https:\/\/moverdb.com\/wp-content\/uploads\/Domincan-International-Moving-company-1024x478.png 1024w, https:\/\/moverdb.com\/wp-content\/uploads\/Domincan-International-Moving-company-18x8.png 18w, https:\/\/moverdb.com\/wp-content\/uploads\/Domincan-International-Moving-company-600x280.png 600w\" sizes=\"auto, (max-width: 1440px) 100vw, 1440px\" \/><\/p>\n<ul>\n<li>Nacionalne poteze<\/li>\n<li>Mednarodne selitve<\/li>\n<li>Stanovanjske selitve<\/li>\n<li>Poslovne poteze<\/li>\n<li>Izku\u0161nje pri ravnanju z ob\u010dutljivimi in krhkimi predmeti<\/li>\n<li>Storitve pakiranja<\/li>\n<li>Carinska podpora<\/li>\n<li>Prevoz vozil<\/li>\n<li>Premestitev hi\u0161nih ljubljen\u010dkov<\/li>\n<li>Prostori za shranjevanje<\/li>\n<\/ul>\n<p>Dominican International Moving je <a href=\"https:\/\/moverdb.com\/sl\/moving-companies\/\" data-internallinksmanager029f6b8e52c=\"79\" title=\"Top 25 Mednarodne selitve podjetja Online\">selitev podjetja<\/a> s sede\u017eem v Santo Domingu, ki ponuja nacionalne in mednarodne selitve in premestitve. Ponujajo tudi prevoz vozil in selitev hi\u0161nih ljubljen\u010dkov. So \u010dlani zdru\u017eenja IAM in imajo mre\u017eo usposobljenih zastopnikov po vsem svetu, ki pomagajo pri izvedbi mednarodnih selitev.<\/p>\n<p>Dominican International Moving ponuja celovite re\u0161itve za selitev, ki vklju\u010dujejo varno pakiranje vseh va\u0161ih stvari s specializirano embala\u017eo, razstavljanje pohi\u0161tva in izdelavo popisa. Organizirajo prevoz va\u0161ih stvari, uredijo carinske zahteve, jih raztovorijo in sestavijo pohi\u0161tvo.<\/p>\n<p>Spletna stran: <a href=\"http:\/\/www.dim.do\/\" target=\"_blank\" rel=\"noopener\">http:\/\/www.dim.do\/<\/a><\/p>\n<h2><span class=\"ez-toc-section\" id=\"4_Frank_Leo\"><\/span><strong>4. Frank Leo<\/strong><span class=\"ez-toc-section-end\"><\/span><\/h2>\n<p><img loading=\"lazy\" decoding=\"async\" class=\"alignnone size-full wp-image-5946\" src=\"https:\/\/moverdb.com\/wp-content\/uploads\/Frank-Leo-international-moving-company.png\" alt=\"Frank Leo mednarodno gibljejo podjetje\" width=\"1440\" height=\"680\" data-wp-pid=\"5946\" srcset=\"https:\/\/moverdb.com\/wp-content\/uploads\/Frank-Leo-international-moving-company.png 1440w, https:\/\/moverdb.com\/wp-content\/uploads\/Frank-Leo-international-moving-company-300x142.png 300w, https:\/\/moverdb.com\/wp-content\/uploads\/Frank-Leo-international-moving-company-1024x484.png 1024w, https:\/\/moverdb.com\/wp-content\/uploads\/Frank-Leo-international-moving-company-18x9.png 18w, https:\/\/moverdb.com\/wp-content\/uploads\/Frank-Leo-international-moving-company-600x283.png 600w\" sizes=\"auto, (max-width: 1440px) 100vw, 1440px\" \/><\/p>\n<ul>\n<li>Nacionalne poteze<\/li>\n<li>Mednarodne selitve<\/li>\n<li>Storitve premestitve<\/li>\n<li>Selitve gospodinjstev<\/li>\n<li>Komercialni premiki<\/li>\n<li>Kopenski, pomorski in zra\u010dni prevoz<\/li>\n<li>Carinsko posredovanje<\/li>\n<li>Dodatne storitve prevoza vozil in hi\u0161nih ljubljen\u010dkov<\/li>\n<li>Zavarovanje<\/li>\n<li>Prostori za shranjevanje<\/li>\n<\/ul>\n<p>Frank Leo je logisti\u010dno in selitveno podjetje, ustanovljeno leta 1990 v Dominikanski republiki. Nudijo nacionalne in mednarodne selitvene storitve ter selitvene storitve, ki vam pomagajo pri lokalnem svetovanju in naselitvi v novi dr\u017eavi. Je \u010dlan zdru\u017eenja IAM z 32-letno tradicijo.<\/p>\n<p>Frank Leo ponuja prilagojene re\u0161itve za posameznike, dru\u017eine, podjetja in diplomate. Njihove storitve vklju\u010dujejo pakiranje vsega va\u0161ega premo\u017eenja s posebnimi storitvami pakiranja za starine, umetnine in stroje. Poskrbijo za prevoz po kopnem, morju ali zraku in pomagajo pri carinskem posredovanju. Nudijo tudi storitve za selitev vozil, \u010dolnov, lahkih letal, rastlin in hi\u0161nih ljubljen\u010dkov.<\/p>\n<p>Spletna stran: <a href=\"http:\/\/www.frankleo.com\" target=\"_blank\" rel=\"noopener\">http:\/\/www.frankleo.com<\/a><\/p>\n<h2><span class=\"ez-toc-section\" id=\"5_L_G_International_Movers\"><\/span><strong>5. L&amp;G International Movers<\/strong><span class=\"ez-toc-section-end\"><\/span><\/h2>\n<p><img loading=\"lazy\" decoding=\"async\" class=\"alignnone size-full wp-image-5965\" src=\"https:\/\/moverdb.com\/wp-content\/uploads\/LG-International-Movers-company.png\" alt=\"Podjetje L&amp;G International Movers\" width=\"1440\" height=\"676\" data-wp-pid=\"5965\" srcset=\"https:\/\/moverdb.com\/wp-content\/uploads\/LG-International-Movers-company.png 1440w, https:\/\/moverdb.com\/wp-content\/uploads\/LG-International-Movers-company-300x141.png 300w, https:\/\/moverdb.com\/wp-content\/uploads\/LG-International-Movers-company-1024x481.png 1024w, https:\/\/moverdb.com\/wp-content\/uploads\/LG-International-Movers-company-18x8.png 18w, https:\/\/moverdb.com\/wp-content\/uploads\/LG-International-Movers-company-600x282.png 600w\" sizes=\"auto, (max-width: 1440px) 100vw, 1440px\" \/><\/p>\n<ul>\n<li>Nacionalne poteze<\/li>\n<li>Mednarodne selitve<\/li>\n<li>Stanovanjske selitve<\/li>\n<li>Poslovne poteze<\/li>\n<li>Mo\u017enost samostojnega pakiranja<\/li>\n<li>Storitve pakiranja<\/li>\n<li>Izbira mo\u017enosti prevoza<\/li>\n<li>Carinjenje<\/li>\n<li>Prevoz avtomobilov<\/li>\n<li>Prostori za shranjevanje<\/li>\n<\/ul>\n<p>L&amp;G International Movers je podjetje za logisti\u010dne in mednarodne selitvene storitve s sede\u017eem v Santo Domingu. Mednarodne selitve opravlja s pomo\u010djo svojih partnerjev, drugih selitvenih podjetij in \u0161pediterjev po vsem svetu. Je \u010dlan zdru\u017eenja IAM in akreditiran pri FIDI.<\/p>\n<p>Dru\u017eba L&amp;G International Movers bo va\u0161e stvari zapakirala z uporabo najnovej\u0161ih tehnik in materialov, lahko pa se odlo\u010dite, da jih boste zapakirali sami. Ponujajo razli\u010dne prevozne storitve, ki vklju\u010dujejo letalski in pomorski prevoz, vklju\u010dno z bolj ekonomi\u010dnimi metodami, kot je zbirna po\u0161iljka, pri kateri lahko svojo po\u0161iljko zdru\u017eite z drugimi. Pomagajo vam tudi pri carinjenju.<\/p>\n<p>Spletna stran: <a href=\"http:\/\/www.lginternationalmovers.com\" target=\"_blank\" rel=\"noopener\">http:\/\/www.lginternationalmovers.com<\/a><\/p>\n<h2><span class=\"ez-toc-section\" id=\"6_Latino_Express\"><\/span><strong>6. Latino Express<\/strong><span class=\"ez-toc-section-end\"><\/span><\/h2>\n<p><img loading=\"lazy\" decoding=\"async\" class=\"alignnone size-full wp-image-5967\" src=\"https:\/\/moverdb.com\/wp-content\/uploads\/Latino-Express-international-moving-company.png\" alt=\"Latino Express mednarodno gibljejo podjetje\" width=\"1440\" height=\"665\" data-wp-pid=\"5967\" srcset=\"https:\/\/moverdb.com\/wp-content\/uploads\/Latino-Express-international-moving-company.png 1440w, https:\/\/moverdb.com\/wp-content\/uploads\/Latino-Express-international-moving-company-300x139.png 300w, https:\/\/moverdb.com\/wp-content\/uploads\/Latino-Express-international-moving-company-1024x473.png 1024w, https:\/\/moverdb.com\/wp-content\/uploads\/Latino-Express-international-moving-company-18x8.png 18w, https:\/\/moverdb.com\/wp-content\/uploads\/Latino-Express-international-moving-company-600x277.png 600w\" sizes=\"auto, (max-width: 1440px) 100vw, 1440px\" \/><\/p>\n<ul>\n<li>Nacionalne selitve<\/li>\n<li>Mednarodne selitve<\/li>\n<li>Premestitve<\/li>\n<li>Selitve gospodinjstev<\/li>\n<li>Selitve podjetij<\/li>\n<li>Storitve pakiranja<\/li>\n<li>Strokovno usposobljeno osebje<\/li>\n<li>Carinski posredniki<\/li>\n<li>Kopenski, pomorski in zra\u010dni tovorni promet<\/li>\n<li>Re\u0161itve za varno shranjevanje<\/li>\n<\/ul>\n<p>Latino Express je tovorno in selitveno podjetje, ki je bilo ustanovljeno leta 1979 in ponuja nacionalne in mednarodne selitve ter storitve preseljevanja. Sodeluje z mre\u017eo mednarodnih selitvenih podjetij, ki pomagajo zagotavljati selitvene storitve po vsem svetu. Je \u010dlan zdru\u017eenja IAM s 43 leti delovanja.<\/p>\n<p>Podjetje Latino Express ponuja profesionalne selitvene storitve, ki vklju\u010dujejo selitve gospodinjstev in podjetij. Nudijo storitev pakiranja, ki jo izvaja usposobljeno osebje, ki bo za\u0161\u010ditilo va\u0161e stvari, in poskrbijo za po\u0161iljanje po kopnem, morju ali zraku ter pomagajo pri carinskem posredovanju. Po potrebi ponujajo tudi re\u0161itve za varno skladi\u0161\u010denje.<\/p>\n<p>Spletna stran: <a href=\"http:\/\/www.latinoexpress.com.do\" target=\"_blank\" rel=\"noopener\">http:\/\/www.latinoexpress.com.do<\/a><\/p>","protected":false},"excerpt":{"rendered":"<p>If you are moving home or relocating your business in the Dominican Republic, or to or from the Dominican Republic, you might be looking for some assistance. A moving or relocation company could help ease your move and take away some of the stress. Below we have compiled a list of Dominican Republic removal companies [&hellip;]<\/p>\n","protected":false},"author":4,"featured_media":0,"parent":190,"menu_order":0,"comment_status":"closed","ping_status":"closed","template":"","meta":{"_genesis_hide_title":false,"_genesis_hide_breadcrumbs":false,"_genesis_hide_singular_image":false,"_genesis_hide_footer_widgets":false,"_genesis_custom_body_class":"","_genesis_custom_post_class":"","_genesis_layout":"","footnotes":""},"class_list":{"0":"post-6036","1":"page","2":"type-page","3":"status-publish","5":"entry","6":"has-post-thumbnail"},"_links":{"self":[{"href":"https:\/\/moverdb.com\/sl\/wp-json\/wp\/v2\/pages\/6036","targetHints":{"allow":["GET"]}}],"collection":[{"href":"https:\/\/moverdb.com\/sl\/wp-json\/wp\/v2\/pages"}],"about":[{"href":"https:\/\/moverdb.com\/sl\/wp-json\/wp\/v2\/types\/page"}],"author":[{"embeddable":true,"href":"https:\/\/moverdb.com\/sl\/wp-json\/wp\/v2\/users\/4"}],"replies":[{"embeddable":true,"href":"https:\/\/moverdb.com\/sl\/wp-json\/wp\/v2\/comments?post=6036"}],"version-history":[{"count":1,"href":"https:\/\/moverdb.com\/sl\/wp-json\/wp\/v2\/pages\/6036\/revisions"}],"predecessor-version":[{"id":6037,"href":"https:\/\/moverdb.com\/sl\/wp-json\/wp\/v2\/pages\/6036\/revisions\/6037"}],"up":[{"embeddable":true,"href":"https:\/\/moverdb.com\/sl\/wp-json\/wp\/v2\/pages\/190"}],"wp:attachment":[{"href":"https:\/\/moverdb.com\/sl\/wp-json\/wp\/v2\/media?parent=6036"}],"curies":[{"name":"wp","href":"https:\/\/api.w.org\/{rel}","templated":true}]}}