{"id":6032,"date":"2023-02-01T13:49:08","date_gmt":"2023-02-01T13:49:08","guid":{"rendered":"https:\/\/moverdb.com\/?page_id=6032"},"modified":"2026-01-08T15:29:32","modified_gmt":"2026-01-08T15:29:32","slug":"selitev-podjetja-danska","status":"publish","type":"page","link":"https:\/\/moverdb.com\/sl\/moving-companies\/moving-companies-denmark\/","title":{"rendered":"8 najbolj\u0161ih mednarodnih selitvenih podjetij na Danskem"},"content":{"rendered":"<p>\u010ce na\u010drtujete selitev doma ali pisarne v <a href=\"https:\/\/moverdb.com\/sl\/moving-to-denmark\/\" data-internallinksmanager029f6b8e52c=\"335\" title=\"Selitev na Dansko? 2023 \u017divljenjski stro\u0161ki in nasveti za selitev\">Danska<\/a>, na Dansko ali z Danske, lahko za pomo\u010d zaprosite <a href=\"https:\/\/moverdb.com\/sl\/moving-companies\/\" data-internallinksmanager029f6b8e52c=\"79\" title=\"Top 25 Mednarodne selitve podjetja Online\">selitev podjetja<\/a> za pomo\u010d pri selitvi, da bi zmanj\u0161ali pritisk in odpravili nekatere zaplete. Spodaj smo pripravili seznam Danske <a href=\"https:\/\/moverdb.com\/sl\/international-removals\/\" data-internallinksmanager029f6b8e52c=\"27\" title=\"36 najbolj\u0161ih podjetij za mednarodne selitve v Zdru\u017eenem kraljestvu\">podjetja za selitve<\/a> ki so \u010dlani <a href=\"https:\/\/moverdb.com\/sl\/iam\/\" data-internallinksmanager029f6b8e52c=\"23\" title=\"Pojasnila o Mednarodnem zdru\u017eenju gibalcev (IAM)\">Mednarodno zdru\u017eenje movers<\/a> (IAM) in\/ali <a href=\"https:\/\/moverdb.com\/sl\/fidi-faim\/\" data-internallinksmanager029f6b8e52c=\"16\" title=\"Pojasnila o FIDI in FAIM (FIDI Accredited International Mover)\">FIDI<\/a> Akreditirani mednarodni selitveni delavci (FAIM), ki vam lahko pomagajo.<\/p>\n<div id=\"ez-toc-container\" class=\"ez-toc-v2_0_82_2 ez-toc-wrap-left counter-hierarchy ez-toc-counter ez-toc-transparent ez-toc-container-direction\">\n<div class=\"ez-toc-title-container\">\n<p class=\"ez-toc-title\" style=\"cursor:inherit\">Oddelki<\/p>\n<span class=\"ez-toc-title-toggle\"><a href=\"#\" class=\"ez-toc-pull-right ez-toc-btn ez-toc-btn-xs ez-toc-btn-default ez-toc-toggle\" aria-label=\"Toggle Tabela vsebine\"><span class=\"ez-toc-js-icon-con\"><span class=\"\"><span class=\"eztoc-hide\" style=\"display:none;\">Toggle<\/span><span class=\"ez-toc-icon-toggle-span\"><svg style=\"fill: #999;color:#999\" xmlns=\"http:\/\/www.w3.org\/2000\/svg\" class=\"list-377408\" width=\"20px\" height=\"20px\" viewbox=\"0 0 24 24\" fill=\"none\"><path d=\"M6 6H4v2h2V6zm14 0H8v2h12V6zM4 11h2v2H4v-2zm16 0H8v2h12v-2zM4 16h2v2H4v-2zm16 0H8v2h12v-2z\" fill=\"currentColor\"><\/path><\/svg><svg style=\"fill: #999;color:#999\" class=\"arrow-unsorted-368013\" xmlns=\"http:\/\/www.w3.org\/2000\/svg\" width=\"10px\" height=\"10px\" viewbox=\"0 0 24 24\" version=\"1.2\" baseprofile=\"tiny\"><path d=\"M18.2 9.3l-6.2-6.3-6.2 6.3c-.2.2-.3.4-.3.7s.1.5.3.7c.2.2.4.3.7.3h11c.3 0 .5-.1.7-.3.2-.2.3-.5.3-.7s-.1-.5-.3-.7zM5.8 14.7l6.2 6.3 6.2-6.3c.2-.2.3-.5.3-.7s-.1-.5-.3-.7c-.2-.2-.4-.3-.7-.3h-11c-.3 0-.5.1-.7.3-.2.2-.3.5-.3.7s.1.5.3.7z\"\/><\/svg><\/span><\/span><\/span><\/a><\/span><\/div>\n<nav><ul class='ez-toc-list ez-toc-list-level-1 eztoc-toggle-hide-by-default' ><li class='ez-toc-page-1 ez-toc-heading-level-2'><a class=\"ez-toc-link ez-toc-heading-1\" href=\"https:\/\/moverdb.com\/sl\/moving-companies\/moving-companies-denmark\/#1_European_Removal_Storage_Co\" >1. European Removal &amp; Storage Co<\/a><\/li><li class='ez-toc-page-1 ez-toc-heading-level-2'><a class=\"ez-toc-link ez-toc-heading-2\" href=\"https:\/\/moverdb.com\/sl\/moving-companies\/moving-companies-denmark\/#2_Move-it\" >2. Move-it<\/a><\/li><li class='ez-toc-page-1 ez-toc-heading-level-2'><a class=\"ez-toc-link ez-toc-heading-3\" href=\"https:\/\/moverdb.com\/sl\/moving-companies\/moving-companies-denmark\/#3_MF_Interlogistics\" >3. MF Interlogistics<\/a><\/li><li class='ez-toc-page-1 ez-toc-heading-level-2'><a class=\"ez-toc-link ez-toc-heading-4\" href=\"https:\/\/moverdb.com\/sl\/moving-companies\/moving-companies-denmark\/#4_Bryde_Sonner\" >4. Bryde &amp; Sonner<\/a><\/li><li class='ez-toc-page-1 ez-toc-heading-level-2'><a class=\"ez-toc-link ez-toc-heading-5\" href=\"https:\/\/moverdb.com\/sl\/moving-companies\/moving-companies-denmark\/#5_Inter_Express_Transport\" >5. Inter Express Transport<\/a><\/li><li class='ez-toc-page-1 ez-toc-heading-level-2'><a class=\"ez-toc-link ez-toc-heading-6\" href=\"https:\/\/moverdb.com\/sl\/moving-companies\/moving-companies-denmark\/#6_Obro_Moving_Company\" >6. Obro Moving Company<\/a><\/li><li class='ez-toc-page-1 ez-toc-heading-level-2'><a class=\"ez-toc-link ez-toc-heading-7\" href=\"https:\/\/moverdb.com\/sl\/moving-companies\/moving-companies-denmark\/#7_Alfa_Moving\" >7. Alfa Moving<\/a><\/li><li class='ez-toc-page-1 ez-toc-heading-level-2'><a class=\"ez-toc-link ez-toc-heading-8\" href=\"https:\/\/moverdb.com\/sl\/moving-companies\/moving-companies-denmark\/#8_Aspire_Mobility_Group\" >8. Skupina Aspire Mobility Group<\/a><\/li><li class='ez-toc-page-1 ez-toc-heading-level-2'><a class=\"ez-toc-link ez-toc-heading-9\" href=\"https:\/\/moverdb.com\/sl\/moving-companies\/moving-companies-denmark\/#Other_Useful_Guides_to_Denmark\" >Drugi uporabni vodniki za Dansko<\/a><\/li><\/ul><\/nav><\/div>\n<h2><span class=\"ez-toc-section\" id=\"1_European_Removal_Storage_Co\"><\/span><strong>1. European Removal &amp; Storage Co<\/strong><span class=\"ez-toc-section-end\"><\/span><\/h2>\n<p><img loading=\"lazy\" decoding=\"async\" class=\"alignnone size-full wp-image-5944\" src=\"https:\/\/moverdb.com\/wp-content\/uploads\/European-Removal-Storage-Co-international-moving-company.png\" alt=\"European Removal &amp; Storage Co mednarodna selitev podjetja\" width=\"1440\" height=\"683\" data-wp-pid=\"5944\" srcset=\"https:\/\/moverdb.com\/wp-content\/uploads\/European-Removal-Storage-Co-international-moving-company.png 1440w, https:\/\/moverdb.com\/wp-content\/uploads\/European-Removal-Storage-Co-international-moving-company-300x142.png 300w, https:\/\/moverdb.com\/wp-content\/uploads\/European-Removal-Storage-Co-international-moving-company-1024x486.png 1024w, https:\/\/moverdb.com\/wp-content\/uploads\/European-Removal-Storage-Co-international-moving-company-18x9.png 18w, https:\/\/moverdb.com\/wp-content\/uploads\/European-Removal-Storage-Co-international-moving-company-600x285.png 600w\" sizes=\"auto, (max-width: 1440px) 100vw, 1440px\" \/><\/p>\n<ul>\n<li>Nacionalne poteze<\/li>\n<li>Mednarodne selitve<\/li>\n<li>Selitve gospodinjstev<\/li>\n<li>Premiki podjetja<\/li>\n<li>Izbira ravni paketa<\/li>\n<li>Storitve premestitve<\/li>\n<li>Storitev od vrat do vrat<\/li>\n<li>Carinjenje<\/li>\n<li>Lov na hi\u0161o<\/li>\n<li>Re\u0161itve za shranjevanje<\/li>\n<\/ul>\n<p>European Removal &amp; Storage Co je mednarodno selitveno podjetje s sede\u017eem v K\u00f8benhavnu, ustanovljeno leta 1995. S svojim \u010dlanstvom v zdru\u017eenju <a href=\"https:\/\/moverdb.com\/sl\/euromovers\/\" data-internallinksmanager029f6b8e52c=\"12\" title=\"Pojasnila o partnerstvu evropskih prevoznikov (EUROMOVERS International)\">Euromovers<\/a>, mednarodne premike opravljajo s partnerskimi agencijami za premike. So \u010dlani zdru\u017eenja IAM s 27-letno tradicijo.<\/p>\n<p>Podjetje European Removal &amp; Storage Co ponuja prilagojene storitve in vrsto selitvenih storitev. Nudijo paket s popolnimi storitvami od vrat do vrat, klasi\u010dni paket, pri katerem se lahko sami odlo\u010dite, v kolik\u0161ni meri \u017eelite sodelovati pri selitvi, in ekonomski paket, pri katerem samo nakladajo in preva\u017eajo. Storitve selitve vklju\u010dujejo tudi orientacijo, iskanje hi\u0161e, poklicno svetovanje in medkulturno usposabljanje.<\/p>\n<p>Spletna stran: <a href=\"http:\/\/www.euromovers.dk\" target=\"_blank\" rel=\"noopener\">http:\/\/www.euromovers.dk<\/a><\/p>\n<h2><span class=\"ez-toc-section\" id=\"2_Move-it\"><\/span><strong>2. Move-it<\/strong><span class=\"ez-toc-section-end\"><\/span><\/h2>\n<p><img loading=\"lazy\" decoding=\"async\" class=\"alignnone size-full wp-image-5975\" src=\"https:\/\/moverdb.com\/wp-content\/uploads\/Move-it-international-moving-company.png\" alt=\"Move-it mednarodna selitev podjetja\" width=\"1440\" height=\"666\" data-wp-pid=\"5975\" srcset=\"https:\/\/moverdb.com\/wp-content\/uploads\/Move-it-international-moving-company.png 1440w, https:\/\/moverdb.com\/wp-content\/uploads\/Move-it-international-moving-company-300x139.png 300w, https:\/\/moverdb.com\/wp-content\/uploads\/Move-it-international-moving-company-1024x474.png 1024w, https:\/\/moverdb.com\/wp-content\/uploads\/Move-it-international-moving-company-18x8.png 18w, https:\/\/moverdb.com\/wp-content\/uploads\/Move-it-international-moving-company-600x278.png 600w\" sizes=\"auto, (max-width: 1440px) 100vw, 1440px\" \/><\/p>\n<ul>\n<li>Nacionalne poteze<\/li>\n<li>Mednarodne selitve<\/li>\n<li>Poslovne in projektne poteze<\/li>\n<li>premestitve zaposlenih<\/li>\n<li>Prilagojene storitve od vrat do vrat<\/li>\n<li>Storitve pakiranja<\/li>\n<li>Izdelava lesenih zabojev in pakiranje po evropskih standardih<\/li>\n<li>Kombinirane prevozne storitve<\/li>\n<li>Zavarovanje<\/li>\n<li>Skladi\u0161\u010da za kratkoro\u010dno in dolgoro\u010dno skladi\u0161\u010denje<\/li>\n<\/ul>\n<p>Move-it je mednarodno podjetje za selitve, ki je bilo ustanovljeno leta 1997 in ima sede\u017e v Glostrupu. Specializirano je za velike selitve, poslovne selitve, projekte in selitve zaposlenih. Pri izvajanju selitev po vsem svetu sodelujejo z mednarodnimi selitvenimi partnerji. Je \u010dlan zdru\u017eenja IAM s 25-letno tradicijo.<\/p>\n<p>Move-it ponuja prilagojene selitvene storitve, ki vklju\u010dujejo pregled na kraju samem in ponudbo, storitve pakiranja in razpakiranja ter po potrebi re\u0161itve za kratkoro\u010dno ali dolgoro\u010dno skladi\u0161\u010denje. Za izvedbo selitve uporabljajo najnovej\u0161o opremo, kot so vozila z zra\u010dnim vzmetenjem in dvigala, da bi zagotovili selitev po visokih standardih.<\/p>\n<p>Spletna stran: <a href=\"http:\/\/www.moveit-int.dk\" target=\"_blank\" rel=\"noopener\">http:\/\/www.moveit-int.dk<\/a><\/p>\n<h2><span class=\"ez-toc-section\" id=\"3_MF_Interlogistics\"><\/span><strong>3. MF Interlogistics<\/strong><span class=\"ez-toc-section-end\"><\/span><\/h2>\n<p><img loading=\"lazy\" decoding=\"async\" class=\"alignnone size-full wp-image-5972\" src=\"https:\/\/moverdb.com\/wp-content\/uploads\/MF-Interlogistics-international-moving-company.png\" alt=\"MF Interlogistics mednarodno gibanje podjetje\" width=\"1440\" height=\"677\" data-wp-pid=\"5972\" srcset=\"https:\/\/moverdb.com\/wp-content\/uploads\/MF-Interlogistics-international-moving-company.png 1440w, https:\/\/moverdb.com\/wp-content\/uploads\/MF-Interlogistics-international-moving-company-300x141.png 300w, https:\/\/moverdb.com\/wp-content\/uploads\/MF-Interlogistics-international-moving-company-1024x481.png 1024w, https:\/\/moverdb.com\/wp-content\/uploads\/MF-Interlogistics-international-moving-company-18x8.png 18w, https:\/\/moverdb.com\/wp-content\/uploads\/MF-Interlogistics-international-moving-company-600x282.png 600w\" sizes=\"auto, (max-width: 1440px) 100vw, 1440px\" \/><\/p>\n<ul>\n<li>Nacionalne poteze<\/li>\n<li>Mednarodne selitve<\/li>\n<li>Selitve gospodinjstev<\/li>\n<li>Premiki podjetij<\/li>\n<li>Storitev po meri<\/li>\n<li>Osebni gibanje koordinator<\/li>\n<li>Storitev pakiranja<\/li>\n<li>Prevoz po cesti, zraku in morju<\/li>\n<li>Zavarovanje<\/li>\n<li>Varno kratkoro\u010dno do dolgoro\u010dno shranjevanje<\/li>\n<\/ul>\n<p>MF Interlogistics je mednarodno selitveno podjetje, ki je del podjetja Mesterflyt A\/S in je bilo ustanovljeno leta 2019. Sede\u017ee imajo v K\u00f8benhavnu, Odenseju in Aarhusu ter mre\u017eo uglednih globalnih selitvenih podjetij za podporo mednarodnim selitvam. So \u010dlan zdru\u017eenja IAM s tremi leti delovanja. Ponujajo storitve selitev za gospodinjstva in podjetja na nacionalni in mednarodni ravni.<\/p>\n<p>Dru\u017eba MF Interlogistics ponuja prilagojene storitve s selitvenimi storitvami, ki vklju\u010dujejo svetovanje pred selitvijo in pregled na domu. Vse va\u0161e stvari bodo varno zapakirali, poskrbeli za prevoz in dostavo po cesti, zraku ali morju ter jih nato na cilju razpakirali.<\/p>\n<p>Spletna stran: <a href=\"http:\/\/www.mfinterlog.com\" target=\"_blank\" rel=\"noopener\">http:\/\/www.mfinterlog.com<\/a><\/p>\n<h2><span class=\"ez-toc-section\" id=\"4_Bryde_Sonner\"><\/span><strong>4. Bryde &amp; Sonner<\/strong><span class=\"ez-toc-section-end\"><\/span><\/h2>\n<p><img loading=\"lazy\" decoding=\"async\" class=\"alignnone size-full wp-image-5932\" src=\"https:\/\/moverdb.com\/wp-content\/uploads\/Bryde-Sonner-international-moving-company.png\" alt=\"Bryde &amp; Sonner mednarodna selitev podjetje\" width=\"1440\" height=\"669\" data-wp-pid=\"5932\" srcset=\"https:\/\/moverdb.com\/wp-content\/uploads\/Bryde-Sonner-international-moving-company.png 1440w, https:\/\/moverdb.com\/wp-content\/uploads\/Bryde-Sonner-international-moving-company-300x139.png 300w, https:\/\/moverdb.com\/wp-content\/uploads\/Bryde-Sonner-international-moving-company-1024x476.png 1024w, https:\/\/moverdb.com\/wp-content\/uploads\/Bryde-Sonner-international-moving-company-18x8.png 18w, https:\/\/moverdb.com\/wp-content\/uploads\/Bryde-Sonner-international-moving-company-600x279.png 600w\" sizes=\"auto, (max-width: 1440px) 100vw, 1440px\" \/><\/p>\n<ul>\n<li>Lokalne in nacionalne selitve<\/li>\n<li>Mednarodne selitve<\/li>\n<li>Selitve gospodinjstev<\/li>\n<li>Premiki malih podjetij<\/li>\n<li>Izbira stopnje vklju\u010denosti<\/li>\n<li>Profesionalno pakirano<\/li>\n<li>Prevoz s tovornjakom, letalom ali ladjo<\/li>\n<li>Carinski dokumenti in listine<\/li>\n<li>Profesionalno \u010di\u0161\u010denje<\/li>\n<li>Prostori za shranjevanje<\/li>\n<\/ul>\n<p>Bryde &amp; Sonner je dru\u017einsko podjetje za mednarodne selitve, ki deluje \u017ee ve\u010d kot 50 let in ima sede\u017e v K\u00f8benhavnu. Razpolaga z razli\u010dnimi vozili, vklju\u010dno z majhnimi in velikimi vagoni, dvigali in bo\u010dnimi nakladalniki. Je \u010dlan zdru\u017eenja IAM.<\/p>\n<p>Podjetje Bryde &amp; Sonner ponuja izbiro stopnje vklju\u010denosti, tako da lahko izberete, koliko \u017eelite sodelovati, od \"naredi sam\" do celotnega paketa za odstranitev. Mo\u017enost samostojne selitve vklju\u010duje zabojnik, ki vam ga dostavijo na dom, da ga lahko spakirate. Mo\u017enost celotne selitve vklju\u010duje pakiranje in razpakiranje. Ponudijo vam lahko tudi profesionalno \u010di\u0161\u010denje, skladi\u0161\u010denje in najem zabojnika.<\/p>\n<p>Spletna stran: <a href=\"http:\/\/www.bryde-as.dk\" target=\"_blank\" rel=\"noopener\">http:\/\/www.bryde-as.dk<\/a><\/p>\n<h2><span class=\"ez-toc-section\" id=\"5_Inter_Express_Transport\"><\/span><strong>5. Inter Express Transport<\/strong><span class=\"ez-toc-section-end\"><\/span><\/h2>\n<p><img loading=\"lazy\" decoding=\"async\" class=\"alignnone size-full wp-image-5958\" src=\"https:\/\/moverdb.com\/wp-content\/uploads\/Inter-Express-Transport-international-moving-company.png\" alt=\"Inter Express Transport mednarodno gibanje podjetje\" width=\"1440\" height=\"678\" data-wp-pid=\"5958\" srcset=\"https:\/\/moverdb.com\/wp-content\/uploads\/Inter-Express-Transport-international-moving-company.png 1440w, https:\/\/moverdb.com\/wp-content\/uploads\/Inter-Express-Transport-international-moving-company-300x141.png 300w, https:\/\/moverdb.com\/wp-content\/uploads\/Inter-Express-Transport-international-moving-company-1024x482.png 1024w, https:\/\/moverdb.com\/wp-content\/uploads\/Inter-Express-Transport-international-moving-company-18x8.png 18w, https:\/\/moverdb.com\/wp-content\/uploads\/Inter-Express-Transport-international-moving-company-600x283.png 600w\" sizes=\"auto, (max-width: 1440px) 100vw, 1440px\" \/><\/p>\n<ul>\n<li>Nacionalne poteze<\/li>\n<li>Mednarodne selitve<\/li>\n<li>Preselitev stanovanjskega objekta<\/li>\n<li>Selitev podjetja<\/li>\n<li>Obisk svetovalca za selitev<\/li>\n<li>Strokovne storitve pakiranja<\/li>\n<li>Na\u010drtovanje in upravljanje selitve<\/li>\n<li>Podpora za dokumente<\/li>\n<li>\u010clan <a href=\"https:\/\/moverdb.com\/sl\/harmony-relocation-network\/\" data-internallinksmanager029f6b8e52c=\"20\" title=\"Pojasnila o mre\u017ei za premestitev Harmony (HRN)\">Harmony Relocation Network<\/a><\/li>\n<li>Prostori za shranjevanje<\/li>\n<\/ul>\n<p>Inter Express Transport je dansko podjetje za selitve, ki je bilo ustanovljeno leta 1987. V sodelovanju z drugimi mednarodnimi selitvenimi podjetji zagotavlja nacionalne in mednarodne selitvene storitve. S 35 leti delovanja so \u010dlani mre\u017ee Harmony Relocation Network in IAM ter so akreditirani pri FIDI.<\/p>\n<p>Podjetje Inter Express Transport ponuja strokovne nasvete in smernice za gospodinjstva in podjetja, ki se selijo, da bi olaj\u0161ali selitev. Nudijo vam pomo\u010d svetovalca za selitev in strokovno storitev pakiranja za za\u0161\u010dito va\u0161ega premo\u017eenja. Na\u010drtujejo in vodijo va\u0161o selitev, vklju\u010dno s pomo\u010djo pri urejanju vseh potrebnih dokumentov.<\/p>\n<p>Spletna stran: <a href=\"http:\/\/interexpress.dk\" target=\"_blank\" rel=\"noopener\">http:\/\/interexpress.dk<\/a><\/p>\n<h2><span class=\"ez-toc-section\" id=\"6_Obro_Moving_Company\"><\/span><strong>6. Obro Moving Company<\/strong><span class=\"ez-toc-section-end\"><\/span><\/h2>\n<p><img loading=\"lazy\" decoding=\"async\" class=\"alignnone size-full wp-image-5987\" src=\"https:\/\/moverdb.com\/wp-content\/uploads\/Obro-Moving-Company-international-moving-company.png\" alt=\"Obro Moving Company mednarodno gibanje podjetje\" width=\"1440\" height=\"682\" data-wp-pid=\"5987\" srcset=\"https:\/\/moverdb.com\/wp-content\/uploads\/Obro-Moving-Company-international-moving-company.png 1440w, https:\/\/moverdb.com\/wp-content\/uploads\/Obro-Moving-Company-international-moving-company-300x142.png 300w, https:\/\/moverdb.com\/wp-content\/uploads\/Obro-Moving-Company-international-moving-company-1024x485.png 1024w, https:\/\/moverdb.com\/wp-content\/uploads\/Obro-Moving-Company-international-moving-company-18x9.png 18w, https:\/\/moverdb.com\/wp-content\/uploads\/Obro-Moving-Company-international-moving-company-600x284.png 600w\" sizes=\"auto, (max-width: 1440px) 100vw, 1440px\" \/><\/p>\n<ul>\n<li>Nacionalne poteze<\/li>\n<li>Mednarodne selitve<\/li>\n<li>Selitve gospodinjstev<\/li>\n<li>Selitve podjetij in pisarn<\/li>\n<li>Izbira stopnje pakiranja<\/li>\n<li>Ustvarite odobrene lesene zaboje<\/li>\n<li>ravnanje z dokumenti za po\u0161iljanje<\/li>\n<li>Premi\u010dno dvigalo<\/li>\n<li>Zavarovanje<\/li>\n<li>Kratkoro\u010dno do dolgoro\u010dno skladi\u0161\u010denje<\/li>\n<\/ul>\n<p>Podjetje Obro Moving Company je dru\u017einsko podjetje za selitve, prevoz in skladi\u0161\u010denje z ve\u010d kot 60-letnimi izku\u0161njami s sede\u017eem v Aalborgu. Nudijo selitvene storitve na nacionalni ravni, po vsej Evropi in po svetu. Je \u010dlan zdru\u017eenja IAM.<\/p>\n<p>Podjetje Obro Moving Company ponuja razli\u010dne stopnje pakiranja, ki vklju\u010dujejo mo\u017enost samostojnega pakiranja, delnega pakiranja in popolnega pakiranja. Na va\u0161o \u017eeljo vam priskrbijo pakirni material, vklju\u010dno z lesenimi zaboji ali \u0161katlami. Opravljajo redne prevoze med Jutlandijo in Zelandijo ter Grenlandijo. Ponujajo mo\u017enost skupnega prevoza, pri katerem si lahko delite vozilo.<\/p>\n<p>Spletna stran: <a href=\"http:\/\/www.obro.dk\" target=\"_blank\" rel=\"noopener\">http:\/\/www.obro.dk<\/a><\/p>\n<h2><span class=\"ez-toc-section\" id=\"7_Alfa_Moving\"><\/span><strong>7. Alfa Moving<\/strong><span class=\"ez-toc-section-end\"><\/span><\/h2>\n<p><img loading=\"lazy\" decoding=\"async\" class=\"alignnone size-full wp-image-5921\" src=\"https:\/\/moverdb.com\/wp-content\/uploads\/Alfa-international-moving-company.png\" alt=\"Alfa mednarodno gibljejo podjetje\" width=\"1440\" height=\"679\" data-wp-pid=\"5921\" srcset=\"https:\/\/moverdb.com\/wp-content\/uploads\/Alfa-international-moving-company.png 1440w, https:\/\/moverdb.com\/wp-content\/uploads\/Alfa-international-moving-company-300x141.png 300w, https:\/\/moverdb.com\/wp-content\/uploads\/Alfa-international-moving-company-1024x483.png 1024w, https:\/\/moverdb.com\/wp-content\/uploads\/Alfa-international-moving-company-18x8.png 18w, https:\/\/moverdb.com\/wp-content\/uploads\/Alfa-international-moving-company-600x283.png 600w\" sizes=\"auto, (max-width: 1440px) 100vw, 1440px\" \/><\/p>\n<ul>\n<li>Nacionalne poteze<\/li>\n<li>Mednarodne selitve<\/li>\n<li>Storitve premestitve<\/li>\n<li>Storitev od vrat do vrat<\/li>\n<li>Izbira ravni pakiranja<\/li>\n<li>Storitev pakiranja in razpakiranja<\/li>\n<li>Cestni, zra\u010dni in pomorski prevoz<\/li>\n<li>Pomo\u010d pri priseljevanju in vizumih<\/li>\n<li>Zavarovanje<\/li>\n<li>Skladi\u0161\u010da za kratkoro\u010dno in dolgoro\u010dno skladi\u0161\u010denje<\/li>\n<\/ul>\n<p>Alfa Moving je ponudnik selitvenih storitev s pisarnami na Danskem, <a href=\"https:\/\/moverdb.com\/sl\/moving-to-sweden\/\" data-internallinksmanager029f6b8e52c=\"326\" title=\"Selitev na \u0160vedsko? 2023 \u017divljenjski stro\u0161ki in nasveti za selitev\">\u0160vedska<\/a>, <a href=\"https:\/\/moverdb.com\/sl\/moving-to-norway\/\" data-internallinksmanager029f6b8e52c=\"325\" title=\"Selitev na Norve\u0161ko? 2023 \u017divljenjski stro\u0161ki in nasveti za selitev\">Norve\u0161ka<\/a> in . <a href=\"https:\/\/moverdb.com\/sl\/moving-to-finland\/\" data-internallinksmanager029f6b8e52c=\"345\" title=\"Selitev na Finsko? 2023 \u017divljenjski stro\u0161ki in nasveti za selitev\">Finska<\/a>. Pri izvajanju mednarodnih selitev sodelujejo z agenti za selitve po vsem svetu. So \u010dlani zdru\u017eenja IAM in akreditirani pri FIDI.<\/p>\n<p>Podjetje Alfa Moving ponuja storitve od vrat do vrat z razli\u010dnimi mo\u017enostmi pakiranja, vklju\u010dno z zavijanjem v odeje, delnim pakiranjem pohi\u0161tva in popolnim pakiranjem. Ponujajo razli\u010dne mo\u017enosti prevoza, ki jih je mogo\u010de kombinirati, da je selitev \u010dim bolj u\u010dinkovita ali okolju prijazna, vklju\u010dno s kopenskim, pomorskim in zra\u010dnim prevozom. Za la\u017ejo selitev v tujino bodo poskrbeli tudi za va\u0161e zahteve glede priseljevanja in vizumov ter zavarovanja.<\/p>\n<p>Spletna stran: <a href=\"https:\/\/www.alfamoving.com\/\" target=\"_blank\" rel=\"noopener\">https:\/\/www.alfamoving.com\/<\/a><\/p>\n<h2><span class=\"ez-toc-section\" id=\"8_Aspire_Mobility_Group\"><\/span><strong>8. Skupina Aspire Mobility Group<\/strong><span class=\"ez-toc-section-end\"><\/span><\/h2>\n<p><img loading=\"lazy\" decoding=\"async\" class=\"alignnone size-full wp-image-5927\" src=\"https:\/\/moverdb.com\/wp-content\/uploads\/Aspire-Mobility-Group-international-moving-company.png\" alt=\"Aspire Mobility Group mednarodno gibljejo podjetje\" width=\"1440\" height=\"684\" data-wp-pid=\"5927\" srcset=\"https:\/\/moverdb.com\/wp-content\/uploads\/Aspire-Mobility-Group-international-moving-company.png 1440w, https:\/\/moverdb.com\/wp-content\/uploads\/Aspire-Mobility-Group-international-moving-company-300x143.png 300w, https:\/\/moverdb.com\/wp-content\/uploads\/Aspire-Mobility-Group-international-moving-company-1024x486.png 1024w, https:\/\/moverdb.com\/wp-content\/uploads\/Aspire-Mobility-Group-international-moving-company-18x9.png 18w, https:\/\/moverdb.com\/wp-content\/uploads\/Aspire-Mobility-Group-international-moving-company-600x285.png 600w\" sizes=\"auto, (max-width: 1440px) 100vw, 1440px\" \/><\/p>\n<ul>\n<li>Nacionalne poteze<\/li>\n<li>Mednarodne selitve<\/li>\n<li>Storitve premestitve<\/li>\n<li>Stanovanjske selitve<\/li>\n<li>Premiki podjetja<\/li>\n<li>Spletna storitev upravljanja in spremljanja<\/li>\n<li>Storitev pakiranja<\/li>\n<li>Podpora pri priseljevanju in carinjenju<\/li>\n<li>Zavarovanje<\/li>\n<li>Prostori za shranjevanje<\/li>\n<\/ul>\n<p>Aspire Mobility Group je mednarodno podjetje za selitve, ki deluje \u017ee od leta 1879 in ima pisarne v Aarhusu, K\u00f8benhavnu, Odenseju, Hillerodu in Stockholmu. Pri selitvah po vsem svetu sodeluje z mednarodnimi selitvenimi partnerji. Je \u010dlan zdru\u017eenja IAM z 10-letno tradicijo in je akreditirano pri FIDI.<\/p>\n<p>Skupina Aspire Mobility Group ima spletni sistem za upravljanje, ki omogo\u010da spremljanje premikov v realnem \u010dasu. Pred selitvijo opravijo anketo in zagotovijo svetovalca za selitev, ki oceni va\u0161e potrebe in oblikuje na\u010drt selitve. Pomagali vam bodo pri carinjenju, pravilih, predpisih in dokumentaciji za selitev.<\/p>\n<p>Spletna stran: <a href=\"https:\/\/www.aspiremobility.com\/\" target=\"_blank\" rel=\"noopener\">https:\/\/www.aspiremobility.com\/<\/a><\/p>\n<h2><span class=\"ez-toc-section\" id=\"Other_Useful_Guides_to_Denmark\"><\/span>Drugi uporabni vodniki za Dansko<span class=\"ez-toc-section-end\"><\/span><\/h2>\n<ul>\n<li> <a href=\"https:\/\/moverdb.com\/sl\/kontejnersko-posiljanje\/danska\/\">2024 Cene pomorskega prevoza zabojnikov na Dansko in iz nje<\/a><\/li>\n<li> <a href=\"https:\/\/moverdb.com\/sl\/moving-to-denmark\/\">Selitev na Dansko? 2023 \u017divljenjski stro\u0161ki in nasveti za selitev<\/a><\/li>\n<li> <a href=\"https:\/\/moverdb.com\/sl\/moving-to-denmark\/best-places-to-live-denmark\/\">12 najbolj\u0161ih mest za \u017eivljenje na Danskem<\/a><\/li>\n<li> <a href=\"https:\/\/moverdb.com\/sl\/moving-to-denmark\/living-in-denmark\/\">21 skrivnosti o \u017eivljenju na Danskem, ki jih morate poznati, preden se preselite<\/a><\/li>\n<\/ul>","protected":false},"excerpt":{"rendered":"<p>If you are planning on moving home or office in Denmark, or to or from Denmark, you might want to enlist the help of a moving company to assist with your move to reduce the pressure and remove some of the complexities. Below we have compiled a list of Denmark removal companies that are members [&hellip;]<\/p>\n","protected":false},"author":4,"featured_media":5944,"parent":190,"menu_order":0,"comment_status":"closed","ping_status":"closed","template":"","meta":{"_genesis_hide_title":false,"_genesis_hide_breadcrumbs":false,"_genesis_hide_singular_image":false,"_genesis_hide_footer_widgets":false,"_genesis_custom_body_class":"","_genesis_custom_post_class":"","_genesis_layout":"","footnotes":""},"class_list":{"0":"post-6032","1":"page","2":"type-page","3":"status-publish","4":"has-post-thumbnail","6":"entry"},"_links":{"self":[{"href":"https:\/\/moverdb.com\/sl\/wp-json\/wp\/v2\/pages\/6032","targetHints":{"allow":["GET"]}}],"collection":[{"href":"https:\/\/moverdb.com\/sl\/wp-json\/wp\/v2\/pages"}],"about":[{"href":"https:\/\/moverdb.com\/sl\/wp-json\/wp\/v2\/types\/page"}],"author":[{"embeddable":true,"href":"https:\/\/moverdb.com\/sl\/wp-json\/wp\/v2\/users\/4"}],"replies":[{"embeddable":true,"href":"https:\/\/moverdb.com\/sl\/wp-json\/wp\/v2\/comments?post=6032"}],"version-history":[{"count":4,"href":"https:\/\/moverdb.com\/sl\/wp-json\/wp\/v2\/pages\/6032\/revisions"}],"predecessor-version":[{"id":16996,"href":"https:\/\/moverdb.com\/sl\/wp-json\/wp\/v2\/pages\/6032\/revisions\/16996"}],"up":[{"embeddable":true,"href":"https:\/\/moverdb.com\/sl\/wp-json\/wp\/v2\/pages\/190"}],"wp:featuredmedia":[{"embeddable":true,"href":"https:\/\/moverdb.com\/sl\/wp-json\/wp\/v2\/media\/5944"}],"wp:attachment":[{"href":"https:\/\/moverdb.com\/sl\/wp-json\/wp\/v2\/media?parent=6032"}],"curies":[{"name":"wp","href":"https:\/\/api.w.org\/{rel}","templated":true}]}}