{"id":6026,"date":"2023-02-01T13:47:16","date_gmt":"2023-02-01T13:47:16","guid":{"rendered":"https:\/\/moverdb.com\/?page_id=6026"},"modified":"2026-01-08T15:29:04","modified_gmt":"2026-01-08T15:29:04","slug":"selitev-podjetja-ceska-republika","status":"publish","type":"page","link":"https:\/\/moverdb.com\/sl\/moving-companies\/moving-companies-czech-republic\/","title":{"rendered":"5 najbolj\u0161ih mednarodnih selitvenih podjetij na \u010ce\u0161kem"},"content":{"rendered":"<p>Selitev je lahko stresno obdobje, zato mnogi poi\u0161\u010dejo pomo\u010d <a href=\"https:\/\/moverdb.com\/sl\/moving-companies\/\" data-internallinksmanager029f6b8e52c=\"79\" title=\"Top 25 Mednarodne selitve podjetja Online\">selitev podjetja<\/a> da bi olaj\u0161ali breme. Ne glede na to, ali se selite sami ali se va\u0161e podjetje seli lokalno ali mednarodno, vam lahko pomaga podjetje. V nadaljevanju smo pripravili seznam <a href=\"https:\/\/moverdb.com\/sl\/moving-to-the-czech-republic\/\" data-internallinksmanager029f6b8e52c=\"391\" title=\"Selitev na \u010ce\u0161ko? 2024 \u017divljenjski stro\u0161ki in nasveti za selitev\">\u010ce\u0161ka republika<\/a> <a href=\"https:\/\/moverdb.com\/sl\/international-removals\/\" data-internallinksmanager029f6b8e52c=\"27\" title=\"36 najbolj\u0161ih podjetij za mednarodne selitve v Zdru\u017eenem kraljestvu\">podjetja za selitve<\/a> ki so \u010dlani <a href=\"https:\/\/moverdb.com\/sl\/iam\/\" data-internallinksmanager029f6b8e52c=\"23\" title=\"Pojasnila o Mednarodnem zdru\u017eenju gibalcev (IAM)\">Mednarodno zdru\u017eenje movers<\/a> (IAM) in\/ali <a href=\"https:\/\/moverdb.com\/sl\/fidi-faim\/\" data-internallinksmanager029f6b8e52c=\"16\" title=\"Pojasnila o FIDI in FAIM (FIDI Accredited International Mover)\">FIDI<\/a> Akreditirani mednarodni selitveni delavci (FAIM), ki vam lahko pomagajo.<\/p>\n<div id=\"ez-toc-container\" class=\"ez-toc-v2_0_82_2 ez-toc-wrap-left counter-hierarchy ez-toc-counter ez-toc-transparent ez-toc-container-direction\">\n<div class=\"ez-toc-title-container\">\n<p class=\"ez-toc-title\" style=\"cursor:inherit\">Oddelki<\/p>\n<span class=\"ez-toc-title-toggle\"><a href=\"#\" class=\"ez-toc-pull-right ez-toc-btn ez-toc-btn-xs ez-toc-btn-default ez-toc-toggle\" aria-label=\"Toggle Tabela vsebine\"><span class=\"ez-toc-js-icon-con\"><span class=\"\"><span class=\"eztoc-hide\" style=\"display:none;\">Toggle<\/span><span class=\"ez-toc-icon-toggle-span\"><svg style=\"fill: #999;color:#999\" xmlns=\"http:\/\/www.w3.org\/2000\/svg\" class=\"list-377408\" width=\"20px\" height=\"20px\" viewbox=\"0 0 24 24\" fill=\"none\"><path d=\"M6 6H4v2h2V6zm14 0H8v2h12V6zM4 11h2v2H4v-2zm16 0H8v2h12v-2zM4 16h2v2H4v-2zm16 0H8v2h12v-2z\" fill=\"currentColor\"><\/path><\/svg><svg style=\"fill: #999;color:#999\" class=\"arrow-unsorted-368013\" xmlns=\"http:\/\/www.w3.org\/2000\/svg\" width=\"10px\" height=\"10px\" viewbox=\"0 0 24 24\" version=\"1.2\" baseprofile=\"tiny\"><path d=\"M18.2 9.3l-6.2-6.3-6.2 6.3c-.2.2-.3.4-.3.7s.1.5.3.7c.2.2.4.3.7.3h11c.3 0 .5-.1.7-.3.2-.2.3-.5.3-.7s-.1-.5-.3-.7zM5.8 14.7l6.2 6.3 6.2-6.3c.2-.2.3-.5.3-.7s-.1-.5-.3-.7c-.2-.2-.4-.3-.7-.3h-11c-.3 0-.5.1-.7.3-.2.2-.3.5-.3.7s.1.5.3.7z\"\/><\/svg><\/span><\/span><\/span><\/a><\/span><\/div>\n<nav><ul class='ez-toc-list ez-toc-list-level-1 eztoc-toggle-hide-by-default' ><li class='ez-toc-page-1 ez-toc-heading-level-2'><a class=\"ez-toc-link ez-toc-heading-1\" href=\"https:\/\/moverdb.com\/sl\/moving-companies\/moving-companies-czech-republic\/#1_Santa_Fe_Relocation\" >1. Selitev v Santa Fe<\/a><\/li><li class='ez-toc-page-1 ez-toc-heading-level-2'><a class=\"ez-toc-link ez-toc-heading-2\" href=\"https:\/\/moverdb.com\/sl\/moving-companies\/moving-companies-czech-republic\/#2_Voerman_International\" >2. Voerman International<\/a><\/li><li class='ez-toc-page-1 ez-toc-heading-level-2'><a class=\"ez-toc-link ez-toc-heading-3\" href=\"https:\/\/moverdb.com\/sl\/moving-companies\/moving-companies-czech-republic\/#3_Gosselin\" >3. Gosselin<\/a><\/li><li class='ez-toc-page-1 ez-toc-heading-level-2'><a class=\"ez-toc-link ez-toc-heading-4\" href=\"https:\/\/moverdb.com\/sl\/moving-companies\/moving-companies-czech-republic\/#4_KAE_International_Movers\" >4. KAE International Movers<\/a><\/li><li class='ez-toc-page-1 ez-toc-heading-level-2'><a class=\"ez-toc-link ez-toc-heading-5\" href=\"https:\/\/moverdb.com\/sl\/moving-companies\/moving-companies-czech-republic\/#5_Fenix_Shipping\" >5. Dostava Fenix<\/a><\/li><li class='ez-toc-page-1 ez-toc-heading-level-2'><a class=\"ez-toc-link ez-toc-heading-6\" href=\"https:\/\/moverdb.com\/sl\/moving-companies\/moving-companies-czech-republic\/#Other_Useful_Guides_to_the_Czech_Republic\" >Drugi koristni vodniki po \u010ce\u0161ki republiki<\/a><\/li><\/ul><\/nav><\/div>\n<h2><span class=\"ez-toc-section\" id=\"1_Santa_Fe_Relocation\"><\/span><strong>1. Selitev v Santa Fe<\/strong><span class=\"ez-toc-section-end\"><\/span><\/h2>\n<p><img loading=\"lazy\" decoding=\"async\" class=\"alignnone size-full wp-image-6030\" src=\"https:\/\/moverdb.com\/wp-content\/uploads\/Santa-Fe-Relocation-Prague-international-moving-company.png\" alt=\"Santa Fe Relocation Praga mednarodna selitev podjetje\" width=\"1440\" height=\"683\" data-wp-pid=\"6030\" srcset=\"https:\/\/moverdb.com\/wp-content\/uploads\/Santa-Fe-Relocation-Prague-international-moving-company.png 1440w, https:\/\/moverdb.com\/wp-content\/uploads\/Santa-Fe-Relocation-Prague-international-moving-company-300x142.png 300w, https:\/\/moverdb.com\/wp-content\/uploads\/Santa-Fe-Relocation-Prague-international-moving-company-1024x486.png 1024w, https:\/\/moverdb.com\/wp-content\/uploads\/Santa-Fe-Relocation-Prague-international-moving-company-18x9.png 18w, https:\/\/moverdb.com\/wp-content\/uploads\/Santa-Fe-Relocation-Prague-international-moving-company-600x285.png 600w\" sizes=\"auto, (max-width: 1440px) 100vw, 1440px\" \/><\/p>\n<ul>\n<li>Lokalni premiki<\/li>\n<li>Mednarodne selitve<\/li>\n<li>Selitve gospodinjstev<\/li>\n<li>Selitve podjetij<\/li>\n<li>Storitev pakiranja z uporabo visokokakovostnih materialov<\/li>\n<li>Prevoz po kopnem, zraku ali morju<\/li>\n<li>Carinjenje<\/li>\n<li>Pomo\u010d pri izdajanju vizumov in priseljevanju<\/li>\n<li>Prevoz hi\u0161nih ljubljen\u010dkov in vozil<\/li>\n<li>Skladi\u0161\u010da za kratkoro\u010dno in dolgoro\u010dno skladi\u0161\u010denje<\/li>\n<\/ul>\n<p>Santa Fe Relocation je mednarodno podjetje za selitev in premestitev s pisarnami v klju\u010dnih dr\u017eavah. Svojo pisarno v Pragi so odprli leta 1992 in ponujajo selitve stanovanj in podjetij. S 30 leti dela so \u010dlani zdru\u017eenja IAM in so akreditirani pri FIDI.<\/p>\n<p>Podjetje Santa Fe Relocation vam ponuja svetovanje pred selitvijo na kraju samem, da oceni va\u0161e potrebe. Zagotavljajo strokovno storitev pakiranja, vklju\u010dno s katalogizacijo vsega in uporabo najbolj\u0161ih materialov in tehnik pakiranja. Poskrbijo za prevoz po kopnem, zraku ali morju s carinjenjem. Nudijo dodatne storitve, vklju\u010dno z zavarovanjem, skladi\u0161\u010denjem, iskanjem stanovanja in \u0161ole, storitvami za vselitev, prevozom hi\u0161nih ljubljen\u010dkov in vozil.<\/p>\n<p>Spletna stran: <a href=\"https:\/\/www.santaferelo.com\/en\/contact\/our-offices\/czech-republic-prague\/\" target=\"_blank\" rel=\"noopener\">https:\/\/www.santaferelo.com\/en\/contact\/our-offices\/czech-republic-prague\/<\/a><\/p>\n<h2><span class=\"ez-toc-section\" id=\"2_Voerman_International\"><\/span><strong>2. Voerman International<\/strong><span class=\"ez-toc-section-end\"><\/span><\/h2>\n<p><img loading=\"lazy\" decoding=\"async\" class=\"alignnone size-full wp-image-6011\" src=\"https:\/\/moverdb.com\/wp-content\/uploads\/Voerman-international-moving-company.png\" alt=\"Voerman mednarodno gibljejo podjetje\" width=\"1440\" height=\"683\" data-wp-pid=\"6011\" srcset=\"https:\/\/moverdb.com\/wp-content\/uploads\/Voerman-international-moving-company.png 1440w, https:\/\/moverdb.com\/wp-content\/uploads\/Voerman-international-moving-company-300x142.png 300w, https:\/\/moverdb.com\/wp-content\/uploads\/Voerman-international-moving-company-1024x486.png 1024w, https:\/\/moverdb.com\/wp-content\/uploads\/Voerman-international-moving-company-18x9.png 18w, https:\/\/moverdb.com\/wp-content\/uploads\/Voerman-international-moving-company-600x285.png 600w\" sizes=\"auto, (max-width: 1440px) 100vw, 1440px\" \/><\/p>\n<ul>\n<li>Nacionalne poteze<\/li>\n<li>Mednarodne selitve<\/li>\n<li>Storitve premestitve<\/li>\n<li>Pomo\u010d pri priseljevanju in izdajanju vizumov<\/li>\n<li>Pomo\u010d pri iskanju doma in \u0161ole<\/li>\n<li>Prevoz vozil<\/li>\n<li>Premestitev hi\u0161nih ljubljen\u010dkov<\/li>\n<li>Zavarovanje<\/li>\n<li>Kratkoro\u010dno do dolgoro\u010dno skladi\u0161\u010denje<\/li>\n<li>Trajnostni premiki od februarja 2023<\/li>\n<\/ul>\n<p>Voerman International je podjetje za selitve in premestitve, ki deluje od leta 1986 in ima pisarne v <a href=\"https:\/\/moverdb.com\/sl\/moving-to-the-netherlands\/\" data-internallinksmanager029f6b8e52c=\"328\" title=\"Selitev na Nizozemsko? 2023 \u017divljenjski stro\u0161ki in nasveti za selitev\">Nizozemska<\/a>, Rusijo, \u010ce\u0161ko republiko in <a href=\"https:\/\/moverdb.com\/sl\/moving-to-poland\/\" data-internallinksmanager029f6b8e52c=\"378\" title=\"Selitev na Poljsko? 2023 \u017divljenjski stro\u0161ki in nasveti za selitev\">Poljska<\/a>. Pri zagotavljanju storitev po vsem svetu sodelujejo z drugimi mednarodnimi selitvenimi agencijami. S 26 leti delovanja so \u010dlani zdru\u017eenja IAM, \u010dlani zdru\u017eenja <a href=\"https:\/\/moverdb.com\/sl\/harmony-relocation-network\/\" data-internallinksmanager029f6b8e52c=\"20\" title=\"Pojasnila o mre\u017ei za premestitev Harmony (HRN)\">Harmony Relocation Network<\/a> in so akreditirani pri FIDI.<\/p>\n<p>Voerman International ponuja celovite storitve, ki vklju\u010dujejo storitve pred odhodom in po odhodu, kot so urejanje dokumentacije, pomo\u010d pri priseljevanju in vizumih. Ponujajo tudi storitve za naselitev, pomo\u010d pri iskanju doma in \u0161ole, pomo\u010d pri vzdr\u017eevanju prostorov ter kulturno in jezikovno usposabljanje.<\/p>\n<p>Spletna stran: <a href=\"https:\/\/www.voerman.com\/\" target=\"_blank\" rel=\"noopener\">https:\/\/www.voerman.com\/<\/a><\/p>\n<h2><span class=\"ez-toc-section\" id=\"3_Gosselin\"><\/span><strong>3. Gosselin<\/strong><span class=\"ez-toc-section-end\"><\/span><\/h2>\n<p><img loading=\"lazy\" decoding=\"async\" class=\"alignnone size-full wp-image-5954\" src=\"https:\/\/moverdb.com\/wp-content\/uploads\/Gosselin-Czech-Republic-international-moving-company.png\" alt=\"Gosselin \u010ce\u0161ka republika mednarodno gibanje podjetje\" width=\"1440\" height=\"682\" data-wp-pid=\"5954\" srcset=\"https:\/\/moverdb.com\/wp-content\/uploads\/Gosselin-Czech-Republic-international-moving-company.png 1440w, https:\/\/moverdb.com\/wp-content\/uploads\/Gosselin-Czech-Republic-international-moving-company-300x142.png 300w, https:\/\/moverdb.com\/wp-content\/uploads\/Gosselin-Czech-Republic-international-moving-company-1024x485.png 1024w, https:\/\/moverdb.com\/wp-content\/uploads\/Gosselin-Czech-Republic-international-moving-company-18x9.png 18w, https:\/\/moverdb.com\/wp-content\/uploads\/Gosselin-Czech-Republic-international-moving-company-600x284.png 600w\" sizes=\"auto, (max-width: 1440px) 100vw, 1440px\" \/><\/p>\n<ul>\n<li>Mednarodne selitve<\/li>\n<li>Storitve premestitve<\/li>\n<li>Selitve gospodinjstev<\/li>\n<li>Selitve pisarn<\/li>\n<li>Storitev pakiranja z uporabo vrhunskih materialov<\/li>\n<li>Prevoz po kopnem ali morju<\/li>\n<li>Prevoz likovne umetnosti<\/li>\n<li>Premestitev hi\u0161nih ljubljen\u010dkov<\/li>\n<li>Prevoz vozil<\/li>\n<li>Prostori za shranjevanje<\/li>\n<\/ul>\n<p>Gosselin je mednarodni ponudnik selitvenih storitev s pisarnami po vsej Evropi, vklju\u010dno s Prago, ki je bila ustanovljena leta 1992. Poleg tega ima partnersko mre\u017eo po vsem svetu, ki zagotavlja mednarodne selitve. Je \u010dlan zdru\u017eenja IAM s 30-letno tradicijo.<\/p>\n<p>Gosselin ponuja izku\u0161eno selitveno storitev, ki omogo\u010da selitev gospodinjskih predmetov, pisarn, motornih vozil, hi\u0161nih ljubljen\u010dkov in likovnih umetnin na \u010ce\u0161ko in iz nje. Va\u0161e predmete bodo zapakirali po visokih standardih in pri tem uporabili vrhunske embala\u017ene materiale. Poskrbeli bodo za prevoz po kopnem ali morju do va\u0161ega namembnega kraja. Opravljajo storitve za posameznike, podjetja, diplomate in veleposlani\u0161tva.<\/p>\n<p>Spletna stran: <a href=\"https:\/\/gosselin-moving.com\/en\/czech-republic\" target=\"_blank\" rel=\"noopener\">https:\/\/gosselin-moving.com\/en\/czech-republic<\/a><\/p>\n<h2><span class=\"ez-toc-section\" id=\"4_KAE_International_Movers\"><\/span><strong>4. KAE International Movers<\/strong><span class=\"ez-toc-section-end\"><\/span><\/h2>\n<p><img loading=\"lazy\" decoding=\"async\" class=\"alignnone size-full wp-image-6028\" src=\"https:\/\/moverdb.com\/wp-content\/uploads\/KAE-International-Movers-international-moving-company.png\" alt=\"KAE International Movers mednarodno gibanje podjetje\" width=\"1440\" height=\"681\" data-wp-pid=\"6028\" srcset=\"https:\/\/moverdb.com\/wp-content\/uploads\/KAE-International-Movers-international-moving-company.png 1440w, https:\/\/moverdb.com\/wp-content\/uploads\/KAE-International-Movers-international-moving-company-300x142.png 300w, https:\/\/moverdb.com\/wp-content\/uploads\/KAE-International-Movers-international-moving-company-1024x484.png 1024w, https:\/\/moverdb.com\/wp-content\/uploads\/KAE-International-Movers-international-moving-company-18x9.png 18w, https:\/\/moverdb.com\/wp-content\/uploads\/KAE-International-Movers-international-moving-company-600x284.png 600w\" sizes=\"auto, (max-width: 1440px) 100vw, 1440px\" \/><\/p>\n<ul>\n<li>Nacionalne poteze<\/li>\n<li>Mednarodne selitve<\/li>\n<li>Selitve gospodinjstev<\/li>\n<li>Selitve pisarn<\/li>\n<li>Storitve pakiranja<\/li>\n<li>Carinska podpora<\/li>\n<li>Zavarovanje<\/li>\n<li>Prevoz likovne umetnosti<\/li>\n<li>Prevoz vozil<\/li>\n<li>Re\u0161itve za shranjevanje<\/li>\n<\/ul>\n<p>KAE International Movers je ponudnik selitvenih storitev, ki ima pisarne na \u010ce\u0161kem in <a href=\"https:\/\/moverdb.com\/sl\/moving-to-greece\/\" data-internallinksmanager029f6b8e52c=\"353\" title=\"Selitev v Gr\u010dijo? 2023 \u017divljenjski stro\u0161ki in nasveti za selitev\">Gr\u010dija<\/a>. Pri zagotavljanju storitev po vsem svetu sodelujejo z mednarodnimi agenti za selitve. So \u010dlani zdru\u017eenja IAM z osemletno tradicijo.<\/p>\n<p>KAE International Movers ponuja za\u010detno raziskavo za oceno va\u0161ih potreb po selitvi in pripravo ponudbe. Nudijo strokovno storitev pakiranja za domove in pisarne, ki jih za\u0161\u010diti in ozna\u010di za prevoz po kopnem, zraku ali morju. Pomagali vam bodo pri carinjenju in urejanju dokumentov. Nudijo tudi specializirane storitve prevoza likovnih umetnin in vozil.<\/p>\n<p>Spletna stran: <a href=\"http:\/\/www.kaeintlmovers.com\" target=\"_blank\" rel=\"noopener\">http:\/\/www.kaeintlmovers.com<\/a><\/p>\n<h2><span class=\"ez-toc-section\" id=\"5_Fenix_Shipping\"><\/span><strong>5. Dostava Fenix<\/strong><span class=\"ez-toc-section-end\"><\/span><\/h2>\n<p><img loading=\"lazy\" decoding=\"async\" class=\"alignnone size-full wp-image-6027\" src=\"https:\/\/moverdb.com\/wp-content\/uploads\/Fenix-Shipping-international-moving-company.png\" alt=\"Fenix Shipping mednarodno gibljejo podjetje\" width=\"1440\" height=\"683\" data-wp-pid=\"6027\" srcset=\"https:\/\/moverdb.com\/wp-content\/uploads\/Fenix-Shipping-international-moving-company.png 1440w, https:\/\/moverdb.com\/wp-content\/uploads\/Fenix-Shipping-international-moving-company-300x142.png 300w, https:\/\/moverdb.com\/wp-content\/uploads\/Fenix-Shipping-international-moving-company-1024x486.png 1024w, https:\/\/moverdb.com\/wp-content\/uploads\/Fenix-Shipping-international-moving-company-18x9.png 18w, https:\/\/moverdb.com\/wp-content\/uploads\/Fenix-Shipping-international-moving-company-600x285.png 600w\" sizes=\"auto, (max-width: 1440px) 100vw, 1440px\" \/><\/p>\n<ul>\n<li>Nacionalne poteze<\/li>\n<li>Mednarodne selitve<\/li>\n<li>Storitve premestitve<\/li>\n<li>Selitve gospodinjstev<\/li>\n<li>Storitev pakiranja<\/li>\n<li>Po cesti, morju in zraku<\/li>\n<li>Carinska podpora<\/li>\n<li>Storitve \u010di\u0161\u010denja<\/li>\n<li>Prevoz hi\u0161nih ljubljen\u010dkov<\/li>\n<li>Skladi\u0161\u010da za kratkoro\u010dno in dolgoro\u010dno skladi\u0161\u010denje<\/li>\n<\/ul>\n<p>Fenix Shipping je mednarodni ponudnik selitev s sede\u017eem v Pragi, ki ponuja selitvene storitve na \u010ce\u0161kem ter na \u010ce\u0161ko in iz nje. Pri nudenju mednarodnih storitev sodeluje s partnerji z vsega sveta. Je \u010dlan zdru\u017eenja IAM s 7 leti delovanja.<\/p>\n<p>Dru\u017eba Fenix Shipping ponuja celovito storitev selitve, ki vklju\u010duje storitve pakiranja za za\u0161\u010dito va\u0161ega premo\u017eenja, natovarjanje in organizacijo prevoza po kopnem, morju ali zraku. Poskrbijo tudi za carinske storitve in dokumente za va\u0161o selitev. Njihove storitve selitve pomagajo tudi pri \u010di\u0161\u010denju in najemu avtomobila.<\/p>\n<p>Spletna stran: <a href=\"http:\/\/www.fenixshipping.cz\" target=\"_blank\" rel=\"noopener\">http:\/\/www.fenixshipping.cz<\/a><\/p>\n<h2><span class=\"ez-toc-section\" id=\"Other_Useful_Guides_to_the_Czech_Republic\"><\/span>Drugi koristni vodniki po \u010ce\u0161ki republiki<span class=\"ez-toc-section-end\"><\/span><\/h2>\n<ul>\n<li> <a href=\"https:\/\/moverdb.com\/sl\/moving-to-the-czech-republic\/\">Selitev na \u010ce\u0161ko? 2024 \u017divljenjski stro\u0161ki in nasveti za selitev<\/a><\/li>\n<li> <a href=\"https:\/\/moverdb.com\/sl\/moving-to-the-czech-republic\/best-places-to-live-in-czech-republic\/\">12 najbolj\u0161ih mest za \u017eivljenje v \u010ce\u0161ki republiki<\/a><\/li>\n<li> <a href=\"https:\/\/moverdb.com\/sl\/?page_id=9648&#038;preview=true\">21 skrivnosti o \u017eivljenju na \u010ce\u0161kem, ki jih morate poznati pred selitvijo<\/a><\/li>\n<li> <a href=\"https:\/\/moverdb.com\/sl\/kontejnersko-posiljanje\/ceska-republika\/\">2024 Cene pomorskega prevoza zabojnikov v \u010ce\u0161ko republiko in iz nje<\/a><\/li>\n<\/ul>","protected":false},"excerpt":{"rendered":"<p>Moving can be a stressful time which is why many people seek the assistance of a moving company to help ease the burden. Whether you are moving yourself or your business locally or internationally, there is a company that can help. Below we have compiled a list of Czech Republic removal companies that are members [&hellip;]<\/p>\n","protected":false},"author":4,"featured_media":0,"parent":190,"menu_order":0,"comment_status":"closed","ping_status":"closed","template":"","meta":{"_genesis_hide_title":false,"_genesis_hide_breadcrumbs":false,"_genesis_hide_singular_image":false,"_genesis_hide_footer_widgets":false,"_genesis_custom_body_class":"","_genesis_custom_post_class":"","_genesis_layout":"","footnotes":""},"class_list":{"0":"post-6026","1":"page","2":"type-page","3":"status-publish","5":"entry","6":"has-post-thumbnail"},"_links":{"self":[{"href":"https:\/\/moverdb.com\/sl\/wp-json\/wp\/v2\/pages\/6026","targetHints":{"allow":["GET"]}}],"collection":[{"href":"https:\/\/moverdb.com\/sl\/wp-json\/wp\/v2\/pages"}],"about":[{"href":"https:\/\/moverdb.com\/sl\/wp-json\/wp\/v2\/types\/page"}],"author":[{"embeddable":true,"href":"https:\/\/moverdb.com\/sl\/wp-json\/wp\/v2\/users\/4"}],"replies":[{"embeddable":true,"href":"https:\/\/moverdb.com\/sl\/wp-json\/wp\/v2\/comments?post=6026"}],"version-history":[{"count":4,"href":"https:\/\/moverdb.com\/sl\/wp-json\/wp\/v2\/pages\/6026\/revisions"}],"predecessor-version":[{"id":16359,"href":"https:\/\/moverdb.com\/sl\/wp-json\/wp\/v2\/pages\/6026\/revisions\/16359"}],"up":[{"embeddable":true,"href":"https:\/\/moverdb.com\/sl\/wp-json\/wp\/v2\/pages\/190"}],"wp:attachment":[{"href":"https:\/\/moverdb.com\/sl\/wp-json\/wp\/v2\/media?parent=6026"}],"curies":[{"name":"wp","href":"https:\/\/api.w.org\/{rel}","templated":true}]}}