{"id":6022,"date":"2023-02-01T12:31:45","date_gmt":"2023-02-01T12:31:45","guid":{"rendered":"https:\/\/moverdb.com\/?page_id=6022"},"modified":"2026-01-08T15:23:40","modified_gmt":"2026-01-08T15:23:40","slug":"selitev-podjetja-curacao","status":"publish","type":"page","link":"https:\/\/moverdb.com\/sl\/moving-companies\/moving-companies-curacao\/","title":{"rendered":"2 najbolj\u0161i mednarodni selitveni podjetji v Curacau"},"content":{"rendered":"<p>Selitev doma ali pisarne je lahko stresna in dolgotrajna, zato vam lahko podjetje za selitev ali preselitev pomaga olaj\u0161ati delo in vam pomaga izkoristiti njihove izku\u0161nje. Spodaj smo navedli <a href=\"https:\/\/moverdb.com\/sl\/moving-to-curacao\/\" data-internallinksmanager029f6b8e52c=\"429\" title=\"Selitev v Cura\u00e7ao? 2023 \u017divljenjski stro\u0161ki in nasveti za selitev\">Curacao<\/a> <a href=\"https:\/\/moverdb.com\/sl\/international-removals\/\" data-internallinksmanager029f6b8e52c=\"27\" title=\"36 najbolj\u0161ih podjetij za mednarodne selitve v Zdru\u017eenem kraljestvu\">podjetja za selitve<\/a> ki so \u010dlani <a href=\"https:\/\/moverdb.com\/sl\/iam\/\" data-internallinksmanager029f6b8e52c=\"23\" title=\"Pojasnila o Mednarodnem zdru\u017eenju gibalcev (IAM)\">Mednarodno zdru\u017eenje movers<\/a> (IAM) in\/ali <a href=\"https:\/\/moverdb.com\/sl\/fidi-faim\/\" data-internallinksmanager029f6b8e52c=\"16\" title=\"Pojasnila o FIDI in FAIM (FIDI Accredited International Mover)\">FIDI<\/a> Akreditirani mednarodni selitveni delavci (FAIM), ki vam bodo morda lahko pomagali.<\/p>\n<h2><strong>1. AGS Meyer<\/strong><\/h2>\n<p><img loading=\"lazy\" decoding=\"async\" class=\"alignnone size-full wp-image-5918\" src=\"https:\/\/moverdb.com\/wp-content\/uploads\/AGS-Meyer-international-moving-company.png\" alt=\"AGS Meyer mednarodna selitev podjetja\" width=\"1440\" height=\"684\" data-wp-pid=\"5918\" srcset=\"https:\/\/moverdb.com\/wp-content\/uploads\/AGS-Meyer-international-moving-company.png 1440w, https:\/\/moverdb.com\/wp-content\/uploads\/AGS-Meyer-international-moving-company-300x143.png 300w, https:\/\/moverdb.com\/wp-content\/uploads\/AGS-Meyer-international-moving-company-1024x486.png 1024w, https:\/\/moverdb.com\/wp-content\/uploads\/AGS-Meyer-international-moving-company-18x9.png 18w, https:\/\/moverdb.com\/wp-content\/uploads\/AGS-Meyer-international-moving-company-600x285.png 600w\" sizes=\"auto, (max-width: 1440px) 100vw, 1440px\" \/><\/p>\n<ul>\n<li>Lokalni premiki<\/li>\n<li>Mednarodne selitve<\/li>\n<li>Selitve gospodinjstev<\/li>\n<li>Selitve podjetja<\/li>\n<li>Storitev od vrat do vrat<\/li>\n<li>Storitve pakiranja<\/li>\n<li>Kopenski, zra\u010dni in pomorski prevoz<\/li>\n<li>Carinske formalnosti<\/li>\n<li>Akreditacija FIDI<\/li>\n<li>Storitve shranjevanja<\/li>\n<\/ul>\n<p>AGS Meyer je <a href=\"https:\/\/moverdb.com\/sl\/moving-companies\/\" data-internallinksmanager029f6b8e52c=\"79\" title=\"Top 25 Mednarodne selitve podjetja Online\">selitev podjetja<\/a> ki je bila ustanovljena leta 1959 na Curacau in zagotavlja lokalne in mednarodne selitve za gospodinjstva in podjetja, ima sedem podru\u017enic na Karibih. Imajo globalno mre\u017eo povezanih selitvenih agentov za zagotavljanje mednarodnih selitev. S 63 leti delovanja so \u010dlani zdru\u017eenja IAM in so akreditirani pri FIDI.<\/p>\n<p>Dru\u017eba AGS Meyer ponuja selitvene storitve od vrat do vrat, vklju\u010dno s selitvijo, selitvijo in skladi\u0161\u010denjem za zasebne stranke, podjetja in diplomatske agencije. Svetujejo vam pri selitvi in vam pomagajo na vsakem koraku. Va\u0161e stvari bodo varno zapakirali, poskrbeli za prevoz in carinske formalnosti ter jih razpakirali na cilju.<\/p>\n<p>Spletna stran: <a href=\"https:\/\/www.meyermoving.com\/\" target=\"_blank\" rel=\"noopener\">https:\/\/www.meyermoving.com\/<\/a><\/p>\n<h2><strong>2. Karibske selitvene storitve<\/strong><\/h2>\n<p><img loading=\"lazy\" decoding=\"async\" class=\"alignnone size-full wp-image-5933\" src=\"https:\/\/moverdb.com\/wp-content\/uploads\/Caribbean-Moving-Services-international-moving-company.png\" alt=\"Caribbean Moving Services mednarodno gibanje podjetje\" width=\"1440\" height=\"680\" data-wp-pid=\"5933\" srcset=\"https:\/\/moverdb.com\/wp-content\/uploads\/Caribbean-Moving-Services-international-moving-company.png 1440w, https:\/\/moverdb.com\/wp-content\/uploads\/Caribbean-Moving-Services-international-moving-company-300x142.png 300w, https:\/\/moverdb.com\/wp-content\/uploads\/Caribbean-Moving-Services-international-moving-company-1024x484.png 1024w, https:\/\/moverdb.com\/wp-content\/uploads\/Caribbean-Moving-Services-international-moving-company-18x9.png 18w, https:\/\/moverdb.com\/wp-content\/uploads\/Caribbean-Moving-Services-international-moving-company-600x283.png 600w\" sizes=\"auto, (max-width: 1440px) 100vw, 1440px\" \/><\/p>\n<ul>\n<li>Lokalni premiki<\/li>\n<li>Mednarodne selitve<\/li>\n<li>Stanovanjske selitve<\/li>\n<li>Selitve pisarn<\/li>\n<li>Prilagojen na\u010drt premestitve<\/li>\n<li>Storitev pakiranja<\/li>\n<li>razstavljanje in sestavljanje pohi\u0161tva<\/li>\n<li>Zemlja, morje in zrak<\/li>\n<li>Carinjenje<\/li>\n<li>Prostori za shranjevanje<\/li>\n<\/ul>\n<p>Caribbean Moving Services je podjetje za selitve v Willemstadu, ki je del skupine podjetij, v kateri sta tudi Caribbean Cargo Services in G&amp;V Free Zone. Ustanovljeno je bilo leta 1981 kot tovorno podjetje, leta 1994 pa se je raz\u0161irilo na selitvene storitve in postalo najve\u010dje selitveno podjetje na otoku. Podjetje je \u010dlan zdru\u017eenja IAM z 28-letno tradicijo in je akreditirano pri FIDI.<\/p>\n<p>Caribbean Moving Services ponuja storitev selitve na enem mestu, ki se za\u010dne z raziskavo in enotno kontaktno to\u010dko. Nudijo strokovno storitev pakiranja, vklju\u010dno z razstavljanjem pohi\u0161tva in varnim pakiranjem stvari. Organizirajo prevoz po kopnem, morju ali zraku s carinjenjem, nato pa zapakirajo in sestavijo pohi\u0161tvo.<\/p>\n<p>Spletna stran: <a href=\"https:\/\/www.cmscur.com\/\" target=\"_blank\" rel=\"noopener\">https:\/\/www.cmscur.com\/<\/a><\/p>","protected":false},"excerpt":{"rendered":"<p>Moving home or office can be stressful and time-consuming so getting some support from a moving or relocation company can help lighten your load and you can benefit from their experience. Below we have listed Curacao removal companies that are members of the International Association of Movers (IAM) and\/or FIDI Accredited International Mover (FAIM) who [&hellip;]<\/p>\n","protected":false},"author":4,"featured_media":0,"parent":190,"menu_order":0,"comment_status":"closed","ping_status":"closed","template":"","meta":{"_genesis_hide_title":false,"_genesis_hide_breadcrumbs":false,"_genesis_hide_singular_image":false,"_genesis_hide_footer_widgets":false,"_genesis_custom_body_class":"","_genesis_custom_post_class":"","_genesis_layout":"","footnotes":""},"class_list":{"0":"post-6022","1":"page","2":"type-page","3":"status-publish","5":"entry","6":"has-post-thumbnail"},"_links":{"self":[{"href":"https:\/\/moverdb.com\/sl\/wp-json\/wp\/v2\/pages\/6022","targetHints":{"allow":["GET"]}}],"collection":[{"href":"https:\/\/moverdb.com\/sl\/wp-json\/wp\/v2\/pages"}],"about":[{"href":"https:\/\/moverdb.com\/sl\/wp-json\/wp\/v2\/types\/page"}],"author":[{"embeddable":true,"href":"https:\/\/moverdb.com\/sl\/wp-json\/wp\/v2\/users\/4"}],"replies":[{"embeddable":true,"href":"https:\/\/moverdb.com\/sl\/wp-json\/wp\/v2\/comments?post=6022"}],"version-history":[{"count":1,"href":"https:\/\/moverdb.com\/sl\/wp-json\/wp\/v2\/pages\/6022\/revisions"}],"predecessor-version":[{"id":6023,"href":"https:\/\/moverdb.com\/sl\/wp-json\/wp\/v2\/pages\/6022\/revisions\/6023"}],"up":[{"embeddable":true,"href":"https:\/\/moverdb.com\/sl\/wp-json\/wp\/v2\/pages\/190"}],"wp:attachment":[{"href":"https:\/\/moverdb.com\/sl\/wp-json\/wp\/v2\/media?parent=6022"}],"curies":[{"name":"wp","href":"https:\/\/api.w.org\/{rel}","templated":true}]}}