{"id":6020,"date":"2023-02-01T13:55:01","date_gmt":"2023-02-01T13:55:01","guid":{"rendered":"https:\/\/moverdb.com\/?page_id=6020"},"modified":"2026-01-08T15:29:53","modified_gmt":"2026-01-08T15:29:53","slug":"selitev-podjetja-hrvaska","status":"publish","type":"page","link":"https:\/\/moverdb.com\/sl\/moving-companies\/moving-companies-croatia\/","title":{"rendered":"Najbolj\u0161a podjetja za mednarodno selitev na Hrva\u0161kem"},"content":{"rendered":"<p>\u010ce se selite domov ali v podjetje v <a href=\"https:\/\/moverdb.com\/sl\/moving-to-croatia\/\" data-internallinksmanager029f6b8e52c=\"428\" title=\"Selitev na Hrva\u0161ko? 2023 \u017divljenjski stro\u0161ki in nasveti za selitev\">Hrva\u0161ka<\/a>, na Hrva\u0161ko ali iz nje, boste morda \u017eeleli pomo\u010d pri selitvi. Za pomo\u010d tistim, ki se selijo, smo pripravili seznam hrva\u0161kih <a href=\"https:\/\/moverdb.com\/sl\/international-removals\/\" data-internallinksmanager029f6b8e52c=\"27\" title=\"36 najbolj\u0161ih podjetij za mednarodne selitve v Zdru\u017eenem kraljestvu\">podjetja za selitve<\/a> spodaj, ki so \u010dlani <a href=\"https:\/\/moverdb.com\/sl\/iam\/\" data-internallinksmanager029f6b8e52c=\"23\" title=\"Pojasnila o Mednarodnem zdru\u017eenju gibalcev (IAM)\">Mednarodno zdru\u017eenje movers<\/a> (IAM) in\/ali <a href=\"https:\/\/moverdb.com\/sl\/fidi-faim\/\" data-internallinksmanager029f6b8e52c=\"16\" title=\"Pojasnila o FIDI in FAIM (FIDI Accredited International Mover)\">FIDI<\/a> akreditirani mednarodni selitveni prevoznik (FAIM).<\/p>\n<h2><strong>Gosselin<\/strong><\/h2>\n<p><img loading=\"lazy\" decoding=\"async\" class=\"alignnone size-full wp-image-5953\" src=\"https:\/\/moverdb.com\/wp-content\/uploads\/Gosselin-Croatia-international-moving-company.png\" alt=\"Gosselin Hrva\u0161ka mednarodno podjetje za selitev\" width=\"1440\" height=\"680\" data-wp-pid=\"5953\" srcset=\"https:\/\/moverdb.com\/wp-content\/uploads\/Gosselin-Croatia-international-moving-company.png 1440w, https:\/\/moverdb.com\/wp-content\/uploads\/Gosselin-Croatia-international-moving-company-300x142.png 300w, https:\/\/moverdb.com\/wp-content\/uploads\/Gosselin-Croatia-international-moving-company-1024x484.png 1024w, https:\/\/moverdb.com\/wp-content\/uploads\/Gosselin-Croatia-international-moving-company-18x9.png 18w, https:\/\/moverdb.com\/wp-content\/uploads\/Gosselin-Croatia-international-moving-company-600x283.png 600w\" sizes=\"auto, (max-width: 1440px) 100vw, 1440px\" \/><\/p>\n<ul>\n<li>Nacionalne poteze<\/li>\n<li>Mednarodne selitve<\/li>\n<li>Selitve gospodinjstev<\/li>\n<li>Selitve pisarn in veleposlani\u0161tev<\/li>\n<li>Usposobljeni selitveni delavci zagotavljajo visokokakovostne standarde<\/li>\n<li>Storitev pakiranja in razpakiranja<\/li>\n<li>Likovna umetnost se premika<\/li>\n<li>Prevoz hi\u0161nih ljubljen\u010dkov<\/li>\n<li>Po\u0161iljka vozila<\/li>\n<li>Kratkoro\u010dno do dolgoro\u010dno skladi\u0161\u010denje<\/li>\n<\/ul>\n<p>Gosselin je <a href=\"https:\/\/moverdb.com\/sl\/moving-companies\/\" data-internallinksmanager029f6b8e52c=\"79\" title=\"Top 25 Mednarodne selitve podjetja Online\">mednarodna selitev podjetja<\/a> ki ima pisarne po vsem svetu in deluje \u017ee od leta 1930. Na Hrva\u0161kem \u017ee ve\u010d kot 20 let opravlja selitvene storitve v Zagrebu. So \u010dlan zdru\u017eenja IAM z devetletnim sta\u017eem.<\/p>\n<p>Gosselin ponuja profesionalne selitvene storitve za izjemno velike ali majhne selitve, ki lahko vklju\u010dujejo tudi umetnine, ki zahtevajo bolj previdno ravnanje, in bolj specializirane storitve, kot je prevoz hi\u0161nih ljubljen\u010dkov in vozil. Zagotavljajo usposobljeno osebje, ki dela po visokokakovostnih standardih pri za\u0161\u010diti va\u0161ih stvari med prevozom in jih ob prihodu razpakira.<\/p>\n<p>Spletna stran: <a href=\"https:\/\/gosselin-moving.com\/en\/southeast-europe\" target=\"_blank\" rel=\"noopener\">https:\/\/gosselin-moving.com\/en\/southeast-europe<\/a><\/p>\n<h2>Drugi uporabni vodniki za Hrva\u0161ko<\/h2>\n<ul>\n<li> <a href=\"https:\/\/moverdb.com\/sl\/kontejnersko-posiljanje\/hrvaska\/\">2024 Cene pomorskega prevoza kontejnerjev na Hrva\u0161ko in iz nje<\/a><\/li>\n<li> <a href=\"https:\/\/moverdb.com\/sl\/moving-to-croatia\/\">Selitev na Hrva\u0161ko? 2023 \u017divljenjski stro\u0161ki in nasveti za selitev<\/a><\/li>\n<li> <a href=\"https:\/\/moverdb.com\/sl\/moving-to-croatia\/living-in-croatia\/\">21 skrivnosti o \u017eivljenju na Hrva\u0161kem, ki jih morate poznati, preden se preselite<\/a><\/li>\n<\/ul>","protected":false},"excerpt":{"rendered":"<p>If you are moving home or business in Croatia, or to or from Croatia, you might want some help with your move. To assist those that are moving we have compiled a list of Croatian removal companies below that are members of the International Association of Movers (IAM) and\/or FIDI Accredited International Mover (FAIM). Gosselin [&hellip;]<\/p>\n","protected":false},"author":4,"featured_media":0,"parent":190,"menu_order":0,"comment_status":"closed","ping_status":"closed","template":"","meta":{"_genesis_hide_title":false,"_genesis_hide_breadcrumbs":false,"_genesis_hide_singular_image":false,"_genesis_hide_footer_widgets":false,"_genesis_custom_body_class":"","_genesis_custom_post_class":"","_genesis_layout":"","footnotes":""},"class_list":{"0":"post-6020","1":"page","2":"type-page","3":"status-publish","5":"entry","6":"has-post-thumbnail"},"_links":{"self":[{"href":"https:\/\/moverdb.com\/sl\/wp-json\/wp\/v2\/pages\/6020","targetHints":{"allow":["GET"]}}],"collection":[{"href":"https:\/\/moverdb.com\/sl\/wp-json\/wp\/v2\/pages"}],"about":[{"href":"https:\/\/moverdb.com\/sl\/wp-json\/wp\/v2\/types\/page"}],"author":[{"embeddable":true,"href":"https:\/\/moverdb.com\/sl\/wp-json\/wp\/v2\/users\/4"}],"replies":[{"embeddable":true,"href":"https:\/\/moverdb.com\/sl\/wp-json\/wp\/v2\/comments?post=6020"}],"version-history":[{"count":2,"href":"https:\/\/moverdb.com\/sl\/wp-json\/wp\/v2\/pages\/6020\/revisions"}],"predecessor-version":[{"id":18351,"href":"https:\/\/moverdb.com\/sl\/wp-json\/wp\/v2\/pages\/6020\/revisions\/18351"}],"up":[{"embeddable":true,"href":"https:\/\/moverdb.com\/sl\/wp-json\/wp\/v2\/pages\/190"}],"wp:attachment":[{"href":"https:\/\/moverdb.com\/sl\/wp-json\/wp\/v2\/media?parent=6020"}],"curies":[{"name":"wp","href":"https:\/\/api.w.org\/{rel}","templated":true}]}}