{"id":6015,"date":"2023-02-01T13:48:20","date_gmt":"2023-02-01T13:48:20","guid":{"rendered":"https:\/\/moverdb.com\/?page_id=6015"},"modified":"2026-01-08T15:29:16","modified_gmt":"2026-01-08T15:29:16","slug":"selitev-podjetja-costa-rica","status":"publish","type":"page","link":"https:\/\/moverdb.com\/sl\/moving-companies\/moving-companies-costa-rica\/","title":{"rendered":"6 najbolj\u0161ih mednarodnih selitvenih podjetij v Kostariki"},"content":{"rendered":"<p>Ali se selite v ali iz <a href=\"https:\/\/moverdb.com\/sl\/moving-to-costa-rica\/\" data-internallinksmanager029f6b8e52c=\"427\" title=\"Selitev v Kostariko? 2023 \u017divljenjski stro\u0161ki in nasveti za selitev\">Kostarika<\/a>ali se selijo v Kostariko? Potem vas morda zanima pomo\u010d pri selitvi vseh va\u0161ih stvari, saj je to lahko zapleteno, zlasti \u010de se selite v druge dr\u017eave. V nadaljevanju smo pripravili seznam kostari\u0161kih <a href=\"https:\/\/moverdb.com\/sl\/international-removals\/\" data-internallinksmanager029f6b8e52c=\"27\" title=\"36 najbolj\u0161ih podjetij za mednarodne selitve v Zdru\u017eenem kraljestvu\">podjetja za selitve<\/a> ki so \u010dlani <a href=\"https:\/\/moverdb.com\/sl\/iam\/\" data-internallinksmanager029f6b8e52c=\"23\" title=\"Pojasnila o Mednarodnem zdru\u017eenju gibalcev (IAM)\">Mednarodno zdru\u017eenje movers<\/a> (IAM) in\/ali <a href=\"https:\/\/moverdb.com\/sl\/fidi-faim\/\" data-internallinksmanager029f6b8e52c=\"16\" title=\"Pojasnila o FIDI in FAIM (FIDI Accredited International Mover)\">FIDI<\/a> Akreditirani mednarodni selitveni delavci (FAIM), ki vam lahko pomagajo.<\/p>\n<div id=\"ez-toc-container\" class=\"ez-toc-v2_0_82_2 ez-toc-wrap-left counter-hierarchy ez-toc-counter ez-toc-transparent ez-toc-container-direction\">\n<div class=\"ez-toc-title-container\">\n<p class=\"ez-toc-title\" style=\"cursor:inherit\">Oddelki<\/p>\n<span class=\"ez-toc-title-toggle\"><a href=\"#\" class=\"ez-toc-pull-right ez-toc-btn ez-toc-btn-xs ez-toc-btn-default ez-toc-toggle\" aria-label=\"Toggle Tabela vsebine\"><span class=\"ez-toc-js-icon-con\"><span class=\"\"><span class=\"eztoc-hide\" style=\"display:none;\">Toggle<\/span><span class=\"ez-toc-icon-toggle-span\"><svg style=\"fill: #999;color:#999\" xmlns=\"http:\/\/www.w3.org\/2000\/svg\" class=\"list-377408\" width=\"20px\" height=\"20px\" viewbox=\"0 0 24 24\" fill=\"none\"><path d=\"M6 6H4v2h2V6zm14 0H8v2h12V6zM4 11h2v2H4v-2zm16 0H8v2h12v-2zM4 16h2v2H4v-2zm16 0H8v2h12v-2z\" fill=\"currentColor\"><\/path><\/svg><svg style=\"fill: #999;color:#999\" class=\"arrow-unsorted-368013\" xmlns=\"http:\/\/www.w3.org\/2000\/svg\" width=\"10px\" height=\"10px\" viewbox=\"0 0 24 24\" version=\"1.2\" baseprofile=\"tiny\"><path d=\"M18.2 9.3l-6.2-6.3-6.2 6.3c-.2.2-.3.4-.3.7s.1.5.3.7c.2.2.4.3.7.3h11c.3 0 .5-.1.7-.3.2-.2.3-.5.3-.7s-.1-.5-.3-.7zM5.8 14.7l6.2 6.3 6.2-6.3c.2-.2.3-.5.3-.7s-.1-.5-.3-.7c-.2-.2-.4-.3-.7-.3h-11c-.3 0-.5.1-.7.3-.2.2-.3.5-.3.7s.1.5.3.7z\"\/><\/svg><\/span><\/span><\/span><\/a><\/span><\/div>\n<nav><ul class='ez-toc-list ez-toc-list-level-1 eztoc-toggle-hide-by-default' ><li class='ez-toc-page-1 ez-toc-heading-level-2'><a class=\"ez-toc-link ez-toc-heading-1\" href=\"https:\/\/moverdb.com\/sl\/moving-companies\/moving-companies-costa-rica\/#1_Allianz_Moving\" >1. Allianz Moving<\/a><\/li><li class='ez-toc-page-1 ez-toc-heading-level-2'><a class=\"ez-toc-link ez-toc-heading-2\" href=\"https:\/\/moverdb.com\/sl\/moving-companies\/moving-companies-costa-rica\/#2_Gateway_Moving_and_Relocation\" >2. Premikanje in selitev Gateway<\/a><\/li><li class='ez-toc-page-1 ez-toc-heading-level-2'><a class=\"ez-toc-link ez-toc-heading-3\" href=\"https:\/\/moverdb.com\/sl\/moving-companies\/moving-companies-costa-rica\/#3_Inter_Moves_SG_Global\" >3. Inter Moves SG Global<\/a><\/li><li class='ez-toc-page-1 ez-toc-heading-level-2'><a class=\"ez-toc-link ez-toc-heading-4\" href=\"https:\/\/moverdb.com\/sl\/moving-companies\/moving-companies-costa-rica\/#4_Mudanzas_Mundiales\" >4. Mudanzas Mundiales<\/a><\/li><li class='ez-toc-page-1 ez-toc-heading-level-2'><a class=\"ez-toc-link ez-toc-heading-5\" href=\"https:\/\/moverdb.com\/sl\/moving-companies\/moving-companies-costa-rica\/#5_Multimodal\" >5. Multimodalni<\/a><\/li><li class='ez-toc-page-1 ez-toc-heading-level-2'><a class=\"ez-toc-link ez-toc-heading-6\" href=\"https:\/\/moverdb.com\/sl\/moving-companies\/moving-companies-costa-rica\/#6_Winmovers\" >6. Winmovers<\/a><\/li><li class='ez-toc-page-1 ez-toc-heading-level-2'><a class=\"ez-toc-link ez-toc-heading-7\" href=\"https:\/\/moverdb.com\/sl\/moving-companies\/moving-companies-costa-rica\/#Other_Useful_Guides_to_Costa_Rica\" >Drugi uporabni vodniki za Kostariko<\/a><\/li><\/ul><\/nav><\/div>\n<h2><span class=\"ez-toc-section\" id=\"1_Allianz_Moving\"><\/span><strong>1. Allianz Moving<\/strong><span class=\"ez-toc-section-end\"><\/span><\/h2>\n<p><img loading=\"lazy\" decoding=\"async\" class=\"alignnone size-full wp-image-5925\" src=\"https:\/\/moverdb.com\/wp-content\/uploads\/Allianz-Moving-international-moving-company.png\" alt=\"Allianz Moving mednarodno gibanje podjetje\" width=\"1440\" height=\"684\" data-wp-pid=\"5925\" srcset=\"https:\/\/moverdb.com\/wp-content\/uploads\/Allianz-Moving-international-moving-company.png 1440w, https:\/\/moverdb.com\/wp-content\/uploads\/Allianz-Moving-international-moving-company-300x143.png 300w, https:\/\/moverdb.com\/wp-content\/uploads\/Allianz-Moving-international-moving-company-1024x486.png 1024w, https:\/\/moverdb.com\/wp-content\/uploads\/Allianz-Moving-international-moving-company-18x9.png 18w, https:\/\/moverdb.com\/wp-content\/uploads\/Allianz-Moving-international-moving-company-600x285.png 600w\" sizes=\"auto, (max-width: 1440px) 100vw, 1440px\" \/><\/p>\n<ul>\n<li>Lokalne in nacionalne selitve<\/li>\n<li>Mednarodne selitve<\/li>\n<li>Storitve premestitve<\/li>\n<li>Stanovanjske selitve<\/li>\n<li>Selitve pisarn<\/li>\n<li>Storitev pakiranja<\/li>\n<li>Zavarovanje<\/li>\n<li>hi\u0161ni ljubljen\u010dek se gibljejo<\/li>\n<li><a href=\"https:\/\/moverdb.com\/sl\/car-transport-shipping\/\" data-internallinksmanager029f6b8e52c=\"2\" title=\"2026 Kvote za mednarodni prevoz avtomobilov in prevoz vozil\">Prevoz avtomobilov<\/a><\/li>\n<li>Prostori za shranjevanje<\/li>\n<\/ul>\n<p>Allianz Moving je ponudnik re\u0161itev za mednarodne selitve z ve\u010d kot 20-letnimi izku\u0161njami na podro\u010dju lokalnih in globalnih selitev. Mednarodne selitve zagotavlja prek svoje globalne mre\u017ee partnerjev za selitve. Je \u010dlan zdru\u017eenja IAM s 7 leti delovanja.<\/p>\n<p>Dru\u017eba Allianz Moving zagotavlja pregled pred selitvijo, da oceni va\u0161e potrebe in pripravi ponudbo. Zagotovili vam bodo storitev pakiranja, ki bo za\u0161\u010ditila va\u0161e stvari, in organizirali prevoz va\u0161ih stvari, vklju\u010dno s carinjenjem. Nudijo tudi dodatne storitve mednarodne selitve za hi\u0161ne ljubljen\u010dke in avtomobile ter kratkotrajno in dolgotrajno skladi\u0161\u010denje.<\/p>\n<p>Spletna stran: <a href=\"http:\/\/www.allianzmoving.com\" target=\"_blank\" rel=\"noopener\">http:\/\/www.allianzmoving.com<\/a><\/p>\n<h2><span class=\"ez-toc-section\" id=\"2_Gateway_Moving_and_Relocation\"><\/span><strong>2. Premikanje in selitev Gateway<\/strong><span class=\"ez-toc-section-end\"><\/span><\/h2>\n<p><img loading=\"lazy\" decoding=\"async\" class=\"alignnone size-full wp-image-5949\" src=\"https:\/\/moverdb.com\/wp-content\/uploads\/Gateway-Moving-and-Relocation-international-moving-company.png\" alt=\"Gateway Moving and Relocation mednarodna selitev podjetja\" width=\"1440\" height=\"683\" data-wp-pid=\"5949\" srcset=\"https:\/\/moverdb.com\/wp-content\/uploads\/Gateway-Moving-and-Relocation-international-moving-company.png 1440w, https:\/\/moverdb.com\/wp-content\/uploads\/Gateway-Moving-and-Relocation-international-moving-company-300x142.png 300w, https:\/\/moverdb.com\/wp-content\/uploads\/Gateway-Moving-and-Relocation-international-moving-company-1024x486.png 1024w, https:\/\/moverdb.com\/wp-content\/uploads\/Gateway-Moving-and-Relocation-international-moving-company-18x9.png 18w, https:\/\/moverdb.com\/wp-content\/uploads\/Gateway-Moving-and-Relocation-international-moving-company-600x285.png 600w\" sizes=\"auto, (max-width: 1440px) 100vw, 1440px\" \/><\/p>\n<ul>\n<li>Lokalne in nacionalne selitve<\/li>\n<li>Mednarodne selitve<\/li>\n<li>Stanovanjske selitve<\/li>\n<li>industrijske in pisarni\u0161ke selitve<\/li>\n<li>Prilagojeni paketi za premikanje<\/li>\n<li>Storitve pakiranja in prepakiranja<\/li>\n<li>Visokokakovostna oprema<\/li>\n<li>Carinsko posredovanje<\/li>\n<li>Prevoz vozil<\/li>\n<li>Prostori za shranjevanje<\/li>\n<\/ul>\n<p>Gateway Moving and Relocation je dru\u017einsko podjetje za selitev in preselitev s sede\u017eem v <a href=\"https:\/\/moverdb.com\/sl\/moving-to-san-jose\/\" data-internallinksmanager029f6b8e52c=\"64\" title=\"Selitev v San Jose? 2022 \u017divljenjski stro\u0161ki in nasveti za selitev\">San Jose<\/a> s pisarno v <a href=\"https:\/\/moverdb.com\/sl\/moving-companies\/moving-companies-nicaragua\/\" data-internallinksmanager029f6b8e52c=\"278\" title=\"Najbolj\u0161a mednarodna selitvena podjetja v Nikaragvi\">Nikaragva<\/a>. Za zagotavljanje mednarodnih storitev sodelujejo z drugimi agenti za selitve po vsem svetu. So \u010dlani zdru\u017eenja IAM s \u0161estimi leti delovanja.<\/p>\n<p>Podjetje Gateway Moving and Relocation ponuja prilagojene pakete selitev, ki so prilagojeni va\u0161im potrebam. Zagotavljajo storitve pakiranja, ki med prevozom \u0161\u010ditijo va\u0161e predmete, kar vklju\u010duje vse od drobnih <a href=\"https:\/\/moverdb.com\/sl\/moving-to-china\/\" data-internallinksmanager029f6b8e52c=\"357\" title=\"Selitev na Kitajsko? 2023 \u017divljenjski stro\u0161ki in nasveti za selitev\">Kitajska<\/a> do glasbenih instrumentov in obse\u017enega pohi\u0161tva. Nudijo storitve carinskega posredovanja, prevoza vozil in skladi\u0161\u010denja pred selitvijo ali po njej.<\/p>\n<p>Spletna stran: <a href=\"https:\/\/www.gatewaymovingcr.com\" target=\"_blank\" rel=\"noopener\">https:\/\/www.gatewaymovingcr.com<\/a><\/p>\n<h2><span class=\"ez-toc-section\" id=\"3_Inter_Moves_SG_Global\"><\/span><strong>3. Inter Moves SG Global<\/strong><span class=\"ez-toc-section-end\"><\/span><\/h2>\n<p><img loading=\"lazy\" decoding=\"async\" class=\"alignnone size-full wp-image-5959\" src=\"https:\/\/moverdb.com\/wp-content\/uploads\/Inter-Moves-SG-Global-international-moving-company.png\" alt=\"Inter Moves SG Globalna mednarodna selitev podjetje\" width=\"1440\" height=\"684\" data-wp-pid=\"5959\" srcset=\"https:\/\/moverdb.com\/wp-content\/uploads\/Inter-Moves-SG-Global-international-moving-company.png 1440w, https:\/\/moverdb.com\/wp-content\/uploads\/Inter-Moves-SG-Global-international-moving-company-300x143.png 300w, https:\/\/moverdb.com\/wp-content\/uploads\/Inter-Moves-SG-Global-international-moving-company-1024x486.png 1024w, https:\/\/moverdb.com\/wp-content\/uploads\/Inter-Moves-SG-Global-international-moving-company-18x9.png 18w, https:\/\/moverdb.com\/wp-content\/uploads\/Inter-Moves-SG-Global-international-moving-company-600x285.png 600w\" sizes=\"auto, (max-width: 1440px) 100vw, 1440px\" \/><\/p>\n<ul>\n<li>Lokalne in nacionalne selitve<\/li>\n<li>Mednarodne selitve<\/li>\n<li>Selitve gospodinjstev<\/li>\n<li>Selitve pisarn<\/li>\n<li>Storitve pakiranja<\/li>\n<li>Carinski posrednik<\/li>\n<li>Selitve starin in umetnin<\/li>\n<li>Prevoz vozil<\/li>\n<li>Mo\u017enosti zavarovanja<\/li>\n<li>Prostori za shranjevanje<\/li>\n<\/ul>\n<p>Inter Moves SG Global je \u0161peditersko podjetje, ki je bilo ustanovljeno leta 2001. Nudi lokalne, nacionalne in mednarodne selitvene storitve za gospodinjstva in pisarne. Je \u010dlan zdru\u017eenja IAM z 21-letno tradicijo.<\/p>\n<p>Inter Moves SG Global ponuja profesionalne selitvene storitve, ki bodo zapakirale va\u0161e stvari in poskrbele za njihovo nalaganje v zabojnike in zaboje ter za prevoz do cilja, vklju\u010dno s carinskim posredovanjem. Nudijo tudi posredovanje pri zavarovanju, da bi na\u0161li najbolj\u0161e zavarovalno kritje za va\u0161o selitev. Za tiste, ki se selijo in potrebujejo za\u010dasno nastanitev, nudijo celo hotel z zajtrkom.<\/p>\n<p>Spletna stran: <a href=\"http:\/\/www.InterMoves-SGCR.com\" target=\"_blank\" rel=\"noopener\">http:\/\/www.InterMoves-SGCR.com<\/a><\/p>\n<h2><span class=\"ez-toc-section\" id=\"4_Mudanzas_Mundiales\"><\/span><strong>4. Mudanzas Mundiales<\/strong><span class=\"ez-toc-section-end\"><\/span><\/h2>\n<p><img loading=\"lazy\" decoding=\"async\" class=\"alignnone size-full wp-image-5981\" src=\"https:\/\/moverdb.com\/wp-content\/uploads\/Mudanzas-Mundiales-international-moving-company.png\" alt=\"Mudanzas Mundiales mednarodno gibanje podjetje\" width=\"1440\" height=\"680\" data-wp-pid=\"5981\" srcset=\"https:\/\/moverdb.com\/wp-content\/uploads\/Mudanzas-Mundiales-international-moving-company.png 1440w, https:\/\/moverdb.com\/wp-content\/uploads\/Mudanzas-Mundiales-international-moving-company-300x142.png 300w, https:\/\/moverdb.com\/wp-content\/uploads\/Mudanzas-Mundiales-international-moving-company-1024x484.png 1024w, https:\/\/moverdb.com\/wp-content\/uploads\/Mudanzas-Mundiales-international-moving-company-18x9.png 18w, https:\/\/moverdb.com\/wp-content\/uploads\/Mudanzas-Mundiales-international-moving-company-600x283.png 600w\" sizes=\"auto, (max-width: 1440px) 100vw, 1440px\" \/><\/p>\n<ul>\n<li>Mednarodne selitve<\/li>\n<li>Stanovanjske selitve<\/li>\n<li>Komercialni premiki<\/li>\n<li>Storitve premestitve<\/li>\n<li>Strokovna storitev pakiranja<\/li>\n<li>Prevoz po kopnem, morju ali zraku<\/li>\n<li>Carinski posrednik<\/li>\n<li>Prevoz umetni\u0161kih del<\/li>\n<li>Prevoz hi\u0161nih ljubljen\u010dkov<\/li>\n<li>Prostori za shranjevanje<\/li>\n<\/ul>\n<p>Mudanzas Mundiales je selitveno podjetje z ve\u010d kot 60-letnimi izku\u0161njami na podro\u010dju integrirane logistike in mednarodne trgovine. Svoje pisarne ima v San Joseju in Nikaragvi. Je \u010dlan zdru\u017eenja IAM s 53 leti delovanja in akreditiran pri FIDI.<\/p>\n<p>Podjetje Mudanzas Mundiales ponuja osebni pristop k selitvam s storitvijo od vrat do vrat, ki vklju\u010duje storitev pakiranja z uporabo vrhunskih materialov do razpakiranja in razporeditve pohi\u0161tva. Organizirajo prevoz po kopnem, morju ali zraku s carinskim posredovanjem in zavarovanjem. Njihove storitve selitve vam bodo pomagale pri orientaciji, iskanju doma in \u0161ole, storitvah ob prihodu ter jezikovnem in kulturnem usposabljanju.<\/p>\n<p>Spletna stran: <a href=\"http:\/\/mudanzasmundiales.com\" target=\"_blank\" rel=\"noopener\">http:\/\/mudanzasmundiales.com<\/a><\/p>\n<h2><span class=\"ez-toc-section\" id=\"5_Multimodal\"><\/span><strong>5. Multimodalni<\/strong><span class=\"ez-toc-section-end\"><\/span><\/h2>\n<p><img loading=\"lazy\" decoding=\"async\" class=\"alignnone size-full wp-image-5984\" src=\"https:\/\/moverdb.com\/wp-content\/uploads\/Multimodal-international-moving-company.png\" alt=\"Multimodalno mednarodno gibljejo podjetje\" width=\"1440\" height=\"680\" data-wp-pid=\"5984\" srcset=\"https:\/\/moverdb.com\/wp-content\/uploads\/Multimodal-international-moving-company.png 1440w, https:\/\/moverdb.com\/wp-content\/uploads\/Multimodal-international-moving-company-300x142.png 300w, https:\/\/moverdb.com\/wp-content\/uploads\/Multimodal-international-moving-company-1024x484.png 1024w, https:\/\/moverdb.com\/wp-content\/uploads\/Multimodal-international-moving-company-18x9.png 18w, https:\/\/moverdb.com\/wp-content\/uploads\/Multimodal-international-moving-company-600x283.png 600w\" sizes=\"auto, (max-width: 1440px) 100vw, 1440px\" \/><\/p>\n<ul>\n<li>Mednarodne selitve<\/li>\n<li>Stanovanjske selitve<\/li>\n<li>Selitve pisarn<\/li>\n<li>ravnanje s po\u0161iljkami in njihovo spremljanje<\/li>\n<li>Kopenski, pomorski in zra\u010dni prevoz<\/li>\n<li>Carinsko posredovanje<\/li>\n<li>Zavarovanje tovora<\/li>\n<li>Prevoz hi\u0161nih ljubljen\u010dkov<\/li>\n<li>Prevoz vozil<\/li>\n<li>Prostori za shranjevanje<\/li>\n<\/ul>\n<p>Multimodal je specializirano podjetje za mednarodno trgovino in carino, ki ponuja selitvene storitve v Kostariki in Nikaragvi. Ustanovljeno je bilo leta 1999 in je v glavnem ponujalo letalski tovor, vendar se je njegova ponudba raz\u0161irila na vsa prevozna sredstva. Je \u010dlan zdru\u017eenja IAM s 37-letno tradicijo, pri izvajanju svojih storitev na mednarodni ravni pa sodeluje z drugimi agencijami.<\/p>\n<p>Multimodal ponuja varno in zanesljivo selitev brez zapletov in nepotrebnih stro\u0161kov. Zagotavljajo profesionalne storitve pakiranja za varen prevoz va\u0161ih stvari in poskrbijo za prevoz po kopnem, morju ali zraku skupaj s carinskim posredovanjem.<\/p>\n<p>Spletna stran: <a href=\"http:\/\/www.multimodalcr.com\" target=\"_blank\" rel=\"noopener\">http:\/\/www.multimodalcr.com<\/a><\/p>\n<h2><span class=\"ez-toc-section\" id=\"6_Winmovers\"><\/span><strong>6. Winmovers<\/strong><span class=\"ez-toc-section-end\"><\/span><\/h2>\n<p><img loading=\"lazy\" decoding=\"async\" class=\"alignnone size-full wp-image-6016\" src=\"https:\/\/moverdb.com\/wp-content\/uploads\/Winmovers-international-moving-company.png\" alt=\"Winmovers mednarodno gibljejo podjetje\" width=\"1440\" height=\"678\" data-wp-pid=\"6016\" srcset=\"https:\/\/moverdb.com\/wp-content\/uploads\/Winmovers-international-moving-company.png 1440w, https:\/\/moverdb.com\/wp-content\/uploads\/Winmovers-international-moving-company-300x141.png 300w, https:\/\/moverdb.com\/wp-content\/uploads\/Winmovers-international-moving-company-1024x482.png 1024w, https:\/\/moverdb.com\/wp-content\/uploads\/Winmovers-international-moving-company-18x8.png 18w, https:\/\/moverdb.com\/wp-content\/uploads\/Winmovers-international-moving-company-600x283.png 600w\" sizes=\"auto, (max-width: 1440px) 100vw, 1440px\" \/><\/p>\n<ul>\n<li>Lokalne in nacionalne selitve<\/li>\n<li>Mednarodne selitve<\/li>\n<li>Selitve gospodinjstev<\/li>\n<li>Poslovne poteze<\/li>\n<li>Storitev od vrat do vrat<\/li>\n<li>Strokovna storitev pakiranja<\/li>\n<li>Industrijska embala\u017ea<\/li>\n<li>Kopenski, zra\u010dni in pomorski prevoz<\/li>\n<li>Posebni predmeti, kot sta klavir in ra\u010dunalni\u0161ka oprema.<\/li>\n<li>Raznolik vozni park tovornjakov<\/li>\n<\/ul>\n<p>Winmovers je mednarodni in lokalni ponudnik selitvenih storitev, ki je bil ustanovljen leta 2003. Z 19 leti dela so \u010dlani zdru\u017eenja IAM in so akreditirani pri FIDI. Imajo \u0161irok in raznolik vozni park tovornjakov, ki izpolnjujejo razli\u010dne potrebe po prevozu.<\/p>\n<p>Winmovers ponuja storitev od vrat do vrat, ki vklju\u010duje profesionalno pakiranje s strani usposobljenega osebja, ki bo va\u0161e stvari za\u0161\u010ditilo z razli\u010dnimi pakirnimi materiali, kot so \u0161katle, prevleke in odeje. Izdelujejo tudi lastne certificirane lesene \u0161katle. Organizirajo prevoz va\u0161ih stvari po kopnem, zraku ali morju.<\/p>\n<p>Spletna stran: <a href=\"http:\/\/www.winmovers.com\" target=\"_blank\" rel=\"noopener\">http:\/\/www.winmovers.com<\/a><\/p>\n<h2><span class=\"ez-toc-section\" id=\"Other_Useful_Guides_to_Costa_Rica\"><\/span>Drugi uporabni vodniki za Kostariko<span class=\"ez-toc-section-end\"><\/span><\/h2>\n<ul>\n<li> <a href=\"https:\/\/moverdb.com\/sl\/kontejnersko-posiljanje\/kostarika\/\">2024 Cene pomorskega prevoza zabojnikov v Kostariko in iz nje<\/a><\/li>\n<li> <a href=\"https:\/\/moverdb.com\/sl\/moving-to-costa-rica\/\">Selitev v Kostariko? 2023 \u017divljenjski stro\u0161ki in nasveti za selitev<\/a><\/li>\n<li> <a href=\"https:\/\/moverdb.com\/sl\/moving-to-costa-rica\/living-in-costa-rica\/\">21 skrivnosti o \u017eivljenju v Kostariki, ki jih morate poznati, preden se preselite<\/a><\/li>\n<\/ul>","protected":false},"excerpt":{"rendered":"<p>Are you moving to or from Costa Rica, or moving within Costa Rica? Then you might be interested in some help moving all of your belongings as it can be complex especially if you are moving countries. Below we have compiled a list of Costa Rican removal companies that are members of the International Association [&hellip;]<\/p>\n","protected":false},"author":4,"featured_media":0,"parent":190,"menu_order":0,"comment_status":"closed","ping_status":"closed","template":"","meta":{"_genesis_hide_title":false,"_genesis_hide_breadcrumbs":false,"_genesis_hide_singular_image":false,"_genesis_hide_footer_widgets":false,"_genesis_custom_body_class":"","_genesis_custom_post_class":"","_genesis_layout":"","footnotes":""},"class_list":{"0":"post-6015","1":"page","2":"type-page","3":"status-publish","5":"entry","6":"has-post-thumbnail"},"_links":{"self":[{"href":"https:\/\/moverdb.com\/sl\/wp-json\/wp\/v2\/pages\/6015","targetHints":{"allow":["GET"]}}],"collection":[{"href":"https:\/\/moverdb.com\/sl\/wp-json\/wp\/v2\/pages"}],"about":[{"href":"https:\/\/moverdb.com\/sl\/wp-json\/wp\/v2\/types\/page"}],"author":[{"embeddable":true,"href":"https:\/\/moverdb.com\/sl\/wp-json\/wp\/v2\/users\/4"}],"replies":[{"embeddable":true,"href":"https:\/\/moverdb.com\/sl\/wp-json\/wp\/v2\/comments?post=6015"}],"version-history":[{"count":2,"href":"https:\/\/moverdb.com\/sl\/wp-json\/wp\/v2\/pages\/6015\/revisions"}],"predecessor-version":[{"id":18296,"href":"https:\/\/moverdb.com\/sl\/wp-json\/wp\/v2\/pages\/6015\/revisions\/18296"}],"up":[{"embeddable":true,"href":"https:\/\/moverdb.com\/sl\/wp-json\/wp\/v2\/pages\/190"}],"wp:attachment":[{"href":"https:\/\/moverdb.com\/sl\/wp-json\/wp\/v2\/media?parent=6015"}],"curies":[{"name":"wp","href":"https:\/\/api.w.org\/{rel}","templated":true}]}}