{"id":5575,"date":"2022-11-24T01:39:45","date_gmt":"2022-11-24T01:39:45","guid":{"rendered":"https:\/\/moverdb.com\/?page_id=5575"},"modified":"2026-01-08T14:38:40","modified_gmt":"2026-01-08T14:38:40","slug":"ameriski-deviski-otoki","status":"publish","type":"page","link":"https:\/\/moverdb.com\/sl\/container-shipping\/us-virgin-islands\/","title":{"rendered":"2022 Cene pomorskega prevoza zabojnikov na Ameri\u0161ke Devi\u0161ke otoke in iz njih"},"content":{"rendered":"<div class=\"wp-block-image\">\n<figure class=\"aligncenter size-full\"><img loading=\"lazy\" decoding=\"async\" width=\"1000\" height=\"667\" src=\"https:\/\/moverdb.com\/wp-content\/uploads\/us-virgin-islands.jpg\" alt=\"Panoramski pogled na karibski otok St Thomas, Ameri\u0161ki Devi\u0161ki otoki\" class=\"wp-image-5558\" srcset=\"https:\/\/moverdb.com\/wp-content\/uploads\/us-virgin-islands.jpg 1000w, https:\/\/moverdb.com\/wp-content\/uploads\/us-virgin-islands-300x200.jpg 300w, https:\/\/moverdb.com\/wp-content\/uploads\/us-virgin-islands-18x12.jpg 18w, https:\/\/moverdb.com\/wp-content\/uploads\/us-virgin-islands-600x400.jpg 600w\" sizes=\"auto, (max-width: 1000px) 100vw, 1000px\" \/><\/figure>\n<\/div>\n\n\n<p>Spletna stran<strong> <a href=\"https:\/\/moverdb.com\/sl\/moving-to-the-us-virgin-islands\/\" data-internallinksmanager029f6b8e52c=\"386\" title=\"Selitev na Devi\u0161ke otoke ZDA? 2023 \u017divljenjski stro\u0161ki\">Ameri\u0161ki Devi\u0161ki otoki<\/a><\/strong> so kot nala\u0161\u010d za vse, ki si lahko privo\u0161\u010dijo umik na ekskluzivni kraj za oddih in sanjsko oto\u0161ko \u017eivljenje.<\/p>\n\n\n\n<p>To majhno ozemlje ZDA na Karibih obsega 53 otokov, od katerih so \u0161tirje ve\u010dinoma naseljeni (Saint Croix, Saint Thomas, Saint John in Water island).<\/p>\n\n\n\n<p>Ta majhen raj je odli\u010dna izbira za naseljence, ki \u017eelijo izkusiti vi\u0161ji \u017eivljenjski standard, saj so na otokih na voljo \u0161tevilne razko\u0161ne mo\u017enosti nastanitve in zabave.<\/p>\n\n\n\n<p>Prevoz gospodinjskih predmetov je lahko nekoliko te\u017eaven. \u010ceprav se kri\u017earke pogosto pojavljajo na otokih <a href=\"https:\/\/moverdb.com\/sl\/top-49-container-ports\/\" data-internallinksmanager029f6b8e52c=\"80\" title=\"Top 49 najve\u010djih in najbolj obremenjenih pristani\u0161\u010d za kontejnerje v letu 2025\">pristani\u0161\u010da<\/a>, so tovorne ladje redek pojav.<\/p>\n\n\n\n<p>Vsekakor obstaja ve\u010d mo\u017enosti, ki smo jih navedli v spodnjih preglednicah. Oglejte si tudi na\u0161e orodje za ponudbo in vnesite svoje podatke za ponudbo po meri.<\/p>\n\n\n\n<h2 class=\"wp-block-heading\">Stro\u0161ki po\u0161iljanja zabojnikov na Ameri\u0161ke Devi\u0161ke otoke (St Croix)<\/h2>\n\n\n<div class=\"wp-block-image\">\n<figure class=\"aligncenter size-large\"><img loading=\"lazy\" decoding=\"async\" width=\"1024\" height=\"539\" src=\"https:\/\/moverdb.com\/wp-content\/uploads\/Shipping-Container-Costs-to-US-Virgin-Islands-1024x539.png\" alt=\"Stro\u0161ki po\u0161iljanja zabojnikov na Ameri\u0161ke Devi\u0161ke otoke (St Croix)\" class=\"wp-image-5561\" srcset=\"https:\/\/moverdb.com\/wp-content\/uploads\/Shipping-Container-Costs-to-US-Virgin-Islands-1024x539.png 1024w, https:\/\/moverdb.com\/wp-content\/uploads\/Shipping-Container-Costs-to-US-Virgin-Islands-300x158.png 300w, https:\/\/moverdb.com\/wp-content\/uploads\/Shipping-Container-Costs-to-US-Virgin-Islands-1536x809.png 1536w, https:\/\/moverdb.com\/wp-content\/uploads\/Shipping-Container-Costs-to-US-Virgin-Islands-18x9.png 18w, https:\/\/moverdb.com\/wp-content\/uploads\/Shipping-Container-Costs-to-US-Virgin-Islands-600x316.png 600w, https:\/\/moverdb.com\/wp-content\/uploads\/Shipping-Container-Costs-to-US-Virgin-Islands.png 2000w\" sizes=\"auto, (max-width: 1024px) 100vw, 1024px\" \/><\/figure>\n<\/div>\n\n\n<table id=\"tablepress-231\" class=\"tablepress tablepress-id-231\">\n<thead>\n<tr class=\"row-1\">\n\t<th class=\"column-1\">Namembna dr\u017eava (pristani\u0161\u010de\/mesto)<\/th><th class=\"column-2\">20FT<\/th><th class=\"column-3\">40FT<\/th>\n<\/tr>\n<\/thead>\n<tbody class=\"row-striping row-hover\">\n<tr class=\"row-2\">\n\t<td class=\"column-1\"><a href=\"https:\/\/moverdb.com\/sl\/container-shipping\/andorra\/\" data-internallinksmanager029f6b8e52c=\"88\" title=\"2022 Cene pomorskega prevoza zabojnikov v Andoro in iz nje\">Andora (Andorra la Vella)<\/a><\/td><td class=\"column-2\">$1,868<\/td><td class=\"column-3\">$3,171<\/td>\n<\/tr>\n<tr class=\"row-3\">\n\t<td class=\"column-1\"><a href=\"https:\/\/moverdb.com\/sl\/container-shipping\/australia\/\" data-internallinksmanager029f6b8e52c=\"89\" title=\"2026 Cene prevoza zabojnikov v Avstralijo in iz nje\">Avstralija (Sydney)<\/a><\/td><td class=\"column-2\">$12,406<\/td><td class=\"column-3\">NI RELEVANTNO<\/td>\n<\/tr>\n<tr class=\"row-4\">\n\t<td class=\"column-1\"><a href=\"https:\/\/moverdb.com\/sl\/container-shipping\/austria\/\" data-internallinksmanager029f6b8e52c=\"95\" title=\"2022 Cene pomorskega prevoza zabojnikov v Avstrijo in iz nje\">Avstrija (Dunaj)<\/a><\/td><td class=\"column-2\">NI RELEVANTNO<\/td><td class=\"column-3\">$3,739<\/td>\n<\/tr>\n<tr class=\"row-5\">\n\t<td class=\"column-1\"><a href=\"https:\/\/moverdb.com\/sl\/container-shipping\/bahrain\/\" data-internallinksmanager029f6b8e52c=\"96\" title=\"2022 Cene pomorskega prevoza zabojnikov v Bahrajn in iz njega\">Bahrajn (Manama)<\/a><\/td><td class=\"column-2\">NI RELEVANTNO<\/td><td class=\"column-3\">$12,306<\/td>\n<\/tr>\n<tr class=\"row-6\">\n\t<td class=\"column-1\"><a href=\"https:\/\/moverdb.com\/sl\/container-shipping\/belize\/\" data-internallinksmanager029f6b8e52c=\"137\" title=\"2022 Cene pomorskega prevoza zabojnikov v Belize in iz njega\">Belize (Belize City)<\/a><\/td><td class=\"column-2\">$847<\/td><td class=\"column-3\">$872<\/td>\n<\/tr>\n<tr class=\"row-7\">\n\t<td class=\"column-1\"><a href=\"https:\/\/moverdb.com\/sl\/container-shipping\/brazil\/\" data-internallinksmanager029f6b8e52c=\"98\" title=\"2022 Cene pomorskega prevoza zabojnikov v Brazilijo in iz nje\">Brazilija (Santos)<\/a><\/td><td class=\"column-2\">$3,937<\/td><td class=\"column-3\">$4,059<\/td>\n<\/tr>\n<tr class=\"row-8\">\n\t<td class=\"column-1\"><a href=\"https:\/\/moverdb.com\/sl\/container-shipping\/cambodia\/\" data-internallinksmanager029f6b8e52c=\"101\" title=\"2022 Cene pomorskega prevoza zabojnikov v Kambod\u017eo in iz nje\">Kambod\u017ea (Sihanoukville)<\/a><\/td><td class=\"column-2\">$7,007<\/td><td class=\"column-3\">$7,362<\/td>\n<\/tr>\n<tr class=\"row-9\">\n\t<td class=\"column-1\"><a href=\"https:\/\/moverdb.com\/sl\/container-shipping\/canada\/\" data-internallinksmanager029f6b8e52c=\"102\" title=\"2022 Cene pomorskega prevoza zabojnikov v Kanado in iz nje\">Kanada (Toronto)<\/a><\/td><td class=\"column-2\">$2,024<\/td><td class=\"column-3\">$2,814<\/td>\n<\/tr>\n<tr class=\"row-10\">\n\t<td class=\"column-1\"><a href=\"https:\/\/moverdb.com\/sl\/container-shipping\/china\/\" data-internallinksmanager029f6b8e52c=\"105\" title=\"2022 Cene pomorskega prevoza zabojnikov v in iz Kitajske\">Kitajska (Peking)<\/a><\/td><td class=\"column-2\">$6,158<\/td><td class=\"column-3\">$6,221<\/td>\n<\/tr>\n<tr class=\"row-11\">\n\t<td class=\"column-1\">Kitajska (\u0160anghaj)<\/td><td class=\"column-2\">$5,110<\/td><td class=\"column-3\">$5,408<\/td>\n<\/tr>\n<tr class=\"row-12\">\n\t<td class=\"column-1\"><a href=\"https:\/\/moverdb.com\/sl\/container-shipping\/colombia\/\" data-internallinksmanager029f6b8e52c=\"106\" title=\"2022 Cene pomorskega prevoza zabojnikov v Kolumbijo in iz nje\">Kolumbija (Barranquilla)<\/a><\/td><td class=\"column-2\">$704<\/td><td class=\"column-3\">$1,218<\/td>\n<\/tr>\n<tr class=\"row-13\">\n\t<td class=\"column-1\"><a href=\"https:\/\/moverdb.com\/sl\/container-shipping\/costa-rica\/\" data-internallinksmanager029f6b8e52c=\"138\" title=\"2022 Cene pomorskega prevoza zabojnikov v Kostariko in iz nje\">Kostarika (Limon)<\/a><\/td><td class=\"column-2\">$758<\/td><td class=\"column-3\">$8,660<\/td>\n<\/tr>\n<tr class=\"row-14\">\n\t<td class=\"column-1\"><a href=\"https:\/\/moverdb.com\/sl\/container-shipping\/croatia\/\" data-internallinksmanager029f6b8e52c=\"107\" title=\"2022 Cene pomorskega prevoza zabojnikov na Hrva\u0161ko in iz nje\">Hrva\u0161ka (Reka)<\/a><\/td><td class=\"column-2\">$2,079<\/td><td class=\"column-3\">$2,709<\/td>\n<\/tr>\n<tr class=\"row-15\">\n\t<td class=\"column-1\"><a href=\"https:\/\/moverdb.com\/sl\/container-shipping\/dominican-republic\/\" data-internallinksmanager029f6b8e52c=\"112\" title=\"2022 Cene pomorskega prevoza zabojnikov v Dominikansko republiko in iz nje\">Dominikanska republika (Santo Domingo)<\/a><\/td><td class=\"column-2\">$1,023<\/td><td class=\"column-3\">$1,271<\/td>\n<\/tr>\n<tr class=\"row-16\">\n\t<td class=\"column-1\"><a href=\"https:\/\/moverdb.com\/sl\/container-shipping\/germany\/\" data-internallinksmanager029f6b8e52c=\"118\" title=\"2022 Cene pomorskega prevoza zabojnikov v Nem\u010dijo in iz nje\">Nem\u010dija (Hamburg)<\/a><\/td><td class=\"column-2\">$1,958<\/td><td class=\"column-3\">$2,583<\/td>\n<\/tr>\n<tr class=\"row-17\">\n\t<td class=\"column-1\"><a href=\"https:\/\/moverdb.com\/sl\/container-shipping\/greece\/\" data-internallinksmanager029f6b8e52c=\"120\" title=\"2022 Cene pomorskega prevoza zabojnikov v Gr\u010dijo in iz nje\">Gr\u010dija (Pirej)<\/a><\/td><td class=\"column-2\">$1,771<\/td><td class=\"column-3\">$2,436<\/td>\n<\/tr>\n<tr class=\"row-18\">\n\t<td class=\"column-1\"><a href=\"https:\/\/moverdb.com\/sl\/container-shipping\/guatemala\/\" data-internallinksmanager029f6b8e52c=\"139\" title=\"2022 Cene pomorskega prevoza zabojnikov v Gvatemalo in iz nje\">Gvatemala (mesto Gvatemala)<\/a><\/td><td class=\"column-2\">$737<\/td><td class=\"column-3\">$851<\/td>\n<\/tr>\n<tr class=\"row-19\">\n\t<td class=\"column-1\"><a href=\"https:\/\/moverdb.com\/sl\/container-shipping\/guernsey\/\" data-internallinksmanager029f6b8e52c=\"121\" title=\"2022 Cene pomorskega prevoza zabojnikov v Guernsey in iz njega\">Guernsey (St Peter Port)<\/a><\/td><td class=\"column-2\">$2,233<\/td><td class=\"column-3\">$3,182<\/td>\n<\/tr>\n<tr class=\"row-20\">\n\t<td class=\"column-1\"><a href=\"https:\/\/moverdb.com\/sl\/container-shipping\/haiti\/\" data-internallinksmanager029f6b8e52c=\"122\" title=\"2022 Cene pomorskega prevoza zabojnikov v Haiti in iz njega\">Haiti (Port-au-Prince)<\/a><\/td><td class=\"column-2\">$1,023<\/td><td class=\"column-3\">$1,271<\/td>\n<\/tr>\n<tr class=\"row-21\">\n\t<td class=\"column-1\"><a href=\"https:\/\/moverdb.com\/sl\/container-shipping\/hong-kong\/\" data-internallinksmanager029f6b8e52c=\"123\" title=\"2022 Cene pomorskega prevoza zabojnikov v Hongkong in iz njega\">Hongkong (Hongkong)<\/a><\/td><td class=\"column-2\">$12,708<\/td><td class=\"column-3\">$12,615<\/td>\n<\/tr>\n<tr class=\"row-22\">\n\t<td class=\"column-1\"><a href=\"https:\/\/moverdb.com\/sl\/container-shipping\/india\/\" data-internallinksmanager029f6b8e52c=\"125\" title=\"2022 Cene pomorskega prevoza zabojnikov v Indijo in iz nje\">Indija (Mumbaj)<\/a><\/td><td class=\"column-2\">$12,447<\/td><td class=\"column-3\">$11,881<\/td>\n<\/tr>\n<tr class=\"row-23\">\n\t<td class=\"column-1\"><a href=\"https:\/\/moverdb.com\/sl\/container-shipping\/indonesia\/\" data-internallinksmanager029f6b8e52c=\"126\" title=\"2022 Cene pomorskega prevoza zabojnikov v Indonezijo in iz nje\">Indonezija (D\u017eakarta)<\/a><\/td><td class=\"column-2\">$4,433<\/td><td class=\"column-3\">$4,232<\/td>\n<\/tr>\n<tr class=\"row-24\">\n\t<td class=\"column-1\"><a href=\"https:\/\/moverdb.com\/sl\/container-shipping\/ireland\/\" data-internallinksmanager029f6b8e52c=\"127\" title=\"2022 Cene pomorskega prevoza zabojnikov v Irsko in iz nje\">Irska (Dublin)<\/a><\/td><td class=\"column-2\">$1,705<\/td><td class=\"column-3\">$2,310<\/td>\n<\/tr>\n<tr class=\"row-25\">\n\t<td class=\"column-1\"><a href=\"https:\/\/moverdb.com\/sl\/container-shipping\/isle-of-man\/\" data-internallinksmanager029f6b8e52c=\"128\" title=\"2022 Cene pomorskega prevoza zabojnikov v in iz otoka Man\">Otok Man (Douglas)<\/a><\/td><td class=\"column-2\">$1,705<\/td><td class=\"column-3\">$2,310<\/td>\n<\/tr>\n<tr class=\"row-26\">\n\t<td class=\"column-1\"><a href=\"https:\/\/moverdb.com\/sl\/container-shipping\/italy\/\" data-internallinksmanager029f6b8e52c=\"130\" title=\"2022 Cene pomorskega prevoza zabojnikov v Italijo in iz nje\">Italija (Trst)<\/a><\/td><td class=\"column-2\">$2,079<\/td><td class=\"column-3\">$2,709<\/td>\n<\/tr>\n<tr class=\"row-27\">\n\t<td class=\"column-1\"><a href=\"https:\/\/moverdb.com\/sl\/container-shipping\/jersey\/\" data-internallinksmanager029f6b8e52c=\"132\" title=\"2022 Cene pomorskega prevoza zabojnikov v Jersey in iz njega\">Jersey (St Helier)<\/a><\/td><td class=\"column-2\">$2,233<\/td><td class=\"column-3\">$3,182<\/td>\n<\/tr>\n<tr class=\"row-28\">\n\t<td class=\"column-1\"><a href=\"https:\/\/moverdb.com\/sl\/container-shipping\/jordan\/\" data-internallinksmanager029f6b8e52c=\"133\" title=\"2022 Cene pomorskega prevoza zabojnikov v Jordanijo in iz nje\">Jordanija (Akaba)<\/a><\/td><td class=\"column-2\">$1,810<\/td><td class=\"column-3\">$2,528<\/td>\n<\/tr>\n<tr class=\"row-29\">\n\t<td class=\"column-1\"><a href=\"https:\/\/moverdb.com\/sl\/container-shipping\/latvia\/\" data-internallinksmanager029f6b8e52c=\"136\" title=\"2022 Cene pomorskega prevoza zabojnikov v Latvijo in iz nje\">Latvija (Riga)<\/a><\/td><td class=\"column-2\">$2,233<\/td><td class=\"column-3\">$3,273<\/td>\n<\/tr>\n<tr class=\"row-30\">\n\t<td class=\"column-1\"><a href=\"https:\/\/moverdb.com\/sl\/container-shipping\/lithuania\/\" data-internallinksmanager029f6b8e52c=\"145\" title=\"2022 Cene pomorskega prevoza zabojnikov v Litvo in iz nje\">Litva (Klaipeda)<\/a><\/td><td class=\"column-2\">$2,233<\/td><td class=\"column-3\">$3,273<\/td>\n<\/tr>\n<tr class=\"row-31\">\n\t<td class=\"column-1\"><a href=\"https:\/\/moverdb.com\/sl\/moving-to-luxembourg\/\" data-internallinksmanager029f6b8e52c=\"349\" title=\"Selitev v Luksemburg? 2023 \u017divljenjski stro\u0161ki in nasveti za selitev\">Luksemburg<\/a><\/td><td class=\"column-2\">$1,813<\/td><td class=\"column-3\">$2,616<\/td>\n<\/tr>\n<tr class=\"row-32\">\n\t<td class=\"column-1\">ZDA (<a href=\"https:\/\/moverdb.com\/sl\/moving-to-los-angeles\/\" data-internallinksmanager029f6b8e52c=\"51\" title=\"Selitev v Los Angeles? 2026 Stro\u0161ki bivanja v Los Angelesu in nasveti za selitev\">Los Angeles<\/a>)<\/td><td class=\"column-2\">$912<\/td><td class=\"column-3\">$1,309<\/td>\n<\/tr>\n<tr class=\"row-33\">\n\t<td class=\"column-1\"><a href=\"https:\/\/moverdb.com\/sl\/container-shipping\/united-states\/\" data-internallinksmanager029f6b8e52c=\"87\" title=\"2022 Cene pomorskega prevoza zabojnikov v ZDA in iz njih\">ZDA (New York)<\/a><\/td><td class=\"column-2\">$1,636<\/td><td class=\"column-3\">$2,038<\/td>\n<\/tr>\n<\/tbody>\n<\/table>\n<!-- #tablepress-231 from cache -->\n\n\n\n<h2 class=\"wp-block-heading\">Stro\u0161ki po\u0161iljanja zabojnikov z Ameri\u0161kih Devi\u0161kih otokov (St Croix)<\/h2>\n\n\n<div class=\"wp-block-image\">\n<figure class=\"aligncenter size-large\"><img loading=\"lazy\" decoding=\"async\" width=\"1024\" height=\"539\" src=\"https:\/\/moverdb.com\/wp-content\/uploads\/Shipping-Container-Costs-from-US-Virgin-Islands-1024x539.png\" alt=\"Stro\u0161ki po\u0161iljanja zabojnikov z Ameri\u0161kih Devi\u0161kih otokov (St Croix)\" class=\"wp-image-5559\" srcset=\"https:\/\/moverdb.com\/wp-content\/uploads\/Shipping-Container-Costs-from-US-Virgin-Islands-1024x539.png 1024w, https:\/\/moverdb.com\/wp-content\/uploads\/Shipping-Container-Costs-from-US-Virgin-Islands-300x158.png 300w, https:\/\/moverdb.com\/wp-content\/uploads\/Shipping-Container-Costs-from-US-Virgin-Islands-1536x809.png 1536w, https:\/\/moverdb.com\/wp-content\/uploads\/Shipping-Container-Costs-from-US-Virgin-Islands-18x9.png 18w, https:\/\/moverdb.com\/wp-content\/uploads\/Shipping-Container-Costs-from-US-Virgin-Islands-600x316.png 600w, https:\/\/moverdb.com\/wp-content\/uploads\/Shipping-Container-Costs-from-US-Virgin-Islands.png 2000w\" sizes=\"auto, (max-width: 1024px) 100vw, 1024px\" \/><\/figure>\n<\/div>\n\n\n<table id=\"tablepress-232\" class=\"tablepress tablepress-id-232\">\n<thead>\n<tr class=\"row-1\">\n\t<th class=\"column-1\">Namembna dr\u017eava (pristani\u0161\u010de\/mesto)<\/th><th class=\"column-2\">20FT<\/th><th class=\"column-3\">40FT<\/th>\n<\/tr>\n<\/thead>\n<tbody class=\"row-striping row-hover\">\n<tr class=\"row-2\">\n\t<td class=\"column-1\">Andora (Andorra la Vella)<\/td><td class=\"column-2\">NI RELEVANTNO<\/td><td class=\"column-3\">$355<\/td>\n<\/tr>\n<tr class=\"row-3\">\n\t<td class=\"column-1\"><a href=\"https:\/\/moverdb.com\/sl\/container-shipping\/antigua-and-barbuda\/\" data-internallinksmanager029f6b8e52c=\"92\" title=\"2022 Cene pomorskega prevoza zabojnikov v Antigvo in Barbudo ter iz nje\">Antigva in Barbuda (St John's)<\/a><\/td><td class=\"column-2\">$600<\/td><td class=\"column-3\">$801<\/td>\n<\/tr>\n<tr class=\"row-4\">\n\t<td class=\"column-1\">Avstralija (Sydney)<\/td><td class=\"column-2\">NI RELEVANTNO<\/td><td class=\"column-3\">$2,845<\/td>\n<\/tr>\n<tr class=\"row-5\">\n\t<td class=\"column-1\">Belize (Belize City)<\/td><td class=\"column-2\">$1,573<\/td><td class=\"column-3\">$2,993<\/td>\n<\/tr>\n<tr class=\"row-6\">\n\t<td class=\"column-1\">Kanada (Toronto)<\/td><td class=\"column-2\">$1,903<\/td><td class=\"column-3\">$2,468<\/td>\n<\/tr>\n<tr class=\"row-7\">\n\t<td class=\"column-1\">Kitajska (\u0160anghaj)<\/td><td class=\"column-2\">$1,012<\/td><td class=\"column-3\">$1,344<\/td>\n<\/tr>\n<tr class=\"row-8\">\n\t<td class=\"column-1\">Kolumbija (Barranquilla)<\/td><td class=\"column-2\">$781<\/td><td class=\"column-3\">$1,155<\/td>\n<\/tr>\n<tr class=\"row-9\">\n\t<td class=\"column-1\">Dominikanska republika (Santo Domingo)<\/td><td class=\"column-2\">$891<\/td><td class=\"column-3\">$1,176<\/td>\n<\/tr>\n<tr class=\"row-10\">\n\t<td class=\"column-1\"><a href=\"https:\/\/moverdb.com\/sl\/container-shipping\/estonia\/\" data-internallinksmanager029f6b8e52c=\"114\" title=\"2022 Cene pomorskega prevoza zabojnikov v Estonijo in iz nje\">Estonija (Talin)<\/a><\/td><td class=\"column-2\">$1,727<\/td><td class=\"column-3\">$2,300<\/td>\n<\/tr>\n<tr class=\"row-11\">\n\t<td class=\"column-1\"><a href=\"https:\/\/moverdb.com\/sl\/container-shipping\/finland\/\" data-internallinksmanager029f6b8e52c=\"115\" title=\"2022 Cene pomorskega prevoza zabojnikov na Finsko in iz nje\">Finska (Helsinki)<\/a><\/td><td class=\"column-2\">$1,727<\/td><td class=\"column-3\">$2,300<\/td>\n<\/tr>\n<tr class=\"row-12\">\n\t<td class=\"column-1\">Haiti (Port-au-Prince)<\/td><td class=\"column-2\">$891<\/td><td class=\"column-3\">$1,176<\/td>\n<\/tr>\n<tr class=\"row-13\">\n\t<td class=\"column-1\">Indija (Mumbaj)<\/td><td class=\"column-2\">$1,587<\/td><td class=\"column-3\">$1,910<\/td>\n<\/tr>\n<tr class=\"row-14\">\n\t<td class=\"column-1\">Latvija (Riga)<\/td><td class=\"column-2\">$1,837<\/td><td class=\"column-3\">$2,582<\/td>\n<\/tr>\n<tr class=\"row-15\">\n\t<td class=\"column-1\">Litva (Klaipeda)<\/td><td class=\"column-2\">$1,837<\/td><td class=\"column-3\">$2,582<\/td>\n<\/tr>\n<tr class=\"row-16\">\n\t<td class=\"column-1\">Luksemburg<\/td><td class=\"column-2\">$985<\/td><td class=\"column-3\">$1,313<\/td>\n<\/tr>\n<tr class=\"row-17\">\n\t<td class=\"column-1\">ZDA (New York)<\/td><td class=\"column-2\">$1,297<\/td><td class=\"column-3\">$1,383<\/td>\n<\/tr>\n<\/tbody>\n<\/table>\n<!-- #tablepress-232 from cache -->\n\n\n\n<h3 class=\"wp-block-heading\">Opombe o podatkih:<\/h3>\n\n\n\n<ul class=\"wp-block-list\">\n<li>Vse \u0161tevilke $ so v ameri\u0161kih dolarjih (USD);<\/li>\n\n\n\n<li>Cene so to\u010dne od za\u010detka leta 2022;<\/li>\n\n\n\n<li>Zemljevidi v tem \u010dlanku so bili ustvarjeni z uporabo <a href=\"https:\/\/www.mapchart.net\" target=\"_blank\" rel=\"noreferrer noopener\">https:\/\/www.mapchart.net<\/a>. Zemljevide lahko prosto delite, \u010de navedete povezavo do <a href=\"https:\/\/moverdb.com\/sl\/\" target=\"_blank\" rel=\"noreferrer noopener\">MoverDB<\/a>;<\/li>\n\n\n\n<li>Zgoraj navedene cene so le okvirne in se lahko od objave tega \u010dlanka (april 2022) spremenijo. Temeljijo na najni\u017eji ocenjeni stopnji iz <a href=\"https:\/\/www.searates.com\" target=\"_blank\" rel=\"noreferrer noopener\">https:\/\/www.searates.com<\/a> ali <a href=\"https:\/\/www.gocomet.com\/freight-shipping-rates-index-calculator\" target=\"_blank\" rel=\"noreferrer noopener\">https:\/\/www.gocomet.com<\/a>;<\/li>\n\n\n\n<li>\u010ce \u017eelite dobiti natan\u010dnej\u0161o predstavo o stro\u0161kih, uporabite obrazec za ponudbo na vrhu te strani;<\/li>\n\n\n\n<li>Oglejte si tudi na\u0161 vodnik po <a href=\"https:\/\/moverdb.com\/sl\/kontejnersko-posiljanje\/\" target=\"_blank\" rel=\"noreferrer noopener\">mednarodni kontejnerski prevoz<\/a>.<\/li>\n<\/ul>","protected":false},"excerpt":{"rendered":"<p>The US Virgin Islands are perfect for everyone who can afford to retreat to an exclusive getaway spot and live the dream island life. This tiny US territory in the Caribbean comprises 53 islands of which 4 are mainly inhabited (Saint Croix, Saint Thomas, Saint John, and Water island). This tiny paradise is a premium [&hellip;]<\/p>\n","protected":false},"author":2,"featured_media":5558,"parent":44,"menu_order":0,"comment_status":"closed","ping_status":"closed","template":"","meta":{"_genesis_hide_title":false,"_genesis_hide_breadcrumbs":false,"_genesis_hide_singular_image":false,"_genesis_hide_footer_widgets":false,"_genesis_custom_body_class":"","_genesis_custom_post_class":"","_genesis_layout":"","footnotes":""},"class_list":{"0":"post-5575","1":"page","2":"type-page","3":"status-publish","4":"has-post-thumbnail","6":"entry"},"_links":{"self":[{"href":"https:\/\/moverdb.com\/sl\/wp-json\/wp\/v2\/pages\/5575","targetHints":{"allow":["GET"]}}],"collection":[{"href":"https:\/\/moverdb.com\/sl\/wp-json\/wp\/v2\/pages"}],"about":[{"href":"https:\/\/moverdb.com\/sl\/wp-json\/wp\/v2\/types\/page"}],"author":[{"embeddable":true,"href":"https:\/\/moverdb.com\/sl\/wp-json\/wp\/v2\/users\/2"}],"replies":[{"embeddable":true,"href":"https:\/\/moverdb.com\/sl\/wp-json\/wp\/v2\/comments?post=5575"}],"version-history":[{"count":1,"href":"https:\/\/moverdb.com\/sl\/wp-json\/wp\/v2\/pages\/5575\/revisions"}],"predecessor-version":[{"id":5576,"href":"https:\/\/moverdb.com\/sl\/wp-json\/wp\/v2\/pages\/5575\/revisions\/5576"}],"up":[{"embeddable":true,"href":"https:\/\/moverdb.com\/sl\/wp-json\/wp\/v2\/pages\/44"}],"wp:featuredmedia":[{"embeddable":true,"href":"https:\/\/moverdb.com\/sl\/wp-json\/wp\/v2\/media\/5558"}],"wp:attachment":[{"href":"https:\/\/moverdb.com\/sl\/wp-json\/wp\/v2\/media?parent=5575"}],"curies":[{"name":"wp","href":"https:\/\/api.w.org\/{rel}","templated":true}]}}