{"id":5527,"date":"2023-02-01T13:45:10","date_gmt":"2023-02-01T13:45:10","guid":{"rendered":"https:\/\/moverdb.com\/?page_id=5527"},"modified":"2026-01-08T15:29:15","modified_gmt":"2026-01-08T15:29:15","slug":"chile-moving-companies","status":"publish","type":"page","link":"https:\/\/moverdb.com\/sl\/moving-companies\/chile-moving-companies\/","title":{"rendered":"6 najbolj\u0161ih mednarodnih selitvenih podjetij v \u010cilu"},"content":{"rendered":"<p>Selitev je lahko naporno in stresno obdobje, zlasti \u010de se selite na dolge razdalje ali v drugo dr\u017eavo. V tem primeru je <a href=\"https:\/\/moverdb.com\/sl\/moving-companies\/\" data-internallinksmanager029f6b8e52c=\"79\" title=\"Top 25 Mednarodne selitve podjetja Online\">selitev podjetja<\/a> vam lahko pomaga zmanj\u0161ati stres, saj vam odvzame del delovne obremenitve. V nadaljevanju smo pripravili seznam \u010dilskih <a href=\"https:\/\/moverdb.com\/sl\/international-removals\/\" data-internallinksmanager029f6b8e52c=\"27\" title=\"36 najbolj\u0161ih podjetij za mednarodne selitve v Zdru\u017eenem kraljestvu\">podjetja za selitve<\/a> ki so \u010dlani <a href=\"https:\/\/moverdb.com\/sl\/iam\/\" data-internallinksmanager029f6b8e52c=\"23\" title=\"Pojasnila o Mednarodnem zdru\u017eenju gibalcev (IAM)\">Mednarodno zdru\u017eenje movers<\/a> (IAM) in\/ali <a href=\"https:\/\/moverdb.com\/sl\/fidi-faim\/\" data-internallinksmanager029f6b8e52c=\"16\" title=\"Pojasnila o FIDI in FAIM (FIDI Accredited International Mover)\">FIDI<\/a> akreditiranih mednarodnih selitev (FAIM), ki vam lahko pomagajo pri selitvi.<\/p>\n<div id=\"ez-toc-container\" class=\"ez-toc-v2_0_82_2 ez-toc-wrap-left counter-hierarchy ez-toc-counter ez-toc-transparent ez-toc-container-direction\">\n<div class=\"ez-toc-title-container\">\n<p class=\"ez-toc-title\" style=\"cursor:inherit\">Oddelki<\/p>\n<span class=\"ez-toc-title-toggle\"><a href=\"#\" class=\"ez-toc-pull-right ez-toc-btn ez-toc-btn-xs ez-toc-btn-default ez-toc-toggle\" aria-label=\"Toggle Tabela vsebine\"><span class=\"ez-toc-js-icon-con\"><span class=\"\"><span class=\"eztoc-hide\" style=\"display:none;\">Toggle<\/span><span class=\"ez-toc-icon-toggle-span\"><svg style=\"fill: #999;color:#999\" xmlns=\"http:\/\/www.w3.org\/2000\/svg\" class=\"list-377408\" width=\"20px\" height=\"20px\" viewbox=\"0 0 24 24\" fill=\"none\"><path d=\"M6 6H4v2h2V6zm14 0H8v2h12V6zM4 11h2v2H4v-2zm16 0H8v2h12v-2zM4 16h2v2H4v-2zm16 0H8v2h12v-2z\" fill=\"currentColor\"><\/path><\/svg><svg style=\"fill: #999;color:#999\" class=\"arrow-unsorted-368013\" xmlns=\"http:\/\/www.w3.org\/2000\/svg\" width=\"10px\" height=\"10px\" viewbox=\"0 0 24 24\" version=\"1.2\" baseprofile=\"tiny\"><path d=\"M18.2 9.3l-6.2-6.3-6.2 6.3c-.2.2-.3.4-.3.7s.1.5.3.7c.2.2.4.3.7.3h11c.3 0 .5-.1.7-.3.2-.2.3-.5.3-.7s-.1-.5-.3-.7zM5.8 14.7l6.2 6.3 6.2-6.3c.2-.2.3-.5.3-.7s-.1-.5-.3-.7c-.2-.2-.4-.3-.7-.3h-11c-.3 0-.5.1-.7.3-.2.2-.3.5-.3.7s.1.5.3.7z\"\/><\/svg><\/span><\/span><\/span><\/a><\/span><\/div>\n<nav><ul class='ez-toc-list ez-toc-list-level-1 eztoc-toggle-hide-by-default' ><li class='ez-toc-page-1 ez-toc-heading-level-2'><a class=\"ez-toc-link ez-toc-heading-1\" href=\"https:\/\/moverdb.com\/sl\/moving-companies\/chile-moving-companies\/#1_Unipack\" >1. Unipack<\/a><\/li><li class='ez-toc-page-1 ez-toc-heading-level-2'><a class=\"ez-toc-link ez-toc-heading-2\" href=\"https:\/\/moverdb.com\/sl\/moving-companies\/chile-moving-companies\/#2_Atlas_International_Movers\" >2. Atlas International Movers<\/a><\/li><li class='ez-toc-page-1 ez-toc-heading-level-2'><a class=\"ez-toc-link ez-toc-heading-3\" href=\"https:\/\/moverdb.com\/sl\/moving-companies\/chile-moving-companies\/#3_Decapack\" >3. Razpakiranje<\/a><\/li><li class='ez-toc-page-1 ez-toc-heading-level-2'><a class=\"ez-toc-link ez-toc-heading-4\" href=\"https:\/\/moverdb.com\/sl\/moving-companies\/chile-moving-companies\/#4_Global_Alliance_International\" >4. Global Alliance International<\/a><\/li><li class='ez-toc-page-1 ez-toc-heading-level-2'><a class=\"ez-toc-link ez-toc-heading-5\" href=\"https:\/\/moverdb.com\/sl\/moving-companies\/chile-moving-companies\/#5_REMSSA\" >5. REMSSA<\/a><\/li><li class='ez-toc-page-1 ez-toc-heading-level-2'><a class=\"ez-toc-link ez-toc-heading-6\" href=\"https:\/\/moverdb.com\/sl\/moving-companies\/chile-moving-companies\/#6_Ward_Van_Lines\" >6. Ward Van Lines<\/a><\/li><li class='ez-toc-page-1 ez-toc-heading-level-2'><a class=\"ez-toc-link ez-toc-heading-7\" href=\"https:\/\/moverdb.com\/sl\/moving-companies\/chile-moving-companies\/#Other_Useful_Guides_to_Chile\" >Drugi uporabni vodniki za \u010cile<\/a><\/li><\/ul><\/nav><\/div>\n<h2><span class=\"ez-toc-section\" id=\"1_Unipack\"><\/span><strong>1. Unipack<\/strong><span class=\"ez-toc-section-end\"><\/span><\/h2>\n<p><img loading=\"lazy\" decoding=\"async\" class=\"alignnone size-full wp-image-5496\" src=\"https:\/\/moverdb.com\/wp-content\/uploads\/Unipack-international-moving-company.png\" alt=\"Unipack mednarodno gibanje podjetje\" width=\"1440\" height=\"683\" data-wp-pid=\"5496\" srcset=\"https:\/\/moverdb.com\/wp-content\/uploads\/Unipack-international-moving-company.png 1440w, https:\/\/moverdb.com\/wp-content\/uploads\/Unipack-international-moving-company-300x142.png 300w, https:\/\/moverdb.com\/wp-content\/uploads\/Unipack-international-moving-company-1024x486.png 1024w, https:\/\/moverdb.com\/wp-content\/uploads\/Unipack-international-moving-company-18x9.png 18w, https:\/\/moverdb.com\/wp-content\/uploads\/Unipack-international-moving-company-600x285.png 600w\" sizes=\"auto, (max-width: 1440px) 100vw, 1440px\" \/><\/p>\n<ul>\n<li>Nacionalne poteze<\/li>\n<li>Mednarodne selitve<\/li>\n<li>Selitve gospodinjstev<\/li>\n<li>Pregled na domu<\/li>\n<li>Storitev pakiranja in razpakiranja<\/li>\n<li>razstavljanje in sestavljanje pohi\u0161tva<\/li>\n<li>Kopenski, pomorski in zra\u010dni prevoz<\/li>\n<li>Podpora za dokumentacijo<\/li>\n<li>Prevoz hi\u0161nih ljubljen\u010dkov<\/li>\n<li>Kratkoro\u010dno do dolgoro\u010dno skladi\u0161\u010denje<\/li>\n<\/ul>\n<p>Unipack je nacionalna in mednarodna selitvena slu\u017eba, ki je bila ustanovljena leta 1993 v Santiagu. Imajo mre\u017eo zastopnikov po vsem svetu, ki jim pomagajo pri mednarodnih selitvah na petih celinah. Z 29 leti delovanja so \u010dlani zdru\u017eenja IAM in so akreditirani pri FIDI.<\/p>\n<p>Unipack uporablja najnovej\u0161e tehnike pakiranja in prevoza ter materiale, da svojim strankam zagotovi varne selitve. Njihov postopek se za\u010dne s pregledom na domu in obravnavo dokumentov. Pakirajo in razstavijo va\u0161e pohi\u0161tvo ter poskrbijo za prevoz po cesti, zraku in morju, nato pa va\u0161e pohi\u0161tvo razpakirajo in sestavijo na cilju. Pomagali vam bodo z dokumentacijo, vklju\u010dno s carinjenjem.<\/p>\n<p>Spletna stran: <a href=\"http:\/\/www.unipack.cl\" target=\"_blank\" rel=\"noopener\">http:\/\/www.unipack.cl<\/a><\/p>\n<h2><span class=\"ez-toc-section\" id=\"2_Atlas_International_Movers\"><\/span><strong>2. Atlas International Movers<\/strong><span class=\"ez-toc-section-end\"><\/span><\/h2>\n<p><img loading=\"lazy\" decoding=\"async\" class=\"alignnone size-full wp-image-5415\" src=\"https:\/\/moverdb.com\/wp-content\/uploads\/Atlas-International-Movers-moving-company.png\" alt=\"Atlas International Movers selitev podjetje\" width=\"1440\" height=\"682\" data-wp-pid=\"5415\" srcset=\"https:\/\/moverdb.com\/wp-content\/uploads\/Atlas-International-Movers-moving-company.png 1440w, https:\/\/moverdb.com\/wp-content\/uploads\/Atlas-International-Movers-moving-company-300x142.png 300w, https:\/\/moverdb.com\/wp-content\/uploads\/Atlas-International-Movers-moving-company-1024x485.png 1024w, https:\/\/moverdb.com\/wp-content\/uploads\/Atlas-International-Movers-moving-company-18x9.png 18w, https:\/\/moverdb.com\/wp-content\/uploads\/Atlas-International-Movers-moving-company-600x284.png 600w\" sizes=\"auto, (max-width: 1440px) 100vw, 1440px\" \/><\/p>\n<ul>\n<li>Nacionalne poteze<\/li>\n<li>Mednarodne selitve<\/li>\n<li>Selitve gospodinjstev<\/li>\n<li>Selitve pisarn<\/li>\n<li>Storitev od vrat do vrat<\/li>\n<li>Visokokakovostna storitev pakiranja<\/li>\n<li>Kopenski, pomorski in zra\u010dni tovorni promet<\/li>\n<li>Prevoz umetni\u0161kih del<\/li>\n<li>Prevoz avtomobilov<\/li>\n<li>Skladi\u0161\u010da za kratkoro\u010dno in dolgoro\u010dno skladi\u0161\u010denje<\/li>\n<\/ul>\n<p>Atlas International Movers ima ve\u010d kot 25 let izku\u0161enj s selitvijo domov in pisarn v <a href=\"https:\/\/moverdb.com\/sl\/moving-to-chile\/\" data-internallinksmanager029f6b8e52c=\"426\" title=\"Selitev v \u010cile? 2023 \u017divljenjski stro\u0161ki in nasveti za selitev\">\u010cile<\/a> in v \u010cile ali iz njega. Za izvedbo mednarodnih selitev sodelujejo z mre\u017eo zanesljivih selitvenih agentov po vsem svetu. So \u010dlani zdru\u017eenja IAM s 16-letno tradicijo.<\/p>\n<p>Dru\u017eba Atlas International Movers vas obi\u0161\u010de na domu, da oceni va\u0161e zahteve in vas vodi skozi postopek in dokumentacijo. Zagotovili bodo usposobljeno osebje, ki bo va\u0161e stvari visoko kakovostno zapakiralo in jih za\u0161\u010ditilo med prevozom po kopnem, morju ali zraku. Pomagali vam bodo pri carinski dokumentaciji pri uvozu in izvozu.<\/p>\n<p>Spletna stran: <a href=\"http:\/\/www.atlasinternationalchile.cl\" target=\"_blank\" rel=\"noopener\">http:\/\/www.atlasinternationalchile.cl<\/a><\/p>\n<h2><span class=\"ez-toc-section\" id=\"3_Decapack\"><\/span><strong>3. Razpakiranje<\/strong><span class=\"ez-toc-section-end\"><\/span><\/h2>\n<p><img loading=\"lazy\" decoding=\"async\" class=\"alignnone size-full wp-image-5430\" src=\"https:\/\/moverdb.com\/wp-content\/uploads\/Decapack-international-moving-company.png\" alt=\"Decapack mednarodno gibanje podjetje\" width=\"1440\" height=\"680\" data-wp-pid=\"5430\" srcset=\"https:\/\/moverdb.com\/wp-content\/uploads\/Decapack-international-moving-company.png 1440w, https:\/\/moverdb.com\/wp-content\/uploads\/Decapack-international-moving-company-300x142.png 300w, https:\/\/moverdb.com\/wp-content\/uploads\/Decapack-international-moving-company-1024x484.png 1024w, https:\/\/moverdb.com\/wp-content\/uploads\/Decapack-international-moving-company-18x9.png 18w, https:\/\/moverdb.com\/wp-content\/uploads\/Decapack-international-moving-company-600x283.png 600w\" sizes=\"auto, (max-width: 1440px) 100vw, 1440px\" \/><\/p>\n<ul>\n<li>Nacionalne poteze<\/li>\n<li>Mednarodne selitve<\/li>\n<li>Stanovanjske selitve<\/li>\n<li>Selitve pisarn<\/li>\n<li>Storitev premestitve<\/li>\n<li>Storitev od vrat do vrat<\/li>\n<li>Storitev pakiranja<\/li>\n<li>Zavarovanje<\/li>\n<li>Specializirana storitev za umetni\u0161ka dela<\/li>\n<li>Kratkoro\u010dno do dolgoro\u010dno skladi\u0161\u010denje<\/li>\n<\/ul>\n<p>Decapack je izseljeni\u0161ko in mednarodno selitveno podjetje s sede\u017eem v Santiagu, ki je bilo ustanovljeno leta 1942. Prisotni so v San Antoniu in Valparaisu. <a href=\"https:\/\/moverdb.com\/sl\/top-49-container-ports\/\" data-internallinksmanager029f6b8e52c=\"80\" title=\"Top 49 najve\u010djih in najbolj obremenjenih pristani\u0161\u010d za kontejnerje v letu 2025\">pristani\u0161\u010da<\/a> in mednarodno letali\u0161\u010de Santiago. Z 52 leti delovanja so \u010dlani zdru\u017eenja IAM in so akreditirani pri FIDI.<\/p>\n<p>Decapack ponuja storitev od vrat do vrat, ki se za\u010dne z osebnim ali virtualnim obiskom za oceno va\u0161ih potreb. Zagotovili vam bodo individualno svetovanje imenovanega koordinatorja, ki vam bo pomagal pri urejanju dokumentov in dokumentacije. Zagotavljajo storitev pakiranja za za\u0161\u010dito va\u0161ih stvari in zavarovanje za za\u0161\u010dito pred nepri\u010dakovanimi dogodki.<\/p>\n<p>Spletna stran: <a href=\"http:\/\/www.decapack.com\" target=\"_blank\" rel=\"noopener\">http:\/\/www.decapack.com<\/a><\/p>\n<h2><span class=\"ez-toc-section\" id=\"4_Global_Alliance_International\"><\/span><strong>4. Global Alliance International<\/strong><span class=\"ez-toc-section-end\"><\/span><\/h2>\n<p><img loading=\"lazy\" decoding=\"async\" class=\"alignnone size-full wp-image-5441\" src=\"https:\/\/moverdb.com\/wp-content\/uploads\/Global-Alliance-International-moving-company.png\" alt=\"Global Alliance Mednarodna selitev podjetja\" width=\"1440\" height=\"677\" data-wp-pid=\"5441\" srcset=\"https:\/\/moverdb.com\/wp-content\/uploads\/Global-Alliance-International-moving-company.png 1440w, https:\/\/moverdb.com\/wp-content\/uploads\/Global-Alliance-International-moving-company-300x141.png 300w, https:\/\/moverdb.com\/wp-content\/uploads\/Global-Alliance-International-moving-company-1024x481.png 1024w, https:\/\/moverdb.com\/wp-content\/uploads\/Global-Alliance-International-moving-company-18x8.png 18w, https:\/\/moverdb.com\/wp-content\/uploads\/Global-Alliance-International-moving-company-600x282.png 600w\" sizes=\"auto, (max-width: 1440px) 100vw, 1440px\" \/><\/p>\n<ul>\n<li>Nacionalne poteze<\/li>\n<li>Mednarodne selitve<\/li>\n<li>Stanovanjske selitve<\/li>\n<li>Premiki podjetij<\/li>\n<li>Visoko usposobljeno osebje<\/li>\n<li>Celovita storitev pakiranja<\/li>\n<li>Kopenski, pomorski in zra\u010dni prevoz<\/li>\n<li>Carinska podpora<\/li>\n<li>Prevoz hi\u0161nih ljubljen\u010dkov<\/li>\n<li>Re\u0161itve za za\u010dasno in trajno skladi\u0161\u010denje<\/li>\n<\/ul>\n<p>Global Alliance International je \u010dilsko podjetje za selitve, ki je bilo ustanovljeno leta 1995 in je h\u010derinsko podjetje podjetja Express Movers Transportes. Pri izvedbi mednarodnih selitev sodeluje s selitvenimi agenti v namembnem kraju. Je \u010dlan zdru\u017eenja IAM s 16 leti delovanja.<\/p>\n<p>Global Alliance International bo zagotovila ekipo pakircev, ki bo razstavila in zapakirala vse va\u0161e stvari z uporabo najprimernej\u0161ega pakirnega materiala za njihovo za\u0161\u010dito in specializiranih \u0161katel. Zagotovili bodo tudi popis, ozna\u010dene \u0161katle in zabojnike za po\u0161iljanje po kopnem, zraku ali morju ter pomo\u010d pri carinski dokumentaciji. Ponujajo tudi re\u0161itve za za\u010dasno in trajno skladi\u0161\u010denje.<\/p>\n<p>Spletna stran: <a href=\"http:\/\/www.globalalliancechile.com\" target=\"_blank\" rel=\"noopener\">http:\/\/www.globalalliancechile.com<\/a><\/p>\n<h2><span class=\"ez-toc-section\" id=\"5_REMSSA\"><\/span><strong>5. REMSSA<\/strong><span class=\"ez-toc-section-end\"><\/span><\/h2>\n<p><img loading=\"lazy\" decoding=\"async\" class=\"alignnone size-full wp-image-5482\" src=\"https:\/\/moverdb.com\/wp-content\/uploads\/REMSSA-international-moving-company.png\" alt=\"REMSSA mednarodno gibanje podjetje\" width=\"1440\" height=\"683\" data-wp-pid=\"5482\" srcset=\"https:\/\/moverdb.com\/wp-content\/uploads\/REMSSA-international-moving-company.png 1440w, https:\/\/moverdb.com\/wp-content\/uploads\/REMSSA-international-moving-company-300x142.png 300w, https:\/\/moverdb.com\/wp-content\/uploads\/REMSSA-international-moving-company-1024x486.png 1024w, https:\/\/moverdb.com\/wp-content\/uploads\/REMSSA-international-moving-company-18x9.png 18w, https:\/\/moverdb.com\/wp-content\/uploads\/REMSSA-international-moving-company-600x285.png 600w\" sizes=\"auto, (max-width: 1440px) 100vw, 1440px\" \/><\/p>\n<ul>\n<li>Nacionalne poteze<\/li>\n<li>Mednarodne selitve<\/li>\n<li>Stanovanjske selitve<\/li>\n<li>Selitve pisarn<\/li>\n<li>Premestitev<\/li>\n<li>Storitev od vrat do vrat<\/li>\n<li>Storitev pakiranja<\/li>\n<li>Prevoz umetni\u0161kih del<\/li>\n<li>Prevoz hi\u0161nih ljubljen\u010dkov<\/li>\n<li>Varna skladi\u0161\u010da<\/li>\n<\/ul>\n<p>REMSSA je selitveno podjetje s sede\u017eem v Santiagu, ki je bilo ustanovljeno leta 2000 in ima podru\u017enice na letali\u0161\u010dih in v pristani\u0161\u010dih po vsem \u010cilu. Nudi nacionalne in mednarodne selitvene storitve za gospodinjstva in podjetja. Je \u010dlan zdru\u017eenja IAM z 22-letno tradicijo.<\/p>\n<p>REMSSA ponuja prilagojene selitvene storitve, ki vam bodo zagotovile dostavo od vrat do vrat. Nudijo storitve pakiranja, natovarjanja in razpakiranja z industrijsko tovorno embala\u017eo za za\u0161\u010dito pri prevozu. Nudijo tudi specializirane storitve pomo\u010di pri priseljevanju, prevozu umetni\u0161kih del, prevozu hi\u0161nih ljubljen\u010dkov in po potrebi varne prostore za shranjevanje.<\/p>\n<p>Spletna stran: <a href=\"http:\/\/www.remssa.cl\" target=\"_blank\" rel=\"noopener\">http:\/\/www.remssa.cl<\/a><\/p>\n<h2><span class=\"ez-toc-section\" id=\"6_Ward_Van_Lines\"><\/span><strong>6. Ward Van Lines<\/strong><span class=\"ez-toc-section-end\"><\/span><\/h2>\n<p><img loading=\"lazy\" decoding=\"async\" class=\"alignnone size-full wp-image-5499\" src=\"https:\/\/moverdb.com\/wp-content\/uploads\/Ward-Van-Lines-international-moving-company.png\" alt=\"Ward Van Lines mednarodno gibanje podjetje\" width=\"1440\" height=\"680\" data-wp-pid=\"5499\" srcset=\"https:\/\/moverdb.com\/wp-content\/uploads\/Ward-Van-Lines-international-moving-company.png 1440w, https:\/\/moverdb.com\/wp-content\/uploads\/Ward-Van-Lines-international-moving-company-300x142.png 300w, https:\/\/moverdb.com\/wp-content\/uploads\/Ward-Van-Lines-international-moving-company-1024x484.png 1024w, https:\/\/moverdb.com\/wp-content\/uploads\/Ward-Van-Lines-international-moving-company-18x9.png 18w, https:\/\/moverdb.com\/wp-content\/uploads\/Ward-Van-Lines-international-moving-company-600x283.png 600w\" sizes=\"auto, (max-width: 1440px) 100vw, 1440px\" \/><\/p>\n<ul>\n<li>Nacionalne poteze<\/li>\n<li>Mednarodne selitve<\/li>\n<li>Osebna storitev<\/li>\n<li>Storitev pakiranja z uporabo prvovrstnih materialov<\/li>\n<li>razstavljanje in sestavljanje pohi\u0161tva<\/li>\n<li>Ozna\u010devanje izdelkov za stalno sledenje<\/li>\n<li>Spremljanje premikanja prek sledenja GPS<\/li>\n<li>Izvozna dokumentacija, vklju\u010dno s carinjenjem<\/li>\n<li>Zavarovanje<\/li>\n<li>Varna skladi\u0161\u010da<\/li>\n<\/ul>\n<p>Ward Van Lines je mednarodno in nacionalno selitveno podjetje, ki je bilo ustanovljeno leta 1969. Sede\u017e ima v Santiagu, pisarne pa v najpomembnej\u0161ih pristani\u0161\u010dih, med drugim v Valparaisu in San Antoniu. S 53 leti delovanja je \u010dlan zdru\u017eenja IAM in je akreditirano pri FIDI.<\/p>\n<p>Dru\u017eba Ward Van Lines ponuja osebno prilagojeno storitev od vrat do vrat, pri kateri se za varno pakiranje va\u0161ih stvari uporabljajo prvovrstni materiali, za krhke predmete pa lesene \u0161katle. Izdelali bodo popis in vse va\u0161e predmete ozna\u010dili z edinstvenimi \u010drtnimi kodami za identifikacijo va\u0161ega premo\u017eenja. Njihovi tovornjaki so opremljeni z GPS-sledenjem, ki vam omogo\u010da, da svoje stvari spremljate 24 ur na dan, 7 dni v tednu.<\/p>\n<p>Spletna stran: <a href=\"http:\/\/www.wardvanlines.com\" target=\"_blank\" rel=\"noopener\">http:\/\/www.wardvanlines.com<\/a><\/p>\n<h2><span class=\"ez-toc-section\" id=\"Other_Useful_Guides_to_Chile\"><\/span>Drugi uporabni vodniki za \u010cile<span class=\"ez-toc-section-end\"><\/span><\/h2>\n<ul>\n<li> <a href=\"https:\/\/moverdb.com\/sl\/kontejnersko-posiljanje\/chile\/\">2024 Cene pomorskega prevoza zabojnikov v \u010cile in iz njega<\/a><\/li>\n<li> <a href=\"https:\/\/moverdb.com\/sl\/moving-to-chile\/\">Selitev v \u010cile? 2023 \u017divljenjski stro\u0161ki in nasveti za selitev<\/a><\/li>\n<li> <a href=\"https:\/\/moverdb.com\/sl\/moving-to-chile\/best-places-to-live-chile\/\">12 najbolj\u0161ih mest za \u017eivljenje v \u010cilu<\/a><\/li>\n<\/ul>","protected":false},"excerpt":{"rendered":"<p>Moving can be a busy and stressful time especially in you are moving long distance or to another country. This is where a moving company can help reduce your stress by taking away some of the workload. Below we have compiled a list of Chilean removal companies that are members of the International Association of [&hellip;]<\/p>\n","protected":false},"author":4,"featured_media":0,"parent":190,"menu_order":0,"comment_status":"closed","ping_status":"closed","template":"","meta":{"_genesis_hide_title":false,"_genesis_hide_breadcrumbs":false,"_genesis_hide_singular_image":false,"_genesis_hide_footer_widgets":false,"_genesis_custom_body_class":"","_genesis_custom_post_class":"","_genesis_layout":"","footnotes":""},"class_list":{"0":"post-5527","1":"page","2":"type-page","3":"status-publish","5":"entry","6":"has-post-thumbnail"},"_links":{"self":[{"href":"https:\/\/moverdb.com\/sl\/wp-json\/wp\/v2\/pages\/5527","targetHints":{"allow":["GET"]}}],"collection":[{"href":"https:\/\/moverdb.com\/sl\/wp-json\/wp\/v2\/pages"}],"about":[{"href":"https:\/\/moverdb.com\/sl\/wp-json\/wp\/v2\/types\/page"}],"author":[{"embeddable":true,"href":"https:\/\/moverdb.com\/sl\/wp-json\/wp\/v2\/users\/4"}],"replies":[{"embeddable":true,"href":"https:\/\/moverdb.com\/sl\/wp-json\/wp\/v2\/comments?post=5527"}],"version-history":[{"count":4,"href":"https:\/\/moverdb.com\/sl\/wp-json\/wp\/v2\/pages\/5527\/revisions"}],"predecessor-version":[{"id":16390,"href":"https:\/\/moverdb.com\/sl\/wp-json\/wp\/v2\/pages\/5527\/revisions\/16390"}],"up":[{"embeddable":true,"href":"https:\/\/moverdb.com\/sl\/wp-json\/wp\/v2\/pages\/190"}],"wp:attachment":[{"href":"https:\/\/moverdb.com\/sl\/wp-json\/wp\/v2\/media?parent=5527"}],"curies":[{"name":"wp","href":"https:\/\/api.w.org\/{rel}","templated":true}]}}