{"id":5520,"date":"2023-02-01T13:56:46","date_gmt":"2023-02-01T13:56:46","guid":{"rendered":"https:\/\/moverdb.com\/?page_id=5520"},"modified":"2026-01-08T15:29:45","modified_gmt":"2026-01-08T15:29:45","slug":"karibska-nizozemska-podjetja-za-selitve","status":"publish","type":"page","link":"https:\/\/moverdb.com\/sl\/moving-companies\/caribbean-netherlands-moving-companies\/","title":{"rendered":"Najbolj\u0161i mednarodni premika\u010di v Karibih na Nizozemskem"},"content":{"rendered":"<p>\u010ce razmi\u0161ljate o selitvi na Karibih <a href=\"https:\/\/moverdb.com\/sl\/moving-to-the-netherlands\/\" data-internallinksmanager029f6b8e52c=\"328\" title=\"Selitev na Nizozemsko? 2023 \u017divljenjski stro\u0161ki in nasveti za selitev\">Nizozemska<\/a>, na Karibsko Nizozemsko ali iz nje, boste morda \u017eeleli podporo <a href=\"https:\/\/moverdb.com\/sl\/moving-companies\/\" data-internallinksmanager029f6b8e52c=\"79\" title=\"Top 25 Mednarodne selitve podjetja Online\">selitev podjetja<\/a> da bi zmanj\u0161ali pritisk zaradi premikanja. V nadaljevanju smo pripravili seznam karibske Nizozemske <a href=\"https:\/\/moverdb.com\/sl\/international-removals\/\" data-internallinksmanager029f6b8e52c=\"27\" title=\"36 najbolj\u0161ih podjetij za mednarodne selitve v Zdru\u017eenem kraljestvu\">podjetja za selitve<\/a> ki so \u010dlani <a href=\"https:\/\/moverdb.com\/sl\/iam\/\" data-internallinksmanager029f6b8e52c=\"23\" title=\"Pojasnila o Mednarodnem zdru\u017eenju gibalcev (IAM)\">Mednarodno zdru\u017eenje movers<\/a> (IAM) in\/ali <a href=\"https:\/\/moverdb.com\/sl\/fidi-faim\/\" data-internallinksmanager029f6b8e52c=\"16\" title=\"Pojasnila o FIDI in FAIM (FIDI Accredited International Mover)\">FIDI<\/a> Akreditirani mednarodni selitveni delavci (FAIM), ki vam lahko pomagajo.<\/p>\n<h2><strong>Meyer Moving<\/strong><\/h2>\n<p><img loading=\"lazy\" decoding=\"async\" class=\"alignnone size-full wp-image-5459\" src=\"https:\/\/moverdb.com\/wp-content\/uploads\/Meyer-Moving-international-moving-company.png\" alt=\"Meyer Moving mednarodno gibljejo podjetje\" width=\"1440\" height=\"682\" data-wp-pid=\"5459\" srcset=\"https:\/\/moverdb.com\/wp-content\/uploads\/Meyer-Moving-international-moving-company.png 1440w, https:\/\/moverdb.com\/wp-content\/uploads\/Meyer-Moving-international-moving-company-300x142.png 300w, https:\/\/moverdb.com\/wp-content\/uploads\/Meyer-Moving-international-moving-company-1024x485.png 1024w, https:\/\/moverdb.com\/wp-content\/uploads\/Meyer-Moving-international-moving-company-18x9.png 18w, https:\/\/moverdb.com\/wp-content\/uploads\/Meyer-Moving-international-moving-company-600x284.png 600w\" sizes=\"auto, (max-width: 1440px) 100vw, 1440px\" \/><\/p>\n<ul>\n<li>Lokalni premiki<\/li>\n<li>Mednarodne selitve<\/li>\n<li>Stanovanjske selitve<\/li>\n<li>Premiki podjetja<\/li>\n<li>Storitev od vrat do vrat<\/li>\n<li>Storitve pakiranja in razpakiranja<\/li>\n<li>Kopenski, pomorski in zra\u010dni tovorni promet<\/li>\n<li>Podpora po selitvi<\/li>\n<li>Prenos vozila<\/li>\n<li>Prostori za shranjevanje<\/li>\n<\/ul>\n<p>Meyer Moving je selitveno podjetje, ustanovljeno leta 1959, ki je specializirano za lokalne in mednarodne selitve za stanovanjske in poslovne stranke. Ima 7 podru\u017enic na Karibih ter globalno mre\u017eo povezanih podjetij in partnerskih zastopnikov za izvedbo mednarodnih selitev. Podjetje je \u010dlan zdru\u017eenja IAM s 63 leti delovanja in je akreditirano pri FIDI.<\/p>\n<p>Podjetje Meyer Moving ponuja storitve selitve, selitve in skladi\u0161\u010denja, ki vklju\u010dujejo svetovanje o selitvi in pomo\u010d pri selitvi od vrat do vrat. Va\u0161e stvari bodo varno zapakirali, poskrbeli za prevoz po kopnem, morju ali zraku, storitev razpakiranja in po potrebi tudi skladi\u0161\u010denje.<\/p>\n<p>Spletna stran: <a href=\"http:\/\/www.meyermoving.com\/\" target=\"_blank\" rel=\"noopener\">http:\/\/www.meyermoving.com\/<\/a><\/p>","protected":false},"excerpt":{"rendered":"<p>If you are thinking of moving within the Caribbean Netherlands, or to or from the Caribbean Netherlands you may want support from a moving company to reduce the pressure of moving. Below we have compiled a list of Caribbean Netherlands removal companies that are members of the International Association of Movers (IAM) and\/or FIDI Accredited [&hellip;]<\/p>\n","protected":false},"author":4,"featured_media":0,"parent":190,"menu_order":0,"comment_status":"closed","ping_status":"closed","template":"","meta":{"_genesis_hide_title":false,"_genesis_hide_breadcrumbs":false,"_genesis_hide_singular_image":false,"_genesis_hide_footer_widgets":false,"_genesis_custom_body_class":"","_genesis_custom_post_class":"","_genesis_layout":"","footnotes":""},"class_list":{"0":"post-5520","1":"page","2":"type-page","3":"status-publish","5":"entry","6":"has-post-thumbnail"},"_links":{"self":[{"href":"https:\/\/moverdb.com\/sl\/wp-json\/wp\/v2\/pages\/5520","targetHints":{"allow":["GET"]}}],"collection":[{"href":"https:\/\/moverdb.com\/sl\/wp-json\/wp\/v2\/pages"}],"about":[{"href":"https:\/\/moverdb.com\/sl\/wp-json\/wp\/v2\/types\/page"}],"author":[{"embeddable":true,"href":"https:\/\/moverdb.com\/sl\/wp-json\/wp\/v2\/users\/4"}],"replies":[{"embeddable":true,"href":"https:\/\/moverdb.com\/sl\/wp-json\/wp\/v2\/comments?post=5520"}],"version-history":[{"count":4,"href":"https:\/\/moverdb.com\/sl\/wp-json\/wp\/v2\/pages\/5520\/revisions"}],"predecessor-version":[{"id":7597,"href":"https:\/\/moverdb.com\/sl\/wp-json\/wp\/v2\/pages\/5520\/revisions\/7597"}],"up":[{"embeddable":true,"href":"https:\/\/moverdb.com\/sl\/wp-json\/wp\/v2\/pages\/190"}],"wp:attachment":[{"href":"https:\/\/moverdb.com\/sl\/wp-json\/wp\/v2\/media?parent=5520"}],"curies":[{"name":"wp","href":"https:\/\/api.w.org\/{rel}","templated":true}]}}