{"id":5518,"date":"2023-02-01T13:53:00","date_gmt":"2023-02-01T13:53:00","guid":{"rendered":"https:\/\/moverdb.com\/?page_id=5518"},"modified":"2026-01-08T15:29:50","modified_gmt":"2026-01-08T15:29:50","slug":"burkina-faso-podjetja-za-selitve","status":"publish","type":"page","link":"https:\/\/moverdb.com\/sl\/moving-companies\/burkina-faso-moving-companies\/","title":{"rendered":"Najbolj\u0161a mednarodna selitvena podjetja v Burkina Fasu"},"content":{"rendered":"<p>\u010ce na\u010drtujete selitev v Burkino Faso ali selitev v Burkino Faso ali iz nje, vam lahko pomaga podjetje za selitve. Podjetje za selitve lahko olaj\u0161a fizi\u010dno in psihi\u010dno breme, zlasti \u010de se selite v druge dr\u017eave. V nadaljevanju smo pripravili seznam Burkina Faso <a href=\"https:\/\/moverdb.com\/sl\/moving-companies\/\" data-internallinksmanager029f6b8e52c=\"79\" title=\"Top 25 Mednarodne selitve podjetja Online\">selitvena podjetja<\/a> ki so \u010dlani <a href=\"https:\/\/moverdb.com\/sl\/iam\/\" data-internallinksmanager029f6b8e52c=\"23\" title=\"Pojasnila o Mednarodnem zdru\u017eenju gibalcev (IAM)\">Mednarodno zdru\u017eenje movers<\/a> (IAM), ki vam lahko pomagajo.<\/p>\n<p><strong>Prva poteza<\/strong><\/p>\n<p><img loading=\"lazy\" decoding=\"async\" class=\"alignnone size-full wp-image-5461\" src=\"https:\/\/moverdb.com\/wp-content\/uploads\/Move-One-international-moving-company.png\" alt=\"Move One mednarodno gibanje podjetje\" width=\"1440\" height=\"680\" data-wp-pid=\"5461\" srcset=\"https:\/\/moverdb.com\/wp-content\/uploads\/Move-One-international-moving-company.png 1440w, https:\/\/moverdb.com\/wp-content\/uploads\/Move-One-international-moving-company-300x142.png 300w, https:\/\/moverdb.com\/wp-content\/uploads\/Move-One-international-moving-company-1024x484.png 1024w, https:\/\/moverdb.com\/wp-content\/uploads\/Move-One-international-moving-company-18x9.png 18w, https:\/\/moverdb.com\/wp-content\/uploads\/Move-One-international-moving-company-600x283.png 600w\" sizes=\"auto, (max-width: 1440px) 100vw, 1440px\" \/><\/p>\n<ul>\n<li>Mednarodne selitve<\/li>\n<li>Premestitve<\/li>\n<li>Stanovanjske selitve<\/li>\n<li>Selitve pisarn<\/li>\n<li>Podpora za priseljevanje<\/li>\n<li>Usposobljeno in strokovno osebje<\/li>\n<li>Prevoz hi\u0161nih ljubljen\u010dkov<\/li>\n<li>Pomo\u010d pri iskanju doma in \u0161ol<\/li>\n<li>Storitve namestitve<\/li>\n<li>Prostori za shranjevanje<\/li>\n<\/ul>\n<p>Move One je selitveno podjetje, ustanovljeno leta 1992 s podru\u017enico v Oagadougouju, ki ponuja re\u0161itve na podro\u010dju logistike, selitev in globalne mobilnosti. Trdijo, da so vodilni na trgu v Evropi, Afriki, na Bli\u017enjem vzhodu, Balkanu in v Skupnosti neodvisnih dr\u017eav. Je \u010dlan zdru\u017eenja IAM s 23-letno tradicijo. So del mre\u017ee mednarodnih selitvenih podjetij, ki zagotavljajo mednarodne selitve.<\/p>\n<p>Dru\u017eba Move One ponuja storitve selitve, selitve in preselitve, ki vklju\u010dujejo strokovno podporo usposobljenega osebja, ki vam bo pomagalo pri selitvi in vam nudilo pomo\u010d pri priseljevanju, da se boste la\u017eje spopadli z birokracijo. Pomagajo lahko pri prevozu hi\u0161nih ljubljen\u010dkov, iskanju stanovanja in \u0161ol.<\/p>\n<p>Spletna stran: <a href=\"https:\/\/www.moveoneinc.com\/\" target=\"_blank\" rel=\"noopener\">https:\/\/www.moveoneinc.com\/<\/a><\/p>","protected":false},"excerpt":{"rendered":"<p>If you are planning a move in Burkina Faso, or moving to or from Burkina Faso then enlisting the assistance of a moving company can help. A moving company can lighten the load physical and mentally especially if you are moving countries. Below we have compiled a list of Burkina Faso moving companies that are [&hellip;]<\/p>\n","protected":false},"author":4,"featured_media":0,"parent":190,"menu_order":0,"comment_status":"closed","ping_status":"closed","template":"","meta":{"_genesis_hide_title":false,"_genesis_hide_breadcrumbs":false,"_genesis_hide_singular_image":false,"_genesis_hide_footer_widgets":false,"_genesis_custom_body_class":"","_genesis_custom_post_class":"","_genesis_layout":"","footnotes":""},"class_list":{"0":"post-5518","1":"page","2":"type-page","3":"status-publish","5":"entry"},"_links":{"self":[{"href":"https:\/\/moverdb.com\/sl\/wp-json\/wp\/v2\/pages\/5518","targetHints":{"allow":["GET"]}}],"collection":[{"href":"https:\/\/moverdb.com\/sl\/wp-json\/wp\/v2\/pages"}],"about":[{"href":"https:\/\/moverdb.com\/sl\/wp-json\/wp\/v2\/types\/page"}],"author":[{"embeddable":true,"href":"https:\/\/moverdb.com\/sl\/wp-json\/wp\/v2\/users\/4"}],"replies":[{"embeddable":true,"href":"https:\/\/moverdb.com\/sl\/wp-json\/wp\/v2\/comments?post=5518"}],"version-history":[{"count":1,"href":"https:\/\/moverdb.com\/sl\/wp-json\/wp\/v2\/pages\/5518\/revisions"}],"predecessor-version":[{"id":5519,"href":"https:\/\/moverdb.com\/sl\/wp-json\/wp\/v2\/pages\/5518\/revisions\/5519"}],"up":[{"embeddable":true,"href":"https:\/\/moverdb.com\/sl\/wp-json\/wp\/v2\/pages\/190"}],"wp:attachment":[{"href":"https:\/\/moverdb.com\/sl\/wp-json\/wp\/v2\/media?parent=5518"}],"curies":[{"name":"wp","href":"https:\/\/api.w.org\/{rel}","templated":true}]}}