{"id":5512,"date":"2023-02-01T13:54:26","date_gmt":"2023-02-01T13:54:26","guid":{"rendered":"https:\/\/moverdb.com\/?page_id=5512"},"modified":"2026-01-08T15:29:51","modified_gmt":"2026-01-08T15:29:51","slug":"burundi-podjetja-za-selitve","status":"publish","type":"page","link":"https:\/\/moverdb.com\/sl\/moving-companies\/burundi-moving-companies\/","title":{"rendered":"Najbolj\u0161a mednarodna selitvena podjetja v Burundiju"},"content":{"rendered":"<p>\u010ce \u017eelite preseliti dom ali podjetje v Burundiju, se preseliti v Burundi ali iz njega, vas bodo morda zanimale storitve <a href=\"https:\/\/moverdb.com\/sl\/moving-companies\/\" data-internallinksmanager029f6b8e52c=\"79\" title=\"Top 25 Mednarodne selitve podjetja Online\">selitev podjetja<\/a> ki vam lahko olaj\u0161a selitev. V nadaljevanju smo pripravili seznam Burundija <a href=\"https:\/\/moverdb.com\/sl\/international-removals\/\" data-internallinksmanager029f6b8e52c=\"27\" title=\"36 najbolj\u0161ih podjetij za mednarodne selitve v Zdru\u017eenem kraljestvu\">podjetja za selitve<\/a> ki so \u010dlani <a href=\"https:\/\/moverdb.com\/sl\/iam\/\" data-internallinksmanager029f6b8e52c=\"23\" title=\"Pojasnila o Mednarodnem zdru\u017eenju gibalcev (IAM)\">Mednarodno zdru\u017eenje movers<\/a> (IAM), ki vam lahko pomaga.<\/p>\n<h2><strong>Logistika velikih jezer<\/strong><\/h2>\n<p><img loading=\"lazy\" decoding=\"async\" class=\"alignnone size-full wp-image-5444\" src=\"https:\/\/moverdb.com\/wp-content\/uploads\/Great-Lakes-Logistics-international-moving-company.png\" alt=\"Velika jezera Logistika mednarodna selitev podjetje\" width=\"1440\" height=\"679\" data-wp-pid=\"5444\" srcset=\"https:\/\/moverdb.com\/wp-content\/uploads\/Great-Lakes-Logistics-international-moving-company.png 1440w, https:\/\/moverdb.com\/wp-content\/uploads\/Great-Lakes-Logistics-international-moving-company-300x141.png 300w, https:\/\/moverdb.com\/wp-content\/uploads\/Great-Lakes-Logistics-international-moving-company-1024x483.png 1024w, https:\/\/moverdb.com\/wp-content\/uploads\/Great-Lakes-Logistics-international-moving-company-18x8.png 18w, https:\/\/moverdb.com\/wp-content\/uploads\/Great-Lakes-Logistics-international-moving-company-600x283.png 600w\" sizes=\"auto, (max-width: 1440px) 100vw, 1440px\" \/><\/p>\n<ul>\n<li>Nacionalne poteze<\/li>\n<li>Mednarodne selitve<\/li>\n<li>Selitve stanovanjskih objektov<\/li>\n<li>Majhne komercialne poteze<\/li>\n<li>Cestni, \u017eelezni\u0161ki, pomorski in zra\u010dni tovorni promet<\/li>\n<li>storitve pakiranja, nakladanja in razkladanja<\/li>\n<li>Spletni inventar<\/li>\n<li>Carinjenje<\/li>\n<li>Zajema vzhodno Afriko<\/li>\n<li>Prostori za shranjevanje<\/li>\n<\/ul>\n<p>Great Lakes Logistics je podjetje za kliring, \u0161pedicijo, odpremo in skladi\u0161\u010denje, ki je bilo ustanovljeno leta 2015 v Burundiju kot podru\u017enica velikega podjetja iz Zdru\u017eenih arabskih emiratov. Opravljajo selitvene storitve v Burundiju in Ruandi, <a href=\"https:\/\/moverdb.com\/sl\/moving-companies\/moving-companies-kenya\/\" data-internallinksmanager029f6b8e52c=\"305\" title=\"4 Najbolj\u0161e mednarodne selitve podjetja v Keniji\">Kenija<\/a>, Uganda, Tanzanija, Ju\u017eni Sudan, <a href=\"https:\/\/moverdb.com\/sl\/moving-companies\/moving-companies-mozambique\/\" data-internallinksmanager029f6b8e52c=\"286\" title=\"4 Najbolj\u0161a mednarodna selitvena podjetja v Mozambiku\">Mozambik<\/a>, <a href=\"https:\/\/moverdb.com\/sl\/moving-companies\/moving-companies-malawi\/\" data-internallinksmanager029f6b8e52c=\"295\" title=\"Najbolj\u0161a mednarodna selitvena podjetja v Malavi\">Malavi<\/a>, DRK, <a href=\"https:\/\/moverdb.com\/sl\/moving-companies\/botswana-moving-companies\/\" data-internallinksmanager029f6b8e52c=\"167\" title=\"Najbolj\u0161a mednarodna selitvena podjetja v Bocvani\">Bocvana<\/a>, Angoli in Zimbabveju. Je \u010dlan zdru\u017eenja IAM s \u0161estletnim sta\u017eem.<\/p>\n<p>Podjetje Great Lakes Logistics skrbi za stanovanjske in manj\u0161e poslovne selitve, ki jih lahko opravi s cestnim, \u017eelezni\u0161kim, pomorskim in zra\u010dnim prevozom. Ponujajo razli\u010dne selitvene storitve, vklju\u010dno z natovarjanjem in raztovarjanjem, urejanjem stvari, pakiranjem, carinjenjem in skladi\u0161\u010denjem.<\/p>\n<p>Spletna stran: <a href=\"https:\/\/www.greatlakeslogistics-bu.bi\" target=\"_blank\" rel=\"noopener\">https:\/\/www.greatlakeslogistics-bu.bi<\/a><\/p>","protected":false},"excerpt":{"rendered":"<p>If you are wanting to move home or business in Burundi, move to or from Burundi, you may be interested in the services of a moving company who could ease the move for you. Below we have compiled a list of Burundi removal companies that are members of the International Association of Movers (IAM) that [&hellip;]<\/p>\n","protected":false},"author":4,"featured_media":0,"parent":190,"menu_order":0,"comment_status":"closed","ping_status":"closed","template":"","meta":{"_genesis_hide_title":false,"_genesis_hide_breadcrumbs":false,"_genesis_hide_singular_image":false,"_genesis_hide_footer_widgets":false,"_genesis_custom_body_class":"","_genesis_custom_post_class":"","_genesis_layout":"","footnotes":""},"class_list":{"0":"post-5512","1":"page","2":"type-page","3":"status-publish","5":"entry","6":"has-post-thumbnail"},"_links":{"self":[{"href":"https:\/\/moverdb.com\/sl\/wp-json\/wp\/v2\/pages\/5512","targetHints":{"allow":["GET"]}}],"collection":[{"href":"https:\/\/moverdb.com\/sl\/wp-json\/wp\/v2\/pages"}],"about":[{"href":"https:\/\/moverdb.com\/sl\/wp-json\/wp\/v2\/types\/page"}],"author":[{"embeddable":true,"href":"https:\/\/moverdb.com\/sl\/wp-json\/wp\/v2\/users\/4"}],"replies":[{"embeddable":true,"href":"https:\/\/moverdb.com\/sl\/wp-json\/wp\/v2\/comments?post=5512"}],"version-history":[{"count":2,"href":"https:\/\/moverdb.com\/sl\/wp-json\/wp\/v2\/pages\/5512\/revisions"}],"predecessor-version":[{"id":5514,"href":"https:\/\/moverdb.com\/sl\/wp-json\/wp\/v2\/pages\/5512\/revisions\/5514"}],"up":[{"embeddable":true,"href":"https:\/\/moverdb.com\/sl\/wp-json\/wp\/v2\/pages\/190"}],"wp:attachment":[{"href":"https:\/\/moverdb.com\/sl\/wp-json\/wp\/v2\/media?parent=5512"}],"curies":[{"name":"wp","href":"https:\/\/api.w.org\/{rel}","templated":true}]}}