{"id":5510,"date":"2023-02-01T12:32:51","date_gmt":"2023-02-01T12:32:51","guid":{"rendered":"https:\/\/moverdb.com\/?page_id=5510"},"modified":"2026-01-08T15:23:39","modified_gmt":"2026-01-08T15:23:39","slug":"bolgarija-podjetja-za-selitve","status":"publish","type":"page","link":"https:\/\/moverdb.com\/sl\/moving-companies\/bulgaria-moving-companies\/","title":{"rendered":"2 Najbolj\u0161a mednarodna selitvena podjetja v Bolgariji"},"content":{"rendered":"<p>\u010ce se selite v svoj dom ali podjetje v <a href=\"https:\/\/moverdb.com\/sl\/moving-to-bulgaria\/\" data-internallinksmanager029f6b8e52c=\"322\" title=\"Selitev v Bolgarijo? 2023 \u017divljenjski stro\u0161ki in nasveti za selitev\">Bolgarija<\/a>ali se selijo v Bolgarijo ali iz nje, boste morda \u017eeleli izkoristiti storitve <a href=\"https:\/\/moverdb.com\/sl\/moving-companies\/\" data-internallinksmanager029f6b8e52c=\"79\" title=\"Top 25 Mednarodne selitve podjetja Online\">selitev podjetja<\/a> za zmanj\u0161anje delovne obremenitve. V nadaljevanju smo pripravili seznam bolgarskih <a href=\"https:\/\/moverdb.com\/sl\/international-removals\/\" data-internallinksmanager029f6b8e52c=\"27\" title=\"36 najbolj\u0161ih podjetij za mednarodne selitve v Zdru\u017eenem kraljestvu\">podjetja za selitve<\/a> ki so \u010dlani <a href=\"https:\/\/moverdb.com\/sl\/iam\/\" data-internallinksmanager029f6b8e52c=\"23\" title=\"Pojasnila o Mednarodnem zdru\u017eenju gibalcev (IAM)\">Mednarodno zdru\u017eenje movers<\/a> (IAM) in\/ali <a href=\"https:\/\/moverdb.com\/sl\/fidi-faim\/\" data-internallinksmanager029f6b8e52c=\"16\" title=\"Pojasnila o FIDI in FAIM (FIDI Accredited International Mover)\">FIDI<\/a> Akreditirani mednarodni selitveni delavci (FAIM), ki vam lahko pomagajo.<\/p>\n<h2><strong>1. Movega<\/strong><\/h2>\n<p><img loading=\"lazy\" decoding=\"async\" class=\"alignnone size-full wp-image-5463\" src=\"https:\/\/moverdb.com\/wp-content\/uploads\/Movega-international-moving-company.png\" alt=\"Movega mednarodno gibljejo podjetje\" width=\"1440\" height=\"678\" data-wp-pid=\"5463\" srcset=\"https:\/\/moverdb.com\/wp-content\/uploads\/Movega-international-moving-company.png 1440w, https:\/\/moverdb.com\/wp-content\/uploads\/Movega-international-moving-company-300x141.png 300w, https:\/\/moverdb.com\/wp-content\/uploads\/Movega-international-moving-company-1024x482.png 1024w, https:\/\/moverdb.com\/wp-content\/uploads\/Movega-international-moving-company-18x8.png 18w, https:\/\/moverdb.com\/wp-content\/uploads\/Movega-international-moving-company-600x283.png 600w\" sizes=\"auto, (max-width: 1440px) 100vw, 1440px\" \/><\/p>\n<ul>\n<li>Nacionalne poteze<\/li>\n<li>Evropske selitve<\/li>\n<li>Selitve gospodinjstev<\/li>\n<li>Selitve pisarn<\/li>\n<li>Storitve polne in delne obremenitve<\/li>\n<li>Popusti za rezervacijo ve\u010d vozil<\/li>\n<li>Pakiranje in razpakiranje<\/li>\n<li>Spletna platforma za anketiranje za oceno va\u0161ih zahtev<\/li>\n<li>Lahko zagotovi zunanje dvigalo<\/li>\n<li>Re\u0161itve za shranjevanje<\/li>\n<\/ul>\n<p>Movega je selitveno podjetje s sede\u017eem v Varni, ki ponuja selitvene storitve v Bolgariji in Evropi. Pri opravljanju storitev na mednarodni ravni sodelujejo s partnerji, ki se ukvarjajo s selitvami. Poskrbijo za selitve gospodinjstev in pisarn ter so \u010dlani zdru\u017eenja IAM z dvoletnim delovanjem.<\/p>\n<p>Movega ponuja izbiro selitvenih storitev, pri katerih lahko uporabite celoten ali delni tovor ali dobite popuste za ve\u010d vozil. S spletno platformo za anketiranje vam pomagajo oceniti va\u0161e zahteve glede selitve. Ponujajo prevozne storitve ter celovito pakiranje in razpakiranje. Imajo raznolik vozni park, vklju\u010dno z zunanjim dvigalom za prevoz velikega pohi\u0161tva skozi okna in balkone.<\/p>\n<p>Spletna stran: <a href=\"http:\/\/movega.co.uk\" target=\"_blank\" rel=\"noopener\">http:\/\/movega.co.uk<\/a><\/p>\n<h2><strong>2. Orbita<\/strong><\/h2>\n<p><img loading=\"lazy\" decoding=\"async\" class=\"alignnone size-full wp-image-5470\" src=\"https:\/\/moverdb.com\/wp-content\/uploads\/Orbit-international-moving-company.png\" alt=\"Orbit mednarodno gibljejo podjetje\" width=\"1440\" height=\"684\" data-wp-pid=\"5470\" srcset=\"https:\/\/moverdb.com\/wp-content\/uploads\/Orbit-international-moving-company.png 1440w, https:\/\/moverdb.com\/wp-content\/uploads\/Orbit-international-moving-company-300x143.png 300w, https:\/\/moverdb.com\/wp-content\/uploads\/Orbit-international-moving-company-1024x486.png 1024w, https:\/\/moverdb.com\/wp-content\/uploads\/Orbit-international-moving-company-18x9.png 18w, https:\/\/moverdb.com\/wp-content\/uploads\/Orbit-international-moving-company-600x285.png 600w\" sizes=\"auto, (max-width: 1440px) 100vw, 1440px\" \/><\/p>\n<ul>\n<li>Nacionalne poteze<\/li>\n<li>Mednarodne selitve<\/li>\n<li>Selitve gospodinjstev<\/li>\n<li>Komercialna logistika<\/li>\n<li>Osebni pristop<\/li>\n<li>Kopenski, pomorski in zra\u010dni prevoz<\/li>\n<li>Carinska agencija<\/li>\n<li>Pakiranje in razpakiranje<\/li>\n<li>Prevoz umetnosti<\/li>\n<li>Spremljanje in zavarovanje prevoza<\/li>\n<\/ul>\n<p>Orbit je \u0161pedicijsko in transportno podjetje s sede\u017eem v Sofiji, ki \u017ee ve\u010d kot 25 let pomaga ljudem pri selitvah v Bolgariji in po svetu. Je del skupine Orphee Beinoglou, ki ima podru\u017enice po vsej Evropi, s katerimi sodeluje, in drugih partnerjev pri selitvah, da bi zagotovili selitve v mednarodnem okolju. So \u010dlani zdru\u017eenja IAM z 28-letno tradicijo in so akreditirani pri FIDI.<\/p>\n<p>Orbit zagotavlja osebne storitve, vklju\u010dno z za\u010detnim pregledom, na\u010drtovanjem selitve po kopnem, morju ali zraku, varnim pakiranjem in razpakiranjem va\u0161ih stvari ter urejanjem carinjenja. Zagotavljajo vam mir z zavarovanjem prevoza va\u0161ih stvari in sledenjem po\u0161iljki.<\/p>\n<p>Spletna stran: <a href=\"http:\/\/www.orbit.bg\" target=\"_blank\" rel=\"noopener\">http:\/\/www.orbit.bg<\/a><\/p>\n<h2>Drugi uporabni vodniki za Bolgarijo<\/h2>\n<ul>\n<li> <a href=\"https:\/\/moverdb.com\/sl\/moving-to-bulgaria\/\">Selitev v Bolgarijo? 2023 \u017divljenjski stro\u0161ki in nasveti za selitev<\/a><\/li>\n<li> <a href=\"https:\/\/moverdb.com\/sl\/moving-to-bulgaria\/best-places-to-live-bulgaria\/\">13 najbolj\u0161ih mest za \u017eivljenje v Bolgariji<\/a><\/li>\n<\/ul>","protected":false},"excerpt":{"rendered":"<p>If you are moving home or your business in Bulgaria, or moving to or from Bulgaria, then you may want to engage the services of a moving company to reduce the workload. Below we have compiled a list of Bulgarian removal companies that are members of the International Association of Movers (IAM) and\/or FIDI Accredited [&hellip;]<\/p>\n","protected":false},"author":4,"featured_media":0,"parent":190,"menu_order":0,"comment_status":"closed","ping_status":"closed","template":"","meta":{"_genesis_hide_title":false,"_genesis_hide_breadcrumbs":false,"_genesis_hide_singular_image":false,"_genesis_hide_footer_widgets":false,"_genesis_custom_body_class":"","_genesis_custom_post_class":"","_genesis_layout":"","footnotes":""},"class_list":{"0":"post-5510","1":"page","2":"type-page","3":"status-publish","5":"entry","6":"has-post-thumbnail"},"_links":{"self":[{"href":"https:\/\/moverdb.com\/sl\/wp-json\/wp\/v2\/pages\/5510","targetHints":{"allow":["GET"]}}],"collection":[{"href":"https:\/\/moverdb.com\/sl\/wp-json\/wp\/v2\/pages"}],"about":[{"href":"https:\/\/moverdb.com\/sl\/wp-json\/wp\/v2\/types\/page"}],"author":[{"embeddable":true,"href":"https:\/\/moverdb.com\/sl\/wp-json\/wp\/v2\/users\/4"}],"replies":[{"embeddable":true,"href":"https:\/\/moverdb.com\/sl\/wp-json\/wp\/v2\/comments?post=5510"}],"version-history":[{"count":3,"href":"https:\/\/moverdb.com\/sl\/wp-json\/wp\/v2\/pages\/5510\/revisions"}],"predecessor-version":[{"id":16292,"href":"https:\/\/moverdb.com\/sl\/wp-json\/wp\/v2\/pages\/5510\/revisions\/16292"}],"up":[{"embeddable":true,"href":"https:\/\/moverdb.com\/sl\/wp-json\/wp\/v2\/pages\/190"}],"wp:attachment":[{"href":"https:\/\/moverdb.com\/sl\/wp-json\/wp\/v2\/media?parent=5510"}],"curies":[{"name":"wp","href":"https:\/\/api.w.org\/{rel}","templated":true}]}}