{"id":5374,"date":"2022-11-12T18:07:51","date_gmt":"2022-11-12T18:07:51","guid":{"rendered":"https:\/\/moverdb.com\/?page_id=5374"},"modified":"2026-01-08T14:38:42","modified_gmt":"2026-01-08T14:38:42","slug":"trinidad-in-tobago","status":"publish","type":"page","link":"https:\/\/moverdb.com\/sl\/container-shipping\/trinidad-and-tobago\/","title":{"rendered":"2022 Cene pomorskega prevoza zabojnikov v Trinidad in Tobago in iz njega"},"content":{"rendered":"<div class=\"wp-block-image\">\n<figure class=\"aligncenter size-full\"><img loading=\"lazy\" decoding=\"async\" width=\"1000\" height=\"662\" src=\"https:\/\/moverdb.com\/wp-content\/uploads\/trinidad-and-tobago.jpg\" alt=\"Pe\u0161\u010dena pla\u017ea s palmami v Trinidadu in Tobagu\" class=\"wp-image-5361\" srcset=\"https:\/\/moverdb.com\/wp-content\/uploads\/trinidad-and-tobago.jpg 1000w, https:\/\/moverdb.com\/wp-content\/uploads\/trinidad-and-tobago-300x200.jpg 300w, https:\/\/moverdb.com\/wp-content\/uploads\/trinidad-and-tobago-18x12.jpg 18w, https:\/\/moverdb.com\/wp-content\/uploads\/trinidad-and-tobago-600x397.jpg 600w\" sizes=\"auto, (max-width: 1000px) 100vw, 1000px\" \/><\/figure>\n<\/div>\n\n\n<p><strong>Trinidad in Tobago<\/strong> je \u0161e en karibski dragulj, ki privla\u010di s tropskimi pla\u017eami in \u017eivahnimi kulturnimi to\u010dkami. Ta dvojna oto\u0161ka dr\u017eava je blizu Srednje in Ju\u017ene Amerike, zato so mo\u017enosti za potovanje \u0161tevilne in priro\u010dne.<\/p>\n\n\n\n<p>Ta priljubljen otok je znan po razburljivem no\u010dnem \u017eivljenju in obilici drugih zabavnih dejavnosti. Njegova infrastruktura je dobro razvita, \u017eivljenjski stro\u0161ki pa so nizki. Zato se \u0161tevilni izseljenci iz okoli\u0161kih dr\u017eav in od drugod odlo\u010dijo dati Trinidadu in Tobagu prilo\u017enost in se preselijo tja.<\/p>\n\n\n\n<p>Preden to storite, si oglejte, koliko stane prevoz gospodinjskih predmetov v Trinidad in Tobago ali iz njega.<\/p>\n\n\n\n<p>Najni\u017eja vrednost Trinidad in Tobago <a href=\"https:\/\/moverdb.com\/sl\/container-shipping\/\" data-internallinksmanager029f6b8e52c=\"3\" title=\"Mednarodni cenik prevozov zabojnikov: april 2026\">cene prevoza zabojnikov<\/a> v nadaljevanju so navedeni podatki za po\u0161iljanje 20' ali 40' zabojnika v dr\u017eavo ali iz nje. \u010ceprav so mo\u017enosti precej omejene, saj dr\u017eava ni tako pogosto obiskana s tovornimi ladjami.<\/p>\n\n\n\n<h2 class=\"wp-block-heading\">Stro\u0161ki po\u0161iljanja zabojnikov v Trinidad in Tobago (Port of Spain)<\/h2>\n\n\n<div class=\"wp-block-image\">\n<figure class=\"aligncenter size-large\"><img loading=\"lazy\" decoding=\"async\" width=\"1024\" height=\"539\" src=\"https:\/\/moverdb.com\/wp-content\/uploads\/Shipping-Container-Costs-to-Trinidad-and-Tobago-1024x539.png\" alt=\"Stro\u0161ki po\u0161iljanja zabojnikov v Trinidad in Tobago (Port of Spain)\" class=\"wp-image-5364\" srcset=\"https:\/\/moverdb.com\/wp-content\/uploads\/Shipping-Container-Costs-to-Trinidad-and-Tobago-1024x539.png 1024w, https:\/\/moverdb.com\/wp-content\/uploads\/Shipping-Container-Costs-to-Trinidad-and-Tobago-300x158.png 300w, https:\/\/moverdb.com\/wp-content\/uploads\/Shipping-Container-Costs-to-Trinidad-and-Tobago-1536x809.png 1536w, https:\/\/moverdb.com\/wp-content\/uploads\/Shipping-Container-Costs-to-Trinidad-and-Tobago-18x9.png 18w, https:\/\/moverdb.com\/wp-content\/uploads\/Shipping-Container-Costs-to-Trinidad-and-Tobago-600x316.png 600w, https:\/\/moverdb.com\/wp-content\/uploads\/Shipping-Container-Costs-to-Trinidad-and-Tobago.png 2000w\" sizes=\"auto, (max-width: 1024px) 100vw, 1024px\" \/><\/figure>\n<\/div>\n\n\n<table id=\"tablepress-222\" class=\"tablepress tablepress-id-222\">\n<thead>\n<tr class=\"row-1\">\n\t<th class=\"column-1\">Namembna dr\u017eava (<a href=\"https:\/\/moverdb.com\/sl\/top-49-container-ports\/\" data-internallinksmanager029f6b8e52c=\"80\" title=\"Top 49 najve\u010djih in najbolj obremenjenih pristani\u0161\u010d za kontejnerje v letu 2025\">Pristani\u0161\u010de<\/a>\/Mesto)<\/th><th class=\"column-2\">20FT<\/th><th class=\"column-3\">40FT<\/th>\n<\/tr>\n<\/thead>\n<tbody class=\"row-striping row-hover\">\n<tr class=\"row-2\">\n\t<td class=\"column-1\"><a href=\"https:\/\/moverdb.com\/sl\/container-shipping\/andorra\/\" data-internallinksmanager029f6b8e52c=\"88\" title=\"2022 Cene pomorskega prevoza zabojnikov v Andoro in iz nje\">Andora (Andorra la Vella)<\/a><\/td><td class=\"column-2\">$4,035<\/td><td class=\"column-3\">$5,908<\/td>\n<\/tr>\n<tr class=\"row-3\">\n\t<td class=\"column-1\"><a href=\"https:\/\/moverdb.com\/sl\/container-shipping\/argentina\/\" data-internallinksmanager029f6b8e52c=\"91\" title=\"2022 Cene pomorskega prevoza zabojnikov v Argentino in iz nje\">Argentina (Buenos Aires)<\/a><\/td><td class=\"column-2\">$600<\/td><td class=\"column-3\">$801<\/td>\n<\/tr>\n<tr class=\"row-4\">\n\t<td class=\"column-1\"><a href=\"https:\/\/moverdb.com\/sl\/container-shipping\/aruba\/\" data-internallinksmanager029f6b8e52c=\"90\" title=\"2022 Cene pomorskega prevoza zabojnikov v Arubo in iz nje\">Aruba (Oranjestad)<\/a><\/td><td class=\"column-2\">$600<\/td><td class=\"column-3\">$801<\/td>\n<\/tr>\n<tr class=\"row-5\">\n\t<td class=\"column-1\"><a href=\"https:\/\/moverdb.com\/sl\/container-shipping\/australia\/\" data-internallinksmanager029f6b8e52c=\"89\" title=\"2026 Cene prevoza zabojnikov v Avstralijo in iz nje\">Avstralija (Sydney)<\/a><\/td><td class=\"column-2\">$10,171<\/td><td class=\"column-3\">NI RELEVANTNO<\/td>\n<\/tr>\n<tr class=\"row-6\">\n\t<td class=\"column-1\"><a href=\"https:\/\/moverdb.com\/sl\/container-shipping\/austria\/\" data-internallinksmanager029f6b8e52c=\"95\" title=\"2022 Cene pomorskega prevoza zabojnikov v Avstrijo in iz nje\">Avstrija (Dunaj)<\/a><\/td><td class=\"column-2\">$4,022<\/td><td class=\"column-3\">NI RELEVANTNO<\/td>\n<\/tr>\n<tr class=\"row-7\">\n\t<td class=\"column-1\"><a href=\"https:\/\/moverdb.com\/sl\/container-shipping\/belize\/\" data-internallinksmanager029f6b8e52c=\"137\" title=\"2022 Cene pomorskega prevoza zabojnikov v Belize in iz njega\">Belize (Belize City)<\/a><\/td><td class=\"column-2\">$1,760<\/td><td class=\"column-3\">$1,806<\/td>\n<\/tr>\n<tr class=\"row-8\">\n\t<td class=\"column-1\"><a href=\"https:\/\/moverdb.com\/sl\/container-shipping\/brazil\/\" data-internallinksmanager029f6b8e52c=\"98\" title=\"2022 Cene pomorskega prevoza zabojnikov v Brazilijo in iz nje\">Brazilija (Santos)<\/a><\/td><td class=\"column-2\">$2,948<\/td><td class=\"column-3\">$3,161<\/td>\n<\/tr>\n<tr class=\"row-9\">\n\t<td class=\"column-1\"><a href=\"https:\/\/moverdb.com\/sl\/container-shipping\/brunei\/\" data-internallinksmanager029f6b8e52c=\"100\" title=\"2022 Cene pomorskega prevoza zabojnikov v Brunej in iz njega\">Brunej (Muara)<\/a><\/td><td class=\"column-2\">$7,403<\/td><td class=\"column-3\">$7,801<\/td>\n<\/tr>\n<tr class=\"row-10\">\n\t<td class=\"column-1\"><a href=\"https:\/\/moverdb.com\/sl\/container-shipping\/chile\/\" data-internallinksmanager029f6b8e52c=\"104\" title=\"2022 Cene pomorskega prevoza zabojnikov v \u010cile in iz njega\">\u010cile (San Antonio)<\/a><\/td><td class=\"column-2\">$1,887<\/td><td class=\"column-3\">$2,709<\/td>\n<\/tr>\n<tr class=\"row-11\">\n\t<td class=\"column-1\"><a href=\"https:\/\/moverdb.com\/sl\/container-shipping\/china\/\" data-internallinksmanager029f6b8e52c=\"105\" title=\"2022 Cene pomorskega prevoza zabojnikov v in iz Kitajske\">Kitajska (Peking)<\/a><\/td><td class=\"column-2\">$3,457<\/td><td class=\"column-3\">$3,026<\/td>\n<\/tr>\n<tr class=\"row-12\">\n\t<td class=\"column-1\">Kitajska (\u0160anghaj)<\/td><td class=\"column-2\">$4,895<\/td><td class=\"column-3\">$4,512<\/td>\n<\/tr>\n<tr class=\"row-13\">\n\t<td class=\"column-1\"><a href=\"https:\/\/moverdb.com\/sl\/container-shipping\/colombia\/\" data-internallinksmanager029f6b8e52c=\"106\" title=\"2022 Cene pomorskega prevoza zabojnikov v Kolumbijo in iz nje\">Kolumbija (Barranquilla)<\/a><\/td><td class=\"column-2\">$1,117<\/td><td class=\"column-3\">$1,775<\/td>\n<\/tr>\n<tr class=\"row-14\">\n\t<td class=\"column-1\"><a href=\"https:\/\/moverdb.com\/sl\/container-shipping\/costa-rica\/\" data-internallinksmanager029f6b8e52c=\"138\" title=\"2022 Cene pomorskega prevoza zabojnikov v Kostariko in iz nje\">Kostarika (Limon)<\/a><\/td><td class=\"column-2\">$1,540<\/td><td class=\"column-3\">$2,048<\/td>\n<\/tr>\n<tr class=\"row-15\">\n\t<td class=\"column-1\"><a href=\"https:\/\/moverdb.com\/sl\/container-shipping\/dominican-republic\/\" data-internallinksmanager029f6b8e52c=\"112\" title=\"2022 Cene pomorskega prevoza zabojnikov v Dominikansko republiko in iz nje\">Dominikanska republika (Santo Domingo)<\/a><\/td><td class=\"column-2\">$616<\/td><td class=\"column-3\">$1,360<\/td>\n<\/tr>\n<tr class=\"row-16\">\n\t<td class=\"column-1\"><a href=\"https:\/\/moverdb.com\/sl\/container-shipping\/germany\/\" data-internallinksmanager029f6b8e52c=\"118\" title=\"2022 Cene pomorskega prevoza zabojnikov v Nem\u010dijo in iz nje\">Nem\u010dija (Hamburg)<\/a><\/td><td class=\"column-2\">$2,167<\/td><td class=\"column-3\">$2,982<\/td>\n<\/tr>\n<tr class=\"row-17\">\n\t<td class=\"column-1\"><a href=\"https:\/\/moverdb.com\/sl\/container-shipping\/greece\/\" data-internallinksmanager029f6b8e52c=\"120\" title=\"2022 Cene pomorskega prevoza zabojnikov v Gr\u010dijo in iz nje\">Gr\u010dija (Pirej)<\/a><\/td><td class=\"column-2\">$2,306<\/td><td class=\"column-3\">$2,886<\/td>\n<\/tr>\n<tr class=\"row-18\">\n\t<td class=\"column-1\"><a href=\"https:\/\/moverdb.com\/sl\/container-shipping\/guernsey\/\" data-internallinksmanager029f6b8e52c=\"121\" title=\"2022 Cene pomorskega prevoza zabojnikov v Guernsey in iz njega\">Guernsey (St Peter Port)<\/a><\/td><td class=\"column-2\">$2,499<\/td><td class=\"column-3\">$3,484<\/td>\n<\/tr>\n<tr class=\"row-19\">\n\t<td class=\"column-1\"><a href=\"https:\/\/moverdb.com\/sl\/container-shipping\/haiti\/\" data-internallinksmanager029f6b8e52c=\"122\" title=\"2022 Cene pomorskega prevoza zabojnikov v Haiti in iz njega\">Haiti (Port-au-Prince)<\/a><\/td><td class=\"column-2\">$616<\/td><td class=\"column-3\">$1,360<\/td>\n<\/tr>\n<tr class=\"row-20\">\n\t<td class=\"column-1\"><a href=\"https:\/\/moverdb.com\/sl\/container-shipping\/hong-kong\/\" data-internallinksmanager029f6b8e52c=\"123\" title=\"2022 Cene pomorskega prevoza zabojnikov v Hongkong in iz njega\">Hongkong (Hongkong)<\/a><\/td><td class=\"column-2\">$11,550<\/td><td class=\"column-3\">$11,750<\/td>\n<\/tr>\n<tr class=\"row-21\">\n\t<td class=\"column-1\"><a href=\"https:\/\/moverdb.com\/sl\/container-shipping\/india\/\" data-internallinksmanager029f6b8e52c=\"125\" title=\"2022 Cene pomorskega prevoza zabojnikov v Indijo in iz nje\">Indija (Mumbaj)<\/a><\/td><td class=\"column-2\">$3,025<\/td><td class=\"column-3\">$3,833<\/td>\n<\/tr>\n<tr class=\"row-22\">\n\t<td class=\"column-1\"><a href=\"https:\/\/moverdb.com\/sl\/container-shipping\/indonesia\/\" data-internallinksmanager029f6b8e52c=\"126\" title=\"2022 Cene pomorskega prevoza zabojnikov v Indonezijo in iz nje\">Indonezija (D\u017eakarta)<\/a><\/td><td class=\"column-2\">$3,827<\/td><td class=\"column-3\">$3,425<\/td>\n<\/tr>\n<tr class=\"row-23\">\n\t<td class=\"column-1\"><a href=\"https:\/\/moverdb.com\/sl\/container-shipping\/isle-of-man\/\" data-internallinksmanager029f6b8e52c=\"128\" title=\"2022 Cene pomorskega prevoza zabojnikov v in iz otoka Man\">Otok Man (Douglas)<\/a><\/td><td class=\"column-2\">$2,255<\/td><td class=\"column-3\">$3,119<\/td>\n<\/tr>\n<tr class=\"row-24\">\n\t<td class=\"column-1\"><a href=\"https:\/\/moverdb.com\/sl\/container-shipping\/italy\/\" data-internallinksmanager029f6b8e52c=\"130\" title=\"2022 Cene pomorskega prevoza zabojnikov v Italijo in iz nje\">Italija (Trst)<\/a><\/td><td class=\"column-2\">$1,672<\/td><td class=\"column-3\">$1,670<\/td>\n<\/tr>\n<tr class=\"row-25\">\n\t<td class=\"column-1\"><a href=\"https:\/\/moverdb.com\/sl\/container-shipping\/japan\/\" data-internallinksmanager029f6b8e52c=\"131\" title=\"2022 Cene pomorskega prevoza zabojnikov na Japonsko in z Japonske\">Japonska (Tokio)<\/a><\/td><td class=\"column-2\">$7,222<\/td><td class=\"column-3\">$7,454<\/td>\n<\/tr>\n<tr class=\"row-26\">\n\t<td class=\"column-1\"><a href=\"https:\/\/moverdb.com\/sl\/container-shipping\/jersey\/\" data-internallinksmanager029f6b8e52c=\"132\" title=\"2022 Cene pomorskega prevoza zabojnikov v Jersey in iz njega\">Jersey (St Helier)<\/a><\/td><td class=\"column-2\">$2,499<\/td><td class=\"column-3\">$3,484<\/td>\n<\/tr>\n<tr class=\"row-27\">\n\t<td class=\"column-1\"><a href=\"https:\/\/moverdb.com\/sl\/moving-to-luxembourg\/\" data-internallinksmanager029f6b8e52c=\"349\" title=\"Selitev v Luksemburg? 2023 \u017divljenjski stro\u0161ki in nasveti za selitev\">Luksemburg<\/a><\/td><td class=\"column-2\">$1,188<\/td><td class=\"column-3\">$1,845<\/td>\n<\/tr>\n<tr class=\"row-28\">\n\t<td class=\"column-1\"><a href=\"https:\/\/moverdb.com\/sl\/container-shipping\/pakistan\/\" data-internallinksmanager029f6b8e52c=\"155\" title=\"2022 Cene pomorskega prevoza zabojnikov v Pakistan in iz njega\">Pakistan (Kara\u010di)<\/a><\/td><td class=\"column-2\">$9,839<\/td><td class=\"column-3\">$10,678<\/td>\n<\/tr>\n<tr class=\"row-29\">\n\t<td class=\"column-1\"><a href=\"https:\/\/moverdb.com\/sl\/container-shipping\/spain\/\" data-internallinksmanager029f6b8e52c=\"182\" title=\"2022 Cene pomorskega prevoza zabojnikov v \u0160panijo in iz nje\">\u0160panija (Valencia)<\/a><\/td><td class=\"column-2\">$7,997<\/td><td class=\"column-3\">$11,762<\/td>\n<\/tr>\n<tr class=\"row-30\">\n\t<td class=\"column-1\"><a href=\"https:\/\/moverdb.com\/sl\/container-shipping\/thailand\/\" data-internallinksmanager029f6b8e52c=\"189\" title=\"2022 Cene pomorskega prevoza zabojnikov na Tajsko in iz Tajske\">Tajska (Laem Chabang)<\/a><\/td><td class=\"column-2\">$8,550<\/td><td class=\"column-3\">NI RELEVANTNO<\/td>\n<\/tr>\n<tr class=\"row-31\">\n\t<td class=\"column-1\"><a href=\"https:\/\/moverdb.com\/sl\/moving-to-the-united-states\/\" data-internallinksmanager029f6b8e52c=\"94\" title=\"Selitev v Zdru\u017eene dr\u017eave Amerike? 2022 \u017divljenjski stro\u0161ki in nasveti za selitev\">ZDA<\/a> (<a href=\"https:\/\/moverdb.com\/sl\/moving-to-los-angeles\/\" data-internallinksmanager029f6b8e52c=\"51\" title=\"Selitev v Los Angeles? 2026 Stro\u0161ki bivanja v Los Angelesu in nasveti za selitev\">Los Angeles<\/a>)<\/td><td class=\"column-2\">$1,123<\/td><td class=\"column-3\">$1,336<\/td>\n<\/tr>\n<tr class=\"row-32\">\n\t<td class=\"column-1\"><a href=\"https:\/\/moverdb.com\/sl\/container-shipping\/united-states\/\" data-internallinksmanager029f6b8e52c=\"87\" title=\"2022 Cene pomorskega prevoza zabojnikov v ZDA in iz njih\">ZDA (New York)<\/a><\/td><td class=\"column-2\">$1,333<\/td><td class=\"column-3\">$1,679<\/td>\n<\/tr>\n<\/tbody>\n<\/table>\n<!-- #tablepress-222 from cache -->\n\n\n\n<h2 class=\"wp-block-heading\">Stro\u0161ki po\u0161iljanja zabojnikov iz Trinidada in Tobaga (Port of Spain)<\/h2>\n\n\n<div class=\"wp-block-image\">\n<figure class=\"aligncenter size-large\"><img loading=\"lazy\" decoding=\"async\" width=\"1024\" height=\"539\" src=\"https:\/\/moverdb.com\/wp-content\/uploads\/Shipping-Container-Costs-from-Trinidad-and-Tobago-1024x539.png\" alt=\"Stro\u0161ki po\u0161iljanja zabojnikov iz Trinidada in Tobaga (Port of Spain)\" class=\"wp-image-5362\" srcset=\"https:\/\/moverdb.com\/wp-content\/uploads\/Shipping-Container-Costs-from-Trinidad-and-Tobago-1024x539.png 1024w, https:\/\/moverdb.com\/wp-content\/uploads\/Shipping-Container-Costs-from-Trinidad-and-Tobago-300x158.png 300w, https:\/\/moverdb.com\/wp-content\/uploads\/Shipping-Container-Costs-from-Trinidad-and-Tobago-1536x809.png 1536w, https:\/\/moverdb.com\/wp-content\/uploads\/Shipping-Container-Costs-from-Trinidad-and-Tobago-18x9.png 18w, https:\/\/moverdb.com\/wp-content\/uploads\/Shipping-Container-Costs-from-Trinidad-and-Tobago-600x316.png 600w, https:\/\/moverdb.com\/wp-content\/uploads\/Shipping-Container-Costs-from-Trinidad-and-Tobago.png 2000w\" sizes=\"auto, (max-width: 1024px) 100vw, 1024px\" \/><\/figure>\n<\/div>\n\n\n<table id=\"tablepress-219\" class=\"tablepress tablepress-id-219\">\n<thead>\n<tr class=\"row-1\">\n\t<th class=\"column-1\">Namembna dr\u017eava (pristani\u0161\u010de\/mesto)<\/th><th class=\"column-2\">20FT<\/th><th class=\"column-3\">40FT<\/th>\n<\/tr>\n<\/thead>\n<tbody class=\"row-striping row-hover\">\n<tr class=\"row-2\">\n\t<td class=\"column-1\">Avstralija (Sydney)<\/td><td class=\"column-2\">$1,825<\/td><td class=\"column-3\">NI RELEVANTNO<\/td>\n<\/tr>\n<tr class=\"row-3\">\n\t<td class=\"column-1\">Avstrija (Dunaj)<\/td><td class=\"column-2\">$250<\/td><td class=\"column-3\">$250<\/td>\n<\/tr>\n<tr class=\"row-4\">\n\t<td class=\"column-1\">Brazilija (Santos)<\/td><td class=\"column-2\">$660<\/td><td class=\"column-3\">$1,082<\/td>\n<\/tr>\n<tr class=\"row-5\">\n\t<td class=\"column-1\"><a href=\"https:\/\/moverdb.com\/sl\/container-shipping\/british-virgin-islands\/\" data-internallinksmanager029f6b8e52c=\"99\" title=\"2022 Cene pomorskega prevoza zabojnikov na Britanske Devi\u0161ke otoke in z njih\">Britanski Devi\u0161ki otoki (Road Town)<\/a><\/td><td class=\"column-2\">$1,188<\/td><td class=\"column-3\">$1,418<\/td>\n<\/tr>\n<tr class=\"row-6\">\n\t<td class=\"column-1\">\u010cile (San Antonio)<\/td><td class=\"column-2\">$1,452<\/td><td class=\"column-3\">$1,722<\/td>\n<\/tr>\n<tr class=\"row-7\">\n\t<td class=\"column-1\">Kitajska (\u0160anghaj)<\/td><td class=\"column-2\">$950<\/td><td class=\"column-3\">$1,111<\/td>\n<\/tr>\n<tr class=\"row-8\">\n\t<td class=\"column-1\">Kolumbija (Barranquilla)<\/td><td class=\"column-2\">$979<\/td><td class=\"column-3\">$1,397<\/td>\n<\/tr>\n<tr class=\"row-9\">\n\t<td class=\"column-1\">Kostarika (Limon)<\/td><td class=\"column-2\">$1,617<\/td><td class=\"column-3\">$2,079<\/td>\n<\/tr>\n<tr class=\"row-10\">\n\t<td class=\"column-1\"><a href=\"https:\/\/moverdb.com\/sl\/container-shipping\/croatia\/\" data-internallinksmanager029f6b8e52c=\"107\" title=\"2022 Cene pomorskega prevoza zabojnikov na Hrva\u0161ko in iz nje\">Hrva\u0161ka (Reka)<\/a><\/td><td class=\"column-2\">$1,672<\/td><td class=\"column-3\">$1,670<\/td>\n<\/tr>\n<tr class=\"row-11\">\n\t<td class=\"column-1\">Dominikanska republika (Santo Domingo)<\/td><td class=\"column-2\">$913<\/td><td class=\"column-3\">$1,313<\/td>\n<\/tr>\n<tr class=\"row-12\">\n\t<td class=\"column-1\">Haiti (Port-au-Prince)<\/td><td class=\"column-2\">$913<\/td><td class=\"column-3\">$1,313<\/td>\n<\/tr>\n<tr class=\"row-13\">\n\t<td class=\"column-1\">Hongkong (Hongkong)<\/td><td class=\"column-2\">$886<\/td><td class=\"column-3\">$1,111<\/td>\n<\/tr>\n<tr class=\"row-14\">\n\t<td class=\"column-1\">Indija (Mumbaj)<\/td><td class=\"column-2\">$1,606<\/td><td class=\"column-3\">$2,289<\/td>\n<\/tr>\n<tr class=\"row-15\">\n\t<td class=\"column-1\">Indonezija (D\u017eakarta)<\/td><td class=\"column-2\">$1,012<\/td><td class=\"column-3\">$1,353<\/td>\n<\/tr>\n<tr class=\"row-16\">\n\t<td class=\"column-1\">Japonska (Tokio)<\/td><td class=\"column-2\">$886<\/td><td class=\"column-3\">$1,353<\/td>\n<\/tr>\n<tr class=\"row-17\">\n\t<td class=\"column-1\">Luksemburg<\/td><td class=\"column-2\">$1,291<\/td><td class=\"column-3\">$1,588<\/td>\n<\/tr>\n<\/tbody>\n<\/table>\n<!-- #tablepress-219 from cache -->\n\n\n\n<h3 class=\"wp-block-heading\">Opombe o podatkih:<\/h3>\n\n\n\n<ul class=\"wp-block-list\">\n<li>Vse \u0161tevilke $ so v ameri\u0161kih dolarjih (USD);<\/li>\n\n\n\n<li>Cene so to\u010dne od za\u010detka leta 2022;<\/li>\n\n\n\n<li>Zemljevidi v tem \u010dlanku so bili ustvarjeni z uporabo <a href=\"https:\/\/www.mapchart.net\" target=\"_blank\" rel=\"noreferrer noopener\">https:\/\/www.mapchart.net<\/a>. Zemljevide lahko prosto delite, \u010de navedete povezavo do <a href=\"https:\/\/moverdb.com\/sl\/\" target=\"_blank\" rel=\"noreferrer noopener\">MoverDB<\/a>;<\/li>\n\n\n\n<li>Zgoraj navedene cene so le okvirne in se lahko od objave tega \u010dlanka (april 2022) spremenijo. Temeljijo na najni\u017eji ocenjeni stopnji iz <a href=\"https:\/\/www.searates.com\" target=\"_blank\" rel=\"noreferrer noopener\">https:\/\/www.searates.com<\/a> ali <a href=\"https:\/\/www.gocomet.com\/freight-shipping-rates-index-calculator\" target=\"_blank\" rel=\"noreferrer noopener\">https:\/\/www.gocomet.com<\/a>;<\/li>\n\n\n\n<li>\u010ce \u017eelite dobiti natan\u010dnej\u0161o predstavo o stro\u0161kih, uporabite obrazec za ponudbo na vrhu te strani;<\/li>\n\n\n\n<li>Oglejte si tudi na\u0161 vodnik po <a href=\"https:\/\/moverdb.com\/sl\/kontejnersko-posiljanje\/\" target=\"_blank\" rel=\"noreferrer noopener\">mednarodni kontejnerski prevoz<\/a>.<\/li>\n<\/ul>","protected":false},"excerpt":{"rendered":"<p>Trinidad and Tobago is another Caribbean jewel that attracts with its tropical beaches and vibrant cultural hotspots. This dual island country is close to both Central and South America so the travel opportunities are numerous and convenient. This popular island is known for its exciting nightlife and an abundance of other entertaining pursuits. Its infrastructure [&hellip;]<\/p>\n","protected":false},"author":2,"featured_media":5361,"parent":44,"menu_order":0,"comment_status":"closed","ping_status":"closed","template":"","meta":{"_genesis_hide_title":false,"_genesis_hide_breadcrumbs":false,"_genesis_hide_singular_image":false,"_genesis_hide_footer_widgets":false,"_genesis_custom_body_class":"","_genesis_custom_post_class":"","_genesis_layout":"","footnotes":""},"class_list":{"0":"post-5374","1":"page","2":"type-page","3":"status-publish","4":"has-post-thumbnail","6":"entry"},"_links":{"self":[{"href":"https:\/\/moverdb.com\/sl\/wp-json\/wp\/v2\/pages\/5374","targetHints":{"allow":["GET"]}}],"collection":[{"href":"https:\/\/moverdb.com\/sl\/wp-json\/wp\/v2\/pages"}],"about":[{"href":"https:\/\/moverdb.com\/sl\/wp-json\/wp\/v2\/types\/page"}],"author":[{"embeddable":true,"href":"https:\/\/moverdb.com\/sl\/wp-json\/wp\/v2\/users\/2"}],"replies":[{"embeddable":true,"href":"https:\/\/moverdb.com\/sl\/wp-json\/wp\/v2\/comments?post=5374"}],"version-history":[{"count":1,"href":"https:\/\/moverdb.com\/sl\/wp-json\/wp\/v2\/pages\/5374\/revisions"}],"predecessor-version":[{"id":5375,"href":"https:\/\/moverdb.com\/sl\/wp-json\/wp\/v2\/pages\/5374\/revisions\/5375"}],"up":[{"embeddable":true,"href":"https:\/\/moverdb.com\/sl\/wp-json\/wp\/v2\/pages\/44"}],"wp:featuredmedia":[{"embeddable":true,"href":"https:\/\/moverdb.com\/sl\/wp-json\/wp\/v2\/media\/5361"}],"wp:attachment":[{"href":"https:\/\/moverdb.com\/sl\/wp-json\/wp\/v2\/media?parent=5374"}],"curies":[{"name":"wp","href":"https:\/\/api.w.org\/{rel}","templated":true}]}}