{"id":5240,"date":"2022-10-24T11:49:20","date_gmt":"2022-10-24T11:49:20","guid":{"rendered":"https:\/\/moverdb.com\/?page_id=5240"},"modified":"2026-01-08T15:23:38","modified_gmt":"2026-01-08T15:23:38","slug":"bosna-in-hercegovina","status":"publish","type":"page","link":"https:\/\/moverdb.com\/sl\/moving-companies\/bosnia-and-herzegovina-moving-companies\/","title":{"rendered":"2 najbolj\u0161i mednarodni selitveni podjetji v Bosni in Hercegovini"},"content":{"rendered":"<p>Selitev je lahko stresna, \u0161e posebej \u010de se seli\u0161 tudi v druge dr\u017eave, zato ti lahko podjetje za selitev ali preselitev pomaga zmanj\u0161ati pritisk. Da bi vam pomagali, smo pripravili seznam Bosne in Hercegovine <a href=\"https:\/\/moverdb.com\/sl\/international-removals\/\" data-internallinksmanager029f6b8e52c=\"27\" title=\"36 najbolj\u0161ih podjetij za mednarodne selitve v Zdru\u017eenem kraljestvu\">podjetja za selitve<\/a> ki so \u010dlani <a href=\"https:\/\/moverdb.com\/sl\/iam\/\" data-internallinksmanager029f6b8e52c=\"23\" title=\"Pojasnila o Mednarodnem zdru\u017eenju gibalcev (IAM)\">Mednarodno zdru\u017eenje movers<\/a> (IAM), ki vam lahko pomaga.<\/p>\n<h2><strong>1. AGS Worldwide Movers<\/strong><\/h2>\n<p><em><img loading=\"lazy\" decoding=\"async\" class=\"alignnone size-full wp-image-5137\" src=\"https:\/\/moverdb.com\/wp-content\/uploads\/AGS-Wroldwide-Movers-international-moving-company.png\" alt=\"AGS Wroldwide Movers mednarodno selitev podjetja\" width=\"1440\" height=\"680\" data-wp-pid=\"5137\" srcset=\"https:\/\/moverdb.com\/wp-content\/uploads\/AGS-Wroldwide-Movers-international-moving-company.png 1440w, https:\/\/moverdb.com\/wp-content\/uploads\/AGS-Wroldwide-Movers-international-moving-company-300x142.png 300w, https:\/\/moverdb.com\/wp-content\/uploads\/AGS-Wroldwide-Movers-international-moving-company-1024x484.png 1024w, https:\/\/moverdb.com\/wp-content\/uploads\/AGS-Wroldwide-Movers-international-moving-company-18x9.png 18w, https:\/\/moverdb.com\/wp-content\/uploads\/AGS-Wroldwide-Movers-international-moving-company-600x283.png 600w\" sizes=\"auto, (max-width: 1440px) 100vw, 1440px\" \/><\/em><\/p>\n<ul>\n<li>Nacionalne poteze<\/li>\n<li>Mednarodne selitve<\/li>\n<li>Stanovanjske selitve<\/li>\n<li>Selitve pisarn<\/li>\n<li>Selitve od vrat do vrat<\/li>\n<li>Usposobljeno osebje za pakiranje in prevoz va\u0161ih stvari<\/li>\n<li>Inovativni materiali in metode pakiranja<\/li>\n<li>Okolju prijazna embala\u017ea<\/li>\n<li>Prevozi vozil<\/li>\n<li>Varno shranjevanje<\/li>\n<\/ul>\n<p>Podjetje AGS Worldwide Movers je bilo ustanovljeno leta 1974 in se je raz\u0161irilo v mednarodno selitveno podjetje, ki pokriva Evropo, Azijo in Afriko ter ima partnerje v Ameriki in Oceaniji. Imajo 146 lokacij v 97 dr\u017eavah. S 25 leti delovanja so \u010dlani zdru\u017eenja IAM.<\/p>\n<p>AGS Worldwide Movers uporablja najsodobnej\u0161e in pametne re\u0161itve za u\u010dinkovitej\u0161e zagotavljanje ponudb, sledenje in dostavo. Zagotavljajo usposobljeno osebje, ki bo va\u0161e stvari varno zapakiralo in prepre\u010dilo njihovo po\u0161kodovanje z uporabo inovativnih pakirnih materialov in tehnik. Zagotavljajo tudi re\u0161itve za prevoz vozil in po potrebi varno skladi\u0161\u010denje.<\/p>\n<p>Spletna stran: <a href=\"http:\/\/www.agsmovers.com\" target=\"_blank\" rel=\"noopener\">http:\/\/www.agsmovers.com<\/a><\/p>\n<h2><strong>2. Intermove<\/strong><\/h2>\n<p><em><img loading=\"lazy\" decoding=\"async\" class=\"alignnone size-full wp-image-5176\" src=\"https:\/\/moverdb.com\/wp-content\/uploads\/Intermove-international-moving-company.png\" alt=\"Intermove mednarodna selitev podjetje\" width=\"1440\" height=\"680\" data-wp-pid=\"5176\" srcset=\"https:\/\/moverdb.com\/wp-content\/uploads\/Intermove-international-moving-company.png 1440w, https:\/\/moverdb.com\/wp-content\/uploads\/Intermove-international-moving-company-300x142.png 300w, https:\/\/moverdb.com\/wp-content\/uploads\/Intermove-international-moving-company-1024x484.png 1024w, https:\/\/moverdb.com\/wp-content\/uploads\/Intermove-international-moving-company-18x9.png 18w, https:\/\/moverdb.com\/wp-content\/uploads\/Intermove-international-moving-company-600x283.png 600w\" sizes=\"auto, (max-width: 1440px) 100vw, 1440px\" \/><\/em><\/p>\n<ul>\n<li>Lokalne in nacionalne selitve<\/li>\n<li>Mednarodne selitve<\/li>\n<li>Selitve gospodinjstev<\/li>\n<li>Selitve podjetij<\/li>\n<li>Visoko usposobljeni pakirci<\/li>\n<li>Storitve pakiranja in razpakiranja<\/li>\n<li>Logistika po\u0161iljanja<\/li>\n<li>Carinjenje<\/li>\n<li>Zavarovanje<\/li>\n<li>Prostori za shranjevanje<\/li>\n<\/ul>\n<p>Intermove je selitveno podjetje, ki je bilo ustanovljeno leta 1996, da bi pomagalo dru\u017einam in podjetjem pri selitvi. Svoje storitve opravlja v Bosni in Hercegovini ter za tiste, ki se \u017eelijo preseliti v Bosno in Hercegovino ali iz nje. So \u010dlani zdru\u017eenja IAM s 26-letno tradicijo.<\/p>\n<p>Intermove zagotavlja visoko usposobljene pakirce, ki so usposobljeni za mednarodne metode pakiranja in uporabljajo visokokakovostne materiale za za\u0161\u010dito va\u0161ega premo\u017eenja. Zapakirali bodo va\u0161e stvari in poskrbeli za njihov prevoz, vklju\u010dno s carinjenjem in razpakiranjem. Zagotovili bodo zavarovanje, iskanje stanovanja, orientacijo po obmo\u010dju in mo\u017enost prilagodljivih re\u0161itev za shranjevanje.<\/p>\n<p>Spletna stran: <a href=\"http:\/\/www.intermovebosnia.com\" target=\"_blank\" rel=\"noopener\">http:\/\/www.intermovebosnia.com<\/a><\/p>","protected":false},"excerpt":{"rendered":"<p>Moving can be a stressful time especially if you are moving countries as well, that is where a moving or relocation company can help relieve some of the pressure. To help you we have compiled a list of Bosnia and Herzegovina removal companies that are members of the International Association of Movers (IAM) who could [&hellip;]<\/p>\n","protected":false},"author":4,"featured_media":0,"parent":190,"menu_order":0,"comment_status":"closed","ping_status":"closed","template":"","meta":{"_genesis_hide_title":false,"_genesis_hide_breadcrumbs":false,"_genesis_hide_singular_image":false,"_genesis_hide_footer_widgets":false,"_genesis_custom_body_class":"","_genesis_custom_post_class":"","_genesis_layout":"","footnotes":""},"class_list":{"0":"post-5240","1":"page","2":"type-page","3":"status-publish","5":"entry","6":"has-post-thumbnail"},"_links":{"self":[{"href":"https:\/\/moverdb.com\/sl\/wp-json\/wp\/v2\/pages\/5240","targetHints":{"allow":["GET"]}}],"collection":[{"href":"https:\/\/moverdb.com\/sl\/wp-json\/wp\/v2\/pages"}],"about":[{"href":"https:\/\/moverdb.com\/sl\/wp-json\/wp\/v2\/types\/page"}],"author":[{"embeddable":true,"href":"https:\/\/moverdb.com\/sl\/wp-json\/wp\/v2\/users\/4"}],"replies":[{"embeddable":true,"href":"https:\/\/moverdb.com\/sl\/wp-json\/wp\/v2\/comments?post=5240"}],"version-history":[{"count":1,"href":"https:\/\/moverdb.com\/sl\/wp-json\/wp\/v2\/pages\/5240\/revisions"}],"predecessor-version":[{"id":5241,"href":"https:\/\/moverdb.com\/sl\/wp-json\/wp\/v2\/pages\/5240\/revisions\/5241"}],"up":[{"embeddable":true,"href":"https:\/\/moverdb.com\/sl\/wp-json\/wp\/v2\/pages\/190"}],"wp:attachment":[{"href":"https:\/\/moverdb.com\/sl\/wp-json\/wp\/v2\/media?parent=5240"}],"curies":[{"name":"wp","href":"https:\/\/api.w.org\/{rel}","templated":true}]}}