{"id":5237,"date":"2022-10-24T11:50:03","date_gmt":"2022-10-24T11:50:03","guid":{"rendered":"https:\/\/moverdb.com\/?page_id=5237"},"modified":"2026-01-08T15:24:38","modified_gmt":"2026-01-08T15:24:38","slug":"bolivija","status":"publish","type":"page","link":"https:\/\/moverdb.com\/sl\/moving-companies\/bolivia-moving-companies\/","title":{"rendered":"4 Najbolj\u0161a mednarodna selitvena podjetja v Boliviji"},"content":{"rendered":"<p>\u010ce \u017eelite preseliti dom ali podjetje v Bolivijo ali v Bolivijo ali iz nje, boste morda potrebovali pomo\u010d, da bi zmanj\u0161ali stres in delo, potrebno za selitev. V nadaljevanju smo pripravili seznam bolivijskih <a href=\"https:\/\/moverdb.com\/sl\/international-removals\/\" data-internallinksmanager029f6b8e52c=\"27\" title=\"36 najbolj\u0161ih podjetij za mednarodne selitve v Zdru\u017eenem kraljestvu\">podjetja za selitve<\/a> ki so \u010dlani <a href=\"https:\/\/moverdb.com\/sl\/iam\/\" data-internallinksmanager029f6b8e52c=\"23\" title=\"Pojasnila o Mednarodnem zdru\u017eenju gibalcev (IAM)\">Mednarodno zdru\u017eenje movers<\/a> (IAM) in\/ali <a href=\"https:\/\/moverdb.com\/sl\/fidi-faim\/\" data-internallinksmanager029f6b8e52c=\"16\" title=\"Pojasnila o FIDI in FAIM (FIDI Accredited International Mover)\">FIDI<\/a> Akreditirani mednarodni selitveni delavci (FAIM), ki vam lahko pomagajo.<\/p>\n<div id=\"ez-toc-container\" class=\"ez-toc-v2_0_82_2 ez-toc-wrap-left counter-hierarchy ez-toc-counter ez-toc-transparent ez-toc-container-direction\">\n<div class=\"ez-toc-title-container\">\n<p class=\"ez-toc-title\" style=\"cursor:inherit\">Oddelki<\/p>\n<span class=\"ez-toc-title-toggle\"><a href=\"#\" class=\"ez-toc-pull-right ez-toc-btn ez-toc-btn-xs ez-toc-btn-default ez-toc-toggle\" aria-label=\"Toggle Tabela vsebine\"><span class=\"ez-toc-js-icon-con\"><span class=\"\"><span class=\"eztoc-hide\" style=\"display:none;\">Toggle<\/span><span class=\"ez-toc-icon-toggle-span\"><svg style=\"fill: #999;color:#999\" xmlns=\"http:\/\/www.w3.org\/2000\/svg\" class=\"list-377408\" width=\"20px\" height=\"20px\" viewbox=\"0 0 24 24\" fill=\"none\"><path d=\"M6 6H4v2h2V6zm14 0H8v2h12V6zM4 11h2v2H4v-2zm16 0H8v2h12v-2zM4 16h2v2H4v-2zm16 0H8v2h12v-2z\" fill=\"currentColor\"><\/path><\/svg><svg style=\"fill: #999;color:#999\" class=\"arrow-unsorted-368013\" xmlns=\"http:\/\/www.w3.org\/2000\/svg\" width=\"10px\" height=\"10px\" viewbox=\"0 0 24 24\" version=\"1.2\" baseprofile=\"tiny\"><path d=\"M18.2 9.3l-6.2-6.3-6.2 6.3c-.2.2-.3.4-.3.7s.1.5.3.7c.2.2.4.3.7.3h11c.3 0 .5-.1.7-.3.2-.2.3-.5.3-.7s-.1-.5-.3-.7zM5.8 14.7l6.2 6.3 6.2-6.3c.2-.2.3-.5.3-.7s-.1-.5-.3-.7c-.2-.2-.4-.3-.7-.3h-11c-.3 0-.5.1-.7.3-.2.2-.3.5-.3.7s.1.5.3.7z\"\/><\/svg><\/span><\/span><\/span><\/a><\/span><\/div>\n<nav><ul class='ez-toc-list ez-toc-list-level-1 eztoc-toggle-hide-by-default' ><li class='ez-toc-page-1 ez-toc-heading-level-2'><a class=\"ez-toc-link ez-toc-heading-1\" href=\"https:\/\/moverdb.com\/sl\/moving-companies\/bolivia-moving-companies\/#1_Bolivian_Movers\" >1. Bolivijski Movers<\/a><\/li><li class='ez-toc-page-1 ez-toc-heading-level-2'><a class=\"ez-toc-link ez-toc-heading-2\" href=\"https:\/\/moverdb.com\/sl\/moving-companies\/bolivia-moving-companies\/#2_Express_Cargo_Services\" >2. Storitve hitrega tovora<\/a><\/li><li class='ez-toc-page-1 ez-toc-heading-level-2'><a class=\"ez-toc-link ez-toc-heading-3\" href=\"https:\/\/moverdb.com\/sl\/moving-companies\/bolivia-moving-companies\/#3_Total_Bolivian_Moving\" >3. Skupaj bolivijska selitev<\/a><\/li><li class='ez-toc-page-1 ez-toc-heading-level-2'><a class=\"ez-toc-link ez-toc-heading-4\" href=\"https:\/\/moverdb.com\/sl\/moving-companies\/bolivia-moving-companies\/#4_Inbolpack\" >4. Inbolpack<\/a><\/li><\/ul><\/nav><\/div>\n<h2><span class=\"ez-toc-section\" id=\"1_Bolivian_Movers\"><\/span><strong>1. Bolivijski Movers<\/strong><span class=\"ez-toc-section-end\"><\/span><\/h2>\n<p><em><img loading=\"lazy\" decoding=\"async\" class=\"alignnone size-full wp-image-5150\" src=\"https:\/\/moverdb.com\/wp-content\/uploads\/Bolivian-Movers-international-moving-company.png\" alt=\"Bolivijski Movers mednarodno gibanje podjetje\" width=\"1440\" height=\"671\" data-wp-pid=\"5150\" srcset=\"https:\/\/moverdb.com\/wp-content\/uploads\/Bolivian-Movers-international-moving-company.png 1440w, https:\/\/moverdb.com\/wp-content\/uploads\/Bolivian-Movers-international-moving-company-300x140.png 300w, https:\/\/moverdb.com\/wp-content\/uploads\/Bolivian-Movers-international-moving-company-1024x477.png 1024w, https:\/\/moverdb.com\/wp-content\/uploads\/Bolivian-Movers-international-moving-company-18x8.png 18w, https:\/\/moverdb.com\/wp-content\/uploads\/Bolivian-Movers-international-moving-company-600x280.png 600w\" sizes=\"auto, (max-width: 1440px) 100vw, 1440px\" \/><\/em><\/p>\n<ul>\n<li>Nacionalne poteze<\/li>\n<li>Mednarodne selitve<\/li>\n<li>Doma\u010de poteze<\/li>\n<li>Selitve pisarn<\/li>\n<li>Enotna kontaktna to\u010dka za va\u0161o selitev<\/li>\n<li>Sodoben vozni park in oprema<\/li>\n<li>Profesionalno pakiranje z visokokakovostnimi materiali<\/li>\n<li>Prevoz umetnosti<\/li>\n<li>Premestitev hi\u0161nih ljubljen\u010dkov<\/li>\n<li>Varna skladi\u0161\u010da<\/li>\n<\/ul>\n<p>Podjetje Bolivian Movers je bilo ustanovljeno leta 1974 za opravljanje selitvenih storitev v Boliviji in drugod po svetu. Je \u010dlan zdru\u017eenja IAM z 48-letnim sta\u017eem. So del mednarodne mre\u017ee selitvenih podjetij, kar jim omogo\u010da, da vam pomagajo pri selitvi kjer koli na svetu. Imajo sodoben vozni park z vozili in opremo ter vam zagotovijo kontaktno osebo, ki bo nadzorovala va\u0161o selitev.<\/p>\n<p>Bolivian Movers zagotavlja profesionalne storitve pakiranja, ki uporabljajo visokokakovostne materiale in strokovnjake za pakiranje z akreditiranimi tehnikami pakiranja. Nudijo tudi storitve selitve hi\u0161nih ljubljen\u010dkov in svetujejo glede veljavnih predpisov. Ponujajo tudi varne prostore za shranjevanje.<\/p>\n<p>Spletna stran: <a href=\"http:\/\/www.bolivianmovers.com\" target=\"_blank\" rel=\"noopener\">http:\/\/www.bolivianmovers.com<\/a><\/p>\n<h2><span class=\"ez-toc-section\" id=\"2_Express_Cargo_Services\"><\/span><strong>2. Storitve hitrega tovora<\/strong><span class=\"ez-toc-section-end\"><\/span><\/h2>\n<p><em><img loading=\"lazy\" decoding=\"async\" class=\"alignnone size-full wp-image-5166\" src=\"https:\/\/moverdb.com\/wp-content\/uploads\/Express-Cargo-Services-international-moving-company.png\" alt=\"Express Cargo Services mednarodno gibljejo podjetje\" width=\"1440\" height=\"680\" data-wp-pid=\"5166\" srcset=\"https:\/\/moverdb.com\/wp-content\/uploads\/Express-Cargo-Services-international-moving-company.png 1440w, https:\/\/moverdb.com\/wp-content\/uploads\/Express-Cargo-Services-international-moving-company-300x142.png 300w, https:\/\/moverdb.com\/wp-content\/uploads\/Express-Cargo-Services-international-moving-company-1024x484.png 1024w, https:\/\/moverdb.com\/wp-content\/uploads\/Express-Cargo-Services-international-moving-company-18x9.png 18w, https:\/\/moverdb.com\/wp-content\/uploads\/Express-Cargo-Services-international-moving-company-600x283.png 600w\" sizes=\"auto, (max-width: 1440px) 100vw, 1440px\" \/><\/em><\/p>\n<ul>\n<li>Nacionalne poteze<\/li>\n<li>Mednarodne selitve<\/li>\n<li>Stanovanjske selitve<\/li>\n<li>Vozni park kombijev in tovornjakov<\/li>\n<li>Cestni, pomorski in zra\u010dni promet<\/li>\n<li>Storitve pakiranja<\/li>\n<li>Izvozni in uvozni carinski postopki<\/li>\n<li>Prevoz umetni\u0161kih del<\/li>\n<li>Premestitev hi\u0161nih ljubljen\u010dkov<\/li>\n<li>Varno shranjevanje<\/li>\n<\/ul>\n<p>Podjetje Express Cargo Services je bilo ustanovljeno leta 1989 kot selitveno podjetje v Boliviji. Nudijo vrsto selitvenih storitev za reziden\u010dne stranke, ki se \u017eelijo preseliti v Bolivijo ali kamor koli drugam po svetu. So \u010dlani zdru\u017eenja IAM s 33-letno tradicijo.<\/p>\n<p>Storitve Express Cargo Services ponujajo storitve od vrat do vrat v vse dr\u017eave na svetu in iz njih. Upravljajo lasten vozni park kombijev in tovornjakov za la\u017eje premike v Boliviji ter sodelujejo s partnerji in \u0161pediterji na mednarodni ravni z uporabo cestnega, pomorskega in zra\u010dnega prevoza. Nudijo storitve pakiranja, carinsko podporo, prevoz umetnin, selitev hi\u0161nih ljubljen\u010dkov in varna skladi\u0161\u010da.<\/p>\n<p>Spletna stran: <a href=\"http:\/\/www.expresscargobolivia.com\" target=\"_blank\" rel=\"noopener\">http:\/\/www.expresscargobolivia.com<\/a><\/p>\n<h2><span class=\"ez-toc-section\" id=\"3_Total_Bolivian_Moving\"><\/span><strong>3. Skupaj bolivijska selitev<\/strong><span class=\"ez-toc-section-end\"><\/span><\/h2>\n<p><em><img loading=\"lazy\" decoding=\"async\" class=\"alignnone size-full wp-image-5210\" src=\"https:\/\/moverdb.com\/wp-content\/uploads\/Total-Bolivian-Moving-international-moving-company.png\" alt=\"Skupaj Bolivian Moving mednarodno gibanje podjetje\" width=\"1440\" height=\"636\" data-wp-pid=\"5210\" srcset=\"https:\/\/moverdb.com\/wp-content\/uploads\/Total-Bolivian-Moving-international-moving-company.png 1440w, https:\/\/moverdb.com\/wp-content\/uploads\/Total-Bolivian-Moving-international-moving-company-300x133.png 300w, https:\/\/moverdb.com\/wp-content\/uploads\/Total-Bolivian-Moving-international-moving-company-1024x452.png 1024w, https:\/\/moverdb.com\/wp-content\/uploads\/Total-Bolivian-Moving-international-moving-company-18x8.png 18w, https:\/\/moverdb.com\/wp-content\/uploads\/Total-Bolivian-Moving-international-moving-company-600x265.png 600w\" sizes=\"auto, (max-width: 1440px) 100vw, 1440px\" \/><\/em><\/p>\n<ul>\n<li>Nacionalne poteze<\/li>\n<li>Mednarodne selitve<\/li>\n<li>Stanovanjske in poslovne selitve<\/li>\n<li>Organizacija in na\u010drtovanje selitve<\/li>\n<li>Usposobljeno in izku\u0161eno osebje<\/li>\n<li>Storitev pakiranja z uporabo visokokakovostnih materialov<\/li>\n<li>Zavarovanje<\/li>\n<li>Prevoz umetni\u0161kih del<\/li>\n<li>Prevoz vozil<\/li>\n<li>Varno shranjevanje<\/li>\n<\/ul>\n<p>Total Bolivian Moving je selitveno podjetje s sede\u017eem v La Pazu, ki ponuja selitvene storitve v Boliviji ter v in iz Bolivije. Svoje storitve nudi tako stanovanjskim kot tudi poslovnim strankam, vklju\u010dno z organizacijami in podjetji. Specializirano je za prevoz umetni\u0161kih del. Je \u010dlan zdru\u017eenja IAM, ki deluje \u017ee 7 let.<\/p>\n<p>Total Bolivian Moving vam bo pomagal organizirati selitev in pomagal pri na\u010drtovanju. Zagotavljajo usposobljeno in izku\u0161eno osebje, ki bo va\u0161e stvari varno in zanesljivo zapakiralo ter tako prepre\u010dilo po\u0161kodbe z uporabo visokokakovostnih pakirnih materialov. Po potrebi zagotavljajo zavarovanje in skladi\u0161\u010denje va\u0161ih stvari.<\/p>\n<p>Spletna stran: <a href=\"http:\/\/www.tobolmoving.com\" target=\"_blank\" rel=\"noopener\">http:\/\/www.tobolmoving.com<\/a><\/p>\n<h2><span class=\"ez-toc-section\" id=\"4_Inbolpack\"><\/span><strong>4. Inbolpack<\/strong><span class=\"ez-toc-section-end\"><\/span><\/h2>\n<p>&nbsp;<img loading=\"lazy\" decoding=\"async\" class=\"alignnone size-full wp-image-5238\" src=\"https:\/\/moverdb.com\/wp-content\/uploads\/Inbolpack-international-moving-company.png\" alt=\"\" width=\"1440\" height=\"682\" data-wp-pid=\"5238\" srcset=\"https:\/\/moverdb.com\/wp-content\/uploads\/Inbolpack-international-moving-company.png 1440w, https:\/\/moverdb.com\/wp-content\/uploads\/Inbolpack-international-moving-company-300x142.png 300w, https:\/\/moverdb.com\/wp-content\/uploads\/Inbolpack-international-moving-company-1024x485.png 1024w, https:\/\/moverdb.com\/wp-content\/uploads\/Inbolpack-international-moving-company-18x9.png 18w, https:\/\/moverdb.com\/wp-content\/uploads\/Inbolpack-international-moving-company-600x284.png 600w\" sizes=\"auto, (max-width: 1440px) 100vw, 1440px\" \/><\/p>\n<ul>\n<li>Lokalne in nacionalne selitve<\/li>\n<li>Mednarodne selitve<\/li>\n<li>Selitve gospodinjstev<\/li>\n<li>Komercialne selitve<\/li>\n<li>Posebni projekti prevoz<\/li>\n<li>Storitev od vrat do vrat<\/li>\n<li>Profesionalni pakirci<\/li>\n<li>Visokokakovostni embala\u017eni materiali<\/li>\n<li>Lasten vozni park razli\u010dnih vozil<\/li>\n<li>Re\u0161itve za shranjevanje<\/li>\n<\/ul>\n<p>Podjetje Inbolpack je bilo ustanovljeno leta 1978 kot selitveno podjetje, ki je slu\u017eilo Boliviji in mednarodno zaradi prisotnosti tujega osebja v dr\u017eavi. Pomaga ljudem in podjetjem pri selitvah znotraj Bolivije, v Bolivijo in iz nje. S 44 leti dela so \u010dlani zdru\u017eenja IAM in imajo akreditacijo FIDI.<\/p>\n<p>Inbolpack ponuja storitev selitve od vrat do vrat, ki zagotavlja profesionalno pakiranje z usposobljenim osebjem, ki izpolnjuje mednarodne standarde in uporablja visokokakovostne pakirne materiale. Imajo tudi floto lastnih vozil, ki vklju\u010duje tovornjake in \u017eerjave. Zagotavljajo tudi skladi\u0161\u010denje tovora na lokalni in mednarodni ravni.<\/p>\n<p>Spletna stran: <a href=\"http:\/\/www.inbolpack.net\" target=\"_blank\" rel=\"noopener\">http:\/\/www.inbolpack.net<\/a><\/p>","protected":false},"excerpt":{"rendered":"<p>If you are wanting to move home or business in Bolivia, or to or from Bolivia then you might want some support to reduce the stress and work needed for the move. Below we have compiled a list of Bolivian removal companies that are members of the International Association of Movers (IAM) and\/or FIDI Accredited [&hellip;]<\/p>\n","protected":false},"author":4,"featured_media":0,"parent":190,"menu_order":0,"comment_status":"closed","ping_status":"closed","template":"","meta":{"_genesis_hide_title":false,"_genesis_hide_breadcrumbs":false,"_genesis_hide_singular_image":false,"_genesis_hide_footer_widgets":false,"_genesis_custom_body_class":"","_genesis_custom_post_class":"","_genesis_layout":"","footnotes":""},"class_list":{"0":"post-5237","1":"page","2":"type-page","3":"status-publish","5":"entry","6":"has-post-thumbnail"},"_links":{"self":[{"href":"https:\/\/moverdb.com\/sl\/wp-json\/wp\/v2\/pages\/5237","targetHints":{"allow":["GET"]}}],"collection":[{"href":"https:\/\/moverdb.com\/sl\/wp-json\/wp\/v2\/pages"}],"about":[{"href":"https:\/\/moverdb.com\/sl\/wp-json\/wp\/v2\/types\/page"}],"author":[{"embeddable":true,"href":"https:\/\/moverdb.com\/sl\/wp-json\/wp\/v2\/users\/4"}],"replies":[{"embeddable":true,"href":"https:\/\/moverdb.com\/sl\/wp-json\/wp\/v2\/comments?post=5237"}],"version-history":[{"count":1,"href":"https:\/\/moverdb.com\/sl\/wp-json\/wp\/v2\/pages\/5237\/revisions"}],"predecessor-version":[{"id":5239,"href":"https:\/\/moverdb.com\/sl\/wp-json\/wp\/v2\/pages\/5237\/revisions\/5239"}],"up":[{"embeddable":true,"href":"https:\/\/moverdb.com\/sl\/wp-json\/wp\/v2\/pages\/190"}],"wp:attachment":[{"href":"https:\/\/moverdb.com\/sl\/wp-json\/wp\/v2\/media?parent=5237"}],"curies":[{"name":"wp","href":"https:\/\/api.w.org\/{rel}","templated":true}]}}