{"id":5231,"date":"2022-10-24T11:51:35","date_gmt":"2022-10-24T11:51:35","guid":{"rendered":"https:\/\/moverdb.com\/?page_id=5231"},"modified":"2026-01-08T15:29:47","modified_gmt":"2026-01-08T15:29:47","slug":"barbados-2","status":"publish","type":"page","link":"https:\/\/moverdb.com\/sl\/moving-companies\/barbados-moving-companies\/","title":{"rendered":"Najbolj\u0161a mednarodna selitvena podjetja v Barbadosu"},"content":{"rendered":"<p>Ali razmi\u0161ljate o selitvi v ali iz <a href=\"https:\/\/moverdb.com\/sl\/moving-to-barbados\/\" data-internallinksmanager029f6b8e52c=\"344\" title=\"Selitev na Barbados? 2023 \u017divljenjski stro\u0161ki in nasveti za selitev\">Barbados<\/a>ali na Barbadosu? Morda je misel na pakiranje va\u0161ega doma ali podjetja in organizacijo po\u0161iljanja stresna, vendar vam pri tem lahko pomaga selitveno podjetje. Spodaj so <a href=\"https:\/\/moverdb.com\/sl\/international-removals\/\" data-internallinksmanager029f6b8e52c=\"27\" title=\"36 najbolj\u0161ih podjetij za mednarodne selitve v Zdru\u017eenem kraljestvu\">podjetja za selitve<\/a> ki so \u010dlani <a href=\"https:\/\/moverdb.com\/sl\/iam\/\" data-internallinksmanager029f6b8e52c=\"23\" title=\"Pojasnila o Mednarodnem zdru\u017eenju gibalcev (IAM)\">Mednarodno zdru\u017eenje movers<\/a> (IAM) in\/ali <a href=\"https:\/\/moverdb.com\/sl\/fidi-faim\/\" data-internallinksmanager029f6b8e52c=\"16\" title=\"Pojasnila o FIDI in FAIM (FIDI Accredited International Mover)\">FIDI<\/a> Akreditirani mednarodni prevoznik (FAIM) na Barbadosu.<\/p>\n<h2><strong>1. Michael Greaves Associates<\/strong><\/h2>\n<p><em><img loading=\"lazy\" decoding=\"async\" class=\"alignnone size-full wp-image-5186\" src=\"https:\/\/moverdb.com\/wp-content\/uploads\/Michael-Greaves-Associates-international-moving-company.png\" alt=\"Michael Greaves Associates mednarodno gibljejo podjetje\" width=\"1440\" height=\"681\" data-wp-pid=\"5186\" srcset=\"https:\/\/moverdb.com\/wp-content\/uploads\/Michael-Greaves-Associates-international-moving-company.png 1440w, https:\/\/moverdb.com\/wp-content\/uploads\/Michael-Greaves-Associates-international-moving-company-300x142.png 300w, https:\/\/moverdb.com\/wp-content\/uploads\/Michael-Greaves-Associates-international-moving-company-1024x484.png 1024w, https:\/\/moverdb.com\/wp-content\/uploads\/Michael-Greaves-Associates-international-moving-company-18x9.png 18w, https:\/\/moverdb.com\/wp-content\/uploads\/Michael-Greaves-Associates-international-moving-company-600x284.png 600w\" sizes=\"auto, (max-width: 1440px) 100vw, 1440px\" \/><\/em><\/p>\n<ul>\n<li>Nacionalne selitve<\/li>\n<li>Mednarodne selitve<\/li>\n<li>Komercialne in stanovanjske selitve<\/li>\n<li>Prilagojena storitev<\/li>\n<li>Izku\u0161eni strokovnjaki<\/li>\n<li>Carinsko posredovanje in carinjenje<\/li>\n<li>Zavarovanje tovora<\/li>\n<li>Ravnanje s hi\u0161nimi ljubljen\u010dki<\/li>\n<li>Prevoz vozil in \u010dolnov<\/li>\n<li>Prostori za shranjevanje<\/li>\n<\/ul>\n<p>Michael Greaves Associates je podjetje za selitev, selitev, po\u0161iljanje in posredovanje s sede\u017eem na Barbadosu, ki je bilo ustanovljeno leta 1981. Podjetje je \u010dlan zdru\u017eenja IAM z 41-letno tradicijo. Nudijo selitvene storitve na Barbadosu in v tujini.<\/p>\n<p>Michael Greaves Associates ponuja prilagojene storitve selitve, ki vam pomagajo v vseh fazah selitve, od na\u010drtovanja do nastanitve v novem domu. Pregledali bodo va\u0161 dom ali pisarno, pripravili predra\u010dun in upo\u0161tevali morebitne posebne zahteve. Va\u0161e stvari bodo zapakirali z uporabo odobrenih tehnik in materialov. Zagotavljajo tudi zavarovanje tovora, carinsko posredovanje in carinjenje ter specializirane storitve za prevoz hi\u0161nih ljubljen\u010dkov, vozil in \u010dolnov.<\/p>\n<p>Spletna stran: <a href=\"http:\/\/www.mgassociates.net\" target=\"_blank\" rel=\"noopener\">http:\/\/www.mgassociates.net<\/a><\/p>\n<h2>Drugi uporabni vodniki za Barbados<\/h2>\n<ul>\n<li> <a href=\"https:\/\/moverdb.com\/sl\/kontejnersko-posiljanje\/barbados\/\">2024 Cene pomorskega prevoza zabojnikov v Barbados in iz njega<\/a><\/li>\n<li> <a href=\"https:\/\/moverdb.com\/sl\/moving-to-barbados\/\">Selitev na Barbados? 2023 \u017divljenjski stro\u0161ki in nasveti za selitev<\/a><\/li>\n<li> <a href=\"https:\/\/moverdb.com\/sl\/moving-to-barbados\/living-in-barbados\/\">21 skrivnosti o \u017eivljenju na Barbadosu, ki jih morate poznati, preden se preselite<\/a><\/li>\n<\/ul>","protected":false},"excerpt":{"rendered":"<p>Are you thinking of moving to or from Barbados, or within Barbados? Then the thought of packing up your home or business and organising the shipping might be causing some stress, but a removal company could help. Below are the removal companies that are members of the International Association of Movers (IAM) and\/or FIDI Accredited [&hellip;]<\/p>\n","protected":false},"author":4,"featured_media":0,"parent":190,"menu_order":0,"comment_status":"closed","ping_status":"closed","template":"","meta":{"_genesis_hide_title":false,"_genesis_hide_breadcrumbs":false,"_genesis_hide_singular_image":false,"_genesis_hide_footer_widgets":false,"_genesis_custom_body_class":"","_genesis_custom_post_class":"","_genesis_layout":"","footnotes":""},"class_list":{"0":"post-5231","1":"page","2":"type-page","3":"status-publish","5":"entry","6":"has-post-thumbnail"},"_links":{"self":[{"href":"https:\/\/moverdb.com\/sl\/wp-json\/wp\/v2\/pages\/5231","targetHints":{"allow":["GET"]}}],"collection":[{"href":"https:\/\/moverdb.com\/sl\/wp-json\/wp\/v2\/pages"}],"about":[{"href":"https:\/\/moverdb.com\/sl\/wp-json\/wp\/v2\/types\/page"}],"author":[{"embeddable":true,"href":"https:\/\/moverdb.com\/sl\/wp-json\/wp\/v2\/users\/4"}],"replies":[{"embeddable":true,"href":"https:\/\/moverdb.com\/sl\/wp-json\/wp\/v2\/comments?post=5231"}],"version-history":[{"count":2,"href":"https:\/\/moverdb.com\/sl\/wp-json\/wp\/v2\/pages\/5231\/revisions"}],"predecessor-version":[{"id":18281,"href":"https:\/\/moverdb.com\/sl\/wp-json\/wp\/v2\/pages\/5231\/revisions\/18281"}],"up":[{"embeddable":true,"href":"https:\/\/moverdb.com\/sl\/wp-json\/wp\/v2\/pages\/190"}],"wp:attachment":[{"href":"https:\/\/moverdb.com\/sl\/wp-json\/wp\/v2\/media?parent=5231"}],"curies":[{"name":"wp","href":"https:\/\/api.w.org\/{rel}","templated":true}]}}