{"id":5228,"date":"2022-10-24T11:52:12","date_gmt":"2022-10-24T11:52:12","guid":{"rendered":"https:\/\/moverdb.com\/?page_id=5228"},"modified":"2026-01-08T15:25:04","modified_gmt":"2026-01-08T15:25:04","slug":"banglades-2","status":"publish","type":"page","link":"https:\/\/moverdb.com\/sl\/moving-companies\/bangladesh-moving-companies\/","title":{"rendered":"5 najbolj\u0161ih mednarodnih selitvenih podjetij v Banglade\u0161u"},"content":{"rendered":"<p>\u010ce se selite domov v <a href=\"https:\/\/moverdb.com\/sl\/moving-to-bangladesh\/\" data-internallinksmanager029f6b8e52c=\"419\" title=\"Selitev v Banglade\u0161? 2023 \u017divljenjski stro\u0161ki in nasveti za selitev\">Banglade\u0161<\/a> ali se nameravate preseliti v Banglade\u0161 ali iz njega, boste morda \u017eeleli uporabiti <a href=\"https:\/\/moverdb.com\/sl\/international-removals\/\" data-internallinksmanager029f6b8e52c=\"27\" title=\"36 najbolj\u0161ih podjetij za mednarodne selitve v Zdru\u017eenem kraljestvu\">podjetje za selitve<\/a> za la\u017ejo selitev. Selitev je stresno obdobje, zato smo spodaj zbrali seznam podjetij, ki so \u010dlani zdru\u017eenja <a href=\"https:\/\/moverdb.com\/sl\/iam\/\" data-internallinksmanager029f6b8e52c=\"23\" title=\"Pojasnila o Mednarodnem zdru\u017eenju gibalcev (IAM)\">Mednarodno zdru\u017eenje movers<\/a> (IAM) in\/ali <a href=\"https:\/\/moverdb.com\/sl\/fidi-faim\/\" data-internallinksmanager029f6b8e52c=\"16\" title=\"Pojasnila o FIDI in FAIM (FIDI Accredited International Mover)\">FIDI<\/a> akreditiranih mednarodnih selitev (FAIM), ki vam lahko pomagajo.<\/p>\n<div id=\"ez-toc-container\" class=\"ez-toc-v2_0_82_2 ez-toc-wrap-left counter-hierarchy ez-toc-counter ez-toc-transparent ez-toc-container-direction\">\n<div class=\"ez-toc-title-container\">\n<p class=\"ez-toc-title\" style=\"cursor:inherit\">Oddelki<\/p>\n<span class=\"ez-toc-title-toggle\"><a href=\"#\" class=\"ez-toc-pull-right ez-toc-btn ez-toc-btn-xs ez-toc-btn-default ez-toc-toggle\" aria-label=\"Toggle Tabela vsebine\"><span class=\"ez-toc-js-icon-con\"><span class=\"\"><span class=\"eztoc-hide\" style=\"display:none;\">Toggle<\/span><span class=\"ez-toc-icon-toggle-span\"><svg style=\"fill: #999;color:#999\" xmlns=\"http:\/\/www.w3.org\/2000\/svg\" class=\"list-377408\" width=\"20px\" height=\"20px\" viewbox=\"0 0 24 24\" fill=\"none\"><path d=\"M6 6H4v2h2V6zm14 0H8v2h12V6zM4 11h2v2H4v-2zm16 0H8v2h12v-2zM4 16h2v2H4v-2zm16 0H8v2h12v-2z\" fill=\"currentColor\"><\/path><\/svg><svg style=\"fill: #999;color:#999\" class=\"arrow-unsorted-368013\" xmlns=\"http:\/\/www.w3.org\/2000\/svg\" width=\"10px\" height=\"10px\" viewbox=\"0 0 24 24\" version=\"1.2\" baseprofile=\"tiny\"><path d=\"M18.2 9.3l-6.2-6.3-6.2 6.3c-.2.2-.3.4-.3.7s.1.5.3.7c.2.2.4.3.7.3h11c.3 0 .5-.1.7-.3.2-.2.3-.5.3-.7s-.1-.5-.3-.7zM5.8 14.7l6.2 6.3 6.2-6.3c.2-.2.3-.5.3-.7s-.1-.5-.3-.7c-.2-.2-.4-.3-.7-.3h-11c-.3 0-.5.1-.7.3-.2.2-.3.5-.3.7s.1.5.3.7z\"\/><\/svg><\/span><\/span><\/span><\/a><\/span><\/div>\n<nav><ul class='ez-toc-list ez-toc-list-level-1 eztoc-toggle-hide-by-default' ><li class='ez-toc-page-1 ez-toc-heading-level-2'><a class=\"ez-toc-link ez-toc-heading-1\" href=\"https:\/\/moverdb.com\/sl\/moving-companies\/bangladesh-moving-companies\/#1_A_I_Freight_Services\" >1. A I Freight Services<\/a><\/li><li class='ez-toc-page-1 ez-toc-heading-level-2'><a class=\"ez-toc-link ez-toc-heading-2\" href=\"https:\/\/moverdb.com\/sl\/moving-companies\/bangladesh-moving-companies\/#2_Alpha_Logistics\" >2. Alpha Logistics<\/a><\/li><li class='ez-toc-page-1 ez-toc-heading-level-2'><a class=\"ez-toc-link ez-toc-heading-3\" href=\"https:\/\/moverdb.com\/sl\/moving-companies\/bangladesh-moving-companies\/#3_Apolloline_Shipping_Service\" >3. Apolloline Shipping Service<\/a><\/li><li class='ez-toc-page-1 ez-toc-heading-level-2'><a class=\"ez-toc-link ez-toc-heading-4\" href=\"https:\/\/moverdb.com\/sl\/moving-companies\/bangladesh-moving-companies\/#4_Carry_Link_Packers_Shippers\" >4. Carry Link Packers &amp; Shippers<\/a><\/li><li class='ez-toc-page-1 ez-toc-heading-level-2'><a class=\"ez-toc-link ez-toc-heading-5\" href=\"https:\/\/moverdb.com\/sl\/moving-companies\/bangladesh-moving-companies\/#5_Homebound\" >5. Doma\u010da oskrba<\/a><\/li><\/ul><\/nav><\/div>\n<h2><span class=\"ez-toc-section\" id=\"1_A_I_Freight_Services\"><\/span><strong>1. A I Freight Services<\/strong><span class=\"ez-toc-section-end\"><\/span><\/h2>\n<p><em><img loading=\"lazy\" decoding=\"async\" class=\"alignnone size-full wp-image-5135\" src=\"https:\/\/moverdb.com\/wp-content\/uploads\/A-I-Freight-Services-international-moving-company.png\" alt=\"A I Freight Services mednarodno gibljejo podjetje\" width=\"1440\" height=\"685\" data-wp-pid=\"5135\" srcset=\"https:\/\/moverdb.com\/wp-content\/uploads\/A-I-Freight-Services-international-moving-company.png 1440w, https:\/\/moverdb.com\/wp-content\/uploads\/A-I-Freight-Services-international-moving-company-300x143.png 300w, https:\/\/moverdb.com\/wp-content\/uploads\/A-I-Freight-Services-international-moving-company-1024x487.png 1024w, https:\/\/moverdb.com\/wp-content\/uploads\/A-I-Freight-Services-international-moving-company-18x9.png 18w, https:\/\/moverdb.com\/wp-content\/uploads\/A-I-Freight-Services-international-moving-company-600x285.png 600w\" sizes=\"auto, (max-width: 1440px) 100vw, 1440px\" \/><\/em><\/p>\n<ul>\n<li>Nacionalna logistika<\/li>\n<li>Mednarodna logistika<\/li>\n<li>Storitve od vrat do vrat in selitve gospodinjstev<\/li>\n<li>Ravnanje z osebnimi predmeti<\/li>\n<li>Poslovne selitve in logistika<\/li>\n<li>Cestni, pomorski in zra\u010dni tovorni promet<\/li>\n<li>Carinsko posredovanje<\/li>\n<li>ravnanje z ob\u010dutljivim in nevarnim blagom<\/li>\n<li>Prevoz hi\u0161nih ljubljen\u010dkov<\/li>\n<li>Re\u0161itve za shranjevanje<\/li>\n<\/ul>\n<p>Dru\u017eba A I Freight Services trdi, da je eno od vodilnih logisti\u010dnih podjetij v Banglade\u0161u, ki ponuja storitve \u0161pedicije, notranjega prevoza in carinskega posredovanja. Je \u010dlan zdru\u017eenja IAM s 23-letnim delom. Skrbijo za podjetja z logistiko in distribucijo ter selitvami, ponujajo pa tudi storitve selitve gospodinjstev.<\/p>\n<p>Dru\u017eba A I Freight Services ponuja storitve selitve gospodinjstev od vrat do vrat, pri \u010demer lahko opravi selitev po dr\u017eavi in v mednarodnem okolju s cestnim, pomorskim in zra\u010dnim prevozom. Prav tako vam lahko pomagajo pri carinjenju in posredovanju. Nudijo tudi specializirane logisti\u010dne storitve, vklju\u010dno s selitvijo hi\u0161nih ljubljen\u010dkov ter ob\u010dutljivega in nevarnega blaga. Ponujajo tudi re\u0161itve za skladi\u0161\u010denje v skladi\u0161\u010du.<\/p>\n<p>Spletna stran: <a href=\"http:\/\/www.aifs-bd.com\" target=\"_blank\" rel=\"noopener\">http:\/\/www.aifs-bd.com<\/a><\/p>\n<h2><span class=\"ez-toc-section\" id=\"2_Alpha_Logistics\"><\/span><strong>2. Alpha Logistics<\/strong><span class=\"ez-toc-section-end\"><\/span><\/h2>\n<p><em><img loading=\"lazy\" decoding=\"async\" class=\"alignnone size-full wp-image-5143\" src=\"https:\/\/moverdb.com\/wp-content\/uploads\/Alpha-Logistics-international-moving-company.png\" alt=\"Alpha Logistics mednarodno gibljejo podjetje\" width=\"1440\" height=\"677\" data-wp-pid=\"5143\" srcset=\"https:\/\/moverdb.com\/wp-content\/uploads\/Alpha-Logistics-international-moving-company.png 1440w, https:\/\/moverdb.com\/wp-content\/uploads\/Alpha-Logistics-international-moving-company-300x141.png 300w, https:\/\/moverdb.com\/wp-content\/uploads\/Alpha-Logistics-international-moving-company-1024x481.png 1024w, https:\/\/moverdb.com\/wp-content\/uploads\/Alpha-Logistics-international-moving-company-18x8.png 18w, https:\/\/moverdb.com\/wp-content\/uploads\/Alpha-Logistics-international-moving-company-600x282.png 600w\" sizes=\"auto, (max-width: 1440px) 100vw, 1440px\" \/><\/em><\/p>\n<ul>\n<li>Nacionalne po\u0161iljke<\/li>\n<li>Mednarodne po\u0161iljke<\/li>\n<li>Prilagodljiva storitev<\/li>\n<li>Poskrbljeno je za \u0161iroko paleto blaga<\/li>\n<li>Storitev od vrat do vrat<\/li>\n<li>Storitev od vrat do letali\u0161\u010da ali pristani\u0161\u010da<\/li>\n<li>Cestni, pomorski in zra\u010dni prevoz<\/li>\n<li>Obra\u010dun po meri<\/li>\n<li>Obvestila in dokazila o prihodih<\/li>\n<li>Skladi\u0161\u010da za kratkoro\u010dno in dolgoro\u010dno skladi\u0161\u010denje<\/li>\n<\/ul>\n<p>Dru\u017eba Alpha Logistics je bila ustanovljena leta 1999 in trdi, da je eden najbolj\u0161ih ponudnikov \u0161pediterskih in logisti\u010dnih storitev v Banglade\u0161u. So \u010dlani zdru\u017eenja IAM, ki se ukvarja s prevozom in <a href=\"https:\/\/moverdb.com\/sl\/relocation-agents\/\" data-internallinksmanager029f6b8e52c=\"1\" title=\"7 razlogov, zakaj bi morali uporabiti agenta za selitev?\">agent za selitev<\/a>. Imajo mre\u017eo globalnih zastopnikov, ki jim omogo\u010dajo mednarodno opravljanje storitev.<\/p>\n<p>Dru\u017eba Alpha Logistics ponuja samo prevozne storitve, pri katerih zagotavlja storitve od vrat do vrat, od vrat do letali\u0161\u010da\/doka ali od letali\u0161\u010da\/doka do vrat, ki vklju\u010dujejo carinjenje va\u0161e po\u0161iljke. Ponujajo tudi vrsto tovornjakov in kombijev za prevoz va\u0161ega blaga v Banglade\u0161u. V svojih skladi\u0161\u010dih nudijo mo\u017enost kratkoro\u010dnega in dolgoro\u010dnega skladi\u0161\u010denja.<\/p>\n<p>Spletna stran: <a href=\"http:\/\/www.alphagroupbd.com\" target=\"_blank\" rel=\"noopener\">http:\/\/www.alphagroupbd.com<\/a><\/p>\n<h2><span class=\"ez-toc-section\" id=\"3_Apolloline_Shipping_Service\"><\/span><strong>3. Apolloline Shipping Service<\/strong><span class=\"ez-toc-section-end\"><\/span><\/h2>\n<p><img loading=\"lazy\" decoding=\"async\" class=\"alignnone size-full wp-image-5229\" src=\"https:\/\/moverdb.com\/wp-content\/uploads\/Apolloline-international-moving-company.png\" alt=\"Apolloline mednarodno gibanje podjetje\" width=\"1440\" height=\"682\" data-wp-pid=\"5229\" srcset=\"https:\/\/moverdb.com\/wp-content\/uploads\/Apolloline-international-moving-company.png 1440w, https:\/\/moverdb.com\/wp-content\/uploads\/Apolloline-international-moving-company-300x142.png 300w, https:\/\/moverdb.com\/wp-content\/uploads\/Apolloline-international-moving-company-1024x485.png 1024w, https:\/\/moverdb.com\/wp-content\/uploads\/Apolloline-international-moving-company-18x9.png 18w, https:\/\/moverdb.com\/wp-content\/uploads\/Apolloline-international-moving-company-600x284.png 600w\" sizes=\"auto, (max-width: 1440px) 100vw, 1440px\" \/><\/p>\n<ul>\n<li>Nacionalne selitve<\/li>\n<li>Mednarodne selitve<\/li>\n<li>Selitve pisarn in gospodinjstev<\/li>\n<li>Cestni, pomorski in zra\u010dni prevoz<\/li>\n<li>Profesionalna ekipa pakircev<\/li>\n<li>Visokokakovostni embala\u017eni materiali<\/li>\n<li>Starine in likovna umetnost<\/li>\n<li>Carinjenje<\/li>\n<li><a href=\"https:\/\/moverdb.com\/sl\/car-transport-shipping\/\" data-internallinksmanager029f6b8e52c=\"2\" title=\"2026 Kvote za mednarodni prevoz avtomobilov in prevoz vozil\">Prevoz vozil<\/a><\/li>\n<li>Re\u0161itve za shranjevanje<\/li>\n<\/ul>\n<p>Apolloline Shipping Service je mednarodna \u0161pedicija in <a href=\"https:\/\/moverdb.com\/sl\/moving-companies\/\" data-internallinksmanager029f6b8e52c=\"79\" title=\"Top 25 Mednarodne selitve podjetja Online\">selitev podjetja<\/a> s sede\u017eem v Daki in podru\u017enico v Chottogramu. Trdijo, da so vodilni ponudnik v Banglade\u0161u, in so \u010dlan IAM z desetletnim sta\u017eem. Skrbijo za selitve pisarn in gospodinjstev v Banglade\u0161u in na mednarodni ravni.<\/p>\n<p>Apolloline Shipping Service ponuja selitvene storitve, ki vklju\u010dujejo strokovno ekipo pakircev, ki uporablja najbolj\u0161e tehnike pakiranja in selitve ter visokokakovostne pakirne materiale za za\u0161\u010dito va\u0161ega premo\u017eenja. Zagotavljajo mo\u017enosti prevoza, vklju\u010dno s cestnim, pomorskim in zra\u010dnim prevozom, ter poskrbijo za carinjenje. Ponujajo tudi vmesna skladi\u0161\u010da.<\/p>\n<p>Spletna stran: <a href=\"http:\/\/www.apolloline.com\" target=\"_blank\" rel=\"noopener\">http:\/\/www.apolloline. com<\/a><\/p>\n<h2><span class=\"ez-toc-section\" id=\"4_Carry_Link_Packers_Shippers\"><\/span><strong>4. Carry Link Packers &amp; Shippers<\/strong><span class=\"ez-toc-section-end\"><\/span><\/h2>\n<p><em><img loading=\"lazy\" decoding=\"async\" class=\"alignnone size-full wp-image-5153\" src=\"https:\/\/moverdb.com\/wp-content\/uploads\/Carry-Link-Packers-and-Shippers-international-moving-company.png\" alt=\"Carry Link Packers in Shippers mednarodno gibljejo podjetje\" width=\"1440\" height=\"677\" data-wp-pid=\"5153\" srcset=\"https:\/\/moverdb.com\/wp-content\/uploads\/Carry-Link-Packers-and-Shippers-international-moving-company.png 1440w, https:\/\/moverdb.com\/wp-content\/uploads\/Carry-Link-Packers-and-Shippers-international-moving-company-300x141.png 300w, https:\/\/moverdb.com\/wp-content\/uploads\/Carry-Link-Packers-and-Shippers-international-moving-company-1024x481.png 1024w, https:\/\/moverdb.com\/wp-content\/uploads\/Carry-Link-Packers-and-Shippers-international-moving-company-18x8.png 18w, https:\/\/moverdb.com\/wp-content\/uploads\/Carry-Link-Packers-and-Shippers-international-moving-company-600x282.png 600w\" sizes=\"auto, (max-width: 1440px) 100vw, 1440px\" \/><\/em><\/p>\n<ul>\n<li>Nacionalni ladijski promet<\/li>\n<li><a href=\"https:\/\/moverdb.com\/sl\/container-shipping\/\" data-internallinksmanager029f6b8e52c=\"3\" title=\"Mednarodni cenik prevozov zabojnikov: april 2026\">Mednarodno po\u0161iljanje<\/a><\/li>\n<li>Selitve gospodinjstev<\/li>\n<li>Storitve poslovnega tovora<\/li>\n<li>Storitve od vrat do vrat<\/li>\n<li>Kopenski, zra\u010dni in pomorski prevoz<\/li>\n<li>Carinjenje<\/li>\n<li>Zavarovanje<\/li>\n<li>Prostori za shranjevanje<\/li>\n<li>Mre\u017ea pridru\u017eenih zastopnikov po vsem svetu<\/li>\n<\/ul>\n<p>Carry Link Packers &amp; Shippers je zastopnik za selitev in po\u0161iljanje, ki je bil ustanovljen leta 1999, ima sede\u017e v Daki v Banglade\u0161u in je \u010dlan zdru\u017eenja IAM z 20-letnim delovanjem. Nudijo storitve \u0161pedicije, carinjenja in pakiranja. Poskrbijo za podjetja, ki potrebujejo tovor, in za gospodinjstva, ki potrebujejo selitev.<\/p>\n<p>Carry Link Packers &amp; Shippers ponuja storitve od vrat do vrat in pakiranje za gospodinjstva ter jim pomaga pri selitvi domov na nacionalni in mednarodni ravni. Nudijo selitvene storitve po kopnem, morju in zraku, ki vklju\u010dujejo zavarovanje in carinjenje. Svoje mednarodne storitve zagotavljajo prek mre\u017ee povezanih zastopnikov po vsem svetu.<\/p>\n<p>Spletna stran: <a href=\"http:\/\/www.carrylink.org\" target=\"_blank\" rel=\"noopener\">http:\/\/www.carrylink.org<\/a><\/p>\n<h2><span class=\"ez-toc-section\" id=\"5_Homebound\"><\/span><strong>5. Doma\u010da oskrba<\/strong><span class=\"ez-toc-section-end\"><\/span><\/h2>\n<p><em><img loading=\"lazy\" decoding=\"async\" class=\"alignnone size-full wp-image-5174\" src=\"https:\/\/moverdb.com\/wp-content\/uploads\/Homebound-international-moving-company.png\" alt=\"Homebound mednarodno gibljejo podjetje\" width=\"1440\" height=\"678\" data-wp-pid=\"5174\" srcset=\"https:\/\/moverdb.com\/wp-content\/uploads\/Homebound-international-moving-company.png 1440w, https:\/\/moverdb.com\/wp-content\/uploads\/Homebound-international-moving-company-300x141.png 300w, https:\/\/moverdb.com\/wp-content\/uploads\/Homebound-international-moving-company-1024x482.png 1024w, https:\/\/moverdb.com\/wp-content\/uploads\/Homebound-international-moving-company-18x8.png 18w, https:\/\/moverdb.com\/wp-content\/uploads\/Homebound-international-moving-company-600x283.png 600w\" sizes=\"auto, (max-width: 1440px) 100vw, 1440px\" \/><\/em><\/p>\n<ul>\n<li>Nacionalne selitve<\/li>\n<li>Mednarodne selitve<\/li>\n<li>Selitve pisarn<\/li>\n<li>Selitve stanovanjskih objektov<\/li>\n<li>Cestni, pomorski in zra\u010dni prevoz<\/li>\n<li>Carinsko posredovanje in carinjenje<\/li>\n<li>Storitev pakiranja z uporabo vrhunskih materialov<\/li>\n<li>Tranzitno zavarovanje<\/li>\n<li>premestitve hi\u0161nih ljubljen\u010dkov<\/li>\n<li>Skladi\u0161\u010da za kratkoro\u010dno in dolgoro\u010dno skladi\u0161\u010denje<\/li>\n<\/ul>\n<p>Podjetje Homebound je bilo ustanovljeno leta 1972, je \u010dlan zdru\u017eenja IAM in je akreditirano pri FIDI. Trdijo, da so eden vodilnih ponudnikov logisti\u010dnih storitev mednarodnega prevoza v Banglade\u0161u.  Skrbijo za selitve pisarn in stanovanj, ponujajo pa tudi selitve hi\u0161nih ljubljen\u010dkov in skladi\u0161\u010denje.<\/p>\n<p>Homebound ponuja storitev selitve s svetovalcem, ki bo opravil pregled, pripravil predra\u010dun, koordiniral selitev in vas podpiral na vsakem koraku. Njihove storitve pakiranja o\u0161tevil\u010dijo in popisujejo va\u0161e predmete ter jih varno zapakirajo v vrhunske pakirne materiale. Nudijo tudi pomo\u010d pri iskanju doma.<\/p>\n<p>Spletna stran: <a href=\"http:\/\/www.homeboundbd.com\" target=\"_blank\" rel=\"noopener\">http:\/\/www.homeboundbd.com<\/a> &nbsp;<\/p>","protected":false},"excerpt":{"rendered":"<p>If you are moving home in Bangladesh or about to move to or from Bangladesh, you may want to use a removal company to help ease the moving process. Moving is a stressful time so below we have gathered a list of companies who are members of the International Association of Movers (IAM) and\/or FIDI [&hellip;]<\/p>\n","protected":false},"author":4,"featured_media":0,"parent":190,"menu_order":0,"comment_status":"closed","ping_status":"closed","template":"","meta":{"_genesis_hide_title":false,"_genesis_hide_breadcrumbs":false,"_genesis_hide_singular_image":false,"_genesis_hide_footer_widgets":false,"_genesis_custom_body_class":"","_genesis_custom_post_class":"","_genesis_layout":"","footnotes":""},"class_list":{"0":"post-5228","1":"page","2":"type-page","3":"status-publish","5":"entry","6":"has-post-thumbnail"},"_links":{"self":[{"href":"https:\/\/moverdb.com\/sl\/wp-json\/wp\/v2\/pages\/5228","targetHints":{"allow":["GET"]}}],"collection":[{"href":"https:\/\/moverdb.com\/sl\/wp-json\/wp\/v2\/pages"}],"about":[{"href":"https:\/\/moverdb.com\/sl\/wp-json\/wp\/v2\/types\/page"}],"author":[{"embeddable":true,"href":"https:\/\/moverdb.com\/sl\/wp-json\/wp\/v2\/users\/4"}],"replies":[{"embeddable":true,"href":"https:\/\/moverdb.com\/sl\/wp-json\/wp\/v2\/comments?post=5228"}],"version-history":[{"count":1,"href":"https:\/\/moverdb.com\/sl\/wp-json\/wp\/v2\/pages\/5228\/revisions"}],"predecessor-version":[{"id":5230,"href":"https:\/\/moverdb.com\/sl\/wp-json\/wp\/v2\/pages\/5228\/revisions\/5230"}],"up":[{"embeddable":true,"href":"https:\/\/moverdb.com\/sl\/wp-json\/wp\/v2\/pages\/190"}],"wp:attachment":[{"href":"https:\/\/moverdb.com\/sl\/wp-json\/wp\/v2\/media?parent=5228"}],"curies":[{"name":"wp","href":"https:\/\/api.w.org\/{rel}","templated":true}]}}