{"id":5224,"date":"2022-10-24T11:53:37","date_gmt":"2022-10-24T11:53:37","guid":{"rendered":"https:\/\/moverdb.com\/?page_id=5224"},"modified":"2026-01-08T15:25:03","modified_gmt":"2026-01-08T15:25:03","slug":"azerbajdzan","status":"publish","type":"page","link":"https:\/\/moverdb.com\/sl\/moving-companies\/azerbaijan-moving-companies\/","title":{"rendered":"5 najbolj\u0161ih mednarodnih selitvenih podjetij v Azerbajd\u017eanu"},"content":{"rendered":"<p>Selitev domov je lahko stresna, zato vam lahko nekdo pomaga pri selitvi, da se sprostite pritiska. Ne glede na to, ali se selite znotraj Azerbajd\u017eana ali se selite v Azerbajd\u017ean ali iz Azerbajd\u017eana, vam lahko pri tem pomagajo nekatera podjetja. Pripravili smo seznam <a href=\"https:\/\/moverdb.com\/sl\/international-removals\/\" data-internallinksmanager029f6b8e52c=\"27\" title=\"36 najbolj\u0161ih podjetij za mednarodne selitve v Zdru\u017eenem kraljestvu\">podjetja za selitve<\/a> spodaj, ki so \u010dlani <a href=\"https:\/\/moverdb.com\/sl\/iam\/\" data-internallinksmanager029f6b8e52c=\"23\" title=\"Pojasnila o Mednarodnem zdru\u017eenju gibalcev (IAM)\">Mednarodno zdru\u017eenje movers<\/a> (IAM) in\/ali <a href=\"https:\/\/moverdb.com\/sl\/fidi-faim\/\" data-internallinksmanager029f6b8e52c=\"16\" title=\"Pojasnila o FIDI in FAIM (FIDI Accredited International Mover)\">FIDI<\/a> Akreditirani mednarodni selitveni delavci (FAIM), ki vam lahko pomagajo.<\/p>\n<div id=\"ez-toc-container\" class=\"ez-toc-v2_0_82_2 ez-toc-wrap-left counter-hierarchy ez-toc-counter ez-toc-transparent ez-toc-container-direction\">\n<div class=\"ez-toc-title-container\">\n<p class=\"ez-toc-title\" style=\"cursor:inherit\">Oddelki<\/p>\n<span class=\"ez-toc-title-toggle\"><a href=\"#\" class=\"ez-toc-pull-right ez-toc-btn ez-toc-btn-xs ez-toc-btn-default ez-toc-toggle\" aria-label=\"Toggle Tabela vsebine\"><span class=\"ez-toc-js-icon-con\"><span class=\"\"><span class=\"eztoc-hide\" style=\"display:none;\">Toggle<\/span><span class=\"ez-toc-icon-toggle-span\"><svg style=\"fill: #999;color:#999\" xmlns=\"http:\/\/www.w3.org\/2000\/svg\" class=\"list-377408\" width=\"20px\" height=\"20px\" viewbox=\"0 0 24 24\" fill=\"none\"><path d=\"M6 6H4v2h2V6zm14 0H8v2h12V6zM4 11h2v2H4v-2zm16 0H8v2h12v-2zM4 16h2v2H4v-2zm16 0H8v2h12v-2z\" fill=\"currentColor\"><\/path><\/svg><svg style=\"fill: #999;color:#999\" class=\"arrow-unsorted-368013\" xmlns=\"http:\/\/www.w3.org\/2000\/svg\" width=\"10px\" height=\"10px\" viewbox=\"0 0 24 24\" version=\"1.2\" baseprofile=\"tiny\"><path d=\"M18.2 9.3l-6.2-6.3-6.2 6.3c-.2.2-.3.4-.3.7s.1.5.3.7c.2.2.4.3.7.3h11c.3 0 .5-.1.7-.3.2-.2.3-.5.3-.7s-.1-.5-.3-.7zM5.8 14.7l6.2 6.3 6.2-6.3c.2-.2.3-.5.3-.7s-.1-.5-.3-.7c-.2-.2-.4-.3-.7-.3h-11c-.3 0-.5.1-.7.3-.2.2-.3.5-.3.7s.1.5.3.7z\"\/><\/svg><\/span><\/span><\/span><\/a><\/span><\/div>\n<nav><ul class='ez-toc-list ez-toc-list-level-1 eztoc-toggle-hide-by-default' ><li class='ez-toc-page-1 ez-toc-heading-level-2'><a class=\"ez-toc-link ez-toc-heading-1\" href=\"https:\/\/moverdb.com\/sl\/moving-companies\/azerbaijan-moving-companies\/#1_ACE_Forwarding\" >1. Posredovanje ACE<\/a><\/li><li class='ez-toc-page-1 ez-toc-heading-level-2'><a class=\"ez-toc-link ez-toc-heading-2\" href=\"https:\/\/moverdb.com\/sl\/moving-companies\/azerbaijan-moving-companies\/#2_Allright_Moving_Storage\" >2. Allright Moving &amp; Storage<\/a><\/li><li class='ez-toc-page-1 ez-toc-heading-level-2'><a class=\"ez-toc-link ez-toc-heading-3\" href=\"https:\/\/moverdb.com\/sl\/moving-companies\/azerbaijan-moving-companies\/#3_Buddy-Mover\" >3. Buddy-Mover<\/a><\/li><li class='ez-toc-page-1 ez-toc-heading-level-2'><a class=\"ez-toc-link ez-toc-heading-4\" href=\"https:\/\/moverdb.com\/sl\/moving-companies\/azerbaijan-moving-companies\/#4_Gosselin\" >4. Gosselin<\/a><\/li><li class='ez-toc-page-1 ez-toc-heading-level-2'><a class=\"ez-toc-link ez-toc-heading-5\" href=\"https:\/\/moverdb.com\/sl\/moving-companies\/azerbaijan-moving-companies\/#5_Interdean_International_Relocations\" >5. Mednarodne selitve Interdean<\/a><\/li><\/ul><\/nav><\/div>\n<h2><span class=\"ez-toc-section\" id=\"1_ACE_Forwarding\"><\/span><strong>1. Posredovanje ACE<\/strong><span class=\"ez-toc-section-end\"><\/span><\/h2>\n<p><em><img loading=\"lazy\" decoding=\"async\" class=\"alignnone size-full wp-image-5136\" src=\"https:\/\/moverdb.com\/wp-content\/uploads\/ACE-Forwarding-international-moving-company.png\" alt=\"ACE Forwarding mednarodna selitev podjetja\" width=\"1440\" height=\"685\" data-wp-pid=\"5136\" srcset=\"https:\/\/moverdb.com\/wp-content\/uploads\/ACE-Forwarding-international-moving-company.png 1440w, https:\/\/moverdb.com\/wp-content\/uploads\/ACE-Forwarding-international-moving-company-300x143.png 300w, https:\/\/moverdb.com\/wp-content\/uploads\/ACE-Forwarding-international-moving-company-1024x487.png 1024w, https:\/\/moverdb.com\/wp-content\/uploads\/ACE-Forwarding-international-moving-company-18x9.png 18w, https:\/\/moverdb.com\/wp-content\/uploads\/ACE-Forwarding-international-moving-company-600x285.png 600w\" sizes=\"auto, (max-width: 1440px) 100vw, 1440px\" \/><\/em><\/p>\n<ul>\n<li>Mednarodne selitve<\/li>\n<li>Storitve premestitve<\/li>\n<li>Selitve gospodinjstev in podjetij<\/li>\n<li>Letalski, pomorski, \u017eelezni\u0161ki in cestni promet<\/li>\n<li>Prevozi v razsutem stanju, zbirni prevozi in prevozi zabojnikov<\/li>\n<li>Prevoz likovne umetnosti<\/li>\n<li>Carinsko posredovanje<\/li>\n<li>Prevoz vozil in \u010dolnov<\/li>\n<li>Prevoz hi\u0161nih ljubljen\u010dkov<\/li>\n<li>Re\u0161itve za dolgoro\u010dno in kratkoro\u010dno skladi\u0161\u010denje<\/li>\n<\/ul>\n<p>ACE Forwarding je multimodalno logisti\u010dno in \u0161peditersko podjetje, ki je bilo ustanovljeno leta 1996 v Azerbajd\u017eanu, svoje pisarne pa ima tudi v <a href=\"https:\/\/moverdb.com\/sl\/selitev-podjetja\/selitev-podjetja-georgia\/\">Georgia<\/a>. So \u010dlani zdru\u017eenja IAM s 25 leti delovne dobe. Nudijo selitvene storitve v Azerbajd\u017ean, mednarodne selitve ter selitvene storitve za gospodinjstva in podjetja.<\/p>\n<p>ACE Forwarding ponuja pregled pred selitvijo in ponudbe, prilagojene va\u0161im potrebam. Nudijo storitve pakiranja z uporabo materialov, posebej zasnovanih za vsebino, in strokovnih tehnik pakiranja ter razstavljanja in sestavljanja pohi\u0161tva. Pomagajo tudi pri carinskem posredovanju, prevozu hi\u0161nih ljubljen\u010dkov in vozil, zavarovanju ter kratkoro\u010dnem ali dolgoro\u010dnem skladi\u0161\u010denju.<\/p>\n<p>Spletna stran: <a href=\"http:\/\/www.acecaspian.com\" target=\"_blank\" rel=\"noopener\">http:\/\/www.acecaspian.com<\/a><\/p>\n<h2><span class=\"ez-toc-section\" id=\"2_Allright_Moving_Storage\"><\/span><strong>2. Allright Moving &amp; Storage<\/strong><span class=\"ez-toc-section-end\"><\/span><\/h2>\n<p><em><img loading=\"lazy\" decoding=\"async\" class=\"alignnone size-full wp-image-5141\" src=\"https:\/\/moverdb.com\/wp-content\/uploads\/Allright-Moving-and-Storage-international-moving-company.png\" alt=\"Allright Moving and Storage mednarodno gibanje podjetje\" width=\"1440\" height=\"677\" data-wp-pid=\"5141\" srcset=\"https:\/\/moverdb.com\/wp-content\/uploads\/Allright-Moving-and-Storage-international-moving-company.png 1440w, https:\/\/moverdb.com\/wp-content\/uploads\/Allright-Moving-and-Storage-international-moving-company-300x141.png 300w, https:\/\/moverdb.com\/wp-content\/uploads\/Allright-Moving-and-Storage-international-moving-company-1024x481.png 1024w, https:\/\/moverdb.com\/wp-content\/uploads\/Allright-Moving-and-Storage-international-moving-company-18x8.png 18w, https:\/\/moverdb.com\/wp-content\/uploads\/Allright-Moving-and-Storage-international-moving-company-600x282.png 600w\" sizes=\"auto, (max-width: 1440px) 100vw, 1440px\" \/><\/em><\/p>\n<ul>\n<li>Lokalne in nacionalne selitve<\/li>\n<li>Mednarodne selitve<\/li>\n<li>Selitve stanovanjskih objektov<\/li>\n<li>Selitve pisarn in podjetij<\/li>\n<li>Strokovno in vljudno osebje<\/li>\n<li>Demonta\u017ea in monta\u017ea pohi\u0161tva<\/li>\n<li>Tranzitno zavarovanje<\/li>\n<li>Carinjenje<\/li>\n<li><a href=\"https:\/\/moverdb.com\/sl\/car-transport-shipping\/\" data-internallinksmanager029f6b8e52c=\"2\" title=\"2026 Kvote za mednarodni prevoz avtomobilov in prevoz vozil\">Prevoz avtomobilov<\/a><\/li>\n<li>Re\u0161itve za shranjevanje<\/li>\n<\/ul>\n<p>Podjetje Allright Moving &amp; Storage trdi, da je eno od vodilnih azerbajd\u017eanskih podjetij za \u0161pedicijo in selitev. Nudijo storitve selitve gospodinjstev in podjetij v Azerbajd\u017eanu, iz njega ali v Azerbajd\u017ean. Je \u010dlan zdru\u017eenja IAM s sedemletnim sta\u017eem. Imajo mre\u017eo podizvajalcev in partnerjev za mednarodne selitve, ki jim pomagajo pri mednarodnih selitvah.<\/p>\n<p>Podjetje Allright Moving &amp; Storage ponuja izku\u0161ene geodete, ki ocenijo va\u0161e potrebe in vam svetujejo. Pakirajo va\u0161e stvari, razstavijo in sestavijo pohi\u0161tvo ter poskrbijo za tranzitno zavarovanje in carinjenje. Nudijo vam lahko tudi storitve prevoza avtomobilov. Ponujajo od kratkoro\u010dnih do dolgoro\u010dnih, popolnoma varnih in klimatsko nadzorovanih skladi\u0161\u010dnih prostorov.<\/p>\n<p>Spletna stran: <a href=\"http:\/\/www.allrightmoving.com\" target=\"_blank\" rel=\"noopener\">http:\/\/www.allrightmoving.com<\/a><\/p>\n<h2><span class=\"ez-toc-section\" id=\"3_Buddy-Mover\"><\/span><strong>3. Buddy-Mover<\/strong><span class=\"ez-toc-section-end\"><\/span><\/h2>\n<p><em><img loading=\"lazy\" decoding=\"async\" class=\"alignnone size-full wp-image-5151\" src=\"https:\/\/moverdb.com\/wp-content\/uploads\/Buddy-Mover-international-moving-company.png\" alt=\"Buddy Mover mednarodno gibljejo podjetje\" width=\"1440\" height=\"680\" data-wp-pid=\"5151\" srcset=\"https:\/\/moverdb.com\/wp-content\/uploads\/Buddy-Mover-international-moving-company.png 1440w, https:\/\/moverdb.com\/wp-content\/uploads\/Buddy-Mover-international-moving-company-300x142.png 300w, https:\/\/moverdb.com\/wp-content\/uploads\/Buddy-Mover-international-moving-company-1024x484.png 1024w, https:\/\/moverdb.com\/wp-content\/uploads\/Buddy-Mover-international-moving-company-18x9.png 18w, https:\/\/moverdb.com\/wp-content\/uploads\/Buddy-Mover-international-moving-company-600x283.png 600w\" sizes=\"auto, (max-width: 1440px) 100vw, 1440px\" \/><\/em><\/p>\n<ul>\n<li>Lokalne in nacionalne selitve<\/li>\n<li>Mednarodne selitve<\/li>\n<li>Selitve stanovanjskih objektov<\/li>\n<li>Poslovne poteze<\/li>\n<li>Strokovno in usposobljeno osebje<\/li>\n<li>Visok standard pakiranja<\/li>\n<li>popisi za spremljanje va\u0161ega premo\u017eenja<\/li>\n<li>Cestni, zra\u010dni in pomorski tovorni promet<\/li>\n<li>Tranzitno zavarovanje<\/li>\n<li>Kratkoro\u010dno do dolgoro\u010dno skladi\u0161\u010denje<\/li>\n<\/ul>\n<p>Buddy-Mover je selitveno podjetje s sede\u017eem v Bakuju v Azerbajd\u017eanu, ki je \u010dlan IAM \u017ee \u0161tiri leta. Nudijo lokalne, nacionalne in mednarodne selitvene storitve, ki so namenjene tako stanovanjskim kot poslovnim strankam. Zaposlujejo strokovno osebje, ki je visoko usposobljeno za tehnike selitve in pakiranje.<\/p>\n<p>Dru\u017eba Buddy-Mover pred selitvijo opravi osebno anketo, da oceni va\u0161e potrebe, carinske zahteve in mo\u017enosti po\u0161iljanja. Njihovo osebje za selitve bo va\u0161e stvari varno zapakiralo, sestavilo popis in poskrbelo za prevoz po cesti, zraku ali morju. Ponujajo tudi mo\u017enosti kratkotrajnega in dolgotrajnega varnega skladi\u0161\u010denja v svojem skladi\u0161\u010du s trezorjem.<\/p>\n<p>Spletna stran: <a href=\"http:\/\/www.buddy-mover.com\" target=\"_blank\" rel=\"noopener\">http:\/\/www.buddy-mover.com<\/a><\/p>\n<h2><span class=\"ez-toc-section\" id=\"4_Gosselin\"><\/span><strong>4. Gosselin<\/strong><span class=\"ez-toc-section-end\"><\/span><\/h2>\n<p><em><img loading=\"lazy\" decoding=\"async\" class=\"alignnone size-full wp-image-5170\" src=\"https:\/\/moverdb.com\/wp-content\/uploads\/Gosselin-Azerbaijan-international-moving-company.png\" alt=\"Gosselin Azerbajd\u017ean mednarodno gibanje podjetje\" width=\"1440\" height=\"681\" data-wp-pid=\"5170\" srcset=\"https:\/\/moverdb.com\/wp-content\/uploads\/Gosselin-Azerbaijan-international-moving-company.png 1440w, https:\/\/moverdb.com\/wp-content\/uploads\/Gosselin-Azerbaijan-international-moving-company-300x142.png 300w, https:\/\/moverdb.com\/wp-content\/uploads\/Gosselin-Azerbaijan-international-moving-company-1024x484.png 1024w, https:\/\/moverdb.com\/wp-content\/uploads\/Gosselin-Azerbaijan-international-moving-company-18x9.png 18w, https:\/\/moverdb.com\/wp-content\/uploads\/Gosselin-Azerbaijan-international-moving-company-600x284.png 600w\" sizes=\"auto, (max-width: 1440px) 100vw, 1440px\" \/><\/em><\/p>\n<ul>\n<li>Mednarodne selitve<\/li>\n<li>Selitev gospodinjstva<\/li>\n<li>Selitev pisarne<\/li>\n<li>Pakiranje, prevoz in razpakiranje<\/li>\n<li>Likovna umetnost se premika<\/li>\n<li>hi\u0161ni ljubljen\u010dek se gibljejo<\/li>\n<li>Prevoz avtomobilov<\/li>\n<li>Re\u0161itve za shranjevanje<\/li>\n<li>Odve\u010dna prtljaga<\/li>\n<li>Storitve potujo\u010dih razstav<\/li>\n<\/ul>\n<p>Gosselin je selitveno podjetje, ki je del skupine Gosselin, ustanovljene leta 1930 v <a href=\"https:\/\/moverdb.com\/sl\/moving-to-belgium\/\" data-internallinksmanager029f6b8e52c=\"323\" title=\"Selitev v Belgijo? 2023 \u017divljenjski stro\u0161ki in nasveti za selitev\">Belgija<\/a> in v Azerbajd\u017eanu deluje \u017ee ve\u010d kot 20 let. Skrbijo za diplomate, zaposlene v podjetjih in zasebna gospodinjstva, ki opravljajo mednarodne prevoze. So \u010dlani zdru\u017eenja IAM s 23-letnim sta\u017eem.<\/p>\n<p>Gosselin ponuja prilagojene storitve, ki ustrezajo potrebam va\u0161e dru\u017eine ali podjetja, in sicer strokovno pakiranje, vrhunske pakirne materiale in storitve razpakiranja. Zagotavljajo zavarovanje, selitev likovnih umetnin, prevoz avtomobilov in selitev hi\u0161nih ljubljen\u010dkov s certifikatom Ipata. Zagotavljajo tudi re\u0161itve za skladi\u0161\u010denje in \u0161pediterske storitve, vklju\u010dno s prese\u017eno prtljago in potujo\u010dimi razstavami.<\/p>\n<p>Spletna stran: <a href=\"https:\/\/gosselin-moving.com\/azerbaijan\" target=\"_blank\" rel=\"noopener\">https:\/\/gosselin-moving.com\/azerbaijan<\/a><\/p>\n<h2><span class=\"ez-toc-section\" id=\"5_Interdean_International_Relocations\"><\/span><strong>5. Mednarodne selitve Interdean<\/strong><span class=\"ez-toc-section-end\"><\/span><\/h2>\n<p><em><img loading=\"lazy\" decoding=\"async\" class=\"alignnone size-full wp-image-5175\" src=\"https:\/\/moverdb.com\/wp-content\/uploads\/Interdean-International-Relocations-international-moving-company.png\" alt=\"Interdean International Relocations mednarodno selitev podjetje\" width=\"1440\" height=\"683\" data-wp-pid=\"5175\" srcset=\"https:\/\/moverdb.com\/wp-content\/uploads\/Interdean-International-Relocations-international-moving-company.png 1440w, https:\/\/moverdb.com\/wp-content\/uploads\/Interdean-International-Relocations-international-moving-company-300x142.png 300w, https:\/\/moverdb.com\/wp-content\/uploads\/Interdean-International-Relocations-international-moving-company-1024x486.png 1024w, https:\/\/moverdb.com\/wp-content\/uploads\/Interdean-International-Relocations-international-moving-company-18x9.png 18w, https:\/\/moverdb.com\/wp-content\/uploads\/Interdean-International-Relocations-international-moving-company-600x285.png 600w\" sizes=\"auto, (max-width: 1440px) 100vw, 1440px\" \/><\/em><\/p>\n<ul>\n<li>Mednarodne selitve<\/li>\n<li>Doma\u010de poteze<\/li>\n<li>Premiki podjetij<\/li>\n<li>Storitev premestitve<\/li>\n<li>Priprava, pakiranje in razpakiranje va\u0161ih stvari<\/li>\n<li>Mo\u017enosti cestnega, pomorskega in zra\u010dnega prevoza tovora<\/li>\n<li>Tranzitno zavarovanje<\/li>\n<li>Podpora pri carinjenju<\/li>\n<li>Kratkoro\u010dno do dolgoro\u010dno skladi\u0161\u010denje<\/li>\n<li>Pomo\u010d pri iskanju stanovanja ali kratkoro\u010dnega najema<\/li>\n<\/ul>\n<p>Interdean International Relocations je mednarodno podjetje za upravljanje selitev s sede\u017eem v Bakuju v Azerbajd\u017eanu. Je \u010dlan zdru\u017eenja IAM, ki deluje \u017ee 24 let in ima akreditacijo FIDI.<\/p>\n<p>Interdean International Relocations ponuja specializirane \u0161katle, oblikovane za vsebino, ki jo najbolje \u0161\u010ditijo, in prilagojene zaboje za dragocene ali krhke predmete. Va\u0161o lastnino bodo v celoti popisali v popisu, jo razpakirali in odstranili ves embala\u017eni material. Nudijo prevoz po cesti, zraku in morju ter vam pomagajo pri carinjenju. Ponujajo tudi razli\u010dne re\u0161itve za skladi\u0161\u010denje od majhnih do velikih koli\u010din za kraj\u0161i ali dalj\u0161i \u010das.<\/p>\n<p>Spletna stran: <a href=\"http:\/\/www.interdean.com.az\" target=\"_blank\" rel=\"noopener\">http:\/\/www.interdean.com.az<\/a><\/p>","protected":false},"excerpt":{"rendered":"<p>Moving home can be stressful so getting someone to assist you in your move can help release the pressure. Whether you are moving within Azerbaijan, or moving to or from Azerbaijan, there are companies that can assist. We have compiled a list of removal companies below that are members of the International Association of Movers [&hellip;]<\/p>\n","protected":false},"author":4,"featured_media":0,"parent":190,"menu_order":0,"comment_status":"closed","ping_status":"closed","template":"","meta":{"_genesis_hide_title":false,"_genesis_hide_breadcrumbs":false,"_genesis_hide_singular_image":false,"_genesis_hide_footer_widgets":false,"_genesis_custom_body_class":"","_genesis_custom_post_class":"","_genesis_layout":"","footnotes":""},"class_list":{"0":"post-5224","1":"page","2":"type-page","3":"status-publish","5":"entry","6":"has-post-thumbnail"},"_links":{"self":[{"href":"https:\/\/moverdb.com\/sl\/wp-json\/wp\/v2\/pages\/5224","targetHints":{"allow":["GET"]}}],"collection":[{"href":"https:\/\/moverdb.com\/sl\/wp-json\/wp\/v2\/pages"}],"about":[{"href":"https:\/\/moverdb.com\/sl\/wp-json\/wp\/v2\/types\/page"}],"author":[{"embeddable":true,"href":"https:\/\/moverdb.com\/sl\/wp-json\/wp\/v2\/users\/4"}],"replies":[{"embeddable":true,"href":"https:\/\/moverdb.com\/sl\/wp-json\/wp\/v2\/comments?post=5224"}],"version-history":[{"count":2,"href":"https:\/\/moverdb.com\/sl\/wp-json\/wp\/v2\/pages\/5224\/revisions"}],"predecessor-version":[{"id":7595,"href":"https:\/\/moverdb.com\/sl\/wp-json\/wp\/v2\/pages\/5224\/revisions\/7595"}],"up":[{"embeddable":true,"href":"https:\/\/moverdb.com\/sl\/wp-json\/wp\/v2\/pages\/190"}],"wp:attachment":[{"href":"https:\/\/moverdb.com\/sl\/wp-json\/wp\/v2\/media?parent=5224"}],"curies":[{"name":"wp","href":"https:\/\/api.w.org\/{rel}","templated":true}]}}