{"id":4724,"date":"2022-09-30T19:17:52","date_gmt":"2022-09-30T19:17:52","guid":{"rendered":"https:\/\/moverdb.com\/?page_id=4724"},"modified":"2026-01-08T13:20:34","modified_gmt":"2026-01-08T13:20:34","slug":"panama","status":"publish","type":"page","link":"https:\/\/moverdb.com\/sl\/container-shipping\/panama\/","title":{"rendered":"2022 Cene pomorskega prevoza zabojnikov v Panamo in iz nje"},"content":{"rendered":"<div class=\"wp-block-image\">\n<figure class=\"aligncenter size-full\"><img loading=\"lazy\" decoding=\"async\" width=\"1000\" height=\"710\" src=\"https:\/\/moverdb.com\/wp-content\/uploads\/panama-city.jpg\" alt=\"Panoramski pogled na Panama City, Panama\" class=\"wp-image-4693\" srcset=\"https:\/\/moverdb.com\/wp-content\/uploads\/panama-city.jpg 1000w, https:\/\/moverdb.com\/wp-content\/uploads\/panama-city-300x213.jpg 300w, https:\/\/moverdb.com\/wp-content\/uploads\/panama-city-18x12.jpg 18w, https:\/\/moverdb.com\/wp-content\/uploads\/panama-city-600x426.jpg 600w\" sizes=\"auto, (max-width: 1000px) 100vw, 1000px\" \/><\/figure>\n<\/div>\n\n\n<p>Obstaja veliko razlogov za selitev v <strong><a href=\"https:\/\/moverdb.com\/sl\/moving-to-panama\/\" data-internallinksmanager029f6b8e52c=\"432\" title=\"Selitev v Panamo? 2023 \u017divljenjski stro\u0161ki in nasveti za selitev\">Panama<\/a> <\/strong>kot izseljenec. Med njimi so \u010dudovito vreme, nizki \u017eivljenjski stro\u0161ki, \u0161tevilne kulturne znamenitosti, politi\u010dna stabilnost in prijazni doma\u010dini.<\/p>\n\n\n\n<p>Na tamkaj\u0161njem trgu dela je potrebnih veliko strokovnjakov, pla\u010de pa so konkuren\u010dne in imajo nizke dav\u010dne zahteve. Poleg tega je panamska kuhinja izjemna, dr\u017eava pa se pona\u0161a z odli\u010dno urejenim zdravstvenim sistemom.<\/p>\n\n\n\n<p>Ni treba posebej poudarjati, da odlo\u010ditev o selitvi lahko vklju\u010duje tudi prevoz osebnih nepremi\u010dnin z najemom neke vrste prevozne storitve. Panamska morska pristani\u0161\u010da ponujajo odli\u010dne mo\u017enosti za pomorski prevoz tovora.<\/p>\n\n\n\n<p>V tem \u010dlanku smo vklju\u010dili najni\u017ejo ceno Paname <a href=\"https:\/\/moverdb.com\/sl\/container-shipping\/\" data-internallinksmanager029f6b8e52c=\"3\" title=\"Mednarodni cenik prevozov zabojnikov: april 2026\">cene prevoza zabojnikov<\/a> za po\u0161iljanje v dr\u017eavo ali iz nje.<\/p>\n\n\n\n<p>Poleg tega lahko zahtevate ponudbo po meri za to\u010dno dolo\u010deno lokacijo, tako da v zgornjem orodju za ponudbo izpolnite svoje podatke.<\/p>\n\n\n\n<h2 class=\"wp-block-heading\">Stro\u0161ki po\u0161iljanja zabojnikov v Panamo (Col\u00f3n)<\/h2>\n\n\n<div class=\"wp-block-image\">\n<figure class=\"aligncenter size-large\"><img loading=\"lazy\" decoding=\"async\" width=\"1024\" height=\"539\" src=\"https:\/\/moverdb.com\/wp-content\/uploads\/Shipping-Container-Costs-to-Panama-1024x539.png\" alt=\"Stro\u0161ki po\u0161iljanja zabojnikov v Panamo (Col\u00f3n)\" class=\"wp-image-4698\" srcset=\"https:\/\/moverdb.com\/wp-content\/uploads\/Shipping-Container-Costs-to-Panama-1024x539.png 1024w, https:\/\/moverdb.com\/wp-content\/uploads\/Shipping-Container-Costs-to-Panama-300x158.png 300w, https:\/\/moverdb.com\/wp-content\/uploads\/Shipping-Container-Costs-to-Panama-1536x809.png 1536w, https:\/\/moverdb.com\/wp-content\/uploads\/Shipping-Container-Costs-to-Panama-18x9.png 18w, https:\/\/moverdb.com\/wp-content\/uploads\/Shipping-Container-Costs-to-Panama-600x316.png 600w, https:\/\/moverdb.com\/wp-content\/uploads\/Shipping-Container-Costs-to-Panama.png 2000w\" sizes=\"auto, (max-width: 1024px) 100vw, 1024px\" \/><\/figure>\n<\/div>\n\n\n<table id=\"tablepress-182\" class=\"tablepress tablepress-id-182\">\n<thead>\n<tr class=\"row-1\">\n\t<th class=\"column-1\">Namembna dr\u017eava (<a href=\"https:\/\/moverdb.com\/sl\/top-49-container-ports\/\" data-internallinksmanager029f6b8e52c=\"80\" title=\"Top 49 najve\u010djih in najbolj obremenjenih pristani\u0161\u010d za kontejnerje v letu 2025\">Pristani\u0161\u010de<\/a>\/Mesto)<\/th><th class=\"column-2\">20FT<\/th><th class=\"column-3\">40FT<\/th>\n<\/tr>\n<\/thead>\n<tbody class=\"row-striping row-hover\">\n<tr class=\"row-2\">\n\t<td class=\"column-1\"><a href=\"https:\/\/moverdb.com\/sl\/container-shipping\/andorra\/\" data-internallinksmanager029f6b8e52c=\"88\" title=\"2022 Cene pomorskega prevoza zabojnikov v Andoro in iz nje\">Andora (Andorra la Vella)<\/a><\/td><td class=\"column-2\">$4,035<\/td><td class=\"column-3\">$5,908<\/td>\n<\/tr>\n<tr class=\"row-3\">\n\t<td class=\"column-1\"><a href=\"https:\/\/moverdb.com\/sl\/container-shipping\/argentina\/\" data-internallinksmanager029f6b8e52c=\"91\" title=\"2022 Cene pomorskega prevoza zabojnikov v Argentino in iz nje\">Argentina (Buenos Aires)<\/a><\/td><td class=\"column-2\">$600<\/td><td class=\"column-3\">$801<\/td>\n<\/tr>\n<tr class=\"row-4\">\n\t<td class=\"column-1\"><a href=\"https:\/\/moverdb.com\/sl\/container-shipping\/aruba\/\" data-internallinksmanager029f6b8e52c=\"90\" title=\"2022 Cene pomorskega prevoza zabojnikov v Arubo in iz nje\">Aruba (Oranjestad)<\/a><\/td><td class=\"column-2\">$600<\/td><td class=\"column-3\">$801<\/td>\n<\/tr>\n<tr class=\"row-5\">\n\t<td class=\"column-1\"><a href=\"https:\/\/moverdb.com\/sl\/container-shipping\/australia\/\" data-internallinksmanager029f6b8e52c=\"89\" title=\"2026 Cene prevoza zabojnikov v Avstralijo in iz nje\">Avstralija (Sydney)<\/a><\/td><td class=\"column-2\">$10,171<\/td><td class=\"column-3\">NI RELEVANTNO<\/td>\n<\/tr>\n<tr class=\"row-6\">\n\t<td class=\"column-1\"><a href=\"https:\/\/moverdb.com\/sl\/container-shipping\/austria\/\" data-internallinksmanager029f6b8e52c=\"95\" title=\"2022 Cene pomorskega prevoza zabojnikov v Avstrijo in iz nje\">Avstrija (Dunaj)<\/a><\/td><td class=\"column-2\">$4,022<\/td><td class=\"column-3\">NI RELEVANTNO<\/td>\n<\/tr>\n<tr class=\"row-7\">\n\t<td class=\"column-1\"><a href=\"https:\/\/moverdb.com\/sl\/container-shipping\/belize\/\" data-internallinksmanager029f6b8e52c=\"137\" title=\"2022 Cene pomorskega prevoza zabojnikov v Belize in iz njega\">Belize (Belize City)<\/a><\/td><td class=\"column-2\">$891<\/td><td class=\"column-3\">$1,134<\/td>\n<\/tr>\n<tr class=\"row-8\">\n\t<td class=\"column-1\"><a href=\"https:\/\/moverdb.com\/sl\/container-shipping\/brazil\/\" data-internallinksmanager029f6b8e52c=\"98\" title=\"2022 Cene pomorskega prevoza zabojnikov v Brazilijo in iz nje\">Brazilija (Santos)<\/a><\/td><td class=\"column-2\">$1,503<\/td><td class=\"column-3\">$2,380<\/td>\n<\/tr>\n<tr class=\"row-9\">\n\t<td class=\"column-1\"><a href=\"https:\/\/moverdb.com\/sl\/container-shipping\/cambodia\/\" data-internallinksmanager029f6b8e52c=\"101\" title=\"2022 Cene pomorskega prevoza zabojnikov v Kambod\u017eo in iz nje\">Kambod\u017ea (Sihanoukville)<\/a><\/td><td class=\"column-2\">$2,332<\/td><td class=\"column-3\">$2,283<\/td>\n<\/tr>\n<tr class=\"row-10\">\n\t<td class=\"column-1\"><a href=\"https:\/\/moverdb.com\/sl\/container-shipping\/canada\/\" data-internallinksmanager029f6b8e52c=\"102\" title=\"2022 Cene pomorskega prevoza zabojnikov v Kanado in iz nje\">Kanada (Toronto)<\/a><\/td><td class=\"column-2\">$3,657<\/td><td class=\"column-3\">$4,329<\/td>\n<\/tr>\n<tr class=\"row-11\">\n\t<td class=\"column-1\">Kanada (<a href=\"https:\/\/moverdb.com\/sl\/moving-to-canada\/moving-to-vancouver\/\" data-internallinksmanager029f6b8e52c=\"438\" title=\"Selitev v Vancouver? 2023 \u017divljenjski stro\u0161ki in nasveti za selitev\">Vancouver<\/a>)<\/td><td class=\"column-2\">$1,463<\/td><td class=\"column-3\">$2,058<\/td>\n<\/tr>\n<tr class=\"row-12\">\n\t<td class=\"column-1\"><a href=\"https:\/\/moverdb.com\/sl\/container-shipping\/chile\/\" data-internallinksmanager029f6b8e52c=\"104\" title=\"2022 Cene pomorskega prevoza zabojnikov v \u010cile in iz njega\">\u010cile (San Antonio)<\/a><\/td><td class=\"column-2\">$1,012<\/td><td class=\"column-3\">$1,187<\/td>\n<\/tr>\n<tr class=\"row-13\">\n\t<td class=\"column-1\"><a href=\"https:\/\/moverdb.com\/sl\/container-shipping\/china\/\" data-internallinksmanager029f6b8e52c=\"105\" title=\"2022 Cene pomorskega prevoza zabojnikov v in iz Kitajske\">Kitajska (Peking)<\/a><\/td><td class=\"column-2\">$7,590<\/td><td class=\"column-3\">$8,295<\/td>\n<\/tr>\n<tr class=\"row-14\">\n\t<td class=\"column-1\">Kitajska (\u0160anghaj)<\/td><td class=\"column-2\">$10,120<\/td><td class=\"column-3\">$10,290<\/td>\n<\/tr>\n<tr class=\"row-15\">\n\t<td class=\"column-1\"><a href=\"https:\/\/moverdb.com\/sl\/container-shipping\/colombia\/\" data-internallinksmanager029f6b8e52c=\"106\" title=\"2022 Cene pomorskega prevoza zabojnikov v Kolumbijo in iz nje\">Kolumbija (Barranquilla)<\/a><\/td><td class=\"column-2\">$825<\/td><td class=\"column-3\">$1,155<\/td>\n<\/tr>\n<tr class=\"row-16\">\n\t<td class=\"column-1\"><a href=\"https:\/\/moverdb.com\/sl\/container-shipping\/costa-rica\/\" data-internallinksmanager029f6b8e52c=\"138\" title=\"2022 Cene pomorskega prevoza zabojnikov v Kostariko in iz nje\">Kostarika (Limon)<\/a><\/td><td class=\"column-2\">$935<\/td><td class=\"column-3\">$1,302<\/td>\n<\/tr>\n<tr class=\"row-17\">\n\t<td class=\"column-1\"><a href=\"https:\/\/moverdb.com\/sl\/container-shipping\/croatia\/\" data-internallinksmanager029f6b8e52c=\"107\" title=\"2022 Cene pomorskega prevoza zabojnikov na Hrva\u0161ko in iz nje\">Hrva\u0161ka (Reka)<\/a><\/td><td class=\"column-2\">$2,951<\/td><td class=\"column-3\">$5,253<\/td>\n<\/tr>\n<tr class=\"row-18\">\n\t<td class=\"column-1\"><a href=\"https:\/\/moverdb.com\/sl\/container-shipping\/dominican-republic\/\" data-internallinksmanager029f6b8e52c=\"112\" title=\"2022 Cene pomorskega prevoza zabojnikov v Dominikansko republiko in iz nje\">Dominikanska republika (Santo Domingo)<\/a><\/td><td class=\"column-2\">$1,012<\/td><td class=\"column-3\">$1,302<\/td>\n<\/tr>\n<tr class=\"row-19\">\n\t<td class=\"column-1\"><a href=\"https:\/\/moverdb.com\/sl\/container-shipping\/germany\/\" data-internallinksmanager029f6b8e52c=\"118\" title=\"2022 Cene pomorskega prevoza zabojnikov v Nem\u010dijo in iz nje\">Nem\u010dija (Hamburg)<\/a><\/td><td class=\"column-2\">$1,100<\/td><td class=\"column-3\">$1,325<\/td>\n<\/tr>\n<tr class=\"row-20\">\n\t<td class=\"column-1\"><a href=\"https:\/\/moverdb.com\/sl\/container-shipping\/greece\/\" data-internallinksmanager029f6b8e52c=\"120\" title=\"2022 Cene pomorskega prevoza zabojnikov v Gr\u010dijo in iz nje\">Gr\u010dija (Pirej)<\/a><\/td><td class=\"column-2\">$2,035<\/td><td class=\"column-3\">$2,520<\/td>\n<\/tr>\n<tr class=\"row-21\">\n\t<td class=\"column-1\"><a href=\"https:\/\/moverdb.com\/sl\/container-shipping\/guatemala\/\" data-internallinksmanager029f6b8e52c=\"139\" title=\"2022 Cene pomorskega prevoza zabojnikov v Gvatemalo in iz nje\">Gvatemala (mesto Gvatemala)<\/a><\/td><td class=\"column-2\">$748<\/td><td class=\"column-3\">$935<\/td>\n<\/tr>\n<tr class=\"row-22\">\n\t<td class=\"column-1\"><a href=\"https:\/\/moverdb.com\/sl\/container-shipping\/guernsey\/\" data-internallinksmanager029f6b8e52c=\"121\" title=\"2022 Cene pomorskega prevoza zabojnikov v Guernsey in iz njega\">Guernsey (St Peter Port)<\/a><\/td><td class=\"column-2\">$1,466<\/td><td class=\"column-3\">$1,301<\/td>\n<\/tr>\n<tr class=\"row-23\">\n\t<td class=\"column-1\"><a href=\"https:\/\/moverdb.com\/sl\/container-shipping\/haiti\/\" data-internallinksmanager029f6b8e52c=\"122\" title=\"2022 Cene pomorskega prevoza zabojnikov v Haiti in iz njega\">Haiti (Port-au-Prince)<\/a><\/td><td class=\"column-2\">$1,012<\/td><td class=\"column-3\">$1,302<\/td>\n<\/tr>\n<tr class=\"row-24\">\n\t<td class=\"column-1\"><a href=\"https:\/\/moverdb.com\/sl\/container-shipping\/hong-kong\/\" data-internallinksmanager029f6b8e52c=\"123\" title=\"2022 Cene pomorskega prevoza zabojnikov v Hongkong in iz njega\">Hongkong (Hongkong)<\/a><\/td><td class=\"column-2\">$6,750<\/td><td class=\"column-3\">$7,650<\/td>\n<\/tr>\n<tr class=\"row-25\">\n\t<td class=\"column-1\"><a href=\"https:\/\/moverdb.com\/sl\/container-shipping\/india\/\" data-internallinksmanager029f6b8e52c=\"125\" title=\"2022 Cene pomorskega prevoza zabojnikov v Indijo in iz nje\">Indija (Mumbaj)<\/a><\/td><td class=\"column-2\">$2,546<\/td><td class=\"column-3\">$3,318<\/td>\n<\/tr>\n<tr class=\"row-26\">\n\t<td class=\"column-1\"><a href=\"https:\/\/moverdb.com\/sl\/container-shipping\/indonesia\/\" data-internallinksmanager029f6b8e52c=\"126\" title=\"2022 Cene pomorskega prevoza zabojnikov v Indonezijo in iz nje\">Indonezija (D\u017eakarta)<\/a><\/td><td class=\"column-2\">$1,675<\/td><td class=\"column-3\">$1,713<\/td>\n<\/tr>\n<tr class=\"row-27\">\n\t<td class=\"column-1\"><a href=\"https:\/\/moverdb.com\/sl\/container-shipping\/ireland\/\" data-internallinksmanager029f6b8e52c=\"127\" title=\"2022 Cene pomorskega prevoza zabojnikov v Irsko in iz nje\">Irska (Dublin)<\/a><\/td><td class=\"column-2\">$2,604<\/td><td class=\"column-3\">$3,266<\/td>\n<\/tr>\n<tr class=\"row-28\">\n\t<td class=\"column-1\"><a href=\"https:\/\/moverdb.com\/sl\/container-shipping\/isle-of-man\/\" data-internallinksmanager029f6b8e52c=\"128\" title=\"2022 Cene pomorskega prevoza zabojnikov v in iz otoka Man\">Otok Man (Douglas)<\/a><\/td><td class=\"column-2\">$2,604<\/td><td class=\"column-3\">$3,266<\/td>\n<\/tr>\n<tr class=\"row-29\">\n\t<td class=\"column-1\"><a href=\"https:\/\/moverdb.com\/sl\/container-shipping\/israel\/\" data-internallinksmanager029f6b8e52c=\"129\" title=\"2022 Cene pomorskega prevoza zabojnikov v Izrael in iz Izraela\">Izrael (Haifa)<\/a><\/td><td class=\"column-2\">$1,908<\/td><td class=\"column-3\">$2,735<\/td>\n<\/tr>\n<tr class=\"row-30\">\n\t<td class=\"column-1\"><a href=\"https:\/\/moverdb.com\/sl\/container-shipping\/italy\/\" data-internallinksmanager029f6b8e52c=\"130\" title=\"2022 Cene pomorskega prevoza zabojnikov v Italijo in iz nje\">Italija (Trst)<\/a><\/td><td class=\"column-2\">$1,153<\/td><td class=\"column-3\">$2,286<\/td>\n<\/tr>\n<tr class=\"row-31\">\n\t<td class=\"column-1\"><a href=\"https:\/\/moverdb.com\/sl\/container-shipping\/japan\/\" data-internallinksmanager029f6b8e52c=\"131\" title=\"2022 Cene pomorskega prevoza zabojnikov na Japonsko in z Japonske\">Japonska (Tokio)<\/a><\/td><td class=\"column-2\">$2,772<\/td><td class=\"column-3\">$2,804<\/td>\n<\/tr>\n<tr class=\"row-32\">\n\t<td class=\"column-1\"><a href=\"https:\/\/moverdb.com\/sl\/container-shipping\/jersey\/\" data-internallinksmanager029f6b8e52c=\"132\" title=\"2022 Cene pomorskega prevoza zabojnikov v Jersey in iz njega\">Jersey (St Helier)<\/a><\/td><td class=\"column-2\">$1,466<\/td><td class=\"column-3\">$1,301<\/td>\n<\/tr>\n<tr class=\"row-33\">\n\t<td class=\"column-1\"><a href=\"https:\/\/moverdb.com\/sl\/container-shipping\/kuwait\/\" data-internallinksmanager029f6b8e52c=\"135\" title=\"2022 Cene pomorskega prevoza zabojnikov v Kuvajt in iz njega\">Kuvajt (Shuwaikh)<\/a><\/td><td class=\"column-2\">$5,016<\/td><td class=\"column-3\">$5,184<\/td>\n<\/tr>\n<tr class=\"row-34\">\n\t<td class=\"column-1\"><a href=\"https:\/\/moverdb.com\/sl\/container-shipping\/latvia\/\" data-internallinksmanager029f6b8e52c=\"136\" title=\"2022 Cene pomorskega prevoza zabojnikov v Latvijo in iz nje\">Latvija (Riga)<\/a><\/td><td class=\"column-2\">$1,100<\/td><td class=\"column-3\">$1,620<\/td>\n<\/tr>\n<tr class=\"row-35\">\n\t<td class=\"column-1\"><a href=\"https:\/\/moverdb.com\/sl\/container-shipping\/lithuania\/\" data-internallinksmanager029f6b8e52c=\"145\" title=\"2022 Cene pomorskega prevoza zabojnikov v Litvo in iz nje\">Litva (Klaipeda)<\/a><\/td><td class=\"column-2\">$1,100<\/td><td class=\"column-3\">$1,620<\/td>\n<\/tr>\n<tr class=\"row-36\">\n\t<td class=\"column-1\"><a href=\"https:\/\/moverdb.com\/sl\/moving-to-luxembourg\/\" data-internallinksmanager029f6b8e52c=\"349\" title=\"Selitev v Luksemburg? 2023 \u017divljenjski stro\u0161ki in nasveti za selitev\">Luksemburg<\/a><\/td><td class=\"column-2\">$830<\/td><td class=\"column-3\">$1,234<\/td>\n<\/tr>\n<tr class=\"row-37\">\n\t<td class=\"column-1\"><a href=\"https:\/\/moverdb.com\/sl\/container-shipping\/spain\/\" data-internallinksmanager029f6b8e52c=\"182\" title=\"2022 Cene pomorskega prevoza zabojnikov v \u0160panijo in iz nje\">\u0160panija (Valencia)<\/a><\/td><td class=\"column-2\">$7,095<\/td><td class=\"column-3\">$9,794<\/td>\n<\/tr>\n<tr class=\"row-38\">\n\t<td class=\"column-1\"><a href=\"https:\/\/moverdb.com\/sl\/container-shipping\/taiwan\/\" data-internallinksmanager029f6b8e52c=\"183\" title=\"2022 Cene pomorskega prevoza zabojnikov v Tajvan in iz njega\">Tajvan (Kaohsiung)<\/a><\/td><td class=\"column-2\">$5,280<\/td><td class=\"column-3\">$5,400<\/td>\n<\/tr>\n<tr class=\"row-39\">\n\t<td class=\"column-1\"><a href=\"https:\/\/moverdb.com\/sl\/moving-to-the-united-states\/\" data-internallinksmanager029f6b8e52c=\"94\" title=\"Selitev v Zdru\u017eene dr\u017eave Amerike? 2022 \u017divljenjski stro\u0161ki in nasveti za selitev\">ZDA<\/a> (<a href=\"https:\/\/moverdb.com\/sl\/moving-to-los-angeles\/\" data-internallinksmanager029f6b8e52c=\"51\" title=\"Selitev v Los Angeles? 2026 Stro\u0161ki bivanja v Los Angelesu in nasveti za selitev\">Los Angeles<\/a>)<\/td><td class=\"column-2\">$1,123<\/td><td class=\"column-3\">$1,336<\/td>\n<\/tr>\n<tr class=\"row-40\">\n\t<td class=\"column-1\"><a href=\"https:\/\/moverdb.com\/sl\/container-shipping\/united-states\/\" data-internallinksmanager029f6b8e52c=\"87\" title=\"2022 Cene pomorskega prevoza zabojnikov v ZDA in iz njih\">ZDA (New York)<\/a><\/td><td class=\"column-2\">$1,155<\/td><td class=\"column-3\">$1,188<\/td>\n<\/tr>\n<tr class=\"row-41\">\n\t<td class=\"column-1\"><a href=\"https:\/\/moverdb.com\/sl\/container-shipping\/vietnam\/\" data-internallinksmanager029f6b8e52c=\"245\" title=\"2023 Cene pomorskega prevoza zabojnikov v in iz Vietnama\">Vietnam (Saigon)<\/a><\/td><td class=\"column-2\">NI RELEVANTNO<\/td><td class=\"column-3\">$10,313<\/td>\n<\/tr>\n<\/tbody>\n<\/table>\n<!-- #tablepress-182 from cache -->\n\n\n\n<h2 class=\"wp-block-heading\">Stro\u0161ki po\u0161iljanja zabojnikov iz Paname (Col\u00f3n)<\/h2>\n\n\n<div class=\"wp-block-image\">\n<figure class=\"aligncenter size-large\"><img loading=\"lazy\" decoding=\"async\" width=\"1024\" height=\"540\" src=\"https:\/\/moverdb.com\/wp-content\/uploads\/Shipping-Container-Costs-from-Panama-1024x540.png\" alt=\"Stro\u0161ki po\u0161iljanja zabojnikov iz Paname (Col\u00f3n)\" class=\"wp-image-4696\" srcset=\"https:\/\/moverdb.com\/wp-content\/uploads\/Shipping-Container-Costs-from-Panama-1024x540.png 1024w, https:\/\/moverdb.com\/wp-content\/uploads\/Shipping-Container-Costs-from-Panama-300x158.png 300w, https:\/\/moverdb.com\/wp-content\/uploads\/Shipping-Container-Costs-from-Panama-1536x809.png 1536w, https:\/\/moverdb.com\/wp-content\/uploads\/Shipping-Container-Costs-from-Panama-18x9.png 18w, https:\/\/moverdb.com\/wp-content\/uploads\/Shipping-Container-Costs-from-Panama-600x316.png 600w, https:\/\/moverdb.com\/wp-content\/uploads\/Shipping-Container-Costs-from-Panama.png 2000w\" sizes=\"auto, (max-width: 1024px) 100vw, 1024px\" \/><\/figure>\n<\/div>\n\n\n<table id=\"tablepress-178\" class=\"tablepress tablepress-id-178\">\n<thead>\n<tr class=\"row-1\">\n\t<th class=\"column-1\">Namembna dr\u017eava (pristani\u0161\u010de\/mesto)<\/th><th class=\"column-2\">20FT<\/th><th class=\"column-3\">40FT<\/th>\n<\/tr>\n<\/thead>\n<tbody class=\"row-striping row-hover\">\n<tr class=\"row-2\">\n\t<td class=\"column-1\">Andora (Andorra la Vella)<\/td><td class=\"column-2\">$1,002<\/td><td class=\"column-3\">$1,424<\/td>\n<\/tr>\n<tr class=\"row-3\">\n\t<td class=\"column-1\">Avstralija (Sydney)<\/td><td class=\"column-2\">$1,825<\/td><td class=\"column-3\">NI RELEVANTNO<\/td>\n<\/tr>\n<tr class=\"row-4\">\n\t<td class=\"column-1\">Avstrija (Dunaj)<\/td><td class=\"column-2\">$250<\/td><td class=\"column-3\">$250<\/td>\n<\/tr>\n<tr class=\"row-5\">\n\t<td class=\"column-1\"><a href=\"https:\/\/moverdb.com\/sl\/container-shipping\/belgium\/\" data-internallinksmanager029f6b8e52c=\"86\" title=\"2022 Cene pomorskega prevoza zabojnikov v Belgijo in iz nje\">Belgija (Antwerpen)<\/a><\/td><td class=\"column-2\">$916<\/td><td class=\"column-3\">$1,329<\/td>\n<\/tr>\n<tr class=\"row-6\">\n\t<td class=\"column-1\">Belize (Belize City)<\/td><td class=\"column-2\">$930<\/td><td class=\"column-3\">$1,476<\/td>\n<\/tr>\n<tr class=\"row-7\">\n\t<td class=\"column-1\">Brazilija (Santos)<\/td><td class=\"column-2\">$1,320<\/td><td class=\"column-3\">$1,533<\/td>\n<\/tr>\n<tr class=\"row-8\">\n\t<td class=\"column-1\">Kanada (Vancouver)<\/td><td class=\"column-2\">$1,313<\/td><td class=\"column-3\">$1,666<\/td>\n<\/tr>\n<tr class=\"row-9\">\n\t<td class=\"column-1\">\u010cile (San Antonio)<\/td><td class=\"column-2\">$936<\/td><td class=\"column-3\">$1,229<\/td>\n<\/tr>\n<tr class=\"row-10\">\n\t<td class=\"column-1\">Kitajska (\u0160anghaj)<\/td><td class=\"column-2\">$517<\/td><td class=\"column-3\">$635<\/td>\n<\/tr>\n<tr class=\"row-11\">\n\t<td class=\"column-1\">Kolumbija (Barranquilla)<\/td><td class=\"column-2\">$385<\/td><td class=\"column-3\">$420<\/td>\n<\/tr>\n<tr class=\"row-12\">\n\t<td class=\"column-1\">Kostarika (Limon)<\/td><td class=\"column-2\">$1,001<\/td><td class=\"column-3\">$1,491<\/td>\n<\/tr>\n<tr class=\"row-13\">\n\t<td class=\"column-1\">Dominikanska republika (Santo Domingo)<\/td><td class=\"column-2\">$1,424<\/td><td class=\"column-3\">$1,904<\/td>\n<\/tr>\n<tr class=\"row-14\">\n\t<td class=\"column-1\">Nem\u010dija (Hamburg)<\/td><td class=\"column-2\">$935<\/td><td class=\"column-3\">$1,260<\/td>\n<\/tr>\n<tr class=\"row-15\">\n\t<td class=\"column-1\"><a href=\"https:\/\/moverdb.com\/sl\/moving-to-gibraltar\/\" data-internallinksmanager029f6b8e52c=\"431\" title=\"Selitev v Gibraltar? 2023 \u017divljenjski stro\u0161ki in nasveti za selitev\">Gibraltar<\/a><\/td><td class=\"column-2\">$977<\/td><td class=\"column-3\">$1,004<\/td>\n<\/tr>\n<tr class=\"row-16\">\n\t<td class=\"column-1\">Gvatemala (mesto Gvatemala)<\/td><td class=\"column-2\">$792<\/td><td class=\"column-3\">$1,040<\/td>\n<\/tr>\n<tr class=\"row-17\">\n\t<td class=\"column-1\">Guernsey (St Peter Port)<\/td><td class=\"column-2\">$814<\/td><td class=\"column-3\">$741<\/td>\n<\/tr>\n<tr class=\"row-18\">\n\t<td class=\"column-1\">Haiti (Port-au-Prince)<\/td><td class=\"column-2\">$1,424<\/td><td class=\"column-3\">$1,904<\/td>\n<\/tr>\n<tr class=\"row-19\">\n\t<td class=\"column-1\">Hongkong (Hongkong)<\/td><td class=\"column-2\">$193<\/td><td class=\"column-3\">$368<\/td>\n<\/tr>\n<tr class=\"row-20\">\n\t<td class=\"column-1\">Indija (Mumbaj)<\/td><td class=\"column-2\">$550<\/td><td class=\"column-3\">$714<\/td>\n<\/tr>\n<tr class=\"row-21\">\n\t<td class=\"column-1\">Indonezija (D\u017eakarta)<\/td><td class=\"column-2\">$950<\/td><td class=\"column-3\">$1,474<\/td>\n<\/tr>\n<tr class=\"row-22\">\n\t<td class=\"column-1\">Italija (Trst)<\/td><td class=\"column-2\">$1,142<\/td><td class=\"column-3\">$1,806<\/td>\n<\/tr>\n<tr class=\"row-23\">\n\t<td class=\"column-1\">Japonska (Tokio)<\/td><td class=\"column-2\">$627<\/td><td class=\"column-3\">$830<\/td>\n<\/tr>\n<tr class=\"row-24\">\n\t<td class=\"column-1\">Jersey (St Helier)<\/td><td class=\"column-2\">$814<\/td><td class=\"column-3\">$741<\/td>\n<\/tr>\n<tr class=\"row-25\">\n\t<td class=\"column-1\">Latvija (Riga)<\/td><td class=\"column-2\">$1,161<\/td><td class=\"column-3\">$1,372<\/td>\n<\/tr>\n<tr class=\"row-26\">\n\t<td class=\"column-1\">Litva (Klaipeda)<\/td><td class=\"column-2\">$1,161<\/td><td class=\"column-3\">$1,372<\/td>\n<\/tr>\n<tr class=\"row-27\">\n\t<td class=\"column-1\">Luksemburg<\/td><td class=\"column-2\">$253<\/td><td class=\"column-3\">$249<\/td>\n<\/tr>\n<tr class=\"row-28\">\n\t<td class=\"column-1\"><a href=\"https:\/\/moverdb.com\/sl\/container-shipping\/mexico\/\" data-internallinksmanager029f6b8e52c=\"162\" title=\"2022 Cene pomorskega prevoza zabojnikov v Mehiko in iz nje\">Mehika (Manzanillo)<\/a><\/td><td class=\"column-2\">$1,037<\/td><td class=\"column-3\">$1,525<\/td>\n<\/tr>\n<tr class=\"row-29\">\n\t<td class=\"column-1\"><a href=\"https:\/\/moverdb.com\/sl\/container-shipping\/netherlands\/\" data-internallinksmanager029f6b8e52c=\"151\" title=\"2022 Cene pomorskega prevoza zabojnikov na Nizozemsko in iz nje\">Nizozemska (Rotterdam)<\/a><\/td><td class=\"column-2\">$916<\/td><td class=\"column-3\">$1,329<\/td>\n<\/tr>\n<\/tbody>\n<\/table>\n<!-- #tablepress-178 from cache -->\n\n\n\n<h3 class=\"wp-block-heading\">Opombe o podatkih:<\/h3>\n\n\n\n<ul class=\"wp-block-list\"><li>Vse \u0161tevilke $ so v ameri\u0161kih dolarjih (USD);<\/li><li>Cene so to\u010dne od za\u010detka leta 2022;<\/li><li>Zemljevidi v tem \u010dlanku so bili ustvarjeni z uporabo <a href=\"https:\/\/www.mapchart.net\" target=\"_blank\" rel=\"noreferrer noopener\">https:\/\/www.mapchart.net<\/a>. Zemljevide lahko prosto delite, \u010de navedete povezavo do <a href=\"https:\/\/moverdb.com\/sl\/\" target=\"_blank\" rel=\"noreferrer noopener\">MoverDB<\/a>;<\/li><li>Zgoraj navedene cene so le okvirne in se lahko od objave tega \u010dlanka (april 2022) spremenijo. Temeljijo na najni\u017eji ocenjeni stopnji iz <a href=\"https:\/\/www.searates.com\" target=\"_blank\" rel=\"noreferrer noopener\">https:\/\/www.searates.com<\/a> ali <a href=\"https:\/\/www.gocomet.com\/freight-shipping-rates-index-calculator\" target=\"_blank\" rel=\"noreferrer noopener\">https:\/\/www.gocomet.com<\/a>;<\/li><li>\u010ce \u017eelite dobiti natan\u010dnej\u0161o predstavo o stro\u0161kih, uporabite obrazec za ponudbo na vrhu te strani;<\/li><li>Oglejte si tudi na\u0161 vodnik po <a href=\"https:\/\/moverdb.com\/sl\/kontejnersko-posiljanje\/\" target=\"_blank\" rel=\"noreferrer noopener\">mednarodni kontejnerski prevoz<\/a>.<\/li><\/ul>","protected":false},"excerpt":{"rendered":"<p>There are many great reasons for moving to Panama as an expat. Some of them include the wonderful weather, the low cost of living, many cultural attractions, the political stability, and the friendly natives. Jobwise, the market there is in need of many experts and wages are competitive and come with low tax requirements. Additionally, [&hellip;]<\/p>\n","protected":false},"author":2,"featured_media":4693,"parent":44,"menu_order":0,"comment_status":"closed","ping_status":"closed","template":"","meta":{"_genesis_hide_title":false,"_genesis_hide_breadcrumbs":false,"_genesis_hide_singular_image":false,"_genesis_hide_footer_widgets":false,"_genesis_custom_body_class":"","_genesis_custom_post_class":"","_genesis_layout":"","footnotes":""},"class_list":{"0":"post-4724","1":"page","2":"type-page","3":"status-publish","4":"has-post-thumbnail","6":"entry"},"_links":{"self":[{"href":"https:\/\/moverdb.com\/sl\/wp-json\/wp\/v2\/pages\/4724","targetHints":{"allow":["GET"]}}],"collection":[{"href":"https:\/\/moverdb.com\/sl\/wp-json\/wp\/v2\/pages"}],"about":[{"href":"https:\/\/moverdb.com\/sl\/wp-json\/wp\/v2\/types\/page"}],"author":[{"embeddable":true,"href":"https:\/\/moverdb.com\/sl\/wp-json\/wp\/v2\/users\/2"}],"replies":[{"embeddable":true,"href":"https:\/\/moverdb.com\/sl\/wp-json\/wp\/v2\/comments?post=4724"}],"version-history":[{"count":1,"href":"https:\/\/moverdb.com\/sl\/wp-json\/wp\/v2\/pages\/4724\/revisions"}],"predecessor-version":[{"id":4725,"href":"https:\/\/moverdb.com\/sl\/wp-json\/wp\/v2\/pages\/4724\/revisions\/4725"}],"up":[{"embeddable":true,"href":"https:\/\/moverdb.com\/sl\/wp-json\/wp\/v2\/pages\/44"}],"wp:featuredmedia":[{"embeddable":true,"href":"https:\/\/moverdb.com\/sl\/wp-json\/wp\/v2\/media\/4693"}],"wp:attachment":[{"href":"https:\/\/moverdb.com\/sl\/wp-json\/wp\/v2\/media?parent=4724"}],"curies":[{"name":"wp","href":"https:\/\/api.w.org\/{rel}","templated":true}]}}