{"id":4641,"date":"2022-09-20T19:45:42","date_gmt":"2022-09-20T19:45:42","guid":{"rendered":"https:\/\/moverdb.com\/?page_id=4641"},"modified":"2026-01-08T15:24:10","modified_gmt":"2026-01-08T15:24:10","slug":"alzirija","status":"publish","type":"page","link":"https:\/\/moverdb.com\/sl\/moving-companies\/algeria\/","title":{"rendered":"3 Najbolj\u0161a mednarodna selitvena podjetja v Al\u017eiriji"},"content":{"rendered":"<p>\u010ce se selite v Al\u017eirijo ali se \u017eelite preseliti v Al\u017eirijo ali iz nje, boste morda potrebovali <a href=\"https:\/\/moverdb.com\/sl\/moving-companies\/\" data-internallinksmanager029f6b8e52c=\"79\" title=\"Top 25 Mednarodne selitve podjetja Online\">selitev podjetja<\/a> za pomo\u010d. Spodaj je seznam tistih, ki so \u010dlani <a href=\"https:\/\/moverdb.com\/sl\/iam\/\" data-internallinksmanager029f6b8e52c=\"23\" title=\"Pojasnila o Mednarodnem zdru\u017eenju gibalcev (IAM)\">Mednarodno zdru\u017eenje movers<\/a> (IAM) in\/ali <a href=\"https:\/\/moverdb.com\/sl\/fidi-faim\/\" data-internallinksmanager029f6b8e52c=\"16\" title=\"Pojasnila o FIDI in FAIM (FIDI Accredited International Mover)\">FIDI<\/a> Akreditirana mednarodna selitev (FAIM), ki vam bo, upajmo, v pomo\u010d.<\/p>\n<h2><strong>1. Cilj Intermovers<\/strong><\/h2>\n<p><em><img loading=\"lazy\" decoding=\"async\" class=\"alignnone wp-image-4642 size-full\" src=\"https:\/\/moverdb.com\/wp-content\/uploads\/Aim-Intermovers-international-moving-company.png\" alt=\"Aim Intermovers mednarodno gibljejo podjetje\" width=\"1440\" height=\"677\" data-wp-pid=\"4642\" srcset=\"https:\/\/moverdb.com\/wp-content\/uploads\/Aim-Intermovers-international-moving-company.png 1440w, https:\/\/moverdb.com\/wp-content\/uploads\/Aim-Intermovers-international-moving-company-300x141.png 300w, https:\/\/moverdb.com\/wp-content\/uploads\/Aim-Intermovers-international-moving-company-1024x481.png 1024w, https:\/\/moverdb.com\/wp-content\/uploads\/Aim-Intermovers-international-moving-company-18x8.png 18w, https:\/\/moverdb.com\/wp-content\/uploads\/Aim-Intermovers-international-moving-company-600x282.png 600w\" sizes=\"auto, (max-width: 1440px) 100vw, 1440px\" \/><\/em><\/p>\n<ul>\n<li>Zagotavlja nacionalne selitve v 48 al\u017eirskih vilajah in mednarodne selitve.<\/li>\n<li>Selitve pisarn<\/li>\n<li>Storitev arhiviranja<\/li>\n<li>Ponuja cestni, pomorski in zra\u010dni prevoz stvari.<\/li>\n<li>Strokovna ekipa selitvenih delavcev<\/li>\n<li>Dobava pakirnega materiala in kartonskih \u0161katel.<\/li>\n<li>Zagotavlja razstavljanje in pakiranje pohi\u0161tva ter njegovo ponovno sestavljanje<\/li>\n<li>ob\u010dutljivo ravna z blagom, kot so umetni\u0161ka dela.<\/li>\n<li>Izdelujejo tudi lesene zaboje in <a href=\"https:\/\/moverdb.com\/sl\/iata\/\" data-internallinksmanager029f6b8e52c=\"22\" title=\"Pojasnila Mednarodnega zdru\u017eenja za zra\u010dni promet (IATA)\">IATA<\/a> kartoni<\/li>\n<li>Tehni\u010dni obisk je na voljo brez obveznosti.<\/li>\n<\/ul>\n<p>Aim Intermovers je al\u017eirsko podjetje za selitve, ki ponuja storitve po vsej dr\u017eavi v 48 vilajah Al\u017eirije in mednarodne selitve. Zagotavljajo oddelek za tranzit, ki bo poskrbel za vse dogovore za va\u0161o selitev, vklju\u010dno z vsemi zahtevami za uvoz in izvoz. \u017de devet let je \u010dlan zdru\u017eenja IAM.<\/p>\n<p>Stranke podjetja Aim Intermovers opravljajo selitvene storitve za nacionalna in mednarodna podjetja, tuja podjetja, naftna podjetja in veleposlani\u0161tva. Nudijo brezpla\u010dno ponudbo z neobvezujo\u010dim tehni\u010dnim obiskom. Zagotavljajo celovito storitev, ki vklju\u010duje zagotavljanje embala\u017enih materialov in zabojnikov ter storitve pakiranja ter razstavljanja in ponovnega sestavljanja.<\/p>\n<p>Spletna stran: <a href=\"http:\/\/www.aimintermovers.dz\" target=\"_blank\" rel=\"noopener\">http:\/\/www.aimintermovers.dz<\/a><\/p>\n<h2><strong>2. Al\u017eirija Pakiraj in preseli<\/strong><\/h2>\n<p><em><img loading=\"lazy\" decoding=\"async\" class=\"alignnone size-full wp-image-4643\" src=\"https:\/\/moverdb.com\/wp-content\/uploads\/Algeria-Pack-and-Move-international-moving-company.png\" alt=\"Al\u017eirija Pack and Move mednarodno selitev podjetja\" width=\"1440\" height=\"629\" data-wp-pid=\"4643\" srcset=\"https:\/\/moverdb.com\/wp-content\/uploads\/Algeria-Pack-and-Move-international-moving-company.png 1440w, https:\/\/moverdb.com\/wp-content\/uploads\/Algeria-Pack-and-Move-international-moving-company-300x131.png 300w, https:\/\/moverdb.com\/wp-content\/uploads\/Algeria-Pack-and-Move-international-moving-company-1024x447.png 1024w, https:\/\/moverdb.com\/wp-content\/uploads\/Algeria-Pack-and-Move-international-moving-company-18x8.png 18w, https:\/\/moverdb.com\/wp-content\/uploads\/Algeria-Pack-and-Move-international-moving-company-600x262.png 600w\" sizes=\"auto, (max-width: 1440px) 100vw, 1440px\" \/><\/em><\/p>\n<ul>\n<li>Nacionalne selitve v Al\u017eiriji<\/li>\n<li>Mednarodne selitve v Al\u017eirijo in iz nje<\/li>\n<li>Za podjetja in gospodinjstva<\/li>\n<li>Ponuja ve\u010dstopenjske pakete selitvenih storitev<\/li>\n<li>Odstranitev, prevoz in dostava<\/li>\n<li>Pakiranje in razpakiranje pohi\u0161tva<\/li>\n<li>Pakiranje in razpakiranje vseh predmetov<\/li>\n<li>razstavljanje in ponovno sestavljanje pohi\u0161tva<\/li>\n<li>Upravljanje vseh izvoznih in uvoznih<\/li>\n<li>so del mednarodne mre\u017ee selitvenih podjetij<\/li>\n<\/ul>\n<p>Podjetje Algeria Pack and Move, znano tudi kot APM, skrbi za podjetja in gospodinjstva iz Al\u017eirije, izseljence ali diplomate. Ustanovljeno je bilo leta 2005 in je \u017ee 15 let \u010dlan zdru\u017eenja IAM. V sodelovanju z mre\u017eo partnerjev na sedmih celinah ponujajo mednarodne selitve in upravno podporo pri upravljanju selitve, vklju\u010dno s \u0161pedicijo in carino, <a href=\"https:\/\/moverdb.com\/sl\/top-49-container-ports\/\" data-internallinksmanager029f6b8e52c=\"80\" title=\"Top 49 najve\u010djih in najbolj obremenjenih pristani\u0161\u010d za kontejnerje v letu 2025\">pristani\u0161\u010de<\/a> in letali\u0161ke formalnosti.<\/p>\n<p>Podjetje APM ponuja tri stopnje selitvenih storitev - 1. stopnja vklju\u010duje selitev in prevoz, 2. stopnja vklju\u010duje tudi pakiranje in razpakiranje pohi\u0161tva, 3. stopnja pa \u0161e pakiranje in razpakiranje vseh predmetov. Po potrebi zagotavljajo tudi skladi\u0161\u010denje.<\/p>\n<p>Spletna stran: <a href=\"http:\/\/www.algeriapm.com\" target=\"_blank\" rel=\"noopener\">http:\/\/www.algeriapm.com<\/a><\/p>\n<h2><strong>3. Odstranitve enega prvaka<\/strong><\/h2>\n<p><em><img loading=\"lazy\" decoding=\"async\" class=\"alignnone size-full wp-image-4644\" src=\"https:\/\/moverdb.com\/wp-content\/uploads\/One-Champion-Removals-international-moving-company.png\" alt=\"One Champion Removals mednarodna selitev podjetje\" width=\"1440\" height=\"683\" data-wp-pid=\"4644\" srcset=\"https:\/\/moverdb.com\/wp-content\/uploads\/One-Champion-Removals-international-moving-company.png 1440w, https:\/\/moverdb.com\/wp-content\/uploads\/One-Champion-Removals-international-moving-company-300x142.png 300w, https:\/\/moverdb.com\/wp-content\/uploads\/One-Champion-Removals-international-moving-company-1024x486.png 1024w, https:\/\/moverdb.com\/wp-content\/uploads\/One-Champion-Removals-international-moving-company-18x9.png 18w, https:\/\/moverdb.com\/wp-content\/uploads\/One-Champion-Removals-international-moving-company-600x285.png 600w\" sizes=\"auto, (max-width: 1440px) 100vw, 1440px\" \/><\/em><\/p>\n<ul>\n<li>Lokalne in doma\u010de selitvene storitve<\/li>\n<li>Mednarodne storitve<\/li>\n<li>Cestni, pomorski in zra\u010dni prevoz<\/li>\n<li>Pakiranje in razpakiranje<\/li>\n<li>razstavljanje in sestavljanje pohi\u0161tva<\/li>\n<li>Nadzor nad carino<\/li>\n<li>Popolnoma zavarovana, varna in zanesljiva storitev<\/li>\n<li>Brez skritih stro\u0161kov<\/li>\n<li>Ponuja prostore za shranjevanje<\/li>\n<li>Ponuja tudi storitev premestitve za pomo\u010d pri iskanju nepremi\u010dnine<\/li>\n<\/ul>\n<p>One Champion Removals je podjetje s sede\u017eem v Al\u017eiriji <a href=\"https:\/\/moverdb.com\/sl\/international-removals\/\" data-internallinksmanager029f6b8e52c=\"27\" title=\"36 najbolj\u0161ih podjetij za mednarodne selitve v Zdru\u017eenem kraljestvu\">podjetje za selitve<\/a> ki je \u010dlan zdru\u017eenja IAM \u017ee tri leta. Nudijo vam strokovno usposobljeno in izku\u0161eno ekipo, ki vam lahko pomaga pri lokalnih, nacionalnih in mednarodnih selitvah.<\/p>\n<p>Dru\u017eba One Champion Removals zagotavlja storitve selitve po cesti, morju in zraku, njena ekipa pa bo poskrbela za vse papirje, kot so carinske zahteve. Nudijo popolnoma zavarovane storitve, ki so varne in zanesljive. Zagotavljajo tudi varno skladi\u0161\u010denje va\u0161ih stvari in storitev selitve, ki vam pomaga pri iskanju primerne nepremi\u010dnine.<\/p>\n<p>Spletna stran: <a href=\"http:\/\/www.championinternationalmoving.com\" target=\"_blank\" rel=\"noopener\">http:\/\/www.championinternationalmoving.com<\/a><\/p>","protected":false},"excerpt":{"rendered":"<p>If you are moving in Algeria, or are wanting to move to or from Algeria, you may need a moving company to assist you. Below is a list of those that are members of the International Association of Movers (IAM) and\/or FIDI Accredited International Mover (FAIM) which will hopefully help you. 1. Aim Intermovers Provides [&hellip;]<\/p>\n","protected":false},"author":4,"featured_media":0,"parent":190,"menu_order":0,"comment_status":"closed","ping_status":"closed","template":"","meta":{"_genesis_hide_title":false,"_genesis_hide_breadcrumbs":false,"_genesis_hide_singular_image":false,"_genesis_hide_footer_widgets":false,"_genesis_custom_body_class":"","_genesis_custom_post_class":"","_genesis_layout":"","footnotes":""},"class_list":{"0":"post-4641","1":"page","2":"type-page","3":"status-publish","5":"entry","6":"has-post-thumbnail"},"_links":{"self":[{"href":"https:\/\/moverdb.com\/sl\/wp-json\/wp\/v2\/pages\/4641","targetHints":{"allow":["GET"]}}],"collection":[{"href":"https:\/\/moverdb.com\/sl\/wp-json\/wp\/v2\/pages"}],"about":[{"href":"https:\/\/moverdb.com\/sl\/wp-json\/wp\/v2\/types\/page"}],"author":[{"embeddable":true,"href":"https:\/\/moverdb.com\/sl\/wp-json\/wp\/v2\/users\/4"}],"replies":[{"embeddable":true,"href":"https:\/\/moverdb.com\/sl\/wp-json\/wp\/v2\/comments?post=4641"}],"version-history":[{"count":3,"href":"https:\/\/moverdb.com\/sl\/wp-json\/wp\/v2\/pages\/4641\/revisions"}],"predecessor-version":[{"id":4653,"href":"https:\/\/moverdb.com\/sl\/wp-json\/wp\/v2\/pages\/4641\/revisions\/4653"}],"up":[{"embeddable":true,"href":"https:\/\/moverdb.com\/sl\/wp-json\/wp\/v2\/pages\/190"}],"wp:attachment":[{"href":"https:\/\/moverdb.com\/sl\/wp-json\/wp\/v2\/media?parent=4641"}],"curies":[{"name":"wp","href":"https:\/\/api.w.org\/{rel}","templated":true}]}}