{"id":453,"date":"2016-07-03T20:16:06","date_gmt":"2016-07-03T20:16:06","guid":{"rendered":"http:\/\/moverdb.com\/?page_id=453"},"modified":"2026-01-08T15:20:54","modified_gmt":"2026-01-08T15:20:54","slug":"mednarodna-zbornica-za-ladijski-promet","status":"publish","type":"page","link":"https:\/\/moverdb.com\/sl\/international-chamber-shipping\/","title":{"rendered":"Razlaga Mednarodne pomorske zbornice (ICS)"},"content":{"rendered":"<p>Mednarodna pomorska zbornica (ICS) je trgovinsko zdru\u017eenje, ki prek nacionalnih zdru\u017eenj lastnikov ladij zastopa lastnike in upravljavce ladij. <\/p>\n<p>Njen cilj je spodbujati interese svojih \u010dlanov pri vseh vpra\u0161anjih, povezanih z upravljanjem ladij in tudi s pomorsko politiko.<\/p>\n<p><strong>Klju\u010dna dejstva o Mednarodni pomorski zbornici:<\/strong><\/p>\n<ul>\n<li>  \u010clan ICS <a href=\"https:\/\/moverdb.com\/sl\/ladjarska-podjetja\/\">ladjarska podjetja<\/a> upravljajo ve\u010d kot 80% svetovne trgovske tona\u017ee.<\/li>\n<li>  V ICS so v\u010dlanjena nacionalna zdru\u017eenja ladjarjev v Aziji, Evropi in Ameriki.<\/li>\n<li>  ICS je bil ustanovljen leta 1921.<\/li>\n<li>  ICS ima 36 \u010dlanov in 11 pridru\u017eenih \u010dlanov.<\/li>\n<li>  ICS ima sede\u017e v <a href=\"https:\/\/moverdb.com\/sl\/moving-to-london\/\">London<\/a>.<\/li>\n<li>  Sistem ICS je edinstven, saj za razliko od drugih sistemov <a href=\"https:\/\/moverdb.com\/sl\/container-shipping\/\" data-internallinksmanager029f6b8e52c=\"3\" title=\"Mednarodni cenik prevozov zabojnikov: april 2026\">mednarodno po\u0161iljanje<\/a> trgovinskih zdru\u017eenj, ki zastopa globalne interese vseh razli\u010dnih panog v industriji, od upravljavcev potni\u0161kih ladij do upravljavcev tankerjev.<\/li>\n<li>  ICS je posvetovalni organ <a href=\"https:\/\/moverdb.com\/sl\/international-maritime-organisation\/\" data-internallinksmanager029f6b8e52c=\"24\" title=\"Pojasnila o Mednarodni pomorski organizaciji (IMO)\">Mednarodna pomorska organizacija<\/a>, agencija Zdru\u017eenih narodov, odgovorna za varnost \u017eivljenja na morju in varstvo morskega okolja.<\/li>\n<li>  ICS se ukvarja z regulativnimi, operativnimi in pravnimi vpra\u0161anji, povezanimi s pomorsko industrijo.<\/li>\n<\/ul>\n<p><strong>Profil ICS:<\/strong><\/p>\n<p>ICS svoje \u010dlane zastopa pri razli\u010dnih medvladnih regulativnih organih, ki vplivajo na ladijski promet, vklju\u010dno z Mednarodno pomorsko organizacijo. <\/p>\n<p>Je tudi vir informacij za \u010dlane in je pripravila smernice in najbolj\u0161e prakse za tiste, ki delujejo v panogi - ti viri so brezpla\u010dno na voljo lastnikom ladij v panogi, pa tudi \u010dlanom. <\/p>\n<p>Njegovo poslanstvo je prizadevanje za globalno pomorsko industrijo, ki deluje v skladu z visokimi standardi, daje prednost varnemu izvajanju pomorskih prevozov in varstvu okolja. <\/p>\n<p>\u010ceprav je bila v osnovi ustanovljena za spodbujanje industrije ladijskih prevoznikov, je eden od njenih ciljev tudi sodelovanje z drugimi vladnimi in nevladnimi organizacijami, da bi pripomogla k ve\u010dji u\u010dinkovitosti in varnosti ladijske industrije.<\/p>\n<p><strong>Ladjarske dru\u017ebe \u010dlanice (po velikosti):<\/strong><\/p>\n<ul>\n<li> <a href=\"https:\/\/moverdb.com\/sl\/maersk\/\">Maersk Line<\/a><\/li>\n<li> <a href=\"https:\/\/moverdb.com\/sl\/mediterranean-shipping-company\/\">Sredozemska ladjarska dru\u017eba (MSC)<\/a><\/li>\n<\/ul>\n<p><strong>Merila za \u010dlanstvo:<\/strong><\/p>\n<p>\u010clani ICS so <a href=\"https:\/\/moverdb.com\/sl\/spediter\/\">lastniki in upravljavci ladij<\/a> z vsega sveta, ki jih zastopajo nacionalna zdru\u017eenja lastnikov ladij. Zdru\u017eenja so tista, ki imajo \u010dlanstvo, zato se posamezni lastniki in upravljavci ne morejo prijaviti. <\/p>\n<p>Zaradi tega na spletni strani niso navedena merila za \u010dlanstvo.<\/p>\n<p><strong>Mnenja o Mednarodni pomorski zbornici:<\/strong><\/p>\n<p>ICS je naveden v ve\u010d industrijskih publikacijah, kjer komentira aktualna vpra\u0161anja, kot je na primer zmanj\u0161anje emisij CO2. Omenjen je na spletnih straneh svojih \u010dlanov, kot je npr. <a href=\"https:\/\/www.ukchamberofshipping.com\/about-us\/our-partners\/international-chamber-shipping\/\" target=\"_blank\" rel=\"noopener\">Pomorska zbornica Zdru\u017eenega kraljestva<\/a>. <\/p>\n<p>V spletnih dokumentih je razvidno, da ICS komentira globalna vpra\u0161anja, kot so dav\u010dne konvencije, na voljo pa je tudi <a href=\"http:\/\/www.allaboutshipping.co.uk\/category\/associations\/international-chamber-of-shipping\/\" target=\"_blank\" rel=\"noopener\">poro\u010danje o dogodkih<\/a> kot je <a href=\"http:\/\/www.imo.org\/en\/MediaCentre\/SecretaryGeneral\/SpeechesByTheSecretaryGeneral\/Pages\/ICS2012.aspx\" target=\"_blank\" rel=\"noopener\">Konferenca Mednarodne pomorske zbornice<\/a> kjer je Koji Sekimizu, generalni sekretar Mednarodne pomorske organizacije, opisal ICS kot <em>\"je ena od ve\u010d nevladnih organizacij, ki v IMO zastopajo ladjarsko industrijo in ima enega najdalj\u0161ih sta\u017eov.\"<\/em> <\/p>\n<p>Drugi spletni viri ICS ozna\u010dujejo kot \"najbolj priznano svetovno zdru\u017eenje lastnikov ladij\". Verodostojnost zdru\u017eenja ICS je razvidna iz publikacij, v katerih se pojavlja njegovo ime, povezav z drugimi organi in vrst vpra\u0161anj, o katerih je zapro\u0161eno za pripombe.<\/p>\n<blockquote><p>Mednarodna pomorska zbornica (ICS) je glavno mednarodno trgovinsko zdru\u017eenje lastnikov in upravljavcev trgovskih ladij, ki zastopa vse sektorje in panoge (med drugim tankerje, ladje za prevoz razsutega tovora, kontejnerske ladje, ladje za prevoz splo\u0161nega tovora in specializirane ladje ter potni\u0161ke ladje) pri razli\u010dnih medvladnih organih, ki vplivajo na pomorski promet. V ICS so v\u010dlanjena nacionalna zdru\u017eenja ladjarjev iz 35 dr\u017eav, ki predstavljajo ve\u010d kot 80% svetovne trgovske flote.<\/p><\/blockquote>\n<p><a href=\"http:\/\/www.oecd.org\/tax\/treaties\/ics-comments-discussion-draft-mtc-international-traffic.pdf\" target=\"_blank\" rel=\"noopener\">OECD<\/a><\/p>\n<p><strong>Spletna stran:<\/strong> <a href=\"http:\/\/www.ics-shipping.org\/\" target=\"_blank\" rel=\"noopener\">http:\/\/www.ics-shipping.org\/<\/a><\/p>\n<p><strong>Za ve\u010d informacij o po\u0161iljanju glejte:<\/strong> <a href=\"https:\/\/moverdb.com\/sl\/kontejnersko-posiljanje\/\">2018 Cene in stro\u0161ki mednarodnega kontejnerskega prevoza<\/a> in . <a href=\"https:\/\/moverdb.com\/sl\/spediter\/\">\u0160pediter in NVOCC Mednarodni vodnik po stro\u0161kih in podjetjih<\/a><\/p>","protected":false},"excerpt":{"rendered":"<p>The International Chamber of Shipping (ICS) is a trade association that represents ship owners and ship operators via national shipowners associations. Its aim is to promote the interests of its members throughout all issues of ship operation and also shipping policy. Key facts about the International Chamber of Shipping: ICS member shipping companies operate over [&hellip;]<\/p>\n","protected":false},"author":1,"featured_media":0,"parent":0,"menu_order":0,"comment_status":"closed","ping_status":"closed","template":"","meta":{"_genesis_hide_title":false,"_genesis_hide_breadcrumbs":false,"_genesis_hide_singular_image":false,"_genesis_hide_footer_widgets":false,"_genesis_custom_body_class":"","_genesis_custom_post_class":"","_genesis_layout":"","footnotes":""},"class_list":{"0":"post-453","1":"page","2":"type-page","3":"status-publish","5":"entry"},"_links":{"self":[{"href":"https:\/\/moverdb.com\/sl\/wp-json\/wp\/v2\/pages\/453","targetHints":{"allow":["GET"]}}],"collection":[{"href":"https:\/\/moverdb.com\/sl\/wp-json\/wp\/v2\/pages"}],"about":[{"href":"https:\/\/moverdb.com\/sl\/wp-json\/wp\/v2\/types\/page"}],"author":[{"embeddable":true,"href":"https:\/\/moverdb.com\/sl\/wp-json\/wp\/v2\/users\/1"}],"replies":[{"embeddable":true,"href":"https:\/\/moverdb.com\/sl\/wp-json\/wp\/v2\/comments?post=453"}],"version-history":[{"count":10,"href":"https:\/\/moverdb.com\/sl\/wp-json\/wp\/v2\/pages\/453\/revisions"}],"predecessor-version":[{"id":6245,"href":"https:\/\/moverdb.com\/sl\/wp-json\/wp\/v2\/pages\/453\/revisions\/6245"}],"wp:attachment":[{"href":"https:\/\/moverdb.com\/sl\/wp-json\/wp\/v2\/media?parent=453"}],"curies":[{"name":"wp","href":"https:\/\/api.w.org\/{rel}","templated":true}]}}