{"id":451,"date":"2016-07-04T14:16:48","date_gmt":"2016-07-04T14:16:48","guid":{"rendered":"http:\/\/moverdb.com\/?page_id=451"},"modified":"2026-01-08T14:39:55","modified_gmt":"2026-01-08T14:39:55","slug":"mednarodna-maritime-organizacija","status":"publish","type":"page","link":"https:\/\/moverdb.com\/sl\/international-maritime-organisation\/","title":{"rendered":"Pojasnila o Mednarodni pomorski organizaciji (IMO)"},"content":{"rendered":"<p>Mednarodna pomorska organizacija (IMO) je agencija ZN s sede\u017eem v <a href=\"https:\/\/moverdb.com\/sl\/moving-to-the-uk\/\" data-internallinksmanager029f6b8e52c=\"93\" title=\"Selitev v Zdru\u017eeno kraljestvo? 2022 \u017divljenjski stro\u0161ki in nasveti za selitev\">ZDRU\u017dENO KRALJESTVO<\/a>, ki je pristojen za urejanje ladijskega prometa. Opisuje se kot globalni organ za dolo\u010danje standardov na podro\u010dju varnosti, za\u0161\u010dite in okoljskega delovanja ladij. <a href=\"https:\/\/moverdb.com\/sl\/kontejnersko-posiljanje\/\">mednarodno po\u0161iljanje<\/a>.<\/p>\n<p><strong>Klju\u010dna dejstva o Mednarodni pomorski organizaciji<\/strong><\/p>\n<ul>\n<li>  IMO ima 171 dr\u017eav \u010dlanic in tri pridru\u017eene \u010dlanice.<\/li>\n<li>  IMO je agencija ZN, ustanovljena leta 1948, ki je za\u010dela delovati desetletje pozneje.<\/li>\n<li>  Ve\u010dina dr\u017eav \u010dlanic, ki niso \u010dlanice IMO, so celinske dr\u017eave, ki se ne zanimajo za pomorski promet in niso vpletene v njegovo izvajanje.<\/li>\n<li>  Tri pridru\u017eene \u010dlanice IMO so Ferski otoki, <a href=\"https:\/\/moverdb.com\/sl\/moving-to-hong-kong\/\" data-internallinksmanager029f6b8e52c=\"350\" title=\"Selitev v Hongkong? 2023 \u017divljenjski stro\u0161ki in nasveti za selitev\">Hongkong<\/a> in Macao.<\/li>\n<li>  Mednarodna konvencija o varstvu \u010dlove\u0161kega \u017eivljenja na morju je eden najbolj znanih pravnih instrumentov IMO.<\/li>\n<li>  <a href=\"https:\/\/moverdb.com\/sl\/container-shipping\/\" data-internallinksmanager029f6b8e52c=\"3\" title=\"Mednarodni cenik prevozov zabojnikov: april 2026\">Mednarodno po\u0161iljanje<\/a> prepelje ve\u010d kot 80% svetovne trgovine do ljudi in skupnosti po vsem svetu.<\/li>\n<li>  Pristojnosti IMO zajemajo vse vidike mednarodnega ladijskega prometa, vklju\u010dno z na\u010drtovanjem, gradnjo, opremo, posadko, delovanjem in odstranjevanjem ladij.<\/li>\n<li>  Svet lahko nevladnim mednarodnim organizacijam, ki lahko bistveno prispevajo k delu IMO, podeli svetovalni status z odobritvijo skup\u0161\u010dine.<\/li>\n<\/ul>\n<p><strong>Profil IMO<\/strong><\/p>\n<p>IMO je globalna agencija, ki spada pod okrilje ZN. Sestavljajo jo skup\u0161\u010dina, svet in pet glavnih odborov: <\/p>\n<ol>\n<li> Odbor za pomorsko varnost<\/li>\n<li> Odbor za varstvo morskega okolja<\/li>\n<li> Pravni odbor<\/li>\n<li> Odbor za tehni\u010dno sodelovanje<\/li>\n<li> Odbor za pospe\u0161evanje<\/li>\n<\/ol>\n<p>IMO je odgovorna za \u0161tevilne pravne instrumente, katerih namen je izbolj\u0161ati varnost na morju, izbolj\u0161ati trgovino med pomorskimi dr\u017eavami in za\u0161\u010dititi morsko okolje. <\/p>\n<p>IMO se ukvarja ne le s sedanjim stanjem ladijskega sektorja, temve\u010d tudi z zagotavljanjem njegove prihodnosti, ki bo varna, okolju prijazna in energetsko u\u010dinkovita. <\/p>\n<p>IMO ne pokriva skoraj ni\u010desar, vklju\u010dno s \u010dlove\u0161kimi dejavniki v pomorski industriji, pomorsko varnostjo in tehni\u010dnim sodelovanjem, ki je namenjeno pomo\u010di vladam, ki nimajo dovolj tehni\u010dnega znanja in sredstev, potrebnih za uspe\u0161no upravljanje pomorske industrije.<\/p>\n<p><strong>Merila za \u010dlanstvo <\/strong><\/p>\n<p>\u010clanstvo temelji na podlagi dr\u017eav. Da bi dr\u017eava postala \u010dlanica IMO, mora ratificirati ve\u010dstransko pogodbo, znano kot Konvencija o Mednarodni pomorski organizaciji.<\/p>\n<p><strong>Mnenja o IMO:<\/strong><\/p>\n<p>IMO je svetovna organizacija, ki <a href=\"http:\/\/www.unsceb.org\/content\/imo\" target=\"_blank\" rel=\"noopener\">priznana organizacija<\/a> s priznanim statusom. Je zelo prepoznaven in je mo\u010dna sila v ladijski industriji. Na spletu se informacije o IMO osredoto\u010dajo na njeno vlogo pri spodbujanju medvladnega sodelovanja ter pri sklicevanju mednarodnih konferenc o pomorskih zadevah in pripravi mednarodnih konvencij ali sporazumov na to temo. <\/p>\n<p>Njegova vloga pri zagotavljanju varnosti je poudarjena tudi na mestih, kjer je omenjen. Ker je \u010dlanstvo v IMO odvisno od dr\u017eave, se na spletnih straneh posameznih podjetij ne omenja, vendar se pogosto pojavlja v <a href=\"http:\/\/www.britannica.com\/topic\/International-Maritime-Organization\" target=\"_blank\" rel=\"noopener\">spletne enciklopedije<\/a> in spletna mesta, ki opisujejo strukturo ZN.<\/p>\n<p><strong>Spletna stran:<\/strong> <a href=\"http:\/\/www.imo.org\/en\/Pages\/Default.aspx\" target=\"_blank\" rel=\"noopener\">http:\/\/www.imo.org\/<\/a><\/p>\n<p><strong>Za ve\u010d informacij o po\u0161iljanju glejte:<\/strong> <a href=\"https:\/\/moverdb.com\/sl\/kontejnersko-posiljanje\/\">2018 Cene in stro\u0161ki mednarodnega kontejnerskega prevoza<\/a> in . <a href=\"https:\/\/moverdb.com\/sl\/spediter\/\">\u0160pediter in NVOCC Mednarodni vodnik po stro\u0161kih in podjetjih<\/a><\/p>","protected":false},"excerpt":{"rendered":"<p>The International Maritime Organisation (IMO) is a UN agency, based in the UK, which is responsible for regulating shipping. It describes itself as the global standard-setting authority for the safety, security and environmental performance of international shipping. Key facts about the International Maritime Organisation The IMO has 171 Member States and three Associate Members. The [&hellip;]<\/p>\n","protected":false},"author":1,"featured_media":0,"parent":0,"menu_order":0,"comment_status":"closed","ping_status":"closed","template":"","meta":{"_genesis_hide_title":false,"_genesis_hide_breadcrumbs":false,"_genesis_hide_singular_image":false,"_genesis_hide_footer_widgets":false,"_genesis_custom_body_class":"","_genesis_custom_post_class":"","_genesis_layout":"","footnotes":""},"class_list":{"0":"post-451","1":"page","2":"type-page","3":"status-publish","5":"entry"},"_links":{"self":[{"href":"https:\/\/moverdb.com\/sl\/wp-json\/wp\/v2\/pages\/451","targetHints":{"allow":["GET"]}}],"collection":[{"href":"https:\/\/moverdb.com\/sl\/wp-json\/wp\/v2\/pages"}],"about":[{"href":"https:\/\/moverdb.com\/sl\/wp-json\/wp\/v2\/types\/page"}],"author":[{"embeddable":true,"href":"https:\/\/moverdb.com\/sl\/wp-json\/wp\/v2\/users\/1"}],"replies":[{"embeddable":true,"href":"https:\/\/moverdb.com\/sl\/wp-json\/wp\/v2\/comments?post=451"}],"version-history":[{"count":6,"href":"https:\/\/moverdb.com\/sl\/wp-json\/wp\/v2\/pages\/451\/revisions"}],"predecessor-version":[{"id":13163,"href":"https:\/\/moverdb.com\/sl\/wp-json\/wp\/v2\/pages\/451\/revisions\/13163"}],"wp:attachment":[{"href":"https:\/\/moverdb.com\/sl\/wp-json\/wp\/v2\/media?parent=451"}],"curies":[{"name":"wp","href":"https:\/\/api.w.org\/{rel}","templated":true}]}}