{"id":450,"date":"2016-06-21T21:08:23","date_gmt":"2016-06-21T21:08:23","guid":{"rendered":"http:\/\/moverdb.com\/?page_id=450"},"modified":"2026-01-08T15:20:26","modified_gmt":"2026-01-08T15:20:26","slug":"ngrs","status":"publish","type":"page","link":"https:\/\/moverdb.com\/sl\/ngrs\/","title":{"rendered":"Pojasnila o Nacionalnem cehu izvajalcev selitev in skladi\u0161\u010dnikov (NGRS)"},"content":{"rendered":"<p>Nacionalni ceh izvajalcev selitev in skladi\u0161\u010denja (NGRS) je bil ustanovljen z namenom, da bi zagotovil nekaj regulacije za industrijo selitev in skladi\u0161\u010denja v <a href=\"https:\/\/moverdb.com\/sl\/moving-to-the-uk\/\" data-internallinksmanager029f6b8e52c=\"93\" title=\"Selitev v Zdru\u017eeno kraljestvo? 2022 \u017divljenjski stro\u0161ki in nasveti za selitev\">ZDRU\u017dENO KRALJESTVO<\/a>. <\/p>\n<p>Ima kodeks ravnanja in je del <a href=\"https:\/\/moverdb.com\/sl\/rios\/\">Shema varuha \u010dlovekovih pravic v panogi selitev<\/a>, ki potro\u0161nikom omogo\u010da, da se prito\u017eijo zaradi slabih izku\u0161enj.<\/p>\n<p><strong>Klju\u010dna dejstva o NGRS:<\/strong><\/p>\n<ul>\n<li>  Guild's <em>\"Letni certifikat odli\u010dnosti<\/em> se podeljuje \u010dlanom, ki v svojih vpra\u0161alnikih dosledno dosegajo odli\u010dne ocene.<\/li>\n<li>  NGRS je uvedel shemo, ki \u010dlanom omogo\u010da, da strankam za pla\u010dilo selitve ponudijo brezobrestno posojilo.<\/li>\n<li>  V zadnjih dveh raziskavah o trgovinskih zdru\u017eenjih (1996 in 2003) je podjetje Which? ocenila National Guild Of Removers &amp; Storers kot eno najbolj\u0161ih trgovinskih zdru\u017eenj v Zdru\u017eenem kraljestvu na podro\u010dju varstva potro\u0161nikov.<\/li>\n<li>  NGRS je namenjen le \u010dlanom v Zdru\u017eenem kraljestvu.<\/li>\n<li>  Spremljanje uspe\u0161nosti \u010dlanov poteka prek vpra\u0161alnikov, ki jih stranka prejme na dan selitve. Ti so namenjeni neposredno NGRS in ne izvajalcu selitve ter so namenjeni stalnemu in neodvisnemu spremljanju ravni storitev \u010dlanov. Po zadnjih objavljenih podatkih (do konca aprila 2016) je bilo med prejetimi ve\u010d kot 98% zadovoljnih strank.<\/li>\n<li>  \u010clani se morajo naro\u010diti na <a href=\"https:\/\/moverdb.com\/sl\/rios\/\" data-internallinksmanager029f6b8e52c=\"75\" title=\"Pojasnila o sistemu varuha \u010dlovekovih pravic v panogi selitev (RIOS)\">Shema varuha \u010dlovekovih pravic v panogi selitev<\/a> - vse odlo\u010ditve, ki bi iz tega izhajale, so zanje zavezujo\u010de.<\/li>\n<\/ul>\n<p><strong>Profil Nacionalnega ceha izvajalcev selitev in skladi\u0161\u010dnikov:<\/strong><\/p>\n<p>Glavni namen NGRS je za\u0161\u010dita potro\u0161nikov - ceh si prizadeva izbolj\u0161ati standarde kakovosti v panogi, za\u0161\u010dititi stvari med prevozom in pomagati izbolj\u0161ati izku\u0161nje strank. \u010clani morajo izpolniti naslednje zahteve:<\/p>\n<ul>\n<li> Obvezno \u010dlanstvo v shemi varuha \u010dlovekovih pravic za podro\u010dje selitev (Removals Industry Ombudsman Scheme)<\/li>\n<li> Obvezni program in\u0161pekcijskih pregledov v okviru sheme varuha \u010dlovekovih pravic<\/li>\n<li> Odobreni kodeks ravnanja sheme varuha \u010dlovekovih pravic<\/li>\n<li> Odobreni program spremljanja kakovosti sheme varuha \u010dlovekovih pravic<\/li>\n<li> Odobreni prito\u017ebeni postopek sheme varuha \u010dlovekovih pravic<\/li>\n<\/ul>\n<p>Njihov namen je dolo\u010diti standarde, nadzorovati delavce v panogi in strankam omogo\u010diti neodvisen prito\u017ebeni postopek, ki ga lahko uporabijo, \u010de ga potrebujejo. <\/p>\n<p>Kodeks ravnanja vklju\u010duje vrsto dolo\u010db, med drugim omogo\u010danje dostopa za pregled enkrat letno, zagotavljanje pisnih ocen, hitro obravnavanje prito\u017eb in predlo\u017eitev dokazila o ustreznem zavarovanju.<\/p>\n<p><strong>Merila za \u010dlanstvo:<\/strong><\/p>\n<p>Na spletnem mestu niso navedena merila za \u010dlanstvo. Namesto tega so navedeni kontaktni podatki: Telefon: 01494 350 143 E-naslov: info@ngrs.co.uk.<\/p>\n<p><strong>Vzor\u010dni primeri podjetij \u010dlanic<\/strong><\/p>\n<ul>\n<li> <a href=\"https:\/\/moverdb.com\/sl\/movecorp\/\">Movecorp<\/a><\/li>\n<\/ul>\n<p><strong>Mnenja o NGRS:<\/strong><\/p>\n<p>NGRS se pojavlja na ve\u010d <a href=\"https:\/\/moverdb.com\/sl\/mednarodne-selitve\/\">Odstranjevalci iz Zdru\u017eenega kraljestva<\/a>' na spletnih straneh, kjer se omenja v okviru spodbujanja kakovosti in storitev ter zagotavljanja miru strankam. <\/p>\n<p>NGRS redno preverja svoje \u010dlane in poudarja, da je obvezno sodelovanje v sistemu varuha \u010dlovekovih pravic na podro\u010dju selitev dodatna raven za\u0161\u010dite strank.<\/p>\n<p>Zdi se, da so se med Jane Finch (direktorico zdru\u017eenja Professional Movers Association) in NGRS pojavila nekatera nesoglasja v zvezi z obto\u017ebami Finchove, da je NGRS v sporu z velikim \u0161tevilom svojih \u010dlanov. NGRS je <a href=\"http:\/\/www.tradestorage.co.uk\/setrecord.htm\" target=\"_blank\" rel=\"noopener\">je to opisal kot<\/a> <em>\"propaganda proti cehu\". <\/em><\/p>\n<p>Vendar pa je nekaj <a href=\"http:\/\/www.swindonadvertiser.co.uk\/news\/11601604.Luckes_Removals_firm_must__cough_up___50_000_for_website_error\/\" target=\"_blank\" rel=\"noopener\">Poro\u010dila za javnost<\/a> za katere se zdi, da so v sporu s cehom, na primer zaradi logotipa NGRS na njihovi spletni strani, potem ko so zapustili trgovinsko zdru\u017eenje.<\/p>\n<p>Prito\u017eba na <a href=\"https:\/\/www.ipso.co.uk\/rulings-and-resolution-statements\/\" target=\"_blank\" rel=\"noopener\">Neodvisna organizacija za standarde tiska<\/a> NGRS proti \u010dasopisu Daily Mirror je dokumentirana, vendar ni bila upo\u0161tevana. <\/p>\n<blockquote><p>National Guild of Removers and Storers je zavezan spodbujanju kakovosti in storitev v popolnoma nereguliranem industrijskem sektorju, kar vklju\u010duje neodvisne in\u0161pekcijske preglede svojih \u010dlanov, \u010dlanstvo v shemi varuha \u010dlovekovih pravic v panogi selitev, kodeks ravnanja, ki se nana\u0161a na ravnanje \u010dlanov s strankami, in nenehno spremljanje uspe\u0161nosti \u010dlanov.<\/p><\/blockquote>\n<p>- <a href=\"http:\/\/www.minimoves.co.uk\/\" target=\"_blank\" rel=\"noopener\">MiniMoves<\/a><\/p>\n<p><strong>Spletna stran:<\/strong> <a href=\"http:\/\/www.ngrs.co.uk\/\" target=\"_blank\" rel=\"noopener\">http:\/\/www.ngrs.co.uk\/<\/a><\/p>","protected":false},"excerpt":{"rendered":"<p>The National Guild of Removers and Storers (NGRS) has been established to provide some regulation for the moving and storage industry in the UK. It has a Code of Practice and is part of the Removals Industry Ombudsman Scheme, which allows consumers to make complaints about poor experiences. Key facts about NGRS: The Guild&#8217;s &#8216;Annual [&hellip;]<\/p>\n","protected":false},"author":1,"featured_media":0,"parent":0,"menu_order":0,"comment_status":"closed","ping_status":"closed","template":"","meta":{"_genesis_hide_title":false,"_genesis_hide_breadcrumbs":false,"_genesis_hide_singular_image":false,"_genesis_hide_footer_widgets":false,"_genesis_custom_body_class":"","_genesis_custom_post_class":"","_genesis_layout":"","footnotes":""},"class_list":{"0":"post-450","1":"page","2":"type-page","3":"status-publish","5":"entry"},"_links":{"self":[{"href":"https:\/\/moverdb.com\/sl\/wp-json\/wp\/v2\/pages\/450","targetHints":{"allow":["GET"]}}],"collection":[{"href":"https:\/\/moverdb.com\/sl\/wp-json\/wp\/v2\/pages"}],"about":[{"href":"https:\/\/moverdb.com\/sl\/wp-json\/wp\/v2\/types\/page"}],"author":[{"embeddable":true,"href":"https:\/\/moverdb.com\/sl\/wp-json\/wp\/v2\/users\/1"}],"replies":[{"embeddable":true,"href":"https:\/\/moverdb.com\/sl\/wp-json\/wp\/v2\/comments?post=450"}],"version-history":[{"count":9,"href":"https:\/\/moverdb.com\/sl\/wp-json\/wp\/v2\/pages\/450\/revisions"}],"predecessor-version":[{"id":6224,"href":"https:\/\/moverdb.com\/sl\/wp-json\/wp\/v2\/pages\/450\/revisions\/6224"}],"wp:attachment":[{"href":"https:\/\/moverdb.com\/sl\/wp-json\/wp\/v2\/media?parent=450"}],"curies":[{"name":"wp","href":"https:\/\/api.w.org\/{rel}","templated":true}]}}