{"id":449,"date":"2016-07-04T14:35:22","date_gmt":"2016-07-04T14:35:22","guid":{"rendered":"http:\/\/moverdb.com\/?page_id=449"},"modified":"2026-01-08T14:48:17","modified_gmt":"2026-01-08T14:48:17","slug":"eurovan-movers","status":"publish","type":"page","link":"https:\/\/moverdb.com\/sl\/eurovan-movers\/","title":{"rendered":"Eurovan International Movers Network (EM) Razlo\u017eeno"},"content":{"rendered":"<p>Eurovan International Movers Network (EM) je mre\u017ea neodvisnih lokalnih selitvenih podjetij s sede\u017eem v <a href=\"https:\/\/moverdb.com\/sl\/moving-to-germany\/\" data-internallinksmanager029f6b8e52c=\"321\" title=\"Selitev v Nem\u010dijo? 2023 \u017divljenjski stro\u0161ki in nasveti za selitev\">Nem\u010dija<\/a>. Omre\u017eje je zasnovano kot odziv na potrebo po zagotavljanju dosledne ravni storitev za mednarodne selitve, ki lahko potekajo prek ve\u010d dr\u017eav.<\/p>\n<p><strong>Klju\u010dna dejstva o omre\u017eju Eurovan International Movers Network:<\/strong><\/p>\n<ul>\n<li>  \u010ce se selitev v celoti odvija znotraj Evrope, sede\u017e EM spremlja, usklajuje in nadzoruje vse selitve med eno in drugo dr\u017eavo.<\/li>\n<li>  EM v svoji mre\u017ei ponuja vrsto storitev, vklju\u010dno s koordinacijo in operacijami, skladi\u0161\u010denjem in skladi\u0161\u010denjem, pakiranjem in razpakiranjem ter storitvami izvora in namembnega kraja.<\/li>\n<li>  EM ima sedem svetovnih partnerjev, ki pokrivajo Afriko, Azijo, Severno in Ju\u017eno Ameriko.<\/li>\n<li>  EM ima pribli\u017eno 35 evropskih partnerjev, od tega osem v <a href=\"https:\/\/moverdb.com\/sl\/mednarodne-selitve\/\">ZDRU\u017dENO KRALJESTVO<\/a>.<\/li>\n<li>  Kadar sede\u017e EM spremlja selitev, lahko na ta na\u010din zmanj\u0161a \u0161tevilo praznih kilometrov in poi\u0161\u010de na\u010dine za doseganje denarnih prihrankov.<\/li>\n<li>  Doseg dru\u017ebe EM je globalen.<\/li>\n<\/ul>\n<p><strong>Profil podjetja Eurovan Movers:<\/strong><\/p>\n<p>EM je organizacija, ki deluje na podlagi \"partnerjev\" in ne \u010dlanov. \u010ceprav merila za \u010dlanstvo niso navedena, je jasno, da je postopek za pridobitev statusa partnerja precej zapleten in zahteva dobro ujemanje med EM in potencialnim partnerjem ter sposobnost vna\u0161anja sve\u017eih zamisli. <\/p>\n<p>Ve\u010dina destinacij v kategorijah evropskih in svetovnih partnerjev ima na seznamu le eno podjetje - razen Nem\u010dije, kjer je <a href=\"https:\/\/moverdb.com\/sl\/moving-to-the-uk\/\" data-internallinksmanager029f6b8e52c=\"93\" title=\"Selitev v Zdru\u017eeno kraljestvo? 2022 \u017divljenjski stro\u0161ki in nasveti za selitev\">ZDRU\u017dENO KRALJESTVO<\/a>, <a href=\"https:\/\/moverdb.com\/sl\/moving-to-switzerland\/\" data-internallinksmanager029f6b8e52c=\"327\" title=\"Selitev v \u0160vico? 2023 \u017divljenjski stro\u0161ki in nasveti za selitev\">\u0160vica<\/a> in . <a href=\"https:\/\/moverdb.com\/sl\/moving-to-italy\/\" data-internallinksmanager029f6b8e52c=\"346\" title=\"Selitev v Italijo? 2023 \u017divljenjski stro\u0161ki in nasveti za selitev\">Italija<\/a>, ki imajo 4+. <\/p>\n<p>Namen podjetja EM je strankam ponuditi bolj usklajen pristop k mednarodni selitvi s povezovanjem neodvisnih lokalnih selitvenih ponudnikov. EM sam usklajuje postopek, \u010de gre za selitev znotraj EU. <\/p>\n<p>Podjetje EM se razlikuje po tem, da ima centralizirano poveljstvo, vendar sodeluje z lokalnimi prevozniki, s \u010dimer ohranja lokalno znanje in povezave ter lahko nudi centralni nadzor.<\/p>\n<p><strong>Merila za \u010dlanstvo:<\/strong><\/p>\n<p>Na spletnem mestu niso navedena merila za \u010dlanstvo - namesto tega je na spletnem mestu navedeno naslednje:<\/p>\n<blockquote><p>Vsekakor je za to, da postane\u0161 partner, potrebno ve\u010d kot le opraviti doma\u010do selitev ali dve.<\/p>\n<p>\u010ce menite, da lahko izkoristite sinergije, ki jih lahko zagotovi mre\u017ea, in \u010de menite, da je treba zdru\u017eiti nekatere va\u0161e sve\u017ee in nekonvencionalne ideje z izku\u0161njami ve\u010d kot 30 let selitev, ste na\u0161li pravi vir. <\/p>\n<p>\u010ce \u017eelite izvedeti ve\u010d o klju\u010dnih tehnologijah in drugih prednostih, do katerih imajo dostop vsi Eurovanovi partnerji, se obrnite na Tobio Crisostomo. Z veseljem vam bo odgovoril na vsa vpra\u0161anja o prednostih, ki jih prina\u0161a partnerstvo Eurovan, in vam pomagal stopiti na pot do ve\u010dje prepoznavnosti in prilagodljivosti v selitvenem poslu.<\/p><\/blockquote>\n<p>EUROVAN - Mre\u017ea mednarodnih selitev<br \/>\nTobia Crisostomo<br \/>\nNeckarauer Stra\u00dfe 35\/41<br \/>\nD-68199 Mannheim, Nem\u010dija<br \/>\nTel: +49(0)621-3 97 40 93<br \/>\nFaks: +49(0)621-3 97 40 94<br \/>\nE-naslov: crisostomo@eurovan.com<\/p>\n<p><strong>Vzor\u010dni primeri podjetij \u010dlanic<\/strong><\/p>\n<ul>\n<li> <a href=\"https:\/\/moverdb.com\/sl\/movecorp\/\">Movecorp<\/a><\/li>\n<\/ul>\n<p><strong>Mnenja o Eurovan International Movers Network<\/strong><\/p>\n<p>Eurovan Movers se na spletu ne pojavlja tako pogosto - kar ni presenetljivo glede na omejeno \u0161tevilo njegovih \"partnerjev\" - vendar <a href=\"http:\/\/www.centralmoves.co.uk\/removal-solutions\/uk-removals\/\" target=\"_blank\" rel=\"noopener\">je nekaj<\/a> podjetij, ki <a href=\"http:\/\/pegasusmoving.fi\/cr3ativsponsor\/eurovan-the-european-movers-network\" target=\"_blank\" rel=\"noopener\">ga omenite.<\/a>. <\/p>\n<p>Obstajajo <a href=\"http:\/\/www.complaintsboard.com\/complaints\/eurovan-movers-c292449.html\" target=\"_blank\" rel=\"noopener\">\u0161tevilne<\/a> <a href=\"http:\/\/panamainternationalmovers.blogspot.co.uk\" target=\"_blank\" rel=\"noopener\">slabe ocene<\/a> za <a href=\"https:\/\/moverdb.com\/sl\/moving-to-panama\/\" data-internallinksmanager029f6b8e52c=\"432\" title=\"Selitev v Panamo? 2023 \u017divljenjski stro\u0161ki in nasveti za selitev\">Panama<\/a> partner skupine - odgovoren za negativne izku\u0161nje, ukradene predmete in po\u0161kodovane predmete. <\/p>\n<p>Na spletni strani podjetja Eurovan Movers zdaj ni navedenega nobenega partnerja iz Paname, zato je mogo\u010de, da je bilo partnerstvo po prito\u017ebah razpu\u0161\u010deno. <a href=\"https:\/\/moverdb.com\/sl\/organizacije-zdruzenja\/\">Eurovan je naveden kot eden od<\/a> najpomembnej\u0161ih mednarodnih organizacij, zdru\u017eenj, shem, cehov, svetov itd., ki se ukvarjajo s selitvami in prevozi, skupaj z organizacijami, kot so <a href=\"https:\/\/moverdb.com\/sl\/british-association-of-removers\/\" data-internallinksmanager029f6b8e52c=\"9\" title=\"Pojasnila o Britanskem zdru\u017eenju izvajalcev selitev (BAR)\">Britansko zdru\u017eenje odstranjevalcev<\/a>.<\/p>\n<p><strong>Spletna stran:<\/strong> <a href=\"http:\/\/www.eurovan.com\/\" target=\"_blank\" rel=\"noopener\">http:\/\/www.eurovan.com\/<\/a><\/p>","protected":false},"excerpt":{"rendered":"<p>Eurovan International Movers Network (EM) is a network of independent local movers based in Germany. The network is designed to respond to the need to be able to provide consistent levels of service for international moves that may cross several countries. Key facts about Eurovan International Movers Network: Where a move is taking place entirely [&hellip;]<\/p>\n","protected":false},"author":1,"featured_media":0,"parent":0,"menu_order":0,"comment_status":"closed","ping_status":"closed","template":"","meta":{"_genesis_hide_title":false,"_genesis_hide_breadcrumbs":false,"_genesis_hide_singular_image":false,"_genesis_hide_footer_widgets":false,"_genesis_custom_body_class":"","_genesis_custom_post_class":"","_genesis_layout":"","footnotes":""},"class_list":{"0":"post-449","1":"page","2":"type-page","3":"status-publish","5":"entry"},"_links":{"self":[{"href":"https:\/\/moverdb.com\/sl\/wp-json\/wp\/v2\/pages\/449","targetHints":{"allow":["GET"]}}],"collection":[{"href":"https:\/\/moverdb.com\/sl\/wp-json\/wp\/v2\/pages"}],"about":[{"href":"https:\/\/moverdb.com\/sl\/wp-json\/wp\/v2\/types\/page"}],"author":[{"embeddable":true,"href":"https:\/\/moverdb.com\/sl\/wp-json\/wp\/v2\/users\/1"}],"replies":[{"embeddable":true,"href":"https:\/\/moverdb.com\/sl\/wp-json\/wp\/v2\/comments?post=449"}],"version-history":[{"count":7,"href":"https:\/\/moverdb.com\/sl\/wp-json\/wp\/v2\/pages\/449\/revisions"}],"predecessor-version":[{"id":6205,"href":"https:\/\/moverdb.com\/sl\/wp-json\/wp\/v2\/pages\/449\/revisions\/6205"}],"wp:attachment":[{"href":"https:\/\/moverdb.com\/sl\/wp-json\/wp\/v2\/media?parent=449"}],"curies":[{"name":"wp","href":"https:\/\/api.w.org\/{rel}","templated":true}]}}