{"id":448,"date":"2016-07-04T14:52:09","date_gmt":"2016-07-04T14:52:09","guid":{"rendered":"http:\/\/moverdb.com\/?page_id=448"},"modified":"2026-01-08T13:18:20","modified_gmt":"2026-01-08T13:18:20","slug":"zdruzenje-za-prevoz-tovora","status":"publish","type":"page","link":"https:\/\/moverdb.com\/sl\/freight-transport-association\/","title":{"rendered":"Pojasnila o Zdru\u017eenju za tovorni promet (FTA)"},"content":{"rendered":"<p>Zdru\u017eenje za tovorni promet (FTA) je bilo ustanovljeno za zastopanje interesov <a href=\"https:\/\/moverdb.com\/sl\/ladjarska-podjetja\/\">logisti\u010dna podjetja<\/a>, ne glede na to, ali blago preva\u017eajo po morju, zraku, cesti ali \u017eeleznici. Sodelovala je v odmevnih kampanjah o vpra\u0161anjih, kot so dajatve na gorivo in izdajanje dovoljenj.<\/p>\n<p><strong>Klju\u010dna dejstva o sporazumu o prosti trgovini:<\/strong><\/p>\n<ul>\n<li>  Korenine sporazuma o prosti trgovini segajo v leto 1889.<\/li>\n<li>  \u010clani zdru\u017eenja FTA upravljajo ve\u010d kot 200.000 tovornjakov - skoraj polovico vseh tovornjakov. <a href=\"https:\/\/moverdb.com\/sl\/moving-to-the-uk\/\" data-internallinksmanager029f6b8e52c=\"93\" title=\"Selitev v Zdru\u017eeno kraljestvo? 2022 \u017divljenjski stro\u0161ki in nasveti za selitev\">ZDRU\u017dENO KRALJESTVO<\/a> vozni park.<\/li>\n<li>  \u010clani zagotovijo ve\u010d kot 90% tovora, prepeljanega po \u017eeleznici.<\/li>\n<li>  \u010clanice sporazuma o prosti trgovini so odgovorne za 70% vidnega izvoza Zdru\u017eenega kraljestva po morju in zraku.<\/li>\n<li>  Zdru\u017eenje FTA ima ve\u010d kot 15.000 \u010dlanov in je najve\u010dje zdru\u017eenje za tovorni promet v Zdru\u017eenem kraljestvu.<\/li>\n<li>  360 uslu\u017ebencev zdru\u017eenja FTA vsako leto obravnava ve\u010d kot 50.000 poizvedb \u010dlanov.<\/li>\n<li>  \u010clani zdru\u017eenja FTA so lahko <a href=\"https:\/\/moverdb.com\/sl\/mednarodne-selitve\/\">Podjetja v Zdru\u017eenem kraljestvu<\/a>.<\/li>\n<\/ul>\n<p><strong>Profil Zdru\u017eenja za tovorni promet:<\/strong><\/p>\n<p>FTA opredeljuje svoje poslanstvo kot \"varno, trajnostno in u\u010dinkovito logistiko\". Ima ve\u010d razli\u010dnih vlog, med drugim zastopa \u010dlane na lokalni, nacionalni in evropski ravni ter vodi kampanje za ozave\u0161\u010danje o logisti\u010dni industriji. <\/p>\n<p>Zdru\u017eenje FTA skrbi tudi za to, da so njegovi \u010dlani seznanjeni z najnovej\u0161imi zahtevami glede skladnosti za njihova podjetja, in ponuja \u0161irok izbor programov usposabljanja, ki so namenjeni dvigu standardov in izbolj\u0161anju delovnih pogojev. <\/p>\n<p>Poleg tega je FTA vir informacij o sektorju, ki ga zastopa, in pripravlja poro\u010dila o temah, kot so delovanje logisti\u010dne industrije in izzivi, s katerimi se soo\u010da. <\/p>\n<p>\u010clanske ugodnosti vklju\u010dujejo informativne informacije in priro\u010dnike o skladnosti, storitev odvoza vozil po pla\u010dilu in spletni imenik dobaviteljev.<\/p>\n<p>Kategorije \u010dlanstva vklju\u010dujejo:<\/p>\n<ul>\n<li> \u010clanstvo upravljavca vozila<\/li>\n<li> \u010clanstvo za upravljavce, ki niso vozniki vozil<\/li>\n<li> \u010clanstvo za potnike<\/li>\n<li> \u010clanstvo v lokalnih organih<\/li>\n<li> \u010clanstvo v zakonsko dolo\u010denem organu<\/li>\n<li> \u010clanstvo v podru\u017enici<\/li>\n<\/ul>\n<p><strong>Merila za \u010dlanstvo:<\/strong><\/p>\n<p>Zdru\u017eenje FTA ponuja razli\u010dne vrste \u010dlanstva, ki so navedene spodaj. Meril za to, kdo lahko postane \u010dlan, ni, vendar morajo podjetja ustrezati opredelitvi enega od spodaj navedenih podjetij in se strinjati s pogoji statuta zdru\u017eenja Freight Transport Association Ltd. <\/p>\n<p>Za vsako kategorijo \u010dlanstva je treba navesti nekaj dodatnih informacij, ki podpirajo vlogo, kot je navedeno spodaj.<\/p>\n<ul>\n<li> \u010clanstvo upravljavca vozila - \u0161tevilo upravljanih vozil in vrsta dejavnosti.<\/li>\n<li> \u010clanstvo za prevoznike, ki ne upravljajo vozil - narava dejavnosti.<\/li>\n<li> Potni\u0161ko \u010dlanstvo - letni promet, vrsta dejavnosti, \u0161tevilo vozil, ki jih upravlja.<\/li>\n<li> \u010clanstvo lokalnih organov - \u0161tevilo vozil, ki jih upravljajo, in \u0161tevilo prebivalcev regije, ki jo oskrbuje lokalni organ.<\/li>\n<li> \u010clanstvo v zakonsko dolo\u010denem organu - \u0161tevilo vozil, ki jih organ upravlja, in \u0161tevilo prebivalcev regije, ki jo organ oskrbuje.<\/li>\n<li> \u010clanstvo v podru\u017enici - \u0161tevilo vozil, ki jih upravlja, vrsta dejavnosti.<\/li>\n<\/ul>\n<p><strong>Vzor\u010dni primeri podjetij \u010dlanic<\/strong><\/p>\n<ul>\n<li> <a href=\"https:\/\/moverdb.com\/sl\/drustvo-shore-porters-society\/\">Dru\u0161tvo obalnih prevoznikov<\/a><\/li>\n<li> <a href=\"https:\/\/moverdb.com\/sl\/movecorp\/\">Movecorp<\/a><\/li>\n<\/ul>\n<p><strong>Mnenja o sporazumu o prosti trgovini:<\/strong><\/p>\n<p>Zdru\u017eenje FTA podpirajo velika imena iz industrije, kot je dru\u017eba PWC, ki se vsako leto podpi\u0161e pod <a href=\"http:\/\/www.pwc.co.uk\/industries\/transport-logistics\/fta-logistics-report-2014.html\" target=\"_blank\" rel=\"noopener\">Logisti\u010dno poro\u010dilo Zdru\u017eenja za tovorni promet<\/a> in ga opisuje kot \"eno najve\u010djih trgovinskih zdru\u017eenj v Zdru\u017eenem kraljestvu\".<\/p>\n<p>Sporazum o prosti trgovini je omenjen kot partner <a href=\"http:\/\/www.csrf.ac.uk\/partner\/freight-transport-association\/\" target=\"_blank\" rel=\"noopener\">Center za trajnostni cestni tovorni promet<\/a> in sodelovanja se pojavljajo pri sorodnih vpra\u0161anjih, kot je razvoj delnega <a href=\"http:\/\/www.osapartnershipgroup.co.uk\/campaign2-fta.html\" target=\"_blank\" rel=\"noopener\">Potrdilo o strokovni usposobljenosti<\/a> s skupino za obstruktivno apnejo med spanjem. Zdru\u017eenje FTA je omenjeno na <a href=\"http:\/\/www.lombard.co.uk\/our-expertise\/commercial-transportation\/industry-associations\/fta\" target=\"_blank\" rel=\"noopener\">spletne strani \u0161tevilnih<\/a> svojih \u010dlanov in se pogosto omenja, kadar se pojavi vpra\u0161anje, ki predstavlja logisti\u010dno industrijo.<\/p>\n<p><strong>Spletna stran:<\/strong> <a href=\"http:\/\/www.fta.co.uk\/\" target=\"_blank\" rel=\"noopener\">http:\/\/www.fta.co.uk\/<\/a><\/p>\n<p><strong>Za ve\u010d informacij o po\u0161iljanju glejte:<\/strong> <a href=\"https:\/\/moverdb.com\/sl\/kontejnersko-posiljanje\/\">2018 Cene in stro\u0161ki mednarodnega kontejnerskega prevoza<\/a> in . <a href=\"https:\/\/moverdb.com\/sl\/spediter\/\">\u0160pediter in NVOCC Mednarodni vodnik po stro\u0161kih in podjetjih<\/a><\/p>","protected":false},"excerpt":{"rendered":"<p>The Freight Transport Association (FTA) was set up to represent the interests of logistics companies, whether they are moving goods by sea, air, road or rail. It has been involved in high profile campaigns on issues such as fuel duty and licensing. Key facts about the FTA: The FTA can trace its roots back to [&hellip;]<\/p>\n","protected":false},"author":1,"featured_media":0,"parent":0,"menu_order":0,"comment_status":"closed","ping_status":"closed","template":"","meta":{"_genesis_hide_title":false,"_genesis_hide_breadcrumbs":false,"_genesis_hide_singular_image":false,"_genesis_hide_footer_widgets":false,"_genesis_custom_body_class":"","_genesis_custom_post_class":"","_genesis_layout":"","footnotes":""},"class_list":{"0":"post-448","1":"page","2":"type-page","3":"status-publish","5":"entry"},"_links":{"self":[{"href":"https:\/\/moverdb.com\/sl\/wp-json\/wp\/v2\/pages\/448","targetHints":{"allow":["GET"]}}],"collection":[{"href":"https:\/\/moverdb.com\/sl\/wp-json\/wp\/v2\/pages"}],"about":[{"href":"https:\/\/moverdb.com\/sl\/wp-json\/wp\/v2\/types\/page"}],"author":[{"embeddable":true,"href":"https:\/\/moverdb.com\/sl\/wp-json\/wp\/v2\/users\/1"}],"replies":[{"embeddable":true,"href":"https:\/\/moverdb.com\/sl\/wp-json\/wp\/v2\/comments?post=448"}],"version-history":[{"count":11,"href":"https:\/\/moverdb.com\/sl\/wp-json\/wp\/v2\/pages\/448\/revisions"}],"predecessor-version":[{"id":6213,"href":"https:\/\/moverdb.com\/sl\/wp-json\/wp\/v2\/pages\/448\/revisions\/6213"}],"wp:attachment":[{"href":"https:\/\/moverdb.com\/sl\/wp-json\/wp\/v2\/media?parent=448"}],"curies":[{"name":"wp","href":"https:\/\/api.w.org\/{rel}","templated":true}]}}