{"id":447,"date":"2016-07-05T14:22:52","date_gmt":"2016-07-05T14:22:52","guid":{"rendered":"http:\/\/moverdb.com\/?page_id=447"},"modified":"2026-01-08T14:48:21","modified_gmt":"2026-01-08T14:48:21","slug":"fedemac","status":"publish","type":"page","link":"https:\/\/moverdb.com\/sl\/fedemac\/","title":{"rendered":"Pojasnila o Zvezi evropskih zdru\u017eenj za selitve (FEDEMAC)"},"content":{"rendered":"<p>Federacija evropskega zdru\u017eenja movers (FEDEMAC) je evropski organ, ki je bil ustanovljen za spodbujanje industrije selitev na evropski ravni. Njeno \u010dlanstvo ve\u010dinoma sestavljajo nacionalna zdru\u017eenja za selitve.<\/p>\n<p><strong>Klju\u010dna dejstva o FEDEMAC-u<\/strong><\/p>\n<ul>\n<li>  V FEDEMAC so v\u010dlanjena nacionalna gibalna zdru\u017eenja iz Evrope.<\/li>\n<li>  FEDEMAC zastopa interese pribli\u017eno 3.000 poklicnih <a href=\"https:\/\/moverdb.com\/sl\/moving-companies\/\" data-internallinksmanager029f6b8e52c=\"79\" title=\"Top 25 Mednarodne selitve podjetja Online\">selitvena podjetja<\/a>.<\/li>\n<li>  \u010clanice so v 26 evropskih dr\u017eavah, od tega je 24 dr\u017eav \u010dlanic EU. <a href=\"https:\/\/moverdb.com\/sl\/moving-to-switzerland\/\" data-internallinksmanager029f6b8e52c=\"327\" title=\"Selitev v \u0160vico? 2023 \u017divljenjski stro\u0161ki in nasveti za selitev\">\u0160vica<\/a> in . <a href=\"https:\/\/moverdb.com\/sl\/moving-to-norway\/\" data-internallinksmanager029f6b8e52c=\"325\" title=\"Selitev na Norve\u0161ko? 2023 \u017divljenjski stro\u0161ki in nasveti za selitev\">Norve\u0161ka<\/a> zastopa tudi FEDEMAC.<\/li>\n<li>  FEDEMAC upravlja generalna skup\u0161\u010dina, ki se sestane enkrat letno in jo sestavljajo predstavniki \u010dlanov FEDEMAC (zdru\u017eenj \u010dlanic in neposredno povezanih podjetij \u010dlanic).<\/li>\n<li>  FEDEMAC v veliki meri zastopa interese svojih \u010dlanov v Parlamentu EU in Komisiji.<\/li>\n<\/ul>\n<p><strong>Profil zdru\u017eenja Federation of European Movers Association:<\/strong><\/p>\n<p>Namen zdru\u017eenja FEDEMAC je zastopati industrijo selitvenih vozil v Evropi, njene skrbi, potrebe in cilje. Oblikovan je bil tudi tako, da pomaga pri usklajevanju dejavnosti svojih \u010dlanov, da bi ustvaril najve\u010dji u\u010dinek v Evropi. <\/p>\n<p>Velik del dela je povezan s predstavljanjem interesov \u010dlanov v Parlamentu EU in Komisiji ter s povezovanjem med nacionalnimi zdru\u017eenji delavcev v gibanju in drugimi trgovinskimi organizacijami. <\/p>\n<p>\u010clani zdru\u017eenja FEDEMAC so ve\u010dinoma nacionalna gibalna zdru\u017eenja (npr. <a href=\"https:\/\/moverdb.com\/sl\/mednarodne-selitve\/\" target=\"_blank\" rel=\"noopener\">v Zdru\u017eenem kraljestvu<\/a>, \u010dlan je <a href=\"https:\/\/moverdb.com\/sl\/britansko-zdruzenje-odstranjevalcev\/\" target=\"_blank\" rel=\"noopener\">Britansko zdru\u017eenje odstranjevalcev<\/a>), vendar lahko posamezna kvalificirana podjetja za selitve postanejo tudi neposredni \u010dlani zdru\u017eenja FEDEMAC, \u010de zdru\u017eenja ni ali \u010de zdru\u017eenje obstaja, vendar ni zainteresirano za \u010dlanstvo v zdru\u017eenju FEDEMAC. <\/p>\n<p>Del vloge FEDEMAC-a je, da \u010dlane obve\u0161\u010da o evropskih politikah, za kar ponuja vrsto virov na svoji spletni strani, \u0161tevilne publikacije za \u010dlane, imenik in letno konferenco.<\/p>\n<p><strong>Merila za \u010dlanstvo:<\/strong><\/p>\n<p>\u010clanstvo poteka prek nacionalnega zdru\u017eenja - tisti, ki so v <a href=\"https:\/\/moverdb.com\/sl\/moving-to-the-uk\/\" data-internallinksmanager029f6b8e52c=\"93\" title=\"Selitev v Zdru\u017eeno kraljestvo? 2022 \u017divljenjski stro\u0161ki in nasveti za selitev\">ZDRU\u017dENO KRALJESTVO<\/a> ki \u017eelijo biti del FEDEMAC, se morajo pridru\u017eiti Britanskemu zdru\u017eenju prevoznikov.<br \/>\nV ve\u010dini dr\u017eav je \u010dlanstvo zagotovljeno prek nacionalnega zdru\u017eenja za selitve.<\/p>\n<p><strong>Vzor\u010dni primeri podjetij \u010dlanic<\/strong><\/p>\n<ul>\n<li> <a href=\"https:\/\/moverdb.com\/sl\/matthew-james\/\">Matthew James Global Relocations<\/a><\/li>\n<li> <a href=\"https:\/\/moverdb.com\/sl\/movecorp\/\">Movecorp<\/a><\/li>\n<li> <a href=\"https:\/\/moverdb.com\/sl\/pearson\/\">Pearson Home Premikanje<\/a><\/li>\n<li> <a href=\"https:\/\/moverdb.com\/sl\/simpsons-removals\/\">Simpsons Removals and Storage<\/a><\/li>\n<li> <a href=\"https:\/\/moverdb.com\/sl\/abels-removals\/\">Abels Moving Services<\/a><\/li>\n<li> <a href=\"https:\/\/moverdb.com\/sl\/eagle-relocations\/\">Premestitve orlov<\/a><\/li>\n<li> <a href=\"https:\/\/moverdb.com\/sl\/btr-international\/\">BTR International<\/a><\/li>\n<li> <a href=\"https:\/\/moverdb.com\/sl\/fn-removals\/\">F&amp;N Worldwide Removals<\/a><\/li>\n<li> <a href=\"https:\/\/moverdb.com\/sl\/bolliger\/\">Bolliger<\/a><\/li>\n<li> <a href=\"https:\/\/moverdb.com\/sl\/gil-stauffer\/\">Gil Stauffer<\/a><\/li>\n<li> <a href=\"https:\/\/moverdb.com\/sl\/teletrans\/\">Teletrans<\/a><\/li>\n<\/ul>\n<p><strong>Mnenja o dru\u017ebi FEDEMAC<\/strong><\/p>\n<p>FEDEMAC je o\u010ditno zelo cenjen med tistimi, ki <a href=\"http:\/\/www.abels.co.uk\/articles\/fedemac-federation-of-european-movers-associations-what-does-this-mean\/\" target=\"_blank\" rel=\"noopener\">ki ga omenjajo<\/a> in je bil obravnavan kot pomemben predstavnik interesov evropskih pobudnikov. Nekateri izvajalci selitev navajajo, da so individualni \u010dlani, ne pa da so \u010dlani prek britanskega zdru\u017eenja izvajalcev selitev. Drugi se navajajo kot akreditirani pri FEDEMAC, \u010desar pa ta organizacija ne po\u010dne.<\/p>\n<p><strong>Spletna stran:<\/strong> <a href=\"https:\/\/www.fedemac.eu\" target=\"_blank\" rel=\"noopener\">https:\/\/www.fedemac.eu<\/a><\/p>","protected":false},"excerpt":{"rendered":"<p>The Federation of European Movers Association (FEDEMAC) is a European body that has been established to promote the moving industry on a European level. Its membership is predominantly made up of national moving associations. Key facts about FEDEMAC FEDEMAC membership is made up of National Moving Associations located in Europe. FEDEMAC represents the interests of [&hellip;]<\/p>\n","protected":false},"author":1,"featured_media":0,"parent":0,"menu_order":0,"comment_status":"closed","ping_status":"closed","template":"","meta":{"_genesis_hide_title":false,"_genesis_hide_breadcrumbs":false,"_genesis_hide_singular_image":false,"_genesis_hide_footer_widgets":false,"_genesis_custom_body_class":"","_genesis_custom_post_class":"","_genesis_layout":"","footnotes":""},"class_list":{"0":"post-447","1":"page","2":"type-page","3":"status-publish","5":"entry"},"_links":{"self":[{"href":"https:\/\/moverdb.com\/sl\/wp-json\/wp\/v2\/pages\/447","targetHints":{"allow":["GET"]}}],"collection":[{"href":"https:\/\/moverdb.com\/sl\/wp-json\/wp\/v2\/pages"}],"about":[{"href":"https:\/\/moverdb.com\/sl\/wp-json\/wp\/v2\/types\/page"}],"author":[{"embeddable":true,"href":"https:\/\/moverdb.com\/sl\/wp-json\/wp\/v2\/users\/1"}],"replies":[{"embeddable":true,"href":"https:\/\/moverdb.com\/sl\/wp-json\/wp\/v2\/comments?post=447"}],"version-history":[{"count":21,"href":"https:\/\/moverdb.com\/sl\/wp-json\/wp\/v2\/pages\/447\/revisions"}],"predecessor-version":[{"id":6209,"href":"https:\/\/moverdb.com\/sl\/wp-json\/wp\/v2\/pages\/447\/revisions\/6209"}],"wp:attachment":[{"href":"https:\/\/moverdb.com\/sl\/wp-json\/wp\/v2\/media?parent=447"}],"curies":[{"name":"wp","href":"https:\/\/api.w.org\/{rel}","templated":true}]}}