{"id":446,"date":"2016-06-21T20:49:19","date_gmt":"2016-06-21T20:49:19","guid":{"rendered":"http:\/\/moverdb.com\/?page_id=446"},"modified":"2026-01-08T15:20:34","modified_gmt":"2026-01-08T15:20:34","slug":"rios","status":"publish","type":"page","link":"https:\/\/moverdb.com\/sl\/rios\/","title":{"rendered":"Pojasnila o sistemu varuha \u010dlovekovih pravic v panogi selitev (RIOS)"},"content":{"rendered":"<p>Sistem varuha \u010dlovekovih pravic v panogi selitev (RIOS) obravnava prito\u017ebe, ki se nana\u0161ajo na podjetja iz panoge selitev. Ponuja neodvisno storitev za re\u0161evanje sporov med podjetji \u010dlani in njihovimi strankami.<\/p>\n<p><strong>Klju\u010dna dejstva o sistemu RIOS:<\/strong><\/p>\n<ul>\n<li>  Vse prito\u017ebe, ki jih obravnava RIOS, so brezpla\u010dne.<\/li>\n<li>  RIOS je na voljo za <a href=\"https:\/\/moverdb.com\/sl\/moving-to-the-uk\/\" data-internallinksmanager029f6b8e52c=\"93\" title=\"Selitev v Zdru\u017eeno kraljestvo? 2022 \u017divljenjski stro\u0161ki in nasveti za selitev\">ZDRU\u017dENO KRALJESTVO<\/a> dr\u017eavljani.<\/li>\n<li>  Dr\u017eavljani Zdru\u017eenega kraljestva se lahko prek te brezpla\u010dne storitve prito\u017eijo zaradi te\u017eav, ki jih imajo doma\u010da ali komercialna podjetja za selitve in skladi\u0161\u010denje, ki so vklju\u010dena v sistem varuha \u010dlovekovih pravic.<\/li>\n<li>  Ugotovitve varuha \u010dlovekovih pravic so zavezujo\u010de za <a href=\"https:\/\/moverdb.com\/sl\/mednarodne-selitve\/\" target=\"_blank\" rel=\"noopener\">podjetje za selitve<\/a>vendar ne za potro\u0161nika.<\/li>\n<li>  Sedanji varuh \u010dlovekovih pravic je Tony Kaye, ki je bil imenovan junija 2015. Je neodvisen od vseh <a href=\"https:\/\/moverdb.com\/sl\/international-removals\/\" data-internallinksmanager029f6b8e52c=\"27\" title=\"36 najbolj\u0161ih podjetij za mednarodne selitve v Zdru\u017eenem kraljestvu\">podjetje za selitve<\/a> ali organizacijo.<\/li>\n<li> Spletna stran <a href=\"https:\/\/moverdb.com\/sl\/ngrs\/\">Nacionalni ceh izvajalcev selitev in skladi\u0161\u010dnikov<\/a> je trenutno glavni \u010dlan.<\/li>\n<\/ul>\n<p><strong>Profil sheme varuha \u010dlovekovih pravic v panogi selitev:<\/strong><\/p>\n<p>Sistem RIOS omogo\u010da, da spore v panogi re\u0161uje neodvisen organ. Ti spori lahko vklju\u010dujejo tako doma\u010de potro\u0161nike kot poslovne organizacije. Sistem deluje kot neodvisni razsodnik, ki obravnava spore, ki jih stranke ne morejo re\u0161iti med seboj ali prek drugega industrijskega organa.<\/p>\n<p>Obstajajo razmeroma stroga pravila o vrstah prito\u017eb, ki jih RIOS lahko obravnava in ne - na primer, prito\u017ebe, ki so \u017ee predmet sodnega postopka, ne bodo obravnavane. <\/p>\n<p>V pristojnosti RIOS so te\u017eave, povezane z zamudami, neizvajanjem obljubljenih storitev, previsokimi stro\u0161ki, ki presegajo dogovorjene, ali obto\u017ebami o neprofesionalnem ravnanju. <\/p>\n<p>\u010ce \u017eeli potro\u0161nik vlo\u017eiti prito\u017ebo, jo mora najprej nasloviti na zadevno podjetje - \u010de je ni mogo\u010de re\u0161iti, se lahko prenese na RIOS.<\/p>\n<p><strong>Merila za \u010dlanstvo:<\/strong><\/p>\n<p>Ti niso navedeni na spletni strani, temve\u010d so opisani kot pogodba, ki jo morajo podpisati \u010dlani sheme in v kateri so dolo\u010dena vsa merila. Najpomembneje pa je, da za \u010dlane veljajo kodeks ravnanja, ki je prijazen do strank, neodvisni letni in\u0161pekcijski pregledi, stalno spremljanje kakovosti in soglasje, da bodo v sporih s strankami upo\u0161tevali odlo\u010ditve varuha \u010dlovekovih pravic.<\/p>\n<p><strong>Vzor\u010dni primeri podjetij \u010dlanic<\/strong><\/p>\n<ul>\n<li> <a href=\"https:\/\/moverdb.com\/sl\/movecorp\/\">Movecorp<\/a><\/li>\n<\/ul>\n<p><strong>Mnenja o RIOS-u:<\/strong><\/p>\n<p>Neodvisnost zdru\u017eenja RIOS je eden od elementov, ki najbolj izstopa na spletnih straneh \u010dlanov. Tisti, ki jo omenjajo, to po\u010dnejo kot zagotovilo, da imajo stranke na voljo na\u010din za vlaganje prito\u017eb, ki ne vklju\u010duje nujno samo poslovanja s podjetjem ali panogo. <\/p>\n<p>\u010clanstvo v sistemu RIOS je navedeno kot akreditacija in na\u010din razlikovanja podjetij od konkurence. \u010clanstvo v sistemu RIOS je opisano tudi kot pokazatelj, da podjetje izpolnjuje visoke standarde varstva potro\u0161nikov.<\/p>\n<blockquote><p>Sistem varuha \u010dlovekovih pravic v panogi selitev je bil ustanovljen, da bi panogi selitev zagotovil neodvisno storitev za re\u0161evanje sporov med podjetji \u010dlani in njihovimi strankami, tako doma\u010dimi potro\u0161niki kot komercialnimi organizacijami, \u010de spravna slu\u017eba, ki jo zagotavlja Nacionalni ceh selitvenih delavcev in skladi\u0161\u010dnikov, ne pripelje do zadovoljivega zaklju\u010dka.\n<\/p><\/blockquote>\n<p>- <a href=\"http:\/\/www.ngrs.co.uk\/ombudsman-scheme\/\" target=\"_blank\" rel=\"noopener\">Nacionalni ceh odstranjevalcev in skladi\u0161\u010dnikov<\/a><\/p>\n<blockquote><p>V Zdru\u017eenem kraljestvu ni zakonov o tem, kdo lahko ustanovi podjetje za selitve. Vendar pa morate vedeti, da boste svoj dom in dragoceno premo\u017eenje zaupali odstranjevalcu, ki izpolnjuje visoke standarde varstva potro\u0161nikov. Najbolj\u0161i pokazatelj tega je, da poi\u0161\u010dete \u010dlana The Removals Industry Ombudsman Scheme (RIOS), le GUILD pa vztraja, da vsi njegovi \u010dlani spo\u0161tujejo pravila te sheme.<\/p><\/blockquote>\n<p>- <a href=\"http:\/\/www.moveit-essex.co.uk\/news\/yjpleijb5i.html\" target=\"_blank\" rel=\"noopener\">Premakni ga Odstranitve<\/a> <\/p>\n<blockquote><p>Sistemi varuha \u010dlovekovih pravic so vzpostavljene z namenom, da strankam zagotovijo neodvisen in nepristranski prito\u017ebeni postopek. Shema varuha \u010dlovekovih pravic v panogi selitev je polnopravni \u010dlan britanskega in irskega zdru\u017eenja varuhov \u010dlovekovih pravic, skupaj z dobro znanimi slu\u017ebo finan\u010dnega varuha \u010dlovekovih pravic, parlamentarnim varuhom \u010dlovekovih pravic in varuhom zdravstvenih storitev ter 17 drugimi shemami samo v Zdru\u017eenem kraljestvu.<\/p><\/blockquote>\n<p>- <a href=\"http:\/\/www.uptonsremovals.com\/moving-you\/local-domestic-moves\/\" target=\"_blank\" rel=\"noopener\">Glyn Upton Premiki<\/a><\/p>\n<p><strong>Spletna stran:<\/strong> <a href=\"http:\/\/removalsombudsman.co.uk\/\" target=\"_blank\" rel=\"noopener\">http:\/\/removalsombudsman.co.uk\/<\/a><\/p>","protected":false},"excerpt":{"rendered":"<p>The Removal Industry Ombudsman Scheme (RIOS) deals with complaints that are made about removals industry businesses. It offers an independent service to resolve disputes between member companies and their clients. Key facts about RIOS: All complaints investigated through RIOS are done so free of charge. RIOS is available to UK citizens. UK citizens can use [&hellip;]<\/p>\n","protected":false},"author":1,"featured_media":0,"parent":0,"menu_order":0,"comment_status":"closed","ping_status":"closed","template":"","meta":{"_genesis_hide_title":false,"_genesis_hide_breadcrumbs":false,"_genesis_hide_singular_image":false,"_genesis_hide_footer_widgets":false,"_genesis_custom_body_class":"","_genesis_custom_post_class":"","_genesis_layout":"","footnotes":""},"class_list":{"0":"post-446","1":"page","2":"type-page","3":"status-publish","5":"entry"},"_links":{"self":[{"href":"https:\/\/moverdb.com\/sl\/wp-json\/wp\/v2\/pages\/446","targetHints":{"allow":["GET"]}}],"collection":[{"href":"https:\/\/moverdb.com\/sl\/wp-json\/wp\/v2\/pages"}],"about":[{"href":"https:\/\/moverdb.com\/sl\/wp-json\/wp\/v2\/types\/page"}],"author":[{"embeddable":true,"href":"https:\/\/moverdb.com\/sl\/wp-json\/wp\/v2\/users\/1"}],"replies":[{"embeddable":true,"href":"https:\/\/moverdb.com\/sl\/wp-json\/wp\/v2\/comments?post=446"}],"version-history":[{"count":9,"href":"https:\/\/moverdb.com\/sl\/wp-json\/wp\/v2\/pages\/446\/revisions"}],"predecessor-version":[{"id":6231,"href":"https:\/\/moverdb.com\/sl\/wp-json\/wp\/v2\/pages\/446\/revisions\/6231"}],"wp:attachment":[{"href":"https:\/\/moverdb.com\/sl\/wp-json\/wp\/v2\/media?parent=446"}],"curies":[{"name":"wp","href":"https:\/\/api.w.org\/{rel}","templated":true}]}}