{"id":445,"date":"2016-06-21T20:35:30","date_gmt":"2016-06-21T20:35:30","guid":{"rendered":"http:\/\/moverdb.com\/?page_id=445"},"modified":"2026-01-08T14:47:36","modified_gmt":"2026-01-08T14:47:36","slug":"association-relocation-professionals","status":"publish","type":"page","link":"https:\/\/moverdb.com\/sl\/association-relocation-professionals\/","title":{"rendered":"Pojasnila o Zdru\u017eenju strokovnjakov za preseljevanje (ARP)"},"content":{"rendered":"<p>Association of Relocation Professionals (ARP) je strokovno zdru\u017eenje za industrijo selitev v <a href=\"https:\/\/moverdb.com\/sl\/moving-to-the-uk\/\" data-internallinksmanager029f6b8e52c=\"93\" title=\"Selitev v Zdru\u017eeno kraljestvo? 2022 \u017divljenjski stro\u0161ki in nasveti za selitev\">ZDRU\u017dENO KRALJESTVO<\/a>. Njegovo poslanstvo ni le zastopanje \u010dlanov, temve\u010d tudi pomo\u010d pri tr\u017eenju in rasti.<\/p>\n<p><strong>Klju\u010dna dejstva o programu ARP:<\/strong><\/p>\n<ul>\n<li>  ARP je organ, ki zdru\u017euje strokovnjake za selitve v Zdru\u017eenem kraljestvu.<\/li>\n<li>  Zdru\u017eenje strokovnjakov za selitve je bilo ustanovljeno leta 1986.<\/li>\n<li>  \u010clani ARP imajo popolno zavarovanje poklicne odgovornosti, javne odgovornosti in odgovornosti delodajalcev za za\u0161\u010dito strank in ponudnikov.<\/li>\n<li>  ARP ima vrsto pravil ravnanja, ki jih morajo \u010dlani spo\u0161tovati, vklju\u010dno s pravili o ravnanju z denarjem strank in izogibanju napa\u010dnemu predstavljanju.<\/li>\n<li>  Vsi \u010dlani, ki ponujajo storitve selitve, morajo dokazati, da so se pridru\u017eili nepremi\u010dninski od\u0161kodninski shemi in se vpisali v register HMRC za prepre\u010devanje pranja denarja, \u010de se ukvarjajo z nakupom nepremi\u010dnin.<\/li>\n<li>  ARP je ustanovni \u010dlan in sponzor Evropske akademije strokovnjakov za selitve (EARP), prve organizacije, ki ponuja evropske kvalifikacije za usposabljanje na podro\u010dju selitev.<\/li>\n<\/ul>\n<p><strong>Profil Zdru\u017eenja strokovnjakov za selitve:<\/strong><\/p>\n<p>ARP je strokovni organ za podjetja, ki se ukvarjajo s selitvami v Zdru\u017eenem kraljestvu, in zastopa \u0161tevilne \u010dlane, od strokovnjakov za selitve podjetij do iskalcev nepremi\u010dnin in drugih, ki zagotavljajo specializirane storitve selitev. <\/p>\n<p>ARP za svoje \u010dlane izvaja akreditirano usposabljanje - kot del Evropske akademije strokovnjakov za selitve (EARP) ponuja kvalifikacijo Managing International Mobility (MIM) in Evropsko kvalifikacijo za selitve (ERQ). <\/p>\n<p>ARP pripravlja imenik \u010dlanov, ki ga po\u0161lje 6 000 kadrovskim mened\u017eerjem, direktorjem in HRO v Zdru\u017eenem kraljestvu, s \u010dimer \u017eeli pomagati pri promociji \u010dlanov in jim pomagati, da se bolje tr\u017eijo. <\/p>\n<p>ARP je zasnovana kot zavezanost najbolj\u0161i praksi, zadovoljstvu strank in strokovnosti ter kot forum za izmenjavo zamisli, ki bo pripomogel k razvoju industrije.<\/p>\n<p><strong>Merila za \u010dlanstvo:<\/strong><\/p>\n<p><u>Pridru\u017eeno \u010dlanstvo<\/u><\/p>\n<p>Pridru\u017eeno \u010dlanstvo ARP velja za tiste, ki ne izpolnjujejo pogojev za polnopravno \u010dlanstvo, in je odprto za podjetja, katerih komercialne dejavnosti so povezane z opravljanjem storitev, povezanih s selitvami, in katerih prihodki izvirajo od fizi\u010dnih ali pravnih oseb.<\/p>\n<p>A <a href=\"https:\/\/moverdb.com\/sl\/selitev-podjetja\/\">podjetje za selitev<\/a> je vsaka organizacija, ki ponuja vrsto storitev za la\u017ejo mobilnost posameznikov ali skupin posameznikov in njihovih dru\u017ein.<\/p>\n<p>Tak\u0161ne storitve se lahko opravljajo na obmo\u010dju odhoda ali namembnem obmo\u010dju ali na obeh. Pridru\u017eeno \u010dlanstvo ARP je namenjeno kot odsko\u010dna deska za polnopravno \u010dlanstvo, pri \u010demer vam bomo nudili vso pomo\u010d.<\/p>\n<p><u>Pridru\u017eeno \u010dlanstvo<\/u><\/p>\n<p>Za podjetja, ki zagotavljajo storitve, ki jih uporabljajo strokovnjaki za selitve, vendar je njihova glavna dejavnost namenjena \u0161ir\u0161emu krogu strank.<\/p>\n<p><u>Polnopravno \u010dlanstvo<\/u><\/p>\n<p>Za podjetja, ki poslujejo ve\u010d kot dve leti.<\/p>\n<p>Pridru\u017eeni \u010dlani morajo predlo\u017eiti priporo\u010dila, ki se nato preverijo in predlo\u017eijo odboru za \u010dlanstvo ARP v kon\u010dno preverjanje. Pridru\u017eeni \u010dlani morajo opraviti usposabljanje na prvi stopnji programa EARP, preden lahko zaprosijo za polnopravno \u010dlanstvo.<\/p>\n<p>Polnopravni \u010dlani morajo poslovati ve\u010d kot dve leti in predlo\u017eiti vlogo z referencami treh strank.<\/p>\n<p><strong>Vzor\u010dni primeri podjetij \u010dlanic<\/strong><\/p>\n<ul>\n<li> <a href=\"https:\/\/moverdb.com\/sl\/sterling-relokacija\/\">Premestitev podjetja Sterling<\/a><\/li>\n<li> <a href=\"https:\/\/moverdb.com\/sl\/dt-premikanje\/\">DT Moving<\/a><\/li>\n<li> <a href=\"https:\/\/moverdb.com\/sl\/btr-international\/\">BTR International<\/a><\/li>\n<\/ul>\n<p><strong>Mnenja o ARP:<\/strong><\/p>\n<p>ARP je navedena na \u0161tevilnih spletnih straneh v Zdru\u017eenem kraljestvu in je opisana kot strokovni organ, ki v Zdru\u017eenem kraljestvu zastopa ponudnike selitev v tujini. <\/p>\n<p>\u010clanstvo v ARP pomeni, da podjetje za selitve izpolnjuje in presega priznane industrijske standarde. Po podatkih <a href=\"http:\/\/www.bloomberg.com\/profiles\/companies\/1519530Z:LN-association-of-relocation-professionals\/\" target=\"_blank\" rel=\"noopener\">Bloomberg<\/a> glavna dejavnost ARP <em>\"je spodbujati in varovati poslovanje in poklic agentov za premestitev.\"<\/em> \u0160tevilni ponudniki, ki na svojih spletnih straneh navajajo ARP, poudarjajo, da ta dolo\u010da standarde za industrijo v smislu najbolj\u0161ih praks, storitev za stranke in strokovnosti.<\/p>\n<blockquote><p>S spodbujanjem najbolj\u0161ih praks v panogi in nalogo, da \u010dlane seznanjamo z najnovej\u0161imi zakonodajnimi spremembami, od pranja denarja do ve\u010dstanovanjskih hi\u0161, se vam s svojim \u010dlanstvom zavezujemo, da smo \u017ee ve\u010d kot 25 let na vodilnem mestu v stroki preseljevanja.<\/p><\/blockquote>\n<p>- <a href=\"http:\/\/scottsrelocation.co.uk\/association-of-relocation-professionals\" target=\"_blank\" rel=\"noopener\">Scottova premestitev<\/a><\/p>\n<blockquote><p>Kot \u010dlan zdru\u017eenja ARP (Association of Relocation Professionals) so stranke lahko prepri\u010dane, da storitve, ki jih opravljamo, izpolnjujejo in presegajo priznane industrijske standarde.<\/p><\/blockquote>\n<p>-  <a href=\"http:\/\/www.source-relocation.co.uk\/index.aspx\" target=\"_blank\" rel=\"noopener\">Premestitev vira<\/a><\/p>\n<blockquote><p>Svet, ki ga sestavljajo predstavniki iz vseh sektorjev industrije, usmerja delo zdru\u017eenja od spodaj navzgor in tako zagotavlja, da zdru\u017eenje ostaja v sredi\u0161\u010du sprememb na podro\u010dju selitev.<\/p>\n<p>\u010clani ARP imajo popolno zavarovanje poklicne odgovornosti, javne odgovornosti in odgovornosti delodajalcev za za\u0161\u010dito strank in ponudnikov.<\/p>\n<p>\u010clanstvo v ARP je dokaz zavezanosti k najbolj\u0161im praksam, zadovoljstvu strank in strokovnosti.<\/p><\/blockquote>\n<p>- <a href=\"http:\/\/www.relocatecambridge.co.uk\/index.php\/arp\/\" target=\"_blank\" rel=\"noopener\">Premestitev Cambridge<\/a><\/p>\n<p><strong>Spletna stran:<\/strong> <a href=\"http:\/\/www.arp-relocation.com\/\" target=\"_blank\" rel=\"noopener\">http:\/\/www.arp-relocation.com\/<\/a><\/p>","protected":false},"excerpt":{"rendered":"<p>The Association of Relocation Professionals (ARP) is a professional body for the relocation industry in the UK. Its mission is not just to represent its members but to help them market themselves and grow too. Key facts about the ARP: The ARP is the body for relocation professionals in the UK. The Association of Relocation [&hellip;]<\/p>\n","protected":false},"author":1,"featured_media":0,"parent":0,"menu_order":0,"comment_status":"closed","ping_status":"closed","template":"","meta":{"_genesis_hide_title":false,"_genesis_hide_breadcrumbs":false,"_genesis_hide_singular_image":false,"_genesis_hide_footer_widgets":false,"_genesis_custom_body_class":"","_genesis_custom_post_class":"","_genesis_layout":"","footnotes":""},"class_list":{"0":"post-445","1":"page","2":"type-page","3":"status-publish","5":"entry"},"_links":{"self":[{"href":"https:\/\/moverdb.com\/sl\/wp-json\/wp\/v2\/pages\/445","targetHints":{"allow":["GET"]}}],"collection":[{"href":"https:\/\/moverdb.com\/sl\/wp-json\/wp\/v2\/pages"}],"about":[{"href":"https:\/\/moverdb.com\/sl\/wp-json\/wp\/v2\/types\/page"}],"author":[{"embeddable":true,"href":"https:\/\/moverdb.com\/sl\/wp-json\/wp\/v2\/users\/1"}],"replies":[{"embeddable":true,"href":"https:\/\/moverdb.com\/sl\/wp-json\/wp\/v2\/comments?post=445"}],"version-history":[{"count":7,"href":"https:\/\/moverdb.com\/sl\/wp-json\/wp\/v2\/pages\/445\/revisions"}],"predecessor-version":[{"id":6177,"href":"https:\/\/moverdb.com\/sl\/wp-json\/wp\/v2\/pages\/445\/revisions\/6177"}],"wp:attachment":[{"href":"https:\/\/moverdb.com\/sl\/wp-json\/wp\/v2\/media?parent=445"}],"curies":[{"name":"wp","href":"https:\/\/api.w.org\/{rel}","templated":true}]}}