{"id":443,"date":"2016-06-18T21:12:56","date_gmt":"2016-06-18T21:12:56","guid":{"rendered":"http:\/\/moverdb.com\/?page_id=443"},"modified":"2026-01-08T13:18:29","modified_gmt":"2026-01-08T13:18:29","slug":"harmony-relocation-network","status":"publish","type":"page","link":"https:\/\/moverdb.com\/sl\/harmony-relocation-network\/","title":{"rendered":"Pojasnila o mre\u017ei za premestitev Harmony (HRN)"},"content":{"rendered":"<p>Harmony Relocation Network (HRN) je skupina partnerskih podjetij, ki je bila ustanovljena z namenom vzpostavitve vseevropske mre\u017ee za globalno selitev. Integracija infrastrukture, tehnologije, kakovosti in trajnosti je zasnovana tako, da zagotavlja dosledno visoko kakovost storitev.<\/p>\n<p><strong>Klju\u010dna dejstva o HRH:<\/strong><\/p>\n<ol>\n<li>  \u010clanstvo sestavlja 140 \u010dlanov iz 60 dr\u017eav.<\/li>\n<li>  HRN deluje v 180 dr\u017eavah na \u0161estih celinah.<\/li>\n<li>  Dru\u017eba HRN je bila ustanovljena leta 1992, vseh 140 \u010dlanov pa je solastnikov podjetja.<\/li>\n<li>  HRN so ustanovila nem\u0161ka in nizozemska podjetja, nato pa se je raz\u0161irila na <a href=\"https:\/\/moverdb.com\/sl\/moving-to-australia\/living-in-australia\/\" data-internallinksmanager029f6b8e52c=\"240\" title=\"21 skrivnosti o \u017eivljenju v Avstraliji, ki jih morate poznati, preden se preselite\">Avstralija<\/a> in Azijo ter nato na Bli\u017enji vzhod, v Latinsko Ameriko in Afriko.<\/li>\n<li>  HRN je bila med letoma 2002 in 2015 del skupine UniGroup Worldwide UTS z <a href=\"https:\/\/moverdb.com\/sl\/moving-to-the-united-states\/\" data-internallinksmanager029f6b8e52c=\"94\" title=\"Selitev v Zdru\u017eene dr\u017eave Amerike? 2022 \u017divljenjski stro\u0161ki in nasveti za selitev\">ZDA<\/a> Van Line.<\/li>\n<li>  HRN je najve\u010dja svetovna mre\u017ea podjetij za selitve s skupno blagovno znamko.<\/li>\n<\/ol>\n<p><strong>Profil mre\u017ee za selitev Harmony:<\/strong><\/p>\n<p>Zamisel mre\u017ee HRN je zdru\u017eiti najbolj\u0161e iz lokalne dedi\u0161\u010dine z globalnim razponom in tako podjetjem in posameznikom ponuditi selitvene storitve, ki so lokalne, vendar imajo svetovni doseg. <\/p>\n<p>Med ponujenimi storitvami so storitve upravljanja selitev, selitvene operacije in destinacijske storitve. Mre\u017ea HRN je razvila lasten mre\u017eni spletni informacijski sistem, ki je namenjen obve\u0161\u010danju strank ter zagotavljanju \u010dim bolj celovitega in doslednega postopka - vklju\u010duje mo\u017enosti poro\u010danja in sledenja. <\/p>\n<p>Vklju\u010devanje gospodarske, okoljske in dru\u017ebene trajnosti je pomembno za mre\u017eo HRN, ki to navaja kot enega od glavnih stebrov za uravnote\u017eenje ljudi, tehnologije in okolja.<\/p>\n<p><strong>Merila za \u010dlanstvo <\/strong><\/p>\n<p>Na spletni strani ni meril za \u010dlanstvo - na voljo je le stran za stike.<\/p>\n<p><strong>Vzor\u010dni primeri podjetij \u010dlanic<\/strong><\/p>\n<ul>\n<li> <a href=\"https:\/\/moverdb.com\/sl\/bournes\/\">Bournes<\/a><\/li>\n<li> <a href=\"https:\/\/moverdb.com\/sl\/cadogan-tate\/\">Cadogan Tate<\/a><\/li>\n<li> <a href=\"https:\/\/moverdb.com\/sl\/gerson-relokacija\/\">Premestitev podjetja Gerson<\/a><\/li>\n<li> <a href=\"https:\/\/moverdb.com\/sl\/pearson\/\">Pearson Home Premikanje<\/a><\/li>\n<\/ul>\n<p><strong>Mnenja o HRN<\/strong><\/p>\n<p>HRN je prisotna na \u0161tevilnih spletnih straneh movers, kjer je navedena kot organizacija z <em>\"novo ime, a dokazano uspe\u0161ni.\"<\/em> Mo\u010dne dru\u017einske vrednote in globalni pristop, ki temelji na sodelovanju, se vedno poka\u017eejo. <\/p>\n<p>Zdi se, da je splo\u0161no soglasje, da selitev s selitvenim podjetjem, ki je del mre\u017ee HRN, stranki omogo\u010da dostop do prednosti celotne mre\u017ee. Poudarjeno je, da se morajo \u010dlani dr\u017eati globalnega sporazuma o ravni storitev, kar pomeni doslednost. <em>\"\u010deprav se obi\u010daji in kultura v posameznih dr\u017eavah lahko razlikujejo, se visoka kakovost storitev, ki jih lahko pri\u010dakujete, ne razlikuje. Po vsem svetu - enaki postopki, storitve in visoka kakovost.\"<\/em> <\/p>\n<p>Poleg tega \u0161tevilni ponudniki, ki na svojih spletnih straneh navajajo \u010dlanstvo, poudarjajo velikost omre\u017eja in to, da je eno najve\u010djih tovrstnih omre\u017eij na svetu.<\/p>\n<blockquote><p>Harmony je globalna mre\u017ea selitvenih podjetij v lokalni lasti, ki ohranja mo\u010dne dru\u017einske vrednote z generacijsko dedi\u0161\u010dino.<\/p><\/blockquote>\n<p>- <a href=\"http:\/\/www.abels.co.uk\/harmony-relocation-network\/\" target=\"_blank\" rel=\"noopener\">Abels<\/a><\/p>\n<blockquote><p>Harmony zdru\u017euje najbolj\u0161e iz lokalne dedi\u0161\u010dine z globalno razse\u017enostjo, pri \u010demer naredimo \u0161e dodatno miljo in izpolnimo svoje obljube. Pomen ljudi in lokalnega okolja nam je resni\u010dno pri srcu.<\/p><\/blockquote>\n<p>- <a href=\"https:\/\/theresforum.com\/partners\/harmony\/\" target=\"_blank\" rel=\"noopener\">Forum RES<\/a><\/p>\n<blockquote><p>Mre\u017ea zagotavlja \u0161iroko paleto storitev pred napotitvijo, prevozom in ciljno destinacijo, ki pomagajo voditi zasebnike ali vodje kadrovskih slu\u017eb in dodeljene osebe med njihovim potovanjem od za\u010detka do konca.<\/p><\/blockquote>\n<p>- <a href=\"http:\/\/bournesmoves.com\/relocation\/harmony-relocation-network.htm\" target=\"_blank\" rel=\"noopener\">Bournes<\/a> <\/p>\n<p><a href=\"http:\/\/www.harmonyrelo.com\/\" target=\"_blank\" rel=\"noopener\">http:\/\/www.harmonyrelo.com\/<\/a><\/p>","protected":false},"excerpt":{"rendered":"<p>The Harmony Relocation Network (HRN) is a group of partner companies that was created to build a pan-European network for global relocation. Integration of infrastructure, technology, quality and sustainability is designed to produce a consistently high quality service. Key facts about HRH: The membership is made up of 140 members in 60 countries. The HRN [&hellip;]<\/p>\n","protected":false},"author":1,"featured_media":0,"parent":0,"menu_order":0,"comment_status":"closed","ping_status":"closed","template":"","meta":{"_genesis_hide_title":false,"_genesis_hide_breadcrumbs":false,"_genesis_hide_singular_image":false,"_genesis_hide_footer_widgets":false,"_genesis_custom_body_class":"","_genesis_custom_post_class":"","_genesis_layout":"","footnotes":""},"class_list":{"0":"post-443","1":"page","2":"type-page","3":"status-publish","5":"entry"},"_links":{"self":[{"href":"https:\/\/moverdb.com\/sl\/wp-json\/wp\/v2\/pages\/443","targetHints":{"allow":["GET"]}}],"collection":[{"href":"https:\/\/moverdb.com\/sl\/wp-json\/wp\/v2\/pages"}],"about":[{"href":"https:\/\/moverdb.com\/sl\/wp-json\/wp\/v2\/types\/page"}],"author":[{"embeddable":true,"href":"https:\/\/moverdb.com\/sl\/wp-json\/wp\/v2\/users\/1"}],"replies":[{"embeddable":true,"href":"https:\/\/moverdb.com\/sl\/wp-json\/wp\/v2\/comments?post=443"}],"version-history":[{"count":6,"href":"https:\/\/moverdb.com\/sl\/wp-json\/wp\/v2\/pages\/443\/revisions"}],"predecessor-version":[{"id":6219,"href":"https:\/\/moverdb.com\/sl\/wp-json\/wp\/v2\/pages\/443\/revisions\/6219"}],"wp:attachment":[{"href":"https:\/\/moverdb.com\/sl\/wp-json\/wp\/v2\/media?parent=443"}],"curies":[{"name":"wp","href":"https:\/\/api.w.org\/{rel}","templated":true}]}}