{"id":442,"date":"2016-06-12T20:08:54","date_gmt":"2016-06-12T20:08:54","guid":{"rendered":"http:\/\/moverdb.com\/?page_id=442"},"modified":"2026-01-08T14:48:14","modified_gmt":"2026-01-08T14:48:14","slug":"euromovers","status":"publish","type":"page","link":"https:\/\/moverdb.com\/sl\/euromovers\/","title":{"rendered":"Pojasnila o partnerstvu evropskih prevoznikov (EUROMOVERS International)"},"content":{"rendered":"<p>Dru\u017eba Euromovers ima sede\u017e v <a href=\"https:\/\/moverdb.com\/sl\/moving-to-luxembourg\/\" data-internallinksmanager029f6b8e52c=\"349\" title=\"Selitev v Luksemburg? 2023 \u017divljenjski stro\u0161ki in nasveti za selitev\">Luksemburg<\/a> in jo sestavljajo \u0161tevilni vodilni <a href=\"https:\/\/moverdb.com\/sl\/selitev-podjetja\/\">mednarodna selitvena podjetja<\/a> ki so se povezali v mre\u017eo na podlagi skupnih standardov, vizije in usmeritev. <\/p>\n<p>Skupina ponuja selitvene storitve, ki so zaradi njene mre\u017ee povezanih podjetij bolj kakovostne.<\/p>\n<p><strong>Klju\u010dna dejstva o dru\u017ebi Euromovers:<\/strong><\/p>\n<ol>\n<li>  Euromovers je mre\u017ea ve\u010d kot 70 selitvenih podjetij.<\/li>\n<li>  Organizacije \u010dlanice prihajajo iz razli\u010dnih dr\u017eav, med drugim iz <a href=\"https:\/\/moverdb.com\/sl\/moving-to-austria\/\" data-internallinksmanager029f6b8e52c=\"343\" title=\"Selitev v Avstrijo? 2023 \u017divljenjski stro\u0161ki in nasveti za selitev\">Avstrija<\/a>, <a href=\"https:\/\/moverdb.com\/sl\/moving-to-belgium\/\" data-internallinksmanager029f6b8e52c=\"323\" title=\"Selitev v Belgijo? 2023 \u017divljenjski stro\u0161ki in nasveti za selitev\">Belgija<\/a>, <a href=\"https:\/\/moverdb.com\/sl\/moving-to-the-czech-republic\/\" data-internallinksmanager029f6b8e52c=\"391\" title=\"Selitev na \u010ce\u0161ko? 2024 \u017divljenjski stro\u0161ki in nasveti za selitev\">\u010ce\u0161ka republika<\/a>, <a href=\"https:\/\/moverdb.com\/sl\/moving-to-denmark\/\" data-internallinksmanager029f6b8e52c=\"335\" title=\"Selitev na Dansko? 2023 \u017divljenjski stro\u0161ki in nasveti za selitev\">Danska<\/a>, <a href=\"https:\/\/moverdb.com\/sl\/moving-to-finland\/\" data-internallinksmanager029f6b8e52c=\"345\" title=\"Selitev na Finsko? 2023 \u017divljenjski stro\u0161ki in nasveti za selitev\">Finska<\/a>, <a href=\"https:\/\/moverdb.com\/sl\/moving-to-france\/\" data-internallinksmanager029f6b8e52c=\"315\" title=\"Selitev v Francijo? 2023 \u017divljenjski stro\u0161ki in nasveti za selitev\">Francija<\/a>, <a href=\"https:\/\/moverdb.com\/sl\/moving-to-germany\/\" data-internallinksmanager029f6b8e52c=\"321\" title=\"Selitev v Nem\u010dijo? 2023 \u017divljenjski stro\u0161ki in nasveti za selitev\">Nem\u010dija<\/a>, <a href=\"https:\/\/moverdb.com\/sl\/moving-to-greece\/\" data-internallinksmanager029f6b8e52c=\"353\" title=\"Selitev v Gr\u010dijo? 2023 \u017divljenjski stro\u0161ki in nasveti za selitev\">Gr\u010dija<\/a>, <a href=\"https:\/\/moverdb.com\/sl\/moving-to-italy\/\" data-internallinksmanager029f6b8e52c=\"346\" title=\"Selitev v Italijo? 2023 \u017divljenjski stro\u0161ki in nasveti za selitev\">Italija<\/a>, Luksemburg, <a href=\"https:\/\/moverdb.com\/sl\/moving-to-the-netherlands\/\" data-internallinksmanager029f6b8e52c=\"328\" title=\"Selitev na Nizozemsko? 2023 \u017divljenjski stro\u0161ki in nasveti za selitev\">Nizozemska<\/a>, <a href=\"https:\/\/moverdb.com\/sl\/moving-to-slovakia\/\" data-internallinksmanager029f6b8e52c=\"338\" title=\"Selitev na Slova\u0161ko? 2023 \u017divljenjski stro\u0161ki in nasveti za selitev\">Slova\u0161ka<\/a>, <a href=\"https:\/\/moverdb.com\/sl\/moving-to-spain\/\" data-internallinksmanager029f6b8e52c=\"266\" title=\"Selitev v \u0160panijo? 2023 \u017divljenjski stro\u0161ki in nasveti za selitev\">\u0160panija<\/a>, <a href=\"https:\/\/moverdb.com\/sl\/moving-to-switzerland\/\" data-internallinksmanager029f6b8e52c=\"327\" title=\"Selitev v \u0160vico? 2023 \u017divljenjski stro\u0161ki in nasveti za selitev\">\u0160vica<\/a> in <a href=\"https:\/\/moverdb.com\/sl\/mednarodne-selitve\/\">Zdru\u017eeno kraljestvo<\/a>in zunaj Evrope v <a href=\"https:\/\/moverdb.com\/sl\/moving-to-the-united-states\/\" data-internallinksmanager029f6b8e52c=\"94\" title=\"Selitev v Zdru\u017eene dr\u017eave Amerike? 2022 \u017divljenjski stro\u0161ki in nasveti za selitev\">Zdru\u017eene dr\u017eave Amerike<\/a>, <a href=\"https:\/\/moverdb.com\/sl\/moving-to-australia\/living-in-australia\/\" data-internallinksmanager029f6b8e52c=\"240\" title=\"21 skrivnosti o \u017eivljenju v Avstraliji, ki jih morate poznati, preden se preselite\">Avstralija<\/a>, Ruska federacija in <a href=\"https:\/\/moverdb.com\/sl\/moving-to-china\/\" data-internallinksmanager029f6b8e52c=\"357\" title=\"Selitev na Kitajsko? 2023 \u017divljenjski stro\u0161ki in nasveti za selitev\">Kitajska<\/a>.<\/li>\n<li>  Dru\u017eba Euromovers opravlja storitve selitev in ni trgovinsko zdru\u017eenje.<\/li>\n<li>  Vsak pridru\u017eeni partner mre\u017ee Euromovers sodeluje pri rednih revizijah in pregledih, da se zagotovi skladnost z uveljavljenimi standardi.<\/li>\n<li>  Euromovers je \u010dlan, \u010de <a href=\"https:\/\/moverdb.com\/sl\/iam\/\">Mednarodno zdru\u017eenje movers<\/a> in ima certifikate kakovosti ISO 9001 (storitve vodenja kakovosti), ISO 14001 (sistemi ravnanja z okoljem) in ISO 27001 (sistemi varovanja informacij).<\/li>\n<\/ol>\n<p><strong>Profil evropskega partnerstva za prevoznike:<\/strong><\/p>\n<p>Euromovers ponuja <a href=\"https:\/\/moverdb.com\/sl\/mednarodne-selitve\/\">Evropske selitve in selitve v tujino<\/a> prek svojih 70 \u010dlanov, ki so razporejeni po evropskih dr\u017eavah in \u0161ir\u0161e, kot sta Kitajska in Rusija. <\/p>\n<p>Nudi storitve selitve od vrat do vrat za podjetja in posameznike, re\u0161itve za skladi\u0161\u010denje, re\u0161itve za podjetja in po\u0161iljanje likovnih del. Vzajemno partnerstvo, na katerem temelji Euromovers, podjetju pomaga pri uresni\u010devanju vizije celostne selitve na katero koli svetovno destinacijo.<\/p>\n<p><strong>Merila za \u010dlanstvo:<\/strong><\/p>\n<p>Na spletu ni podatkov o merilih za \u010dlanstvo.<\/p>\n<p><strong>Vzor\u010dni primeri podjetij \u010dlanic<\/strong><\/p>\n<ul>\n<li> <a href=\"https:\/\/moverdb.com\/sl\/atlas-van-lines-international\/\">Atlas Van Lines<\/a><\/li>\n<\/ul>\n<p><strong>Mnenja o partnerstvu evropskih prevoznikov<\/strong><\/p>\n<p>Zdi se, da dru\u017eba European Mover Partnership razen na svoji spletni strani ni omenjena nikjer drugje na spletu. Obstaja \u0161e ena organizacija s podobnim imenom - Euro Movers International LLC, ki ima sede\u017e v <a href=\"https:\/\/moverdb.com\/sl\/moving-to-dubai\/\" data-internallinksmanager029f6b8e52c=\"246\" title=\"Selitev v Dubaj? 2023 \u017divljenjski stro\u0161ki in nasveti za selitev\">Dubaj<\/a>, vendar ni del skupine. <\/p>\n<p>Dubajski Euromovers prejme <a href=\"http:\/\/www.complaintsboard.com\/complaints\/euro-movers-dubai-c431198.html\" target=\"_blank\" rel=\"noopener\">zelo negativni pregledi<\/a>.<\/p>\n<p><strong>Spletna stran:<\/strong> <a href=\"http:\/\/www.euromovers.com\/\" target=\"_blank\" rel=\"noopener\">http:\/\/www.euromovers.com\/<\/a><\/p>","protected":false},"excerpt":{"rendered":"<p>Euromovers is based in Luxembourg and is made up of a number of leading international moving companies who have formed a network on the basis of shared standards, vision and direction. The group offers moving services that are better provided because of its network of connected companies. Key facts about Euromovers: Euromovers is a network [&hellip;]<\/p>\n","protected":false},"author":1,"featured_media":0,"parent":0,"menu_order":0,"comment_status":"closed","ping_status":"closed","template":"","meta":{"_genesis_hide_title":false,"_genesis_hide_breadcrumbs":false,"_genesis_hide_singular_image":false,"_genesis_hide_footer_widgets":false,"_genesis_custom_body_class":"","_genesis_custom_post_class":"","_genesis_layout":"","footnotes":""},"class_list":{"0":"post-442","1":"page","2":"type-page","3":"status-publish","5":"entry"},"_links":{"self":[{"href":"https:\/\/moverdb.com\/sl\/wp-json\/wp\/v2\/pages\/442","targetHints":{"allow":["GET"]}}],"collection":[{"href":"https:\/\/moverdb.com\/sl\/wp-json\/wp\/v2\/pages"}],"about":[{"href":"https:\/\/moverdb.com\/sl\/wp-json\/wp\/v2\/types\/page"}],"author":[{"embeddable":true,"href":"https:\/\/moverdb.com\/sl\/wp-json\/wp\/v2\/users\/1"}],"replies":[{"embeddable":true,"href":"https:\/\/moverdb.com\/sl\/wp-json\/wp\/v2\/comments?post=442"}],"version-history":[{"count":5,"href":"https:\/\/moverdb.com\/sl\/wp-json\/wp\/v2\/pages\/442\/revisions"}],"predecessor-version":[{"id":6203,"href":"https:\/\/moverdb.com\/sl\/wp-json\/wp\/v2\/pages\/442\/revisions\/6203"}],"wp:attachment":[{"href":"https:\/\/moverdb.com\/sl\/wp-json\/wp\/v2\/media?parent=442"}],"curies":[{"name":"wp","href":"https:\/\/api.w.org\/{rel}","templated":true}]}}