{"id":441,"date":"2016-06-18T21:28:02","date_gmt":"2016-06-18T21:28:02","guid":{"rendered":"http:\/\/moverdb.com\/?page_id=441"},"modified":"2026-01-08T15:30:43","modified_gmt":"2026-01-08T15:30:43","slug":"svet-za-premestitev-zaposlenih","status":"publish","type":"page","link":"https:\/\/moverdb.com\/sl\/employee-relocation-council\/","title":{"rendered":"Svet za premestitev zaposlenih (ERC) po svetu"},"content":{"rendered":"<p>Svet za premestitev zaposlenih (ERC) se opisuje kot zdru\u017eenje za mobilnost delovne sile za strokovnjake, ki nadzorujejo, upravljajo ali podpirajo premestitev zaposlenih v ZDA in tujini. <\/p>\n<p>Njen namen je pomagati \u010dlanom, ki prihajajo iz razli\u010dnih poklicev, vklju\u010dno s kadrovsko slu\u017ebo, nepremi\u010dninami in vojsko, pri soo\u010danju z izzivi mobilnosti delovne sile.<\/p>\n<p><strong>Klju\u010dna dejstva o ERC:<\/strong><\/p>\n<ol>\n<li>  \u010clani ERC prihajajo iz razli\u010dnih poklicev, vklju\u010dno s kadrovskimi, zaposlitvenimi, vladnimi, voja\u0161kimi, nepremi\u010dninskimi, finan\u010dnimi, selitvenimi, svetovalnimi in posvetovalnimi.<\/li>\n<li>  Pristojnosti ERC zajemajo vpra\u0161anja in upravljavske prakse za strokovnjake s podro\u010dja selitev v okviru <a href=\"https:\/\/moverdb.com\/sl\/moving-to-the-united-states\/\" data-internallinksmanager029f6b8e52c=\"94\" title=\"Selitev v Zdru\u017eene dr\u017eave Amerike? 2022 \u017divljenjski stro\u0161ki in nasveti za selitev\">Zdru\u017eene dr\u017eave Amerike<\/a> in med vsemi drugimi dr\u017eavami.<\/li>\n<li>  ERC ima sede\u017e v <a href=\"https:\/\/moverdb.com\/sl\/selitev-v-washington-dc\/\">Washington, DC,<\/a> z evropskim uradom v Bruslju, <a href=\"https:\/\/moverdb.com\/sl\/moving-to-belgium\/\" data-internallinksmanager029f6b8e52c=\"323\" title=\"Selitev v Belgijo? 2023 \u017divljenjski stro\u0161ki in nasveti za selitev\">Belgija<\/a>.<\/li>\n<li>  ERC ponuja akreditacije, kot sta Certified Relocation Professional in Global Mobility Specialist.<\/li>\n<li>  Na voljo so razli\u010dne kategorije \u010dlanstva, vklju\u010dno s korporativnim \u010dlanstvom (ve\u010dinoma doma\u010di strokovnjaki), \u010dlanstvom storitev mobilnosti (za podjetja, ki se ukvarjajo z mobilnostjo delovne sile), osebnim\/poklicnim \u010dlanstvom (PERC\u2122) (tisti, ki i\u0161\u010dejo informacije, kot so akademiki in iskalci zaposlitve), ocenjevalci selitev, nepremi\u010dninski posredniki in podjetja za upravljanje selitev.<\/li>\n<li>  Leta 2005 je imel ERC ve\u010d kot 12 000 \u010dlanov (najnovej\u0161i razpolo\u017eljivi statisti\u010dni podatki).<\/li>\n<\/ol>\n<p><strong>Profil svetovnega sveta za premestitev zaposlenih:<\/strong><\/p>\n<p>ERC ima \u0161tevilne funkcije, med drugim lobiranje v imenu \u010dlanov, zagotavljanje usposabljanja in izobra\u017eevanja ter prilo\u017enosti za mre\u017eenje. Sodeluje tudi pri razvoju industrijske standardizacije in doseganju soglasja ter napredku novih delovnih praks in e-re\u0161itev. <\/p>\n<p>ERC je poleg tega, da deluje v imenu svojih \u010dlanov in skupaj z njimi, postal znan tudi po tem, da z raziskavami zbira razli\u010dne podatke, med drugim analizira primernost mest za novo preseljene dru\u017eine. ERC se je uveljavil kot avtoriteta na podro\u010dju mobilnosti delovne sile.<\/p>\n<p><strong>Merila za \u010dlanstvo:<\/strong><\/p>\n<p>Merila za \u010dlanstvo niso navedena na spletni strani.<\/p>\n<p><strong>Seznam svetovnih \u010dlanov ERC <a href=\"https:\/\/moverdb.com\/sl\/moving-companies\/\" data-internallinksmanager029f6b8e52c=\"79\" title=\"Top 25 Mednarodne selitve podjetja Online\">podjetja za selitve<\/a><\/strong><\/p>\n<ul>\n<li> <a href=\"https:\/\/moverdb.com\/sl\/aires\/\">Aires<\/a><\/li>\n<li> <a href=\"https:\/\/moverdb.com\/sl\/armstrong-relokacija\/\">Armstrong Selitev<\/a><\/li>\n<li> <a href=\"https:\/\/moverdb.com\/sl\/arpin-international\/\">Dru\u017eba Arpin International<\/a><\/li>\n<li> <a href=\"https:\/\/moverdb.com\/sl\/atlas-van-lines-international\/\">Atlas Van Lines<\/a><\/li>\n<li> <a href=\"https:\/\/moverdb.com\/sl\/santa-fe-relokacija\/\">Santa Fe selitvene storitve<\/a><\/li>\n<li> <a href=\"https:\/\/moverdb.com\/sl\/sterling-relokacija\/\">Premestitev podjetja Sterling<\/a><\/li>\n<li> <a href=\"https:\/\/moverdb.com\/sl\/arpin-van-lines\/\">Arpin Van Lines<\/a><\/li>\n<li> <a href=\"https:\/\/moverdb.com\/sl\/suddath\/\">Suddath<\/a><\/li>\n<li> <a href=\"https:\/\/moverdb.com\/sl\/dt-premikanje\/\">DT Moving<\/a><\/li>\n<li> <a href=\"https:\/\/moverdb.com\/sl\/btr-international\/\">BTR International<\/a><\/li>\n<p><a href=\"https:\/\/moverdb.com\/sl\/packimpex\/\">Packimpex<\/a>\n<\/ul>\n<p><strong>Mnenja o ERC<\/strong><\/p>\n<p>ERC se ne pojavlja na \u0161tevilnih spletnih straneh. \u010ce je omenjen, je to pogosto v okviru organizacij, ki so z njim povezane, kot je Svet za preselitev ob Velikih jezerih (Great Lakes Relocation Council).<\/p>\n<blockquote><p>Da bi zadovoljili potrebe trga selitev in tako pomagali zaposlenim pri nemotenem za\u010detku novega \u017eivljenjskega obdobja, je \u0161est posameznikov leta 1964 ustanovilo predhodnika svetovnega Sveta za selitve zaposlenih (ERC). <a href=\"https:\/\/moverdb.com\/sl\/selitev-v-chicago\/\">Chicago<\/a>.<\/p><\/blockquote>\n<p>- <a href=\"http:\/\/start-up-services.de\/en\/company-profile-relocation-service\/relocation-associations\/worldwide-employee-relocation-council\/\" target=\"_blank\" rel=\"noopener\">Za\u010detne storitve<\/a><\/p>\n<p><strong>Spletna stran:<\/strong> <a href=\"http:\/\/www.worldwideerc.org\/Pages\/index.aspx\" target=\"_blank\" rel=\"noopener\">http:\/\/www.worldwideerc.org\/Pages\/index.aspx<\/a><\/p>","protected":false},"excerpt":{"rendered":"<p>The Worldwide Employee Relocation Council (ERC) describes itself as the workforce mobility association for professionals who oversee, manage, or support U.S. domestic and international employee transfer. Its purpose is to help members &#8211; who come from a range of professions, including HR, real estate and military &#8211; to deal with the challenges of workforce mobility. [&hellip;]<\/p>\n","protected":false},"author":1,"featured_media":0,"parent":0,"menu_order":0,"comment_status":"closed","ping_status":"closed","template":"","meta":{"_genesis_hide_title":false,"_genesis_hide_breadcrumbs":false,"_genesis_hide_singular_image":false,"_genesis_hide_footer_widgets":false,"_genesis_custom_body_class":"","_genesis_custom_post_class":"","_genesis_layout":"","footnotes":""},"class_list":{"0":"post-441","1":"page","2":"type-page","3":"status-publish","5":"entry"},"_links":{"self":[{"href":"https:\/\/moverdb.com\/sl\/wp-json\/wp\/v2\/pages\/441","targetHints":{"allow":["GET"]}}],"collection":[{"href":"https:\/\/moverdb.com\/sl\/wp-json\/wp\/v2\/pages"}],"about":[{"href":"https:\/\/moverdb.com\/sl\/wp-json\/wp\/v2\/types\/page"}],"author":[{"embeddable":true,"href":"https:\/\/moverdb.com\/sl\/wp-json\/wp\/v2\/users\/1"}],"replies":[{"embeddable":true,"href":"https:\/\/moverdb.com\/sl\/wp-json\/wp\/v2\/comments?post=441"}],"version-history":[{"count":15,"href":"https:\/\/moverdb.com\/sl\/wp-json\/wp\/v2\/pages\/441\/revisions"}],"predecessor-version":[{"id":6255,"href":"https:\/\/moverdb.com\/sl\/wp-json\/wp\/v2\/pages\/441\/revisions\/6255"}],"wp:attachment":[{"href":"https:\/\/moverdb.com\/sl\/wp-json\/wp\/v2\/media?parent=441"}],"curies":[{"name":"wp","href":"https:\/\/api.w.org\/{rel}","templated":true}]}}