{"id":440,"date":"2016-06-12T19:59:07","date_gmt":"2016-06-12T19:59:07","guid":{"rendered":"http:\/\/moverdb.com\/?page_id=440"},"modified":"2026-01-08T13:19:01","modified_gmt":"2026-01-08T13:19:01","slug":"iata","status":"publish","type":"page","link":"https:\/\/moverdb.com\/sl\/iata\/","title":{"rendered":"Pojasnila Mednarodnega zdru\u017eenja za zra\u010dni promet (IATA)"},"content":{"rendered":"<p>Mednarodno zdru\u017eenje za zra\u010dni promet (IATA) je globalno trgovinsko zdru\u017eenje svetovnih letalskih prevoznikov. <\/p>\n<p>Njegovo poslanstvo je voditi in slu\u017eiti \u010dlanom ter zastopati njihove interese na na\u010din, ki spodbuja industrijo letali\u0161kega prometa.<\/p>\n<p><strong>Klju\u010dna dejstva o zdru\u017eenju IATA:<\/strong><\/p>\n<ol>\n<li>  Predstavlja pribli\u017eno 260 letalskih dru\u017eb ali 83% celotnega zra\u010dnega prometa.<\/li>\n<li>  Ima globalni doseg.<\/li>\n<li>  Poleti \u010dlanov IATA predstavljajo 83% celotnega prometa.<\/li>\n<li>  Ustanovljena je bila aprila 1945 v Havani na Kubi.<\/li>\n<li>  Ob ustanovitvi leta 1945 je imela 57 \u010dlanov iz 31 dr\u017eav, ve\u010dinoma iz Evrope in Severne Amerike. Danes ima pribli\u017eno 260 \u010dlanov iz 117 dr\u017eav z vseh koncev sveta.<\/li>\n<li>  Njegove prednostne naloge so varnost, za\u0161\u010dita, okolje, storitve, poenostavitev poslovanja in pomo\u010d pri vzpostavljanju odnosov v panogi.<\/li>\n<li>  Na\u010drt IATA za obra\u010dunavanje in poravnavo slu\u017ei kot finan\u010dna hrbtenica industrije, saj upravlja tok ve\u010d kot $270 milijard, ki jih letno ustvarijo letalski prevozniki s prodajo vozovnic potovalnim agentom.<\/li>\n<\/ol>\n<p><strong>Profil Mednarodnega zdru\u017eenja za zra\u010dni promet:<\/strong><\/p>\n<p>IATA je svetovno priznano trgovinsko zdru\u017eenje letalskih prevoznikov, ki deluje \u017ee ve\u010d kot 50 let. Njegovi \u010dlani so tako <a href=\"https:\/\/moverdb.com\/sl\/spediter\/\">tovor<\/a> in potni\u0161ke prevoznike ter ima pisarne v 53 dr\u017eavah po vsem svetu. <\/p>\n<p>Razvila se je vzporedno z industrijo letalskih prevozov in v sodelovanju z njo pomaga razvijati standarde, prakse in postopke za njeno ureditev in zagotavljanje dosledne ravni storitev za stranke. IATA je resni\u010dno globalna organizacija, v katero je v\u010dlanjenih 260 \u010dlanov iz ve\u010d kot 117 dr\u017eav.<\/p>\n<p>Poleg varstva potro\u0161nikov si IATA prizadeva tudi za ve\u010djo trajnost letalske industrije. Organizacija ponuja informacije o letalskih dru\u017ebah, \u0161tevilne publikacije ter programe usposabljanja in akreditacije za tiste, ki delajo v potovalni industriji. <\/p>\n<p>Poleg tega opravlja vrsto finan\u010dnih storitev, kot je storitev izterjave dolgov za letalske dru\u017ebe.<\/p>\n<p><strong>Merila za \u010dlanstvo<\/strong><\/p>\n<p>\u010clanstvo IATA s polnimi pravicami in privilegiji lahko pridobite \u0161ele po: IATA Operational Safety Audit (IOSA), administrativnem pregledu s strani oddelka za \u010dlanstvo, pla\u010dilu vseh prijavnin in \u010dlanarine.<\/p>\n<p>Uspe\u0161no opravljena IOSA bo omogo\u010dila vpis v register IOSA. Letalski prevoznik mora biti vpisan v register IOSA, preden se lahko odobri \u010dlanstvo IATA.<\/p>\n<p>Nato je treba predlo\u017eiti obrazec vloge z naslednjimi dokazili:<\/p>\n<ul>\n<li> Overjena kopija spri\u010devala letalskega prevoznika (AOC), veljavnega najmanj \u0161est mesecev, z ORIGINALNIM \u017eigom, datumom in podpisom organa, ki ga je izdal (ne notar), skupaj z operativnimi specifikacijami, ki jih je izdala dr\u017eava registracije, \u010de je primerno.<\/li>\n<li> Overjena kopija potrdila o registraciji pri ustreznem organu, npr. gospodarski zbornici ali enakovrednem organu. Sprejemljivo je overitev pri notarju.<\/li>\n<li> Revidirani ra\u010dunovodski izkazi letalskega prevoznika prosilca in, \u010de je ve\u010dinski lastnik druga dru\u017eba (vklju\u010dno z dr\u017eavnim lastni\u0161tvom), ra\u010dunovodski izkazi dru\u017ebe lastnice. Potrditi jih mora poobla\u0161\u010deni ali javni ra\u010dunovodja. Za nove letalske dru\u017ebe je sprejemljiv poslovni na\u010drt, ki ga pripravi poobla\u0161\u010deni ali javni ra\u010dunovodja.<\/li>\n<li> Letno poro\u010dilo letalskega prevoznika prosilca, statut podjetja, ki prikazuje, kako je podjetje ustanovljeno, ali profil letalskega prevoznika.<\/li>\n<li> Veljavna potrdila o zavarovanju s tipom zrakoplova, registrsko \u0161tevilko za vsak zrakoplov in ustreznimi podatki registracijskega organa, veljavna najmanj \u0161est mesecev.<\/li>\n<li> Statisti\u010dni podatki o prometu za pretekli dve leti. Ta zahteva ne velja za nove letalske prevoznike.<\/li>\n<li> Objavljen vozni red\/razpored, \u010de letalski prevoznik opravlja redne prevoze. Pri nerednih letih se zahteva seznam namembnih krajev.<\/li>\n<\/ul>\n<p><strong>Seznam \u010dlanic IATA <a href=\"https:\/\/moverdb.com\/sl\/moving-companies\/\" data-internallinksmanager029f6b8e52c=\"79\" title=\"Top 25 Mednarodne selitve podjetja Online\">podjetja za selitve<\/a><\/strong><\/p>\n<ul>\n<li> <a href=\"https:\/\/moverdb.com\/sl\/armstrong-relokacija\/\">Armstrong Selitev<\/a><\/li>\n<li> <a href=\"https:\/\/moverdb.com\/sl\/atlas-van-lines-international\/\">Atlas Van Lines<\/a><\/li>\n<li> <a href=\"https:\/\/moverdb.com\/sl\/suddath\/\">Suddath<\/a><\/li>\n<li> <a href=\"https:\/\/moverdb.com\/sl\/nippon-express\/\">Nippon Express<\/a><\/li>\n<li> <a href=\"https:\/\/moverdb.com\/sl\/bolliger\/\">Bolliger<\/a><\/li>\n<\/ul>\n<p><strong>Mnenja o Mednarodnem zdru\u017eenju za zra\u010dni promet<\/strong><\/p>\n<p>IATA je navedena na ve\u010dini spletnih strani ve\u010djih letalskih prevoznikov (pogosto z identifikacijsko kodo IATA) in ima tudi svojo stran v Wikipediji. <\/p>\n<p>Njegov pomen kot trgovinskega zdru\u017eenja je o\u010diten, prav tako pa tudi njegovo sodelovanje pri oblikovanju nekaterih industrijskih standardov za letalski sektor. Dejstvo, da so njegovi \u010dlani odgovorni za ve\u010d kot 90% svetovnega rednega letalskega prometa, je pogosto poudarjeno. <\/p>\n<p>V spletnih \u010dlankih o letalski industriji se pogosto omenja IATA in njeno sodelovanje pri odlo\u010danju o klju\u010dnih vpra\u0161anjih in dajanju pomembnih predlogov, kot je na primer predpisovanje velikosti prtljage, namenjene v zgornje klopi. <\/p>\n<p>IATA se omenja v \u0161tevilnih kontekstih, od partnerstva pri vodenju projektov do predpisov EU. Glede na pogostost in obse\u017enost novic, v katerih se omenja zdru\u017eenje IATA, je o\u010ditno, da gre za dejavno in ugledno trgovinsko zdru\u017eenje.<\/p>\n<p><strong>Spletna stran:<\/strong> <a href=\"http:\/\/www.iata.org\/Pages\/default.aspx\" target=\"_blank\" rel=\"noopener\">http:\/\/www.iata.org\/Pages\/default.aspx<\/a><\/p>","protected":false},"excerpt":{"rendered":"<p>The International Air Transport Association (IATA) is the global trade association for the world&#8217;s airlines. Its mission is to lead and serve its members, as well as to represent their interests in a way that boosts the airport transport industry. Key facts about IATA: It represents around 260 airlines or 83% of total air traffic. [&hellip;]<\/p>\n","protected":false},"author":1,"featured_media":0,"parent":0,"menu_order":0,"comment_status":"closed","ping_status":"closed","template":"","meta":{"_genesis_hide_title":false,"_genesis_hide_breadcrumbs":false,"_genesis_hide_singular_image":false,"_genesis_hide_footer_widgets":false,"_genesis_custom_body_class":"","_genesis_custom_post_class":"","_genesis_layout":"","footnotes":""},"class_list":{"0":"post-440","1":"page","2":"type-page","3":"status-publish","5":"entry"},"_links":{"self":[{"href":"https:\/\/moverdb.com\/sl\/wp-json\/wp\/v2\/pages\/440","targetHints":{"allow":["GET"]}}],"collection":[{"href":"https:\/\/moverdb.com\/sl\/wp-json\/wp\/v2\/pages"}],"about":[{"href":"https:\/\/moverdb.com\/sl\/wp-json\/wp\/v2\/types\/page"}],"author":[{"embeddable":true,"href":"https:\/\/moverdb.com\/sl\/wp-json\/wp\/v2\/users\/1"}],"replies":[{"embeddable":true,"href":"https:\/\/moverdb.com\/sl\/wp-json\/wp\/v2\/comments?post=440"}],"version-history":[{"count":10,"href":"https:\/\/moverdb.com\/sl\/wp-json\/wp\/v2\/pages\/440\/revisions"}],"predecessor-version":[{"id":13161,"href":"https:\/\/moverdb.com\/sl\/wp-json\/wp\/v2\/pages\/440\/revisions\/13161"}],"wp:attachment":[{"href":"https:\/\/moverdb.com\/sl\/wp-json\/wp\/v2\/media?parent=440"}],"curies":[{"name":"wp","href":"https:\/\/api.w.org\/{rel}","templated":true}]}}