{"id":437,"date":"2016-06-12T15:02:39","date_gmt":"2016-06-12T15:02:39","guid":{"rendered":"http:\/\/moverdb.com\/?page_id=437"},"modified":"2026-01-08T13:18:34","modified_gmt":"2026-01-08T13:18:34","slug":"hgfaa","status":"publish","type":"page","link":"https:\/\/moverdb.com\/sl\/hgfaa\/","title":{"rendered":"Razlaga Zdru\u017eenja \u0161pediterjev gospodinjskega blaga Amerike (HGFAA)"},"content":{"rendered":"<p>Zdru\u017eenje ameri\u0161kih \u0161pediterjev za gospodinjsko blago (HGFAA) se opisuje kot globalno zdru\u017eenje \u0161pediterjev, ki si prizadevajo, da bi stranke med selitvijo prejele najbolj\u0161e mo\u017ene storitve. Zdaj ga je nadomestilo zdru\u017eenje <a href=\"https:\/\/moverdb.com\/sl\/iam\/\">Mednarodno zdru\u017eenje movers<\/a> (<a href=\"https:\/\/moverdb.com\/sl\/iam\/\" data-internallinksmanager029f6b8e52c=\"23\" title=\"Pojasnila o Mednarodnem zdru\u017eenju gibalcev (IAM)\">IAM<\/a>), \u010deprav ga ve\u010d selitvenih podjetij \u0161e vedno navaja na svojih spletnih straneh. <\/p>\n<p><strong>Klju\u010dna dejstva o HGFAA:<\/strong><\/p>\n<ol>\n<li>  V HGFAA je po vsem svetu v\u010dlanjenih ve\u010d kot 1800 podjetij.<\/li>\n<li>  HGFAA je globalna organizacija s \u010dlani iz ve\u010d kot 160 dr\u017eav in ozemelj.<\/li>\n<li>  Portal je pano\u017ena revija zdru\u017eenja.<\/li>\n<li>  Zdru\u017eenje zastopa industrijo selitvenih storitev v <a href=\"https:\/\/moverdb.com\/sl\/moving-to-the-united-states\/\" data-internallinksmanager029f6b8e52c=\"94\" title=\"Selitev v Zdru\u017eene dr\u017eave Amerike? 2022 \u017divljenjski stro\u0161ki in nasveti za selitev\">Zdru\u017eene dr\u017eave Amerike<\/a>.<\/li>\n<li>  HGFAA je znana po svojem komunikacijskem omre\u017eju in centru za usposabljanje.<\/li>\n<\/ol>\n<p><strong>Profil Zdru\u017eenja ameri\u0161kih \u0161pediterjev za gospodinjsko blago:<\/strong><\/p>\n<p>HGFAA se osredoto\u010da na potro\u0161nike in zagotavlja podatkovno zbirko zanesljivih selitvenih delavcev, ki lahko pomagajo pri selitvi kjer koli na svetu. Prizadeva si omogo\u010diti visoke standarde storitev in zagotoviti, da imajo potro\u0161niki na voljo vse informacije, ki jih potrebujejo za selitev, od organizacije dneva selitve do selitve in zdravstvene oskrbe. <\/p>\n<p>HGFAA izdaja svojo industrijsko revijo Portal, ki ima \u0161est \u0161tevilk na leto. Na njenem spleti\u0161\u010du je na voljo veliko povezav za industrijo in potro\u0161nike do zanimivih tem, kot so dnevnice, potovanja in prevozi ter selitev s hi\u0161nimi ljubljen\u010dki.<\/p>\n<p><strong>Merila za \u010dlanstvo:<\/strong><\/p>\n<p>HGFAA ponuja obrazec za \u010dlanstvo, ki ga je mogo\u010de prenesti, vendar trenutno ni na voljo na spletni strani. Na spletni strani ni navedenih pogojev za \u010dlanstvo.<\/p>\n<p><strong>Vzor\u010dni primeri podjetij \u010dlanic<\/strong><\/p>\n<ul>\n<li> <a href=\"https:\/\/moverdb.com\/sl\/atlas-van-lines-international\/\">Atlas Van Lines<\/a><\/li>\n<li> <a href=\"https:\/\/moverdb.com\/sl\/eagle-relocations\/\">Premestitve orlov<\/a><\/li>\n<li> <a href=\"https:\/\/moverdb.com\/sl\/presezek-mednarodni-premiki\/\">Odve\u010dni mednarodni premika\u010di<\/a><\/li>\n<li> <a href=\"https:\/\/moverdb.com\/sl\/fn-removals\/\">F&amp;N Worldwide Removals<\/a><\/li>\n<li> <a href=\"https:\/\/moverdb.com\/sl\/mudanzas-gou\/\">Mudanzas Gou<\/a><\/li>\n<\/ul>\n<p><strong>Mnenja o HGFAA:<\/strong><\/p>\n<p>HGFAA nima velikega spletnega profila in ni omenjena na \u0161tevilnih spletnih straneh izvajalcev selitev. Spletna mnenja o zdru\u017eenju HGFAA tistih izvajalcev selitev, ki ga navajajo na svojih spletnih straneh, se osredoto\u010dajo na globalno naravo zdru\u017eenja in njegovo zavezanost visokim standardom storitev.<\/p>\n<p><a href=\"http:\/\/www.bloomberg.com\/profiles\/companies\/0774891D:US-household-goods-forwarders-association-of-america\" target=\"_blank\" rel=\"noopener\">Bloomberg se osredoto\u010da na<\/a> na podlagi zastopanosti panoge, dejstva, da deluje kot komunikacijska mre\u017ea in izobra\u017eevalna ustanova, ter bogate ponudbe usposabljanja, virov, publikacij in referen\u010dnih storitev.<\/p>\n<blockquote><p>HHGFAA je globalno zdru\u017eenje \u0161pediterjev in prevoznikov, ki si prizadeva strankam zagotoviti najvi\u0161jo raven storitev.<\/p><\/blockquote>\n<p>- <a href=\"http:\/\/www.amjbc.ca\/international-moving-services\/\" target=\"_blank\" rel=\"noopener\">AMJ Campbell Svetovne selitve<\/a><\/p>\n<p><strong>Spletna stran:<\/strong> <a href=\"http:\/\/www.hhgfaa.org\/\" target=\"_blank\" rel=\"noopener\">http:\/\/www.hhgfaa.org\/<\/a><\/p>","protected":false},"excerpt":{"rendered":"<p>The Household Goods Forwarders Association of America (HGFAA) describes itself as a global association of movers who are committed to ensuring that customers receive the best possible service during their move. It has now been replaced by the International Association of Movers (IAM), although several movers still list it on their websites. Key facts about [&hellip;]<\/p>\n","protected":false},"author":1,"featured_media":0,"parent":0,"menu_order":0,"comment_status":"closed","ping_status":"closed","template":"","meta":{"_genesis_hide_title":false,"_genesis_hide_breadcrumbs":false,"_genesis_hide_singular_image":false,"_genesis_hide_footer_widgets":false,"_genesis_custom_body_class":"","_genesis_custom_post_class":"","_genesis_layout":"","footnotes":""},"class_list":{"0":"post-437","1":"page","2":"type-page","3":"status-publish","5":"entry"},"_links":{"self":[{"href":"https:\/\/moverdb.com\/sl\/wp-json\/wp\/v2\/pages\/437","targetHints":{"allow":["GET"]}}],"collection":[{"href":"https:\/\/moverdb.com\/sl\/wp-json\/wp\/v2\/pages"}],"about":[{"href":"https:\/\/moverdb.com\/sl\/wp-json\/wp\/v2\/types\/page"}],"author":[{"embeddable":true,"href":"https:\/\/moverdb.com\/sl\/wp-json\/wp\/v2\/users\/1"}],"replies":[{"embeddable":true,"href":"https:\/\/moverdb.com\/sl\/wp-json\/wp\/v2\/comments?post=437"}],"version-history":[{"count":12,"href":"https:\/\/moverdb.com\/sl\/wp-json\/wp\/v2\/pages\/437\/revisions"}],"predecessor-version":[{"id":6221,"href":"https:\/\/moverdb.com\/sl\/wp-json\/wp\/v2\/pages\/437\/revisions\/6221"}],"wp:attachment":[{"href":"https:\/\/moverdb.com\/sl\/wp-json\/wp\/v2\/media?parent=437"}],"curies":[{"name":"wp","href":"https:\/\/api.w.org\/{rel}","templated":true}]}}