{"id":436,"date":"2016-06-12T14:04:20","date_gmt":"2016-06-12T14:04:20","guid":{"rendered":"http:\/\/moverdb.com\/?page_id=436"},"modified":"2026-01-08T14:47:42","modified_gmt":"2026-01-08T14:47:42","slug":"aima","status":"publish","type":"page","link":"https:\/\/moverdb.com\/sl\/aima\/","title":{"rendered":"Pojasnila o avstralskem zdru\u017eenju mednarodnih selitev (AIMA)"},"content":{"rendered":"<p>Avstralsko zdru\u017eenje mednarodnih prevoznikov (AIMA) se opisuje kot strokovni forum za <a href=\"https:\/\/moverdb.com\/sl\/international-removals\/\" data-internallinksmanager029f6b8e52c=\"27\" title=\"36 najbolj\u0161ih podjetij za mednarodne selitve v Zdru\u017eenem kraljestvu\">mednarodne selitve<\/a> industrija. \u010clani morajo imeti <a href=\"https:\/\/moverdb.com\/sl\/fidi-faim\/\">FIDI\/FAIM<\/a> ali izpolnjevati stroga merila za \u010dlanstvo, vklju\u010dno z zahtevami glede finan\u010dne integritete.<\/p>\n<p><strong>Klju\u010dna dejstva o dru\u017ebi AIMA:<\/strong><\/p>\n<ol>\n<li>  Ustanovljena je bila leta 1975.<\/li>\n<li>  Ima pribli\u017eno 60 \u010dlanov v <a href=\"https:\/\/moverdb.com\/sl\/moving-to-australia\/living-in-australia\/\" data-internallinksmanager029f6b8e52c=\"240\" title=\"21 skrivnosti o \u017eivljenju v Avstraliji, ki jih morate poznati, preden se preselite\">Avstralija<\/a>.<\/li>\n<li>  Zdru\u017eenje AIMA predstavlja avstralsko industrijo selitvenih storitev in ne privablja \u010dlanov iz drugih dr\u017eav. Vendar pa pokriva avstralska podjetja, ki se ukvarjajo z <a href=\"https:\/\/moverdb.com\/sl\/selitev-podjetja\/\">mednarodne selitve<\/a>.<\/li>\n<li>  Priznana je kot <a href=\"https:\/\/moverdb.com\/sl\/fidi-faim\/\" data-internallinksmanager029f6b8e52c=\"16\" title=\"Pojasnila o FIDI in FAIM (FIDI Accredited International Mover)\">FIDI<\/a> Zdru\u017eenje v Avstraliji.<\/li>\n<li>  \u010clanom ni treba imeti certifikatov FIDI\/FAIM, da bi se jim pridru\u017eili.<\/li>\n<li>  AIMA zastopa pridru\u017eene organizacije FIDI <a href=\"https:\/\/moverdb.com\/sl\/moving-companies\/australia-moving-companies\/\" data-internallinksmanager029f6b8e52c=\"176\" title=\"17 najbolj\u0161ih mednarodnih selitvenih podjetij v Avstraliji\">selitve v Avstraliji<\/a> kot \"zdru\u017eenje FIDI\" in po\u0161ilja delegate na kongres in generalno skup\u0161\u010dino FIDI, ki potekata vsako leto.<\/li>\n<\/ol>\n<p><strong>Profil avstralskega zdru\u017eenja mednarodnih prevoznikov:<\/strong><\/p>\n<p>Poslanstvo zdru\u017eenja AIMA je omogo\u010diti avstralski selitveni industriji, da se sama upravlja, izbolj\u0161a svoje storitve, strankam zagotovi bolj\u0161e storitve, za\u0161\u010diti javne interese in omogo\u010di, da se panoga kot ena sama povezuje z vlado. <\/p>\n<p>AIMA zagotavlja tudi neodvisno sodi\u0161\u010de za spore. Je priznano zdru\u017eenje FIDI v Avstraliji, kar pomeni, da se lahko premi\u010dkarji s FIDI\/FAIM samodejno pridru\u017eijo zdru\u017eenju AIMA. Avstralski <a href=\"https:\/\/moverdb.com\/sl\/moving-companies\/\" data-internallinksmanager029f6b8e52c=\"79\" title=\"Top 25 Mednarodne selitve podjetja Online\">selitvena podjetja<\/a> brez FAIM so \u0161e vedno upravi\u010deni do \u010dlanstva v AIMA, vendar morajo izpolnjevati merila, ki merijo njihovo strokovno znanje, vire, izku\u0161nje in finan\u010dni polo\u017eaj. <\/p>\n<p>Postopek pred sodi\u0161\u010dem za spore AIMA je zavezujo\u010d samo za \u010dlane AIMA.<\/p>\n<p><strong>Merila za \u010dlanstvo:<\/strong><\/p>\n<p>Stroga merila za \u010dlanstvo v zdru\u017eenju AIMA vklju\u010dujejo preverjanje operativnih zmogljivosti in finan\u010dne integritete. Podrobnosti teh meril niso objavljene na spletni strani.<\/p>\n<p>Podjetja, ki so \u017ee imetniki licence FIDI\/FAIM, so samodejno upravi\u010dena do \u010dlanstva.<\/p>\n<p><strong>Dru\u017ebe \u010dlanice<\/strong><\/p>\n<ul>\n<li> <a href=\"https:\/\/moverdb.com\/sl\/conroy-removals\/\">Conroy Removals<\/a><\/li>\n<\/ul>\n<p><strong>Mnenja o dru\u017ebi AIMA:<\/strong><\/p>\n<p>AIMA velja za eno od \u0161tevilnih organizacij za mednarodne selitve, ki zagotavlja, da bo selitev potekala po najvi\u0161jih mo\u017enih standardih. To je zagotovilo, da je podjetje za selitve ustrezno usposobljeno in da je na teko\u010dem z lokalno najbolj\u0161o prakso. <\/p>\n<p>\u0160tevilna podjetja na svojih spletnih straneh navajajo AIMA kot mednarodno akreditacijo, ki je znak kakovosti poleg drugih, kot je FIDI. Vendar je doseg AIMA precej omejen, saj nima toliko \u010dlanov kot nekatere podobne organizacije v drugih dr\u017eavah.<\/p>\n<p>Obstaja <a href=\"http:\/\/vandijktrack.com\/mim\/\" target=\"_blank\" rel=\"noopener\">ena negativna spletna stran<\/a> da je stranka v sporu s \u010dlanom AIMA in da je za re\u0161itev spora potreben dalj\u0161i \u010das. <\/p>\n<p>Ta oseba navaja, da akreditacije AIMA ne bi jemala preve\u010d resno kot pokazatelja kakovosti. Vendar je na spletni strani navedeno, da jim je AIMA nudila pomo\u010d, spor pa od leta 2010 ni bil posodobljen, kar pomeni, da je bil obravnavan.<\/p>\n<blockquote><p>Dr\u017eavljani, ki za izvedbo mednarodne selitve izberejo \u010dlana AIMA, lahko to storijo z zaupanjem.<\/p><\/blockquote>\n<p>- <a href=\"http:\/\/www.ossworldwidemovers.com\/australian-international-movers-association\" target=\"_blank\" rel=\"noopener\">OSS World Wide Movers<\/a><\/p>\n<blockquote><p>Avstralsko zdru\u017eenje mednarodnih prevoznikov (AIMA) - zagotavlja, da so \u010dlani ustrezno usposobljeni za najnovej\u0161o najbolj\u0161o prakso v panogi.<\/p><\/blockquote>\n<p>- <a href=\"http:\/\/www.internationalremovalsaustralia.com.au\/why-choose-us\" target=\"_blank\" rel=\"noopener\">KeysBros Moving Solutions<\/a><\/p>\n<p><strong>Spletna stran:<\/strong> <a href=\"http:\/\/aima.com.au\/\" target=\"_blank\" rel=\"noopener\">http:\/\/aima.com.au\/<\/a><\/p>\n<h2>Drugi uporabni vodniki za Avstralijo<\/h2>\n<ul>\n<li> <a href=\"https:\/\/moverdb.com\/sl\/kontejnersko-posiljanje\/avstralija\/\">2024 Cene pomorskega prevoza zabojnikov v Avstralijo in iz nje<\/a><\/li>\n<li> <a href=\"https:\/\/moverdb.com\/sl\/selitev-podjetja\/avstralija-2\/\">17 najbolj\u0161ih mednarodnih selitvenih podjetij v Avstraliji<\/a><\/li>\n<li> <a href=\"https:\/\/moverdb.com\/sl\/najboljse-mednarodne-storitve-prenosa-denarja\/money-transfer-companies-australia\/\">10 najbolj\u0161ih podjetij za prenos denarja v Avstraliji<\/a><\/li>\n<li> <a href=\"https:\/\/moverdb.com\/sl\/selitev-v-avstralijo\/\">Selitev v Avstralijo? 2024 \u017divljenjski stro\u0161ki in nasveti za selitev<\/a><\/li>\n<li> <a href=\"https:\/\/moverdb.com\/sl\/selitev-v-avstralijo\/best-places-to-live-australia\/\">13 najbolj\u0161ih mest za \u017eivljenje v Avstraliji<\/a><\/li>\n<li> <a href=\"https:\/\/moverdb.com\/sl\/selitev-v-avstralijo\/living-in-australia\/\">21 skrivnosti o \u017eivljenju v Avstraliji, ki jih morate poznati, preden se preselite<\/a><\/li>\n<li> <a href=\"https:\/\/moverdb.com\/sl\/selitev-v-avstralijo\/moving-to-perth\/\">Selitev v Perth? 2024 \u017divljenjski stro\u0161ki in nasveti za selitev<\/a><\/li>\n<li> <a href=\"https:\/\/moverdb.com\/sl\/selitev-v-avstralijo\/moving-to-australia-from-the-us\/\">Selitev v Avstralijo iz Zdru\u017eenih dr\u017eav Amerike<\/a><\/li>\n<li> <a href=\"https:\/\/moverdb.com\/sl\/kontejnersko-posiljanje\/to-australia-from-the-united-states\/\">Stro\u0161ki po\u0161iljanja zabojnikov v Avstralijo iz Zdru\u017eenih dr\u017eav Amerike<\/a><\/li>\n<li> <a href=\"https:\/\/moverdb.com\/sl\/selitev-v-avstralijo\/moving-to-australia-from-the-uk\/\">Selitev iz Zdru\u017eenega kraljestva v Avstralijo<\/a><\/li>\n<li> <a href=\"https:\/\/moverdb.com\/sl\/kontejnersko-posiljanje\/to-australia-from-the-uk\/\">Stro\u0161ki in \u010dasi po\u0161iljanja zabojnikov iz Zdru\u017eenega kraljestva v Avstralijo<\/a><\/li>\n<li> <a href=\"https:\/\/moverdb.com\/sl\/selitev-v-avstralijo\/moving-to-australia-from-bahrain\/\">Selitev v Avstralijo iz Bahrajna<\/a><\/li>\n<li> <a href=\"https:\/\/moverdb.com\/sl\/selitev-v-avstralijo\/moving-to-australia-from-the-uae\/\">Selitev v Avstralijo iz Dubaja in ZAE<\/a><\/li>\n<li> <a href=\"https:\/\/moverdb.com\/sl\/kontejnersko-posiljanje\/to-australia-from-dubai\/\">Stro\u0161ki in \u010dasi po\u0161iljanja zabojnikov v Avstralijo iz Dubaja<\/a><\/li>\n<li> <a href=\"https:\/\/moverdb.com\/sl\/kontejnersko-posiljanje\/to-australia-from-uae\/\">Stro\u0161ki in \u010dasi po\u0161iljanja zabojnikov iz ZAE v Avstralijo<\/a><\/li>\n<li> <a href=\"https:\/\/moverdb.com\/sl\/selitev-v-avstralijo\/moving-to-australia-from-kuwait\/\">Selitev v Avstralijo iz Kuvajta<\/a><\/li>\n<li> <a href=\"https:\/\/moverdb.com\/sl\/selitev-v-avstralijo\/moving-to-australia-from-qatar\/\">Selitev v Avstralijo iz Katarja<\/a><\/li>\n<li> <a href=\"https:\/\/moverdb.com\/sl\/kontejnersko-posiljanje\/to-australia-from-qatar\/\">Stro\u0161ki in \u010dasi po\u0161iljanja zabojnikov v Avstralijo iz Katarja<\/a><\/li>\n<li> <a href=\"https:\/\/moverdb.com\/sl\/selitev-v-avstralijo\/moving-to-australia-from-singapore\/\">Selitev v Avstralijo iz Singapurja<\/a><\/li>\n<li> <a href=\"https:\/\/moverdb.com\/sl\/kontejnersko-posiljanje\/to-australia-from-singapore\/\">Stro\u0161ki in \u010dasi po\u0161iljanja zabojnikov v Avstralijo iz Singapurja<\/a><\/li>\n<li> <a href=\"https:\/\/moverdb.com\/sl\/selitev-v-avstralijo\/moving-to-australia-from-south-africa\/\">Selitev v Avstralijo iz Ju\u017ene Afrike<\/a><\/li>\n<li> <a href=\"https:\/\/moverdb.com\/sl\/kontejnersko-posiljanje\/to-australia-from-canada\/\">Stro\u0161ki po\u0161iljanja zabojnikov v Avstralijo iz Kanade<\/a><\/li>\n<li> <a href=\"https:\/\/moverdb.com\/sl\/kontejnersko-posiljanje\/to-australia-from-new-zealand\/\">Stro\u0161ki po\u0161iljanja zabojnikov v Avstralijo iz Nove Zelandije<\/a><\/li>\n<li> <a href=\"https:\/\/moverdb.com\/sl\/selitev-v-avstralijo\/moving-to-hobart\/\">Selitev v Hobart? 2024 \u017divljenjski stro\u0161ki in nasveti za selitev<\/a><\/li>\n<li> <a href=\"https:\/\/moverdb.com\/sl\/selitev-v-avstralijo\/moving-to-gold-coast\/\">Selitev v Gold Coast? 2024 \u017divljenjski stro\u0161ki in nasveti za selitev<\/a><\/li>\n<li> <a href=\"https:\/\/moverdb.com\/sl\/selitev-v-avstralijo\/moving-to-melbourne\/\">Selitev v Melbourne? 2024 \u017divljenjski stro\u0161ki in nasveti za selitev<\/a><\/li>\n<\/ul>","protected":false},"excerpt":{"rendered":"<p>The Australian International Movers Association (AIMA) describes itself as a professional forum for the international removals industry. Members must hold FIDI\/FAIM or meet strict membership criteria, including requirements for financial integrity. Key facts about AIMA: It was established in 1975. It has around 60 members in Australia. AIMA represents the moving industry in Australia and [&hellip;]<\/p>\n","protected":false},"author":1,"featured_media":0,"parent":0,"menu_order":0,"comment_status":"closed","ping_status":"closed","template":"","meta":{"_genesis_hide_title":false,"_genesis_hide_breadcrumbs":false,"_genesis_hide_singular_image":false,"_genesis_hide_footer_widgets":false,"_genesis_custom_body_class":"","_genesis_custom_post_class":"","_genesis_layout":"","footnotes":""},"class_list":{"0":"post-436","1":"page","2":"type-page","3":"status-publish","5":"entry"},"_links":{"self":[{"href":"https:\/\/moverdb.com\/sl\/wp-json\/wp\/v2\/pages\/436","targetHints":{"allow":["GET"]}}],"collection":[{"href":"https:\/\/moverdb.com\/sl\/wp-json\/wp\/v2\/pages"}],"about":[{"href":"https:\/\/moverdb.com\/sl\/wp-json\/wp\/v2\/types\/page"}],"author":[{"embeddable":true,"href":"https:\/\/moverdb.com\/sl\/wp-json\/wp\/v2\/users\/1"}],"replies":[{"embeddable":true,"href":"https:\/\/moverdb.com\/sl\/wp-json\/wp\/v2\/comments?post=436"}],"version-history":[{"count":9,"href":"https:\/\/moverdb.com\/sl\/wp-json\/wp\/v2\/pages\/436\/revisions"}],"predecessor-version":[{"id":17998,"href":"https:\/\/moverdb.com\/sl\/wp-json\/wp\/v2\/pages\/436\/revisions\/17998"}],"wp:attachment":[{"href":"https:\/\/moverdb.com\/sl\/wp-json\/wp\/v2\/media?parent=436"}],"curies":[{"name":"wp","href":"https:\/\/api.w.org\/{rel}","templated":true}]}}