{"id":434,"date":"2016-06-05T06:20:47","date_gmt":"2016-06-05T06:20:47","guid":{"rendered":"http:\/\/moverdb.com\/?page_id=434"},"modified":"2026-01-08T14:48:22","modified_gmt":"2026-01-08T14:48:22","slug":"fidi-faim","status":"publish","type":"page","link":"https:\/\/moverdb.com\/sl\/fidi-faim\/","title":{"rendered":"Pojasnila o FIDI in FAIM (FIDI Accredited International Mover)"},"content":{"rendered":"<p>FIDI (F\u00e9d\u00e9ration Internationale des D\u00e9m\u00e9nageurs Internationaux; Federacija mednarodnih selitvenih podjetij) je globalna krovna organizacija mednarodnih selitvenih podjetij. <\/p>\n<p>Ozna\u010duje se kot svetovni industrijski standard za najbolj kakovostne selitvene delavce in je prva uvedla program upravljanja kakovosti FIDI Accredited International Mover (FAIM), program certificiranja kakovosti, namenjen izklju\u010dno industriji mednarodnih selitev.<\/p>\n<p><strong>Klju\u010dna dejstva o organizaciji:<\/strong><\/p>\n<ol>\n<li>  FIDI zastopa ve\u010d kot <strong>600 neodvisnih <a href=\"https:\/\/moverdb.com\/sl\/selitev-podjetja\/\">podjetja<\/a><\/strong> v ve\u010d kot <strong>100 dr\u017eav<\/strong>.<\/li>\n<li>  FIDI je najve\u010dja krovna organizacija <a href=\"https:\/\/moverdb.com\/sl\/mednarodne-selitve\/\">mednarodne selitve<\/a> in podjetja za selitev.<\/li>\n<li>  FIDI ponuja osebne in poslovne selitve.<\/li>\n<li>  Vse podru\u017enice FIDI morajo izpolnjevati stroge standarde kakovosti FIDI-FAIM.<\/li>\n<li>  FIDI ponuja program upravljanja kakovosti FAIM, ki velja za enega najstro\u017ejih standardov v panogi z ve\u010d kot <strong>200 zahtev glede kakovosti<\/strong> na podro\u010dju poslovanja in storitev za stranke.<\/li>\n<li>  Vsaka podru\u017enica FIDI mora opraviti redno neodvisno oceno svojih dejavnosti na podro\u010dju mednarodnih selitev. \u010ce ocene ne opravijo, se jim prekine \u010dlanstvo v FIDI.<\/li>\n<li>  Vse podru\u017enice FIDI morajo podpisati obvezno listino o boju proti podkupovanju in korupciji ter se je dr\u017eati.<\/li>\n<li>  Vsi \u010dlani FIDI morajo imeti tudi certifikat FAIM - zanj se zaprosi hkrati s \u010dlanstvom.<\/li>\n<li>  FAIM Plus je na voljo tistim, ki imajo certifikat ISO 9001.<\/li>\n<\/ol>\n<p><strong>Profil organizacije FIDI<\/strong><\/p>\n<p>FIDI je svetovno zdru\u017eenje movinarjev, ki svojim pridru\u017eenim podjetjem ponuja mo\u010dan in priznan pe\u010dat odobritve za storitve, ve\u010dje mo\u017enosti za mre\u017eenje in prilo\u017enost za \u0161iritev poslovanja. <\/p>\n<p>Redno organizira konference in usposabljanja za \u010dlane z vsega sveta ter \u010dlanom ponuja na\u010drt za za\u0161\u010dito pla\u010dil, s katerim lahko za\u0161\u010ditijo do 90% vrednosti svojih ra\u010dunov. FIDI se je prav tako postavil na stali\u0161\u010de, da svoje \u010dlane obve\u0161\u010da o najnovej\u0161ih novicah v panogi, in ima pano\u017eni odbor, ki ponuja strokovne smernice in obravnava spore med \u010dlani. <\/p>\n<p>Program upravljanja kakovosti FIDI Accredited International Mover (FAIM) je del ponudbe FIDI, certifikata kakovosti za selitveno industrijo, ki je bil razvit na podlagi posvetovanja in najbolj\u0161ih praks najbolj\u0161ih velikih, malih, zasebnih in javnih podjetij. <a href=\"https:\/\/moverdb.com\/sl\/moving-companies\/\" data-internallinksmanager029f6b8e52c=\"79\" title=\"Top 25 Mednarodne selitve podjetja Online\">mednarodna selitvena podjetja<\/a> z vsega sveta.<\/p>\n<p><strong>Merila za \u010dlanstvo:<\/strong><\/p>\n<p>\u010ce se \u017eelite pridru\u017eiti Globalni zvezi FIDI, morate izpolnjevati naslednje obvezne zahteve:<\/p>\n<ul>\n<li> Upo\u0161tevanje predpisov FIDI<\/li>\n<li> vsaj dve leti pred prijavo opravljate storitve medcelinskih selitev.<\/li>\n<li> Opravite najmanj 10 medcelinskih selitev na leto*<\/li>\n<li> imeti ustrezno in zadostno zavarovalno kritje.<\/li>\n<li> podpi\u0161ite Listino FIDI o boju proti podkupovanju in korupciji (FIDI ABC Charter)<\/li>\n<li> biti finan\u010dno stabilen (va\u0161e finan\u010dno stanje bo v fazi prijave preveril neodvisni revizor).<\/li>\n<li> imeti certifikat FIDI-FAIM (za certifikat FAIM boste zaprosili hkrati s pro\u0161njo za \u010dlanstvo v FIDI).<\/li>\n<\/ul>\n<p><strong>certifikat FAIM:<\/strong><\/p>\n<p>Program certificiranja FIDI-FAIM zahteva, da se dejavnosti mednarodnih selitvenih podjetij redno neodvisno ocenjujejo z neodvisno revizijo, ki se opravi vsaka tri leta.<\/p>\n<p>To zagotavlja, da podjetja FIDI delajo v skladu s svetovnim skupnim standardom za upravljanje in izvajanje mednarodnih selitvenih storitev na enoten, kakovosten in u\u010dinkovit na\u010din. Zagotavlja tudi pregleden mehanizem, ki zagotavlja, da standardi ostajajo visoki.<\/p>\n<p>Z vidika kon\u010dne stranke podjetje s certifikatom FAIM daje osebi, ki se seli, in kadrovskemu oddelku, ki organizira njeno selitev, zaupanje, da podjetje pozna posel ter ima vire in znanje za pravilno opravljanje dela.<\/p>\n<p>Oceno na kraju samem neodvisno opravi mednarodna ocenjevalna hi\u0161a Ernst &amp; Young.<\/p>\n<p><strong>Nekatera podjetja \u010dlanice<\/strong><\/p>\n<ul>\n<li> <a href=\"https:\/\/moverdb.com\/sl\/aires\/\">Aires<\/a><\/li>\n<li> <a href=\"https:\/\/moverdb.com\/sl\/cadogan-tate\/\">Cadogan Tate<\/a><\/li>\n<li> <a href=\"https:\/\/moverdb.com\/sl\/harrow-green\/\">Harrow Green<\/a><\/li>\n<li> <a href=\"https:\/\/moverdb.com\/sl\/santa-fe-relokacija\/\">Santa Fe premestitev<\/a><\/li>\n<li> <a href=\"https:\/\/moverdb.com\/sl\/team-relocations\/\">Premestitve ekipe<\/a><\/li>\n<li> <a href=\"https:\/\/moverdb.com\/sl\/nippon-express\/\">Nippon Express<\/a><\/li>\n<li> <a href=\"https:\/\/moverdb.com\/sl\/settelen\/\">Settelen<\/a><\/li>\n<li> <a href=\"https:\/\/moverdb.com\/sl\/conroy-removals\/\">Conroy Removals<\/a><\/li>\n<li> <a href=\"https:\/\/moverdb.com\/sl\/bolliger\/\">Bolliger<\/a><\/li>\n<li> <a href=\"https:\/\/moverdb.com\/sl\/mudanzas-gou\/\">Mudanzas Gou<\/a><\/li>\n<li> <a href=\"https:\/\/moverdb.com\/sl\/gil-stauffer\/\">Gil Stauffer<\/a><\/li>\n<li> <a href=\"https:\/\/moverdb.com\/sl\/packimpex\/\">Packimpex<\/a><\/li>\n<\/ul>\n<p><strong>Mnenja o organizaciji<\/strong><\/p>\n<p>Tisti predlagatelji, ki jo na svojih spletnih straneh omenjajo, jo zelo cenijo, tako glede pomembnih virov, ki jih ima, kot tudi glede dejstva, da se revizija izvaja stalno. <\/p>\n<p>Neodvisnost je \u0161e en klju\u010dni dejavnik ugleda, ki si ga je ustvaril FIDI - vsako podjetje za selitve ima na kraju samem postopek za ugotavljanje skladnosti, ki ga opravi svetovalec zunaj njegove dr\u017eave. <\/p>\n<blockquote><p>Za podjetja, ki si prizadevajo za najvi\u0161jo raven kakovosti, je FAIM\/ISO najvi\u0161ji certifikacijski standard, ki je na voljo na svetu.<\/p><\/blockquote>\n<p> - <a href=\"http:\/\/www.ossworldwidemovers.com\/fidi-accredited-international-mover\" target=\"_blank\" rel=\"noopener\">OSS World Wide Movers<\/a><\/p>\n<blockquote><p>Po svetu obstajajo \u0161tevilna podjetja, ki se selijo. Kako lo\u010diti dobra od slabih? Za\u010dnite pri FIDI\/FAIM, zlatem standardu za mednarodne selitve.<\/p><\/blockquote>\n<p>- <a href=\"http:\/\/www.jkmoving.com\/International\/International_Network-_FIDI\/FAIM\/\" target=\"_blank\" rel=\"noopener\">JK selitvene storitve<\/a><\/p>\n<p><a href=\"http:\/\/www.jkmoving.com\/International\/International_Network-_FIDI\/FAIM\/\" target=\"_blank\" rel=\"noopener\"><\/a><\/p>\n<blockquote><p>To je najstro\u017eji in najobse\u017enej\u0161i program kakovosti za mednarodno selitveno industrijo, ki vsebuje ve\u010d kot 200 zahtev kakovosti v zvezi z delovanjem organizacije in storitvami za stranke. FIDI zdaj ponuja akreditacijo, imenovano FAIM.<\/p><\/blockquote>\n<p>- <a href=\"http:\/\/www.suddathinternational.com\/news\/2013\/8\/1\/faim-plus.aspx\" target=\"_blank\" rel=\"noopener\">Suddath<\/a><\/p>\n<p><strong>Spletna stran:<\/strong> <a href=\"https:\/\/www.fidi.org\" target=\"_blank\" rel=\"noopener\">https:\/\/www.fidi.org<\/a><\/p>","protected":false},"excerpt":{"rendered":"<p>FIDI (F\u00e9d\u00e9ration Internationale des D\u00e9m\u00e9nageurs Internationaux; The Federation of International Movers) is a global umbrella organisation of international moving and relocation businesses. It describes itself as a worldwide industry standard for top quality movers and has pioneered the FIDI Accredited International Mover (FAIM) Quality Management Programme, a quality certification programme dedicated exclusively to the international [&hellip;]<\/p>\n","protected":false},"author":1,"featured_media":0,"parent":0,"menu_order":0,"comment_status":"closed","ping_status":"closed","template":"","meta":{"_genesis_hide_title":false,"_genesis_hide_breadcrumbs":false,"_genesis_hide_singular_image":false,"_genesis_hide_footer_widgets":false,"_genesis_custom_body_class":"","_genesis_custom_post_class":"","_genesis_layout":"","footnotes":""},"class_list":{"0":"post-434","1":"page","2":"type-page","3":"status-publish","5":"entry"},"_links":{"self":[{"href":"https:\/\/moverdb.com\/sl\/wp-json\/wp\/v2\/pages\/434","targetHints":{"allow":["GET"]}}],"collection":[{"href":"https:\/\/moverdb.com\/sl\/wp-json\/wp\/v2\/pages"}],"about":[{"href":"https:\/\/moverdb.com\/sl\/wp-json\/wp\/v2\/types\/page"}],"author":[{"embeddable":true,"href":"https:\/\/moverdb.com\/sl\/wp-json\/wp\/v2\/users\/1"}],"replies":[{"embeddable":true,"href":"https:\/\/moverdb.com\/sl\/wp-json\/wp\/v2\/comments?post=434"}],"version-history":[{"count":28,"href":"https:\/\/moverdb.com\/sl\/wp-json\/wp\/v2\/pages\/434\/revisions"}],"predecessor-version":[{"id":6210,"href":"https:\/\/moverdb.com\/sl\/wp-json\/wp\/v2\/pages\/434\/revisions\/6210"}],"wp:attachment":[{"href":"https:\/\/moverdb.com\/sl\/wp-json\/wp\/v2\/media?parent=434"}],"curies":[{"name":"wp","href":"https:\/\/api.w.org\/{rel}","templated":true}]}}