{"id":433,"date":"2016-06-12T13:45:04","date_gmt":"2016-06-12T13:45:04","guid":{"rendered":"http:\/\/moverdb.com\/?page_id=433"},"modified":"2026-01-08T14:47:29","modified_gmt":"2026-01-08T14:47:29","slug":"amsa","status":"publish","type":"page","link":"https:\/\/moverdb.com\/sl\/amsa\/","title":{"rendered":"Pojasnila o ameri\u0161kem zdru\u017eenju za selitve in skladi\u0161\u010denje (AMSA)"},"content":{"rendered":"<p>Ameri\u0161ko zdru\u017eenje za selitve in skladi\u0161\u010denje (AMSA) je nacionalno trgovinsko zdru\u017eenje ameri\u0161ke industrije selitev. <\/p>\n<p>Ustanovljeno je bilo z namenom, da bi pomagalo zastopati interese akterjev v panogi selitev in skladi\u0161\u010denja, tako doma\u010dih kot mednarodnih, ter da bi strankam, ki uporabljajo storitve podjetij v tej panogi, zagotavljalo informacije in pomo\u010d.<\/p>\n<p><strong>Klju\u010dna dejstva o zdru\u017eenju AMSA:<\/strong><\/p>\n<ol>\n<li>  Ima pribli\u017eno 4200 \u010dlanov.<\/li>\n<li>  \u010clani zdru\u017eenja AMSA so podjetja za meddr\u017eavno selitev in skladi\u0161\u010denje, lokalni prevozniki, <a href=\"https:\/\/moverdb.com\/sl\/selitev-podjetja\/\">mednarodni selitveni delavci<\/a> ter dobavitelji iz panoge in \u010dlani dr\u017eavnih zdru\u017eenj.<\/li>\n<li>  Je edino nacionalno zdru\u017eenje, ki zastopa vse sektorje industrije selitev in skladi\u0161\u010denja.<\/li>\n<li>  AMSA je za\u010dela <a href=\"https:\/\/moverdb.com\/sl\/rim-promover\/\" data-internallinksmanager029f6b8e52c=\"76\" title=\"Razlo\u017eeno certificiranje RIM International ProMover\">ProMover<\/a> leta 2009, ki je bil namenjen usmerjanju potro\u0161nikov h kakovostnim selitvenim ponudnikom, ki so se zavezali ciljem zdru\u017eenja AMSA.<\/li>\n<li>  \u010clanstvo ni odprto le za ponudnike selitvenih storitev, temve\u010d tudi za pridru\u017eene dru\u017ebe (ponudnike izdelkov ali storitev, povezanih s selitveno industrijo), posameznike in strokovna zdru\u017eenja.<\/li>\n<li>  \u010clanstvo v zdru\u017eenju AMSA je pomemben del postopka prijave za <a href=\"https:\/\/moverdb.com\/sl\/obrocnik\/\">Certificiranje ProMover<\/a> - to je moralo biti 18 mesecev brez te\u017eav.<\/li>\n<li>  Potro\u0161niki ga dobro poznajo po zbirki \"nasvetov za selitev\", v kateri so na voljo informacije o vsem, od pakiranja do upravljanja dneva selitve.<\/li>\n<li>  Ponuja program za re\u0161evanje sporov in ima eti\u010dni kodeks, ki ga morajo spo\u0161tovati njeni \u010dlani.<\/li>\n<li>  Njeni \u010dlani vsako leto prepeljejo od 1,3 do 1,5 milijona gospodinjstev.<\/li>\n<\/ol>\n<p><strong>Profil Ameri\u0161kega zdru\u017eenja za selitve in skladi\u0161\u010denje:<\/strong><\/p>\n<p>\u010clani zdru\u017eenja AMSA lahko koristijo \u0161tevilne storitve, od novic in informacij o vpra\u0161anjih, ki vplivajo na panogo, do zastopanja v zvezni vladi, dav\u010dne pomo\u010di, finan\u010dnega in statisti\u010dnega poro\u010danja ter pravne pomo\u010di. <\/p>\n<p>AMSA ponuja tudi arbitra\u017eno slu\u017ebo za re\u0161evanje sporov v zvezi z izgubo in \u0161kodo ter programe strokovnega izobra\u017eevanja in certificiranja, kot je program ProMover. <\/p>\n<p>Zdru\u017eenje AMSA je za\u010delo delovati z najstarej\u0161im trgovinskim zdru\u017eenjem za prevoznike v Ameriki - Nacionalnim zdru\u017eenjem skladi\u0161\u010dnikov pohi\u0161tva, ki je bilo ustanovljeno leta 1920. Zaradi svoje zgodovine, \u0161irine delovanja in eti\u010dnega kodeksa je zelo spo\u0161tovana organizacija. <\/p>\n<p>Je odgovoren za certifikat ProMover, ki velja za znak zanesljivega prevoznika.<\/p>\n<p><strong>Merila za \u010dlanstvo:<\/strong><\/p>\n<p>Zdi se, da so merila za v\u010dlanitev v zdru\u017eenje AMSA zelo preprosta - preprosto izpolnite obrazec in pla\u010dajte pristojbino. Vendar pa morajo podjetja, ki \u017eelijo pridobiti <a href=\"https:\/\/moverdb.com\/sl\/obrocnik\/\">Certificiranje ProMover<\/a>.<\/p>\n<p><strong>Najbolj\u0161a podjetja \u010dlanice<\/strong><\/p>\n<ol>\n<li> <a href=\"https:\/\/moverdb.com\/sl\/united-van-lines\/\">United Van Lines<\/a><\/li>\n<li> <a href=\"https:\/\/moverdb.com\/sl\/atlas-van-lines-international\/\">Atlas Van Lines International<\/a><\/li>\n<li> <a href=\"https:\/\/moverdb.com\/sl\/mayflower-transit\/\">Mayflower Transit<\/a><\/li>\n<li> <a href=\"https:\/\/moverdb.com\/sl\/allied-van-lines\/\">Allied Van Lines<\/a><\/li>\n<li> <a href=\"https:\/\/moverdb.com\/sl\/north-american-van-lines\/\">North American Van Lines<\/a><\/li>\n<li> <a href=\"https:\/\/moverdb.com\/sl\/wheaton\/\">Wheaton World Wide Moving<\/a><\/li>\n<li> <a href=\"https:\/\/moverdb.com\/sl\/bekins-van-lines\/\">Bekins Van Lines<\/a><\/li>\n<li> <a href=\"https:\/\/moverdb.com\/sl\/graebel-van-lines\/\">Graebel Van Lines<\/a><\/li>\n<li> <a href=\"https:\/\/moverdb.com\/sl\/arpin-van-lines\/\">Arpin Van Lines<\/a><\/li>\n<li> <a href=\"https:\/\/moverdb.com\/sl\/stevens-worldwide-van-lines\/\">Stevens Worldwide Van Lines<\/a><\/li>\n<li> <a href=\"https:\/\/moverdb.com\/sl\/vip-transport\/\">VIP prevozi<\/a><\/li>\n<li> <a href=\"https:\/\/moverdb.com\/sl\/island-movers\/\">Otok Movers<\/a><\/li>\n<li> <a href=\"https:\/\/moverdb.com\/sl\/mudanzas-gou\/\">Mudanzas Gou<\/a><\/li>\n<li> <a href=\"https:\/\/moverdb.com\/sl\/gil-stauffer\/\">Gil Stauffer<\/a><\/li>\n<\/ol>\n<p><strong>Mnenja o ameri\u0161kem zdru\u017eenju za selitve in skladi\u0161\u010denje<\/strong><\/p>\n<p>Ko se na spletu omenja zdru\u017eenje AMSA, je to pogosto povezano z njegovim certifikatom ProMover, ki je postal mednarodni znak kakovosti. <\/p>\n<p>Certificiranje je del platforme AMSA, ki z u\u010dinkovitim zagovorni\u0161tvom in gradnjo ugledne blagovne znamke predstavlja in izbolj\u0161uje razmere za tiste, ki so v panogi, in tiste, ki uporabljajo podjetja v panogi. <\/p>\n<p>Spletno mnenje se osredoto\u010da tako na dejstvo, da je zdru\u017eenje AMSA zaradi svoje dedi\u0161\u010dine eno najstarej\u0161ih trgovinskih zdru\u017eenj v Ameriki, kot tudi na njegovo poslanstvo, da potro\u0161nikom olaj\u0161a selitev. Spletna mnenja omenjajo dogodke, ki jih organizira zdru\u017eenje AMSA - ti so o\u010ditno dobro obiskani in zelo cenjeni, <em>\"Na leto\u0161nji konferenci AMSA so se kot vedno zbrali nekateri vodilni v panogi selitev.\"<\/em> <\/p>\n<p>Omenjene so tudi nagrade AMSA, ki veljajo za pravi pokazatelj dose\u017ekov in kakovosti.<\/p>\n<blockquote><p>Poslanstvo zdru\u017eenja AMSA je \"zastopati interese doma\u010de in mednarodne industrije selitev in skladi\u0161\u010denja ter pomagati strankam, ki jim slu\u017ei.\n<\/p><\/blockquote>\n<p>- <a href=\"http:\/\/www.atlasvanlines.com\/pro-mover\/\" target=\"_blank\" rel=\"noopener\">Atlas Van Lines<\/a><\/p>\n<blockquote><p>Zdru\u017eenje AMSA si prizadeva, da bi se lahko vsak od 40 milijonov Ameri\u010danov, ki se vsako leto preselijo in izberejo profesionalnega selitvenega delavca, odlo\u010dal na podlagi informacij.<\/p><\/blockquote>\n<p>- <a href=\"http:\/\/www.ossworldwidemovers.com\/american-moving-and-storage-association\" target=\"_blank\" rel=\"noopener\">OSS World Wide Movers<\/a><\/p>\n<blockquote><p>Zdru\u017eenje AMSA skrbno preverja svoje \u010dlane, ki se ukvarjajo s selitvami, in zagotavlja, da so potro\u0161niki izbrani za selitvene delavce, ki izpolnjujejo vse zahteve glede licenc in zavarovanja, ter zagotavlja arbitra\u017eo v sporih med potro\u0161niki in selitvenimi delavci v okviru svojega \"Programa za re\u0161evanje sporov v zvezi z gospodinjskim blagom\". Eden od ciljev zdru\u017eenja AMSA je dobro obve\u0161\u010dena javnost, ki bolje razume vrednost strokovnih selitvenih storitev.<\/p><\/blockquote>\n<p>- <a href=\"http:\/\/www.moving.com\/articles\/amsa\/who-is-amsa.asp\" target=\"_blank\" rel=\"noopener\">Moving.com<\/a><\/p>\n<p><strong>Spletna stran:<\/strong> <a href=\"http:\/\/www.moving.org\/\" target=\"_blank\" rel=\"noopener\">http:\/\/www.moving.org\/<\/a><\/p>","protected":false},"excerpt":{"rendered":"<p>The American Moving &#038; Storage Association (AMSA) is the national trade association for the American moving industry. It has been set up to help represent the interests of those in the moving and storage industry, both domestic and international, and also to provide a source of information and assistance to customers using businesses in the [&hellip;]<\/p>\n","protected":false},"author":1,"featured_media":0,"parent":0,"menu_order":0,"comment_status":"closed","ping_status":"closed","template":"","meta":{"_genesis_hide_title":false,"_genesis_hide_breadcrumbs":false,"_genesis_hide_singular_image":false,"_genesis_hide_footer_widgets":false,"_genesis_custom_body_class":"","_genesis_custom_post_class":"","_genesis_layout":"","footnotes":""},"class_list":{"0":"post-433","1":"page","2":"type-page","3":"status-publish","5":"entry"},"_links":{"self":[{"href":"https:\/\/moverdb.com\/sl\/wp-json\/wp\/v2\/pages\/433","targetHints":{"allow":["GET"]}}],"collection":[{"href":"https:\/\/moverdb.com\/sl\/wp-json\/wp\/v2\/pages"}],"about":[{"href":"https:\/\/moverdb.com\/sl\/wp-json\/wp\/v2\/types\/page"}],"author":[{"embeddable":true,"href":"https:\/\/moverdb.com\/sl\/wp-json\/wp\/v2\/users\/1"}],"replies":[{"embeddable":true,"href":"https:\/\/moverdb.com\/sl\/wp-json\/wp\/v2\/comments?post=433"}],"version-history":[{"count":25,"href":"https:\/\/moverdb.com\/sl\/wp-json\/wp\/v2\/pages\/433\/revisions"}],"predecessor-version":[{"id":6170,"href":"https:\/\/moverdb.com\/sl\/wp-json\/wp\/v2\/pages\/433\/revisions\/6170"}],"wp:attachment":[{"href":"https:\/\/moverdb.com\/sl\/wp-json\/wp\/v2\/media?parent=433"}],"curies":[{"name":"wp","href":"https:\/\/api.w.org\/{rel}","templated":true}]}}