{"id":432,"date":"2016-06-12T09:28:19","date_gmt":"2016-06-12T09:28:19","guid":{"rendered":"http:\/\/moverdb.com\/?page_id=432"},"modified":"2026-01-08T14:47:56","modified_gmt":"2026-01-08T14:47:56","slug":"kanadsko-zdruzenje-prevoznikov","status":"publish","type":"page","link":"https:\/\/moverdb.com\/sl\/canadian-association-of-movers\/","title":{"rendered":"Pojasnila o kanadskem zdru\u017eenju movers (CAM)"},"content":{"rendered":"<p>Kanadsko zdru\u017eenje Movers je <a href=\"https:\/\/moverdb.com\/sl\/moving-to-canada\/\" data-internallinksmanager029f6b8e52c=\"265\" title=\"Selitev v Kanado? 2023 \u017divljenjski stro\u0161ki in nasveti za selitev\">Kanada<\/a>trgovinsko zdru\u017eenje, ki zastopa podjetja za selitve in skladi\u0161\u010denje. Ustanovljeno je bilo, da bi pomagalo za\u0161\u010dititi in razvijati podjetja, ki so njegovi \u010dlani, ter da bi potro\u0161nikom omogo\u010dilo iskanje uglednih, strokovnih in zanesljivih selitvenih storitev.<\/p>\n<p><strong>Klju\u010dna dejstva o CAM:<\/strong><\/p>\n<ol>\n<li>  \u010clanstvo vklju\u010duje ponudnike selitvenih storitev v Kanadi in tujini.<\/li>\n<li>  \u010clanstvo zajema podjetja za selitve in selitvena podjetja, dostavne linije, dobavitelje za to panogo in podjetja, ki opravljajo storitve, povezane s selitvami, kot so storitve pakiranja.<\/li>\n<li>  Eti\u010dni kodeks od \u010dlanov zahteva, da spo\u0161tujejo pogoje, kot so pravi\u010dnost in po\u0161tenost do strank, ter da se ves \u010das zavedajo varnosti.<\/li>\n<li>  Kanadsko zdru\u017eenje movers zagotavlja postopek re\u0161evanja prito\u017eb za potro\u0161nike.<\/li>\n<li>  CAM ponuja program Certified Canadian Mover, ki potro\u0161nikom zagotavlja, da bodo prejeli storitve, ki temeljijo na eti\u010dnem ravnanju, strokovni usposobljenosti in u\u010dinkovitem obravnavanju prito\u017eb.<\/li>\n<li>  CAM je edino zdru\u017eenje selitvenih podjetij v Kanadi, ki ureja in vodi evidenco uglednih in neuglednih selitvenih podjetij.<\/li>\n<\/ol>\n<p><strong>Profil kanadskega zdru\u017eenja movers:<\/strong><\/p>\n<p>Kanadsko zdru\u017eenje movers je kanadsko trgovinsko zdru\u017eenje movers. Sestavljajo ga kanadska podjetja in \u010dezmorske organizacije. <\/p>\n<p>CAM ima \u0161tevilne cilje, ki vklju\u010dujejo izbolj\u0161anje strokovnega znanja in operativne usposobljenosti ter vzpostavljanje povezav med selitvenimi podjetji in dostavnimi linijami za izmenjavo informacij in spodbujanje celotne industrije selitev gospodinjskega blaga.<\/p>\n<p>\u010clani zdru\u017eenja CAM veljajo za najbolj\u0161e v dr\u017eavi <a href=\"https:\/\/moverdb.com\/sl\/moving-companies\/\" data-internallinksmanager029f6b8e52c=\"79\" title=\"Top 25 Mednarodne selitve podjetja Online\">selitvena podjetja<\/a>. Za \u010dlane CAM sta na voljo dva certifikata - Certified Overseas Mover in Certified Canadian Mover. <\/p>\n<p>Namen obeh je potro\u0161nikom ponuditi izbiro uglednih selitvenih podjetij, ki imajo posodobljeno dokumentacijo, spo\u0161tujejo eti\u010dni kodeks, vedo, kako obravnavati prito\u017ebe strank, in se dr\u017eijo smernic dobre prakse.<\/p>\n<p><strong>Merila za \u010dlanstvo:<\/strong><\/p>\n<p>Od prosilcev se lahko zahteva, da predlo\u017eijo razli\u010dne dokumente za dokon\u010danje postopka odobritve \u010dlanstva. Vse vloge za \u010dlanstvo mora odobriti upravni odbor.<\/p>\n<p><strong>Movers<\/strong><\/p>\n<p>Dru\u017eba CAM zahteva, da kandidati vsaj dve leti poslujejo kot prevozniki.<\/p>\n<p>Kandidati za \u010dlanstvo za prevoznike morajo izpolniti obrazec vloge in dru\u017ebi CAM predlo\u017eiti naslednjo dokumentacijo (samo fotokopije):<\/p>\n<ul>\n<li> Poslovno dovoljenje<\/li>\n<li> Fotografije prostorov in vozil<\/li>\n<li> Registracija in \u0161tevilka GST\/HST<\/li>\n<li> Potrdilo o nadomestilu za delo<\/li>\n<li> Potrdilo o zavarovanju, ki izkazuje najmanj $1 milijon odgovornosti in najmanj $250.000 omejitev tovora<\/li>\n<li> Potrdilo o ustanovitvi<\/li>\n<li> Dve poslovni referenci z navedbo dol\u017eine sodelovanja (npr. banka, dobavitelj opreme za selitev itd.)<\/li>\n<li> Oglas v rumenih straneh ali promocijski predmeti (neobvezno)<\/li>\n<li> Podpisan obrazec eti\u010dnega kodeksa<\/li>\n<\/ul>\n<p><strong>Podru\u017enice<\/strong><\/p>\n<p>Podjetje, ki ne preva\u017ea gospodinjskega blaga s tovornjaki, vendar opravlja storitve, povezane s selitvijo, kot so storitve pakiranja, zmanj\u0161evanja velikosti, odvoza smeti itd., je lahko upravi\u010deno do statusa pridru\u017eenega \u010dlana. <\/p>\n<p>Prosilci za pridru\u017eeno \u010dlanstvo morajo izpolniti obrazec za prijavo in se od njih lahko zahteva, da dru\u017ebi CAM predlo\u017eijo naslednjo dokumentacijo, ki se nana\u0161a na njihovo poslovanje, na primer (samo fotokopije):<\/p>\n<ul>\n<li> Poslovno dovoljenje<\/li>\n<li> Fotografije prostorov in vozil<\/li>\n<li> Registracija in \u0161tevilka GST\/HST<\/li>\n<li> Potrdilo o nadomestilu za delo<\/li>\n<li> Potrdilo o zavarovanju, ki izkazuje najmanj $1 milijon odgovornosti<\/li>\n<li> Potrdilo o ustanovitvi<\/li>\n<li> Dve poslovni referenci z navedbo dol\u017eine sodelovanja (npr. banka, selitveno podjetje itd.)<\/li>\n<li> Oglas v rumenih straneh ali promocijski predmeti (neobvezno)<\/li>\n<li> Podpisan obrazec eti\u010dnega kodeksa<\/li>\n<\/ul>\n<p><strong>Mednarodni Movers<\/strong><\/p>\n<ul>\n<li> Priporo\u010dilna pisma dveh mednarodnih selitvenih delavcev, ki sta CAM, <a href=\"https:\/\/moverdb.com\/sl\/fidi-faim\/\">FIDI<\/a> ali <a href=\"https:\/\/moverdb.com\/sl\/iam\/\">IAM<\/a> \u010dlani<\/li>\n<li> Podpisan obrazec Kanadski eti\u010dni kodeks za mednarodne prevoznike<\/li>\n<\/ul>\n<p><strong>Top 10 \u010dlanov, ki se gibljejo podjetja<\/strong> (po velikosti)<\/p>\n<ol>\n<li> <a href=\"https:\/\/moverdb.com\/sl\/united-van-lines\/\">United Van Lines<\/a><\/li>\n<li> <a href=\"https:\/\/moverdb.com\/sl\/north-american-van-lines\/\">North American Van Lines<\/a><\/li>\n<li> <a href=\"https:\/\/moverdb.com\/sl\/amj-campbell-van-lines\/\">AMJ Campbell Van Lines<\/a><\/li>\n<\/ol>\n<p><strong>Mnenja gibalcev o CAM:<\/strong><\/p>\n<p>CAM velja za koristen vir, ki potro\u0161nikom pomaga, da se izognejo prevaram in ponudnikom, ki ponujajo nerealne ni\u017eje cene, ki se nato na dan selitve povi\u0161ajo. <\/p>\n<p>Za tiste, ki so \u010dlani CAM, velja, da lahko ponudijo dolo\u010deno raven storitev, ki je drugi izvajalci selitev - brez certifikata - nimajo. <\/p>\n<p>Spletno mnenje obravnava CAM kot na\u010din preverjanja zanesljivosti podjetja, ki se seli, zlasti zato, ker CAM lo\u010duje <em>\"dobrega, slabega in grdega.\"<\/em> Organizacija je zelo cenjena zaradi \u017eelje po spodbujanju visokih standardov eti\u010dnega ravnanja in strogega postopka prijave. <\/p>\n<p>Tisti, ki omenjajo organizacijo na spletu, poudarjajo, da se tako prepri\u010dajo, da ima selitev ustrezno zavarovanje in standarde storitev. Pogosto je poudarjeno, da organizacija CAM ne bele\u017ei le svojih \u010dlanov, temve\u010d tudi selitvena podjetja, ki niso tako ugledna. <\/p>\n<p>To je pokazatelj, da ima organizacija dober pogled na industrijo selitvenih storitev in da so njeni \u010dlani na pravi strani linije.<\/p>\n<blockquote><p>Med podjetji za selitev in skladi\u0161\u010denje CAM razlikuje med dobrimi, slabimi in grdimi. Njegovi cilji so spodbujanje visokih standardov eti\u010dnega ravnanja v panogi selitev, spodbujanje pobud za kakovost, usposabljanje in izobra\u017eevanje osebja ter spremljanje uspe\u0161nosti \u010dlanov. <\/p>\n<p>Potro\u0161nikom pomaga pri dostopu do verodostojnih in strokovnih selitvenih storitev. V strogem postopku prijave CAM od svojih \u010dlanov zahteva podpis strogega eti\u010dnega kodeksa, ustrezno zavarovanje in vzdr\u017eevanje standardov za svoje prostore.<\/p><\/blockquote>\n<p>- <a href=\"http:\/\/www.uvl.ca\/Content\/Canadian+Association+of+Movers\" target=\"_blank\" rel=\"noopener noreferrer\">United Van Lines Kanada<\/a> <\/p>\n<blockquote><p>Kanadsko zdru\u017eenje movers (CAM) je edino zdru\u017eenje movers v Kanadi, ki ureja in vodi evidenco uglednih in neuglednih movers. <\/p><\/blockquote>\n<p>- <a href=\"http:\/\/www.greatcanadianvanlines.com\/how-to-choose-a-moving-company\/\" target=\"_blank\" rel=\"noopener noreferrer\">Velika kanadska dru\u017eba Van Lines<\/a><\/p>\n<blockquote><p>Napa\u010dna izbira selitvenega podjetja za selitev \u017eivljenjskega premo\u017eenja je lahko pogubna. Prevaranti bodo potro\u0161nike izkoristili tako, da bodo ponujali ni\u017eje cene, dajali nerealne obljube, napihnili ceno na dan selitve in odkupovali premo\u017eenje gospodinjstva. <\/p>\n<p>Ta podjetja ne prevzemajo odgovornosti za raven opravljenih storitev. \u010ce je ponudba selitvenega podjetja videti in zveneti predobra, da bi bila resni\u010dna, je res.<\/p>\n<p>Zakaj bi tvegali? Preselite se s prevoznikom, ki je \u010dlan zdru\u017eenja CAM. CAM je kanadsko trgovinsko zdru\u017eenje, ki zastopa podjetja za selitve in skladi\u0161\u010denje.<\/p><\/blockquote>\n<p>- <a href=\"http:\/\/amjtorontomoving.com\/Partners\/ArticleID\/44\/Canadian-Association-of-Movers-CAM\" target=\"_blank\" rel=\"noopener noreferrer\">AMJ Campbell - Toronto<\/a><\/p>\n<p><strong>Spletna stran:<\/strong> <a href=\"http:\/\/www.mover.net\/\" target=\"_blank\" rel=\"noopener noreferrer\">http:\/\/www.mover.net\/<\/a><\/p>\n<p><strong>OPOMBA! V spodnjem obrazcu nekatera podjetja, ki vas kontaktirajo po oddaji obrazca, morda niso sodelavci CAM.<\/strong><\/p>","protected":false},"excerpt":{"rendered":"<p>The Canadian Association of Movers is Canada&#8217;s trade association representing moving and storage companies. It was established to help protect and grow its member businesses and also to offer consumers a way to find reputable, professional and reliable moving services. Key facts about CAM: Membership includes movers both in Canada and overseas. Membership covers movers [&hellip;]<\/p>\n","protected":false},"author":1,"featured_media":0,"parent":0,"menu_order":0,"comment_status":"closed","ping_status":"closed","template":"","meta":{"_genesis_hide_title":false,"_genesis_hide_breadcrumbs":false,"_genesis_hide_singular_image":false,"_genesis_hide_footer_widgets":false,"_genesis_custom_body_class":"","_genesis_custom_post_class":"","_genesis_layout":"","footnotes":""},"class_list":{"0":"post-432","1":"page","2":"type-page","3":"status-publish","5":"entry"},"_links":{"self":[{"href":"https:\/\/moverdb.com\/sl\/wp-json\/wp\/v2\/pages\/432","targetHints":{"allow":["GET"]}}],"collection":[{"href":"https:\/\/moverdb.com\/sl\/wp-json\/wp\/v2\/pages"}],"about":[{"href":"https:\/\/moverdb.com\/sl\/wp-json\/wp\/v2\/types\/page"}],"author":[{"embeddable":true,"href":"https:\/\/moverdb.com\/sl\/wp-json\/wp\/v2\/users\/1"}],"replies":[{"embeddable":true,"href":"https:\/\/moverdb.com\/sl\/wp-json\/wp\/v2\/comments?post=432"}],"version-history":[{"count":9,"href":"https:\/\/moverdb.com\/sl\/wp-json\/wp\/v2\/pages\/432\/revisions"}],"predecessor-version":[{"id":3502,"href":"https:\/\/moverdb.com\/sl\/wp-json\/wp\/v2\/pages\/432\/revisions\/3502"}],"wp:attachment":[{"href":"https:\/\/moverdb.com\/sl\/wp-json\/wp\/v2\/media?parent=432"}],"curies":[{"name":"wp","href":"https:\/\/api.w.org\/{rel}","templated":true}]}}