{"id":431,"date":"2016-06-05T20:02:57","date_gmt":"2016-06-05T20:02:57","guid":{"rendered":"http:\/\/moverdb.com\/?page_id=431"},"modified":"2026-05-15T14:59:15","modified_gmt":"2026-05-15T14:59:15","slug":"iam","status":"publish","type":"page","link":"https:\/\/moverdb.com\/sl\/iam\/","title":{"rendered":"Pojasnila o Mednarodnem zdru\u017eenju gibalcev (IAM)"},"content":{"rendered":"<p>Mednarodno zdru\u017eenje selitvenih podjetij (IAM) je globalno trgovinsko zdru\u017eenje \u010dlanov, ki opravljajo selitvene, \u0161pediterske, ladijske, logisti\u010dne in sorodne storitve. <\/p>\n<p>Gre za najve\u010dje mednarodno trgovinsko zdru\u017eenje v panogi, ki so ga prvotno ustanovila \u010darterska podjetja, ki so poslovala z <a href=\"https:\/\/moverdb.com\/sl\/moving-to-the-united-states\/\" data-internallinksmanager029f6b8e52c=\"94\" title=\"Selitev v Zdru\u017eene dr\u017eave Amerike? 2022 \u017divljenjski stro\u0161ki in nasveti za selitev\">ZDA<\/a> vlada.<\/p>\n<p><strong>Klju\u010dna dejstva o zdru\u017eenju IAM:<\/strong><\/p>\n<ol>\n<li>  Predstavlja ve\u010d kot <strong>2,000 <a href=\"https:\/\/moverdb.com\/sl\/selitev-podjetja\/\" target=\"_blank\" rel=\"noopener\">podjetja<\/a><\/strong> v ve\u010d kot <strong>170 dr\u017eav<\/strong>.<\/li>\n<li>  IAM ima eti\u010dni kodeks, ki med drugim zahteva strpnost do kulturnih razlik, profesionalen pristop in izogibanje nepo\u0161teni konkurenci z drugimi \u010dlani.<\/li>\n<li>  Zdru\u017eenje IAM je bilo ustanovljeno leta 1962 in od takrat spodbuja rast svojih \u010dlanov.<\/li>\n<li>  To je najve\u010dje svetovno trgovinsko zdru\u017eenje v panogi prevozov in \u0161pedicije.<\/li>\n<li>  Priznanje za dose\u017eke v panogi se podeljuje v Dvorani \u010dasti IAM. Predloge za imenovanje v dvorano \u010dasti lahko predlo\u017ei vsak \u010dlan, stranka ali naro\u010dnik zdru\u017eenja IAM, o njih pa odlo\u010da \u010dlanstvo zdru\u017eenja IAM.<\/li>\n<li>  Prej je bilo znano kot Zdru\u017eenje ameri\u0161kih \u0161pediterjev gospodinjskega blaga (Household Good Forwarders Association of America) - IAM je leta 2009 spremenilo ime.<\/li>\n<li>  Zdru\u017eenje IAM ponuja postopek re\u0161evanja sporov za te\u017eave med \u010dlani - zajema spore v zvezi z ra\u010duni.<\/li>\n<li>  Program za za\u0161\u010dito terjatev zdru\u017eenja IAM nudi za\u0161\u010dito pred tistimi \u010dlani zdru\u017eenja IAM, ki so v finan\u010dnih te\u017eavah, saj omogo\u010da, da \u010dlan vlo\u017ei zahtevek in prejme povra\u010dilo za nepla\u010dane poslovne ra\u010dune, \u010de se zdi, da bo \u010dlan v ste\u010daju.<\/li>\n<\/ol>\n<p><strong>Profil Mednarodnega zdru\u017eenja moversov:<\/strong><\/p>\n<p>Zdru\u017eenje IAM je bilo ustanovljeno pred ve\u010d kot 50 leti in danes \u0161teje ve\u010d kot 2.000 \u010dlanov po vsem svetu. IAM ponuja razli\u010dne programe, vire in za\u0161\u010dito \u010dlanstva ter redne dogodke, namenjene spodbujanju mre\u017eenja in izmenjavi znanja, vklju\u010dno z letnimi sre\u010danji IAM. <\/p>\n<p>Vse, kar po\u010dne zdru\u017eenje IAM, je namenjeno rasti in uspehu njegovih \u010dlanov. Za\u0161\u010dita \u010dlanstva v zdru\u017eenju IAM je namenjena za\u0161\u010diti vrednosti \u010dlanstva v zdru\u017eenju IAM v o\u010deh industrije, strank in zdru\u017eenj kolegov - vklju\u010duje stroge zahteve za \u010dlanstvo v zdru\u017eenju IAM, uveljavljanje eti\u010dnega kodeksa in delo na podro\u010djih, kot je nadzor blagovnih znamk. <\/p>\n<p>IAM ima spletni imenik \u010dlanov, po katerem lahko stranke poi\u0161\u010dejo prevoznika, ki je \u010dlan organizacije.<\/p>\n<p><strong>Merila za \u010dlanstvo:<\/strong><\/p>\n<ul>\n<li> najmanj eno leto izku\u0161enj.<\/li>\n<li> Sponzorska pisma dveh sedanjih \u010dlanov zdru\u017eenja IAM, v katerih je navedeno, da vas priporo\u010data za \u010dlanstvo, na dopisnem papirju sponzorskega podjetja, ki ga podpi\u0161e uradna oseba podjetja.<\/li>\n<li> PDF ali JPG trenutnega dovoljenja za poslovanje ali registracijo v dr\u017eavi\/dr\u017eavi\/provinciji in, \u010de je primerno, dav\u010dno \u0161tevilko.<\/li>\n<li> PDF ali JPG identifikacijskega dokumenta s fotografijo, izdanega s strani vlade (npr. potni list, vozni\u0161ko dovoljenje), za vsakega direktorja dru\u017ebe, ki ima v lasti in\/ali ima kontrolni dele\u017e v 5% ali ve\u010d dru\u017ebe<\/li>\n<li> Pla\u010dilo za\u010detne pristojbine in \u010dlanarine<\/li>\n<\/ul>\n<p>Potencialni \u010dlani so 30 dni objavljeni na spletnem mestu IAM, kjer si jih lahko ogledajo sedanji \u010dlani IAM, po koncu tega obdobja pa je \u010dlanstvo potrjeno.<\/p>\n<p><strong>Nekatera podjetja \u010dlanice<\/strong><\/p>\n<ul>\n<li> <a href=\"https:\/\/moverdb.com\/sl\/aires\/\">Aires<\/a><\/li>\n<li> <a href=\"https:\/\/moverdb.com\/sl\/matthew-james\/\">Matthew James Global Relocations<\/a><\/li>\n<li> <a href=\"https:\/\/moverdb.com\/sl\/santa-fe-relokacija\/\">Santa Fe selitvene storitve<\/a><\/li>\n<li> <a href=\"https:\/\/moverdb.com\/sl\/sterling-relokacija\/\">Premestitev podjetja Sterling<\/a><\/li>\n<li> <a href=\"https:\/\/moverdb.com\/sl\/cadogan-tate\/\">Cadogan Tate<\/a><\/li>\n<li> <a href=\"https:\/\/moverdb.com\/sl\/harrow-green\/\">Harrow Green<\/a><\/li>\n<li> <a href=\"https:\/\/moverdb.com\/sl\/team-relocations\/\">Premestitve ekipe<\/a><\/li>\n<li> <a href=\"https:\/\/moverdb.com\/sl\/mcgimpsey-brothers-removals\/\">Premiki bratov McGimpsey<\/a><\/li>\n<li> <a href=\"https:\/\/moverdb.com\/sl\/drustvo-shore-porters-society\/\">Dru\u0161tvo obalnih nosa\u010dev<\/a><\/li>\n<li> <a href=\"https:\/\/moverdb.com\/sl\/nippon-express\/\">Nippon Express<\/a><\/li>\n<li> <a href=\"https:\/\/moverdb.com\/sl\/sirva\/\">Sirva<\/a><\/li>\n<li> <a href=\"https:\/\/moverdb.com\/sl\/kronske-premestitve\/\">Premestitve kro\u0161enj<\/a><\/li>\n<li> <a href=\"https:\/\/moverdb.com\/sl\/shipco-transport\/\">Shipco Transport<\/a><\/li>\n<li> <a href=\"https:\/\/moverdb.com\/sl\/conroy-removals\/\">Conroy Removals<\/a><\/li>\n<li> <a href=\"https:\/\/moverdb.com\/sl\/bolliger\/\">Bolliger<\/a><\/li>\n<li> <a href=\"https:\/\/moverdb.com\/sl\/island-movers\/\">Otok Movers<\/a><\/li>\n<li> <a href=\"https:\/\/moverdb.com\/sl\/gil-stauffer\/\">Gil Stauffer<\/a><\/li>\n<li> <a href=\"https:\/\/moverdb.com\/sl\/royal-hawaiian-movers\/\">Royal Hawaiian Movers<\/a><\/li>\n<li> <a href=\"https:\/\/moverdb.com\/sl\/teletrans\/\">Teletrans<\/a><\/li>\n<\/ul>\n<p><strong>Mnenja o Mednarodnem zdru\u017eenju movers:<\/strong><\/p>\n<p>IAM je naveden na \u0161tevilnih spletnih straneh, ki pogosto omenjajo njegovo globalno naravo in \u0161tevilo \u010dlanov. <\/p>\n<p>Mnogi se osredoto\u010dajo na dejstvo, da gre za najve\u010dje pano\u017eno zdru\u017eenje, in na obseg njegovega dosega - da je resni\u010dno globalno, saj ima \u010dlane tudi na najbolj oddaljenih koncih sveta. Na eni od spletnih strani je navedeno tudi, da \u010dlanstvo v zdru\u017eenju IAM pomaga <a href=\"https:\/\/moverdb.com\/sl\/moving-companies\/\" data-internallinksmanager029f6b8e52c=\"79\" title=\"Top 25 Mednarodne selitve podjetja Online\">selitvena podjetja<\/a> da ga stranke najdejo, in da je pokazatelj podjetja, ki lahko zagotavlja odli\u010dne storitve. <\/p>\n<p>Na splo\u0161no se zdi, da je zdru\u017eenje znak kakovosti in koristno orodje za \u0161irjenje poslovanja in mre\u017e.<\/p>\n<blockquote><p>\u010clani po vsem svetu, ki so vklju\u010deni v vsakodnevni prevoz gospodinjskih predmetov in osebnih predmetov, so tako raznoliki, kot so raznoliki sestavni deli same mednarodne selitve. Prevoz ter izmenjava blaga in storitev sta bistvena gonilna sila dana\u0161nje svetovne gospodarske rasti.\n<\/p><\/blockquote>\n<p>- <a href=\"http:\/\/www.abels.co.uk\/articles\/international-association-of-movers-iam-what-is-this\/\" target=\"_blank\" rel=\"noopener\">Abels<\/a><\/p>\n<blockquote><p>IAM je globalno zdru\u017eenje prevoznikov in \u0161pediterjev, ki si prizadeva strankam zagotoviti najvi\u0161jo raven storitev.<\/p><\/blockquote>\n<p>- <a href=\"http:\/\/www.amjbc.ca\/international-moving-services\/\" target=\"_blank\" rel=\"noopener\">AMJ Campbell po vsem svetu<\/a><\/p>\n<blockquote><p>\u010clanstvo IAM je resni\u010dno globalno Na vseh koncih sveta lahko najdete prevoznike IAM. To nam pomaga, da lahko svojim strankam ponudimo resni\u010dno storitev od vrat do vrat. Od doma do doma, kot radi re\u010demo.<\/p><\/blockquote>\n<p>- <a href=\"http:\/\/hometohome.nl\/2016\/02\/12\/iam-international-association-of-movers\/\" target=\"_blank\" rel=\"noopener\">Od doma do doma<\/a><\/p>\n<p><strong>Spletna stran:<\/strong> <a href=\"http:\/\/www.iamovers.org\/\" target=\"_blank\" rel=\"noopener\">http:\/\/www.iamovers.org<\/a><\/p>","protected":false},"excerpt":{"rendered":"<p>The International Association of Movers (IAM) is a global trade body with members who provide moving, forwarding, shipping, logistics, and related services. It is the largest international trade association for the industry, originally founded by charter businesses that were doing business with the US government. Key facts about the IAM: Represents more than 2,000 companies [&hellip;]<\/p>\n","protected":false},"author":1,"featured_media":0,"parent":0,"menu_order":0,"comment_status":"closed","ping_status":"closed","template":"","meta":{"_genesis_hide_title":false,"_genesis_hide_breadcrumbs":false,"_genesis_hide_singular_image":false,"_genesis_hide_footer_widgets":false,"_genesis_custom_body_class":"","_genesis_custom_post_class":"","_genesis_layout":"","footnotes":""},"class_list":{"0":"post-431","1":"page","2":"type-page","3":"status-publish","5":"entry"},"_links":{"self":[{"href":"https:\/\/moverdb.com\/sl\/wp-json\/wp\/v2\/pages\/431","targetHints":{"allow":["GET"]}}],"collection":[{"href":"https:\/\/moverdb.com\/sl\/wp-json\/wp\/v2\/pages"}],"about":[{"href":"https:\/\/moverdb.com\/sl\/wp-json\/wp\/v2\/types\/page"}],"author":[{"embeddable":true,"href":"https:\/\/moverdb.com\/sl\/wp-json\/wp\/v2\/users\/1"}],"replies":[{"embeddable":true,"href":"https:\/\/moverdb.com\/sl\/wp-json\/wp\/v2\/comments?post=431"}],"version-history":[{"count":24,"href":"https:\/\/moverdb.com\/sl\/wp-json\/wp\/v2\/pages\/431\/revisions"}],"predecessor-version":[{"id":13162,"href":"https:\/\/moverdb.com\/sl\/wp-json\/wp\/v2\/pages\/431\/revisions\/13162"}],"wp:attachment":[{"href":"https:\/\/moverdb.com\/sl\/wp-json\/wp\/v2\/media?parent=431"}],"curies":[{"name":"wp","href":"https:\/\/api.w.org\/{rel}","templated":true}]}}