{"id":430,"date":"2016-06-08T14:50:20","date_gmt":"2016-06-08T14:50:20","guid":{"rendered":"http:\/\/moverdb.com\/?page_id=430"},"modified":"2026-01-08T14:47:52","modified_gmt":"2026-01-08T14:47:52","slug":"bar-overseas","status":"publish","type":"page","link":"https:\/\/moverdb.com\/sl\/bar-overseas\/","title":{"rendered":"Pojasnila o skupini British Association of Removers (BAR) Overseas Group"},"content":{"rendered":"<p><a href=\"https:\/\/moverdb.com\/sl\/british-association-of-removers\/\" data-internallinksmanager029f6b8e52c=\"9\" title=\"Pojasnila o Britanskem zdru\u017eenju izvajalcev selitev (BAR)\">BAR<\/a> Skupina Overseas je del skupine <a href=\"https:\/\/moverdb.com\/sl\/britansko-zdruzenje-odstranjevalcev\/\">Britansko zdru\u017eenje odstranjevalcev<\/a> (BAR), trgovinsko zdru\u017eenje. <\/p>\n<p>Tako kot mati\u010dna organizacija si prizadeva za spodbujanje strokovne odli\u010dnosti v panogi selitev in ima posebne izku\u0161nje z delnimi in <a href=\"https:\/\/moverdb.com\/sl\/kontejnersko-posiljanje\/\">po\u0161iljke polnih zabojnikov<\/a> po vsem svetu in blago, ki prihaja v <a href=\"https:\/\/moverdb.com\/sl\/moving-to-the-uk\/\" data-internallinksmanager029f6b8e52c=\"93\" title=\"Selitev v Zdru\u017eeno kraljestvo? 2022 \u017divljenjski stro\u0161ki in nasveti za selitev\">ZDRU\u017dENO KRALJESTVO<\/a> iz tujine.<\/p>\n<p><strong>Klju\u010dna dejstva o skupini BAR Overseas:<\/strong><\/p>\n<ol>\n<li>  BAR Overseas sestavlja skupina 50 strokovnjakov iz Zdru\u017eenega kraljestva. <a href=\"https:\/\/moverdb.com\/sl\/selitev-podjetja\/\">podjetja<\/a> ki so specializirani za vse vidike <a href=\"https:\/\/moverdb.com\/sl\/mednarodne-selitve\/\">prekomorske in mednarodne selitve<\/a> in premestitve.<\/li>\n<li>  \u010clani se vklju\u010dijo v shemo jamstva za vnaprej\u0161nja pla\u010dila, ki je namenjena za\u0161\u010diti vseh predpla\u010dil strank.<\/li>\n<li>  \u010clani so strokovna podjetja, ki so zavezana najvi\u0161jim standardom storitev in so specializirana za selitve v tujino.<\/li>\n<li>  Skupina BAR Overseas Group od svojih \u010dlanov zahteva visoke standarde glede elementov, kot so usposabljanje osebja, vozila in oprema, obiski na kraju samem pa so lahko naklju\u010dni.<\/li>\n<li>  Standard kakovosti BS 8564 je razvila skupina BAR Overseas Group v sodelovanju z BSI (British Standards Institution). Vsi \u010dlani ga morajo imeti.<\/li>\n<li>  Jamstvo za vnaprej\u0161nje pla\u010dilo BAR \u0161\u010diti stranke - \u010de ima selitev, ki jo je stranka rezervirala, finan\u010dne te\u017eave, jo prevzame drug selitveni delavec in zagotovi, da bo delo opravljeno brez dodatnih stro\u0161kov. <a href=\"https:\/\/moverdb.com\/sl\/stroski-selitve\/\">stro\u0161ki<\/a> stranki.<\/li>\n<\/ol>\n<p><strong>Profil organizacije:<\/strong><\/p>\n<p>BAR je najstarej\u0161e strokovno zdru\u017eenje v sektorju selitev in <strong>Skupina Overseas<\/strong> je zasnovan tako, da bo raz\u0161iril svoj doseg iz Zdru\u017eenega kraljestva na destinacije po vsem svetu. <\/p>\n<p>V skupino se lahko v\u010dlanijo le tisti, ki \u017ee imajo \u010dlanstvo BAR, vendar to ne zagotavlja, da bodo sprejeti v skupino za tujino. Vizija skupine je, da bi njeni \u010dlani postali zaupanja vredni izvajalci selitev za delo v tujini v panogi ter da bi spodbujali in razvijali najbolj\u0161e strokovne prakse selitev v tujini.<\/p>\n<p><strong>Merila za \u010dlanstvo:<\/strong><\/p>\n<ul>\n<li> \u010clani morajo \u017ee biti \u010dlani zdru\u017eenja BAR.<\/li>\n<li> \u010clani morajo biti vklju\u010deni v odobreno shemo vnaprej\u0161njega jamstva za pla\u010dila (APG).<\/li>\n<li> \u010clani morajo imeti <a href=\"https:\/\/moverdb.com\/sl\/fidi-faim\/\">FIDI-FAIM<\/a>ali BS 8564 (standard za prekomorske selitve) ali enakovreden ali vi\u0161ji standard, ki je bil odobren z zunanjo revizijo.<\/li>\n<\/ul>\n<p><strong>Vzor\u010dna podjetja \u010dlanice:<\/strong><\/p>\n<ul>\n<li> <a href=\"https:\/\/moverdb.com\/sl\/harrow-green\/\">Harrow Green<\/a><\/li>\n<li> <a href=\"https:\/\/moverdb.com\/sl\/anglo-pacifiski\/\">Anglo Pacific<\/a><\/li>\n<li> <a href=\"https:\/\/moverdb.com\/sl\/matthew-james\/\">Matthew James<\/a><\/li>\n<li> <a href=\"https:\/\/moverdb.com\/sl\/drustvo-shore-porters-society\/\">Dru\u0161tvo obalnih nosa\u010dev<\/a><\/li>\n<li> <a href=\"https:\/\/moverdb.com\/sl\/pss-removals\/\">PSS Mednarodna selitev<\/a><\/li>\n<\/ul>\n<p><strong>Mnenja o skupini BAR Overseas<\/strong><\/p>\n<p>Za BAR Overseas velja, da ima stroga merila za \u010dlanstvo, \u010dlani pa so redno pregledovani, da se zagotovi, da standardi ne padajo. Ugled zdru\u017eenja temelji na celovitem pregledu \u010dlanov, ki vklju\u010duje vse od poslovanja do objektov. <\/p>\n<p>Sistem finan\u010dnega zavarovanja je za \u010dlane velika prednost, saj lahko strankam nudijo dodatno finan\u010dno za\u0161\u010dito. BAR Overseas ima koristi od obstoje\u010dega ugleda britanskega zdru\u017eenja selitvenih delavcev in velja za standard kakovosti za selitve v tujini. <\/p>\n<p>Eno od podjetij poudarja, da je v Zdru\u017eenem kraljestvu le 50-60 podjetij, ki izpolnjujejo merila za pridru\u017eitev skupini BAR Overseas Group, in to je eden od razlogov, zakaj je pridobitev \u010dlanstva tak\u0161en dose\u017eek.<\/p>\n<blockquote><p>\u010clani morajo izpolnjevati stroge standarde in so redno pregledovani, da bi zagotovili, da njihovi objekti, oprema, usposabljanje osebja in operativni postopki ostajajo na najvi\u0161ji ravni.<\/p><\/blockquote>\n<p>- <a href=\"http:\/\/www.abels.co.uk\/european-removals-moving-to-europe\/bar-overseas-group-what-is-this\/\" target=\"_blank\" rel=\"noopener\">Abels<\/a><\/p>\n<blockquote><p>Skupina BAR Overseas Group je za za\u0161\u010dito strank vzpostavila shemo predpla\u010dil IMMI (International Movers Mutual Insurance).<\/p><\/blockquote>\n<p>- <a href=\"http:\/\/www.johnmason.com\/about-us\/accreditations\/bar-overseas-group\/\" target=\"_blank\" rel=\"noopener\">JohnMason<\/a> <\/p>\n<blockquote><p>Skupina BAR Overseas Group je specializirana sekcija Britanskega zdru\u017eenja izvajalcev selitev, katere \u010dlani so strokovnjaki na vseh podro\u010djih selitev v tujino. Stroga merila za \u010dlanstvo in zahtevne standarde, ki se zahtevajo od \u010dlanov, izpolnjuje manj kot 60 podjetij v Zdru\u017eenem kraljestvu.<\/p><\/blockquote>\n<p>- <a href=\"http:\/\/www.simpsons-uk.com\/removals_accreditations\/overseas_group\" target=\"_blank\" rel=\"noopener\">Simpsonovi<\/a><\/p>\n<p><strong>Spletna stran:<\/strong> <a href=\"http:\/\/www.baroverseas.co.uk\/\" target=\"_blank\" rel=\"noopener\">http:\/\/www.baroverseas.co.uk\/<\/a><\/p>","protected":false},"excerpt":{"rendered":"<p>BAR Overseas Group is part of the British Association of Removers (BAR), a Trade Association. Just like its parent organisation, it is dedicated to promoting professional excellence in the removals industry and has particular experience dealing with part and full container load shipments worldwide and goods coming into the UK from abroad. Key facts about [&hellip;]<\/p>\n","protected":false},"author":1,"featured_media":0,"parent":0,"menu_order":0,"comment_status":"closed","ping_status":"closed","template":"","meta":{"_genesis_hide_title":false,"_genesis_hide_breadcrumbs":false,"_genesis_hide_singular_image":false,"_genesis_hide_footer_widgets":false,"_genesis_custom_body_class":"","_genesis_custom_post_class":"","_genesis_layout":"","footnotes":""},"class_list":{"0":"post-430","1":"page","2":"type-page","3":"status-publish","5":"entry"},"_links":{"self":[{"href":"https:\/\/moverdb.com\/sl\/wp-json\/wp\/v2\/pages\/430","targetHints":{"allow":["GET"]}}],"collection":[{"href":"https:\/\/moverdb.com\/sl\/wp-json\/wp\/v2\/pages"}],"about":[{"href":"https:\/\/moverdb.com\/sl\/wp-json\/wp\/v2\/types\/page"}],"author":[{"embeddable":true,"href":"https:\/\/moverdb.com\/sl\/wp-json\/wp\/v2\/users\/1"}],"replies":[{"embeddable":true,"href":"https:\/\/moverdb.com\/sl\/wp-json\/wp\/v2\/comments?post=430"}],"version-history":[{"count":16,"href":"https:\/\/moverdb.com\/sl\/wp-json\/wp\/v2\/pages\/430\/revisions"}],"predecessor-version":[{"id":6187,"href":"https:\/\/moverdb.com\/sl\/wp-json\/wp\/v2\/pages\/430\/revisions\/6187"}],"wp:attachment":[{"href":"https:\/\/moverdb.com\/sl\/wp-json\/wp\/v2\/media?parent=430"}],"curies":[{"name":"wp","href":"https:\/\/api.w.org\/{rel}","templated":true}]}}