{"id":42,"date":"2016-03-19T18:09:36","date_gmt":"2016-03-19T18:09:36","guid":{"rendered":"http:\/\/moverdb.com\/?page_id=42"},"modified":"2026-01-08T15:20:50","modified_gmt":"2026-01-08T15:20:50","slug":"pogoji-uporabe","status":"publish","type":"page","link":"https:\/\/moverdb.com\/sl\/terms-of-use\/","title":{"rendered":"Pogoji uporabe"},"content":{"rendered":"<p><strong>PRED UPORABO TEGA SPLETNEGA MESTA JIH NATAN\u010cNO PREBERITE.<\/strong><\/p>\n<p>Dobrodo\u0161li na MoverDB.com. \u010ce nadaljujete z brskanjem in uporabo tega spletnega mesta, se strinjate, da boste upo\u0161tevali naslednje pogoje uporabe, ki so skupaj z na\u0161imi <a href=\"https:\/\/MoverDB.com\/privacy-policy\/\" target=\"_blank\" rel=\"noopener\">politika zasebnosti<\/a> ureja odnos MoverDB.com z vami v zvezi s tem spletnim mestom. \u010ce se ne strinjate s katerim koli delom teh pogojev, ne uporabljajte na\u0161ega spletnega mesta.<\/p>\n<p>Ti pogoji uporabe skupaj z drugimi spodaj navedenimi dokumenti dolo\u010dajo pogoje, pod katerimi lahko uporabljate spletno mesto https:\/\/MoverDB.com\/ (\"na\u0161e spletno mesto\"). <\/p>\n<p>Drugi pomembni dokumenti <\/p>\n<p>Pogoji uporabe se nana\u0161ajo na na\u0161e <a href=\"https:\/\/MoverDB.com\/privacy-policy\/\" target=\"_blank\" rel=\"noopener\">Pravilnik o zasebnosti<\/a>, ki dolo\u010dajo pogoje, pod katerimi obdelujemo vse osebne podatke, ki nam jih posredujete. <a href=\"https:\/\/moverdb.com\/sl\/moving-to-the-united-states\/\" data-internallinksmanager029f6b8e52c=\"94\" title=\"Selitev v Zdru\u017eene dr\u017eave Amerike? 2022 \u017divljenjski stro\u0161ki in nasveti za selitev\">nas<\/a>ali ki jih zberemo od vas. Preberete lahko tudi na\u0161 celoten <a href=\"https:\/\/moverdb.com\/sl\/politika-obdelave-podatkov\/\">Politika obdelave podatkov<\/a>. Z uporabo na\u0161ega spletnega mesta se strinjate s tak\u0161no obdelavo.<\/p>\n<p>Za uporabo tega spletnega mesta veljajo naslednji pogoji uporabe:<\/p>\n<ul>\n<li>Vsebina strani tega spletnega mesta je namenjena le splo\u0161ni informaciji in uporabi. Lahko se spremeni brez predhodnega obvestila.<\/li>\n<li> Z izpolnitvijo obrazca za ponudbo se strinjate, da lahko te podatke posredujemo tretjim osebam, da vam pomagamo pridobiti najbolj\u0161o ponudbo za primerjavo cen za va\u0161o mednarodno selitev.<\/li>\n<li>To spletno mesto uporablja pi\u0161kotke za spremljanje nastavitev brskanja. \u010ce dovolite uporabo pi\u0161kotkov, lahko shranimo osebne podatke, ki jih bodo uporabljale tretje osebe.<\/li>\n<li> Niti mi niti tretje osebe ne dajemo nobenega jamstva ali garancije glede to\u010dnosti, pravo\u010dasnosti, u\u010dinkovitosti, popolnosti ali primernosti informacij in gradiv, ki jih najdete ali ponujate na tem spletnem mestu, za kakr\u0161en koli dolo\u010den namen. Potrjujete, da lahko tak\u0161ne informacije in gradiva vsebujejo neto\u010dnosti ali napake, mi pa izrecno izklju\u010dujemo odgovornost za tak\u0161ne neto\u010dnosti ali napake v najve\u010djem zakonsko dovoljenem obsegu.<\/li>\n<li> Informacije ali gradivo na tem spletnem mestu uporabljate na lastno odgovornost, za katero ne odgovarjamo. Sami ste odgovorni za to, da se prepri\u010date, da kateri koli izdelki, storitve ali informacije, ki so na voljo na tem spletnem mestu, izpolnjujejo va\u0161e posebne zahteve.<\/li>\n<li> To spletno mesto vsebuje gradivo, ki je v na\u0161i lasti ali z licenco. To gradivo med drugim vklju\u010duje zasnovo, postavitev, videz in grafiko. Razmno\u017eevanje je prepovedano, razen v skladu z obvestilom o avtorskih pravicah, ki je del teh pogojev.<\/li>\n<li> Nepoobla\u0161\u010dena uporaba tega spletnega mesta je lahko podlaga za od\u0161kodninski zahtevek in\/ali kaznivo dejanje.<\/li>\n<li> To spletno mesto lahko ob\u010dasno vsebuje tudi povezave do drugih spletnih mest. Te povezave so na voljo za va\u0161e udobje, da vam zagotovijo dodatne informacije. Ne pomenijo, da spletno(-a) mesto(-a) podpiramo. Za vsebino povezanih spletnih mest nismo odgovorni.<\/li>\n<\/ul>","protected":false},"excerpt":{"rendered":"<p>PLEASE READ THESE CAREFULLY BEFORE USING THIS WEBSITE. Welcome to MoverDB.com. If you continue to browse and use this website, you are agreeing to comply with and be bound by the following terms and conditions of use, which together with our privacy policy govern MoverDB.com&#8217;s relationship with you in relation to this website. If you [&hellip;]<\/p>\n","protected":false},"author":1,"featured_media":0,"parent":0,"menu_order":0,"comment_status":"closed","ping_status":"closed","template":"","meta":{"_genesis_hide_title":false,"_genesis_hide_breadcrumbs":false,"_genesis_hide_singular_image":false,"_genesis_hide_footer_widgets":false,"_genesis_custom_body_class":"","_genesis_custom_post_class":"","_genesis_layout":"","footnotes":""},"class_list":{"0":"post-42","1":"page","2":"type-page","3":"status-publish","5":"entry"},"_links":{"self":[{"href":"https:\/\/moverdb.com\/sl\/wp-json\/wp\/v2\/pages\/42","targetHints":{"allow":["GET"]}}],"collection":[{"href":"https:\/\/moverdb.com\/sl\/wp-json\/wp\/v2\/pages"}],"about":[{"href":"https:\/\/moverdb.com\/sl\/wp-json\/wp\/v2\/types\/page"}],"author":[{"embeddable":true,"href":"https:\/\/moverdb.com\/sl\/wp-json\/wp\/v2\/users\/1"}],"replies":[{"embeddable":true,"href":"https:\/\/moverdb.com\/sl\/wp-json\/wp\/v2\/comments?post=42"}],"version-history":[{"count":5,"href":"https:\/\/moverdb.com\/sl\/wp-json\/wp\/v2\/pages\/42\/revisions"}],"predecessor-version":[{"id":3243,"href":"https:\/\/moverdb.com\/sl\/wp-json\/wp\/v2\/pages\/42\/revisions\/3243"}],"wp:attachment":[{"href":"https:\/\/moverdb.com\/sl\/wp-json\/wp\/v2\/media?parent=42"}],"curies":[{"name":"wp","href":"https:\/\/api.w.org\/{rel}","templated":true}]}}