{"id":414,"date":"2016-07-03T15:12:27","date_gmt":"2016-07-03T15:12:27","guid":{"rendered":"http:\/\/moverdb.com\/?page_id=414"},"modified":"2026-01-08T14:39:56","modified_gmt":"2026-01-08T14:39:56","slug":"stroski-selitve","status":"publish","type":"page","link":"https:\/\/moverdb.com\/sl\/moving-costs\/","title":{"rendered":"Stro\u0161ki mednarodnih selitev: 9 stvari, ki jih ne smete prezreti"},"content":{"rendered":"<p><img loading=\"lazy\" decoding=\"async\" src=\"https:\/\/moverdb.com\/wp-content\/uploads\/International-Moving-Costs.jpg\" alt=\"Stro\u0161ki mednarodnih selitev\" width=\"720\" height=\"477\" class=\"aligncenter size-full wp-image-780\" srcset=\"https:\/\/moverdb.com\/wp-content\/uploads\/International-Moving-Costs.jpg 720w, https:\/\/moverdb.com\/wp-content\/uploads\/International-Moving-Costs-300x200.jpg 300w, https:\/\/moverdb.com\/wp-content\/uploads\/International-Moving-Costs-600x398.jpg 600w\" sizes=\"auto, (max-width: 720px) 100vw, 720px\" \/><\/p>\n<p>Veliko ljudi, ki se preselijo v tujino, je presene\u010denih, kako visoki so lahko stro\u0161ki mednarodne selitve. V nadaljevanju predstavljamo \u0161tevilne pri\u010dakovane in nepri\u010dakovane stro\u0161ke, s katerimi se lahko soo\u010dite, ter na\u010dine, kako prihraniti denar. <\/p>\n<div id=\"ez-toc-container\" class=\"ez-toc-v2_0_82_2 ez-toc-wrap-left counter-hierarchy ez-toc-counter ez-toc-transparent ez-toc-container-direction\">\n<div class=\"ez-toc-title-container\">\n<p class=\"ez-toc-title\" style=\"cursor:inherit\">Oddelki<\/p>\n<span class=\"ez-toc-title-toggle\"><a href=\"#\" class=\"ez-toc-pull-right ez-toc-btn ez-toc-btn-xs ez-toc-btn-default ez-toc-toggle\" aria-label=\"Toggle Tabela vsebine\"><span class=\"ez-toc-js-icon-con\"><span class=\"\"><span class=\"eztoc-hide\" style=\"display:none;\">Toggle<\/span><span class=\"ez-toc-icon-toggle-span\"><svg style=\"fill: #999;color:#999\" xmlns=\"http:\/\/www.w3.org\/2000\/svg\" class=\"list-377408\" width=\"20px\" height=\"20px\" viewbox=\"0 0 24 24\" fill=\"none\"><path d=\"M6 6H4v2h2V6zm14 0H8v2h12V6zM4 11h2v2H4v-2zm16 0H8v2h12v-2zM4 16h2v2H4v-2zm16 0H8v2h12v-2z\" fill=\"currentColor\"><\/path><\/svg><svg style=\"fill: #999;color:#999\" class=\"arrow-unsorted-368013\" xmlns=\"http:\/\/www.w3.org\/2000\/svg\" width=\"10px\" height=\"10px\" viewbox=\"0 0 24 24\" version=\"1.2\" baseprofile=\"tiny\"><path d=\"M18.2 9.3l-6.2-6.3-6.2 6.3c-.2.2-.3.4-.3.7s.1.5.3.7c.2.2.4.3.7.3h11c.3 0 .5-.1.7-.3.2-.2.3-.5.3-.7s-.1-.5-.3-.7zM5.8 14.7l6.2 6.3 6.2-6.3c.2-.2.3-.5.3-.7s-.1-.5-.3-.7c-.2-.2-.4-.3-.7-.3h-11c-.3 0-.5.1-.7.3-.2.2-.3.5-.3.7s.1.5.3.7z\"\/><\/svg><\/span><\/span><\/span><\/a><\/span><\/div>\n<nav><ul class='ez-toc-list ez-toc-list-level-1 eztoc-toggle-hide-by-default' ><li class='ez-toc-page-1 ez-toc-heading-level-2'><a class=\"ez-toc-link ez-toc-heading-1\" href=\"https:\/\/moverdb.com\/sl\/moving-costs\/#1_Moving_Transportation_Costs\" >1. Stro\u0161ki selitve in prevoza<\/a><\/li><li class='ez-toc-page-1 ez-toc-heading-level-2'><a class=\"ez-toc-link ez-toc-heading-2\" href=\"https:\/\/moverdb.com\/sl\/moving-costs\/#2_Packing_Unpacking_Costs\" >2. Stro\u0161ki pakiranja in razpakiranja<\/a><\/li><li class='ez-toc-page-1 ez-toc-heading-level-2'><a class=\"ez-toc-link ez-toc-heading-3\" href=\"https:\/\/moverdb.com\/sl\/moving-costs\/#3_Moving_Insurance_Costs\" >3. Stro\u0161ki zavarovanja za selitev<\/a><\/li><li class='ez-toc-page-1 ez-toc-heading-level-2'><a class=\"ez-toc-link ez-toc-heading-4\" href=\"https:\/\/moverdb.com\/sl\/moving-costs\/#4_Storage_Costs\" >4. Stro\u0161ki skladi\u0161\u010denja<\/a><\/li><li class='ez-toc-page-1 ez-toc-heading-level-2'><a class=\"ez-toc-link ez-toc-heading-5\" href=\"https:\/\/moverdb.com\/sl\/moving-costs\/#5Customs_Duty_Charges_Taxes\" >5.Carinske dajatve in davki<\/a><\/li><li class='ez-toc-page-1 ez-toc-heading-level-2'><a class=\"ez-toc-link ez-toc-heading-6\" href=\"https:\/\/moverdb.com\/sl\/moving-costs\/#6_Visa_Fees\" >6. Vizumske pristojbine<\/a><\/li><li class='ez-toc-page-1 ez-toc-heading-level-2'><a class=\"ez-toc-link ez-toc-heading-7\" href=\"https:\/\/moverdb.com\/sl\/moving-costs\/#7_Lawyer_Fees\" >7. Odvetni\u0161ki stro\u0161ki<\/a><\/li><li class='ez-toc-page-1 ez-toc-heading-level-2'><a class=\"ez-toc-link ez-toc-heading-8\" href=\"https:\/\/moverdb.com\/sl\/moving-costs\/#8_Housing_Costs\" >8. Stanovanjski stro\u0161ki<\/a><\/li><li class='ez-toc-page-1 ez-toc-heading-level-2'><a class=\"ez-toc-link ez-toc-heading-9\" href=\"https:\/\/moverdb.com\/sl\/moving-costs\/#9_Other_Costs\" >9. Drugi stro\u0161ki<\/a><\/li><\/ul><\/nav><\/div>\n<h2><span class=\"ez-toc-section\" id=\"1_Moving_Transportation_Costs\"><\/span>1. Stro\u0161ki selitve in prevoza<span class=\"ez-toc-section-end\"><\/span><\/h2>\n<p>Najve\u010dji stro\u0161ek, s katerim se boste soo\u010dili, je najem <a href=\"https:\/\/moverdb.com\/sl\/selitev-podjetja\/\">mednarodna selitev podjetja<\/a> za selitev va\u0161ega blaga iz hi\u0161e v dr\u017eavi A v nov dom v dr\u017eavi B. Podjetja lahko primerjate prek zgornjega obrazca.<\/p>\n<p>Stro\u0161ki so odvisni od nekaj glavnih dejavnikov:<\/p>\n<ul>\n<li> <strong>Velikost poteze:<\/strong> Ve\u010dja kot je selitev, dra\u017eja je. To velja tako za te\u017eo kot prostornino. Storitve zbirnega prevoza lahko to ceno zmanj\u0161ajo, \u010de nimate dovolj blaga za poln tovor.<\/li>\n<li> <strong>Oddaljenost:<\/strong> Dlje kot se boste morali preseliti, dra\u017eje bo.<\/li>\n<li> <strong>Pot:<\/strong> Nekatere destinacije so zelo pogoste, druge pa zelo redke. Na primer, mednarodne selitve med <a href=\"https:\/\/moverdb.com\/sl\/moving-to-canada\/\" data-internallinksmanager029f6b8e52c=\"265\" title=\"Selitev v Kanado? 2023 \u017divljenjski stro\u0161ki in nasveti za selitev\">Kanada<\/a> in <a href=\"https:\/\/moverdb.com\/sl\/moving-to-the-united-states\/\" data-internallinksmanager029f6b8e52c=\"94\" title=\"Selitev v Zdru\u017eene dr\u017eave Amerike? 2022 \u017divljenjski stro\u0161ki in nasveti za selitev\">Zdru\u017eene dr\u017eave Amerike<\/a> ali znotraj Evrope so pogoste in te poti so zaradi konkurence na splo\u0161no cenej\u0161e od manj pogostih.<\/li>\n<li> <strong>Na\u010din prevoza:<\/strong> Na\u010din, ki ga izberete za prevoz blaga, je pomemben dejavnik pri kon\u010dni ceni, ki jo boste pla\u010dali. Po\u0161iljanje po morju je najcenej\u0161a mo\u017enost, po\u0161iljanje po zraku pa najdra\u017eja. Tovornjaki skoraj vedno opravijo prvi in zadnji del selitve, ne glede na vmesne metode.<\/li>\n<\/ul>\n<p>Ker je pomorski prevoz najcenej\u0161a mo\u017enost, se nekateri odlo\u010dijo za neposredni prevoz z <a href=\"https:\/\/moverdb.com\/sl\/ladjarska-podjetja\/\">mednarodno ladjarsko podjetje<\/a>. \u010ceprav je to lahko v\u010dasih cenej\u0161e, ve\u010dina teh podjetij v resnici ni pripravljena za selitve domov, temve\u010d se ukvarjajo predvsem s <a href=\"https:\/\/moverdb.com\/sl\/spediter\/\">prevoz tovora<\/a>.    <\/p>\n<p>\u010ce \u017eelite bolje razumeti stro\u0161ke selitve in prevoza, si lahko preberete tudi na\u0161 vodnik po <a href=\"https:\/\/moverdb.com\/sl\/kontejnersko-posiljanje\/\">Stro\u0161ki mednarodnega po\u0161iljanja zabojnikov<\/a> ali pa se takoj lotite pridobivanja <a href=\"https:\/\/moverdb.com\/sl\/citati\/\">mednarodne selitvene ponudbe<\/a>.<\/p>\n<p><strong>Obi\u010dajni stro\u0161ki:<\/strong> Od <strong>$1,000<\/strong> USD (750 \u00a3; 900 \u20ac) in lahko zlahka prese\u017ee $10.000 pri selitvah na dolge razdalje v tujino.<\/p>\n<h2><span class=\"ez-toc-section\" id=\"2_Packing_Unpacking_Costs\"><\/span>2. Stro\u0161ki pakiranja in razpakiranja<span class=\"ez-toc-section-end\"><\/span><\/h2>\n<p>\u010ceprav niso vsi <a href=\"https:\/\/moverdb.com\/sl\/moving-companies\/\" data-internallinksmanager029f6b8e52c=\"79\" title=\"Top 25 Mednarodne selitve podjetja Online\">selitvena podjetja<\/a> zara\u010dunajo dodatno pla\u010dilo za pakiranje in razpakiranje, jih veliko to stori. Glede na dr\u017eavo, v katero se selite, morda ne boste imeli izbire, ali boste morali pla\u010dati ta stro\u0161ek. Razlog za to je, da morajo carinski dokumenti nekaterih dr\u017eav od selitvenega podjetja zahtevati, da jam\u010di za uvo\u017eeno blago in zagotovi, da se ne po\u0161ilja ni\u010d nezakonitega.<\/p>\n<p>Med nezakonitimi predmeti so o\u010ditni predmeti, kot so droge in oro\u017eje, lahko pa tudi predmeti, ki se jih morda ne zavedate, na primer nekatere rastline ali \u017eivali. Selitvena podjetja, ki so zalotena pri kr\u0161enju zakonodaje, se lahko soo\u010dijo z denarnimi kaznimi ali izgubo licence in s tem zmo\u017enostjo poslovanja v tej dr\u017eavi.<\/p>\n<p>\u010ce se \u017eelite izogniti tem stro\u0161kom ali jih zmanj\u0161ati, se posvetujte s svojim selitvenim podjetjem in preverite, ali lahko kaj storite. V\u010dasih lahko prihranite tako, da stvari zapakirate sami, \u0161katle pa pustite odprte, da jih lahko pregledajo. Vedno pa lahko prihranite tudi na drugi strani, \u010de se odlo\u010dite, da boste stvari v novem domu razpakirali sami. <\/p>\n<p>Ne pozabite, da se pla\u010dilu embala\u017enih materialov, kot so \u0161katle, mehur\u010dki in lepilni trak, ni mogo\u010de izogniti. <\/p>\n<p><strong>Obi\u010dajni stro\u0161ki:<\/strong> Od <strong>$100<\/strong> USD (75 \u00a3, 90 \u20ac), obi\u010dajno pa nekaj sto dolarjev.    <\/p>\n<h2><span class=\"ez-toc-section\" id=\"3_Moving_Insurance_Costs\"><\/span>3. Stro\u0161ki zavarovanja za selitev<span class=\"ez-toc-section-end\"><\/span><\/h2>\n<p>Nekatera podjetja za selitve vklju\u010dujejo zavarovanje v svojo ceno, vendar ne vsa. Natan\u010dno preverite, kaj zavarovanje krije in \u010desa ne. <\/p>\n<p>\u010ce blago po\u0161iljate po morju, se morate prepri\u010dati, da imate sklenjeno pomorsko zavarovanje. Ne glede na vse \u017eelite imeti polico, ki krije celotno vrednost izgube, kraje in\/ali po\u0161kodbe va\u0161ega blaga.   <\/p>\n<p><strong>Obi\u010dajni stro\u0161ki:<\/strong> Od <strong>$100<\/strong> USD (75 \u00a3, 90 \u20ac), vendar je lahko cena precej vi\u0161ja, \u010de gre za prevoz dragocenega, nenavadnega in\/ali redkega blaga.<\/p>\n<h2><span class=\"ez-toc-section\" id=\"4_Storage_Costs\"><\/span>4. Stro\u0161ki skladi\u0161\u010denja<span class=\"ez-toc-section-end\"><\/span><\/h2>\n<p>Pri selitvi v tujino se lahko zgodi, da boste morali poleg obi\u010dajnih stro\u0161kov selitve pla\u010dati tudi za skladi\u0161\u010denje. To je zato, ker je te\u017eko uskladiti datum selitve z datumi po\u0161iljanja, ki jih uporabljajo <a href=\"https:\/\/moverdb.com\/sl\/container-shipping\/\" data-internallinksmanager029f6b8e52c=\"3\" title=\"Mednarodni cenik prevozov zabojnikov: april 2026\">mednarodno po\u0161iljanje<\/a> podjetja. <\/p>\n<p>Tako bo treba va\u0161e blago, ko ne bo v prevozu, nekje shraniti. To upo\u0161tevajte, ko dolo\u010date, kdaj bo va\u0161e blago prispelo.<\/p>\n<p>Morda boste \u017eeleli svoje stvari shraniti, medtem ko boste iskali stanovanje v novi dr\u017eavi. Morda pa boste \u017eeleli pla\u010dati za hrambo stvari do vrnitve, \u010de predvidevate, da bo selitev za\u010dasna.  <\/p>\n<p><strong>Obi\u010dajni stro\u0161ki:<\/strong> Od <strong>$100<\/strong> USD (75 \u00a3, 90 \u20ac) na mesec za majhno eno- ali dvoposteljno stanovanje, cene pa se lahko zvi\u0161ajo. Na sre\u010do je na tem podro\u010dju precej\u0161nja konkurenca, kar pomaga ohranjati cene na nizki ravni. <\/p>\n<h2><span class=\"ez-toc-section\" id=\"5Customs_Duty_Charges_Taxes\"><\/span>5.Carinske dajatve in davki<span class=\"ez-toc-section-end\"><\/span><\/h2>\n<p>\u0160e en majhen stro\u0161ek, ki ga je treba upo\u0161tevati pred selitvijo, so carinske dajatve v dr\u017eavi, v katero se selite. V nekaterih dr\u017eavah, kot so Zdru\u017eene dr\u017eave Amerike, je mogo\u010de ve\u010dino blaga za uporabo v gospodinjstvu preva\u017eati brez carine. <\/p>\n<p>Medtem ko so dr\u017eave, kot so <a href=\"https:\/\/moverdb.com\/sl\/moving-to-the-uk\/\" data-internallinksmanager029f6b8e52c=\"93\" title=\"Selitev v Zdru\u017eeno kraljestvo? 2022 \u017divljenjski stro\u0161ki in nasveti za selitev\">Zdru\u017eeno kraljestvo<\/a> imajo bolj zapletena pravila, ki so odvisna od tega, od kod se selite. Na primer, selitve iz EU (v \u010dasu pisanja tega \u010dlanka) so opro\u0161\u010dene pla\u010dila carine, medtem ko se pri selitvah iz dr\u017eav zunaj EU lahko zara\u010dunajo carina in davki, za katere lahko uveljavljate olaj\u0161ave. <\/p>\n<p>Najpogosteje se carinski stro\u0161ki in dajatve zara\u010dunajo na podlagi vrednosti samega blaga. <\/p>\n<p><strong>Obi\u010dajni stro\u0161ki:<\/strong> Od brezpla\u010dnega do skoraj neomejenega, odvisno od vrednosti in vrste blaga, ki ga boste prinesli s seboj. <\/p>\n<h2><span class=\"ez-toc-section\" id=\"6_Visa_Fees\"><\/span>6. Vizumske pristojbine<span class=\"ez-toc-section-end\"><\/span><\/h2>\n<p>Ko se zaradi dela ali \u0161tudija preselite v drugo dr\u017eavo, morate obi\u010dajno zaprositi za vizum, razen \u010de se selite znotraj EU, ki vam omogo\u010da brezvizumsko gibanje med dr\u017eavami. Delovni in \u0161tudijski vizumi skoraj vedno zahtevajo veliko papirjev in pla\u010dilo v\u010dasih precej visokih pristojbin. <\/p>\n<p>V Zdru\u017eenem kraljestvu na primer nekateri vizumi stanejo ve\u010d kot 1.000 funtov ($1.300 USD; 1.200 EUR). Ne pozabite, da je treba to pristojbino pla\u010dati ob vsakem podalj\u0161anju vizuma. To lahko znatno pove\u010da va\u0161e skupne stro\u0161ke, zato morate to predvideti v prora\u010dunu.<\/p>\n<p><strong>Obi\u010dajni stro\u0161ki:<\/strong> V EU so brezpla\u010dni, v razli\u010dnih dr\u017eavah pa se razlikujejo, vendar lahko zna\u0161ajo tudi ve\u010d tiso\u010d dolarjev na vizum.<\/p>\n<h2><span class=\"ez-toc-section\" id=\"7_Lawyer_Fees\"><\/span>7. Odvetni\u0161ki stro\u0161ki<span class=\"ez-toc-section-end\"><\/span><\/h2>\n<p>Na splo\u0161no lahko vizume in druge carinske dokumente izpolnite sami z nekaj spletnega raziskovanja na vladnih spletnih straneh svoje mati\u010dne dr\u017eave in dr\u017eave, v katero se nameravate preseliti. <\/p>\n<p>Vendar pa se veliko ljudi pri urejanju v\u010dasih zelo zapletenega sveta mednarodnih selitev bolje po\u010duti, \u010de se obrnejo na odvetnika. <\/p>\n<p>Zato se veliko ljudi odlo\u010di najeti odvetnika, da izpolni vse potrebne dokumente, namesto da bi se tega lotili sami. To lahko sicer zagotavlja mir, vendar je lahko povezano s precej\u0161njimi stro\u0161ki. <\/p>\n<p><strong>Obi\u010dajni stro\u0161ki:<\/strong> Cene se zelo razlikujejo glede na dr\u017eavo, obi\u010dajno pa se za\u010dnejo pri najmanj <strong>$100USD\/uro<\/strong> (75 \u00a3, 90 \u20ac), pri \u010demer se pav\u0161alne pristojbine za obi\u010dajne storitve zlahka dvignejo nad <strong>$1,000 USD<\/strong> celo za najosnovnej\u0161e storitve.  <\/p>\n<h2><span class=\"ez-toc-section\" id=\"8_Housing_Costs\"><\/span>8. Stanovanjski stro\u0161ki<span class=\"ez-toc-section-end\"><\/span><\/h2>\n<p>Va\u0161 verjetno najve\u010dji stro\u0161ek v novi dr\u017eavi bo stanovanje. Vendar se zavedajte, da se na\u010din zagotavljanja stanovanj ter davki in pristojbine v posameznih dr\u017eavah lahko zelo razlikujejo. <\/p>\n<p>V ZDA so na primer cene nepremi\u010dnin zunaj velikih obalnih mest izjemno nizke. Kljub temu boste morali vsako leto pla\u010devati davek na nepremi\u010dnine glede na vrednost nepremi\u010dnine, vendar le, \u010de ste lastnik. Ti se gibljejo od 0,28% v <a href=\"https:\/\/moverdb.com\/sl\/moving-to-the-united-states\/moving-to-hawaii\/\" data-internallinksmanager029f6b8e52c=\"403\" title=\"Selitev na Havaje? 2023 \u017divljenjski stro\u0161ki in nasveti za selitev\">Havaji<\/a> do 2,29% v <a href=\"https:\/\/moverdb.com\/sl\/moving-to-the-united-states\/moving-to-new-jersey\/\" data-internallinksmanager029f6b8e52c=\"417\" title=\"Selitev v New Jersey? 2023 \u017divljenjski stro\u0161ki in nasveti za selitev\">New Jersey<\/a>.<\/p>\n<p>Po drugi strani pa dr\u017eave, kot je Zdru\u017eeno kraljestvo, nimajo neposrednih davkov na nepremi\u010dnine. Namesto tega pla\u010dujete <a href=\"https:\/\/www.gov.uk\/stamp-duty-land-tax\/residential-property-rates\" target=\"_blank\" rel=\"noopener\">kolkovina<\/a> pri nakupu porpeta, ki lahko zna\u0161a do 12% nakupne cene (kupec pla\u010da celotno pristojbino, prodajalec ne). Poleg tega morajo tako lastniki stanovanj kot najemniki pla\u010dati <a href=\"https:\/\/www.gov.uk\/council-tax\/working-out-your-council-tax\" target=\"_blank\" rel=\"noopener\">ob\u010dinski davek<\/a> vsako leto na podlagi vrednosti nepremi\u010dnine v letu 1991. V povpre\u010dju zna\u0161a pribli\u017eno 1.200 GBP ($1.600 USD; 1.400 EUR) na leto.<\/p>\n<p>Zato pri iskanju stanovanja ne glejte le na ceno nakupa in\/ali najema nepremi\u010dnine. Prepri\u010dajte se, da razumete vse pristojbine, dajatve in davke, ki jih boste morali pla\u010dati glede na vrsto, lokacijo in najem stanovanja, ki ga boste uporabljali. <\/p>\n<p><strong>Obi\u010dajni stro\u0161ki:<\/strong> Odvisno od dr\u017eave, vendar davki obi\u010dajno ne zna\u0161ajo manj kot $1.000 USD na leto, v dr\u017eavah z odstotnim davkom na nepremi\u010dnine pa so lahko precej vi\u0161ji.    <\/p>\n<h2><span class=\"ez-toc-section\" id=\"9_Other_Costs\"><\/span>9. Drugi stro\u0161ki<span class=\"ez-toc-section-end\"><\/span><\/h2>\n<p>Pri mednarodni selitvi je treba upo\u0161tevati \u0161e \u0161tevilne druge majhne in manj majhne pristojbine in stro\u0161ke. To lahko vklju\u010duje stvari, kot je nakup novega pohi\u0161tva, \u010de se selite iz dr\u017eave, kjer so opremljena stanovanja obi\u010dajna, v dr\u017eave, kot so ZDA ali Kanada, kjer je to redkost.<\/p>\n<p>Tudi \u010de imate lastno pohi\u0161tvo, boste morda morali kupiti nove naprave, saj se v razli\u010dnih dr\u017eavah uporabljajo razli\u010dne napetosti in\/ali imajo razli\u010dne vti\u010de. Uporaba napa\u010dne vrste aparata lahko po\u0161koduje va\u0161 elektri\u010dni sistem, zato pred selitvijo vedno preverite, ali je to potrebno. <\/p>\n<p>Nova obla\u010dila boste morda potrebovali tudi, \u010de se selite iz obmo\u010dja s hladnim vremenom v obmo\u010dje s toplim vremenom ali obratno. \u010ce \u017eelite izvedeti ve\u010d o tovrstnih stro\u0161kih, je najbolje, da se pozanimate o dolo\u010deni dr\u017eavi, v katero se selite.<\/p>\n<p>Zato smo pripravili nekaj posebnih vodnikov po dr\u017eavah, ki vam bodo pomagali izvedeti ve\u010d o stro\u0161kih v dr\u017eavi, v katero se boste preselili.   <\/p>","protected":false},"excerpt":{"rendered":"<p>Many people who move abroad are surprised a just how high international moving costs can be. Below we look at many of the expected and unexpected expenses you may face and how to save money. 1. Moving &#038; Transportation Costs The biggest single expense you&#8217;ll face is hiring an international moving company to move your [&hellip;]<\/p>\n","protected":false},"author":1,"featured_media":780,"parent":0,"menu_order":0,"comment_status":"closed","ping_status":"closed","template":"","meta":{"_genesis_hide_title":false,"_genesis_hide_breadcrumbs":false,"_genesis_hide_singular_image":false,"_genesis_hide_footer_widgets":false,"_genesis_custom_body_class":"","_genesis_custom_post_class":"","_genesis_layout":"","footnotes":""},"class_list":{"0":"post-414","1":"page","2":"type-page","3":"status-publish","4":"has-post-thumbnail","6":"entry"},"_links":{"self":[{"href":"https:\/\/moverdb.com\/sl\/wp-json\/wp\/v2\/pages\/414","targetHints":{"allow":["GET"]}}],"collection":[{"href":"https:\/\/moverdb.com\/sl\/wp-json\/wp\/v2\/pages"}],"about":[{"href":"https:\/\/moverdb.com\/sl\/wp-json\/wp\/v2\/types\/page"}],"author":[{"embeddable":true,"href":"https:\/\/moverdb.com\/sl\/wp-json\/wp\/v2\/users\/1"}],"replies":[{"embeddable":true,"href":"https:\/\/moverdb.com\/sl\/wp-json\/wp\/v2\/comments?post=414"}],"version-history":[{"count":15,"href":"https:\/\/moverdb.com\/sl\/wp-json\/wp\/v2\/pages\/414\/revisions"}],"predecessor-version":[{"id":13165,"href":"https:\/\/moverdb.com\/sl\/wp-json\/wp\/v2\/pages\/414\/revisions\/13165"}],"wp:featuredmedia":[{"embeddable":true,"href":"https:\/\/moverdb.com\/sl\/wp-json\/wp\/v2\/media\/780"}],"wp:attachment":[{"href":"https:\/\/moverdb.com\/sl\/wp-json\/wp\/v2\/media?parent=414"}],"curies":[{"name":"wp","href":"https:\/\/api.w.org\/{rel}","templated":true}]}}