{"id":3991,"date":"2022-05-18T23:49:05","date_gmt":"2022-05-18T23:49:05","guid":{"rendered":"https:\/\/moverdb.com\/?page_id=3991"},"modified":"2026-01-08T13:19:31","modified_gmt":"2026-01-08T13:19:31","slug":"banglades","status":"publish","type":"page","link":"https:\/\/moverdb.com\/sl\/container-shipping\/bangladesh\/","title":{"rendered":"2022 Cene pomorskega prevoza zabojnikov v Banglade\u0161 in iz njega"},"content":{"rendered":"<div class=\"wp-block-image\"><figure class=\"aligncenter size-full\"><img loading=\"lazy\" decoding=\"async\" width=\"1000\" height=\"667\" src=\"https:\/\/moverdb.com\/wp-content\/uploads\/dhaka-bangladesh.jpg\" alt=\"Pogled iz zraka na glavno mesto Banglade\u0161a - Dako.\" class=\"wp-image-3960\" srcset=\"https:\/\/moverdb.com\/wp-content\/uploads\/dhaka-bangladesh.jpg 1000w, https:\/\/moverdb.com\/wp-content\/uploads\/dhaka-bangladesh-300x200.jpg 300w, https:\/\/moverdb.com\/wp-content\/uploads\/dhaka-bangladesh-18x12.jpg 18w, https:\/\/moverdb.com\/wp-content\/uploads\/dhaka-bangladesh-600x400.jpg 600w\" sizes=\"auto, (max-width: 1000px) 100vw, 1000px\" \/><\/figure><\/div>\n\n\n\n<p>Poleg tega, da je dr\u017eava tretjega sveta, <strong><a href=\"https:\/\/moverdb.com\/sl\/moving-to-bangladesh\/\" data-internallinksmanager029f6b8e52c=\"419\" title=\"Selitev v Banglade\u0161? 2023 \u017divljenjski stro\u0161ki in nasveti za selitev\">Banglade\u0161<\/a><\/strong> je eno glavnih sredi\u0161\u010d zahodnih nalo\u017eb v 21. stoletju.<\/p>\n\n\n\n<p>Vrhunske panoge, kot so tekstilna, turisti\u010dna, ladjedelni\u0161ka, tehnolo\u0161ka in komunikacijska industrija, privabljajo \u0161tevilne izseljence, ki v tej dr\u017eavi razvijajo in \u0161irijo svoje poslovanje na morju.<\/p>\n\n\n\n<p>Poleg spodbud, povezanih z delom, ima Banglade\u0161 subtropsko podnebje, ki je zelo prijetno skozi vse leto, njegove naravne in zgodovinske znamenitosti pa so bogate in osupljive.<\/p>\n\n\n\n<p>\u010ce torej razmi\u0161ljate o selitvi v ali iz Dake, Chittagonga, Khulne ali katerega koli drugega kraja v Banglade\u0161u, vam lahko pomagamo z ugotovitvijo povpre\u010dne cene za ta podvig.<\/p>\n\n\n\n<p>V spodnjih tabelah so navedene cene za nekatere konce sveta, od koder morda prihajate ali kamor se \u017eelite preseliti iz Banglade\u0161a. Upo\u0161tevajte, da so to najni\u017eje cene v Banglade\u0161u. <a href=\"https:\/\/moverdb.com\/sl\/container-shipping\/\" data-internallinksmanager029f6b8e52c=\"3\" title=\"Mednarodni cenik prevozov zabojnikov: april 2026\">cene prevoza zabojnikov<\/a> ki smo jih lahko na\u0161li za 20' in 40' zabojnike - \u010de \u017eelite dobiti najbolj natan\u010dno ceno za svoje posebne zahteve, uporabite orodje za ponudbo na vrhu te strani.<\/p>\n\n\n\n<h2 class=\"wp-block-heading\">Stro\u0161ki po\u0161iljanja zabojnikov v Banglade\u0161 (Chittagong)<\/h2>\n\n\n\n<div class=\"wp-block-image\"><figure class=\"aligncenter size-large\"><img loading=\"lazy\" decoding=\"async\" width=\"1024\" height=\"539\" src=\"https:\/\/moverdb.com\/wp-content\/uploads\/Shipping-Container-Costs-to-Bangladesh-1024x539.png\" alt=\"Stro\u0161ki po\u0161iljanja zabojnikov v Banglade\u0161 (Chittagong)\" class=\"wp-image-3972\" srcset=\"https:\/\/moverdb.com\/wp-content\/uploads\/Shipping-Container-Costs-to-Bangladesh-1024x539.png 1024w, https:\/\/moverdb.com\/wp-content\/uploads\/Shipping-Container-Costs-to-Bangladesh-300x158.png 300w, https:\/\/moverdb.com\/wp-content\/uploads\/Shipping-Container-Costs-to-Bangladesh-1536x809.png 1536w, https:\/\/moverdb.com\/wp-content\/uploads\/Shipping-Container-Costs-to-Bangladesh-2048x1079.png 2048w, https:\/\/moverdb.com\/wp-content\/uploads\/Shipping-Container-Costs-to-Bangladesh-18x9.png 18w, https:\/\/moverdb.com\/wp-content\/uploads\/Shipping-Container-Costs-to-Bangladesh-600x316.png 600w\" sizes=\"auto, (max-width: 1024px) 100vw, 1024px\" \/><\/figure><\/div>\n\n\n\n<table id=\"tablepress-48\" class=\"tablepress tablepress-id-48\">\n<thead>\n<tr class=\"row-1\">\n\t<th class=\"column-1\">Namembna dr\u017eava (<a href=\"https:\/\/moverdb.com\/sl\/top-49-container-ports\/\" data-internallinksmanager029f6b8e52c=\"80\" title=\"Top 49 najve\u010djih in najbolj obremenjenih pristani\u0161\u010d za kontejnerje v letu 2025\">Pristani\u0161\u010de<\/a>\/Mesto)<\/th><th class=\"column-2\">20FT<\/th><th class=\"column-3\">40FT<\/th>\n<\/tr>\n<\/thead>\n<tbody class=\"row-striping row-hover\">\n<tr class=\"row-2\">\n\t<td class=\"column-1\"><a href=\"https:\/\/moverdb.com\/sl\/container-shipping\/andorra\/\" data-internallinksmanager029f6b8e52c=\"88\" title=\"2022 Cene pomorskega prevoza zabojnikov v Andoro in iz nje\">Andora (Andorra la Vella)<\/a><\/td><td class=\"column-2\">$1,864<\/td><td class=\"column-3\">$2,318<\/td>\n<\/tr>\n<tr class=\"row-3\">\n\t<td class=\"column-1\"><a href=\"https:\/\/moverdb.com\/sl\/container-shipping\/antigua-and-barbuda\/\" data-internallinksmanager029f6b8e52c=\"92\" title=\"2022 Cene pomorskega prevoza zabojnikov v Antigvo in Barbudo ter iz nje\">Antigva in Barbuda (St John's)<\/a><\/td><td class=\"column-2\">$814<\/td><td class=\"column-3\">$1,298<\/td>\n<\/tr>\n<tr class=\"row-4\">\n\t<td class=\"column-1\"><a href=\"https:\/\/moverdb.com\/sl\/container-shipping\/argentina\/\" data-internallinksmanager029f6b8e52c=\"91\" title=\"2022 Cene pomorskega prevoza zabojnikov v Argentino in iz nje\">Argentina (Buenos Aires)<\/a><\/td><td class=\"column-2\">$3,750<\/td><td class=\"column-3\">$5,690<\/td>\n<\/tr>\n<tr class=\"row-5\">\n\t<td class=\"column-1\"><a href=\"https:\/\/moverdb.com\/sl\/container-shipping\/australia\/\" data-internallinksmanager029f6b8e52c=\"89\" title=\"2026 Cene prevoza zabojnikov v Avstralijo in iz nje\">Avstralija (Sydney)<\/a><\/td><td class=\"column-2\">$8,053<\/td><td class=\"column-3\">NI RELEVANTNO<\/td>\n<\/tr>\n<tr class=\"row-6\">\n\t<td class=\"column-1\"><a href=\"https:\/\/moverdb.com\/sl\/container-shipping\/china\/\" data-internallinksmanager029f6b8e52c=\"105\" title=\"2022 Cene pomorskega prevoza zabojnikov v in iz Kitajske\">Kitajska (Peking)<\/a><\/td><td class=\"column-2\">$4,895<\/td><td class=\"column-3\">$9,345<\/td>\n<\/tr>\n<tr class=\"row-7\">\n\t<td class=\"column-1\">Kitajska (\u0160anghaj)<\/td><td class=\"column-2\">$4,015<\/td><td class=\"column-3\">$7,665<\/td>\n<\/tr>\n<tr class=\"row-8\">\n\t<td class=\"column-1\"><a href=\"https:\/\/moverdb.com\/sl\/container-shipping\/india\/\" data-internallinksmanager029f6b8e52c=\"125\" title=\"2022 Cene pomorskega prevoza zabojnikov v Indijo in iz nje\">Indija (Mumbaj)<\/a><\/td><td class=\"column-2\">$1,753<\/td><td class=\"column-3\">$3,213<\/td>\n<\/tr>\n<tr class=\"row-9\">\n\t<td class=\"column-1\"><a href=\"https:\/\/moverdb.com\/sl\/container-shipping\/indonesia\/\" data-internallinksmanager029f6b8e52c=\"126\" title=\"2022 Cene pomorskega prevoza zabojnikov v Indonezijo in iz nje\">Indonezija (D\u017eakarta)<\/a><\/td><td class=\"column-2\">$2,679<\/td><td class=\"column-3\">$4,574<\/td>\n<\/tr>\n<tr class=\"row-10\">\n\t<td class=\"column-1\">Laos (Vientiane)<\/td><td class=\"column-2\">$4,015<\/td><td class=\"column-3\">$7,665<\/td>\n<\/tr>\n<tr class=\"row-11\">\n\t<td class=\"column-1\"><a href=\"https:\/\/moverdb.com\/sl\/container-shipping\/malaysia\/\" data-internallinksmanager029f6b8e52c=\"148\" title=\"2022 Cene pomorskega prevoza zabojnikov v Malezijo in iz nje\">Malezija (pristani\u0161\u010de Kelang)<\/a><\/td><td class=\"column-2\">$2,365<\/td><td class=\"column-3\">$4,250<\/td>\n<\/tr>\n<tr class=\"row-12\">\n\t<td class=\"column-1\"><a href=\"https:\/\/moverdb.com\/sl\/container-shipping\/pakistan\/\" data-internallinksmanager029f6b8e52c=\"155\" title=\"2022 Cene pomorskega prevoza zabojnikov v Pakistan in iz njega\">Pakistan (Kara\u010di)<\/a><\/td><td class=\"column-2\">$2,750<\/td><td class=\"column-3\">$4,095<\/td>\n<\/tr>\n<tr class=\"row-13\">\n\t<td class=\"column-1\"><a href=\"https:\/\/moverdb.com\/sl\/container-shipping\/philippines\/\" data-internallinksmanager029f6b8e52c=\"156\" title=\"2022 Cene pomorskega prevoza zabojnikov v Filipine in iz njih\">Filipini (Manila)<\/a><\/td><td class=\"column-2\">$2,750<\/td><td class=\"column-3\">NI RELEVANTNO<\/td>\n<\/tr>\n<tr class=\"row-14\">\n\t<td class=\"column-1\"><a href=\"https:\/\/moverdb.com\/sl\/container-shipping\/singapore\/\" data-internallinksmanager029f6b8e52c=\"179\" title=\"2022 Cene pomorskega prevoza zabojnikov v Singapur in iz njega\">Singapur (Singapur)<\/a><\/td><td class=\"column-2\">$2,915<\/td><td class=\"column-3\">$5,565<\/td>\n<\/tr>\n<tr class=\"row-15\">\n\t<td class=\"column-1\"><a href=\"https:\/\/moverdb.com\/sl\/container-shipping\/south-africa\/\" data-internallinksmanager029f6b8e52c=\"185\" title=\"2022 Cene pomorskega prevoza zabojnikov v Ju\u017eno Afriko in iz nje\">Ju\u017ena Afrika (Durban)<\/a><\/td><td class=\"column-2\">$5,100<\/td><td class=\"column-3\">NI RELEVANTNO<\/td>\n<\/tr>\n<tr class=\"row-16\">\n\t<td class=\"column-1\"><a href=\"https:\/\/moverdb.com\/sl\/container-shipping\/south-korea\/\" data-internallinksmanager029f6b8e52c=\"180\" title=\"2022 Cene pomorskega prevoza zabojnikov v Ju\u017eno Korejo in iz nje\">Ju\u017ena Koreja (Busan)<\/a><\/td><td class=\"column-2\">$4,315<\/td><td class=\"column-3\">$6,870<\/td>\n<\/tr>\n<tr class=\"row-17\">\n\t<td class=\"column-1\"><a href=\"https:\/\/moverdb.com\/sl\/container-shipping\/spain\/\" data-internallinksmanager029f6b8e52c=\"182\" title=\"2022 Cene pomorskega prevoza zabojnikov v \u0160panijo in iz nje\">\u0160panija (Valencia)<\/a><\/td><td class=\"column-2\">$2,378<\/td><td class=\"column-3\">$3,369<\/td>\n<\/tr>\n<tr class=\"row-18\">\n\t<td class=\"column-1\"><a href=\"https:\/\/moverdb.com\/sl\/container-shipping\/thailand\/\" data-internallinksmanager029f6b8e52c=\"189\" title=\"2022 Cene pomorskega prevoza zabojnikov na Tajsko in iz Tajske\">Tajska (Laem Chabang)<\/a><\/td><td class=\"column-2\">$3,400<\/td><td class=\"column-3\">$5,477<\/td>\n<\/tr>\n<tr class=\"row-19\">\n\t<td class=\"column-1\"><a href=\"https:\/\/moverdb.com\/sl\/container-shipping\/uruguay\/\" data-internallinksmanager029f6b8e52c=\"194\" title=\"2022 Cene pomorskega prevoza zabojnikov v Urugvaj in iz njega\">Urugvaj (Montevideo)<\/a><\/td><td class=\"column-2\">$3,750<\/td><td class=\"column-3\">$5,690<\/td>\n<\/tr>\n<tr class=\"row-20\">\n\t<td class=\"column-1\"><a href=\"https:\/\/moverdb.com\/sl\/moving-to-the-united-states\/\" data-internallinksmanager029f6b8e52c=\"94\" title=\"Selitev v Zdru\u017eene dr\u017eave Amerike? 2022 \u017divljenjski stro\u0161ki in nasveti za selitev\">ZDA<\/a> (<a href=\"https:\/\/moverdb.com\/sl\/moving-to-los-angeles\/\" data-internallinksmanager029f6b8e52c=\"51\" title=\"Selitev v Los Angeles? 2026 Stro\u0161ki bivanja v Los Angelesu in nasveti za selitev\">Los Angeles<\/a>)<\/td><td class=\"column-2\">$835<\/td><td class=\"column-3\">$1,035<\/td>\n<\/tr>\n<tr class=\"row-21\">\n\t<td class=\"column-1\"><a href=\"https:\/\/moverdb.com\/sl\/container-shipping\/united-states\/\" data-internallinksmanager029f6b8e52c=\"87\" title=\"2022 Cene pomorskega prevoza zabojnikov v ZDA in iz njih\">ZDA (New York)<\/a><\/td><td class=\"column-2\">$2,253<\/td><td class=\"column-3\">$2,534<\/td>\n<\/tr>\n<\/tbody>\n<\/table>\n<!-- #tablepress-48 from cache -->\n\n\n\n<h2 class=\"wp-block-heading\">Stro\u0161ki po\u0161iljanja zabojnikov iz Banglade\u0161a (Chittagong)<\/h2>\n\n\n\n<div class=\"wp-block-image\"><figure class=\"aligncenter size-large\"><img loading=\"lazy\" decoding=\"async\" width=\"1024\" height=\"539\" src=\"https:\/\/moverdb.com\/wp-content\/uploads\/Shipping-Container-Costs-from-Bangladesh-1024x539.png\" alt=\"Stro\u0161ki po\u0161iljanja zabojnikov iz Banglade\u0161a (Chittagong)\" class=\"wp-image-3971\" srcset=\"https:\/\/moverdb.com\/wp-content\/uploads\/Shipping-Container-Costs-from-Bangladesh-1024x539.png 1024w, https:\/\/moverdb.com\/wp-content\/uploads\/Shipping-Container-Costs-from-Bangladesh-300x158.png 300w, https:\/\/moverdb.com\/wp-content\/uploads\/Shipping-Container-Costs-from-Bangladesh-1536x809.png 1536w, https:\/\/moverdb.com\/wp-content\/uploads\/Shipping-Container-Costs-from-Bangladesh-2048x1079.png 2048w, https:\/\/moverdb.com\/wp-content\/uploads\/Shipping-Container-Costs-from-Bangladesh-18x9.png 18w, https:\/\/moverdb.com\/wp-content\/uploads\/Shipping-Container-Costs-from-Bangladesh-600x316.png 600w\" sizes=\"auto, (max-width: 1024px) 100vw, 1024px\" \/><\/figure><\/div>\n\n\n\n<table id=\"tablepress-49\" class=\"tablepress tablepress-id-49\">\n<thead>\n<tr class=\"row-1\">\n\t<th class=\"column-1\">Namembna dr\u017eava (pristani\u0161\u010de\/mesto)<\/th><th class=\"column-2\">20FT<\/th><th class=\"column-3\">40FT<\/th>\n<\/tr>\n<\/thead>\n<tbody class=\"row-striping row-hover\">\n<tr class=\"row-2\">\n\t<td class=\"column-1\">Andora (Andorra la Vella)<\/td><td class=\"column-2\">$911<\/td><td class=\"column-3\">$1,138<\/td>\n<\/tr>\n<tr class=\"row-3\">\n\t<td class=\"column-1\">Argentina (Buenos Aires)<\/td><td class=\"column-2\">$9,373<\/td><td class=\"column-3\">$11,660<\/td>\n<\/tr>\n<tr class=\"row-4\">\n\t<td class=\"column-1\"><a href=\"https:\/\/moverdb.com\/sl\/container-shipping\/aruba\/\" data-internallinksmanager029f6b8e52c=\"90\" title=\"2022 Cene pomorskega prevoza zabojnikov v Arubo in iz nje\">Aruba (Oranjestad)<\/a><\/td><td class=\"column-2\">$9,373<\/td><td class=\"column-3\">$11,660<\/td>\n<\/tr>\n<tr class=\"row-5\">\n\t<td class=\"column-1\">Avstralija (Sydney)<\/td><td class=\"column-2\">$2,511<\/td><td class=\"column-3\">NI RELEVANTNO<\/td>\n<\/tr>\n<tr class=\"row-6\">\n\t<td class=\"column-1\"><a href=\"https:\/\/moverdb.com\/sl\/container-shipping\/austria\/\" data-internallinksmanager029f6b8e52c=\"95\" title=\"2022 Cene pomorskega prevoza zabojnikov v Avstrijo in iz nje\">Avstrija (Dunaj)<\/a><\/td><td class=\"column-2\">NI RELEVANTNO<\/td><td class=\"column-3\">$12,750<\/td>\n<\/tr>\n<tr class=\"row-7\">\n\t<td class=\"column-1\"><a href=\"https:\/\/moverdb.com\/sl\/container-shipping\/bahrain\/\" data-internallinksmanager029f6b8e52c=\"96\" title=\"2022 Cene pomorskega prevoza zabojnikov v Bahrajn in iz njega\">Bahrajn (Manama)<\/a><\/td><td class=\"column-2\">$2,090<\/td><td class=\"column-3\">NI RELEVANTNO<\/td>\n<\/tr>\n<tr class=\"row-8\">\n\t<td class=\"column-1\">Indija (Mumbaj)<\/td><td class=\"column-2\">$990<\/td><td class=\"column-3\">NI RELEVANTNO<\/td>\n<\/tr>\n<tr class=\"row-9\">\n\t<td class=\"column-1\"><a href=\"https:\/\/moverdb.com\/sl\/container-shipping\/kuwait\/\" data-internallinksmanager029f6b8e52c=\"135\" title=\"2022 Cene pomorskega prevoza zabojnikov v Kuvajt in iz njega\">Kuvajt (Shuwaikh)<\/a><\/td><td class=\"column-2\">$2,393<\/td><td class=\"column-3\">NI RELEVANTNO<\/td>\n<\/tr>\n<tr class=\"row-10\">\n\t<td class=\"column-1\"><a href=\"https:\/\/moverdb.com\/sl\/container-shipping\/maldives\/\" data-internallinksmanager029f6b8e52c=\"161\" title=\"2022 Cene pomorskega prevoza zabojnikov na Maldive in iz njih\">Maldivi (Male)<\/a><\/td><td class=\"column-2\">$110<\/td><td class=\"column-3\">NI RELEVANTNO<\/td>\n<\/tr>\n<tr class=\"row-11\">\n\t<td class=\"column-1\"><a href=\"https:\/\/moverdb.com\/sl\/container-shipping\/netherlands\/\" data-internallinksmanager029f6b8e52c=\"151\" title=\"2022 Cene pomorskega prevoza zabojnikov na Nizozemsko in iz nje\">Nizozemska (Rotterdam)<\/a><\/td><td class=\"column-2\">$6,492<\/td><td class=\"column-3\">$8,034<\/td>\n<\/tr>\n<tr class=\"row-12\">\n\t<td class=\"column-1\">Pakistan (Kara\u010di)<\/td><td class=\"column-2\">$3,808<\/td><td class=\"column-3\">NI RELEVANTNO<\/td>\n<\/tr>\n<tr class=\"row-13\">\n\t<td class=\"column-1\"><a href=\"https:\/\/moverdb.com\/sl\/container-shipping\/qatar\/\" data-internallinksmanager029f6b8e52c=\"159\" title=\"2022 Cene pomorskega prevoza zabojnikov v Katar in iz njega\">Katar (Doha)<\/a><\/td><td class=\"column-2\">$2,810<\/td><td class=\"column-3\">NI RELEVANTNO<\/td>\n<\/tr>\n<tr class=\"row-14\">\n\t<td class=\"column-1\"><a href=\"https:\/\/moverdb.com\/sl\/container-shipping\/saudi-arabia\/\" data-internallinksmanager029f6b8e52c=\"178\" title=\"2022 Cene pomorskega prevoza zabojnikov v Savdsko Arabijo in iz nje\">Savdska Arabija (D\u017eeda)<\/a><\/td><td class=\"column-2\">$6,977<\/td><td class=\"column-3\">NI RELEVANTNO<\/td>\n<\/tr>\n<tr class=\"row-15\">\n\t<td class=\"column-1\">Singapur (Singapur)<\/td><td class=\"column-2\">$110<\/td><td class=\"column-3\">NI RELEVANTNO<\/td>\n<\/tr>\n<tr class=\"row-16\">\n\t<td class=\"column-1\">\u0160panija (Valencia)<\/td><td class=\"column-2\">$6,932<\/td><td class=\"column-3\">$10,214<\/td>\n<\/tr>\n<tr class=\"row-17\">\n\t<td class=\"column-1\"><a href=\"https:\/\/moverdb.com\/sl\/container-shipping\/united-arab-emirates\/\" data-internallinksmanager029f6b8e52c=\"188\" title=\"2026 Cene prevoza zabojnikov v Zdru\u017eene arabske emirate in iz njih\">ZAE (Jebel Ali)<\/a><\/td><td class=\"column-2\">$1,705<\/td><td class=\"column-3\">$3,273<\/td>\n<\/tr>\n<tr class=\"row-18\">\n\t<td class=\"column-1\">ZDA (Los Angeles)<\/td><td class=\"column-2\">$8,080<\/td><td class=\"column-3\">$8,400<\/td>\n<\/tr>\n<tr class=\"row-19\">\n\t<td class=\"column-1\">ZDA (New York)<\/td><td class=\"column-2\">$3,753<\/td><td class=\"column-3\">$4,250<\/td>\n<\/tr>\n<\/tbody>\n<\/table>\n<!-- #tablepress-49 from cache -->\n\n\n\n<h3 class=\"wp-block-heading\">Opombe o podatkih:<\/h3>\n\n\n\n<ul class=\"wp-block-list\"><li>Vse \u0161tevilke $ so v ameri\u0161kih dolarjih (USD);<\/li><li>Cene so to\u010dne od za\u010detka leta 2022;<\/li><li>Zemljevidi v tem \u010dlanku so bili ustvarjeni z uporabo <a href=\"https:\/\/www.mapchart.net\" target=\"_blank\" rel=\"noreferrer noopener\">https:\/\/www.mapchart.net<\/a>. Zemljevide lahko prosto delite, \u010de navedete povezavo do <a href=\"https:\/\/moverdb.com\/sl\/\" target=\"_blank\" rel=\"noreferrer noopener\">MoverDB<\/a>;<\/li><li>Zgoraj navedene cene so le okvirne in se lahko od objave tega \u010dlanka (april 2022) spremenijo. Temeljijo na najni\u017eji ocenjeni stopnji iz <a href=\"https:\/\/www.icontainers.com\" target=\"_blank\" rel=\"noreferrer noopener\">https:\/\/www.icontainers.com<\/a> ali <a href=\"https:\/\/www.freightos.com\" target=\"_blank\" rel=\"noreferrer noopener\">https:\/\/www.freightos.com<\/a>;<\/li><li>\u010ce \u017eelite dobiti natan\u010dnej\u0161o predstavo o stro\u0161kih, uporabite obrazec za ponudbo na vrhu te strani;<\/li><li>Oglejte si tudi na\u0161 vodnik po <a href=\"https:\/\/moverdb.com\/sl\/kontejnersko-posiljanje\/\" target=\"_blank\" rel=\"noreferrer noopener\">mednarodni kontejnerski prevoz<\/a>.<\/li><\/ul>","protected":false},"excerpt":{"rendered":"<p>Besides being a third-world country, Bangladesh is one of the main hubs for western investments in the 21st century. Top industries such as the textile, tourism, shipbuilding, technology, and communication industry draw in a large number of expats in this country to develop and expand their offshore business. Other than the work-related incentives, Bangladesh has [&hellip;]<\/p>\n","protected":false},"author":2,"featured_media":3960,"parent":44,"menu_order":0,"comment_status":"open","ping_status":"closed","template":"","meta":{"_genesis_hide_title":false,"_genesis_hide_breadcrumbs":false,"_genesis_hide_singular_image":false,"_genesis_hide_footer_widgets":false,"_genesis_custom_body_class":"","_genesis_custom_post_class":"","_genesis_layout":"","footnotes":""},"class_list":{"0":"post-3991","1":"page","2":"type-page","3":"status-publish","4":"has-post-thumbnail","6":"entry"},"_links":{"self":[{"href":"https:\/\/moverdb.com\/sl\/wp-json\/wp\/v2\/pages\/3991","targetHints":{"allow":["GET"]}}],"collection":[{"href":"https:\/\/moverdb.com\/sl\/wp-json\/wp\/v2\/pages"}],"about":[{"href":"https:\/\/moverdb.com\/sl\/wp-json\/wp\/v2\/types\/page"}],"author":[{"embeddable":true,"href":"https:\/\/moverdb.com\/sl\/wp-json\/wp\/v2\/users\/2"}],"replies":[{"embeddable":true,"href":"https:\/\/moverdb.com\/sl\/wp-json\/wp\/v2\/comments?post=3991"}],"version-history":[{"count":2,"href":"https:\/\/moverdb.com\/sl\/wp-json\/wp\/v2\/pages\/3991\/revisions"}],"predecessor-version":[{"id":4022,"href":"https:\/\/moverdb.com\/sl\/wp-json\/wp\/v2\/pages\/3991\/revisions\/4022"}],"up":[{"embeddable":true,"href":"https:\/\/moverdb.com\/sl\/wp-json\/wp\/v2\/pages\/44"}],"wp:featuredmedia":[{"embeddable":true,"href":"https:\/\/moverdb.com\/sl\/wp-json\/wp\/v2\/media\/3960"}],"wp:attachment":[{"href":"https:\/\/moverdb.com\/sl\/wp-json\/wp\/v2\/media?parent=3991"}],"curies":[{"name":"wp","href":"https:\/\/api.w.org\/{rel}","templated":true}]}}