{"id":3842,"date":"2022-04-06T13:40:09","date_gmt":"2022-04-06T13:40:09","guid":{"rendered":"https:\/\/moverdb.com\/?page_id=3842"},"modified":"2026-01-08T14:47:23","modified_gmt":"2026-01-08T14:47:23","slug":"agenti-za-selitev","status":"publish","type":"page","link":"https:\/\/moverdb.com\/sl\/relocation-agents\/","title":{"rendered":"7 razlogov, zakaj bi morali uporabiti agenta za selitev?"},"content":{"rendered":"<p>Pravkar ste se prijavili na odli\u010dno novo delovno mesto na \u010dudoviti mednarodni lokaciji. Veseli\u0161 se, da se bo\u0161 preselil, in selitev v novo dr\u017eavo se sprva zdi vznemirljiva, a ko spozna\u0161, koliko stvari mora\u0161 narediti, da pride\u0161 tja, se ti lahko vse skupaj zdi precej zastra\u0161ujo\u010de.<\/p>\n<p><img loading=\"lazy\" decoding=\"async\" src=\"https:\/\/moverdb.com\/wp-content\/uploads\/relocation-agent.jpg\" alt=\"\" width=\"1000\" height=\"563\" class=\"aligncenter size-full wp-image-3845\" data-wp-pid=\"3845\" srcset=\"https:\/\/moverdb.com\/wp-content\/uploads\/relocation-agent.jpg 1000w, https:\/\/moverdb.com\/wp-content\/uploads\/relocation-agent-300x169.jpg 300w, https:\/\/moverdb.com\/wp-content\/uploads\/relocation-agent-18x10.jpg 18w, https:\/\/moverdb.com\/wp-content\/uploads\/relocation-agent-600x338.jpg 600w\" sizes=\"auto, (max-width: 1000px) 100vw, 1000px\" \/><\/p>\n<p>Oglejmo si nekaj stvari, ki jih boste morda morali re\u0161evati, \u010de se selite sami in \u010de uporabljate <a href=\"https:\/\/www.cornerstonelondon.com\/\" target=\"_blank\" rel=\"noopener\">agent za selitev<\/a>.<\/p>\n<div id=\"ez-toc-container\" class=\"ez-toc-v2_0_82_2 ez-toc-wrap-left counter-hierarchy ez-toc-counter ez-toc-transparent ez-toc-container-direction\">\n<div class=\"ez-toc-title-container\">\n<p class=\"ez-toc-title\" style=\"cursor:inherit\">Oddelki<\/p>\n<span class=\"ez-toc-title-toggle\"><a href=\"#\" class=\"ez-toc-pull-right ez-toc-btn ez-toc-btn-xs ez-toc-btn-default ez-toc-toggle\" aria-label=\"Toggle Tabela vsebine\"><span class=\"ez-toc-js-icon-con\"><span class=\"\"><span class=\"eztoc-hide\" style=\"display:none;\">Toggle<\/span><span class=\"ez-toc-icon-toggle-span\"><svg style=\"fill: #999;color:#999\" xmlns=\"http:\/\/www.w3.org\/2000\/svg\" class=\"list-377408\" width=\"20px\" height=\"20px\" viewbox=\"0 0 24 24\" fill=\"none\"><path d=\"M6 6H4v2h2V6zm14 0H8v2h12V6zM4 11h2v2H4v-2zm16 0H8v2h12v-2zM4 16h2v2H4v-2zm16 0H8v2h12v-2z\" fill=\"currentColor\"><\/path><\/svg><svg style=\"fill: #999;color:#999\" class=\"arrow-unsorted-368013\" xmlns=\"http:\/\/www.w3.org\/2000\/svg\" width=\"10px\" height=\"10px\" viewbox=\"0 0 24 24\" version=\"1.2\" baseprofile=\"tiny\"><path d=\"M18.2 9.3l-6.2-6.3-6.2 6.3c-.2.2-.3.4-.3.7s.1.5.3.7c.2.2.4.3.7.3h11c.3 0 .5-.1.7-.3.2-.2.3-.5.3-.7s-.1-.5-.3-.7zM5.8 14.7l6.2 6.3 6.2-6.3c.2-.2.3-.5.3-.7s-.1-.5-.3-.7c-.2-.2-.4-.3-.7-.3h-11c-.3 0-.5.1-.7.3-.2.2-.3.5-.3.7s.1.5.3.7z\"\/><\/svg><\/span><\/span><\/span><\/a><\/span><\/div>\n<nav><ul class='ez-toc-list ez-toc-list-level-1 eztoc-toggle-hide-by-default' ><li class='ez-toc-page-1 ez-toc-heading-level-2'><a class=\"ez-toc-link ez-toc-heading-1\" href=\"https:\/\/moverdb.com\/sl\/relocation-agents\/#1_Do_What_Needs_To_Be_Done\" >1. Naredite, kar je treba storiti<\/a><\/li><li class='ez-toc-page-1 ez-toc-heading-level-2'><a class=\"ez-toc-link ez-toc-heading-2\" href=\"https:\/\/moverdb.com\/sl\/relocation-agents\/#2_Shipping_Your_Household_Goods\" >2. Po\u0161iljanje gospodinjskega blaga<\/a><\/li><li class='ez-toc-page-1 ez-toc-heading-level-2'><a class=\"ez-toc-link ez-toc-heading-3\" href=\"https:\/\/moverdb.com\/sl\/relocation-agents\/#3_Where_To_Stay\" >3. Kje ostati<\/a><\/li><li class='ez-toc-page-1 ez-toc-heading-level-2'><a class=\"ez-toc-link ez-toc-heading-4\" href=\"https:\/\/moverdb.com\/sl\/relocation-agents\/#4_Finding_A_Home\" >4. Iskanje doma<\/a><\/li><li class='ez-toc-page-1 ez-toc-heading-level-2'><a class=\"ez-toc-link ez-toc-heading-5\" href=\"https:\/\/moverdb.com\/sl\/relocation-agents\/#5_School_Search\" >5. Iskanje \u0161ole<\/a><\/li><li class='ez-toc-page-1 ez-toc-heading-level-2'><a class=\"ez-toc-link ez-toc-heading-6\" href=\"https:\/\/moverdb.com\/sl\/relocation-agents\/#6_Pet_Travel\" >6. Potovanje hi\u0161nih ljubljen\u010dkov<\/a><\/li><li class='ez-toc-page-1 ez-toc-heading-level-2'><a class=\"ez-toc-link ez-toc-heading-7\" href=\"https:\/\/moverdb.com\/sl\/relocation-agents\/#7_And_what_else\" >7. In kaj \u0161e?<\/a><\/li><li class='ez-toc-page-1 ez-toc-heading-level-2'><a class=\"ez-toc-link ez-toc-heading-8\" href=\"https:\/\/moverdb.com\/sl\/relocation-agents\/#In_conclusion\" >Na koncu<\/a><\/li><\/ul><\/nav><\/div>\n<h2><span class=\"ez-toc-section\" id=\"1_Do_What_Needs_To_Be_Done\"><\/span>1. Naredite, kar je treba storiti<span class=\"ez-toc-section-end\"><\/span><\/h2>\n<p>\u010ce boste delali sami, boste morali poiskati podjetja, ki bodo poskrbela za vse. Kaj morate storiti, kdo bo to storil in kako boste vedeli, ali je dober, so glavna vpra\u0161anja, na katera boste morali odgovoriti. <\/p>\n<p>Ure in ure lahko porabite za pregledovanje mnenj na internetu, pa \u0161e vedno ne boste ugotovili, ali je podjetje, s katerim sodelujete, resni\u010dno ugledno (obstajajo namre\u010d la\u017ene ocene) in ali bo dejansko opravilo svoje delo. <\/p>\n<p>Poleg tega se morda niti ne zavedate, kaj vse morate vedeti in organizirati, zato lahko na videz majhne podrobnosti povzro\u010dijo veliko nesre\u010do v celotnem na\u010drtu selitve.<\/p>\n<p>Ko boste na\u0161li ljudi, ki bodo prevzeli naloge, ki jih morate opraviti, vas bo bolela glava, kako vse uskladiti ob pravem \u010dasu. <\/p>\n<p>Seveda lahko vse gospodinjske predmete prevzamete dan pred odhodom, toda kje boste spali, ko bodo va\u0161e postelje le\u017eale v zabojniku za shranjevanje in \u010dakale na odpremo? <\/p>\n<p>To je le eden od primerov, pri katerih je lahko pomo\u010d agenta za selitev resni\u010dno koristna. So izku\u0161eni strokovnjaki, zato bodo poznali vse pasti, s katerimi se boste verjetno sre\u010dali, in jih bodo lahko na\u010drtovali \u017ee veliko prej, preden bodo sploh postale te\u017eava. Stvari gredo veliko bolj gladko, \u010de so vklju\u010deni strokovnjaki!<\/p>\n<p>Agent za selitve ima na voljo celo vrsto vodenih in preverjenih stikov, za katere ve, da se lahko zanese nanje in zagotovi, da bo vse potekalo pravilno. Prav gotovo jih je \u017ee uporabil pri ne\u0161tetih selitvah in ve, da se lahko zanese na njihovo zanesljivo in brezhibno storitev.<\/p>\n<p>\u010ce uporabljate agencijo za selitev, je \u0161e vedno vredno spremljati, kateri stiki so odgovorni za posamezno nalogo, da boste vedeli, na koga se lahko obrnete z vpra\u0161anjem. <\/p>\n<p>Sestavite seznam ali preglednico vseh stikov, ki jih imate, vklju\u010dno z njihovimi imeni, e-po\u0161tnimi naslovi, telefonskimi \u0161tevilkami in, kar je najpomembneje, delom selitve, za katerega so odgovorni.<\/p>\n<p>Oglejmo si nekaj storitev, ki jih boste morda potrebovali...<\/p>\n<h2><span class=\"ez-toc-section\" id=\"2_Shipping_Your_Household_Goods\"><\/span>2. Po\u0161iljanje gospodinjskega blaga<span class=\"ez-toc-section-end\"><\/span><\/h2>\n<p>Vsakdo ima s seboj veliko prtljage, dobesedno. Kako torej vse va\u0161e stvari prenesete v nov dom?<\/p>\n<p>\u010ce imate s seboj le nekaj stvari, obla\u010dila in nekaj osebnih predmetov, se lahko izognete temu, da vse to vzamete s seboj kot odve\u010dno prtljago. <\/p>\n<p>\u010ce gre za kaj ve\u010djega, na primer pohi\u0161tvo ali velik televizor, boste morali uporabiti nekaj vrst gospodinjskih pripomo\u010dkov. <a href=\"https:\/\/moverdb.com\/sl\/kontejnersko-posiljanje\/\">storitev po\u0161iljanja<\/a>. <\/p>\n<p>Kak\u0161no storitev potrebujete? Ali vam bo zadostovala letalska po\u0161iljka ali boste potrebovali povr\u0161insko po\u0161iljko? Kak\u0161no vrsto zabojnika boste potrebovali, 20 \u010devljev? 40 \u010devljev? Morda oba!<\/p>\n<p>Vse to se zdi zelo zastra\u0161ujo\u010de, vendar se tu pojavi storitev po\u0161iljanja gospodinjskega blaga (HHG). Va\u0161 svetovalec za selitev vas bo povezal z <a href=\"https:\/\/moverdb.com\/sl\/ladjarska-podjetja\/\">podjetje za odpremo gospodinjskega blaga<\/a>. <\/p>\n<p>Obi\u010dajno je prvi korak organizacija pregleda va\u0161ega gospodinjskega blaga, da se ugotovi, kaj to\u010dno je treba <a href=\"https:\/\/moverdb.com\/sl\/shipping-container-sizes-and-dimensions\/\" data-internallinksmanager029f6b8e52c=\"247\" title=\"Kon\u010dni vodnik po velikostih in dimenzijah ladijskih zabojnikov\">velikost posode<\/a> ali velikosti, ki jih boste potrebovali. Dogovorili se bodo za dan, ko bodo zapakirali vse va\u0161e predmete na eni strani, in ko si boste zagotovili dolgoro\u010dno nepremi\u010dnino, bodo organizirali dan, ko vam bodo va\u0161e dragocene predmete tudi dostavili.<\/p>\n<h2><span class=\"ez-toc-section\" id=\"3_Where_To_Stay\"><\/span>3. Kje ostati<span class=\"ez-toc-section-end\"><\/span><\/h2>\n<p>Ker je najbolj\u0161a praksa, da si nepremi\u010dnino ogledate osebno, preden se zave\u017eete k enoletnemu ali dalj\u0161emu najemu, razen \u010de ste bili pred selitvijo na posebnem potovanju za iskanje doma in se odpravljate v popolnoma opremljeno nepremi\u010dnino, boste ob prvem prihodu potrebovali prostor za bivanje.<\/p>\n<p>Lahko rezervirate hotel, vendar \u010de se selite z vso dru\u017eino, boste v povpre\u010dnem obdobju 4 ali 5 tednov, kolikor traja selitev v dolgoro\u010dno nepremi\u010dnino, v razko\u0161nem apartmaju postali precej klavstrofobi\u010dni, razen \u010de ste rezervirali razko\u0161no sobo. To morda tudi ni najbolj ekonomi\u010dna mo\u017enost.<\/p>\n<p><a href=\"https:\/\/www.airbnb.co.uk\/\" target=\"_blank\" rel=\"noopener\">Airbnb<\/a> lahko pride v po\u0161tev tudi oskrbovano stanovanje. Prednost obeh je, da vam nudita prostor in opremo, ki sta primerljiva s tistimi, ki bi jih pri\u010dakovali v lastnem domu. <\/p>\n<p>Za tiste, ki ne poznate oskrbovanih apartmajev, povem, da so nekak\u0161na lepa vmesna to\u010dka med hotelom in dolgoro\u010dno nepremi\u010dnino. Obi\u010dajno vam nekdo pospravi stanovanje, morda enkrat na teden. <\/p>\n<p>Zamenjali vam bodo tudi posteljnino in brisa\u010de. Poleg tega lahko bivate v popolnoma opremljenem domu z vso potrebno kuhinjsko opremo in pripomo\u010dki, kot sta televizija in internet.<\/p>\n<p>Vendar pa, tako kot pri mnogih drugih stvareh, kako veste, ali bo oskrbovano stanovanje, v katerem nameravate bivati, dobro? Podjetja za selitve bodo svoje ponudnike uporabila \u017ee pri \u0161tevilnih selitvah, zato veste, da sodelujete z nekom, ki mu lahko zaupate, v devetih primerih od desetih pa bodo ponudniki glede na svoj odnos s ponudnikom nastanitve v primeru te\u017eav bolj motivirani za pomo\u010d!<\/p>\n<h2><span class=\"ez-toc-section\" id=\"4_Finding_A_Home\"><\/span>4. Iskanje doma<span class=\"ez-toc-section-end\"><\/span><\/h2>\n<p><img loading=\"lazy\" decoding=\"async\" width=\"1000\" height=\"665\" src=\"https:\/\/moverdb.com\/wp-content\/uploads\/findding-a-home.jpg\" alt=\"Iskanje doma\" class=\"aligncenter size-full wp-image-3847\" data-wp-pid=\"3847\" srcset=\"https:\/\/moverdb.com\/wp-content\/uploads\/findding-a-home.jpg 1000w, https:\/\/moverdb.com\/wp-content\/uploads\/findding-a-home-300x200.jpg 300w, https:\/\/moverdb.com\/wp-content\/uploads\/findding-a-home-18x12.jpg 18w, https:\/\/moverdb.com\/wp-content\/uploads\/findding-a-home-600x399.jpg 600w\" sizes=\"auto, (max-width: 1000px) 100vw, 1000px\" \/><\/p>\n<p>\u010ce se tega lotevate sami, boste morda morali prebirati neskon\u010dne sezname na spletnih mestih, kot so <a href=\"https:\/\/www.rightmove.co.uk\/\" target=\"_blank\" rel=\"noopener\">Rightmove<\/a> in . <a href=\"https:\/\/www.zoopla.co.uk\/\" target=\"_blank\" rel=\"noopener\">Zoopla<\/a> le da ugotovite, da je vse nepremi\u010dnine \u017ee zdavnaj izginila! <\/p>\n<p>Tudi \u010de boste na\u0161li nepremi\u010dnino za najem, ne boste imeli nobenih navodil o tem, kako naj bi vse potekalo, zato se boste la\u017eje pustili prevarati ali se ujeli v past in podpisali najemno pogodbo, ki za vas ni najbolj ugodna. Tudi \u010de ste \u017ee najemali v svoji dr\u017eavi, pravila in norme v drugi dr\u017eavi ne bodo nujno enaki. <\/p>\n<p>Na primer, v <a href=\"https:\/\/moverdb.com\/sl\/moving-to-the-uk\/\" data-internallinksmanager029f6b8e52c=\"93\" title=\"Selitev v Zdru\u017eeno kraljestvo? 2022 \u017divljenjski stro\u0161ki in nasveti za selitev\">ZDRU\u017dENO KRALJESTVO<\/a>, je obi\u010dajno, da imajo stanovanja, tudi neopremljena, popolnoma opremljeno kuhinjo z vsemi ve\u010djimi napravami, kot so pe\u010dica, kuhalna plo\u0161\u010da in hladilnik z zamrzovalnikom. <\/p>\n<p>Vendar pa je v <a href=\"https:\/\/moverdb.com\/sl\/moving-to-germany\/\" data-internallinksmanager029f6b8e52c=\"321\" title=\"Selitev v Nem\u010dijo? 2023 \u017divljenjski stro\u0161ki in nasveti za selitev\">Nem\u010dija<\/a>, boste morda morali ob vselitvi poskrbeti za lastno kuhinjo! V ve\u010dini dr\u017eav je obi\u010dajno, da agenti preverijo, ali si lahko privo\u0161\u010dite najem nepremi\u010dnine, vendar v <a href=\"https:\/\/moverdb.com\/sl\/moving-to-switzerland\/moving-to-geneva\/\" data-internallinksmanager029f6b8e52c=\"416\" title=\"Selitev v \u017denevo? 2023 \u017divljenjski stro\u0161ki in nasveti za selitev\">\u017deneva<\/a>, obstajajo stroge omejitve glede vi\u0161ine najemnine, ki so odvisne od va\u0161e pla\u010de, in sistem, ki zagotavlja, da najemniki ne najemajo pod svojimi zmo\u017enostmi in da cenej\u0161e nepremi\u010dnine niso dostopne tistim, ki si jih lahko privo\u0161\u010dijo.<\/p>\n<p>Tudi v tem primeru se izpla\u010da imeti agenta za selitev, ki ima na terenu lokalne svetovalce za iskanje domov. Poznali bodo lokalni trg ter vse posebnosti in nianse, na katere boste naleteli. <\/p>\n<p>Za vas bodo opravili raziskavo, pripravili na\u010drt dneva iskanja stanovanj in vas nato spremljali do vsake nepremi\u010dnine. Pri iskanju va\u0161ega novega doma se ne bodo zana\u0161ali le na spletne strani z nepremi\u010dninami! <\/p>\n<p>Obi\u010dajno imajo stike, s katerimi so \u017ee sodelovali pri razli\u010dnih lokalnih agencijah, in skupaj z njimi bi ugotovili, kaj imajo agenti na voljo, kar ustreza va\u0161im merilom ali je vsaj \u010dim bolj podobno temu, kar i\u0161\u010dete. <\/p>\n<p>Glede zadnje to\u010dke bodo vedeli, ali so va\u0161 prora\u010dun in \u017eelje realni, in vam ustrezno svetovali ali pa vas usmerili na obmo\u010dja, kjer boste imeli ve\u010dje mo\u017enosti, da najdete nepremi\u010dnino svojih sanj.<\/p>\n<p>Seveda se lahko tudi sami obrnete neposredno na posrednike, vendar ne smete pozabiti, da posredniki delajo za najemodajalce in njihova glavna prednostna naloga je skrb za njihove interese. Konec koncev so najemodajalci tisti, ki pla\u010dujejo agente. <\/p>\n<p>Po drugi strani pa svetovalci za iskanje stanovanj delajo za vas in samo za vas. Ne bodo zainteresirani za to, da bi vas napotili k dolo\u010deni nepremi\u010dnini, \u010de ne bodo menili, da je to v va\u0161em najbolj\u0161em interesu, predvsem zato, ker nikoli ne dobijo provizije. V bistvu so na va\u0161i strani in lahko se zanesete, da vas bodo usmerili v pravo smer.<\/p>\n<p>S svetovalcem za iskanje stanovanja boste dobili pomo\u010d in nasvete pri oddaji ponudbe, nato pa pomo\u010d pri vsem, kar sledi, vklju\u010dno s pregledom najemne pogodbe, da se prepri\u010date, da niste podpisali ne\u010desa, kar je za vas nepravi\u010dno. V bistvu vam bo nekdo na voljo za pomo\u010d, dokler se celoten postopek ne zaklju\u010di in se vse naseli!<\/p>\n<h2><span class=\"ez-toc-section\" id=\"5_School_Search\"><\/span>5. Iskanje \u0161ole<span class=\"ez-toc-section-end\"><\/span><\/h2>\n<p>\u010ce imate \u0161oloobvezne otroke, bo eden glavnih razlogov za selitev njihovo izobra\u017eevanje. Kje so dobre \u0161ole, kako se prijaviti in ali bo izbrana \u0161ola ustrezala posebnim potrebam va\u0161ega otroka ali otrok?<\/p>\n<p>To je \u0161e ena od stvari, ki jih lahko do neke mere raziskujete na spletu, vendar lahko brez strokovnjaka, ki bi razlagal podatke in podal dejanske povratne informacije iz resni\u010dnega sveta, pridete do povsem napa\u010dnega zaklju\u010dka o instituciji. <\/p>\n<p>Ker sta na kocki otrokova morebitna sre\u010da in dobro po\u010dutje, je oseba, ki vas lahko strokovno vodi skozi postopek izbire in nato prijave na \u0161olo, zagotovo neprecenljiva. <\/p>\n<p>Strokovnjaki s podro\u010dja \u0161olstva lahko zagotovijo ne le pomemben vpogled, temve\u010d tudi pomo\u010d pri razumevanju razlik v u\u010dnih na\u010drtih v posameznih dr\u017eavah, etosu dolo\u010denih vrst izobra\u017eevanja in ustanov ter po potrebi podporo otrokom, ki potrebujejo specializirano izobra\u017eevanje.<\/p>\n<h2><span class=\"ez-toc-section\" id=\"6_Pet_Travel\"><\/span>6. Potovanje hi\u0161nih ljubljen\u010dkov<span class=\"ez-toc-section-end\"><\/span><\/h2>\n<p><img loading=\"lazy\" decoding=\"async\" width=\"1000\" height=\"667\" src=\"https:\/\/moverdb.com\/wp-content\/uploads\/pet-travel.jpg\" alt=\"Potovanje hi\u0161nih ljubljen\u010dkov\" class=\"aligncenter size-full wp-image-3848\" data-wp-pid=\"3848\" srcset=\"https:\/\/moverdb.com\/wp-content\/uploads\/pet-travel.jpg 1000w, https:\/\/moverdb.com\/wp-content\/uploads\/pet-travel-300x200.jpg 300w, https:\/\/moverdb.com\/wp-content\/uploads\/pet-travel-18x12.jpg 18w, https:\/\/moverdb.com\/wp-content\/uploads\/pet-travel-600x400.jpg 600w\" sizes=\"auto, (max-width: 1000px) 100vw, 1000px\" \/><\/p>\n<p>Prav tako je treba razmisliti o tem, kako v novo dr\u017eavo pripeljati bolj kosmate \u010dlane dru\u017eine. Vse manj letalskih dru\u017eb danes dovoljuje, da hi\u0161ni ljubljen\u010dki potujejo v potni\u0161ki kabini, zato jih boste morali vse pogosteje preva\u017eati v prtlja\u017enem prostoru. <\/p>\n<p>Preden se bodo lahko preselili v va\u0161 novi dom, jih boste morda morali tudi cepiti in urediti vse potrebne dokumente ter opraviti druge birokratske postopke, ki so odvisni od namembnega kraja. <\/p>\n<p>Tudi v tem primeru lahko sami raziskujete in organizirate svoje potovanje, vendar vam bo posebna agencija, ki bo poskrbela za to, zagotovila, da bo va\u0161 hi\u0161ni ljubljen\u010dek varno pripotoval z vami. <\/p>\n<p>V potovalnih podjetjih za hi\u0161ne ljubljen\u010dke delajo ljubitelji \u017eivali, ki bodo poskrbeli, da bo za va\u0161ega ljubljen\u010dka poskrbljeno, kot da bi bil njihov lastnik. Sproti vas bodo obve\u0161\u010dali o njihovem napredku in vam pogosto celo poslali fotografije va\u0161ega ljubljen\u010dka, medtem ko ga ni pri vas, da boste vedeli, da je z njim dobro poskrbljeno.<\/p>\n<h2><span class=\"ez-toc-section\" id=\"7_And_what_else\"><\/span>7. In kaj \u0161e?<span class=\"ez-toc-section-end\"><\/span><\/h2>\n<p>Navedeno je le nekaj glavnih vidikov selitve, ki jih je treba organizirati. Morda boste potrebovali tudi pomo\u010d pri urejanju dav\u010dnega polo\u017eaja ali pa boste potrebovali najemno pohi\u0161tvo, da bi premostili obdobje med za\u010detkom najema in prihodom lastnega pohi\u0161tva. <\/p>\n<p>Zagotovo boste potrebovali pomo\u010d pri urejanju vizumov, delovnih dovoljenj in lokalnih registracij. Prav tako bo nujno potreben nasvet ali napotitev za odprtje ban\u010dnega ra\u010duna, da boste imeli kam nakazovati pla\u010do in od kod prejemati najemnino in komunalne storitve. <\/p>\n<p>Ko govorimo o komunalnih storitvah, kako jih vzpostaviti v novi dr\u017eavi, katere ponudnike morate uporabljati in kako dobiti najbolj\u0161e ponudbe? <\/p>\n<p>Vse to lahko povzro\u010di eno veliko te\u017eavo za drugo, vendar je z agentom za selitve vse preprosto. Nekatere od njih vam lahko celo uidejo iz glave, zato je izku\u0161eni strokovnjak, ki poskrbi za vse zadeve, neprecenljiv!<\/p>\n<h2><span class=\"ez-toc-section\" id=\"In_conclusion\"><\/span>Na koncu<span class=\"ez-toc-section-end\"><\/span><\/h2>\n<p>\u010ceprav lahko vse uredite sami brez selitvenega agenta, je to veliko bolj stresno, dolgotrajno in manj verjetno, da bo \u0161lo gladko, kot \u010de bi ga uporabili. \u010ceprav se nalo\u017eba v storitve selitvenega podjetja pogosto zdi velik za\u010detni stro\u0161ek, boste do konca selitve ugotovili, da vam bo to prihranilo \u010das, denar in stres!<\/p>\n<p>Selitev v nov dom v novem mestu v novi dr\u017eavi seveda povzro\u010di veliko tesnobe tudi pri izku\u0161enih selitvenih delavcih, zato je vredno pla\u010dati vse, kar lahko storite za zmanj\u0161anje, da ne omenjamo vsega trdega dela in \u010dasa, ki bi ga morali porabiti. <\/p>\n<p>Preprosto povedano, \u010de \u017eelite, da je selitev \u010dim la\u017eja, je agencija za selitve prava izbira!<\/p>\n<p><em>Ta \u010dlanek je zagotovila dru\u017eba Cornerstone s sede\u017eem v Londonu <a href=\"https:\/\/www.cornerstonelondon.com\/\" target=\"_blank\" rel=\"noopener\">agencija za selitev<\/a> pomo\u010d pri selitvah po vsem svetu.<\/em><\/p>","protected":false},"excerpt":{"rendered":"<p>You&#8217;ve just signed up for a fantastic new position in a glamourous international location. You&#8217;re looking forward to upping sticks, and moving to a new country seems exciting at first, but once you realise exactly how much you have to do in order to get there, it can all seem quite daunting. Let&#8217;s have a [&hellip;]<\/p>\n","protected":false},"author":1,"featured_media":3845,"parent":0,"menu_order":0,"comment_status":"closed","ping_status":"closed","template":"","meta":{"_genesis_hide_title":false,"_genesis_hide_breadcrumbs":false,"_genesis_hide_singular_image":false,"_genesis_hide_footer_widgets":false,"_genesis_custom_body_class":"","_genesis_custom_post_class":"","_genesis_layout":"","footnotes":""},"class_list":{"0":"post-3842","1":"page","2":"type-page","3":"status-publish","4":"has-post-thumbnail","6":"entry"},"_links":{"self":[{"href":"https:\/\/moverdb.com\/sl\/wp-json\/wp\/v2\/pages\/3842","targetHints":{"allow":["GET"]}}],"collection":[{"href":"https:\/\/moverdb.com\/sl\/wp-json\/wp\/v2\/pages"}],"about":[{"href":"https:\/\/moverdb.com\/sl\/wp-json\/wp\/v2\/types\/page"}],"author":[{"embeddable":true,"href":"https:\/\/moverdb.com\/sl\/wp-json\/wp\/v2\/users\/1"}],"replies":[{"embeddable":true,"href":"https:\/\/moverdb.com\/sl\/wp-json\/wp\/v2\/comments?post=3842"}],"version-history":[{"count":4,"href":"https:\/\/moverdb.com\/sl\/wp-json\/wp\/v2\/pages\/3842\/revisions"}],"predecessor-version":[{"id":3849,"href":"https:\/\/moverdb.com\/sl\/wp-json\/wp\/v2\/pages\/3842\/revisions\/3849"}],"wp:featuredmedia":[{"embeddable":true,"href":"https:\/\/moverdb.com\/sl\/wp-json\/wp\/v2\/media\/3845"}],"wp:attachment":[{"href":"https:\/\/moverdb.com\/sl\/wp-json\/wp\/v2\/media?parent=3842"}],"curies":[{"name":"wp","href":"https:\/\/api.w.org\/{rel}","templated":true}]}}