{"id":366,"date":"2016-05-22T20:25:26","date_gmt":"2016-05-22T20:25:26","guid":{"rendered":"http:\/\/moverdb.com\/?page_id=366"},"modified":"2026-01-08T14:47:18","modified_gmt":"2026-01-08T14:47:18","slug":"organizacije-zdruzenja","status":"publish","type":"page","link":"https:\/\/moverdb.com\/sl\/organizations-associations\/","title":{"rendered":"28 Organizacije in zdru\u017eenja za mednarodno selitev in po\u0161iljanje"},"content":{"rendered":"<p><img loading=\"lazy\" decoding=\"async\" width=\"720\" height=\"486\" src=\"https:\/\/moverdb.com\/wp-content\/uploads\/number-buttons.jpg\" alt=\"Organizacije in zdru\u017eenja za mednarodno selitev in prevoz\" class=\"aligncenter size-full wp-image-367\" srcset=\"https:\/\/moverdb.com\/wp-content\/uploads\/number-buttons.jpg 720w, https:\/\/moverdb.com\/wp-content\/uploads\/number-buttons-300x203.jpg 300w, https:\/\/moverdb.com\/wp-content\/uploads\/number-buttons-600x405.jpg 600w\" sizes=\"auto, (max-width: 720px) 100vw, 720px\" \/><\/p>\n<p>Spodaj je neiz\u010drpen seznam najpomembnej\u0161ih mednarodnih organizacij, zdru\u017eenj, shem, cehov, svetov itd.   <\/p>\n<ol>\n<li> <a href=\"https:\/\/moverdb.com\/sl\/iam\/\">Mednarodno zdru\u017eenje movers<\/a> (IAM) - <a href=\"https:\/\/moverdb.com\/sl\/iam\/\" data-internallinksmanager029f6b8e52c=\"23\" title=\"Pojasnila o Mednarodnem zdru\u017eenju gibalcev (IAM)\">Mednarodno zdru\u017eenje movers<\/a> (IAM) je globalno trgovinsko zdru\u017eenje, katerega \u010dlani opravljajo selitvene, \u0161pediterske, ladijske, logisti\u010dne in sorodne storitve.<\/li>\n<li> <a href=\"https:\/\/moverdb.com\/sl\/fidi-faim\/\">FIDI &amp; FIDI akreditirani mednarodni selitveni promet<\/a> (<a href=\"https:\/\/moverdb.com\/sl\/fidi-faim\/\" data-internallinksmanager029f6b8e52c=\"16\" title=\"Pojasnila o FIDI in FAIM (FIDI Accredited International Mover)\">FAIM<\/a>) - FIDI (F\u00e9d\u00e9ration Internationale des D\u00e9m\u00e9nageurs Internationaux; Federacija mednarodnih prevoznikov) je globalna krovna organizacija podjetij za mednarodne selitve in preme\u0161\u010danje.<\/li>\n<li> <a href=\"https:\/\/moverdb.com\/sl\/amsa\/\">Ameri\u0161ko zdru\u017eenje za selitve in skladi\u0161\u010denje<\/a> (AMSA) - <a href=\"https:\/\/moverdb.com\/sl\/amsa\/\" data-internallinksmanager029f6b8e52c=\"5\" title=\"Pojasnila o ameri\u0161kem zdru\u017eenju za selitve in skladi\u0161\u010denje (AMSA)\">Ameri\u0161ko zdru\u017eenje za selitve in skladi\u0161\u010denje<\/a> (AMSA) je nacionalno pano\u017eno zdru\u017eenje ameri\u0161ke industrije selitev.<\/li>\n<li> <a href=\"https:\/\/moverdb.com\/sl\/obrocnik\/\">Registrirani mednarodni selitveni delavec (RIM) \/ Mednarodni selitveni delavec ProMover<\/a> - Mednarodni <a href=\"https:\/\/moverdb.com\/sl\/rim-promover\/\" data-internallinksmanager029f6b8e52c=\"76\" title=\"Razlo\u017eeno certificiranje RIM International ProMover\">ProMover<\/a> certificiranje je del programa Registered International Mover (RIM), ki ga je vzpostavilo Ameri\u0161ko zdru\u017eenje za selitve in skladi\u0161\u010denje (AMSA).<\/li>\n<li> <a href=\"https:\/\/moverdb.com\/sl\/britansko-zdruzenje-odstranjevalcev\/\">Britansko zdru\u017eenje odstranjevalcev<\/a> (BAR) - <a href=\"https:\/\/moverdb.com\/sl\/british-association-of-removers\/\" data-internallinksmanager029f6b8e52c=\"9\" title=\"Pojasnila o Britanskem zdru\u017eenju izvajalcev selitev (BAR)\">Britansko zdru\u017eenje odstranjevalcev<\/a> (BAR) se opisuje kot \"priznan glas strokovne industrije selitvenih storitev\" in je klju\u010dni organ v <a href=\"https:\/\/moverdb.com\/sl\/moving-to-the-uk\/\" data-internallinksmanager029f6b8e52c=\"93\" title=\"Selitev v Zdru\u017eeno kraljestvo? 2022 \u017divljenjski stro\u0161ki in nasveti za selitev\">ZDRU\u017dENO KRALJESTVO<\/a> industrija gibanja.<\/li>\n<li> <a href=\"https:\/\/moverdb.com\/sl\/bar-overseas\/\">Skupina BAR Overseas<\/a> - <a href=\"https:\/\/moverdb.com\/sl\/bar-overseas\/\" data-internallinksmanager029f6b8e52c=\"10\" title=\"Pojasnila o skupini British Association of Removers (BAR) Overseas Group\">BAR Overseas<\/a> Skupina je del Britanskega zdru\u017eenja odstranjevalcev (BAR), ki si prizadeva za spodbujanje strokovne odli\u010dnosti v panogi odstranjevanja.<\/li>\n<li> <a href=\"https:\/\/moverdb.com\/sl\/mtc\/\">Movers Trading Club<\/a> (<a href=\"https:\/\/moverdb.com\/sl\/mtc\/\" data-internallinksmanager029f6b8e52c=\"30\" title=\"Movers Trading Club (MTC) pojasnjeno\">MTC<\/a>) - Za podjetja, ki so \u010dlani skupine BAR Overseas Group, za pomo\u010d pri zmanj\u0161anju <a href=\"https:\/\/moverdb.com\/sl\/stroski-selitve\/\">stro\u0161ki selitve<\/a> na <a href=\"https:\/\/moverdb.com\/sl\/moving-to-the-united-states\/\" data-internallinksmanager029f6b8e52c=\"94\" title=\"Selitev v Zdru\u017eene dr\u017eave Amerike? 2022 \u017divljenjski stro\u0161ki in nasveti za selitev\">ZDA<\/a> iz Zdru\u017eenega kraljestva.<\/li>\n<li> <a href=\"https:\/\/moverdb.com\/sl\/kanadsko-zdruzenje-prevoznikov\/\">Kanadsko zdru\u017eenje Movers<\/a> (CAM) - <a href=\"https:\/\/moverdb.com\/sl\/canadian-association-of-movers\/\" data-internallinksmanager029f6b8e52c=\"11\" title=\"Pojasnila o kanadskem zdru\u017eenju movers (CAM)\">Kanadsko zdru\u017eenje Movers<\/a> je . <a href=\"https:\/\/moverdb.com\/sl\/moving-to-canada\/\" data-internallinksmanager029f6b8e52c=\"265\" title=\"Selitev v Kanado? 2023 \u017divljenjski stro\u0161ki in nasveti za selitev\">Kanada<\/a>trgovinsko zdru\u017eenje, ki zastopa podjetja za selitve in skladi\u0161\u010denje. <\/li>\n<li> <a href=\"https:\/\/moverdb.com\/sl\/aima\/\">Avstralsko mednarodno zdru\u017eenje Movers<\/a> (AIMA) - V <a href=\"https:\/\/moverdb.com\/sl\/aima\/\" data-internallinksmanager029f6b8e52c=\"8\" title=\"Pojasnila o avstralskem zdru\u017eenju mednarodnih selitev (AIMA)\">Avstralsko mednarodno zdru\u017eenje Movers<\/a> (AIMA) se opisuje kot strokovni forum za <a href=\"https:\/\/moverdb.com\/sl\/international-removals\/\" data-internallinksmanager029f6b8e52c=\"27\" title=\"36 najbolj\u0161ih podjetij za mednarodne selitve v Zdru\u017eenem kraljestvu\">mednarodne selitve<\/a> industrija.<\/li>\n<li> <a href=\"https:\/\/moverdb.com\/sl\/afra\/\">Avstralsko zdru\u017eenje odstranjevalcev pohi\u0161tva<\/a> (AFRA) - <a href=\"https:\/\/moverdb.com\/sl\/afra\/\" data-internallinksmanager029f6b8e52c=\"7\" title=\"Pojasnila o Avstralskem zdru\u017eenju odstranjevalcev pohi\u0161tva (AFRA)\">Avstralsko zdru\u017eenje odstranjevalcev pohi\u0161tva<\/a> (AFRA) se opisuje kot predstavnik in regulator selitvene industrije v <a href=\"https:\/\/moverdb.com\/sl\/moving-to-australia\/living-in-australia\/\" data-internallinksmanager029f6b8e52c=\"240\" title=\"21 skrivnosti o \u017eivljenju v Avstraliji, ki jih morate poznati, preden se preselite\">Avstralija<\/a>.<\/li>\n<li> <a href=\"https:\/\/moverdb.com\/sl\/hgfaa\/\">Zdru\u017eenje ameri\u0161kih \u0161pediterjev za gospodinjsko blago<\/a> (HGFAA) - <a href=\"https:\/\/moverdb.com\/sl\/hgfaa\/\" data-internallinksmanager029f6b8e52c=\"21\" title=\"Razlaga Zdru\u017eenja \u0161pediterjev gospodinjskega blaga Amerike (HGFAA)\">Zdru\u017eenje ameri\u0161kih \u0161pediterjev za gospodinjsko blago<\/a> (HGFAA) se opisuje kot globalno zdru\u017eenje selitvenih podjetij, ki si prizadeva, da bi stranke med selitvijo prejele najbolj\u0161e mo\u017ene storitve.<\/li>\n<li> <a href=\"https:\/\/moverdb.com\/sl\/ncbfaa\/\">Nacionalno zdru\u017eenje ameri\u0161kih carinskih posrednikov in \u0161pediterjev<\/a> (NCBFAA) - <a href=\"https:\/\/moverdb.com\/sl\/ncbfaa\/\" data-internallinksmanager029f6b8e52c=\"73\" title=\"Nacionalno zdru\u017eenje ameri\u0161kih carinskih posrednikov in \u0161pediterjev (NCBFAA)\">Nacionalno zdru\u017eenje ameri\u0161kih carinskih posrednikov in \u0161pediterjev<\/a> (NCBFAA) velja za glasnik transportne logisti\u010dne industrije v Ameriki.<\/li>\n<li> <a href=\"https:\/\/moverdb.com\/sl\/lacma\/\">Latinskoameri\u0161ko in karibsko zdru\u017eenje mednarodnih prevoznikov<\/a> (LACMA) - <a href=\"https:\/\/moverdb.com\/sl\/lacma\/\" data-internallinksmanager029f6b8e52c=\"28\" title=\"Zdru\u017eenje mednarodnih prevoznikov iz Latinske Amerike in Karibov (LACMA)\">Latinskoameri\u0161ko in karibsko zdru\u017eenje mednarodnih prevoznikov<\/a> (LACIMA) predstavlja zdru\u017eenje podjetij, ki se ukvarjajo s selitvami, z namenom spodbujanja integracije lokalnih podjetij in drugih podjetij po svetu.<\/li>\n<li> <a href=\"https:\/\/moverdb.com\/sl\/iata\/\">Mednarodno zdru\u017eenje za zra\u010dni promet<\/a> (IATA) - <a href=\"https:\/\/moverdb.com\/sl\/iata\/\" data-internallinksmanager029f6b8e52c=\"22\" title=\"Pojasnila Mednarodnega zdru\u017eenja za zra\u010dni promet (IATA)\">Mednarodno zdru\u017eenje za zra\u010dni promet<\/a> (IATA) je globalno trgovinsko zdru\u017eenje svetovnih letalskih prevoznikov. Njegovo poslanstvo je voditi in slu\u017eiti svojim \u010dlanom ter zastopati njihove interese na na\u010din, ki spodbuja industrijo letali\u0161kega prometa.<\/li>\n<li> <a href=\"https:\/\/moverdb.com\/sl\/euromovers\/\">Evropsko partnerstvo prevoznikov (EUROMOVERS International)<\/a> - <a href=\"https:\/\/moverdb.com\/sl\/euromovers\/\" data-internallinksmanager029f6b8e52c=\"12\" title=\"Pojasnila o partnerstvu evropskih prevoznikov (EUROMOVERS International)\">Euromovers<\/a> ima sede\u017e v <a href=\"https:\/\/moverdb.com\/sl\/moving-to-luxembourg\/\" data-internallinksmanager029f6b8e52c=\"349\" title=\"Selitev v Luksemburg? 2023 \u017divljenjski stro\u0161ki in nasveti za selitev\">Luksemburg<\/a> in jo sestavljajo \u0161tevilni vodilni <a href=\"https:\/\/moverdb.com\/sl\/moving-companies\/\" data-internallinksmanager029f6b8e52c=\"79\" title=\"Top 25 Mednarodne selitve podjetja Online\">mednarodna selitvena podjetja<\/a> ki so se povezali v mre\u017eo na podlagi skupnih standardov, vizije in usmeritev.<\/li>\n<li> <a href=\"https:\/\/moverdb.com\/sl\/svet-za-premestitev-zaposlenih\/\">ERC po vsem svetu<\/a> (Svet za premestitev zaposlenih) - <a href=\"https:\/\/moverdb.com\/sl\/employee-relocation-council\/\" data-internallinksmanager029f6b8e52c=\"83\" title=\"Svet za premestitev zaposlenih (ERC) po svetu\">Svet za premestitev zaposlenih po vsem svetu<\/a> (ERC) se opisuje kot zdru\u017eenje za mobilnost delovne sile za strokovnjake, ki nadzorujejo, upravljajo ali podpirajo doma\u010de in mednarodne premestitve zaposlenih v ZDA.<\/li>\n<li> <a href=\"https:\/\/moverdb.com\/sl\/harmony-relocation-network\/\">Harmony Relocation Network<\/a> - The <a href=\"https:\/\/moverdb.com\/sl\/harmony-relocation-network\/\" data-internallinksmanager029f6b8e52c=\"20\" title=\"Pojasnila o mre\u017ei za premestitev Harmony (HRN)\">Harmony Relocation Network<\/a> (HRN) je skupina partnerskih podjetij, ki je bila ustanovljena z namenom vzpostavitve vseevropske mre\u017ee za globalne selitve.<\/li>\n<li> <a href=\"https:\/\/moverdb.com\/sl\/eura\/\">Evropsko zdru\u017eenje za preseljevanje<\/a> (EuRA) - <a href=\"https:\/\/moverdb.com\/sl\/eura\/\" data-internallinksmanager029f6b8e52c=\"13\" title=\"Pojasnila o Evropskem zdru\u017eenju za preseljevanje (EuRA)\">Evropsko zdru\u017eenje za preseljevanje<\/a> (EuRA) promovira prednosti strokovno vodenih storitev selitve in mobilnosti za podjetja z globalno mobilnimi zaposlenimi.<\/li>\n<li> <a href=\"https:\/\/moverdb.com\/sl\/association-relocation-professionals\/\">Zdru\u017eenje strokovnjakov za premestitev<\/a> (ARP) - <a href=\"https:\/\/moverdb.com\/sl\/association-relocation-professionals\/\" data-internallinksmanager029f6b8e52c=\"6\" title=\"Pojasnila o Zdru\u017eenju strokovnjakov za preseljevanje (ARP)\">Zdru\u017eenje strokovnjakov za premestitev<\/a> (ARP) je strokovni organ za industrijo selitev v Zdru\u017eenem kraljestvu.<\/li>\n<li> <a href=\"https:\/\/moverdb.com\/sl\/rios\/\">Shema varuha \u010dlovekovih pravic v panogi selitev<\/a> (<a href=\"https:\/\/moverdb.com\/sl\/rios\/\" data-internallinksmanager029f6b8e52c=\"75\" title=\"Pojasnila o sistemu varuha \u010dlovekovih pravic v panogi selitev (RIOS)\">RIOS<\/a>) - Sistem varuha \u010dlovekovih pravic v panogi selitev (RIOS) obravnava prito\u017ebe, ki se nana\u0161ajo na podjetja iz panoge selitev v Zdru\u017eenem kraljestvu.<\/li>\n<li> <a href=\"https:\/\/moverdb.com\/sl\/fedemac\/\">Zveza evropskih zdru\u017eenj movers<\/a> (FEDEMAC) - <a href=\"https:\/\/moverdb.com\/sl\/fedemac\/\" data-internallinksmanager029f6b8e52c=\"15\" title=\"Pojasnila o Zvezi evropskih zdru\u017eenj za selitve (FEDEMAC)\">Zveza evropskih zdru\u017eenj movers<\/a> (FEDEMAC) je evropski organ, ki je bil ustanovljen za spodbujanje industrije selitvenih vozil na evropski ravni.<\/li>\n<li> <a href=\"https:\/\/moverdb.com\/sl\/zdruzenje-za-prevoz-tovora\/\">Zdru\u017eenje za tovorni promet<\/a> (sporazum o prosti trgovini) - <a href=\"https:\/\/moverdb.com\/sl\/freight-transport-association\/\" data-internallinksmanager029f6b8e52c=\"18\" title=\"Pojasnila o Zdru\u017eenju za tovorni promet (FTA)\">Zdru\u017eenje za tovorni promet<\/a> (FTA) je bila ustanovljena za zastopanje interesov logisti\u010dnih podjetij, ki preva\u017eajo blago po morju, zraku, cesti ali \u017eeleznici.<\/li>\n<li> <a href=\"https:\/\/moverdb.com\/sl\/eurovan-movers\/\">Eurovan International Movers Network<\/a> - <a href=\"https:\/\/moverdb.com\/sl\/eurovan-movers\/\" data-internallinksmanager029f6b8e52c=\"14\" title=\"Eurovan International Movers Network (EM) Razlo\u017eeno\">Eurovan International Movers Network<\/a> (EM) je mre\u017ea neodvisnih lokalnih prevoznikov s sede\u017eem v <a href=\"https:\/\/moverdb.com\/sl\/moving-to-germany\/\" data-internallinksmanager029f6b8e52c=\"321\" title=\"Selitev v Nem\u010dijo? 2023 \u017divljenjski stro\u0161ki in nasveti za selitev\">Nem\u010dija<\/a>. Omre\u017eje je zasnovano kot odziv na potrebo po zagotavljanju dosledne ravni storitev za mednarodne selitve, ki lahko potekajo prek ve\u010d dr\u017eav.<\/li>\n<li> <a href=\"https:\/\/moverdb.com\/sl\/ngrs\/\">Nacionalni ceh izvajalcev selitev in skladi\u0161\u010dnikov<\/a> (NGRS) - <a href=\"https:\/\/moverdb.com\/sl\/ngrs\/\" data-internallinksmanager029f6b8e52c=\"74\" title=\"Pojasnila o Nacionalnem cehu izvajalcev selitev in skladi\u0161\u010dnikov (NGRS)\">Nacionalni ceh izvajalcev selitev in skladi\u0161\u010dnikov<\/a> (NGRS) je bil ustanovljen z namenom, da bi zagotovil nekaj predpisov za industrijo selitev in skladi\u0161\u010denja v Zdru\u017eenem kraljestvu.<\/li>\n<li> <a href=\"https:\/\/moverdb.com\/sl\/mednarodna-maritime-organizacija\/\">Mednarodna pomorska organizacija<\/a> (IMO) - <a href=\"https:\/\/moverdb.com\/sl\/international-maritime-organisation\/\" data-internallinksmanager029f6b8e52c=\"24\" title=\"Pojasnila o Mednarodni pomorski organizaciji (IMO)\">Mednarodna pomorska organizacija<\/a> (IMO) je agencija ZN s sede\u017eem v Zdru\u017eenem kraljestvu, ki je odgovorna za urejanje ladijskega prometa.<\/li>\n<li> <a href=\"https:\/\/moverdb.com\/sl\/svetovni-svet-za-ladijski-promet\/\">Svetovni svet za pomorstvo<\/a> (WSC) - <a href=\"https:\/\/moverdb.com\/sl\/world-shipping-council\/\" data-internallinksmanager029f6b8e52c=\"82\" title=\"Pojasnila o Svetovnem svetu za pomorski promet (WSC)\">Svetovni svet za pomorstvo<\/a> (WSC) predstavlja glas industrije linijskih prevozov.<\/li>\n<li> <a href=\"https:\/\/moverdb.com\/sl\/world-customs-organization\/\">Svetovna carinska organizacija<\/a> (<a href=\"https:\/\/moverdb.com\/sl\/world-customs-organization\/\" data-internallinksmanager029f6b8e52c=\"81\" title=\"Razlaga Svetovne carinske organizacije (WCO)\">WCO<\/a>) - Svetovna carinska organizacija (WCO) je neodvisen medvladni organ, ki je glasnik carinske skupnosti. <\/li>\n<li> <a href=\"https:\/\/moverdb.com\/sl\/mednarodna-zbornica-za-ladijski-promet\/\">Mednarodna pomorska zbornica<\/a> (ICS) -  <a href=\"https:\/\/moverdb.com\/sl\/international-chamber-shipping\/\" data-internallinksmanager029f6b8e52c=\"78\" title=\"Razlaga Mednarodne pomorske zbornice (ICS)\">Mednarodna pomorska zbornica<\/a> (ICS) je trgovinsko zdru\u017eenje, ki prek nacionalnih zdru\u017eenj lastnikov ladij zastopa lastnike in upravljavce ladij. <\/li>\n<\/ol>","protected":false},"excerpt":{"rendered":"<p>Below is a non-exhaustive list of the most important international moving &#038; shipping organizations, associations, schemes, guilds, councils etc. International Association of Movers (IAM) &#8211; The International Association of Movers (IAM) is a global trade body with members who provide moving, forwarding, shipping, logistics, and related services. FIDI &#038; FIDI Accredited International Mover (FAIM) &#8211; [&hellip;]<\/p>\n","protected":false},"author":1,"featured_media":367,"parent":0,"menu_order":0,"comment_status":"closed","ping_status":"closed","template":"","meta":{"_genesis_hide_title":false,"_genesis_hide_breadcrumbs":false,"_genesis_hide_singular_image":false,"_genesis_hide_footer_widgets":false,"_genesis_custom_body_class":"","_genesis_custom_post_class":"","_genesis_layout":"","footnotes":""},"class_list":{"0":"post-366","1":"page","2":"type-page","3":"status-publish","4":"has-post-thumbnail","6":"entry"},"_links":{"self":[{"href":"https:\/\/moverdb.com\/sl\/wp-json\/wp\/v2\/pages\/366","targetHints":{"allow":["GET"]}}],"collection":[{"href":"https:\/\/moverdb.com\/sl\/wp-json\/wp\/v2\/pages"}],"about":[{"href":"https:\/\/moverdb.com\/sl\/wp-json\/wp\/v2\/types\/page"}],"author":[{"embeddable":true,"href":"https:\/\/moverdb.com\/sl\/wp-json\/wp\/v2\/users\/1"}],"replies":[{"embeddable":true,"href":"https:\/\/moverdb.com\/sl\/wp-json\/wp\/v2\/comments?post=366"}],"version-history":[{"count":29,"href":"https:\/\/moverdb.com\/sl\/wp-json\/wp\/v2\/pages\/366\/revisions"}],"predecessor-version":[{"id":1342,"href":"https:\/\/moverdb.com\/sl\/wp-json\/wp\/v2\/pages\/366\/revisions\/1342"}],"wp:featuredmedia":[{"embeddable":true,"href":"https:\/\/moverdb.com\/sl\/wp-json\/wp\/v2\/media\/367"}],"wp:attachment":[{"href":"https:\/\/moverdb.com\/sl\/wp-json\/wp\/v2\/media?parent=366"}],"curies":[{"name":"wp","href":"https:\/\/api.w.org\/{rel}","templated":true}]}}